{"id":17243,"date":"2025-07-13T11:36:52","date_gmt":"2025-07-13T09:36:52","guid":{"rendered":"https:\/\/serveiseducatius.xtec.cat\/lescorts\/?page_id=17243"},"modified":"2025-07-13T17:07:54","modified_gmt":"2025-07-13T15:07:54","slug":"subscripcio-a-la-portada-i-al-butlleti-digital","status":"publish","type":"page","link":"https:\/\/serveiseducatius.xtec.cat\/lescorts\/mes\/subscripcio-a-la-portada-i-al-butlleti-digital\/","title":{"rendered":"Subscripci\u00f3 a la portada i al Butllet\u00ed digital"},"content":{"rendered":"\n<figure class=\"wp-block-image alignleft is-resized\"><img loading=\"lazy\" decoding=\"async\" width=\"539\" height=\"316\" src=\"https:\/\/serveiseducatius.xtec.cat\/lescorts\/wp-content\/uploads\/usu1169\/2022\/11\/butlleti-servei-educatiu-les-corts-e1752399328383.png\" alt=\"\" class=\"wp-image-15112\" style=\"width:448px;height:auto\" srcset=\"https:\/\/serveiseducatius.xtec.cat\/lescorts\/wp-content\/uploads\/usu1169\/2022\/11\/butlleti-servei-educatiu-les-corts-e1752399328383.png 539w, https:\/\/serveiseducatius.xtec.cat\/lescorts\/wp-content\/uploads\/usu1169\/2022\/11\/butlleti-servei-educatiu-les-corts-e1752399328383-300x176.png 300w\" sizes=\"auto, (max-width: 539px) 100vw, 539px\" \/><\/figure>\n\n\n\n<p>Al Servei Educatiu de Les Corts hem habilitat un<strong> formulari de subscripci\u00f3<\/strong> per fer-vos arribar de forma immediata totes les not\u00edcies i informacions importants als centres educatius i als docents. Tots els articles que es publiquen al web del SE s\u2019envien de forma autom\u00e0tica tant al canal de Telegram com al vostre correu electr\u00f2nic si pr\u00e8viament us hi heu subscrit.<\/p>\n\n\n\n<p>Per realitzar la subscripci\u00f3\u00a0 heu d\u2019anar al <a href=\"https:\/\/serveiseducatius.xtec.cat\/lescorts\" rel=\"noopener noreferrer\">web<\/a> del Servei Educatiu i a la banda lateral esquerra de la portada trobareu el formulari d\u2019inscripci\u00f3. D&#8217;aquesta manera rebreu directament el butllet\u00ed, de forma quinzenal, i les not\u00edcies web al vostre compte de correu.<\/p>\n\n\n\n<p><\/p>\n","protected":false},"excerpt":{"rendered":"<p>Al Servei Educatiu de Les Corts hem habilitat un formulari de subscripci\u00f3 per fer-vos arribar de forma immediata totes les not\u00edcies i informacions importants als centres educatius i als docents. Tots els articles que es publiquen al web del SE s\u2019envien de forma autom\u00e0tica tant al canal de Telegram com al vostre correu electr\u00f2nic si [&hellip;]<\/p>\n","protected":false},"author":1,"featured_media":0,"parent":17230,"menu_order":0,"comment_status":"closed","ping_status":"closed","template":"","meta":{"_bbp_topic_count":0,"_bbp_reply_count":0,"_bbp_total_topic_count":0,"_bbp_total_reply_count":0,"_bbp_voice_count":0,"_bbp_anonymous_reply_count":0,"_bbp_topic_count_hidden":0,"_bbp_reply_count_hidden":0,"_bbp_forum_subforum_count":0,"site-sidebar-layout":"default","site-content-layout":"","ast-site-content-layout":"default","site-content-style":"default","site-sidebar-style":"default","ast-global-header-display":"","ast-banner-title-visibility":"","ast-main-header-display":"","ast-hfb-above-header-display":"","ast-hfb-below-header-display":"","ast-hfb-mobile-header-display":"","site-post-title":"","ast-breadcrumbs-content":"","ast-featured-img":"","footer-sml-layout":"","theme-transparent-header-meta":"default","adv-header-id-meta":"","stick-header-meta":"","header-above-stick-meta":"","header-main-stick-meta":"","header-below-stick-meta":"","astra-migrate-meta-layouts":"set","ast-page-background-enabled":"default","ast-page-background-meta":{"desktop":{"background-color":"var(--ast-global-color-4)","background-image":"","background-repeat":"repeat","background-position":"center center","background-size":"auto","background-attachment":"scroll","background-type":"","background-media":"","overlay-type":"","overlay-color":"","overlay-opacity":"","overlay-gradient":""},"tablet":{"background-color":"","background-image":"","background-repeat":"repeat","background-position":"center center","background-size":"auto","background-attachment":"scroll","background-type":"","background-media":"","overlay-type":"","overlay-color":"","overlay-opacity":"","overlay-gradient":""},"mobile":{"background-color":"","background-image":"","background-repeat":"repeat","background-position":"center center","background-size":"auto","background-attachment":"scroll","background-type":"","background-media":"","overlay-type":"","overlay-color":"","overlay-opacity":"","overlay-gradient":""}},"ast-content-background-meta":{"desktop":{"background-color":"var(--ast-global-color-5)","background-image":"","background-repeat":"repeat","background-position":"center center","background-size":"auto","background-attachment":"scroll","background-type":"","background-media":"","overlay-type":"","overlay-color":"","overlay-opacity":"","overlay-gradient":""},"tablet":{"background-color":"var(--ast-global-color-5)","background-image":"","background-repeat":"repeat","background-position":"center center","background-size":"auto","background-attachment":"scroll","background-type":"","background-media":"","overlay-type":"","overlay-color":"","overlay-opacity":"","overlay-gradient":""},"mobile":{"background-color":"var(--ast-global-color-5)","background-image":"","background-repeat":"repeat","background-position":"center center","background-size":"auto","background-attachment":"scroll","background-type":"","background-media":"","overlay-type":"","overlay-color":"","overlay-opacity":"","overlay-gradient":""}},"footnotes":""},"class_list":["post-17243","page","type-page","status-publish","hentry"],"post_mailing_queue_ids":[],"_links":{"self":[{"href":"https:\/\/serveiseducatius.xtec.cat\/lescorts\/wp-json\/wp\/v2\/pages\/17243","targetHints":{"allow":["GET"]}}],"collection":[{"href":"https:\/\/serveiseducatius.xtec.cat\/lescorts\/wp-json\/wp\/v2\/pages"}],"about":[{"href":"https:\/\/serveiseducatius.xtec.cat\/lescorts\/wp-json\/wp\/v2\/types\/page"}],"author":[{"embeddable":true,"href":"https:\/\/serveiseducatius.xtec.cat\/lescorts\/wp-json\/wp\/v2\/users\/1"}],"replies":[{"embeddable":true,"href":"https:\/\/serveiseducatius.xtec.cat\/lescorts\/wp-json\/wp\/v2\/comments?post=17243"}],"version-history":[{"count":6,"href":"https:\/\/serveiseducatius.xtec.cat\/lescorts\/wp-json\/wp\/v2\/pages\/17243\/revisions"}],"predecessor-version":[{"id":17302,"href":"https:\/\/serveiseducatius.xtec.cat\/lescorts\/wp-json\/wp\/v2\/pages\/17243\/revisions\/17302"}],"up":[{"embeddable":true,"href":"https:\/\/serveiseducatius.xtec.cat\/lescorts\/wp-json\/wp\/v2\/pages\/17230"}],"wp:attachment":[{"href":"https:\/\/serveiseducatius.xtec.cat\/lescorts\/wp-json\/wp\/v2\/media?parent=17243"}],"curies":[{"name":"wp","href":"https:\/\/api.w.org\/{rel}","templated":true}]}}