{"id":16959,"date":"2025-02-26T13:15:14","date_gmt":"2025-02-26T12:15:14","guid":{"rendered":"https:\/\/serveiseducatius.xtec.cat\/lescorts\/?page_id=16959"},"modified":"2026-04-22T15:33:27","modified_gmt":"2026-04-22T13:33:27","slug":"matinal-de-radio-daules-dacollida-de-les-corts","status":"publish","type":"page","link":"https:\/\/serveiseducatius.xtec.cat\/lescorts\/activitats-de-dinamitzacio\/matinal-de-radio-daules-dacollida-de-les-corts\/","title":{"rendered":"Matinal de r\u00e0dio d&#8217;aules d&#8217;acollida de Les Corts"},"content":{"rendered":"<pre><strong>Referents de l\u2019activitat: <\/strong>Dani Espresate i Joan Davia<\/pre>\n<h4><a href=\"https:\/\/forms.gle\/d35SEZQckjde2iAu7\" target=\"_blank\" rel=\"noopener\"><strong>FORMULARI D\u2019INSCRIPCI\u00d3<\/strong><\/a><\/h4>\n<pre><img loading=\"lazy\" decoding=\"async\" class=\"size-full wp-image-17003 aligncenter\" src=\"https:\/\/serveiseducatius.xtec.cat\/lescorts\/wp-content\/uploads\/usu1169\/2025\/07\/radio-aules-dacollida.jpg\" alt=\"\" width=\"538\" height=\"403\" srcset=\"https:\/\/serveiseducatius.xtec.cat\/lescorts\/wp-content\/uploads\/usu1169\/2025\/07\/radio-aules-dacollida.jpg 538w, https:\/\/serveiseducatius.xtec.cat\/lescorts\/wp-content\/uploads\/usu1169\/2025\/07\/radio-aules-dacollida-300x225.jpg 300w, https:\/\/serveiseducatius.xtec.cat\/lescorts\/wp-content\/uploads\/usu1169\/2025\/07\/radio-aules-dacollida-200x150.jpg 200w\" sizes=\"auto, (max-width: 538px) 100vw, 538px\" \/><\/pre>\n<h3 style=\"text-align: center;\" data-start=\"187\" data-end=\"611\"><strong><span style=\"color: #800080;\">1a Matinal de r\u00e0dio d&#8217;aules d&#8217;acollida de Les Corts<\/span><\/strong><\/h3>\n<table style=\"width: 100%;\" border=\"1\" width=\"100%\">\n<tbody>\n<tr>\n<td style=\"width: 2.66667%;\" width=\"49\"><span style=\"color: #993366;\"><strong>\ud83d\udcfb<\/strong><\/span><\/td>\n<td style=\"width: 96.8333%;\" width=\"551\">\n<h3><span style=\"color: #993366;\"><strong>Descripci\u00f3 de l\u2019activitat<\/strong><\/span><\/h3>\n<\/td>\n<\/tr>\n<\/tbody>\n<\/table>\n<p>Es tracta d\u2019una matinal molt especial centrada en <strong>la llengua, la comunicaci\u00f3 i la cohesi\u00f3 social<\/strong>. \u00c9s una activitat <strong>organitzada conjuntament pel Servei Educatiu de Les Corts (ELIC i CRP), el Centre C\u00edvic Tomasa Cuevas i els i les docents de les aules d\u2019acollida<\/strong>, amb la voluntat d\u2019oferir un espai de participaci\u00f3 activa a infants i joves nouvinguts a trav\u00e9s del format de la r\u00e0dio i els videop\u00f2dcasts.<\/p>\n<p>L\u2019objectiu principal \u00e9s treballar aspectes ling\u00fc\u00edstics i comunicatius en un entorn radiof\u00f2nic real i motivador, tot afavorint l\u2019expressi\u00f3 oral i la creativitat. Abans de la trobada, els centres participants prepararan amb l\u2019alumnat un videop\u00f2dcast o \u00a0un p\u00f2dcast que es podr\u00e0 enregistrar pr\u00e8viament al mateix Centre C\u00edvic, al SE de Les Corts o al propi centre educatiu, segons les necessitats i possibilitats de cada grup.<\/p>\n<p>Durant la matinal, aquests videop\u00f2dcasts es visionaran entre converses, entrevistes i gravacions en directe. Ser\u00e0 una jornada din\u00e0mica i col\u00b7laborativa que vol donar veu als nois i a les noies i fer valdre les seves hist\u00f2ries, lleng\u00fces i mirades sobre el m\u00f3n.<\/p>\n<p>Una activitat enriquidora que combina aprenentatge ling\u00fc\u00edstic, les eines TAC i integraci\u00f3 comunit\u00e0ria, fent de la comunicaci\u00f3 un recurs de transformaci\u00f3 i acollida.<\/p>\n<table style=\"width: 100%;\" width=\"600\">\n<tbody>\n<tr>\n<td style=\"width: 2.5%;\" width=\"49\"><strong>\ud83d\udcc6<\/strong><\/td>\n<td style=\"width: 97%;\" width=\"551\">\n<h3><span style=\"color: #993366;\"><strong>Dates<\/strong><\/span><\/h3>\n<\/td>\n<\/tr>\n<\/tbody>\n<\/table>\n<p><strong>Data de la jornada:<\/strong> 20 de maig de 2026<br data-start=\"544\" data-end=\"547\" \/><strong data-start=\"547\" data-end=\"558\">Horari:<\/strong> de 10 a 12.15h<br data-start=\"571\" data-end=\"574\" \/><strong data-start=\"574\" data-end=\"583\">Lloc:<\/strong> Centre C\u00edvic Tomasa Cuevas<\/p>\n<p>Durant els mesos de <strong data-start=\"143\" data-end=\"167\">febrer, mar\u00e7 i abril<\/strong>, els grups de les <strong data-start=\"186\" data-end=\"206\">aules d\u2019acollida<\/strong> participaran en l\u2019enregistrament d\u2019un <strong data-start=\"245\" data-end=\"261\">videop\u00f2dcast<\/strong> al <strong data-start=\"265\" data-end=\"303\">buc del Centre C\u00edvic Tomasa Cuevas<\/strong>. I la matinal ser\u00e0 el <strong>20 de maig<\/strong> al CC Tomasa Cuevas.<img loading=\"lazy\" decoding=\"async\" class=\"wp-image-17503 aligncenter\" src=\"https:\/\/serveiseducatius.xtec.cat\/lescorts\/wp-content\/uploads\/usu1169\/2025\/11\/Buc-Tomasa-Cuevas.jpg\" alt=\"\" width=\"432\" height=\"247\" srcset=\"https:\/\/serveiseducatius.xtec.cat\/lescorts\/wp-content\/uploads\/usu1169\/2025\/11\/Buc-Tomasa-Cuevas.jpg 1024w, https:\/\/serveiseducatius.xtec.cat\/lescorts\/wp-content\/uploads\/usu1169\/2025\/11\/Buc-Tomasa-Cuevas-300x171.jpg 300w, https:\/\/serveiseducatius.xtec.cat\/lescorts\/wp-content\/uploads\/usu1169\/2025\/11\/Buc-Tomasa-Cuevas-768x439.jpg 768w\" sizes=\"auto, (max-width: 432px) 100vw, 432px\" \/><\/p>\n<p data-start=\"308\" data-end=\"503\">En cas que no els sigui possible fer la gravaci\u00f3 en aquest espai, els centres podran optar per enregistrar un p\u00f2dcast <strong data-start=\"422\" data-end=\"450\">al propi centre educatiu <\/strong>o b\u00e9 <strong data-start=\"456\" data-end=\"500\">a l\u2019estudi de r\u00e0dio del CRP de Les Corts<\/strong>.<img loading=\"lazy\" decoding=\"async\" class=\"size-full wp-image-17504 aligncenter\" src=\"https:\/\/serveiseducatius.xtec.cat\/lescorts\/wp-content\/uploads\/usu1169\/2025\/11\/radio-CRP-LEs-Corts.jpg\" alt=\"\" width=\"300\" height=\"199\" \/><\/p>\n<table style=\"width: 100%;\" width=\"640\">\n<tbody>\n<tr>\n<td style=\"width: 2.75%;\" width=\"52\"><span style=\"color: #993366;\"><strong>\u270d<\/strong><\/span><\/td>\n<td style=\"width: 96.75%;\" width=\"588\">\n<h3><span style=\"color: #993366;\"><strong>Formulari de participaci\u00f3<\/strong><\/span><\/h3>\n<\/td>\n<\/tr>\n<\/tbody>\n<\/table>\n<p>Per inscriure\u2019s a la matinal us agrairem que ompliu el formulari seg\u00fcent.<\/p>\n<p><strong><a href=\"https:\/\/forms.gle\/d35SEZQckjde2iAu7\" target=\"_blank\" rel=\"noopener\">https:\/\/forms.gle\/d35SEZQckjde2iAu7<\/a><\/strong><\/p>\n<table style=\"width: 100%;\" width=\"600\">\n<tbody>\n<tr>\n<td style=\"width: 2.91667%;\" width=\"49\"><span style=\"color: #993366;\"><strong>\ud83d\udd5d<\/strong><\/span><\/td>\n<td style=\"width: 96.5833%;\" width=\"551\">\n<h3><span style=\"color: #993366;\"><strong>Caracter\u00edstiques i organitzaci\u00f3 de la matinal<\/strong><\/span><\/h3>\n<\/td>\n<\/tr>\n<\/tbody>\n<\/table>\n<ol>\n<li>Els grups de les aules d\u2019acollida arribaran al Centre C\u00edvic i es dirigiran a l\u2019auditori.<\/li>\n<li>Seguirem el seg\u00fcent ordre correlatiu:<\/li>\n<\/ol>\n<ul>\n<li style=\"list-style-type: none;\">\n<ul>\n<li>Audici\u00f3\/Visionat de l\u2019enregistrament (videop\u00f2dcast o p\u00f2dcasts) del centre 1.<\/li>\n<li>Tert\u00falia radiof\u00f2nica del centre 1, dinamitzada per una locutora.<\/li>\n<li>Audici\u00f3\/Visionat de l\u2019enregistrament (videop\u00f2dcast o p\u00f2dcasts) del centre 2.<\/li>\n<li>Tert\u00falia radiof\u00f2nica del centre 2, dinamitzada per una locutora.<\/li>\n<li>Audici\u00f3\/Visionat Centre 3&#8230;<\/li>\n<li>Tert\u00falia Centre 3&#8230;<\/li>\n<li>etc<\/li>\n<\/ul>\n<\/li>\n<\/ul>\n<table style=\"width: 100%; height: 66px;\" width=\"600\">\n<tbody>\n<tr style=\"height: 66px;\">\n<td style=\"width: 2.5%; height: 66px;\" width=\"49\"><strong>\ud83d\udcc4<\/strong><\/td>\n<td style=\"width: 97%; height: 66px;\" width=\"551\">\n<h3><span style=\"color: #993366;\"><strong>Recursos<\/strong><\/span><\/h3>\n<\/td>\n<\/tr>\n<\/tbody>\n<\/table>\n<p><strong>LECTURA EN VEU ALTA<\/strong><\/p>\n<ul>\n<li><strong>\u00a0<\/strong><span style=\"background-color: rgba(0, 0, 0, 0); font-size: 1rem; font-weight: inherit;\">V\u00eddeo de Josep Pedrals: 10 consells per a la lectura en veu alta.<\/span> <a href=\"https:\/\/www.youtube.com\/watch?v=hKPPh4H6_38\">https:\/\/www.youtube.com\/watch?v=hKPPh4H6_38<\/a><\/li>\n<li><span style=\"background-color: rgba(0, 0, 0, 0); font-size: 1rem; font-weight: inherit;\">V\u00eddeos de Berta Giraut: Eines de lectura en veu alta. <\/span><a href=\"https:\/\/www.lecturaenveualta.cat\/tecniques-de-lectura-en-veu-alta\/\">https:\/\/www.lecturaenveualta.cat\/tecniques-de-lectura-en-veu-alta\/<\/a><\/li>\n<li>V\u00eddeo de Pilar Prieto: Expressar amb el cos i la veu: com puc preparar la meva intervenci\u00f3. <a href=\"https:\/\/youtu.be\/IAmKyIiMC_s?si=cC8pCSMG9imWF_cG\">https:\/\/youtu.be\/IAmKyIiMC_s?si=cC8pCSMG9imWF_cG<\/a><\/li>\n<li>Monogr\u00e0fic de recursos per treballar l\u2019oralitat (CRP Sant Adri\u00e0) <a href=\"https:\/\/serveiseducatius.xtec.cat\/santadria\/recursos\/monografics-de-recursos\/recursos-doralitat-fem-podcasts\/\">https:\/\/serveiseducatius.xtec.cat\/santadria\/recursos\/monografics-de-recursos\/recursos-doralitat-fem-podcasts\/<\/a><\/li>\n<\/ul>\n<p><strong>MALETA AUDIOVISUAL<\/strong><\/p>\n<ul>\n<li>Enlla\u00e7 al <a href=\"https:\/\/drive.google.com\/file\/d\/1eIB72ul2fbAJHEL1vRMosKIIugO6Ayup\/view?usp=sharing\">MANUAL de la MALETA AUDIOVISUAL <\/a><\/li>\n<li>Enlla\u00e7 al <a href=\"https:\/\/www.youtube.com\/watch?v=63X8HLzamBc&amp;t=655s\">V\u00cdDEO de la TAULA DE SO<\/a><\/li>\n<li>Enlla\u00e7 al <a href=\"https:\/\/youtu.be\/zUh9pK2Oank?si=hYqRnKbwHduGJEN8\">V\u00cdDEO TUTORIAL GRAVADORA SO<\/a><\/li>\n<\/ul>\n<p><strong>BANC DE RECURSOS I ARXIUS SONORS LLIURES DE DRETS<\/strong><\/p>\n<ul>\n<li><a href=\"https:\/\/view.genially.com\/655fbfc6e4afbb001119c95c\">Banc de recursos<\/a><\/li>\n<li>Banc de sons i m\u00fasiques lliures\n<ul>\n<li><a href=\"https:\/\/joystock.org\/royalty-free-music\/electronic-pop\">Joystock<\/a><\/li>\n<li><a href=\"https:\/\/www.fesliyanstudios.com\/royalty-free-music\">Fesliyan Studios<\/a><\/li>\n<li>Banc de sons: <a href=\"https:\/\/freepd.com\/upbeat.php\">Free Public Domain Music Creative Common<\/a><\/li>\n<li>Banc de sons BBC: <a href=\"https:\/\/sound-effects.bbcrewind.co.uk\/\">BBC Sound Effects<\/a><\/li>\n<\/ul>\n<\/li>\n<\/ul>\n<p><strong>Amb la col\u00b7laboraci\u00f3 de \u00a0 \u00a0 \u00a0 \u00a0 \u00a0 \u00a0 \u00a0 \u00a0 \u00a0 \u00a0 \u00a0 \u00a0 \u00a0 \u00a0 \u00a0 \u00a0 Organitza<\/strong><\/p>\n<table>\n<tbody>\n<tr>\n<td><img loading=\"lazy\" decoding=\"async\" class=\"alignleft wp-image-17772 \" src=\"https:\/\/serveiseducatius.xtec.cat\/lescorts\/wp-content\/uploads\/usu1169\/2026\/01\/AJBCN_Sign_Com_LesCorts_Vermell_Blanc-scaled.jpg\" alt=\"\" width=\"370\" height=\"124\" srcset=\"https:\/\/serveiseducatius.xtec.cat\/lescorts\/wp-content\/uploads\/usu1169\/2026\/01\/AJBCN_Sign_Com_LesCorts_Vermell_Blanc-scaled.jpg 2560w, https:\/\/serveiseducatius.xtec.cat\/lescorts\/wp-content\/uploads\/usu1169\/2026\/01\/AJBCN_Sign_Com_LesCorts_Vermell_Blanc-300x101.jpg 300w, https:\/\/serveiseducatius.xtec.cat\/lescorts\/wp-content\/uploads\/usu1169\/2026\/01\/AJBCN_Sign_Com_LesCorts_Vermell_Blanc-1024x344.jpg 1024w, https:\/\/serveiseducatius.xtec.cat\/lescorts\/wp-content\/uploads\/usu1169\/2026\/01\/AJBCN_Sign_Com_LesCorts_Vermell_Blanc-768x258.jpg 768w, https:\/\/serveiseducatius.xtec.cat\/lescorts\/wp-content\/uploads\/usu1169\/2026\/01\/AJBCN_Sign_Com_LesCorts_Vermell_Blanc-1536x515.jpg 1536w, https:\/\/serveiseducatius.xtec.cat\/lescorts\/wp-content\/uploads\/usu1169\/2026\/01\/AJBCN_Sign_Com_LesCorts_Vermell_Blanc-2048x687.jpg 2048w\" sizes=\"auto, (max-width: 370px) 100vw, 370px\" \/><\/td>\n<td><img loading=\"lazy\" decoding=\"async\" class=\"alignleft wp-image-17776 \" src=\"https:\/\/serveiseducatius.xtec.cat\/lescorts\/wp-content\/uploads\/usu1169\/2026\/01\/CEB_SE_Les_Corts_logo_color.png\" alt=\"\" width=\"263\" height=\"148\" srcset=\"https:\/\/serveiseducatius.xtec.cat\/lescorts\/wp-content\/uploads\/usu1169\/2026\/01\/CEB_SE_Les_Corts_logo_color.png 1958w, https:\/\/serveiseducatius.xtec.cat\/lescorts\/wp-content\/uploads\/usu1169\/2026\/01\/CEB_SE_Les_Corts_logo_color-300x169.png 300w, https:\/\/serveiseducatius.xtec.cat\/lescorts\/wp-content\/uploads\/usu1169\/2026\/01\/CEB_SE_Les_Corts_logo_color-1024x578.png 1024w, https:\/\/serveiseducatius.xtec.cat\/lescorts\/wp-content\/uploads\/usu1169\/2026\/01\/CEB_SE_Les_Corts_logo_color-768x433.png 768w, https:\/\/serveiseducatius.xtec.cat\/lescorts\/wp-content\/uploads\/usu1169\/2026\/01\/CEB_SE_Les_Corts_logo_color-1536x867.png 1536w\" sizes=\"auto, (max-width: 263px) 100vw, 263px\" \/><\/td>\n<td><img loading=\"lazy\" decoding=\"async\" class=\"alignleft size-full wp-image-17008\" src=\"https:\/\/serveiseducatius.xtec.cat\/lescorts\/wp-content\/uploads\/usu1169\/2025\/07\/Captura-de-pantalla-2025-07-02-140220.jpg\" alt=\"\" width=\"216\" height=\"58\" \/><\/td>\n<\/tr>\n<\/tbody>\n<\/table>\n<p><!--a=1--><\/p>\n<p><!--a=1--><\/p>\n<p><!--a=1--><\/p>\n<p><!--a=1--><!--a=1--><!--a=1--><\/p>\n<p><!--a=1--><\/p>\n<p><!--a=1--><\/p>\n<p><!--a=1--><\/p>\n<p><!--a=1--><\/p>\n<p><!--a=1--><\/p>\n<p><!--a=1--><\/p>\n<p><!--a=1--><\/p>\n","protected":false},"excerpt":{"rendered":"<p>Referents de l\u2019activitat: Dani Espresate i Joan Davia FORMULARI D\u2019INSCRIPCI\u00d3 1a Matinal de r\u00e0dio d&#8217;aules d&#8217;acollida de Les Corts \ud83d\udcfb Descripci\u00f3 de l\u2019activitat Es tracta d\u2019una matinal molt especial centrada en la llengua, la comunicaci\u00f3 i la cohesi\u00f3 social. \u00c9s una activitat organitzada conjuntament pel Servei Educatiu de Les Corts (ELIC i CRP), el Centre [&hellip;]<\/p>\n","protected":false},"author":1,"featured_media":0,"parent":8142,"menu_order":0,"comment_status":"closed","ping_status":"closed","template":"","meta":{"_bbp_topic_count":0,"_bbp_reply_count":0,"_bbp_total_topic_count":0,"_bbp_total_reply_count":0,"_bbp_voice_count":0,"_bbp_anonymous_reply_count":0,"_bbp_topic_count_hidden":0,"_bbp_reply_count_hidden":0,"_bbp_forum_subforum_count":0,"site-sidebar-layout":"default","site-content-layout":"","ast-site-content-layout":"default","site-content-style":"default","site-sidebar-style":"default","ast-global-header-display":"","ast-banner-title-visibility":"","ast-main-header-display":"","ast-hfb-above-header-display":"","ast-hfb-below-header-display":"","ast-hfb-mobile-header-display":"","site-post-title":"","ast-breadcrumbs-content":"","ast-featured-img":"","footer-sml-layout":"","theme-transparent-header-meta":"default","adv-header-id-meta":"","stick-header-meta":"","header-above-stick-meta":"","header-main-stick-meta":"","header-below-stick-meta":"","astra-migrate-meta-layouts":"set","ast-page-background-enabled":"default","ast-page-background-meta":{"desktop":{"background-color":"var(--ast-global-color-4)","background-image":"","background-repeat":"repeat","background-position":"center center","background-size":"auto","background-attachment":"scroll","background-type":"","background-media":"","overlay-type":"","overlay-color":"","overlay-opacity":"","overlay-gradient":""},"tablet":{"background-color":"","background-image":"","background-repeat":"repeat","background-position":"center center","background-size":"auto","background-attachment":"scroll","background-type":"","background-media":"","overlay-type":"","overlay-color":"","overlay-opacity":"","overlay-gradient":""},"mobile":{"background-color":"","background-image":"","background-repeat":"repeat","background-position":"center center","background-size":"auto","background-attachment":"scroll","background-type":"","background-media":"","overlay-type":"","overlay-color":"","overlay-opacity":"","overlay-gradient":""}},"ast-content-background-meta":{"desktop":{"background-color":"var(--ast-global-color-5)","background-image":"","background-repeat":"repeat","background-position":"center center","background-size":"auto","background-attachment":"scroll","background-type":"","background-media":"","overlay-type":"","overlay-color":"","overlay-opacity":"","overlay-gradient":""},"tablet":{"background-color":"var(--ast-global-color-5)","background-image":"","background-repeat":"repeat","background-position":"center center","background-size":"auto","background-attachment":"scroll","background-type":"","background-media":"","overlay-type":"","overlay-color":"","overlay-opacity":"","overlay-gradient":""},"mobile":{"background-color":"var(--ast-global-color-5)","background-image":"","background-repeat":"repeat","background-position":"center center","background-size":"auto","background-attachment":"scroll","background-type":"","background-media":"","overlay-type":"","overlay-color":"","overlay-opacity":"","overlay-gradient":""}},"footnotes":""},"class_list":["post-16959","page","type-page","status-publish","hentry"],"post_mailing_queue_ids":[],"_links":{"self":[{"href":"https:\/\/serveiseducatius.xtec.cat\/lescorts\/wp-json\/wp\/v2\/pages\/16959","targetHints":{"allow":["GET"]}}],"collection":[{"href":"https:\/\/serveiseducatius.xtec.cat\/lescorts\/wp-json\/wp\/v2\/pages"}],"about":[{"href":"https:\/\/serveiseducatius.xtec.cat\/lescorts\/wp-json\/wp\/v2\/types\/page"}],"author":[{"embeddable":true,"href":"https:\/\/serveiseducatius.xtec.cat\/lescorts\/wp-json\/wp\/v2\/users\/1"}],"replies":[{"embeddable":true,"href":"https:\/\/serveiseducatius.xtec.cat\/lescorts\/wp-json\/wp\/v2\/comments?post=16959"}],"version-history":[{"count":6,"href":"https:\/\/serveiseducatius.xtec.cat\/lescorts\/wp-json\/wp\/v2\/pages\/16959\/revisions"}],"predecessor-version":[{"id":17900,"href":"https:\/\/serveiseducatius.xtec.cat\/lescorts\/wp-json\/wp\/v2\/pages\/16959\/revisions\/17900"}],"up":[{"embeddable":true,"href":"https:\/\/serveiseducatius.xtec.cat\/lescorts\/wp-json\/wp\/v2\/pages\/8142"}],"wp:attachment":[{"href":"https:\/\/serveiseducatius.xtec.cat\/lescorts\/wp-json\/wp\/v2\/media?parent=16959"}],"curies":[{"name":"wp","href":"https:\/\/api.w.org\/{rel}","templated":true}]}}