{"id":16079,"date":"2024-02-21T13:14:13","date_gmt":"2024-02-21T12:14:13","guid":{"rendered":"https:\/\/serveiseducatius.xtec.cat\/lescorts\/?page_id=16079"},"modified":"2025-07-14T17:41:57","modified_gmt":"2025-07-14T15:41:57","slug":"fira-dentitats-dapsc-2020","status":"publish","type":"page","link":"https:\/\/serveiseducatius.xtec.cat\/lescorts\/fira-dentitats-dapsc-2020\/","title":{"rendered":"Fira d&#8217;Entitats d&#8217;APSC 2020"},"content":{"rendered":"<h1 style=\"text-align: center;\"><img decoding=\"async\" src=\"https:\/\/serveiseducatius.xtec.cat\/lescorts\/wp-content\/uploads\/usu1169\/2020\/07\/logo_asc.png\" \/><\/h1>\n<table style=\"height: 1581px; width: 99.4588%;\" width=\"1073\">\n<tbody>\n<tr>\n<td style=\"width: 22.8613%;\"><img loading=\"lazy\" decoding=\"async\" class=\"\" src=\"https:\/\/www.amb.cat\/s\/documents\/11818\/8043992\/Baner1.jpg\/Baner11dbb.jpg?t=1590425782000\" alt=\"Nens a les dunes\" width=\"121\" height=\"42\" \/><\/td>\n<td style=\"width: 129.371%;\">\n<p class=\"title title-page\"><a href=\"https:\/\/www.amb.cat\/s\/web\/ecologia\/sostenibilitat\/educacio-ambiental\/aps.html\">ApS i serveis comunitaris<\/a><\/p>\n<p>L&#8217;\u00c0rea Metropolitana de Barcelona ofereix als centres tipus de projectes per a realitzar en APSC, guies i recursos i experi\u00e8ncies que ja s&#8217;han realitzat.<\/p>\n<\/td>\n<\/tr>\n<tr style=\"height: 94px;\">\n<td style=\"width: 22.8613%; height: 94px;\"><a href=\"https:\/\/serveiseducatius.xtec.cat\/lescorts\/wp-content\/uploads\/usu1169\/2020\/11\/beit-dossier.jpg\"><img loading=\"lazy\" decoding=\"async\" class=\"alignnone wp-image-13297\" src=\"https:\/\/serveiseducatius.xtec.cat\/lescorts\/wp-content\/uploads\/usu1169\/2020\/11\/beit-dossier.jpg\" alt=\"\" width=\"112\" height=\"37\" srcset=\"https:\/\/serveiseducatius.xtec.cat\/lescorts\/wp-content\/uploads\/usu1169\/2020\/11\/beit-dossier.jpg 565w, https:\/\/serveiseducatius.xtec.cat\/lescorts\/wp-content\/uploads\/usu1169\/2020\/11\/beit-dossier-300x98.jpg 300w\" sizes=\"auto, (max-width: 112px) 100vw, 112px\" \/><\/a><\/td>\n<td style=\"width: 129.371%; height: 94px;\"><a href=\"https:\/\/drive.google.com\/file\/d\/1KiHVIaClCeliXYnHBF4uBO5YKjAHufY_\/view?usp=sharing\" target=\"_blank\" rel=\"noopener noreferrer\">The Beit Project<\/a> Contribuir a la millora de l\u2019actitud i valors de ciutadania dels alumnes.<\/td>\n<\/tr>\n<tr style=\"height: 117px;\">\n<td style=\"width: 22.8613%; height: 117px;\"><a href=\"https:\/\/serveiseducatius.xtec.cat\/lescorts\/wp-content\/uploads\/usu1169\/2020\/11\/setem.png\"><img loading=\"lazy\" decoding=\"async\" class=\"alignnone wp-image-13300\" src=\"https:\/\/serveiseducatius.xtec.cat\/lescorts\/wp-content\/uploads\/usu1169\/2020\/11\/setem.png\" alt=\"\" width=\"78\" height=\"78\" srcset=\"https:\/\/serveiseducatius.xtec.cat\/lescorts\/wp-content\/uploads\/usu1169\/2020\/11\/setem.png 225w, https:\/\/serveiseducatius.xtec.cat\/lescorts\/wp-content\/uploads\/usu1169\/2020\/11\/setem-150x150.png 150w\" sizes=\"auto, (max-width: 78px) 100vw, 78px\" \/><\/a><\/td>\n<td style=\"width: 129.371%; height: 117px;\"><a href=\"https:\/\/drive.google.com\/file\/d\/1_typ-0vvtRPUyXAxwC4mV171ovTypbjE\/view?usp=sharing\" target=\"_blank\" rel=\"noopener noreferrer\">\u00a0L\u2019APS de l\u2019Economia Solid\u00e0ria. Apoderem el professorat.<\/a> Q\u00fcestionar el model de consum hegem\u00f2nic, explori i es mobilitzi per un consum transformador i afavoreixi el teixit d\u2019Economia Solid\u00e0ria del seu barri.<\/td>\n<\/tr>\n<tr style=\"height: 96px;\">\n<td style=\"width: 22.8613%; height: 96px;\"><a href=\"https:\/\/serveiseducatius.xtec.cat\/lescorts\/wp-content\/uploads\/usu1169\/2020\/11\/baixa-1.png\"><img loading=\"lazy\" decoding=\"async\" class=\"alignnone size-full wp-image-13302\" src=\"https:\/\/serveiseducatius.xtec.cat\/lescorts\/wp-content\/uploads\/usu1169\/2020\/11\/baixa-1.png\" alt=\"\" width=\"300\" height=\"163\" \/><\/a><\/td>\n<td style=\"width: 129.371%; height: 96px;\"><a href=\"https:\/\/drive.google.com\/file\/d\/1ur8ceUMXEP6QSUm7kuG7YBKu7rxBk4dA\/view?usp=sharing\" target=\"_blank\" rel=\"noopener noreferrer\">Punts JIP (Jove informa\u2019t i Participa). Servei d\u2019Informaci\u00f3 i Dinamitzaci\u00f3 als Centres d\u2019Educaci\u00f3 Secund\u00e0ria.<\/a> Potenciar la participaci\u00f3 dels i les adolescents en les accions informatives i incorporar les seves necessitats i demandes en el servei.<\/td>\n<\/tr>\n<tr style=\"height: 31px;\">\n<td style=\"width: 22.8613%; height: 31px;\"><a href=\"https:\/\/serveiseducatius.xtec.cat\/lescorts\/wp-content\/uploads\/usu1169\/2020\/11\/baixa-2.jpg\"><img loading=\"lazy\" decoding=\"async\" class=\"alignnone size-full wp-image-13304\" src=\"https:\/\/serveiseducatius.xtec.cat\/lescorts\/wp-content\/uploads\/usu1169\/2020\/11\/baixa-2.jpg\" alt=\"\" width=\"225\" height=\"225\" srcset=\"https:\/\/serveiseducatius.xtec.cat\/lescorts\/wp-content\/uploads\/usu1169\/2020\/11\/baixa-2.jpg 225w, https:\/\/serveiseducatius.xtec.cat\/lescorts\/wp-content\/uploads\/usu1169\/2020\/11\/baixa-2-150x150.jpg 150w\" sizes=\"auto, (max-width: 225px) 100vw, 225px\" \/><\/a><\/td>\n<td style=\"width: 129.371%; height: 31px;\"><a href=\"https:\/\/drive.google.com\/file\/d\/1DSM7fs6kZktG25qHmunOwM4_dH5lLQ6S\/view?usp=sharing\" target=\"_blank\" rel=\"noopener noreferrer\">Projecte Boscos de muntanya<\/a> Fer part\u00edcips tant el col\u00b7lectiu juvenil com els centre en la realitzaci\u00f3 de tasques de millora i conservaci\u00f3 dels boscos de muntanya, promovent-ne la difusi\u00f3.<\/td>\n<\/tr>\n<tr style=\"height: 31px;\">\n<td style=\"width: 22.8613%; height: 31px;\"><a href=\"https:\/\/serveiseducatius.xtec.cat\/lescorts\/wp-content\/uploads\/usu1169\/2020\/11\/baixa-1-1.png\"><img loading=\"lazy\" decoding=\"async\" class=\"alignnone size-full wp-image-13306\" src=\"https:\/\/serveiseducatius.xtec.cat\/lescorts\/wp-content\/uploads\/usu1169\/2020\/11\/baixa-1-1.png\" alt=\"\" width=\"235\" height=\"215\" \/><\/a><\/td>\n<td style=\"width: 129.371%; height: 31px;\"><a href=\"https:\/\/drive.google.com\/file\/d\/1TEHWvRyH4LoeaiIEl0wSvRybMmCke-UP\/view?usp=sharing\" target=\"_blank\" rel=\"noopener noreferrer\">Mem\u00f2ria i educaci\u00f3<\/a> Participar en la geolocalitzaci\u00f3 d&#8217;espais\/llocs de mem\u00f2ria, ser Ambaixadors a d&#8217;aula d&#8217;una de les biografies escollides i\/o ser trobadors de mem\u00f2ria<\/td>\n<\/tr>\n<tr style=\"height: 31px;\">\n<td style=\"width: 22.8613%; height: 31px;\"><a href=\"https:\/\/serveiseducatius.xtec.cat\/lescorts\/wp-content\/uploads\/usu1169\/2020\/11\/baixa-2.png\"><img loading=\"lazy\" decoding=\"async\" class=\"alignnone size-full wp-image-13308\" src=\"https:\/\/serveiseducatius.xtec.cat\/lescorts\/wp-content\/uploads\/usu1169\/2020\/11\/baixa-2.png\" alt=\"\" width=\"225\" height=\"225\" srcset=\"https:\/\/serveiseducatius.xtec.cat\/lescorts\/wp-content\/uploads\/usu1169\/2020\/11\/baixa-2.png 225w, https:\/\/serveiseducatius.xtec.cat\/lescorts\/wp-content\/uploads\/usu1169\/2020\/11\/baixa-2-150x150.png 150w\" sizes=\"auto, (max-width: 225px) 100vw, 225px\" \/><\/a><\/td>\n<td style=\"width: 129.371%; height: 31px;\"><a href=\"https:\/\/drive.google.com\/file\/d\/1WTbT4otTAF4Lr_UBupuW5MyGYgPYNqAd\/view?usp=sharing\" target=\"_blank\" rel=\"noopener noreferrer\">LECXIT, lectura per a l\u2019\u00e8xit educatiu<\/a> Impulsar la comprensi\u00f3 lectora de l\u2019alumnat de prim\u00e0ria com a compet\u00e8ncia clau per a l\u2019\u00e8xit educatiu<\/td>\n<\/tr>\n<tr style=\"height: 31px;\">\n<td style=\"width: 22.8613%; height: 31px;\"><a href=\"https:\/\/serveiseducatius.xtec.cat\/lescorts\/wp-content\/uploads\/usu1169\/2020\/11\/baixa-3.png\"><img loading=\"lazy\" decoding=\"async\" class=\"alignnone size-full wp-image-13310\" src=\"https:\/\/serveiseducatius.xtec.cat\/lescorts\/wp-content\/uploads\/usu1169\/2020\/11\/baixa-3.png\" alt=\"\" width=\"522\" height=\"96\" srcset=\"https:\/\/serveiseducatius.xtec.cat\/lescorts\/wp-content\/uploads\/usu1169\/2020\/11\/baixa-3.png 522w, https:\/\/serveiseducatius.xtec.cat\/lescorts\/wp-content\/uploads\/usu1169\/2020\/11\/baixa-3-300x55.png 300w\" sizes=\"auto, (max-width: 522px) 100vw, 522px\" \/><\/a><\/td>\n<td style=\"width: 129.371%; height: 31px;\"><a href=\"https:\/\/drive.google.com\/file\/d\/1uMH4-_skoMVxwufOurkZp-NUbusU-zeb\/view?usp=sharing\" target=\"_blank\" rel=\"noopener noreferrer\">Continguts per a la Web de la Fundaci\u00f3 Su\u00f1ol<\/a> Elaborar continguts online per a la web de la Fundaci\u00f3 Su\u00f1ol en els seus diferents apartats (Exposicions, Activitats, Col\u00b7lecci\u00f3, etc.)<\/td>\n<\/tr>\n<tr style=\"height: 117px;\">\n<td style=\"width: 22.8613%; height: 117px;\"><a href=\"https:\/\/serveiseducatius.xtec.cat\/lescorts\/wp-content\/uploads\/usu1169\/2020\/11\/baixa-4.png\"><img loading=\"lazy\" decoding=\"async\" class=\"alignnone size-full wp-image-13312\" src=\"https:\/\/serveiseducatius.xtec.cat\/lescorts\/wp-content\/uploads\/usu1169\/2020\/11\/baixa-4.png\" alt=\"\" width=\"359\" height=\"140\" srcset=\"https:\/\/serveiseducatius.xtec.cat\/lescorts\/wp-content\/uploads\/usu1169\/2020\/11\/baixa-4.png 359w, https:\/\/serveiseducatius.xtec.cat\/lescorts\/wp-content\/uploads\/usu1169\/2020\/11\/baixa-4-300x117.png 300w\" sizes=\"auto, (max-width: 359px) 100vw, 359px\" \/><\/a><\/td>\n<td style=\"width: 129.371%; height: 117px;\"><a href=\"https:\/\/drive.google.com\/file\/d\/16BpnqX2qjY4l4ukxK6UawseHMPwVNQ66\/view?usp=sharing\" target=\"_blank\" rel=\"noopener noreferrer\">Des dels centres educatius desmuntem la impunitat corporativa en aigua i energia<\/a> Sensibilitzar el seu entorn m\u00e9s proper (fam\u00edlia\/barri) sobre la problem\u00e0tica de la pobresa energ\u00e8tica, tot defugint paternalismes, posant llum i problematitzant aquesta q\u00fcesti\u00f3 sist\u00e8mica.<\/td>\n<\/tr>\n<tr style=\"height: 117px;\">\n<td style=\"width: 22.8613%; height: 117px;\"><a href=\"https:\/\/serveiseducatius.xtec.cat\/lescorts\/wp-content\/uploads\/usu1169\/2020\/11\/baixa-5.png\"><img loading=\"lazy\" decoding=\"async\" class=\"alignnone size-full wp-image-13314\" src=\"https:\/\/serveiseducatius.xtec.cat\/lescorts\/wp-content\/uploads\/usu1169\/2020\/11\/baixa-5.png\" alt=\"\" width=\"283\" height=\"178\" \/><\/a><\/td>\n<td style=\"width: 129.371%; height: 117px;\"><a href=\"https:\/\/drive.google.com\/file\/d\/1vgCd3hnE8urBFUZ4wXiFj4cG4hgCV_Yb\/view?usp=sharing\" target=\"_blank\" rel=\"noopener noreferrer\">Constru\u00efm capacitats, constru\u00efm ciutat<\/a> Donar resposta a les necessitats d\u2019inserci\u00f3 sociolaboral i d\u2019inclusi\u00f3 social de les persones usu\u00e0ries del servei: Taller Artesanal, el Taller d\u2019Hort i el Taller de Comunicaci\u00f3.<\/td>\n<\/tr>\n<tr style=\"height: 139px;\">\n<td style=\"width: 22.8613%; height: 139px;\"><a href=\"https:\/\/serveiseducatius.xtec.cat\/lescorts\/wp-content\/uploads\/usu1169\/2020\/11\/baixa-6.png\"><img loading=\"lazy\" decoding=\"async\" class=\"alignnone size-full wp-image-13316\" src=\"https:\/\/serveiseducatius.xtec.cat\/lescorts\/wp-content\/uploads\/usu1169\/2020\/11\/baixa-6.png\" alt=\"\" width=\"232\" height=\"217\" \/><\/a><\/td>\n<td style=\"width: 129.371%; height: 139px;\"><a href=\"https:\/\/drive.google.com\/file\/d\/1nUa1HgaS1dXfdIXknbyl8JTC1dL3deCw\/view?usp=sharing\" target=\"_blank\" rel=\"noopener noreferrer\">Brots Urbans per a la transformaci\u00f3 social<\/a> Crear un hort\u00a0 mitjan\u00e7ant la implicaci\u00f3 de la comunitat escolar \u00a0i persones en risc d&#8217;exclusi\u00f3 social perqu\u00e8 sigui un espai inclusiu de trobada, experimentaci\u00f3, reflexi\u00f3-acci\u00f3, investigaci\u00f3, aprenentatge i formaci\u00f3, entorn l&#8217;agroecologia i la sobirania aliment\u00e0ria<\/td>\n<\/tr>\n<tr style=\"height: 117px;\">\n<td style=\"width: 22.8613%; height: 117px;\"><a href=\"https:\/\/serveiseducatius.xtec.cat\/lescorts\/wp-content\/uploads\/usu1169\/2020\/11\/baixa-7.png\"><img loading=\"lazy\" decoding=\"async\" class=\"alignnone size-full wp-image-13318\" src=\"https:\/\/serveiseducatius.xtec.cat\/lescorts\/wp-content\/uploads\/usu1169\/2020\/11\/baixa-7.png\" alt=\"\" width=\"375\" height=\"100\" srcset=\"https:\/\/serveiseducatius.xtec.cat\/lescorts\/wp-content\/uploads\/usu1169\/2020\/11\/baixa-7.png 375w, https:\/\/serveiseducatius.xtec.cat\/lescorts\/wp-content\/uploads\/usu1169\/2020\/11\/baixa-7-300x80.png 300w\" sizes=\"auto, (max-width: 375px) 100vw, 375px\" \/><\/a><\/td>\n<td style=\"width: 129.371%; height: 117px;\"><a href=\"https:\/\/drive.google.com\/file\/d\/1zNVVbazYnErsqw19Fm9yo7zrUq4B7Zww\/view?usp=sharing\" target=\"_blank\" rel=\"noopener noreferrer\">APS sota l&#8217;aigua<\/a> Conscienciar \u00a0sobre la import\u00e0ncia de la biodiversitat de les zones litorals de\u00a0Barcelona i donar a con\u00e8ixer les problem\u00e0tiques marines actuals en les\u00a0que aquesta s\u2019enfronta.<\/td>\n<\/tr>\n<tr style=\"height: 95px;\">\n<td style=\"width: 22.8613%; height: 95px;\"><a href=\"https:\/\/serveiseducatius.xtec.cat\/lescorts\/wp-content\/uploads\/usu1169\/2020\/11\/AMB.png\"><img loading=\"lazy\" decoding=\"async\" class=\"alignnone size-full wp-image-13320\" src=\"https:\/\/serveiseducatius.xtec.cat\/lescorts\/wp-content\/uploads\/usu1169\/2020\/11\/AMB.png\" alt=\"\" width=\"581\" height=\"277\" srcset=\"https:\/\/serveiseducatius.xtec.cat\/lescorts\/wp-content\/uploads\/usu1169\/2020\/11\/AMB.png 581w, https:\/\/serveiseducatius.xtec.cat\/lescorts\/wp-content\/uploads\/usu1169\/2020\/11\/AMB-300x143.png 300w\" sizes=\"auto, (max-width: 581px) 100vw, 581px\" \/><\/a><\/td>\n<td style=\"width: 129.371%; height: 95px;\"><a href=\"https:\/\/drive.google.com\/file\/d\/1vTMtgrEOKZLluzl6snVm3kxV1Dha75_L\/view?usp=sharing\" target=\"_blank\" rel=\"noopener noreferrer\">Compartim un futur<\/a> Tres projectes: Dr\u00e0stics amb els pl\u00e0stics, Els vigilants de l&#8217;aire i Rehabilitaci\u00f3 energ\u00e8tica d\u2019edificis residencials<\/td>\n<\/tr>\n<tr style=\"height: 116px;\">\n<td style=\"width: 22.8613%; height: 116px;\"><a href=\"https:\/\/serveiseducatius.xtec.cat\/lescorts\/wp-content\/uploads\/usu1169\/2020\/11\/baixa-8.png\"><img loading=\"lazy\" decoding=\"async\" class=\"alignnone size-full wp-image-13321\" src=\"https:\/\/serveiseducatius.xtec.cat\/lescorts\/wp-content\/uploads\/usu1169\/2020\/11\/baixa-8.png\" alt=\"\" width=\"354\" height=\"142\" srcset=\"https:\/\/serveiseducatius.xtec.cat\/lescorts\/wp-content\/uploads\/usu1169\/2020\/11\/baixa-8.png 354w, https:\/\/serveiseducatius.xtec.cat\/lescorts\/wp-content\/uploads\/usu1169\/2020\/11\/baixa-8-300x120.png 300w\" sizes=\"auto, (max-width: 354px) 100vw, 354px\" \/><\/a><\/td>\n<td style=\"width: 129.371%; height: 116px;\"><a href=\"https:\/\/drive.google.com\/file\/d\/1NuM9WV0Hf1aFGA5FjkA4Cd0lXa6bTcMT\/view?usp=sharing\" target=\"_blank\" rel=\"noopener noreferrer\">Tarpuneja<\/a> Combatre el canvi clim\u00e0tic, millorar l\u2019economia familiar, donar suport des de les ciutats a l\u2019agricultura ecol\u00f2gica de proximitat i potenciar les 3R (reduir, reutilitzar, reciclar).<\/td>\n<\/tr>\n<tr style=\"height: 94px;\">\n<td style=\"width: 22.8613%; height: 94px;\"><a href=\"https:\/\/serveiseducatius.xtec.cat\/lescorts\/wp-content\/uploads\/usu1169\/2020\/11\/baixa-1-1.jpg\"><img loading=\"lazy\" decoding=\"async\" class=\"alignnone size-full wp-image-13323\" src=\"https:\/\/serveiseducatius.xtec.cat\/lescorts\/wp-content\/uploads\/usu1169\/2020\/11\/baixa-1-1.jpg\" alt=\"\" width=\"350\" height=\"144\" srcset=\"https:\/\/serveiseducatius.xtec.cat\/lescorts\/wp-content\/uploads\/usu1169\/2020\/11\/baixa-1-1.jpg 350w, https:\/\/serveiseducatius.xtec.cat\/lescorts\/wp-content\/uploads\/usu1169\/2020\/11\/baixa-1-1-300x123.jpg 300w\" sizes=\"auto, (max-width: 350px) 100vw, 350px\" \/><\/a><\/td>\n<td style=\"width: 129.371%; height: 94px;\"><a href=\"https:\/\/drive.google.com\/file\/d\/1xTTqkchmy-Nvl7MZeeXhT_u-yjnm0HQN\/view?usp=sharing\" target=\"_blank\" rel=\"noopener noreferrer\">El Mercat per la Porta Gran<\/a> Els mercats com espai d\u2019inclusi\u00f3 social on les persones grans tenen un paper clau.<\/td>\n<\/tr>\n<tr style=\"height: 94px;\">\n<td style=\"width: 22.8613%; height: 94px;\"><a href=\"https:\/\/serveiseducatius.xtec.cat\/lescorts\/wp-content\/uploads\/usu1169\/2020\/11\/baixa-1-1.jpg\"><img loading=\"lazy\" decoding=\"async\" class=\"alignnone size-full wp-image-13323\" src=\"https:\/\/serveiseducatius.xtec.cat\/lescorts\/wp-content\/uploads\/usu1169\/2020\/11\/baixa-1-1.jpg\" alt=\"\" width=\"350\" height=\"144\" srcset=\"https:\/\/serveiseducatius.xtec.cat\/lescorts\/wp-content\/uploads\/usu1169\/2020\/11\/baixa-1-1.jpg 350w, https:\/\/serveiseducatius.xtec.cat\/lescorts\/wp-content\/uploads\/usu1169\/2020\/11\/baixa-1-1-300x123.jpg 300w\" sizes=\"auto, (max-width: 350px) 100vw, 350px\" \/><\/a><\/td>\n<td style=\"width: 129.371%; height: 94px;\"><a href=\"https:\/\/drive.google.com\/file\/d\/1agSbFT8kmhjr4PFsFMc04b_uZ-5-Z1-g\/view?usp=sharing\" target=\"_blank\" rel=\"noopener noreferrer\">Menja\u2019t el m\u00f3n<\/a> Els mercats com espai d\u2019inclusi\u00f3 social on les persones nouvingudes tenen un paper clau.<\/td>\n<\/tr>\n<tr style=\"height: 95px;\">\n<td style=\"width: 22.8613%; height: 95px;\"><a href=\"https:\/\/serveiseducatius.xtec.cat\/lescorts\/wp-content\/uploads\/usu1169\/2020\/11\/images.jpg\"><img loading=\"lazy\" decoding=\"async\" class=\"alignnone size-full wp-image-13325\" src=\"https:\/\/serveiseducatius.xtec.cat\/lescorts\/wp-content\/uploads\/usu1169\/2020\/11\/images.jpg\" alt=\"\" width=\"290\" height=\"174\" \/><\/a><\/td>\n<td style=\"width: 129.371%; height: 95px;\"><a href=\"https:\/\/drive.google.com\/file\/d\/1PdJTHtQFNgDx0E__G9syhKnUzkOyxRCR\/view?usp=sharing\" target=\"_blank\" rel=\"noopener noreferrer\">Sensibilitzem sobre com funciona Barcelona<\/a> Con\u00e8ixer la ciutat per poder iniciar accions sostenibles per canviar la nostra relaci\u00f3 amb l\u2019entorn.<\/td>\n<\/tr>\n<tr style=\"height: 95px;\">\n<td style=\"width: 22.8613%; height: 95px;\"><a href=\"https:\/\/serveiseducatius.xtec.cat\/lescorts\/wp-content\/uploads\/usu1169\/2020\/11\/baixa-9.png\"><img loading=\"lazy\" decoding=\"async\" class=\"alignnone size-full wp-image-13327\" src=\"https:\/\/serveiseducatius.xtec.cat\/lescorts\/wp-content\/uploads\/usu1169\/2020\/11\/baixa-9.png\" alt=\"\" width=\"318\" height=\"158\" srcset=\"https:\/\/serveiseducatius.xtec.cat\/lescorts\/wp-content\/uploads\/usu1169\/2020\/11\/baixa-9.png 318w, https:\/\/serveiseducatius.xtec.cat\/lescorts\/wp-content\/uploads\/usu1169\/2020\/11\/baixa-9-300x149.png 300w\" sizes=\"auto, (max-width: 318px) 100vw, 318px\" \/><\/a><\/td>\n<td style=\"width: 129.371%; height: 95px;\"><a href=\"https:\/\/drive.google.com\/file\/d\/1XL2rAiFf08VL2xVWYMBUAYI8tE5MIVNx\/view?usp=sharing\" target=\"_blank\" rel=\"noopener noreferrer\">Recurs Pedag\u00f2gic vinculat al Servei Comunitari online<\/a> Promoure la igualtat d\u2019oportunitats per a tots els infants i joves i en una societat m\u00e9s justa i cohesionada<\/td>\n<\/tr>\n<tr style=\"height: 71px;\">\n<td style=\"width: 22.8613%; height: 71px;\"><a href=\"https:\/\/serveiseducatius.xtec.cat\/lescorts\/wp-content\/uploads\/usu1169\/2020\/11\/baixa-2-1.jpg\"><img loading=\"lazy\" decoding=\"async\" class=\"alignnone size-full wp-image-13330\" src=\"https:\/\/serveiseducatius.xtec.cat\/lescorts\/wp-content\/uploads\/usu1169\/2020\/11\/baixa-2-1.jpg\" alt=\"\" width=\"297\" height=\"170\" \/><\/a><\/td>\n<td style=\"width: 129.371%; height: 71px;\"><a href=\"https:\/\/drive.google.com\/file\/d\/1WDhN5w10W0lzxnMMX6bxGVMiNCdM9b1h\/view?usp=sharing\" target=\"_blank\" rel=\"noopener noreferrer\">El bibliotecari que llegeix els poemes per tel\u00e8fon<\/a> Acompanyament a persones que estan soles a trav\u00e9s de la poesia<\/td>\n<\/tr>\n<\/tbody>\n<\/table>\n<h5 style=\"text-align: center;\"><strong>Fira d\u2019Entitats <\/strong><a href=\"https:\/\/serveiseducatius.xtec.cat\/lescorts\/servei-comunitari\/aprenentatge-i-servei-comunitari\/\"><strong>2024 <\/strong><\/a><strong>| <\/strong><strong><a href=\"https:\/\/serveiseducatius.xtec.cat\/lescorts\/fira-dentitats-dapsc-2023\/\">2023<\/a>\u00a0|\u00a0<a href=\"https:\/\/serveiseducatius.xtec.cat\/lescorts\/fira-dentitats-dapsc-2022\/\">2022<\/a>\u00a0|\u00a0<a href=\"https:\/\/serveiseducatius.xtec.cat\/lescorts\/fira-dentitats-daspc-2021\/\">2021<\/a>\u00a0|\u00a0<a href=\"https:\/\/serveiseducatius.xtec.cat\/lescorts\/fira-dentitats-dapsc-2020\/\">2020<\/a><\/strong><\/h5>\n\n\n<p><\/p>\n","protected":false},"excerpt":{"rendered":"<p>ApS i serveis comunitaris L&#8217;\u00c0rea Metropolitana de Barcelona ofereix als centres tipus de projectes per a realitzar en APSC, guies i recursos i experi\u00e8ncies que ja s&#8217;han realitzat. The Beit Project Contribuir a la millora de l\u2019actitud i valors de ciutadania dels alumnes. \u00a0L\u2019APS de l\u2019Economia Solid\u00e0ria. Apoderem el professorat. Q\u00fcestionar el model de consum [&hellip;]<\/p>\n","protected":false},"author":1,"featured_media":0,"parent":0,"menu_order":0,"comment_status":"closed","ping_status":"closed","template":"","meta":{"_bbp_topic_count":0,"_bbp_reply_count":0,"_bbp_total_topic_count":0,"_bbp_total_reply_count":0,"_bbp_voice_count":0,"_bbp_anonymous_reply_count":0,"_bbp_topic_count_hidden":0,"_bbp_reply_count_hidden":0,"_bbp_forum_subforum_count":0,"site-sidebar-layout":"default","site-content-layout":"","ast-site-content-layout":"default","site-content-style":"default","site-sidebar-style":"default","ast-global-header-display":"","ast-banner-title-visibility":"","ast-main-header-display":"","ast-hfb-above-header-display":"","ast-hfb-below-header-display":"","ast-hfb-mobile-header-display":"","site-post-title":"","ast-breadcrumbs-content":"","ast-featured-img":"","footer-sml-layout":"","theme-transparent-header-meta":"","adv-header-id-meta":"","stick-header-meta":"","header-above-stick-meta":"","header-main-stick-meta":"","header-below-stick-meta":"","astra-migrate-meta-layouts":"set","ast-page-background-enabled":"default","ast-page-background-meta":{"desktop":{"background-color":"var(--ast-global-color-4)","background-image":"","background-repeat":"repeat","background-position":"center center","background-size":"auto","background-attachment":"scroll","background-type":"","background-media":"","overlay-type":"","overlay-color":"","overlay-opacity":"","overlay-gradient":""},"tablet":{"background-color":"","background-image":"","background-repeat":"repeat","background-position":"center center","background-size":"auto","background-attachment":"scroll","background-type":"","background-media":"","overlay-type":"","overlay-color":"","overlay-opacity":"","overlay-gradient":""},"mobile":{"background-color":"","background-image":"","background-repeat":"repeat","background-position":"center center","background-size":"auto","background-attachment":"scroll","background-type":"","background-media":"","overlay-type":"","overlay-color":"","overlay-opacity":"","overlay-gradient":""}},"ast-content-background-meta":{"desktop":{"background-color":"var(--ast-global-color-5)","background-image":"","background-repeat":"repeat","background-position":"center center","background-size":"auto","background-attachment":"scroll","background-type":"","background-media":"","overlay-type":"","overlay-color":"","overlay-opacity":"","overlay-gradient":""},"tablet":{"background-color":"var(--ast-global-color-5)","background-image":"","background-repeat":"repeat","background-position":"center center","background-size":"auto","background-attachment":"scroll","background-type":"","background-media":"","overlay-type":"","overlay-color":"","overlay-opacity":"","overlay-gradient":""},"mobile":{"background-color":"var(--ast-global-color-5)","background-image":"","background-repeat":"repeat","background-position":"center center","background-size":"auto","background-attachment":"scroll","background-type":"","background-media":"","overlay-type":"","overlay-color":"","overlay-opacity":"","overlay-gradient":""}},"footnotes":""},"class_list":["post-16079","page","type-page","status-publish","hentry"],"post_mailing_queue_ids":[],"_links":{"self":[{"href":"https:\/\/serveiseducatius.xtec.cat\/lescorts\/wp-json\/wp\/v2\/pages\/16079","targetHints":{"allow":["GET"]}}],"collection":[{"href":"https:\/\/serveiseducatius.xtec.cat\/lescorts\/wp-json\/wp\/v2\/pages"}],"about":[{"href":"https:\/\/serveiseducatius.xtec.cat\/lescorts\/wp-json\/wp\/v2\/types\/page"}],"author":[{"embeddable":true,"href":"https:\/\/serveiseducatius.xtec.cat\/lescorts\/wp-json\/wp\/v2\/users\/1"}],"replies":[{"embeddable":true,"href":"https:\/\/serveiseducatius.xtec.cat\/lescorts\/wp-json\/wp\/v2\/comments?post=16079"}],"version-history":[{"count":5,"href":"https:\/\/serveiseducatius.xtec.cat\/lescorts\/wp-json\/wp\/v2\/pages\/16079\/revisions"}],"predecessor-version":[{"id":17339,"href":"https:\/\/serveiseducatius.xtec.cat\/lescorts\/wp-json\/wp\/v2\/pages\/16079\/revisions\/17339"}],"wp:attachment":[{"href":"https:\/\/serveiseducatius.xtec.cat\/lescorts\/wp-json\/wp\/v2\/media?parent=16079"}],"curies":[{"name":"wp","href":"https:\/\/api.w.org\/{rel}","templated":true}]}}