{"id":16077,"date":"2024-02-21T13:13:08","date_gmt":"2024-02-21T12:13:08","guid":{"rendered":"https:\/\/serveiseducatius.xtec.cat\/lescorts\/?page_id=16077"},"modified":"2025-07-14T17:41:24","modified_gmt":"2025-07-14T15:41:24","slug":"fira-dentitats-daspc-2021","status":"publish","type":"page","link":"https:\/\/serveiseducatius.xtec.cat\/lescorts\/fira-dentitats-daspc-2021\/","title":{"rendered":"Fira d&#8217;Entitats d&#8217;ASPC 2021"},"content":{"rendered":"<h1 style=\"text-align: center;\"><img decoding=\"async\" src=\"https:\/\/serveiseducatius.xtec.cat\/lescorts\/wp-content\/uploads\/usu1169\/2020\/07\/logo_asc.png\" \/><\/h1>\n<table style=\"height: 1142px; width: 99.5312%;\">\n<tbody>\n<tr style=\"height: 119px;\">\n<td style=\"width: 23.3653%; height: 119px;\"><img decoding=\"async\" src=\"https:\/\/factorhuma.org\/images\/amb-logo-noticia.jpg\" alt=\"La Fundaci\u00f3 da la bienvenida al \u00c1rea Metropolitana de Barcelona\" \/><\/td>\n<td style=\"width: 128.979%; height: 119px;\">\n<p class=\"western\" align=\"left\"><a href=\"https:\/\/drive.google.com\/file\/d\/1NeOkH2TIkgODQvuyPMsbJt4NJOx_0W3Y\/view?usp=sharing\"><strong>ApS del Sistema Alimentari \u201cPara el carro!\u201d<\/strong><\/a><\/p>\n<p align=\"left\"><strong>\u00c0rea Metropolitana de Barcelona:<\/strong> Reduir el malbaratament alimentari i els envasos derivats del sistema alimentari.<\/p>\n<\/td>\n<\/tr>\n<tr style=\"height: 94px;\">\n<td style=\"width: 23.3653%; height: 94px;\"><img decoding=\"async\" class=\"n3VNCb\" src=\"https:\/\/encrypted-tbn0.gstatic.com\/images?q=tbn:ANd9GcTqYF72u2m1f4frCFWuGLXmYPQX5sdLVhH91KIUP7Qz4GQ82ZbB2OnCoKLacCOV8DYOw2o&amp;usqp=CAU\" alt=\"Ajuntament de BCN - Punt de Referencia\" data-noaft=\"1\" \/><\/td>\n<td style=\"width: 128.979%; height: 94px;\"><a href=\"https:\/\/drive.google.com\/file\/d\/1tGTKPSzGuhzhlrxQVfkj3iQr2f6isLLg\/view?usp=sharing\">Sensibilitzem sobre Com Funciona Barcelona?<\/a> <strong>Direcci\u00f3 Equipaments i programes per la Sostenibilitat i el Canvi Clim\u00e0tic de l&#8217;Ajuntament de Barcelona: <\/strong>Con\u00e8ixer la ciutat per poder iniciar accions sostenibles per canviar la nostra relaci\u00f3 amb l\u2019entorn.<\/td>\n<\/tr>\n<tr style=\"height: 117px;\">\n<td style=\"width: 23.3653%; height: 117px;\"><img decoding=\"async\" src=\"https:\/\/pbs.twimg.com\/profile_images\/1123851397164933120\/kR8hWjCC_400x400.jpg\" alt=\"Projecte Boscos de Muntanya (@ProjecteBoscos) | Twitter\" \/><\/td>\n<td style=\"width: 128.979%; height: 117px;\"><a href=\"https:\/\/drive.google.com\/file\/d\/173hYryJdJRgBsj2mjeE1LAwWi-x8Fe_X\/view?usp=sharing\">Vine amb la teva classe als boscos de muntanya!<\/a> <strong>Projecte boscos de muntanya:<\/strong> Fer part\u00edcips i promoure, entre el col\u00b7lectiu juvenil, el manteniment, cura i protecci\u00f3 del bosc i del paisatge en l\u2019\u00e0mbit de muntanya mitjan\u00e7ant actuacions de silvicultura i gesti\u00f3 forestal, i fer difusi\u00f3 per a la millora del bosc i la seva conservaci\u00f3<\/td>\n<\/tr>\n<tr style=\"height: 96px;\">\n<td style=\"width: 23.3653%; height: 96px;\"><a href=\"https:\/\/serveiseducatius.xtec.cat\/lescorts\/wp-content\/uploads\/usu1169\/2021\/05\/Sense-t\u00edtol-4.png\"><img loading=\"lazy\" decoding=\"async\" class=\"alignnone wp-image-13715\" src=\"https:\/\/serveiseducatius.xtec.cat\/lescorts\/wp-content\/uploads\/usu1169\/2021\/05\/Sense-t\u00edtol-4-1024x361.png\" alt=\"\" width=\"117\" height=\"41\" srcset=\"https:\/\/serveiseducatius.xtec.cat\/lescorts\/wp-content\/uploads\/usu1169\/2021\/05\/Sense-t\u00edtol-4-1024x361.png 1024w, https:\/\/serveiseducatius.xtec.cat\/lescorts\/wp-content\/uploads\/usu1169\/2021\/05\/Sense-t\u00edtol-4-300x106.png 300w, https:\/\/serveiseducatius.xtec.cat\/lescorts\/wp-content\/uploads\/usu1169\/2021\/05\/Sense-t\u00edtol-4-768x271.png 768w, https:\/\/serveiseducatius.xtec.cat\/lescorts\/wp-content\/uploads\/usu1169\/2021\/05\/Sense-t\u00edtol-4.png 1471w\" sizes=\"auto, (max-width: 117px) 100vw, 117px\" \/><\/a><\/td>\n<td style=\"width: 128.979%; height: 96px;\"><a href=\"https:\/\/drive.google.com\/file\/d\/1fau8Ac5f04LReHxtNLfp0YPaAv3Qd4hq\/view?usp=sharing\">Jo coco, jo consumeixo conscientment<\/a> <strong>Rezero:<\/strong> reduir al m\u00e0xim el residus diaris, Residu Zero<\/td>\n<\/tr>\n<tr style=\"height: 31px;\">\n<td style=\"width: 23.3653%; height: 31px;\"><img decoding=\"async\" class=\"n3VNCb\" src=\"https:\/\/www.ecoserveis.net\/wp-content\/uploads\/2017\/05\/ecoserveis_banner.png\" alt=\"ECOSERVEIS\" data-noaft=\"1\" \/><\/td>\n<td style=\"width: 128.979%; height: 31px;\"><a href=\"https:\/\/drive.google.com\/file\/d\/1KJJ7IPHPf9P0YRd9b1GXxVn536qb8EBR\/view?usp=sharing\">Educaci\u00f3 i formaci\u00f3 per l\u2019Acci\u00f3 Clim\u00e0tica<\/a> <strong>Associaci\u00f3 Ecoserveis:<\/strong> que la veu de les persones joves sigui escoltada i les seves opinions es tinguin en compte per a la realitzaci\u00f3 de pol\u00edtiques locals<\/td>\n<\/tr>\n<tr style=\"height: 31px;\">\n<td style=\"width: 23.3653%; height: 31px;\"><img decoding=\"async\" src=\"https:\/\/encrypted-tbn0.gstatic.com\/images?q=tbn:ANd9GcTqYF72u2m1f4frCFWuGLXmYPQX5sdLVhH91KIUP7Qz4GQ82ZbB2OnCoKLacCOV8DYOw2o&amp;usqp=CAU\" alt=\"Ajuntament de BCN - Punt de Referencia\" \/><\/td>\n<td style=\"width: 128.979%; height: 31px;\"><a href=\"https:\/\/drive.google.com\/file\/d\/1XbwTt0tRrC0drwTQq1q1WFsgaKyO3Ecq\/view?usp=sharing\">Som eduvi\u00e0ria!<\/a> <strong>Gu\u00e0rdia Urbana de Barcelona (Servei d\u2019Educaci\u00f3 per a la Seguretat): <\/strong>Prevenir els sinistres de tr\u00e0nsit a la ciutat de Barcelona a trav\u00e9s de l\u2019educaci\u00f3 vi\u00e0ria. Al mateix temps, es vol promoure una mobilitat saludable i sostenible.<\/td>\n<\/tr>\n<tr style=\"height: 31px;\">\n<td style=\"width: 23.3653%; height: 31px;\"><a href=\"https:\/\/serveiseducatius.xtec.cat\/lescorts\/wp-content\/uploads\/usu1169\/2021\/05\/baixa.jpg\"><img loading=\"lazy\" decoding=\"async\" class=\"alignnone size-full wp-image-13719\" src=\"https:\/\/serveiseducatius.xtec.cat\/lescorts\/wp-content\/uploads\/usu1169\/2021\/05\/baixa.jpg\" alt=\"\" width=\"331\" height=\"152\" srcset=\"https:\/\/serveiseducatius.xtec.cat\/lescorts\/wp-content\/uploads\/usu1169\/2021\/05\/baixa.jpg 331w, https:\/\/serveiseducatius.xtec.cat\/lescorts\/wp-content\/uploads\/usu1169\/2021\/05\/baixa-300x138.jpg 300w\" sizes=\"auto, (max-width: 331px) 100vw, 331px\" \/><\/a><\/td>\n<td style=\"width: 128.979%; height: 31px;\"><a href=\"https:\/\/drive.google.com\/file\/d\/14Iks6v2fEgrQ1KB38tH7kmYCnacnAwkn\/view?usp=sharing\">Programa \u201ccomViure\u201d per a Superar el Bullying<\/a> <strong>PDA Bullying: <\/strong>Prevenir i detectar l\u2019assetjament escolar, en el marc de resposta per a la conviv\u00e8ncia i dels drets dels infants, atenent el dret al benestar.<\/td>\n<\/tr>\n<tr style=\"height: 31px;\">\n<td style=\"width: 23.3653%; height: 31px;\"><img decoding=\"async\" src=\"http:\/\/manzaning.com\/wp-content\/uploads\/IMMB.jpg\" alt=\"MANZANING: Las tiendas de siempre, como nunca. \u00a1Primer env\u00edo gratis!C\u00f3mo comprar en los Mercados con Manzaning - Manzaning\" \/><\/td>\n<td style=\"width: 128.979%; height: 31px;\"><a href=\"https:\/\/drive.google.com\/file\/d\/1O-8FrNf04qg8bui2FyRQ94IL53mho6S6\/view?usp=sharing\">Menja\u2019t el m\u00f3n<\/a> <strong>Institut Municipal de Mercats de Barcelona i Vincles:\u00a0<\/strong>Els mercats com espai d\u2019inclusi\u00f3 social on les persones nouvingudes tenen un paper clau. <a href=\"https:\/\/drive.google.com\/file\/d\/1WElTVfnaFgEcAy3NqaoEcZzkJs2o2_h-\/view?usp=sharing\">Presentaci\u00f3<\/a><\/td>\n<\/tr>\n<tr style=\"height: 117px;\">\n<td style=\"width: 23.3653%; height: 117px;\"><img decoding=\"async\" src=\"http:\/\/manzaning.com\/wp-content\/uploads\/IMMB.jpg\" alt=\"MANZANING: Las tiendas de siempre, como nunca. \u00a1Primer env\u00edo gratis!C\u00f3mo comprar en los Mercados con Manzaning - Manzaning\" \/><\/td>\n<td style=\"width: 128.979%; height: 117px;\"><a href=\"https:\/\/drive.google.com\/file\/d\/15lKngOEGTu3JOxzmmJoSOfjBkQvJlFZT\/view?usp=sharing\">El Mercat per la Porta Gran<\/a> <strong>Institut Municipal de Mercats de Barcelona i Vincles:\u00a0<\/strong>Els mercats com espai d\u2019inclusi\u00f3 social on les persones grans tenen un paper clau.<\/td>\n<\/tr>\n<tr style=\"height: 117px;\">\n<td style=\"width: 23.3653%; height: 117px;\"><img decoding=\"async\" src=\"https:\/\/amigosdelosmayores.org\/themes\/agg\/images\/logo_ca.svg\" alt=\"Inici\" \/><\/td>\n<td style=\"width: 128.979%; height: 117px;\"><a href=\"https:\/\/drive.google.com\/file\/d\/1Sz24hwNFurKarABK8mTma7zM8SSoEOLS\/view?usp=sharing\">Reescrivim la vellesa<\/a> <strong>Amics de la gent gran:<\/strong> Posar a disposici\u00f3 dels centres educatius (formal i no formal) una guia educativa i de sensibilitzaci\u00f3 envers l\u2019envelliment i la situaci\u00f3 de les persones grans que fomenti les relacions intergeneracionals, envelliment al llarg de la vida i l\u2019apoderament dels joves com a agents de transformaci\u00f3 de la societat.<\/td>\n<\/tr>\n<tr style=\"height: 139px;\">\n<td style=\"width: 23.3653%; height: 139px;\"><img decoding=\"async\" src=\"https:\/\/www.barcelona.cat\/25anysolimpica\/sites\/default\/files\/fbo.jpg\" alt=\"25\u00e8 aniversari dels Jocs Ol\u00edmpics i Paral\u00edmpics BCN 92 |\" \/><\/td>\n<td style=\"width: 128.979%; height: 139px;\"><a href=\"https:\/\/drive.google.com\/file\/d\/16jjxY4IdXNh25BXolqgtnyUVrB2xLiqb\/view?usp=sharing\">Mem\u00f2ria Esportiva<\/a> <strong>Fundaci\u00f3 Barcelona Ol\u00edmpica: <\/strong>Prendre consci\u00e8ncia del valor del patrimoni cultural a partir de la recollida d\u2019un patrimoni que estem perdent, la hist\u00f2ria de la pr\u00e0ctica esportiva, un element de la nostra hist\u00f2ria que ens permet resseguir l\u2019evoluci\u00f3 de la ciutat al llarg de les darreres d\u00e8cades.<\/td>\n<\/tr>\n<tr style=\"height: 117px;\">\n<td style=\"width: 23.3653%; height: 117px;\"><img decoding=\"async\" src=\"https:\/\/www.aeccenmarxabarcelona.org\/wp-content\/uploads\/2019\/09\/logo-carrera-contra-cancer-barcelona.png\" alt=\"Cursa Barcelona en Marxa contra el C\u00e0ncer - Inscripcions obertes\" \/><\/td>\n<td style=\"width: 128.979%; height: 117px;\"><a href=\"https:\/\/drive.google.com\/file\/d\/12fZRWfwbhqvzwejKong-r9XUjLW9k52l\/view?usp=sharing\">Promotors de salut. En marxa, per un futur saludable!<\/a> <strong>Associaci\u00f3 Espanyola contra el C\u00e0ncer \u2013 Junta Barcelona:<\/strong> Promoure entorns m\u00e9s saludables dintre i\/o fora de la comunitat educativa.<\/td>\n<\/tr>\n<tr style=\"height: 102px;\">\n<td style=\"width: 23.3653%; height: 102px;\"><a href=\"https:\/\/serveiseducatius.xtec.cat\/lescorts\/wp-content\/uploads\/usu1169\/2021\/05\/baixa.png\"><img loading=\"lazy\" decoding=\"async\" class=\"alignnone size-full wp-image-13725\" src=\"https:\/\/serveiseducatius.xtec.cat\/lescorts\/wp-content\/uploads\/usu1169\/2021\/05\/baixa.png\" alt=\"\" width=\"200\" height=\"145\" \/><\/a><\/td>\n<td style=\"width: 128.979%; height: 102px;\">\n<p class=\"western\" align=\"left\"><a href=\"https:\/\/drive.google.com\/file\/d\/1aUaU2binBzjXD32UyyA8RkiZZcVdNqBU\/view?usp=sharing\">L\u2019Alzheimer pot, si tu hi ets<\/a><\/p>\n<p class=\"western\"><span style=\"color: #000000;\"><strong>ACE Alzheimer Center Barcelona: <\/strong><\/span>Construir junts amb l\u2019Alzheimer<\/p>\n<\/td>\n<\/tr>\n<tr>\n<td style=\"width: 23.3653%;\"><img decoding=\"async\" src=\"https:\/\/festuc.net\/wp-content\/uploads\/2019\/02\/cec5-uai-1080x810.jpg\" alt=\"Experiment Caputxeta \u2013 Festuc teatre\" \/><\/td>\n<td style=\"width: 128.979%;\"><a href=\"https:\/\/drive.google.com\/file\/d\/15jXbAKQhcVO83ARcHvzaVSrJU1UpSY5b\/view?usp=sharing\">Canvia el conte<\/a> <strong>Associaci\u00f3 Cultivant Igualtat: <\/strong>Coeducar i prevenir les viol\u00e8ncies masclistes a trav\u00e9s dels contes.<\/td>\n<\/tr>\n<tr>\n<td style=\"width: 23.3653%;\"><img decoding=\"async\" src=\"https:\/\/www.somvia.org\/wp-content\/uploads\/2020\/03\/CJVV1P0a_400x400.jpg\" alt=\"Actualitat \u2013 SOM VIA\" \/><\/td>\n<td style=\"width: 128.979%;\"><a href=\"https:\/\/drive.google.com\/file\/d\/1cQc_QLKhsfV_eQ0YivFm6TWXak7R3cTn\/view?usp=sharing\">Grans Rebomboris<\/a> <strong>Som via:<\/strong> ajudar a trav\u00e9s de la m\u00fasica a la reminisc\u00e8ncia i l\u2019animaci\u00f3 estimulativa divertint-se?<\/td>\n<\/tr>\n<\/tbody>\n<\/table>\n<h5 style=\"text-align: center;\"><strong>Fira d\u2019Entitats <\/strong><a href=\"https:\/\/serveiseducatius.xtec.cat\/lescorts\/servei-comunitari\/aprenentatge-i-servei-comunitari\/\"><strong>2024 <\/strong><\/a><strong>| <\/strong><strong><a href=\"https:\/\/serveiseducatius.xtec.cat\/lescorts\/fira-dentitats-dapsc-2023\/\">2023<\/a>\u00a0|\u00a0<a href=\"https:\/\/serveiseducatius.xtec.cat\/lescorts\/fira-dentitats-dapsc-2022\/\">2022<\/a>\u00a0|\u00a0<a href=\"https:\/\/serveiseducatius.xtec.cat\/lescorts\/fira-dentitats-daspc-2021\/\">2021<\/a>\u00a0|\u00a0<a href=\"https:\/\/serveiseducatius.xtec.cat\/lescorts\/fira-dentitats-dapsc-2020\/\">2020<\/a><\/strong><\/h5>\n","protected":false},"excerpt":{"rendered":"<p>ApS del Sistema Alimentari \u201cPara el carro!\u201d \u00c0rea Metropolitana de Barcelona: Reduir el malbaratament alimentari i els envasos derivats del sistema alimentari. Sensibilitzem sobre Com Funciona Barcelona? Direcci\u00f3 Equipaments i programes per la Sostenibilitat i el Canvi Clim\u00e0tic de l&#8217;Ajuntament de Barcelona: Con\u00e8ixer la ciutat per poder iniciar accions sostenibles per canviar la nostra relaci\u00f3 [&hellip;]<\/p>\n","protected":false},"author":1,"featured_media":0,"parent":0,"menu_order":0,"comment_status":"closed","ping_status":"closed","template":"","meta":{"_bbp_topic_count":0,"_bbp_reply_count":0,"_bbp_total_topic_count":0,"_bbp_total_reply_count":0,"_bbp_voice_count":0,"_bbp_anonymous_reply_count":0,"_bbp_topic_count_hidden":0,"_bbp_reply_count_hidden":0,"_bbp_forum_subforum_count":0,"site-sidebar-layout":"default","site-content-layout":"","ast-site-content-layout":"default","site-content-style":"default","site-sidebar-style":"default","ast-global-header-display":"","ast-banner-title-visibility":"","ast-main-header-display":"","ast-hfb-above-header-display":"","ast-hfb-below-header-display":"","ast-hfb-mobile-header-display":"","site-post-title":"","ast-breadcrumbs-content":"","ast-featured-img":"","footer-sml-layout":"","theme-transparent-header-meta":"","adv-header-id-meta":"","stick-header-meta":"","header-above-stick-meta":"","header-main-stick-meta":"","header-below-stick-meta":"","astra-migrate-meta-layouts":"set","ast-page-background-enabled":"default","ast-page-background-meta":{"desktop":{"background-color":"var(--ast-global-color-4)","background-image":"","background-repeat":"repeat","background-position":"center center","background-size":"auto","background-attachment":"scroll","background-type":"","background-media":"","overlay-type":"","overlay-color":"","overlay-opacity":"","overlay-gradient":""},"tablet":{"background-color":"","background-image":"","background-repeat":"repeat","background-position":"center center","background-size":"auto","background-attachment":"scroll","background-type":"","background-media":"","overlay-type":"","overlay-color":"","overlay-opacity":"","overlay-gradient":""},"mobile":{"background-color":"","background-image":"","background-repeat":"repeat","background-position":"center center","background-size":"auto","background-attachment":"scroll","background-type":"","background-media":"","overlay-type":"","overlay-color":"","overlay-opacity":"","overlay-gradient":""}},"ast-content-background-meta":{"desktop":{"background-color":"var(--ast-global-color-5)","background-image":"","background-repeat":"repeat","background-position":"center center","background-size":"auto","background-attachment":"scroll","background-type":"","background-media":"","overlay-type":"","overlay-color":"","overlay-opacity":"","overlay-gradient":""},"tablet":{"background-color":"var(--ast-global-color-5)","background-image":"","background-repeat":"repeat","background-position":"center center","background-size":"auto","background-attachment":"scroll","background-type":"","background-media":"","overlay-type":"","overlay-color":"","overlay-opacity":"","overlay-gradient":""},"mobile":{"background-color":"var(--ast-global-color-5)","background-image":"","background-repeat":"repeat","background-position":"center center","background-size":"auto","background-attachment":"scroll","background-type":"","background-media":"","overlay-type":"","overlay-color":"","overlay-opacity":"","overlay-gradient":""}},"footnotes":""},"class_list":["post-16077","page","type-page","status-publish","hentry"],"post_mailing_queue_ids":[],"_links":{"self":[{"href":"https:\/\/serveiseducatius.xtec.cat\/lescorts\/wp-json\/wp\/v2\/pages\/16077","targetHints":{"allow":["GET"]}}],"collection":[{"href":"https:\/\/serveiseducatius.xtec.cat\/lescorts\/wp-json\/wp\/v2\/pages"}],"about":[{"href":"https:\/\/serveiseducatius.xtec.cat\/lescorts\/wp-json\/wp\/v2\/types\/page"}],"author":[{"embeddable":true,"href":"https:\/\/serveiseducatius.xtec.cat\/lescorts\/wp-json\/wp\/v2\/users\/1"}],"replies":[{"embeddable":true,"href":"https:\/\/serveiseducatius.xtec.cat\/lescorts\/wp-json\/wp\/v2\/comments?post=16077"}],"version-history":[{"count":4,"href":"https:\/\/serveiseducatius.xtec.cat\/lescorts\/wp-json\/wp\/v2\/pages\/16077\/revisions"}],"predecessor-version":[{"id":17337,"href":"https:\/\/serveiseducatius.xtec.cat\/lescorts\/wp-json\/wp\/v2\/pages\/16077\/revisions\/17337"}],"wp:attachment":[{"href":"https:\/\/serveiseducatius.xtec.cat\/lescorts\/wp-json\/wp\/v2\/media?parent=16077"}],"curies":[{"name":"wp","href":"https:\/\/api.w.org\/{rel}","templated":true}]}}