{"id":16071,"date":"2024-02-21T13:09:30","date_gmt":"2024-02-21T12:09:30","guid":{"rendered":"https:\/\/serveiseducatius.xtec.cat\/lescorts\/?page_id=16071"},"modified":"2025-07-14T17:40:13","modified_gmt":"2025-07-14T15:40:13","slug":"fira-dentitats-dapsc-2023","status":"publish","type":"page","link":"https:\/\/serveiseducatius.xtec.cat\/lescorts\/fira-dentitats-dapsc-2023\/","title":{"rendered":"Fira d&#8217;Entitats d&#8217;APSC 2023"},"content":{"rendered":"<p style=\"text-align: center;\"><img decoding=\"async\" src=\"https:\/\/serveiseducatius.xtec.cat\/lescorts\/wp-content\/uploads\/usu1169\/2020\/07\/logo_asc.png\" \/><\/p>\n\r\n\t<div class=\"slideshow_container slideshow_container_style-light\" style=\"height: 300px; \" data-slideshow-id=\"15550\" data-style-name=\"style-light\" data-style-version=\"2.3.1\" >\r\n\r\n\t\t\t\t\t<div class=\"slideshow_loading_icon\"><\/div>\r\n\t\t\r\n\t\t<div class=\"slideshow_content\" style=\"display: none;\">\r\n\r\n\t\t\t<div class=\"slideshow_view\">\r\n\t\t\t\t<div class=\"slideshow_slide slideshow_slide_image\">\r\n\t\t\t\t\t\t\t\t\t\t\t<img src=\"https:\/\/serveiseducatius.xtec.cat\/lescorts\/wp-content\/uploads\/usu1169\/2023\/06\/d56f8775-7203-4130-b8bc-1e277ff24fef.jpg\" alt=\"d56f8775-7203-4130-b8bc-1e277ff24fef\" width=\"1500\" height=\"2000\" \/>\r\n\t\t\t\t\t\t\t\t\t\t<div class=\"slideshow_description_box slideshow_transparent\">\r\n\t\t\t\t\t\t<div class=\"slideshow_title\">d56f8775-7203-4130-b8bc-1e277ff24fef<\/div>\t\t\t\t\t\t\t\t\t\t\t<\/div>\r\n\t\t\t\t<\/div>\r\n\r\n\t\t\t\t\t\t<div style=\"clear: both;\"><\/div><\/div><div class=\"slideshow_view\">\r\n\t\t\t\t<div class=\"slideshow_slide slideshow_slide_image\">\r\n\t\t\t\t\t\t\t\t\t\t\t<img src=\"https:\/\/serveiseducatius.xtec.cat\/lescorts\/wp-content\/uploads\/usu1169\/2023\/06\/45142f0d-bcf5-42e6-8a7c-6a586772aa76.jpg\" alt=\"45142f0d-bcf5-42e6-8a7c-6a586772aa76\" width=\"2048\" height=\"921\" \/>\r\n\t\t\t\t\t\t\t\t\t\t<div class=\"slideshow_description_box slideshow_transparent\">\r\n\t\t\t\t\t\t<div class=\"slideshow_title\">45142f0d-bcf5-42e6-8a7c-6a586772aa76<\/div>\t\t\t\t\t\t\t\t\t\t\t<\/div>\r\n\t\t\t\t<\/div>\r\n\r\n\t\t\t\t\t\t<div style=\"clear: both;\"><\/div><\/div><div class=\"slideshow_view\">\r\n\t\t\t\t<div class=\"slideshow_slide slideshow_slide_image\">\r\n\t\t\t\t\t\t\t\t\t\t\t<img src=\"https:\/\/serveiseducatius.xtec.cat\/lescorts\/wp-content\/uploads\/usu1169\/2023\/06\/56c0f290-39d4-4375-9707-2cfe61c5ccbd.jpg\" alt=\"56c0f290-39d4-4375-9707-2cfe61c5ccbd\" width=\"2000\" height=\"1500\" \/>\r\n\t\t\t\t\t\t\t\t\t\t<div class=\"slideshow_description_box slideshow_transparent\">\r\n\t\t\t\t\t\t<div class=\"slideshow_title\">56c0f290-39d4-4375-9707-2cfe61c5ccbd<\/div>\t\t\t\t\t\t\t\t\t\t\t<\/div>\r\n\t\t\t\t<\/div>\r\n\r\n\t\t\t\t\t\t<div style=\"clear: both;\"><\/div><\/div><div class=\"slideshow_view\">\r\n\t\t\t\t<div class=\"slideshow_slide slideshow_slide_image\">\r\n\t\t\t\t\t\t\t\t\t\t\t<img src=\"https:\/\/serveiseducatius.xtec.cat\/lescorts\/wp-content\/uploads\/usu1169\/2023\/06\/43c3a270-7624-4a27-93cc-3bc7b529affd.jpg\" alt=\"43c3a270-7624-4a27-93cc-3bc7b529affd\" width=\"2000\" height=\"1500\" \/>\r\n\t\t\t\t\t\t\t\t\t\t<div class=\"slideshow_description_box slideshow_transparent\">\r\n\t\t\t\t\t\t<div class=\"slideshow_title\">43c3a270-7624-4a27-93cc-3bc7b529affd<\/div>\t\t\t\t\t\t\t\t\t\t\t<\/div>\r\n\t\t\t\t<\/div>\r\n\r\n\t\t\t\t\t\t<div style=\"clear: both;\"><\/div><\/div><div class=\"slideshow_view\">\r\n\t\t\t\t<div class=\"slideshow_slide slideshow_slide_image\">\r\n\t\t\t\t\t\t\t\t\t\t\t<img src=\"https:\/\/serveiseducatius.xtec.cat\/lescorts\/wp-content\/uploads\/usu1169\/2023\/06\/05aced18-8d40-49e2-a885-0573e5dc3565.jpg\" alt=\"05aced18-8d40-49e2-a885-0573e5dc3565\" width=\"1200\" height=\"1600\" \/>\r\n\t\t\t\t\t\t\t\t\t\t<div class=\"slideshow_description_box slideshow_transparent\">\r\n\t\t\t\t\t\t<div class=\"slideshow_title\">05aced18-8d40-49e2-a885-0573e5dc3565<\/div>\t\t\t\t\t\t\t\t\t\t\t<\/div>\r\n\t\t\t\t<\/div>\r\n\r\n\t\t\t\t\t\t<div style=\"clear: both;\"><\/div><\/div><div class=\"slideshow_view\">\r\n\t\t\t\t<div class=\"slideshow_slide slideshow_slide_image\">\r\n\t\t\t\t\t\t\t\t\t\t\t<img src=\"https:\/\/serveiseducatius.xtec.cat\/lescorts\/wp-content\/uploads\/usu1169\/2023\/06\/4e0e6500-50e5-45d6-a83e-e47d00245292.jpg\" alt=\"4e0e6500-50e5-45d6-a83e-e47d00245292\" width=\"1125\" height=\"2000\" \/>\r\n\t\t\t\t\t\t\t\t\t\t<div class=\"slideshow_description_box slideshow_transparent\">\r\n\t\t\t\t\t\t<div class=\"slideshow_title\">4e0e6500-50e5-45d6-a83e-e47d00245292<\/div>\t\t\t\t\t\t\t\t\t\t\t<\/div>\r\n\t\t\t\t<\/div>\r\n\r\n\t\t\t\t\t\t<div style=\"clear: both;\"><\/div><\/div>\r\n\t\t<\/div>\r\n\r\n\t\t<div class=\"slideshow_controlPanel slideshow_transparent\" style=\"display: none;\"><ul><li class=\"slideshow_togglePlay\" data-play-text=\"Visualitza\" data-pause-text=\"Pausa\"><\/li><\/ul><\/div>\r\n\r\n\t\t<div class=\"slideshow_button slideshow_previous slideshow_transparent\" role=\"button\" data-previous-text=\"Anterior\" style=\"display: none;\"><\/div>\r\n\t\t<div class=\"slideshow_button slideshow_next slideshow_transparent\" role=\"button\" data-next-text=\"Seg\u00fcent\" style=\"display: none;\"><\/div>\r\n\r\n\t\t<div class=\"slideshow_pagination\" style=\"display: none;\" data-go-to-text=\"V\u00e9s a la diapositiva\"><div class=\"slideshow_pagination_center\"><\/div><\/div>\r\n\r\n\t\t<!-- WordPress Slideshow Version 2.3.1 -->\r\n\r\n\t\t\t<\/div>\r\n\r\n\n<table style=\"border-collapse: collapse; width: 100%; height: 805px;\">\n<tbody>\n<tr>\n<td style=\"width: 25.3445%;\"><img loading=\"lazy\" decoding=\"async\" class=\"aligncenter size-full wp-image-15843\" src=\"https:\/\/serveiseducatius.xtec.cat\/lescorts\/wp-content\/uploads\/usu1169\/2023\/09\/baixa.png\" alt=\"\" width=\"225\" height=\"225\" srcset=\"https:\/\/serveiseducatius.xtec.cat\/lescorts\/wp-content\/uploads\/usu1169\/2023\/09\/baixa.png 225w, https:\/\/serveiseducatius.xtec.cat\/lescorts\/wp-content\/uploads\/usu1169\/2023\/09\/baixa-150x150.png 150w\" sizes=\"auto, (max-width: 225px) 100vw, 225px\" \/><\/td>\n<td style=\"width: 74.6555%;\">\n<h4><a href=\"https:\/\/drive.google.com\/file\/d\/1eCmt2f1XyTcEbIvZ7cUrUQzBnIP7_Q_N\/view?usp=sharing\"><strong>Pen Catal\u00e0<\/strong><\/a><\/h4>\n<p>Codissenyar sobre temes com la llibertat d&#8217;expressi\u00f3 (campanyes de den\u00fancia, estudi de casos, etc), mitjans de comunicaci\u00f3 (diaris digitals, r\u00e0dio, altres canals, etc), traducci\u00f3 i riquesa ling\u00fc\u00edstica a les aules, etc&#8230;<\/td>\n<\/tr>\n<tr>\n<td style=\"width: 25.3445%;\"><img loading=\"lazy\" decoding=\"async\" class=\"aligncenter size-full wp-image-15685\" src=\"https:\/\/serveiseducatius.xtec.cat\/lescorts\/wp-content\/uploads\/usu1169\/2023\/07\/baixa.png\" alt=\"\" width=\"294\" height=\"171\" \/><\/td>\n<td style=\"width: 74.6555%;\">\n<h4><a href=\"https:\/\/drive.google.com\/file\/d\/1yeZYCmqI1Tzrx7XrMOzfRbuJDEtCwdGG\/view?usp=sharing\"><strong>Eduquem per combatre el racisme!<\/strong><\/a><\/h4>\n<p>Acabar generant un material educatiu que permeti sensibilitzar entorn el fenomen de les migracions. Idealment, un cop hagin finalitzat tot el proc\u00e9s, s\u2019organitzar\u00e0 una jornada reflexiva on es presentaran els recursos generats davant tots els alumnes de l\u2019escola i si pot ser, tamb\u00e9 les fam\u00edlies.<\/td>\n<\/tr>\n<tr style=\"height: 241px;\">\n<td style=\"width: 25.3445%; height: 241px;\"><img loading=\"lazy\" decoding=\"async\" class=\"aligncenter size-full wp-image-15529\" src=\"https:\/\/serveiseducatius.xtec.cat\/lescorts\/wp-content\/uploads\/usu1169\/2023\/06\/baixa.jpg\" alt=\"\" width=\"225\" height=\"225\" srcset=\"https:\/\/serveiseducatius.xtec.cat\/lescorts\/wp-content\/uploads\/usu1169\/2023\/06\/baixa.jpg 225w, https:\/\/serveiseducatius.xtec.cat\/lescorts\/wp-content\/uploads\/usu1169\/2023\/06\/baixa-150x150.jpg 150w\" sizes=\"auto, (max-width: 225px) 100vw, 225px\" \/><\/td>\n<td style=\"width: 74.6555%; height: 241px;\">\n<h4><a href=\"https:\/\/drive.google.com\/file\/d\/1gxsJa4sBVYILlZkFyFhlt-KvYIGtVO85\/view?usp=sharing\"><strong>Mem\u00f2ria, Dones i Educaci\u00f3: Les lluites ve\u00efnals i construcci\u00f3 dels barris de Barcelona als anys 60-70<\/strong><\/a><\/h4>\n<p>La recuperaci\u00f3 de la mem\u00f2ria dels barris, donar visibilitat al paper que van tenir les dones en el seu desenvolupament, i mostrar les xarxes de solidaritat i lluita per la just\u00edcia i els valors democr\u00e0tics i socials.<\/td>\n<\/tr>\n<tr>\n<td style=\"width: 25.3445%;\"><img loading=\"lazy\" decoding=\"async\" class=\"aligncenter wp-image-15546\" src=\"https:\/\/serveiseducatius.xtec.cat\/lescorts\/wp-content\/uploads\/usu1169\/2023\/06\/baixa.png\" alt=\"\" width=\"188\" height=\"94\" \/><\/td>\n<td style=\"width: 74.6555%;\">\n<h4><a href=\"https:\/\/drive.google.com\/file\/d\/1pugf31A9SCLrRPSECOZ9JZ73g_FBBPxz\/view?usp=sharing\">Les petjades de la Mem\u00f2ria del Franquisme<\/a><\/h4>\n<p>Con\u00e8ixer el nostre entorn, els nostres or\u00edgens, la nostra hist\u00f2ria contempor\u00e0nia, els nostre avis i avies (besavis\/avies) .<br \/>\nFer un \u00fas adequat de les t\u00e8cniques i dels fons documental que existeix a fi d\u2019arribar a aquest coneixement.<\/p>\n<h4><strong>\u00a0<\/strong><\/h4>\n<\/td>\n<\/tr>\n<tr>\n<td style=\"width: 25.3445%;\"><img loading=\"lazy\" decoding=\"async\" class=\"aligncenter wp-image-15548\" src=\"https:\/\/serveiseducatius.xtec.cat\/lescorts\/wp-content\/uploads\/usu1169\/2023\/06\/baixa-3.jpg\" alt=\"\" width=\"160\" height=\"128\" \/><\/td>\n<td style=\"width: 74.6555%;\">\n<h4><a href=\"https:\/\/drive.google.com\/file\/d\/1n9py_zH-WuQ8URyHaYsBWIFS55U2tVx2\/view?usp=sharing\">Fem teatre, Fem Mem\u00f2ria Hist\u00f2rica i Democr\u00e0tica<\/a><\/h4>\n<p>Fer un espectacle teatral a partir de fons prim\u00e0ries: testimonis i arxiu.<\/td>\n<\/tr>\n<tr style=\"height: 154px;\">\n<td style=\"width: 25.3445%; height: 154px;\"><img loading=\"lazy\" decoding=\"async\" class=\"aligncenter\" src=\"https:\/\/serveiseducatius.xtec.cat\/lescorts\/wp-content\/uploads\/usu1169\/2022\/07\/Mercats-Barcelona_logo-quadrat-color.png\" width=\"132\" height=\"137\" \/><\/td>\n<td style=\"width: 74.6555%; height: 154px;\">\n<h4><a href=\"https:\/\/drive.google.com\/file\/d\/1RGx3WxtMsW9X0M-kzjDBxeS4uU_ifLsh\/view?usp=sharing\">El Mercat per la Porta Gran<\/a><\/h4>\n<p>Els mercats com espai d\u2019inclusi\u00f3 social on les persones grans tenen un paper clau.<\/td>\n<\/tr>\n<tr style=\"height: 154px;\">\n<td style=\"width: 25.3445%; height: 154px;\"><img loading=\"lazy\" decoding=\"async\" class=\"aligncenter\" src=\"https:\/\/serveiseducatius.xtec.cat\/lescorts\/wp-content\/uploads\/usu1169\/2022\/07\/Mercats-Barcelona_logo-quadrat-color.png\" width=\"132\" height=\"137\" \/><\/td>\n<td style=\"width: 74.6555%; height: 154px;\">\n<h4><a href=\"https:\/\/drive.google.com\/file\/d\/1q_9H3ApdjvSdCRIsdqWBGPIt9oMNlM0-\/view?usp=sharing\">Menja\u2019t el m\u00f3n<\/a><\/h4>\n<p>Els mercats com espai d\u2019inclusi\u00f3 social on les persones nouvingudes tenen un paper clau.<\/td>\n<\/tr>\n<tr style=\"height: 32px;\">\n<td style=\"width: 25.3445%; height: 32px;\"><img decoding=\"async\" src=\"https:\/\/serveiseducatius.xtec.cat\/lescorts\/wp-content\/uploads\/usu1169\/2022\/06\/baixa-5.png\" \/><\/td>\n<td style=\"width: 74.6555%; height: 32px;\">\n<h4><a href=\"https:\/\/drive.google.com\/file\/d\/11Ryti4vkLoMGcdTZr5jHfhI7qmGCYGWf\/view?usp=sharing\">Fem el m\u00f3n accessible\u00a0<\/a><\/h4>\n<p>Apropar-se a l\u2019accessibilitat universal a les barreres arquitect\u00f2niques i elaborar un mapa del grau d\u2019accessibilitat de l\u2019entorn educatiu.<\/td>\n<\/tr>\n<tr style=\"height: 32px;\">\n<td style=\"width: 25.3445%; height: 32px;\"><img loading=\"lazy\" decoding=\"async\" class=\"aligncenter size-full wp-image-15531\" src=\"https:\/\/serveiseducatius.xtec.cat\/lescorts\/wp-content\/uploads\/usu1169\/2023\/06\/baixa-1.png\" alt=\"\" width=\"422\" height=\"119\" srcset=\"https:\/\/serveiseducatius.xtec.cat\/lescorts\/wp-content\/uploads\/usu1169\/2023\/06\/baixa-1.png 422w, https:\/\/serveiseducatius.xtec.cat\/lescorts\/wp-content\/uploads\/usu1169\/2023\/06\/baixa-1-300x85.png 300w\" sizes=\"auto, (max-width: 422px) 100vw, 422px\" \/><\/td>\n<td style=\"width: 74.6555%; height: 32px;\">\n<h4><a href=\"https:\/\/drive.google.com\/file\/d\/10Na2iCgfFVvkr1_zsR9O0h5tcGdNKLu3\/view?usp=sharing\">Projecte en \u00d2rbita<\/a><\/h4>\n<p>Proposta de teatre comunitari, un o m\u00e9s grups de joves d\u2019educaci\u00f3 secund\u00e0ria es sumaran al projecte per tal de recollir tota la informaci\u00f3 possible sobre el col\u00b7lectiu\u00a0amb el que s\u2019estigui treballant per, posteriorment, explicar els aprenentatges adquirits amb una creaci\u00f3 art\u00edstica pr\u00f2pia.<\/td>\n<\/tr>\n<tr style=\"height: 32px;\">\n<td style=\"width: 25.3445%; height: 32px;\"><img loading=\"lazy\" decoding=\"async\" class=\"aligncenter size-full wp-image-15538\" src=\"https:\/\/serveiseducatius.xtec.cat\/lescorts\/wp-content\/uploads\/usu1169\/2023\/06\/baixa-1.jpg\" alt=\"\" width=\"375\" height=\"135\" srcset=\"https:\/\/serveiseducatius.xtec.cat\/lescorts\/wp-content\/uploads\/usu1169\/2023\/06\/baixa-1.jpg 375w, https:\/\/serveiseducatius.xtec.cat\/lescorts\/wp-content\/uploads\/usu1169\/2023\/06\/baixa-1-300x108.jpg 300w\" sizes=\"auto, (max-width: 375px) 100vw, 375px\" \/><\/td>\n<td style=\"width: 74.6555%; height: 32px;\">\n<h4><a href=\"https:\/\/drive.google.com\/file\/d\/1-Iessi8Ii7nHf-R4VovKqy-Jue-pxRmW\/view?usp=sharing\">En Marxa Per La Salut!<\/a><\/h4>\n<p>Sensibilitzar la poblaci\u00f3 sobre la import\u00e0ncia de mantenir h\u00e0bits de vida saludables, centrant-nos principalment en l\u2019alimentaci\u00f3 i l\u2019activitat f\u00edsica. Promoure un canvi a l\u2019entorn per facilitar els h\u00e0bits de vida saludables.<\/td>\n<\/tr>\n<tr style=\"height: 32px;\">\n<td style=\"width: 25.3445%; height: 32px;\"><a href=\"https:\/\/serveiseducatius.xtec.cat\/lescorts\/wp-content\/uploads\/usu1169\/2022\/06\/baixa-4.jpg\"><img loading=\"lazy\" decoding=\"async\" class=\"alignnone size-full wp-image-14659\" src=\"https:\/\/serveiseducatius.xtec.cat\/lescorts\/wp-content\/uploads\/usu1169\/2022\/06\/baixa-4.jpg\" alt=\"\" width=\"400\" height=\"102\" srcset=\"https:\/\/serveiseducatius.xtec.cat\/lescorts\/wp-content\/uploads\/usu1169\/2022\/06\/baixa-4.jpg 400w, https:\/\/serveiseducatius.xtec.cat\/lescorts\/wp-content\/uploads\/usu1169\/2022\/06\/baixa-4-300x77.jpg 300w\" sizes=\"auto, (max-width: 400px) 100vw, 400px\" \/><\/a><\/td>\n<td style=\"width: 74.6555%; height: 32px;\">\n<h4><a href=\"https:\/\/drive.google.com\/file\/d\/1Zc1qwGHU4VGZuG5DMUdMWpLzbp6pYM1p\/view?usp=sharing\">Treballem al costat de les persones amb discapacitat.<\/a><\/h4>\n<p>Millorar la qualitat de vida de les persones amb discapacitat.<\/td>\n<\/tr>\n<tr style=\"height: 32px;\">\n<td style=\"width: 25.3445%; height: 32px;\"><a href=\"https:\/\/serveiseducatius.xtec.cat\/lescorts\/wp-content\/uploads\/usu1169\/2022\/06\/images.png\"><img loading=\"lazy\" decoding=\"async\" class=\"wp-image-14664 aligncenter\" src=\"https:\/\/serveiseducatius.xtec.cat\/lescorts\/wp-content\/uploads\/usu1169\/2022\/06\/images.png\" alt=\"\" width=\"88\" height=\"88\" srcset=\"https:\/\/serveiseducatius.xtec.cat\/lescorts\/wp-content\/uploads\/usu1169\/2022\/06\/images.png 225w, https:\/\/serveiseducatius.xtec.cat\/lescorts\/wp-content\/uploads\/usu1169\/2022\/06\/images-150x150.png 150w\" sizes=\"auto, (max-width: 88px) 100vw, 88px\" \/><\/a><\/td>\n<td style=\"width: 74.6555%; height: 32px;\">\n<h4><a href=\"https:\/\/drive.google.com\/file\/d\/1q-Db-jqDVbhlkQ8TzY_ES32PvqJsQWbK\/view?usp=sharing\">Joves Mediadores\/es Culturals \u2013 Projecte d\u2019ApS<\/a><\/h4>\n<p>Divulgar el patrimoni de la ciutat a trav\u00e9s de metodologies de mediaci\u00f3 i noves tecnologies per fer una societat m\u00e9s rica culturalment i potenciar el<br \/>\nconeixement i el pensament cr\u00edtic a trav\u00e9s de la interpretaci\u00f3 dels fets hist\u00f2rics, socials i culturals.<\/td>\n<\/tr>\n<tr style=\"height: 32px;\">\n<td style=\"width: 25.3445%; height: 32px;\">\n<h4><a href=\"https:\/\/serveiseducatius.xtec.cat\/lescorts\/wp-content\/uploads\/usu1169\/2022\/06\/baixa-2.png\"><img loading=\"lazy\" decoding=\"async\" class=\"wp-image-14661 aligncenter\" src=\"https:\/\/serveiseducatius.xtec.cat\/lescorts\/wp-content\/uploads\/usu1169\/2022\/06\/baixa-2.png\" alt=\"\" width=\"175\" height=\"80\" \/><\/a><\/h4>\n<\/td>\n<td style=\"width: 74.6555%; height: 32px;\">\n<h4><a href=\"https:\/\/drive.google.com\/file\/d\/1CUT4EQbDf6BxdTatcCtVfbmDLrqUAbyc\/view?usp=sharing\">Aprenentatge Servei, motor d&#8217;inclusi\u00f3<\/a><\/h4>\n<p>El projecte \u201cAprenentatge i servei, motor d\u2019inclusi\u00f3\u201d \u00e9s una proposta del Servei Prelaboral de Les Corts que pret\u00e9n, mitjan\u00e7ant l\u2019Aprenentatge Servei, donar resposta a les necessitats d\u2019inserci\u00f3 sociolaboral i d\u2019inclusi\u00f3 social de les persones usu\u00e0ries del servei, les quals tenen una problem\u00e0tica social derivada<br \/>\nde trastorn de salut mental.<\/td>\n<\/tr>\n<tr style=\"height: 32px;\">\n<td style=\"width: 25.3445%; height: 32px;\"><a href=\"https:\/\/serveiseducatius.xtec.cat\/lescorts\/wp-content\/uploads\/usu1169\/2022\/05\/FL56b_6XoAwgpgo.jpg\"><img loading=\"lazy\" decoding=\"async\" class=\"wp-image-14644 aligncenter\" src=\"https:\/\/serveiseducatius.xtec.cat\/lescorts\/wp-content\/uploads\/usu1169\/2022\/05\/FL56b_6XoAwgpgo.jpg\" alt=\"\" width=\"146\" height=\"77\" srcset=\"https:\/\/serveiseducatius.xtec.cat\/lescorts\/wp-content\/uploads\/usu1169\/2022\/05\/FL56b_6XoAwgpgo.jpg 886w, https:\/\/serveiseducatius.xtec.cat\/lescorts\/wp-content\/uploads\/usu1169\/2022\/05\/FL56b_6XoAwgpgo-300x159.jpg 300w, https:\/\/serveiseducatius.xtec.cat\/lescorts\/wp-content\/uploads\/usu1169\/2022\/05\/FL56b_6XoAwgpgo-768x407.jpg 768w\" sizes=\"auto, (max-width: 146px) 100vw, 146px\" \/><\/a><\/td>\n<td style=\"width: 74.6555%; height: 32px;\">\n<h4><a href=\"https:\/\/drive.google.com\/file\/d\/16vTFtFQ-Vj_1mWdrHfu9NMbHRWkp1fEY\/view?usp=sharing\">Empremta CO4 (eCO4)<\/a><\/h4>\n<p>Generar un moviment plural de joves COnscients, COherents, COmpromesos i COnstants en la lluita contra la degradaci\u00f3 ambiental, l&#8217;exclusi\u00f3, la desigualtat i la<br \/>\ninjust\u00edcia, aixoplugats per una Xarxa de Centres i Entitats Educatives que cooperen en l\u2019educaci\u00f3 per als ODS.<\/td>\n<\/tr>\n<tr style=\"height: 32px;\">\n<td style=\"width: 25.3445%; height: 32px;\"><img loading=\"lazy\" decoding=\"async\" class=\"aligncenter wp-image-15544\" src=\"https:\/\/serveiseducatius.xtec.cat\/lescorts\/wp-content\/uploads\/usu1169\/2023\/06\/baixa-2.jpg\" alt=\"\" width=\"180\" height=\"100\" \/><\/td>\n<td style=\"width: 74.6555%; height: 32px;\">\n<h4><a href=\"https:\/\/drive.google.com\/file\/d\/1hFNYMHTbp_Fj7qMu9jmA0nHUQHMbejEh\/view?usp=sharing\">Descobreix la pluralitat de creences al teu entorn<\/a><\/h4>\n<p>Descobrir la pluralitat de creences a l\u2019entorn de l\u2019alumnat, posar-la en valor i donar-la a con\u00e8ixer. Trencar prejudicis per afavorir el respecte a la diversitat<br \/>\ncultural i religiosa.<\/td>\n<\/tr>\n<\/tbody>\n<\/table>\n<h5 style=\"text-align: center;\"><strong>Fira d\u2019Entitats <\/strong><a href=\"https:\/\/serveiseducatius.xtec.cat\/lescorts\/servei-comunitari\/aprenentatge-i-servei-comunitari\/\"><strong>2024 <\/strong><\/a><strong>| <\/strong><strong><a href=\"https:\/\/serveiseducatius.xtec.cat\/lescorts\/fira-dentitats-dapsc-2023\/\">2023<\/a>\u00a0|\u00a0<a href=\"https:\/\/serveiseducatius.xtec.cat\/lescorts\/fira-dentitats-dapsc-2022\/\">2022<\/a>\u00a0|\u00a0<a href=\"https:\/\/serveiseducatius.xtec.cat\/lescorts\/fira-dentitats-daspc-2021\/\">2021<\/a>\u00a0|\u00a0<a href=\"https:\/\/serveiseducatius.xtec.cat\/lescorts\/fira-dentitats-dapsc-2020\/\">2020<\/a><\/strong><\/h5>\n","protected":false},"excerpt":{"rendered":"<p>Pen Catal\u00e0 Codissenyar sobre temes com la llibertat d&#8217;expressi\u00f3 (campanyes de den\u00fancia, estudi de casos, etc), mitjans de comunicaci\u00f3 (diaris digitals, r\u00e0dio, altres canals, etc), traducci\u00f3 i riquesa ling\u00fc\u00edstica a les aules, etc&#8230; Eduquem per combatre el racisme! Acabar generant un material educatiu que permeti sensibilitzar entorn el fenomen de les migracions. Idealment, un cop [&hellip;]<\/p>\n","protected":false},"author":1,"featured_media":0,"parent":0,"menu_order":0,"comment_status":"closed","ping_status":"closed","template":"","meta":{"_bbp_topic_count":0,"_bbp_reply_count":0,"_bbp_total_topic_count":0,"_bbp_total_reply_count":0,"_bbp_voice_count":0,"_bbp_anonymous_reply_count":0,"_bbp_topic_count_hidden":0,"_bbp_reply_count_hidden":0,"_bbp_forum_subforum_count":0,"site-sidebar-layout":"default","site-content-layout":"","ast-site-content-layout":"default","site-content-style":"default","site-sidebar-style":"default","ast-global-header-display":"","ast-banner-title-visibility":"","ast-main-header-display":"","ast-hfb-above-header-display":"","ast-hfb-below-header-display":"","ast-hfb-mobile-header-display":"","site-post-title":"","ast-breadcrumbs-content":"","ast-featured-img":"","footer-sml-layout":"","theme-transparent-header-meta":"","adv-header-id-meta":"","stick-header-meta":"","header-above-stick-meta":"","header-main-stick-meta":"","header-below-stick-meta":"","astra-migrate-meta-layouts":"set","ast-page-background-enabled":"default","ast-page-background-meta":{"desktop":{"background-color":"var(--ast-global-color-4)","background-image":"","background-repeat":"repeat","background-position":"center center","background-size":"auto","background-attachment":"scroll","background-type":"","background-media":"","overlay-type":"","overlay-color":"","overlay-opacity":"","overlay-gradient":""},"tablet":{"background-color":"","background-image":"","background-repeat":"repeat","background-position":"center center","background-size":"auto","background-attachment":"scroll","background-type":"","background-media":"","overlay-type":"","overlay-color":"","overlay-opacity":"","overlay-gradient":""},"mobile":{"background-color":"","background-image":"","background-repeat":"repeat","background-position":"center center","background-size":"auto","background-attachment":"scroll","background-type":"","background-media":"","overlay-type":"","overlay-color":"","overlay-opacity":"","overlay-gradient":""}},"ast-content-background-meta":{"desktop":{"background-color":"var(--ast-global-color-5)","background-image":"","background-repeat":"repeat","background-position":"center center","background-size":"auto","background-attachment":"scroll","background-type":"","background-media":"","overlay-type":"","overlay-color":"","overlay-opacity":"","overlay-gradient":""},"tablet":{"background-color":"var(--ast-global-color-5)","background-image":"","background-repeat":"repeat","background-position":"center center","background-size":"auto","background-attachment":"scroll","background-type":"","background-media":"","overlay-type":"","overlay-color":"","overlay-opacity":"","overlay-gradient":""},"mobile":{"background-color":"var(--ast-global-color-5)","background-image":"","background-repeat":"repeat","background-position":"center center","background-size":"auto","background-attachment":"scroll","background-type":"","background-media":"","overlay-type":"","overlay-color":"","overlay-opacity":"","overlay-gradient":""}},"footnotes":""},"class_list":["post-16071","page","type-page","status-publish","hentry"],"post_mailing_queue_ids":[],"_links":{"self":[{"href":"https:\/\/serveiseducatius.xtec.cat\/lescorts\/wp-json\/wp\/v2\/pages\/16071","targetHints":{"allow":["GET"]}}],"collection":[{"href":"https:\/\/serveiseducatius.xtec.cat\/lescorts\/wp-json\/wp\/v2\/pages"}],"about":[{"href":"https:\/\/serveiseducatius.xtec.cat\/lescorts\/wp-json\/wp\/v2\/types\/page"}],"author":[{"embeddable":true,"href":"https:\/\/serveiseducatius.xtec.cat\/lescorts\/wp-json\/wp\/v2\/users\/1"}],"replies":[{"embeddable":true,"href":"https:\/\/serveiseducatius.xtec.cat\/lescorts\/wp-json\/wp\/v2\/comments?post=16071"}],"version-history":[{"count":6,"href":"https:\/\/serveiseducatius.xtec.cat\/lescorts\/wp-json\/wp\/v2\/pages\/16071\/revisions"}],"predecessor-version":[{"id":17335,"href":"https:\/\/serveiseducatius.xtec.cat\/lescorts\/wp-json\/wp\/v2\/pages\/16071\/revisions\/17335"}],"wp:attachment":[{"href":"https:\/\/serveiseducatius.xtec.cat\/lescorts\/wp-json\/wp\/v2\/media?parent=16071"}],"curies":[{"name":"wp","href":"https:\/\/api.w.org\/{rel}","templated":true}]}}