{"id":14055,"date":"2021-09-17T13:00:37","date_gmt":"2021-09-17T11:00:37","guid":{"rendered":"https:\/\/serveiseducatius.xtec.cat\/lescorts\/?page_id=14055"},"modified":"2025-07-12T08:24:12","modified_gmt":"2025-07-12T06:24:12","slug":"nus-espai-de-comunicacio-i-collaboracio-digital","status":"publish","type":"page","link":"https:\/\/serveiseducatius.xtec.cat\/lescorts\/pla-deducacio-digital-de-catalunya\/nus-espai-de-comunicacio-i-collaboracio-digital\/","title":{"rendered":"NUS: espai de comunicaci\u00f3 i col\u00b7laboraci\u00f3 digital"},"content":{"rendered":"<h6><a href=\"https:\/\/comunitat.edigital.cat\/\" target=\"_blank\" rel=\"noopener\"><img loading=\"lazy\" decoding=\"async\" class=\"alignright wp-image-14059 \" src=\"https:\/\/serveiseducatius.xtec.cat\/lescorts\/wp-content\/uploads\/usu1169\/2021\/09\/images.png\" alt=\"\" width=\"368\" height=\"368\" srcset=\"https:\/\/serveiseducatius.xtec.cat\/lescorts\/wp-content\/uploads\/usu1169\/2021\/09\/images.png 225w, https:\/\/serveiseducatius.xtec.cat\/lescorts\/wp-content\/uploads\/usu1169\/2021\/09\/images-150x150.png 150w\" sizes=\"auto, (max-width: 368px) 100vw, 368px\" \/><\/a><a href=\"https:\/\/comunitat.edigital.cat\/\" target=\"_blank\" rel=\"noopener\">NUS<\/a> \u00e9s un espai de conversa i col\u00b7laboraci\u00f3 on compartir experi\u00e8ncies i solucions relacionades amb la pr\u00e0ctica docent.<\/h6>\n<p>En aquest punt de trobada virtual els equips impulsors de cultura i estrat\u00e8gia digital dels centres i serveis educatius podem compartir les nostres pr\u00e0ctiques, aix\u00ed com plantejar dubtes, neguits i demanar l&#8217;acompanyament d&#8217;altres comunitats digitals de l&#8217;\u00e0mbit educatiu de Catalunya.<\/p>\n<p>Hi ha diversos<strong> NUSOS oberts. Afegiu-vos-hi. Per entrar-hi nom\u00e9s cal que feu un clic damunt les imatges: *<\/strong><\/p>\n<ul>\n<li><strong><a href=\"https:\/\/comunitat.edigital.cat\/c\/parlem-deducacio\/\" target=\"_blank\" rel=\"noopener\">NUS: Parlem d&#8217;educaci\u00f3<\/a>:<\/strong> <em>Per parlar de manera transversal i constructiva del passat, present i sobretot del futur de l\u2019educaci\u00f3.<\/em><\/li>\n<\/ul>\n<p><a href=\"https:\/\/comunitat.edigital.cat\/c\/parlem-deducacio\/\" target=\"_blank\" rel=\"noopener\"><img loading=\"lazy\" decoding=\"async\" class=\"alignleft wp-image-15676 size-full\" src=\"https:\/\/serveiseducatius.xtec.cat\/lescorts\/wp-content\/uploads\/usu1169\/2023\/07\/Nus-educacio.png\" alt=\"\" width=\"210\" height=\"38\" \/><\/a><\/p>\n<p>&nbsp;<\/p>\n<p>&nbsp;<\/p>\n<ul>\n<li><strong><a href=\"https:\/\/comunitat.edigital.cat\/c\/educacio-inclusiva\" target=\"_blank\" rel=\"noopener\">N<\/a><\/strong><strong><a href=\"https:\/\/comunitat.edigital.cat\/c\/educacio-inclusiva\" target=\"_blank\" rel=\"noopener\">US: Educaci\u00f3 inclusiva<\/a>:<\/strong> <em>Espai de comunicaci\u00f3 de l\u2019ecosistema educatiu inclusiu.<\/em><\/li>\n<\/ul>\n<p><a href=\"https:\/\/comunitat.edigital.cat\/c\/educacio-inclusiva\" target=\"_blank\" rel=\"noopener\"><img loading=\"lazy\" decoding=\"async\" class=\"alignleft wp-image-15671 size-full\" src=\"https:\/\/serveiseducatius.xtec.cat\/lescorts\/wp-content\/uploads\/usu1169\/2023\/07\/nus-educacio-inclusiva.png\" alt=\"\" width=\"209\" height=\"38\" \/><\/a><\/p>\n<p>&nbsp;<\/p>\n<p>&nbsp;<\/p>\n<ul>\n<li><strong><a href=\"https:\/\/comunitat.edigital.cat\/c\/formacio-professional\/\" target=\"_blank\" rel=\"noopener\">NUS: Formaci\u00f3 professional FP<\/a>:<\/strong><em> Espai on parlar i compartir experi\u00e8ncies, recursos, problemes i solucions relacionats amb la FP.<\/em><\/li>\n<\/ul>\n<p><a href=\"https:\/\/comunitat.edigital.cat\/c\/formacio-professional\/\" target=\"_blank\" rel=\"noopener\"><img loading=\"lazy\" decoding=\"async\" class=\"alignleft wp-image-15673 size-full\" src=\"https:\/\/serveiseducatius.xtec.cat\/lescorts\/wp-content\/uploads\/usu1169\/2023\/07\/Nus-de-FP.png\" alt=\"\" width=\"255\" height=\"40\" \/><\/a><\/p>\n<p>&nbsp;<\/p>\n<p>&nbsp;<\/p>\n<ul>\n<li><strong><a href=\"https:\/\/comunitat.edigital.cat\/c\/adults\/\" target=\"_blank\" rel=\"noopener\">NUS: Formaci\u00f3 d&#8217;adults<\/a>: <\/strong><em>Espai de trobada del professorat de persones adultes per compartir experi\u00e8ncies, recursos i reflexions sobre la pr\u00e0ctica docent.<\/em><\/li>\n<\/ul>\n<p><a href=\"https:\/\/comunitat.edigital.cat\/c\/adults\/\" target=\"_blank\" rel=\"noopener\"><img loading=\"lazy\" decoding=\"async\" class=\"alignleft wp-image-15674 size-full\" src=\"https:\/\/serveiseducatius.xtec.cat\/lescorts\/wp-content\/uploads\/usu1169\/2023\/07\/nus-adults.png\" alt=\"\" width=\"206\" height=\"29\" srcset=\"https:\/\/serveiseducatius.xtec.cat\/lescorts\/wp-content\/uploads\/usu1169\/2023\/07\/nus-adults.png 206w, https:\/\/serveiseducatius.xtec.cat\/lescorts\/wp-content\/uploads\/usu1169\/2023\/07\/nus-adults-200x29.png 200w\" sizes=\"auto, (max-width: 206px) 100vw, 206px\" \/><\/a><\/p>\n<p>&nbsp;<\/p>\n<p>&nbsp;<\/p>\n<ul>\n<li><strong><a href=\"https:\/\/comunitat.edigital.cat\/c\/bescat\/\" target=\"_blank\" rel=\"noopener\">NUS: Biblioteques escolars<\/a>: <\/strong><em>Espai d\u2019intercanvi d\u2019experi\u00e8ncies i recomanacions relacionades amb les biblioteques escolars dels centres educatius de Catalunya.<\/em><\/li>\n<\/ul>\n<p><a href=\"https:\/\/comunitat.edigital.cat\/c\/bescat\/\" target=\"_blank\" rel=\"noopener\"><img loading=\"lazy\" decoding=\"async\" class=\"alignleft wp-image-15675 size-full\" src=\"https:\/\/serveiseducatius.xtec.cat\/lescorts\/wp-content\/uploads\/usu1169\/2023\/07\/nus-de-biblioteques.png\" alt=\"\" width=\"242\" height=\"35\" \/><\/a><\/p>\n<p>&nbsp;<\/p>\n<p>&nbsp;<\/p>\n<ul>\n<li><strong><a href=\"https:\/\/comunitat.edigital.cat\/c\/tecnologies-aula\/\" target=\"_blank\" rel=\"noopener\">NUS: Tecnologies digitals a l&#8217;aula<\/a>:<\/strong><em>Com fer-les servir a dins de l\u2019aula per millorar els processos d\u2019ensenyament-aprenentatge.<\/em><\/li>\n<\/ul>\n<p><a href=\"https:\/\/comunitat.edigital.cat\/c\/tecnologies-aula\/\" target=\"_blank\" rel=\"noopener\"><img loading=\"lazy\" decoding=\"async\" class=\"alignleft wp-image-15679 size-medium\" src=\"https:\/\/serveiseducatius.xtec.cat\/lescorts\/wp-content\/uploads\/usu1169\/2023\/07\/NUS-TAC-300x36.png\" alt=\"\" width=\"300\" height=\"36\" srcset=\"https:\/\/serveiseducatius.xtec.cat\/lescorts\/wp-content\/uploads\/usu1169\/2023\/07\/NUS-TAC-300x36.png 300w, https:\/\/serveiseducatius.xtec.cat\/lescorts\/wp-content\/uploads\/usu1169\/2023\/07\/NUS-TAC.png 303w\" sizes=\"auto, (max-width: 300px) 100vw, 300px\" \/><\/a><\/p>\n<p>&nbsp;<\/p>\n<p>&nbsp;<\/p>\n<ul>\n<li><strong><a href=\"https:\/\/comunitat.edigital.cat\/g\/cdd\" target=\"_blank\" rel=\"noopener\">NUS: Compet\u00e8ncia digital docent<\/a>: <\/strong><em>adre\u00e7at a tots els\/les mestres i professorat<\/em><\/li>\n<\/ul>\n<p><a href=\"https:\/\/comunitat.edigital.cat\/g\/cdd\" target=\"_blank\" rel=\"noopener\"><img loading=\"lazy\" decoding=\"async\" class=\"alignnone size-full wp-image-14060\" src=\"https:\/\/serveiseducatius.xtec.cat\/lescorts\/wp-content\/uploads\/usu1169\/2021\/09\/CDD.png\" alt=\"\" width=\"171\" height=\"62\" \/><\/a><\/p>\n<ul>\n<li><strong><a href=\"https:\/\/comunitat.edigital.cat\/g\/comissio-digital\" target=\"_blank\" rel=\"noopener\">NUS: Comissi\u00f3 digital de centre<\/a>: <\/strong><em>adre\u00e7at a tots els\/les membres dels equips impulsor i comissions digitals del centre<\/em><\/li>\n<\/ul>\n<p><a href=\"https:\/\/comunitat.edigital.cat\/g\/comissio-digital\" target=\"_blank\" rel=\"noopener\"><img loading=\"lazy\" decoding=\"async\" class=\"alignnone size-full wp-image-14057\" src=\"https:\/\/serveiseducatius.xtec.cat\/lescorts\/wp-content\/uploads\/usu1169\/2021\/09\/CDC.png\" alt=\"\" width=\"163\" height=\"83\" \/><\/a><\/p>\n<ul>\n<li><strong><a href=\"https:\/\/comunitat.edigital.cat\/g\/coordinacio-digital\" target=\"_blank\" rel=\"noopener\">NUS: Coordinaci\u00f3 digital de centre<\/a>:\u00a0<\/strong><em>adre\u00e7at a tots els\/les coordinadors\/es TAC del centre.<\/em><\/li>\n<\/ul>\n<p><a href=\"https:\/\/comunitat.edigital.cat\/g\/coordinacio-digital\" target=\"_blank\" rel=\"noopener\"><img loading=\"lazy\" decoding=\"async\" class=\"alignnone size-full wp-image-14058\" src=\"https:\/\/serveiseducatius.xtec.cat\/lescorts\/wp-content\/uploads\/usu1169\/2021\/09\/CODC.png\" alt=\"\" width=\"170\" height=\"81\" \/><\/a><\/p>\n<ul>\n<li><strong><a href=\"https:\/\/comunitat.edigital.cat\/g\/mentors-digitals\" target=\"_blank\" rel=\"noopener\">NUS: Estrat\u00e8gia Digital de Centre<\/a>: <\/strong><em>Espai amb les subcategories relacionades amb l\u2019Estrat\u00e8gia Digital de Centre: les comissiones d\u2019EDC dels centres i les mentories digitals.<\/em><\/li>\n<\/ul>\n<p><a href=\"https:\/\/comunitat.edigital.cat\/g\/mentors-digitals\" target=\"_blank\" rel=\"noopener\"><img loading=\"lazy\" decoding=\"async\" class=\"wp-image-15678 size-full alignleft\" src=\"https:\/\/serveiseducatius.xtec.cat\/lescorts\/wp-content\/uploads\/usu1169\/2023\/07\/Nus-EDC.png\" alt=\"\" width=\"286\" height=\"37\" \/><\/a><\/p>\n<p>&nbsp;<\/p>\n<p>&nbsp;<\/p>\n<p>* <em>Per m\u00e9s espais consulteu el seg\u00fcent web<\/em> &#8212;&gt; <a href=\"https:\/\/projectes.xtec.cat\/digital\/grups-de-nus\/\" target=\"_blank\" rel=\"noopener\">https:\/\/projectes.xtec.cat\/digital\/grups-de-nus\/<\/a><\/p>\n<p><!--a=1--><\/p>\n<p><!--a=1--><!--a=1--><\/p>\n","protected":false},"excerpt":{"rendered":"<p>NUS \u00e9s un espai de conversa i col\u00b7laboraci\u00f3 on compartir experi\u00e8ncies i solucions relacionades amb la pr\u00e0ctica docent. En aquest punt de trobada virtual els equips impulsors de cultura i estrat\u00e8gia digital dels centres i serveis educatius podem compartir les nostres pr\u00e0ctiques, aix\u00ed com plantejar dubtes, neguits i demanar l&#8217;acompanyament d&#8217;altres comunitats digitals de l&#8217;\u00e0mbit [&hellip;]<\/p>\n","protected":false},"author":1,"featured_media":0,"parent":13944,"menu_order":5,"comment_status":"closed","ping_status":"closed","template":"","meta":{"_bbp_topic_count":0,"_bbp_reply_count":0,"_bbp_total_topic_count":0,"_bbp_total_reply_count":0,"_bbp_voice_count":0,"_bbp_anonymous_reply_count":0,"_bbp_topic_count_hidden":0,"_bbp_reply_count_hidden":0,"_bbp_forum_subforum_count":0,"site-sidebar-layout":"default","site-content-layout":"","ast-site-content-layout":"default","site-content-style":"default","site-sidebar-style":"default","ast-global-header-display":"","ast-banner-title-visibility":"","ast-main-header-display":"","ast-hfb-above-header-display":"","ast-hfb-below-header-display":"","ast-hfb-mobile-header-display":"","site-post-title":"","ast-breadcrumbs-content":"","ast-featured-img":"","footer-sml-layout":"","theme-transparent-header-meta":"default","adv-header-id-meta":"","stick-header-meta":"","header-above-stick-meta":"","header-main-stick-meta":"","header-below-stick-meta":"","astra-migrate-meta-layouts":"set","ast-page-background-enabled":"default","ast-page-background-meta":{"desktop":{"background-color":"var(--ast-global-color-4)","background-image":"","background-repeat":"repeat","background-position":"center center","background-size":"auto","background-attachment":"scroll","background-type":"","background-media":"","overlay-type":"","overlay-color":"","overlay-opacity":"","overlay-gradient":""},"tablet":{"background-color":"","background-image":"","background-repeat":"repeat","background-position":"center center","background-size":"auto","background-attachment":"scroll","background-type":"","background-media":"","overlay-type":"","overlay-color":"","overlay-opacity":"","overlay-gradient":""},"mobile":{"background-color":"","background-image":"","background-repeat":"repeat","background-position":"center center","background-size":"auto","background-attachment":"scroll","background-type":"","background-media":"","overlay-type":"","overlay-color":"","overlay-opacity":"","overlay-gradient":""}},"ast-content-background-meta":{"desktop":{"background-color":"var(--ast-global-color-5)","background-image":"","background-repeat":"repeat","background-position":"center center","background-size":"auto","background-attachment":"scroll","background-type":"","background-media":"","overlay-type":"","overlay-color":"","overlay-opacity":"","overlay-gradient":""},"tablet":{"background-color":"var(--ast-global-color-5)","background-image":"","background-repeat":"repeat","background-position":"center center","background-size":"auto","background-attachment":"scroll","background-type":"","background-media":"","overlay-type":"","overlay-color":"","overlay-opacity":"","overlay-gradient":""},"mobile":{"background-color":"var(--ast-global-color-5)","background-image":"","background-repeat":"repeat","background-position":"center center","background-size":"auto","background-attachment":"scroll","background-type":"","background-media":"","overlay-type":"","overlay-color":"","overlay-opacity":"","overlay-gradient":""}},"footnotes":""},"class_list":["post-14055","page","type-page","status-publish","hentry"],"post_mailing_queue_ids":[],"_links":{"self":[{"href":"https:\/\/serveiseducatius.xtec.cat\/lescorts\/wp-json\/wp\/v2\/pages\/14055","targetHints":{"allow":["GET"]}}],"collection":[{"href":"https:\/\/serveiseducatius.xtec.cat\/lescorts\/wp-json\/wp\/v2\/pages"}],"about":[{"href":"https:\/\/serveiseducatius.xtec.cat\/lescorts\/wp-json\/wp\/v2\/types\/page"}],"author":[{"embeddable":true,"href":"https:\/\/serveiseducatius.xtec.cat\/lescorts\/wp-json\/wp\/v2\/users\/1"}],"replies":[{"embeddable":true,"href":"https:\/\/serveiseducatius.xtec.cat\/lescorts\/wp-json\/wp\/v2\/comments?post=14055"}],"version-history":[{"count":5,"href":"https:\/\/serveiseducatius.xtec.cat\/lescorts\/wp-json\/wp\/v2\/pages\/14055\/revisions"}],"predecessor-version":[{"id":17167,"href":"https:\/\/serveiseducatius.xtec.cat\/lescorts\/wp-json\/wp\/v2\/pages\/14055\/revisions\/17167"}],"up":[{"embeddable":true,"href":"https:\/\/serveiseducatius.xtec.cat\/lescorts\/wp-json\/wp\/v2\/pages\/13944"}],"wp:attachment":[{"href":"https:\/\/serveiseducatius.xtec.cat\/lescorts\/wp-json\/wp\/v2\/media?parent=14055"}],"curies":[{"name":"wp","href":"https:\/\/api.w.org\/{rel}","templated":true}]}}