{"id":14036,"date":"2021-09-17T10:50:41","date_gmt":"2021-09-17T08:50:41","guid":{"rendered":"https:\/\/serveiseducatius.xtec.cat\/lescorts\/?page_id=14036"},"modified":"2025-07-12T23:58:19","modified_gmt":"2025-07-12T21:58:19","slug":"subxarxa-de-coordinacio-digital-xtcd","status":"publish","type":"page","link":"https:\/\/serveiseducatius.xtec.cat\/lescorts\/pla-deducacio-digital-de-catalunya\/xarxa-territorial-del-cultura-digital\/subxarxa-de-coordinacio-digital-xtcd\/","title":{"rendered":"Subxarxa de Coordinaci\u00f3 Digital [XTCD]"},"content":{"rendered":"<p>Aquesta subxarxa proporciona un espai de comunicaci\u00f3 on tractar els temes relacionats amb la coordinaci\u00f3 digital de centre.<\/p>\n<p>Elements de suport de la subxarxa s\u00f3n:<\/p>\n<ul>\n<li><a href=\"https:\/\/educacio.gencat.cat\/web\/.content\/home\/departament\/publicacions\/colleccions\/pla-educacio-digital\/orientacions-coordinacio-digital-centre\/orientacions-coordinacio-digital-centre.pdf\" target=\"_blank\" rel=\"noopener\">Document d\u2019orientacions de la coordinaci\u00f3 digital<\/a><\/li>\n<li><a href=\"https:\/\/projectes.xtec.cat\/digital\/perfils\/coordinacio-digital\/\" target=\"_blank\" rel=\"noopener\">Nodes de coordinaci\u00f3 digital<\/a><\/li>\n<li><a href=\"https:\/\/comunitat.edigital.cat\/c\/coordinacio-digital\/105\" target=\"_blank\" rel=\"noopener\">Grup de coordinaci\u00f3 digital al Nus<\/a><\/li>\n<\/ul>\n<p>Per accedir-hi nom\u00e9s cal que feu un clic damunt la imatge<\/p>\n<p><a href=\"https:\/\/projectes.xtec.cat\/xtcd\/coordinacio-digital-de-centre\/\" target=\"_blank\" rel=\"noopener\"><img loading=\"lazy\" decoding=\"async\" class=\"size-full wp-image-14037 aligncenter\" src=\"https:\/\/serveiseducatius.xtec.cat\/lescorts\/wp-content\/uploads\/usu1169\/2021\/09\/youtube-cdc.png\" alt=\"\" width=\"535\" height=\"203\" srcset=\"https:\/\/serveiseducatius.xtec.cat\/lescorts\/wp-content\/uploads\/usu1169\/2021\/09\/youtube-cdc.png 535w, https:\/\/serveiseducatius.xtec.cat\/lescorts\/wp-content\/uploads\/usu1169\/2021\/09\/youtube-cdc-300x114.png 300w\" sizes=\"auto, (max-width: 535px) 100vw, 535px\" \/><\/a><\/p>\n<p><!--a=1--><\/p>\n","protected":false},"excerpt":{"rendered":"<p>Aquesta subxarxa proporciona un espai de comunicaci\u00f3 on tractar els temes relacionats amb la coordinaci\u00f3 digital de centre. Elements de suport de la subxarxa s\u00f3n: Document d\u2019orientacions de la coordinaci\u00f3 digital Nodes de coordinaci\u00f3 digital Grup de coordinaci\u00f3 digital al Nus Per accedir-hi nom\u00e9s cal que feu un clic damunt la imatge<\/p>\n","protected":false},"author":1,"featured_media":0,"parent":14001,"menu_order":3,"comment_status":"closed","ping_status":"closed","template":"","meta":{"_bbp_topic_count":0,"_bbp_reply_count":0,"_bbp_total_topic_count":0,"_bbp_total_reply_count":0,"_bbp_voice_count":0,"_bbp_anonymous_reply_count":0,"_bbp_topic_count_hidden":0,"_bbp_reply_count_hidden":0,"_bbp_forum_subforum_count":0,"site-sidebar-layout":"default","site-content-layout":"","ast-site-content-layout":"default","site-content-style":"default","site-sidebar-style":"default","ast-global-header-display":"","ast-banner-title-visibility":"","ast-main-header-display":"","ast-hfb-above-header-display":"","ast-hfb-below-header-display":"","ast-hfb-mobile-header-display":"","site-post-title":"","ast-breadcrumbs-content":"","ast-featured-img":"","footer-sml-layout":"","theme-transparent-header-meta":"default","adv-header-id-meta":"","stick-header-meta":"","header-above-stick-meta":"","header-main-stick-meta":"","header-below-stick-meta":"","astra-migrate-meta-layouts":"set","ast-page-background-enabled":"default","ast-page-background-meta":{"desktop":{"background-color":"var(--ast-global-color-4)","background-image":"","background-repeat":"repeat","background-position":"center center","background-size":"auto","background-attachment":"scroll","background-type":"","background-media":"","overlay-type":"","overlay-color":"","overlay-opacity":"","overlay-gradient":""},"tablet":{"background-color":"","background-image":"","background-repeat":"repeat","background-position":"center center","background-size":"auto","background-attachment":"scroll","background-type":"","background-media":"","overlay-type":"","overlay-color":"","overlay-opacity":"","overlay-gradient":""},"mobile":{"background-color":"","background-image":"","background-repeat":"repeat","background-position":"center center","background-size":"auto","background-attachment":"scroll","background-type":"","background-media":"","overlay-type":"","overlay-color":"","overlay-opacity":"","overlay-gradient":""}},"ast-content-background-meta":{"desktop":{"background-color":"var(--ast-global-color-5)","background-image":"","background-repeat":"repeat","background-position":"center center","background-size":"auto","background-attachment":"scroll","background-type":"","background-media":"","overlay-type":"","overlay-color":"","overlay-opacity":"","overlay-gradient":""},"tablet":{"background-color":"var(--ast-global-color-5)","background-image":"","background-repeat":"repeat","background-position":"center center","background-size":"auto","background-attachment":"scroll","background-type":"","background-media":"","overlay-type":"","overlay-color":"","overlay-opacity":"","overlay-gradient":""},"mobile":{"background-color":"var(--ast-global-color-5)","background-image":"","background-repeat":"repeat","background-position":"center center","background-size":"auto","background-attachment":"scroll","background-type":"","background-media":"","overlay-type":"","overlay-color":"","overlay-opacity":"","overlay-gradient":""}},"footnotes":""},"class_list":["post-14036","page","type-page","status-publish","hentry"],"post_mailing_queue_ids":[],"_links":{"self":[{"href":"https:\/\/serveiseducatius.xtec.cat\/lescorts\/wp-json\/wp\/v2\/pages\/14036","targetHints":{"allow":["GET"]}}],"collection":[{"href":"https:\/\/serveiseducatius.xtec.cat\/lescorts\/wp-json\/wp\/v2\/pages"}],"about":[{"href":"https:\/\/serveiseducatius.xtec.cat\/lescorts\/wp-json\/wp\/v2\/types\/page"}],"author":[{"embeddable":true,"href":"https:\/\/serveiseducatius.xtec.cat\/lescorts\/wp-json\/wp\/v2\/users\/1"}],"replies":[{"embeddable":true,"href":"https:\/\/serveiseducatius.xtec.cat\/lescorts\/wp-json\/wp\/v2\/comments?post=14036"}],"version-history":[{"count":2,"href":"https:\/\/serveiseducatius.xtec.cat\/lescorts\/wp-json\/wp\/v2\/pages\/14036\/revisions"}],"predecessor-version":[{"id":17207,"href":"https:\/\/serveiseducatius.xtec.cat\/lescorts\/wp-json\/wp\/v2\/pages\/14036\/revisions\/17207"}],"up":[{"embeddable":true,"href":"https:\/\/serveiseducatius.xtec.cat\/lescorts\/wp-json\/wp\/v2\/pages\/14001"}],"wp:attachment":[{"href":"https:\/\/serveiseducatius.xtec.cat\/lescorts\/wp-json\/wp\/v2\/media?parent=14036"}],"curies":[{"name":"wp","href":"https:\/\/api.w.org\/{rel}","templated":true}]}}