{"id":14033,"date":"2021-09-17T10:40:03","date_gmt":"2021-09-17T08:40:03","guid":{"rendered":"https:\/\/serveiseducatius.xtec.cat\/lescorts\/?page_id=14033"},"modified":"2023-07-06T15:17:05","modified_gmt":"2023-07-06T13:17:05","slug":"subxarxa-destrategia-digital-de-centre","status":"publish","type":"page","link":"https:\/\/serveiseducatius.xtec.cat\/lescorts\/pla-deducacio-digital-de-catalunya\/xarxa-territorial-del-cultura-digital\/subxarxa-destrategia-digital-de-centre\/","title":{"rendered":"Subxarxa de la Comissi\u00f3  Digital de Centre"},"content":{"rendered":"<p>Aquesta subxarxa va dirigida a persones que formen partde les comissions digitals de centre. Es focalitza en donar suport als components de la comissi\u00f3 digital per millorar, de forma transversal, la compet\u00e8ncia digital de l\u2019alumnat, impulsant la necess\u00e0ria transformaci\u00f3 digital dels centres a trav\u00e9s de l\u2019EDC.<\/p>\n<p><a href=\"https:\/\/projectes.xtec.cat\/xtcd\/estrategia-digital-de-centre\/\" target=\"_blank\" rel=\"noopener\"><img loading=\"lazy\" decoding=\"async\" class=\"size-full wp-image-14034 aligncenter\" src=\"https:\/\/serveiseducatius.xtec.cat\/lescorts\/wp-content\/uploads\/usu1169\/2021\/09\/edc-1.png\" alt=\"\" width=\"626\" height=\"381\" srcset=\"https:\/\/serveiseducatius.xtec.cat\/lescorts\/wp-content\/uploads\/usu1169\/2021\/09\/edc-1.png 626w, https:\/\/serveiseducatius.xtec.cat\/lescorts\/wp-content\/uploads\/usu1169\/2021\/09\/edc-1-300x183.png 300w\" sizes=\"auto, (max-width: 626px) 100vw, 626px\" \/><\/a><\/p>\n<p><strong>Objectius<\/strong><br \/>\n\u25cf Avaluar i actualitzar l\u2019estrat\u00e8gia digital de centre per avan\u00e7ar en la transformaci\u00f3<br \/>\ndigital dels centres participants:<\/p>\n<p style=\"padding-left: 40px;\">\n\u25cb Promoure la creaci\u00f3 d&#8217;espais de reflexi\u00f3, en els seminaris territorials de la<br \/>\nmateixa xarxa i en els centres, sobre l\u2019\u00fas de la tecnologia digital, identificant<br \/>\nels avantatges i els inconvenients d\u2019aquesta tecnologia, per millorar<br \/>\nl\u2019aprenentatge de l\u2019alumnat.<br \/>\n\u25cb Acompanyar els centres en el disseny d\u2019estrat\u00e8gies per millorar la<br \/>\ncompet\u00e8ncia digital de l\u2019alumnat.<br \/>\n\u25cb Acompanyar els centres en el disseny d\u2019estrat\u00e8gies per millorar els aspectes<br \/>\norganitzatius, de comunicaci\u00f3 i de seguretat digitals dels centres.<\/p>\n<p>\u25cf Fomentar l&#8217;intercanvi d&#8217;experi\u00e8ncies entre els docents i entre els centres per fer<br \/>\ntransfer\u00e8ncia de sabers compartits.<\/p>\n<p>&nbsp;<\/p>\n<p><strong>Alguns dels continguts que s&#8217;hi tracten:<\/strong><br \/>\n\u25cf Orientacions per l\u2019assoliment i l\u2019avaluaci\u00f3 de la compet\u00e8ncia digital de l\u2019alumnat.<br \/>\n\u25cf Equipaments de rob\u00f2tica, aules digitals vivencials, panells interactius, maleta audiovisual, etc.<br \/>\n\u25cf Aspectes organitzatius, de comunicaci\u00f3 i de seguretat digitals dels centres.<br \/>\n\u25cf Seguretat i benestar emocional dels alumnes (cyberbullying, fakenews\u2026)<br \/>\n\u25cf Reflexi\u00f3 sobre l\u2019\u00fas de la tecnologia digital, com ara la IA\u2026<br \/>\n\u25cf Detecci\u00f3 de necessitats i planificaci\u00f3 d\u2019accions formatives dels docents en relaci\u00f3 amb la compet\u00e8ncia digital docent.<br \/>\n\u25cf \u2026<\/p>\n","protected":false},"excerpt":{"rendered":"<p>Aquesta subxarxa va dirigida a persones que formen partde les comissions digitals de centre. Es focalitza en donar suport als components de la comissi\u00f3 digital per millorar, de forma transversal, la compet\u00e8ncia digital de l\u2019alumnat, impulsant la necess\u00e0ria transformaci\u00f3 digital dels centres a trav\u00e9s de l\u2019EDC. Objectius \u25cf Avaluar i actualitzar l\u2019estrat\u00e8gia digital de centre [&hellip;]<\/p>\n","protected":false},"author":1,"featured_media":0,"parent":14001,"menu_order":2,"comment_status":"closed","ping_status":"closed","template":"page-templates\/side-menu.php","meta":{"_bbp_topic_count":0,"_bbp_reply_count":0,"_bbp_total_topic_count":0,"_bbp_total_reply_count":0,"_bbp_voice_count":0,"_bbp_anonymous_reply_count":0,"_bbp_topic_count_hidden":0,"_bbp_reply_count_hidden":0,"_bbp_forum_subforum_count":0,"site-sidebar-layout":"default","site-content-layout":"","ast-site-content-layout":"","site-content-style":"default","site-sidebar-style":"default","ast-global-header-display":"","ast-banner-title-visibility":"","ast-main-header-display":"","ast-hfb-above-header-display":"","ast-hfb-below-header-display":"","ast-hfb-mobile-header-display":"","site-post-title":"","ast-breadcrumbs-content":"","ast-featured-img":"","footer-sml-layout":"","theme-transparent-header-meta":"","adv-header-id-meta":"","stick-header-meta":"","header-above-stick-meta":"","header-main-stick-meta":"","header-below-stick-meta":"","astra-migrate-meta-layouts":"default","ast-page-background-enabled":"default","ast-page-background-meta":{"desktop":{"background-color":"var(--ast-global-color-4)","background-image":"","background-repeat":"repeat","background-position":"center center","background-size":"auto","background-attachment":"scroll","background-type":"","background-media":"","overlay-type":"","overlay-color":"","overlay-opacity":"","overlay-gradient":""},"tablet":{"background-color":"","background-image":"","background-repeat":"repeat","background-position":"center center","background-size":"auto","background-attachment":"scroll","background-type":"","background-media":"","overlay-type":"","overlay-color":"","overlay-opacity":"","overlay-gradient":""},"mobile":{"background-color":"","background-image":"","background-repeat":"repeat","background-position":"center center","background-size":"auto","background-attachment":"scroll","background-type":"","background-media":"","overlay-type":"","overlay-color":"","overlay-opacity":"","overlay-gradient":""}},"ast-content-background-meta":{"desktop":{"background-color":"var(--ast-global-color-5)","background-image":"","background-repeat":"repeat","background-position":"center center","background-size":"auto","background-attachment":"scroll","background-type":"","background-media":"","overlay-type":"","overlay-color":"","overlay-opacity":"","overlay-gradient":""},"tablet":{"background-color":"var(--ast-global-color-5)","background-image":"","background-repeat":"repeat","background-position":"center center","background-size":"auto","background-attachment":"scroll","background-type":"","background-media":"","overlay-type":"","overlay-color":"","overlay-opacity":"","overlay-gradient":""},"mobile":{"background-color":"var(--ast-global-color-5)","background-image":"","background-repeat":"repeat","background-position":"center center","background-size":"auto","background-attachment":"scroll","background-type":"","background-media":"","overlay-type":"","overlay-color":"","overlay-opacity":"","overlay-gradient":""}},"footnotes":""},"class_list":["post-14033","page","type-page","status-publish","hentry"],"post_mailing_queue_ids":[],"_links":{"self":[{"href":"https:\/\/serveiseducatius.xtec.cat\/lescorts\/wp-json\/wp\/v2\/pages\/14033","targetHints":{"allow":["GET"]}}],"collection":[{"href":"https:\/\/serveiseducatius.xtec.cat\/lescorts\/wp-json\/wp\/v2\/pages"}],"about":[{"href":"https:\/\/serveiseducatius.xtec.cat\/lescorts\/wp-json\/wp\/v2\/types\/page"}],"author":[{"embeddable":true,"href":"https:\/\/serveiseducatius.xtec.cat\/lescorts\/wp-json\/wp\/v2\/users\/1"}],"replies":[{"embeddable":true,"href":"https:\/\/serveiseducatius.xtec.cat\/lescorts\/wp-json\/wp\/v2\/comments?post=14033"}],"version-history":[{"count":3,"href":"https:\/\/serveiseducatius.xtec.cat\/lescorts\/wp-json\/wp\/v2\/pages\/14033\/revisions"}],"predecessor-version":[{"id":15670,"href":"https:\/\/serveiseducatius.xtec.cat\/lescorts\/wp-json\/wp\/v2\/pages\/14033\/revisions\/15670"}],"up":[{"embeddable":true,"href":"https:\/\/serveiseducatius.xtec.cat\/lescorts\/wp-json\/wp\/v2\/pages\/14001"}],"wp:attachment":[{"href":"https:\/\/serveiseducatius.xtec.cat\/lescorts\/wp-json\/wp\/v2\/media?parent=14033"}],"curies":[{"name":"wp","href":"https:\/\/api.w.org\/{rel}","templated":true}]}}