{"id":14001,"date":"2021-09-11T10:32:23","date_gmt":"2021-09-11T08:32:23","guid":{"rendered":"https:\/\/serveiseducatius.xtec.cat\/lescorts\/?page_id=14001"},"modified":"2024-10-17T14:39:28","modified_gmt":"2024-10-17T12:39:28","slug":"xarxa-territorial-del-cultura-digital","status":"publish","type":"page","link":"https:\/\/serveiseducatius.xtec.cat\/lescorts\/pla-deducacio-digital-de-catalunya\/xarxa-territorial-del-cultura-digital\/","title":{"rendered":"Xarxa Territorial del Cultura Digital (XTCD)"},"content":{"rendered":"<p>La <a href=\"https:\/\/projectes.xtec.cat\/xtcd\/\" target=\"_blank\" rel=\"noopener\">Xarxa Territorial de Cultura Digital<\/a> <strong>\u00e9s un punt de trobada i acompanyament en el proc\u00e9s de transformaci\u00f3 digital dels centres educatius<\/strong> de Catalunya.<\/p>\n<p>L\u2019objectiu principal \u00e9s i<strong>ntercanviar i compartir experi\u00e8ncies d\u2019aula i de centre, sumar i enriquir la feina que ja s\u2019est\u00e0 fent arreu del territori<\/strong>, tot potenciant el treball en xarxa i facilitant espais de coordinaci\u00f3 i documentaci\u00f3.<\/p>\n<p>Connecteu-vos-hi, perqu\u00e8 de ben segur que molts dels dubtes que us sorgeixen a l&#8217;hora d&#8217;endengar el desplegament de l&#8217;Estrat\u00e8gia Digital de Centre [EDC] tamb\u00e9 hauran aparegut en d&#8217;altres comunitats educatives i, aix\u00ed, plegats ens podem acompanyar, intercanviar neguits i oferir solucions.<\/p>\n<p><a href=\"https:\/\/projectes.xtec.cat\/digital\/formacio-docent\/xtcd\/\" target=\"_blank\" rel=\"noopener\"><img loading=\"lazy\" decoding=\"async\" class=\"aligncenter wp-image-13995 size-full\" src=\"https:\/\/serveiseducatius.xtec.cat\/lescorts\/wp-content\/uploads\/usu1169\/2021\/09\/car1.png\" alt=\"\" width=\"571\" height=\"325\" srcset=\"https:\/\/serveiseducatius.xtec.cat\/lescorts\/wp-content\/uploads\/usu1169\/2021\/09\/car1.png 571w, https:\/\/serveiseducatius.xtec.cat\/lescorts\/wp-content\/uploads\/usu1169\/2021\/09\/car1-300x171.png 300w\" sizes=\"auto, (max-width: 571px) 100vw, 571px\" \/><\/a><\/p>\n<p>La Xarxa Territorial es divideix en dues subxarxes:<\/p>\n<ul>\n<li><a href=\"https:\/\/projectes.xtec.cat\/digital\/formacio-docent\/xtcd\/subxarxa-de-la-comissio-digital-comd\/\" target=\"_blank\" rel=\"noopener\"><strong>Subxarxa de la Comissi\u00f3 Digital de Centre COMD<\/strong><\/a>: va dirigida a persones que formen part de les comissions digitals de centre. Es focalitza en donar suport als components de la comissi\u00f3 digital per millorar, de forma transversal, la compet\u00e8ncia digital de l\u2019alumnat, impulsant la necess\u00e0ria transformaci\u00f3 digital dels centres a trav\u00e9s de l\u2019EDC.<\/li>\n<li><a href=\"https:\/\/projectes.xtec.cat\/digital\/formacio-docent\/xtcd\/subxarxa-de-la-coordinacio-digital-de-centre-cdc\/\" target=\"_blank\" rel=\"noopener\"><strong>Subxarxa de Coordinaci\u00f3 Digital de Centre CDC<\/strong><\/a>: oberta al professorat que exerceix les funcions de la Coordinaci\u00f3 Digital al seu centre. Es focalitza en donar suport a les necessitats, demandes i funcions, intentant potenciar el vessant pedag\u00f2gic per\u00f2 sense desatendre les necessitats de la gesti\u00f3 i supervisi\u00f3 d&#8217;equips i serveis.<\/li>\n<\/ul>\n","protected":false},"excerpt":{"rendered":"<p>La Xarxa Territorial de Cultura Digital \u00e9s un punt de trobada i acompanyament en el proc\u00e9s de transformaci\u00f3 digital dels centres educatius de Catalunya. L\u2019objectiu principal \u00e9s intercanviar i compartir experi\u00e8ncies d\u2019aula i de centre, sumar i enriquir la feina que ja s\u2019est\u00e0 fent arreu del territori, tot potenciant el treball en xarxa i facilitant [&hellip;]<\/p>\n","protected":false},"author":1,"featured_media":0,"parent":13944,"menu_order":3,"comment_status":"closed","ping_status":"closed","template":"page-templates\/side-menu.php","meta":{"_bbp_topic_count":0,"_bbp_reply_count":0,"_bbp_total_topic_count":0,"_bbp_total_reply_count":0,"_bbp_voice_count":0,"_bbp_anonymous_reply_count":0,"_bbp_topic_count_hidden":0,"_bbp_reply_count_hidden":0,"_bbp_forum_subforum_count":0,"site-sidebar-layout":"default","site-content-layout":"","ast-site-content-layout":"","site-content-style":"default","site-sidebar-style":"default","ast-global-header-display":"","ast-banner-title-visibility":"","ast-main-header-display":"","ast-hfb-above-header-display":"","ast-hfb-below-header-display":"","ast-hfb-mobile-header-display":"","site-post-title":"","ast-breadcrumbs-content":"","ast-featured-img":"","footer-sml-layout":"","theme-transparent-header-meta":"","adv-header-id-meta":"","stick-header-meta":"","header-above-stick-meta":"","header-main-stick-meta":"","header-below-stick-meta":"","astra-migrate-meta-layouts":"default","ast-page-background-enabled":"default","ast-page-background-meta":{"desktop":{"background-color":"var(--ast-global-color-4)","background-image":"","background-repeat":"repeat","background-position":"center center","background-size":"auto","background-attachment":"scroll","background-type":"","background-media":"","overlay-type":"","overlay-color":"","overlay-opacity":"","overlay-gradient":""},"tablet":{"background-color":"","background-image":"","background-repeat":"repeat","background-position":"center center","background-size":"auto","background-attachment":"scroll","background-type":"","background-media":"","overlay-type":"","overlay-color":"","overlay-opacity":"","overlay-gradient":""},"mobile":{"background-color":"","background-image":"","background-repeat":"repeat","background-position":"center center","background-size":"auto","background-attachment":"scroll","background-type":"","background-media":"","overlay-type":"","overlay-color":"","overlay-opacity":"","overlay-gradient":""}},"ast-content-background-meta":{"desktop":{"background-color":"var(--ast-global-color-5)","background-image":"","background-repeat":"repeat","background-position":"center center","background-size":"auto","background-attachment":"scroll","background-type":"","background-media":"","overlay-type":"","overlay-color":"","overlay-opacity":"","overlay-gradient":""},"tablet":{"background-color":"var(--ast-global-color-5)","background-image":"","background-repeat":"repeat","background-position":"center center","background-size":"auto","background-attachment":"scroll","background-type":"","background-media":"","overlay-type":"","overlay-color":"","overlay-opacity":"","overlay-gradient":""},"mobile":{"background-color":"var(--ast-global-color-5)","background-image":"","background-repeat":"repeat","background-position":"center center","background-size":"auto","background-attachment":"scroll","background-type":"","background-media":"","overlay-type":"","overlay-color":"","overlay-opacity":"","overlay-gradient":""}},"footnotes":""},"class_list":["post-14001","page","type-page","status-publish","hentry"],"post_mailing_queue_ids":[],"_links":{"self":[{"href":"https:\/\/serveiseducatius.xtec.cat\/lescorts\/wp-json\/wp\/v2\/pages\/14001","targetHints":{"allow":["GET"]}}],"collection":[{"href":"https:\/\/serveiseducatius.xtec.cat\/lescorts\/wp-json\/wp\/v2\/pages"}],"about":[{"href":"https:\/\/serveiseducatius.xtec.cat\/lescorts\/wp-json\/wp\/v2\/types\/page"}],"author":[{"embeddable":true,"href":"https:\/\/serveiseducatius.xtec.cat\/lescorts\/wp-json\/wp\/v2\/users\/1"}],"replies":[{"embeddable":true,"href":"https:\/\/serveiseducatius.xtec.cat\/lescorts\/wp-json\/wp\/v2\/comments?post=14001"}],"version-history":[{"count":5,"href":"https:\/\/serveiseducatius.xtec.cat\/lescorts\/wp-json\/wp\/v2\/pages\/14001\/revisions"}],"predecessor-version":[{"id":16602,"href":"https:\/\/serveiseducatius.xtec.cat\/lescorts\/wp-json\/wp\/v2\/pages\/14001\/revisions\/16602"}],"up":[{"embeddable":true,"href":"https:\/\/serveiseducatius.xtec.cat\/lescorts\/wp-json\/wp\/v2\/pages\/13944"}],"wp:attachment":[{"href":"https:\/\/serveiseducatius.xtec.cat\/lescorts\/wp-json\/wp\/v2\/media?parent=14001"}],"curies":[{"name":"wp","href":"https:\/\/api.w.org\/{rel}","templated":true}]}}