{"id":13977,"date":"2021-09-09T09:58:54","date_gmt":"2021-09-09T07:58:54","guid":{"rendered":"https:\/\/serveiseducatius.xtec.cat\/lescorts\/?page_id=13977"},"modified":"2026-02-02T11:30:50","modified_gmt":"2026-02-02T10:30:50","slug":"biciclot","status":"publish","type":"page","link":"https:\/\/serveiseducatius.xtec.cat\/lescorts\/activitats-de-dinamitzacio\/biciclot\/","title":{"rendered":"BICICLOT"},"content":{"rendered":"<p><strong>Referent de l\u2019activitat:\u00a0<\/strong>Joan Davia<\/p>\n<p><strong>Reserva activitat (En Kim es posar\u00e0 en contacte amb els centres per fer la inscripci\u00f3)<\/strong><br \/>\nKim Gili, Planificaci\u00f3 i gesti\u00f3 d\u2019activitats i serveis Biciclot SCCL<\/p>\n<p>Tlf m\u00f2bil: 608 44 25 36 Tlf: +34 93 307 74 75 \u2013 Extensi\u00f3 6503<\/p>\n<p>c\/ Pere IV, 58 \u2013 08005 \u2013 Barcelona<\/p>\n<h4 style=\"text-align: center;\">PROGRAMA DE PROMOCI\u00d3 DE L&#8217;\u00daS DE LA BICICLETA<\/h4>\n<h4 style=\"text-align: center;\">PROVES D\u2019HABILITAT EN BICICLETA,\u00a0 ADRE\u00c7ADES A 6\u00e8 DE PRIM\u00c0RIA<\/h4>\n<p style=\"text-align: center;\"><img loading=\"lazy\" decoding=\"async\" class=\"aligncenter wp-image-16485\" src=\"https:\/\/serveiseducatius.xtec.cat\/lescorts\/wp-content\/uploads\/usu1169\/2024\/07\/F3C0ABFF-8CA0-4583-BCF9-5DF16793FDB9.jpeg\" alt=\"\" width=\"430\" height=\"322\" srcset=\"https:\/\/serveiseducatius.xtec.cat\/lescorts\/wp-content\/uploads\/usu1169\/2024\/07\/F3C0ABFF-8CA0-4583-BCF9-5DF16793FDB9.jpeg 2048w, https:\/\/serveiseducatius.xtec.cat\/lescorts\/wp-content\/uploads\/usu1169\/2024\/07\/F3C0ABFF-8CA0-4583-BCF9-5DF16793FDB9-300x225.jpeg 300w, https:\/\/serveiseducatius.xtec.cat\/lescorts\/wp-content\/uploads\/usu1169\/2024\/07\/F3C0ABFF-8CA0-4583-BCF9-5DF16793FDB9-1024x768.jpeg 1024w, https:\/\/serveiseducatius.xtec.cat\/lescorts\/wp-content\/uploads\/usu1169\/2024\/07\/F3C0ABFF-8CA0-4583-BCF9-5DF16793FDB9-768x576.jpeg 768w, https:\/\/serveiseducatius.xtec.cat\/lescorts\/wp-content\/uploads\/usu1169\/2024\/07\/F3C0ABFF-8CA0-4583-BCF9-5DF16793FDB9-1536x1152.jpeg 1536w, https:\/\/serveiseducatius.xtec.cat\/lescorts\/wp-content\/uploads\/usu1169\/2024\/07\/F3C0ABFF-8CA0-4583-BCF9-5DF16793FDB9-200x150.jpeg 200w\" sizes=\"auto, (max-width: 430px) 100vw, 430px\" \/><\/p>\n<p style=\"text-align: center;\"><strong>Data de realitzaci\u00f3:<\/strong><\/p>\n<blockquote>\n<p style=\"text-align: center;\"><span style=\"color: #808080;\"><strong>dimarts, 25 de novembre de 2025<\/strong><\/span><\/p>\n<div style=\"text-align: center;\"><strong style=\"font-family: inherit; font-size: 1em; color: #222222;\">Data en reserva (en cas de cancel\u00b7laci\u00f3)<\/strong><\/div>\n<\/blockquote>\n<p style=\"text-align: center;\"><span style=\"color: #808080;\"><strong>divendres, 28 de novembre de 2025<\/strong><\/span><\/p>\n<p style=\"text-align: left;\"><strong>Objectius generals:<\/strong><br \/>\nFacilitar coneixements i fer un treball d\u2019habilitats amb l&#8217;alumnat de Prim\u00e0ria de les escoles del districte de Les Corts per a facilitar l\u2019\u00fas de la bicicleta com a transport habitual.<\/p>\n<p style=\"text-align: left;\"><strong>Objectius espec\u00edfics:<\/strong><br \/>\n\u2022 Practicar habilitats i maniobres sobre la bicicleta amb una dificultat creixent.<br \/>\n\u2022 Aprendre a anar en bicicleta (nom\u00e9s aquell alumnat que no en sap).<\/p>\n<p style=\"text-align: left;\"><strong>Descripci\u00f3 de l\u2019activitat:<\/strong><br \/>\nEls infants hauran de superar diferents proves dirigides pels monitors\/es que fan treballar aspectes d&#8217;habilitat necessaris per a la circulaci\u00f3 en bicicleta: recta, corba, esl\u00e0lom, una m\u00e0 lliure, diferents ritmes, parada, cam\u00ed estret &#8230;<br \/>\nEs dividir\u00e0 el grup-classe en dos grups que realitzaran dos circuits paral\u00b7lels, cada infant disposar\u00e0 d\u2019una bicicleta.<br \/>\nUn\/a monitor\/a es quedar\u00e0 amb l&#8217;alumnat que no sap anar en bicicleta. Aquest grup far\u00e0 una sessi\u00f3 d\u2019iniciaci\u00f3 seguint unes senzilles pautes, aprendran f\u00e0cilment i s\u2019incorporaran als circuits amb els companys i les companyes.<br \/>\nNecessitem la col\u00b7laboraci\u00f3 del mestre\/a d\u2019educaci\u00f3 f\u00edsica.<br \/>\nInclou: 2 monitors\/es, 1 bici no compartida per cada alumne\/a del grup, casc i materials lleugers.<\/p>\n<p style=\"text-align: left;\"><strong>Lloc de realitzaci\u00f3 i data:<\/strong><br \/>\n\u2022 Pla\u00e7a Sol de Baix (*) en horari mat\u00ed i tarda (09:00h a 16:00h)<br \/>\n\u2022 Data: 25 de novembre (Data complement\u00e0ria: 28<span style=\"color: #000000;\">\u00a0de novembre)<\/span><\/p>\n<p style=\"text-align: left;\">* Les escoles aniran passant en l\u2019horari assignat.<\/p>\n<p style=\"text-align: left;\"><strong>N\u00famero de grups aula:<\/strong> Es poden realitzar fins a 5 grups. Cada classe disposar\u00e0 de 0:45 hores per fer l\u2019activitat.<\/p>\n<p><strong>Amb la col\u00b7laboraci\u00f3 de\u00a0 \u00a0 \u00a0 \u00a0 \u00a0 \u00a0 \u00a0 \u00a0 \u00a0 \u00a0 \u00a0 \u00a0 \u00a0 \u00a0 \u00a0 \u00a0 \u00a0 \u00a0 \u00a0 \u00a0 \u00a0 \u00a0Organitza<\/strong><\/p>\n<table style=\"border-collapse: collapse; width: 45.9117%; height: 137px;\">\n<tbody>\n<tr>\n<td style=\"width: 27.1817%;\"><img loading=\"lazy\" decoding=\"async\" class=\"alignleft wp-image-17772 size-full\" src=\"https:\/\/serveiseducatius.xtec.cat\/lescorts\/wp-content\/uploads\/usu1169\/2026\/01\/AJBCN_Sign_Com_LesCorts_Vermell_Blanc-scaled.jpg\" alt=\"\" width=\"2560\" height=\"859\" srcset=\"https:\/\/serveiseducatius.xtec.cat\/lescorts\/wp-content\/uploads\/usu1169\/2026\/01\/AJBCN_Sign_Com_LesCorts_Vermell_Blanc-scaled.jpg 2560w, https:\/\/serveiseducatius.xtec.cat\/lescorts\/wp-content\/uploads\/usu1169\/2026\/01\/AJBCN_Sign_Com_LesCorts_Vermell_Blanc-300x101.jpg 300w, https:\/\/serveiseducatius.xtec.cat\/lescorts\/wp-content\/uploads\/usu1169\/2026\/01\/AJBCN_Sign_Com_LesCorts_Vermell_Blanc-1024x344.jpg 1024w, https:\/\/serveiseducatius.xtec.cat\/lescorts\/wp-content\/uploads\/usu1169\/2026\/01\/AJBCN_Sign_Com_LesCorts_Vermell_Blanc-768x258.jpg 768w, https:\/\/serveiseducatius.xtec.cat\/lescorts\/wp-content\/uploads\/usu1169\/2026\/01\/AJBCN_Sign_Com_LesCorts_Vermell_Blanc-1536x515.jpg 1536w, https:\/\/serveiseducatius.xtec.cat\/lescorts\/wp-content\/uploads\/usu1169\/2026\/01\/AJBCN_Sign_Com_LesCorts_Vermell_Blanc-2048x687.jpg 2048w\" sizes=\"auto, (max-width: 2560px) 100vw, 2560px\" \/><\/td>\n<td style=\"width: 32.5501%;\"><img loading=\"lazy\" decoding=\"async\" class=\"alignleft wp-image-17776 size-full\" src=\"https:\/\/serveiseducatius.xtec.cat\/lescorts\/wp-content\/uploads\/usu1169\/2026\/01\/CEB_SE_Les_Corts_logo_color.png\" alt=\"\" width=\"1958\" height=\"1105\" srcset=\"https:\/\/serveiseducatius.xtec.cat\/lescorts\/wp-content\/uploads\/usu1169\/2026\/01\/CEB_SE_Les_Corts_logo_color.png 1958w, https:\/\/serveiseducatius.xtec.cat\/lescorts\/wp-content\/uploads\/usu1169\/2026\/01\/CEB_SE_Les_Corts_logo_color-300x169.png 300w, https:\/\/serveiseducatius.xtec.cat\/lescorts\/wp-content\/uploads\/usu1169\/2026\/01\/CEB_SE_Les_Corts_logo_color-1024x578.png 1024w, https:\/\/serveiseducatius.xtec.cat\/lescorts\/wp-content\/uploads\/usu1169\/2026\/01\/CEB_SE_Les_Corts_logo_color-768x433.png 768w, https:\/\/serveiseducatius.xtec.cat\/lescorts\/wp-content\/uploads\/usu1169\/2026\/01\/CEB_SE_Les_Corts_logo_color-1536x867.png 1536w\" sizes=\"auto, (max-width: 1958px) 100vw, 1958px\" \/><\/td>\n<td style=\"width: 29.8246%;\"><b style=\"font-size: 16px;\"><img loading=\"lazy\" decoding=\"async\" class=\"wp-image-15056 alignleft\" src=\"https:\/\/serveiseducatius.xtec.cat\/lescorts\/wp-content\/uploads\/usu1169\/2022\/10\/biciclot-300x300.png\" alt=\"\" width=\"167\" height=\"167\" srcset=\"https:\/\/serveiseducatius.xtec.cat\/lescorts\/wp-content\/uploads\/usu1169\/2022\/10\/biciclot-300x300.png 300w, https:\/\/serveiseducatius.xtec.cat\/lescorts\/wp-content\/uploads\/usu1169\/2022\/10\/biciclot-150x150.png 150w, https:\/\/serveiseducatius.xtec.cat\/lescorts\/wp-content\/uploads\/usu1169\/2022\/10\/biciclot.png 400w\" sizes=\"auto, (max-width: 167px) 100vw, 167px\" \/><\/b><\/td>\n<\/tr>\n<\/tbody>\n<\/table>\n<p><!----comment node----><!--a=1--><\/p>\n<p><!----comment node----><!--a=1--><\/p>\n<p><!----comment node----><!--a=1--><\/p>\n<p><!----comment node----><!--a=1--><\/p>\n<p><!----comment node----><!--a=1--><\/p>\n","protected":false},"excerpt":{"rendered":"<p>Referent de l\u2019activitat:\u00a0Joan Davia Reserva activitat (En Kim es posar\u00e0 en contacte amb els centres per fer la inscripci\u00f3) Kim Gili, Planificaci\u00f3 i gesti\u00f3 d\u2019activitats i serveis Biciclot SCCL Tlf m\u00f2bil: 608 44 25 36 Tlf: +34 93 307 74 75 \u2013 Extensi\u00f3 6503 c\/ Pere IV, 58 \u2013 08005 \u2013 Barcelona PROGRAMA DE PROMOCI\u00d3 [&hellip;]<\/p>\n","protected":false},"author":1,"featured_media":0,"parent":8142,"menu_order":3,"comment_status":"closed","ping_status":"closed","template":"","meta":{"_bbp_topic_count":0,"_bbp_reply_count":0,"_bbp_total_topic_count":0,"_bbp_total_reply_count":0,"_bbp_voice_count":0,"_bbp_anonymous_reply_count":0,"_bbp_topic_count_hidden":0,"_bbp_reply_count_hidden":0,"_bbp_forum_subforum_count":0,"site-sidebar-layout":"default","site-content-layout":"","ast-site-content-layout":"default","site-content-style":"default","site-sidebar-style":"default","ast-global-header-display":"","ast-banner-title-visibility":"","ast-main-header-display":"","ast-hfb-above-header-display":"","ast-hfb-below-header-display":"","ast-hfb-mobile-header-display":"","site-post-title":"","ast-breadcrumbs-content":"","ast-featured-img":"","footer-sml-layout":"","theme-transparent-header-meta":"default","adv-header-id-meta":"","stick-header-meta":"","header-above-stick-meta":"","header-main-stick-meta":"","header-below-stick-meta":"","astra-migrate-meta-layouts":"set","ast-page-background-enabled":"default","ast-page-background-meta":{"desktop":{"background-color":"var(--ast-global-color-4)","background-image":"","background-repeat":"repeat","background-position":"center center","background-size":"auto","background-attachment":"scroll","background-type":"","background-media":"","overlay-type":"","overlay-color":"","overlay-opacity":"","overlay-gradient":""},"tablet":{"background-color":"","background-image":"","background-repeat":"repeat","background-position":"center center","background-size":"auto","background-attachment":"scroll","background-type":"","background-media":"","overlay-type":"","overlay-color":"","overlay-opacity":"","overlay-gradient":""},"mobile":{"background-color":"","background-image":"","background-repeat":"repeat","background-position":"center center","background-size":"auto","background-attachment":"scroll","background-type":"","background-media":"","overlay-type":"","overlay-color":"","overlay-opacity":"","overlay-gradient":""}},"ast-content-background-meta":{"desktop":{"background-color":"var(--ast-global-color-5)","background-image":"","background-repeat":"repeat","background-position":"center center","background-size":"auto","background-attachment":"scroll","background-type":"","background-media":"","overlay-type":"","overlay-color":"","overlay-opacity":"","overlay-gradient":""},"tablet":{"background-color":"var(--ast-global-color-5)","background-image":"","background-repeat":"repeat","background-position":"center center","background-size":"auto","background-attachment":"scroll","background-type":"","background-media":"","overlay-type":"","overlay-color":"","overlay-opacity":"","overlay-gradient":""},"mobile":{"background-color":"var(--ast-global-color-5)","background-image":"","background-repeat":"repeat","background-position":"center center","background-size":"auto","background-attachment":"scroll","background-type":"","background-media":"","overlay-type":"","overlay-color":"","overlay-opacity":"","overlay-gradient":""}},"footnotes":""},"class_list":["post-13977","page","type-page","status-publish","hentry"],"post_mailing_queue_ids":[],"_links":{"self":[{"href":"https:\/\/serveiseducatius.xtec.cat\/lescorts\/wp-json\/wp\/v2\/pages\/13977","targetHints":{"allow":["GET"]}}],"collection":[{"href":"https:\/\/serveiseducatius.xtec.cat\/lescorts\/wp-json\/wp\/v2\/pages"}],"about":[{"href":"https:\/\/serveiseducatius.xtec.cat\/lescorts\/wp-json\/wp\/v2\/types\/page"}],"author":[{"embeddable":true,"href":"https:\/\/serveiseducatius.xtec.cat\/lescorts\/wp-json\/wp\/v2\/users\/1"}],"replies":[{"embeddable":true,"href":"https:\/\/serveiseducatius.xtec.cat\/lescorts\/wp-json\/wp\/v2\/comments?post=13977"}],"version-history":[{"count":6,"href":"https:\/\/serveiseducatius.xtec.cat\/lescorts\/wp-json\/wp\/v2\/pages\/13977\/revisions"}],"predecessor-version":[{"id":17791,"href":"https:\/\/serveiseducatius.xtec.cat\/lescorts\/wp-json\/wp\/v2\/pages\/13977\/revisions\/17791"}],"up":[{"embeddable":true,"href":"https:\/\/serveiseducatius.xtec.cat\/lescorts\/wp-json\/wp\/v2\/pages\/8142"}],"wp:attachment":[{"href":"https:\/\/serveiseducatius.xtec.cat\/lescorts\/wp-json\/wp\/v2\/media?parent=13977"}],"curies":[{"name":"wp","href":"https:\/\/api.w.org\/{rel}","templated":true}]}}