{"id":13944,"date":"2021-09-07T09:50:42","date_gmt":"2021-09-07T07:50:42","guid":{"rendered":"https:\/\/serveiseducatius.xtec.cat\/lescorts\/?page_id=13944"},"modified":"2021-09-07T12:40:07","modified_gmt":"2021-09-07T10:40:07","slug":"pla-deducacio-digital-de-catalunya","status":"publish","type":"page","link":"https:\/\/serveiseducatius.xtec.cat\/lescorts\/pla-deducacio-digital-de-catalunya\/","title":{"rendered":"Pla d&#8217;educaci\u00f3 digital de Catalunya"},"content":{"rendered":"<p>El <strong>Pla d\u2019educaci\u00f3 digital per a Catalunya 2020-2023 [PEDC]<\/strong> t\u00e9 per objectiu contribuir al desenvolupament de les compet\u00e8ncies digitals que els ciutadans i les ciutadanes necessiten per viure i treballar en una societat immersa en constants transformacions i canvis.<\/p>\n<h4><span style=\"color: #ff6600;\">Objectius<\/span><\/h4>\n<p><strong>\u2022 Assegurar que els alumnes de Catalunya siguin digitalment competents en acabar l&#8217;ensenyament obligatori.<\/strong><br \/>\n<strong>\u2022 Augmentar el nombre de professorat que tingui la compet\u00e8ncia digital docent entesa com una compet\u00e8ncia clau del segle XXI<\/strong><br \/>\n<strong>\u2022 Teixir una xarxa de pa\u00eds amb centres digitalment transformats que facilitin l&#8217;aprenentatge en el marc de la transformaci\u00f3 educativa.<\/strong><\/p>\n<p><iframe loading=\"lazy\" title=\"YouTube video player\" src=\"https:\/\/www.youtube.com\/embed\/drnnIYke2Ec\" width=\"560\" height=\"315\" frameborder=\"0\" allowfullscreen=\"allowfullscreen\"><\/iframe><\/p>\n<p>&nbsp;<\/p>\n","protected":false},"excerpt":{"rendered":"<p>El Pla d\u2019educaci\u00f3 digital per a Catalunya 2020-2023 [PEDC] t\u00e9 per objectiu contribuir al desenvolupament de les compet\u00e8ncies digitals que els ciutadans i les ciutadanes necessiten per viure i treballar en una societat immersa en constants transformacions i canvis. Objectius \u2022 Assegurar que els alumnes de Catalunya siguin digitalment competents en acabar l&#8217;ensenyament obligatori. \u2022 [&hellip;]<\/p>\n","protected":false},"author":1,"featured_media":0,"parent":0,"menu_order":1,"comment_status":"closed","ping_status":"closed","template":"page-templates\/side-menu.php","meta":{"_bbp_topic_count":0,"_bbp_reply_count":0,"_bbp_total_topic_count":0,"_bbp_total_reply_count":0,"_bbp_voice_count":0,"_bbp_anonymous_reply_count":0,"_bbp_topic_count_hidden":0,"_bbp_reply_count_hidden":0,"_bbp_forum_subforum_count":0,"site-sidebar-layout":"default","site-content-layout":"","ast-site-content-layout":"","site-content-style":"default","site-sidebar-style":"default","ast-global-header-display":"","ast-banner-title-visibility":"","ast-main-header-display":"","ast-hfb-above-header-display":"","ast-hfb-below-header-display":"","ast-hfb-mobile-header-display":"","site-post-title":"","ast-breadcrumbs-content":"","ast-featured-img":"","footer-sml-layout":"","theme-transparent-header-meta":"","adv-header-id-meta":"","stick-header-meta":"","header-above-stick-meta":"","header-main-stick-meta":"","header-below-stick-meta":"","astra-migrate-meta-layouts":"default","ast-page-background-enabled":"default","ast-page-background-meta":{"desktop":{"background-color":"var(--ast-global-color-4)","background-image":"","background-repeat":"repeat","background-position":"center center","background-size":"auto","background-attachment":"scroll","background-type":"","background-media":"","overlay-type":"","overlay-color":"","overlay-opacity":"","overlay-gradient":""},"tablet":{"background-color":"","background-image":"","background-repeat":"repeat","background-position":"center center","background-size":"auto","background-attachment":"scroll","background-type":"","background-media":"","overlay-type":"","overlay-color":"","overlay-opacity":"","overlay-gradient":""},"mobile":{"background-color":"","background-image":"","background-repeat":"repeat","background-position":"center center","background-size":"auto","background-attachment":"scroll","background-type":"","background-media":"","overlay-type":"","overlay-color":"","overlay-opacity":"","overlay-gradient":""}},"ast-content-background-meta":{"desktop":{"background-color":"var(--ast-global-color-5)","background-image":"","background-repeat":"repeat","background-position":"center center","background-size":"auto","background-attachment":"scroll","background-type":"","background-media":"","overlay-type":"","overlay-color":"","overlay-opacity":"","overlay-gradient":""},"tablet":{"background-color":"var(--ast-global-color-5)","background-image":"","background-repeat":"repeat","background-position":"center center","background-size":"auto","background-attachment":"scroll","background-type":"","background-media":"","overlay-type":"","overlay-color":"","overlay-opacity":"","overlay-gradient":""},"mobile":{"background-color":"var(--ast-global-color-5)","background-image":"","background-repeat":"repeat","background-position":"center center","background-size":"auto","background-attachment":"scroll","background-type":"","background-media":"","overlay-type":"","overlay-color":"","overlay-opacity":"","overlay-gradient":""}},"footnotes":""},"class_list":["post-13944","page","type-page","status-publish","hentry"],"post_mailing_queue_ids":[],"_links":{"self":[{"href":"https:\/\/serveiseducatius.xtec.cat\/lescorts\/wp-json\/wp\/v2\/pages\/13944","targetHints":{"allow":["GET"]}}],"collection":[{"href":"https:\/\/serveiseducatius.xtec.cat\/lescorts\/wp-json\/wp\/v2\/pages"}],"about":[{"href":"https:\/\/serveiseducatius.xtec.cat\/lescorts\/wp-json\/wp\/v2\/types\/page"}],"author":[{"embeddable":true,"href":"https:\/\/serveiseducatius.xtec.cat\/lescorts\/wp-json\/wp\/v2\/users\/1"}],"replies":[{"embeddable":true,"href":"https:\/\/serveiseducatius.xtec.cat\/lescorts\/wp-json\/wp\/v2\/comments?post=13944"}],"version-history":[{"count":4,"href":"https:\/\/serveiseducatius.xtec.cat\/lescorts\/wp-json\/wp\/v2\/pages\/13944\/revisions"}],"predecessor-version":[{"id":13962,"href":"https:\/\/serveiseducatius.xtec.cat\/lescorts\/wp-json\/wp\/v2\/pages\/13944\/revisions\/13962"}],"wp:attachment":[{"href":"https:\/\/serveiseducatius.xtec.cat\/lescorts\/wp-json\/wp\/v2\/media?parent=13944"}],"curies":[{"name":"wp","href":"https:\/\/api.w.org\/{rel}","templated":true}]}}