{"id":13182,"date":"2020-11-04T19:01:59","date_gmt":"2020-11-04T18:01:59","guid":{"rendered":"http:\/\/serveiseducatius.xtec.cat\/lescorts\/?page_id=13182"},"modified":"2022-05-23T16:32:54","modified_gmt":"2022-05-23T14:32:54","slug":"noticies-aps","status":"publish","type":"page","link":"https:\/\/serveiseducatius.xtec.cat\/lescorts\/noticies-aps\/","title":{"rendered":"NOT\u00cdCIES APS"},"content":{"rendered":"<table style=\"width: 846px; height: 1372px;\">\n<tbody>\n<tr>\n<td style=\"width: 158.083px;\"><a href=\"https:\/\/serveiseducatius.xtec.cat\/lescorts\/wp-content\/uploads\/usu1169\/2021\/09\/Sense-titol.png\"><img loading=\"lazy\" decoding=\"async\" class=\"aligncenter wp-image-13837\" src=\"https:\/\/serveiseducatius.xtec.cat\/lescorts\/wp-content\/uploads\/usu1169\/2021\/09\/Sense-titol.png\" alt=\"\" width=\"192\" height=\"75\" srcset=\"https:\/\/serveiseducatius.xtec.cat\/lescorts\/wp-content\/uploads\/usu1169\/2021\/09\/Sense-titol.png 810w, https:\/\/serveiseducatius.xtec.cat\/lescorts\/wp-content\/uploads\/usu1169\/2021\/09\/Sense-titol-300x117.png 300w, https:\/\/serveiseducatius.xtec.cat\/lescorts\/wp-content\/uploads\/usu1169\/2021\/09\/Sense-titol-768x301.png 768w\" sizes=\"auto, (max-width: 192px) 100vw, 192px\" \/><\/a><\/td>\n<td style=\"width: 680.317px;\"><a href=\"https:\/\/www.tnc.cat\/ca\/projecte-activitat-aprenentatge-servei\"><strong>All\u00e0 on les maletes es perden<\/strong> <\/a><\/p>\n<p>\u00c9s un projecte del Teatre Nacional de Catalunya que amb la participaci\u00f3 de l\u2019institut Doctor Puigvert i de l\u2019entitat Arep per la Salut Mental i amb la col\u00b7laboraci\u00f3 del Consorci d\u2019Educaci\u00f3 de Barcelona. Aquest projecte vol dur a terme un proc\u00e9s d\u2019aprenentatge a trav\u00e9s del qual tots haurem apr\u00e8s sobre salut mental i tamb\u00e9 sobre l\u2019absurd dels prejudicis, sobre la llibertat i la dignitat de totes les persones, i sobre l\u2019art com a eina de transformaci\u00f3 d\u2019una societat.<\/p>\n<p><a href=\"https:\/\/serveiseducatius.xtec.cat\/lescorts\/general\/projecte-daspc-com-la-nit-al-dia\/\">Com la nit al dia<\/a>: segona obra.<\/td>\n<\/tr>\n<tr>\n<td style=\"width: 158.083px;\"><a href=\"https:\/\/serveiseducatius.xtec.cat\/lescorts\/wp-content\/uploads\/usu1169\/2021\/05\/radio_trinitat_vella_0.jpg\"><img loading=\"lazy\" decoding=\"async\" class=\"alignnone size-full wp-image-13707\" src=\"https:\/\/serveiseducatius.xtec.cat\/lescorts\/wp-content\/uploads\/usu1169\/2021\/05\/radio_trinitat_vella_0.jpg\" alt=\"\" width=\"690\" height=\"404\" srcset=\"https:\/\/serveiseducatius.xtec.cat\/lescorts\/wp-content\/uploads\/usu1169\/2021\/05\/radio_trinitat_vella_0.jpg 690w, https:\/\/serveiseducatius.xtec.cat\/lescorts\/wp-content\/uploads\/usu1169\/2021\/05\/radio_trinitat_vella_0-300x176.jpg 300w\" sizes=\"auto, (max-width: 690px) 100vw, 690px\" \/><\/a><\/td>\n<td style=\"width: 680.317px;\"><strong>Difusi\u00f3 APSC en programes de R\u00e0dio:<\/strong><\/p>\n<p><a href=\"https:\/\/www.ivoox.com\/amb-veu-dona-18-05-21-audios-mp3_rf_70279271_1.html\">Institut Montjuich<\/a> (Minut 7.40 al 28.42)<\/p>\n<p><a href=\"https:\/\/www.ivoox.com\/treball-recerca-i-aprenentatge-servei-comunitari-audios-mp3_rf_69942383_1.html\">Institut Les Corts<\/a><\/td>\n<\/tr>\n<tr style=\"height: 204px;\">\n<td style=\"width: 158.083px; height: 204px;\"><a href=\"https:\/\/serveiseducatius.xtec.cat\/lescorts\/wp-content\/uploads\/usu1169\/2021\/05\/Sense-t\u00edtol-1.png\"><img loading=\"lazy\" decoding=\"async\" class=\"alignnone size-large wp-image-13684\" src=\"https:\/\/serveiseducatius.xtec.cat\/lescorts\/wp-content\/uploads\/usu1169\/2021\/05\/Sense-t\u00edtol-1-1024x302.png\" alt=\"\" width=\"1024\" height=\"302\" srcset=\"https:\/\/serveiseducatius.xtec.cat\/lescorts\/wp-content\/uploads\/usu1169\/2021\/05\/Sense-t\u00edtol-1-1024x302.png 1024w, https:\/\/serveiseducatius.xtec.cat\/lescorts\/wp-content\/uploads\/usu1169\/2021\/05\/Sense-t\u00edtol-1-300x88.png 300w, https:\/\/serveiseducatius.xtec.cat\/lescorts\/wp-content\/uploads\/usu1169\/2021\/05\/Sense-t\u00edtol-1-768x226.png 768w, https:\/\/serveiseducatius.xtec.cat\/lescorts\/wp-content\/uploads\/usu1169\/2021\/05\/Sense-t\u00edtol-1.png 1432w\" sizes=\"auto, (max-width: 1024px) 100vw, 1024px\" \/><\/a><\/td>\n<td style=\"width: 680.317px; height: 204px;\"><a href=\"https:\/\/aprendizajeservicio.com\/\">Premis Aprenentatge Servei<\/a><br \/>\nEnguany arriba a la seva setena edici\u00f3, adre\u00e7ada a entitats socials, centres d&#8217;educaci\u00f3 Infantil-Prim\u00e0ria, ESO-Batxillerat i Formaci\u00f3 Professional i Ocupacional, que estiguin desenvolupant pr\u00e0ctiques de aprenentatge servei.Els projectes es poden presentar en catal\u00e0, euskera, gallec i castell\u00e0. Hi ha temps fins al 30 de setembre 2021.Organitza la Xarxa Espanyola d&#8217;ApS, la Fundaci\u00f3 Edeb\u00e9 i el Ministeri d&#8217;Educaci\u00f3 i Formaci\u00f3 Professional.<\/td>\n<\/tr>\n<tr style=\"height: 256px;\">\n<td style=\"width: 158.083px; height: 256px;\"><a href=\"https:\/\/serveiseducatius.xtec.cat\/lescorts\/wp-content\/uploads\/usu1169\/2021\/03\/JORNADA-APS-AL-CASTELL-07-03-21.jpg\"><img loading=\"lazy\" decoding=\"async\" class=\"alignnone size-large wp-image-13585\" src=\"https:\/\/serveiseducatius.xtec.cat\/lescorts\/wp-content\/uploads\/usu1169\/2021\/03\/JORNADA-APS-AL-CASTELL-07-03-21-724x1024.jpg\" alt=\"\" width=\"724\" height=\"1024\" srcset=\"https:\/\/serveiseducatius.xtec.cat\/lescorts\/wp-content\/uploads\/usu1169\/2021\/03\/JORNADA-APS-AL-CASTELL-07-03-21-724x1024.jpg 724w, https:\/\/serveiseducatius.xtec.cat\/lescorts\/wp-content\/uploads\/usu1169\/2021\/03\/JORNADA-APS-AL-CASTELL-07-03-21-212x300.jpg 212w, https:\/\/serveiseducatius.xtec.cat\/lescorts\/wp-content\/uploads\/usu1169\/2021\/03\/JORNADA-APS-AL-CASTELL-07-03-21-768x1086.jpg 768w, https:\/\/serveiseducatius.xtec.cat\/lescorts\/wp-content\/uploads\/usu1169\/2021\/03\/JORNADA-APS-AL-CASTELL-07-03-21.jpg 1587w\" sizes=\"auto, (max-width: 724px) 100vw, 724px\" \/><\/a><\/td>\n<td style=\"width: 680.317px; height: 256px;\"><b>Joves mediadors\/es<\/b><\/p>\n<p>Presentaci\u00f3 del projecte realitzat entre el Castell de Montju\u00efch i l&#8217;Institut El Bosch.<\/p>\n<p>Diumenge 7 de mar\u00e7 de 2021<\/p>\n<p>De les 11 a les 13 hores.<\/p>\n<p>Lloc: Pati Castell de Montju\u00efch.<\/p>\n<p>&nbsp;<\/td>\n<\/tr>\n<tr style=\"height: 176px;\">\n<td style=\"width: 158.083px; height: 176px;\"><a href=\"https:\/\/serveiseducatius.xtec.cat\/lescorts\/wp-content\/uploads\/usu1169\/2021\/02\/Sense-t\u00edtol-2.png\"><img loading=\"lazy\" decoding=\"async\" class=\"alignnone size-full wp-image-13475\" src=\"https:\/\/serveiseducatius.xtec.cat\/lescorts\/wp-content\/uploads\/usu1169\/2021\/02\/Sense-t\u00edtol-2.png\" alt=\"\" width=\"494\" height=\"340\" srcset=\"https:\/\/serveiseducatius.xtec.cat\/lescorts\/wp-content\/uploads\/usu1169\/2021\/02\/Sense-t\u00edtol-2.png 494w, https:\/\/serveiseducatius.xtec.cat\/lescorts\/wp-content\/uploads\/usu1169\/2021\/02\/Sense-t\u00edtol-2-300x206.png 300w\" sizes=\"auto, (max-width: 494px) 100vw, 494px\" \/><\/a><\/td>\n<td style=\"width: 680.317px; height: 176px;\"><a href=\"https:\/\/aprenentatgeservei.cat\/wp-content\/uploads\/Jornades-Aps-2021.pdf\"><b>8 JORNADES DEL CENTRE PROMOTOR D&#8217;APRENENTATGE SERVEI:<\/b><\/a><\/p>\n<p><b>APS:educar per a la transformaci\u00f3 social<\/b><\/p>\n<p>Jornada online: dimecres 3 i dijous 4 de mar\u00e7 de 2021 de 17.30 &#8211; 20.15<\/p>\n<p>Les jornades han estat un \u00c8XIT de participaci\u00f3, uns 200 participants.<\/td>\n<\/tr>\n<tr style=\"height: 159px;\">\n<td style=\"width: 158.083px; height: 159px;\"><a href=\"https:\/\/serveiseducatius.xtec.cat\/lescorts\/wp-content\/uploads\/usu1169\/2021\/02\/Sense-t\u00edtol-1.png\"><img loading=\"lazy\" decoding=\"async\" class=\"alignnone size-full wp-image-13457\" src=\"https:\/\/serveiseducatius.xtec.cat\/lescorts\/wp-content\/uploads\/usu1169\/2021\/02\/Sense-t\u00edtol-1.png\" alt=\"\" width=\"805\" height=\"399\" srcset=\"https:\/\/serveiseducatius.xtec.cat\/lescorts\/wp-content\/uploads\/usu1169\/2021\/02\/Sense-t\u00edtol-1.png 805w, https:\/\/serveiseducatius.xtec.cat\/lescorts\/wp-content\/uploads\/usu1169\/2021\/02\/Sense-t\u00edtol-1-300x149.png 300w, https:\/\/serveiseducatius.xtec.cat\/lescorts\/wp-content\/uploads\/usu1169\/2021\/02\/Sense-t\u00edtol-1-768x381.png 768w\" sizes=\"auto, (max-width: 805px) 100vw, 805px\" \/><\/a><\/td>\n<td style=\"width: 680.317px; height: 159px;\"><a href=\"https:\/\/aprenentatgeservei.cat\/wp-content\/uploads\/ApSmeesquemai.pdf\"><b>#ApSM\u00e9sQueMai<\/b><\/a><\/p>\n<p><span style=\"font-weight: 400;\">El Centre Promotor d\u2019ApS impulsa la Crida#ApSm\u00e9squemaidestinada a promoure la realitzaci\u00f3 d\u2019activitats d\u2019aprenentatge servei i servei comunitaridurant el curs 20-21. Per a centres de Prim\u00e0ria i Secund\u00e0ria.\u00a0<\/span><\/p>\n<p><strong>\u00a0<\/strong><\/td>\n<\/tr>\n<tr style=\"height: 137px;\">\n<td style=\"width: 158.083px; height: 137px;\"><a href=\"https:\/\/serveiseducatius.xtec.cat\/lescorts\/wp-content\/uploads\/usu1169\/2020\/12\/Josemari-Aymerich.jpg\"><img loading=\"lazy\" decoding=\"async\" class=\"alignnone size-large wp-image-13412\" src=\"https:\/\/serveiseducatius.xtec.cat\/lescorts\/wp-content\/uploads\/usu1169\/2020\/12\/Josemari-Aymerich-1024x597.jpg\" alt=\"\" width=\"1024\" height=\"597\" srcset=\"https:\/\/serveiseducatius.xtec.cat\/lescorts\/wp-content\/uploads\/usu1169\/2020\/12\/Josemari-Aymerich-1024x597.jpg 1024w, https:\/\/serveiseducatius.xtec.cat\/lescorts\/wp-content\/uploads\/usu1169\/2020\/12\/Josemari-Aymerich-300x175.jpg 300w, https:\/\/serveiseducatius.xtec.cat\/lescorts\/wp-content\/uploads\/usu1169\/2020\/12\/Josemari-Aymerich-768x447.jpg 768w, https:\/\/serveiseducatius.xtec.cat\/lescorts\/wp-content\/uploads\/usu1169\/2020\/12\/Josemari-Aymerich.jpg 1030w\" sizes=\"auto, (max-width: 1024px) 100vw, 1024px\" \/><\/a><\/td>\n<td style=\"width: 680.317px; height: 137px;\"><strong><a href=\"https:\/\/alfayomega.es\/josemari-aymerich-abrir-el-colegio-al-barrio-nos-hace-mejores\/\" target=\"_blank\" rel=\"noopener noreferrer\">Josemari Aymerich: \u00abAbrir el colegio al barrio nos hace mejores\u00bb<\/a><\/strong><\/p>\n<p>El professor Aymerich explica l&#8217;exp\u00e8ri\u00e8ncia del seu Centre, Sagrado Coraz\u00f3n de Pamplona, com han organitzat en totes les etapes projectes d&#8217;APS i l&#8217;impacte positiu que han tingut a l&#8217;entorn i el centre.<\/td>\n<\/tr>\n<tr style=\"height: 202px;\">\n<td style=\"width: 158.083px; height: 202px;\"><a href=\"https:\/\/serveiseducatius.xtec.cat\/lescorts\/wp-content\/uploads\/usu1169\/2020\/11\/Premios.png\"><img loading=\"lazy\" decoding=\"async\" class=\"alignnone size-full wp-image-13283\" src=\"https:\/\/serveiseducatius.xtec.cat\/lescorts\/wp-content\/uploads\/usu1169\/2020\/11\/Premios.png\" alt=\"\" width=\"640\" height=\"327\" srcset=\"https:\/\/serveiseducatius.xtec.cat\/lescorts\/wp-content\/uploads\/usu1169\/2020\/11\/Premios.png 640w, https:\/\/serveiseducatius.xtec.cat\/lescorts\/wp-content\/uploads\/usu1169\/2020\/11\/Premios-300x153.png 300w\" sizes=\"auto, (max-width: 640px) 100vw, 640px\" \/><\/a><\/td>\n<td style=\"width: 680.317px; height: 202px;\"><strong><a href=\"https:\/\/aprendizajeservicio.com\/wp-content\/uploads\/2020\/11\/ActaVeredictoJurado2020_Firmado-1.pdf\" target=\"_blank\" rel=\"noopener noreferrer\">Premis Red Espa\u00f1ola Aprendizaje Servicio<\/a><\/strong><\/p>\n<p>6ena Convocat\u00f2ria dels Premis, organitzats per la Red Espa\u00f1ola de Aprendizaje Servicio. Els premis tenen com a objectiu recon\u00e8ixer la tasca dels centres i les entitats, per posar en valor com a eina d&#8217;\u00e8xit educatiu i comprom\u00eds social. En l&#8217;actual edici\u00f3 s&#8217;han presentat 330 projectes de tot l&#8217;Estat. S&#8217;han atorgat 20 premis.<\/p>\n<p>Projectes de Catalunya amb premi:<\/p>\n<p>Fundaci\u00f3 els Tres Turons i Escola Font d&#8217;enFargas, de Barcelona: <a href=\"https:\/\/www.youtube.com\/watch?v=bLuFUR2SJtY\" target=\"_blank\" rel=\"noopener noreferrer\">#CactusExperience. Aprenentatge Servei durant el confinament\u201d.<\/a><\/p>\n<p>Institut Eduard Fontsere, de L&#8217;Hospitalet de Llobregat: <a href=\"https:\/\/lhdigital.cat\/web\/digital-h\/televisio\/veure-video\/-\/journal_content\/56_INSTANCE_ZrP3\/11023\/14962329\" target=\"_blank\" rel=\"noopener noreferrer\">Filmsere<\/a> .<\/td>\n<\/tr>\n<tr style=\"height: 119px;\">\n<td style=\"width: 158.083px; height: 119px;\"><img loading=\"lazy\" decoding=\"async\" class=\" wp-image-419 aligncenter\" src=\"http:\/\/blocs.xtec.cat\/aprenentatgeserveilescorts\/files\/2019\/02\/logo-palmera-groga.jpg\" sizes=\"auto, (max-width: 450px) 100vw, 450px\" srcset=\"https:\/\/blocs.xtec.cat\/aprenentatgeserveilescorts\/files\/2019\/02\/logo-palmera-groga.jpg 450w, https:\/\/blocs.xtec.cat\/aprenentatgeserveilescorts\/files\/2019\/02\/logo-palmera-groga-154x300.jpg 154w\" alt=\"\" width=\"47\" height=\"91\" \/><\/td>\n<td style=\"width: 680.317px; height: 119px;\"><a href=\"http:\/\/www.senderi.org\/cat\/articles\/193\/de-laula-a-linstitut-i-al-barri\" target=\"_blank\" rel=\"noopener noreferrer\"><strong>De l\u2019aula a l\u2019institut i al barri<\/strong><\/a><\/p>\n<p>Mar Vara, Coordinadora d&#8217;APSC de l&#8217;Institut Les Corts ens explica l&#8217;organitzaci\u00f3 del seu centre per realitzar projectes d&#8217;APSC<\/td>\n<\/tr>\n<tr style=\"height: 119px;\">\n<td style=\"width: 158.083px; height: 119px;\"><img loading=\"lazy\" decoding=\"async\" class=\"size-full wp-image-420 aligncenter\" src=\"http:\/\/blocs.xtec.cat\/aprenentatgeserveilescorts\/files\/2019\/02\/thumbnail_stl.jpg\" sizes=\"auto, (max-width: 620px) 100vw, 620px\" srcset=\"https:\/\/blocs.xtec.cat\/aprenentatgeserveilescorts\/files\/2019\/02\/thumbnail_stl.jpg 620w, https:\/\/blocs.xtec.cat\/aprenentatgeserveilescorts\/files\/2019\/02\/thumbnail_stl-300x201.jpg 300w\" alt=\"\" width=\"620\" height=\"415\" \/><\/td>\n<td style=\"width: 680.317px; height: 119px;\"><a href=\"https:\/\/apsvalors.wordpress.com\/2019\/12\/16\/projectes-de-recerca-amb-servei-a-la-comunitat\/\" target=\"_blank\" rel=\"noopener noreferrer\"><strong>Projectes\u00a0de recerca amb servei a la comunitat<\/strong><\/a><\/p>\n<p>Francisco Gris, Coordinador d&#8217;APSC del Col\u00b7legi Santa Teresa de Lisieux ens explica com la proposta del seu centre de fer projectes d&#8217;APSC amb els projectes de recerca de 4t de l&#8217;ESO.<strong><br \/>\n<\/strong><\/td>\n<\/tr>\n<\/tbody>\n<\/table>\n<p><!--more--><\/p>\n<p>&nbsp;<\/p>\n<p><!--more--><\/p>\n<p><!--more--><\/p>\n<p>&nbsp;<\/p>\n<p>c<\/p>\n","protected":false},"excerpt":{"rendered":"<p>All\u00e0 on les maletes es perden \u00c9s un projecte del Teatre Nacional de Catalunya que amb la participaci\u00f3 de l\u2019institut Doctor Puigvert i de l\u2019entitat Arep per la Salut Mental i amb la col\u00b7laboraci\u00f3 del Consorci d\u2019Educaci\u00f3 de Barcelona. Aquest projecte vol dur a terme un proc\u00e9s d\u2019aprenentatge a trav\u00e9s del qual tots haurem apr\u00e8s [&hellip;]<\/p>\n","protected":false},"author":1,"featured_media":0,"parent":0,"menu_order":0,"comment_status":"closed","ping_status":"closed","template":"","meta":{"_bbp_topic_count":0,"_bbp_reply_count":0,"_bbp_total_topic_count":0,"_bbp_total_reply_count":0,"_bbp_voice_count":0,"_bbp_anonymous_reply_count":0,"_bbp_topic_count_hidden":0,"_bbp_reply_count_hidden":0,"_bbp_forum_subforum_count":0,"site-sidebar-layout":"default","site-content-layout":"","ast-site-content-layout":"","site-content-style":"default","site-sidebar-style":"default","ast-global-header-display":"","ast-banner-title-visibility":"","ast-main-header-display":"","ast-hfb-above-header-display":"","ast-hfb-below-header-display":"","ast-hfb-mobile-header-display":"","site-post-title":"","ast-breadcrumbs-content":"","ast-featured-img":"","footer-sml-layout":"","theme-transparent-header-meta":"","adv-header-id-meta":"","stick-header-meta":"","header-above-stick-meta":"","header-main-stick-meta":"","header-below-stick-meta":"","astra-migrate-meta-layouts":"default","ast-page-background-enabled":"default","ast-page-background-meta":{"desktop":{"background-color":"var(--ast-global-color-4)","background-image":"","background-repeat":"repeat","background-position":"center center","background-size":"auto","background-attachment":"scroll","background-type":"","background-media":"","overlay-type":"","overlay-color":"","overlay-opacity":"","overlay-gradient":""},"tablet":{"background-color":"","background-image":"","background-repeat":"repeat","background-position":"center center","background-size":"auto","background-attachment":"scroll","background-type":"","background-media":"","overlay-type":"","overlay-color":"","overlay-opacity":"","overlay-gradient":""},"mobile":{"background-color":"","background-image":"","background-repeat":"repeat","background-position":"center center","background-size":"auto","background-attachment":"scroll","background-type":"","background-media":"","overlay-type":"","overlay-color":"","overlay-opacity":"","overlay-gradient":""}},"ast-content-background-meta":{"desktop":{"background-color":"var(--ast-global-color-5)","background-image":"","background-repeat":"repeat","background-position":"center center","background-size":"auto","background-attachment":"scroll","background-type":"","background-media":"","overlay-type":"","overlay-color":"","overlay-opacity":"","overlay-gradient":""},"tablet":{"background-color":"var(--ast-global-color-5)","background-image":"","background-repeat":"repeat","background-position":"center center","background-size":"auto","background-attachment":"scroll","background-type":"","background-media":"","overlay-type":"","overlay-color":"","overlay-opacity":"","overlay-gradient":""},"mobile":{"background-color":"var(--ast-global-color-5)","background-image":"","background-repeat":"repeat","background-position":"center center","background-size":"auto","background-attachment":"scroll","background-type":"","background-media":"","overlay-type":"","overlay-color":"","overlay-opacity":"","overlay-gradient":""}},"footnotes":""},"class_list":["post-13182","page","type-page","status-publish","hentry"],"post_mailing_queue_ids":[],"_links":{"self":[{"href":"https:\/\/serveiseducatius.xtec.cat\/lescorts\/wp-json\/wp\/v2\/pages\/13182","targetHints":{"allow":["GET"]}}],"collection":[{"href":"https:\/\/serveiseducatius.xtec.cat\/lescorts\/wp-json\/wp\/v2\/pages"}],"about":[{"href":"https:\/\/serveiseducatius.xtec.cat\/lescorts\/wp-json\/wp\/v2\/types\/page"}],"author":[{"embeddable":true,"href":"https:\/\/serveiseducatius.xtec.cat\/lescorts\/wp-json\/wp\/v2\/users\/1"}],"replies":[{"embeddable":true,"href":"https:\/\/serveiseducatius.xtec.cat\/lescorts\/wp-json\/wp\/v2\/comments?post=13182"}],"version-history":[{"count":4,"href":"https:\/\/serveiseducatius.xtec.cat\/lescorts\/wp-json\/wp\/v2\/pages\/13182\/revisions"}],"predecessor-version":[{"id":14608,"href":"https:\/\/serveiseducatius.xtec.cat\/lescorts\/wp-json\/wp\/v2\/pages\/13182\/revisions\/14608"}],"wp:attachment":[{"href":"https:\/\/serveiseducatius.xtec.cat\/lescorts\/wp-json\/wp\/v2\/media?parent=13182"}],"curies":[{"name":"wp","href":"https:\/\/api.w.org\/{rel}","templated":true}]}}