{"id":13177,"date":"2020-11-04T18:59:02","date_gmt":"2020-11-04T17:59:02","guid":{"rendered":"http:\/\/serveiseducatius.xtec.cat\/lescorts\/?page_id=13177"},"modified":"2021-10-07T14:03:48","modified_gmt":"2021-10-07T12:03:48","slug":"aps-en-temps-de-covid","status":"publish","type":"page","link":"https:\/\/serveiseducatius.xtec.cat\/lescorts\/aps-en-temps-de-covid\/","title":{"rendered":"APS EN TEMPS DE COVID"},"content":{"rendered":"<h3>PREGUNTES FREQ\u00dcENTS<\/h3>\n<table style=\"width: 961px; border-style: solid; border-color: #000000;\">\n<tbody>\n<tr>\n<td style=\"width: 291.556px; vertical-align: middle; border-color: #000000; text-align: center;\">\n<h5><a href=\"https:\/\/docs.google.com\/document\/d\/1Nr7gGpgGvaOtX2QCJjwWsLRv1DMrEJ3Fkkf4aaYI8AE\/edit?usp=sharing\" target=\"_blank\" rel=\"noopener noreferrer\"><strong>Perqu\u00e8 \u00e9s important fer projectes d\u2019Aprenentatge Servei Comunitari ara?<\/strong><\/a><\/h5>\n<\/td>\n<td style=\"width: 334.222px; vertical-align: middle; border-color: #000000; text-align: center;\">\n<h5><a href=\"https:\/\/docs.google.com\/document\/d\/1c1odBgWk8I5rn4N1mMMyfVBUtzwlYPi02KV3OyfGCT4\/edit?usp=sharing\" target=\"_blank\" rel=\"noopener noreferrer\"><strong>Com planificar el Servei Comunitari per al curs 2021-2022?<\/strong><\/a><\/h5>\n<\/td>\n<td style=\"width: 326.222px; vertical-align: middle; border-color: #000000; text-align: center;\">\n<h5><a href=\"https:\/\/docs.google.com\/document\/d\/1ZO5CnsLTMHTZ3sI0JqA_Zm8hE-VSieTxWdLbLj9d5mo\/edit?usp=sharing\" target=\"_blank\" rel=\"noopener noreferrer\"><strong>Quins \u00e0mbits o projectes requereixen poc contacte entre persones?<\/strong><\/a><\/h5>\n<\/td>\n<\/tr>\n<tr>\n<td style=\"width: 291.556px; vertical-align: middle; border-color: #000000; text-align: center;\">\n<h5><a href=\"https:\/\/docs.google.com\/document\/d\/1R1srHOTWLRJoBfyAicrMqe2tAfIxROVTJWLdse9ZCOA\/edit?usp=sharing\" target=\"_blank\" rel=\"noopener noreferrer\"><strong>Quines necessitats ha fet aflorar el COVID?<\/strong><\/a><strong>\u00a0<\/strong><\/h5>\n<\/td>\n<td style=\"width: 334.222px; vertical-align: middle; border-color: #000000; text-align: center;\">\n<h5><a href=\"https:\/\/docs.google.com\/document\/d\/1NBhiCbHXkWvbT7ulfc9pYJLp_hiEoc1juz-mPtIyqH4\/edit?usp=sharing\" target=\"_blank\" rel=\"noopener noreferrer\"><strong>Quines respostes a aquestes necessitats s\u2019han accentuat arrel de la pand\u00e8mia?<\/strong><\/a><strong>\u00a0<\/strong><\/h5>\n<\/td>\n<td style=\"width: 326.222px; vertical-align: middle; border-color: #000000; text-align: center;\">\n<h5><a href=\"https:\/\/docs.google.com\/document\/d\/1A9XSUSfC7BN74Gq9AAbJBjN-MuUzOC-Au5dkbE6NBLM\/edit?usp=sharing\" target=\"_blank\" rel=\"noopener noreferrer\"><strong>Es poden fer serveis fora del centre amb un grup d\u2019alumnes?\u00a0<\/strong><\/a><\/h5>\n<\/td>\n<\/tr>\n<tr>\n<td style=\"width: 291.556px; vertical-align: middle; border-color: #000000; text-align: center;\">\n<h5><a href=\"https:\/\/docs.google.com\/document\/d\/1COacTkeKXpHv99p-L20pQB3x6psXHkn1Otj323caxwg\/edit?usp=sharing\" target=\"_blank\" rel=\"noopener noreferrer\"><strong>Com poden aportar aprenentatges les entitats als alumnes?<\/strong><\/a><strong>\u00a0<\/strong><\/h5>\n<\/td>\n<td style=\"width: 334.222px; vertical-align: middle; border-color: #000000; text-align: center;\">\n<h5><a href=\"https:\/\/docs.google.com\/document\/d\/1nnZ5TgICSMQDMP_EqBFafx3_FMWjiPS8b_N_ysR3vMc\/edit?usp=sharing\" target=\"_blank\" rel=\"noopener noreferrer\"><strong>Es van fer projectes durant el confinament de la primavera del 2020?<\/strong><\/a><strong>\u00a0<\/strong><\/h5>\n<\/td>\n<td style=\"width: 326.222px; vertical-align: middle; border-color: #000000; text-align: center;\">\n<h5><a href=\"https:\/\/docs.google.com\/document\/d\/1RuzTF1pNDKyEJufNIZgzBrUb9skOry-v8EI9XOb2WSs\/edit?usp=sharing\" target=\"_blank\" rel=\"noopener noreferrer\"><strong>Que fem als projectes no iniciats o no acabats del curs passat?<\/strong><\/a><\/h5>\n<\/td>\n<\/tr>\n<tr>\n<td style=\"width: 291.556px; vertical-align: middle; border-color: #000000; text-align: center;\">\n<h5><a href=\"https:\/\/docs.google.com\/document\/d\/1kWIcKLf2n_ccDYUHWjKO2x2giVpPhBrXx2fwWJR6cg8\/edit?usp=sharing\"><strong>\u00c9s obligatori fer el Servei Comunitari el curs 2021-2022 en el marc de la pand\u00e8mia?<\/strong><\/a><\/h5>\n<\/td>\n<td style=\"width: 334.222px; vertical-align: middle; border-color: #000000; text-align: center;\">\n<h5><a href=\"https:\/\/docs.google.com\/document\/d\/16u8n_XDsALeSplRkIa1KbuHf6nFDkdTs7qjQSJ2iUBM\/edit?usp=sharing\"><strong><b>Les persones responsables del Servei comunitari a les entitats, poden entrar a les aules a fer formaci\u00f3 als alumnes?<\/b><\/strong><\/a><\/h5>\n<\/td>\n<td style=\"width: 326.222px; vertical-align: middle; border-color: #000000; text-align: center;\">\n<h5><a href=\"https:\/\/docs.google.com\/document\/d\/1NVcPUZ3zrbtivKpNf3yhVLuCsekJArsLUc9Nafeo5Dk\/edit?usp=sharing\"><strong>Si els alumnes no van a l\u2019entitat per fer el Servei Comunitari, igual s\u2019ha de signar conveni amb l\u2019entitat?<\/strong><\/a><\/h5>\n<\/td>\n<\/tr>\n<\/tbody>\n<\/table>\n<table style=\"width: 954px;\">\n<tbody>\n<tr>\n<td style=\"width: 163px;\"><a href=\"https:\/\/serveiseducatius.xtec.cat\/lescorts\/wp-content\/uploads\/usu1169\/2020\/11\/baixa-10.png\"><img loading=\"lazy\" decoding=\"async\" class=\"alignnone size-full wp-image-13341\" src=\"https:\/\/serveiseducatius.xtec.cat\/lescorts\/wp-content\/uploads\/usu1169\/2020\/11\/baixa-10.png\" alt=\"\" width=\"369\" height=\"137\" srcset=\"https:\/\/serveiseducatius.xtec.cat\/lescorts\/wp-content\/uploads\/usu1169\/2020\/11\/baixa-10.png 369w, https:\/\/serveiseducatius.xtec.cat\/lescorts\/wp-content\/uploads\/usu1169\/2020\/11\/baixa-10-300x111.png 300w\" sizes=\"auto, (max-width: 369px) 100vw, 369px\" \/><\/a><\/td>\n<td style=\"width: 791px; text-align: justify;\"><a href=\"http:\/\/xtec.gencat.cat\/ca\/comunitat\/serveicomunitari\/servei-comunitari-en-temps-de-pandemia\/\" target=\"_blank\" rel=\"noopener noreferrer\"><strong>Servei comunitari en temps de pand\u00e8mia<\/strong><\/a><\/p>\n<p>Documents i orientacions que el Departament d&#8217;Educaci\u00f3 ha publicat.<\/td>\n<\/tr>\n<tr>\n<td style=\"width: 163px;\"><a href=\"https:\/\/serveiseducatius.xtec.cat\/lescorts\/wp-content\/uploads\/usu1169\/2020\/11\/SC_7consells.jpg\"><img loading=\"lazy\" decoding=\"async\" class=\"wp-image-13252 alignleft\" src=\"https:\/\/serveiseducatius.xtec.cat\/lescorts\/wp-content\/uploads\/usu1169\/2020\/11\/SC_7consells.jpg\" sizes=\"auto, (max-width: 181px) 100vw, 181px\" srcset=\"https:\/\/serveiseducatius.xtec.cat\/lescorts\/wp-content\/uploads\/usu1169\/2020\/11\/SC_7consells.jpg 918w, https:\/\/serveiseducatius.xtec.cat\/lescorts\/wp-content\/uploads\/usu1169\/2020\/11\/SC_7consells-300x189.jpg 300w, https:\/\/serveiseducatius.xtec.cat\/lescorts\/wp-content\/uploads\/usu1169\/2020\/11\/SC_7consells-768x483.jpg 768w\" alt=\"\" width=\"171\" height=\"108\" \/><\/a><\/td>\n<td style=\"width: 791px; text-align: justify;\"><a href=\"https:\/\/drive.google.com\/file\/d\/1A7qWbHAqAb38Jxq4RM6BD8Uilri2yfp7\/view?usp=sharing\" target=\"_blank\" rel=\"noopener noreferrer\"><strong>Set consells per fer APS en la dist\u00e0ncia <\/strong><\/a><\/p>\n<p>Roser Batlle i Sergio Ferrandis ens donen uns consells molt pr\u00e0ctics per a tenir en compte quan el centre educatiu i l\u2019entitat redactem un projecte.<\/td>\n<\/tr>\n<tr>\n<td style=\"width: 163px;\"><a href=\"https:\/\/serveiseducatius.xtec.cat\/lescorts\/wp-content\/uploads\/usu1169\/2020\/11\/Imatge.png\"><img loading=\"lazy\" decoding=\"async\" class=\"alignnone wp-image-13259\" src=\"https:\/\/serveiseducatius.xtec.cat\/lescorts\/wp-content\/uploads\/usu1169\/2020\/11\/Imatge-1024x759.png\" sizes=\"auto, (max-width: 170px) 100vw, 170px\" srcset=\"https:\/\/serveiseducatius.xtec.cat\/lescorts\/wp-content\/uploads\/usu1169\/2020\/11\/Imatge-1024x759.png 1024w, https:\/\/serveiseducatius.xtec.cat\/lescorts\/wp-content\/uploads\/usu1169\/2020\/11\/Imatge-300x222.png 300w, https:\/\/serveiseducatius.xtec.cat\/lescorts\/wp-content\/uploads\/usu1169\/2020\/11\/Imatge-768x569.png 768w, https:\/\/serveiseducatius.xtec.cat\/lescorts\/wp-content\/uploads\/usu1169\/2020\/11\/Imatge-200x150.png 200w, https:\/\/serveiseducatius.xtec.cat\/lescorts\/wp-content\/uploads\/usu1169\/2020\/11\/Imatge.png 1213w\" alt=\"\" width=\"170\" height=\"127\" \/><\/a><\/td>\n<td style=\"width: 791px; text-align: justify;\"><a href=\"https:\/\/drive.google.com\/file\/d\/1_VjCGWi8Iy_weKB9pEiWUoCo9JbQQYIr\/view?usp=sharing\" target=\"_blank\" rel=\"noopener noreferrer\"><strong>Servei Comunitari a dist\u00e0ncia.<\/strong><\/a><\/p>\n<p>Confer\u00e8ncia de la Roser Batlle, el 30 de setembre de 2020 al Departament d\u2019Educaci\u00f3. La conferenciant ens aporta el resultat de la recerca que s\u2019ha realitzat d\u2019alguns projectes que es van realitzar durant el confinament, unes reflexions del qu\u00e8 hem apr\u00e8s i propostes d\u2019idees per a projectes de Servei Comunitari en la dist\u00e0ncia<\/p>\n<p><a href=\"https:\/\/serveiseducatius.xtec.cat\/lescorts\/portada\/servei-comunitari-a-distancia\/\" target=\"_blank\" rel=\"noopener noreferrer\">Confer\u00e8ncia<\/a><\/td>\n<\/tr>\n<tr>\n<td style=\"width: 163px;\"><a href=\"https:\/\/serveiseducatius.xtec.cat\/lescorts\/wp-content\/uploads\/usu1169\/2020\/11\/Josep-Puig.png\"><img loading=\"lazy\" decoding=\"async\" class=\"alignnone wp-image-13261\" src=\"https:\/\/serveiseducatius.xtec.cat\/lescorts\/wp-content\/uploads\/usu1169\/2020\/11\/Josep-Puig.png\" sizes=\"auto, (max-width: 792px) 100vw, 792px\" srcset=\"https:\/\/serveiseducatius.xtec.cat\/lescorts\/wp-content\/uploads\/usu1169\/2020\/11\/Josep-Puig.png 792w, https:\/\/serveiseducatius.xtec.cat\/lescorts\/wp-content\/uploads\/usu1169\/2020\/11\/Josep-Puig-300x215.png 300w, https:\/\/serveiseducatius.xtec.cat\/lescorts\/wp-content\/uploads\/usu1169\/2020\/11\/Josep-Puig-768x551.png 768w\" alt=\"\" width=\"171\" height=\"123\" \/><\/a><\/td>\n<td style=\"width: 791px; text-align: justify;\"><strong><a href=\"http:\/\/diarieducacio.cat\/blogs\/senderi\/2020\/10\/15\/com-fer-aps-en-linia\/\" target=\"_blank\" rel=\"noopener noreferrer\">Com fer APS en l\u00ednea<\/a><\/strong><\/p>\n<p>F\u00e1tima Avil\u00e9s Sede\u00f1o i Josep M. Puig Rovira ens presenten projectes que es van realitzar durant els mesos de confinament i propostes de solucions que van sorgir.<\/td>\n<\/tr>\n<tr>\n<td style=\"width: 163px;\"><a href=\"https:\/\/serveiseducatius.xtec.cat\/lescorts\/wp-content\/uploads\/usu1169\/2020\/11\/cartes-amb-cor.jpg\"><img loading=\"lazy\" decoding=\"async\" class=\"alignnone wp-image-13265\" src=\"https:\/\/serveiseducatius.xtec.cat\/lescorts\/wp-content\/uploads\/usu1169\/2020\/11\/cartes-amb-cor.jpg\" sizes=\"auto, (max-width: 968px) 100vw, 968px\" srcset=\"https:\/\/serveiseducatius.xtec.cat\/lescorts\/wp-content\/uploads\/usu1169\/2020\/11\/cartes-amb-cor.jpg 968w, https:\/\/serveiseducatius.xtec.cat\/lescorts\/wp-content\/uploads\/usu1169\/2020\/11\/cartes-amb-cor-300x169.jpg 300w, https:\/\/serveiseducatius.xtec.cat\/lescorts\/wp-content\/uploads\/usu1169\/2020\/11\/cartes-amb-cor-768x433.jpg 768w\" alt=\"\" width=\"174\" height=\"98\" \/><\/a><\/td>\n<td style=\"width: 791px; text-align: justify;\"><strong><a href=\"https:\/\/drive.google.com\/file\/d\/1akCaFA2nVHdAowLxXyvtTNXiTKAduK_p\/view?usp=sharing\" target=\"_blank\" rel=\"noopener noreferrer\">La fraternitat no pot esperar<\/a><\/strong><\/p>\n<p>Article de la Roser Batlle. L\u2019autora ens aporta unes pistes per analitzar tot el que ens est\u00e0 passant. Alhora que es pregunta quins canvis s\u2019hauran de produir a la nostra societat. En els dos casos aporta les reflexions de diferents autors. La proposta educativa d\u2019Aprenentatge Servei ha demostrat\u00a0 al llarg d\u2019aquests anys que pot ser una gran eina de canvi.<\/td>\n<\/tr>\n<tr>\n<td style=\"width: 163px;\"><a href=\"https:\/\/serveiseducatius.xtec.cat\/lescorts\/wp-content\/uploads\/usu1169\/2020\/11\/en-torno-al-covid.png\"><img loading=\"lazy\" decoding=\"async\" class=\"alignnone wp-image-13271\" src=\"https:\/\/serveiseducatius.xtec.cat\/lescorts\/wp-content\/uploads\/usu1169\/2020\/11\/en-torno-al-covid.png\" sizes=\"auto, (max-width: 193px) 100vw, 193px\" srcset=\"https:\/\/serveiseducatius.xtec.cat\/lescorts\/wp-content\/uploads\/usu1169\/2020\/11\/en-torno-al-covid.png 1017w, https:\/\/serveiseducatius.xtec.cat\/lescorts\/wp-content\/uploads\/usu1169\/2020\/11\/en-torno-al-covid-300x109.png 300w, https:\/\/serveiseducatius.xtec.cat\/lescorts\/wp-content\/uploads\/usu1169\/2020\/11\/en-torno-al-covid-768x278.png 768w\" alt=\"\" width=\"174\" height=\"63\" \/><\/a><\/td>\n<td style=\"width: 791px; text-align: justify;\"><a href=\"https:\/\/sites.google.com\/view\/redapscovid19\/p%C3%A1gina-principal?authuser=3\" target=\"_blank\" rel=\"noopener noreferrer\"><b>Entorno al Covid-19<\/b><\/a><\/p>\n<p>Conjunt de reflexions de pensadors, soci\u00f2legs, pedagogs,\u2026 realitzades entre el mar\u00e7-juny 2020. Red Espanyola de Aprendizaje Servicio<\/td>\n<\/tr>\n<tr>\n<td style=\"width: 163px;\"><a href=\"https:\/\/serveiseducatius.xtec.cat\/lescorts\/wp-content\/uploads\/usu1169\/2020\/11\/Sense-t\u00edtol-6.png\"><img loading=\"lazy\" decoding=\"async\" class=\"alignnone size-large wp-image-13355\" src=\"https:\/\/serveiseducatius.xtec.cat\/lescorts\/wp-content\/uploads\/usu1169\/2020\/11\/Sense-t\u00edtol-6-1024x777.png\" alt=\"\" width=\"1024\" height=\"777\" srcset=\"https:\/\/serveiseducatius.xtec.cat\/lescorts\/wp-content\/uploads\/usu1169\/2020\/11\/Sense-t\u00edtol-6-1024x777.png 1024w, https:\/\/serveiseducatius.xtec.cat\/lescorts\/wp-content\/uploads\/usu1169\/2020\/11\/Sense-t\u00edtol-6-300x228.png 300w, https:\/\/serveiseducatius.xtec.cat\/lescorts\/wp-content\/uploads\/usu1169\/2020\/11\/Sense-t\u00edtol-6-768x583.png 768w, https:\/\/serveiseducatius.xtec.cat\/lescorts\/wp-content\/uploads\/usu1169\/2020\/11\/Sense-t\u00edtol-6.png 1027w\" sizes=\"auto, (max-width: 1024px) 100vw, 1024px\" \/><\/a><\/td>\n<td style=\"width: 791px; text-align: justify;\"><a href=\"https:\/\/www.aprendizajeservicio.net\/wp-content\/uploads\/2020\/10\/CATALOGO-APS-EN-TIEMPOS-DE-CORONAVIRUS-.pdf\" target=\"_blank\" rel=\"noopener noreferrer\"><strong>APS i coronavirus: experi\u00e8ncies<\/strong><\/a><\/p>\n<p>Recull d\u2019experi\u00e8ncies que es van realitzar durant el confinament per part de la Red Espa\u00f1ola de Aprendizaje Servicio. Totes elles s\u00f3n el reflex de la generositat i creativitat dels estudiants i del seu professorat.<\/td>\n<\/tr>\n<tr>\n<td style=\"width: 163px;\"><a href=\"https:\/\/serveiseducatius.xtec.cat\/lescorts\/wp-content\/uploads\/usu1169\/2020\/11\/Sense-t\u00edtol-7.png\"><img loading=\"lazy\" decoding=\"async\" class=\"alignnone size-full wp-image-13358\" src=\"https:\/\/serveiseducatius.xtec.cat\/lescorts\/wp-content\/uploads\/usu1169\/2020\/11\/Sense-t\u00edtol-7.png\" alt=\"\" width=\"649\" height=\"419\" srcset=\"https:\/\/serveiseducatius.xtec.cat\/lescorts\/wp-content\/uploads\/usu1169\/2020\/11\/Sense-t\u00edtol-7.png 649w, https:\/\/serveiseducatius.xtec.cat\/lescorts\/wp-content\/uploads\/usu1169\/2020\/11\/Sense-t\u00edtol-7-300x194.png 300w\" sizes=\"auto, (max-width: 649px) 100vw, 649px\" \/><\/a><\/td>\n<td style=\"width: 791px;\"><a href=\"http:\/\/diarieducacio.cat\/blogs\/aprenentatgeservei\/2020\/07\/15\/aps-durant-el-confinament-aprendre-ciutadania-i-guanyar-resiliencia\/\" target=\"_blank\" rel=\"noopener noreferrer\" data-saferedirecturl=\"https:\/\/www.google.com\/url?q=http:\/\/diarieducacio.cat\/blogs\/aprenentatgeservei\/2020\/07\/15\/aps-durant-el-confinament-aprendre-ciutadania-i-guanyar-resiliencia\/&amp;source=gmail&amp;ust=1605875611395000&amp;usg=AOvVaw0zdLYmx4QkZKDRzN1bTD5W\"><strong>ApS durant el confinament. Aprendre ciutadania i guanyar resili\u00e8ncia&#8221;.<\/strong><\/a>\u00a0 <em>El Diari de l\u2019Educaci\u00f3<\/em>, 15\/07\/2020.<\/p>\n<p>El Centre Promotor d&#8217;APS presenta projectes que es van realitzar durant el confinament.<\/td>\n<\/tr>\n<tr>\n<td style=\"width: 163px;\"><a href=\"https:\/\/serveiseducatius.xtec.cat\/lescorts\/wp-content\/uploads\/usu1169\/2020\/11\/Experi\u00e8ncies-APS.png\"><img loading=\"lazy\" decoding=\"async\" class=\"alignnone size-full wp-image-13273\" src=\"https:\/\/serveiseducatius.xtec.cat\/lescorts\/wp-content\/uploads\/usu1169\/2020\/11\/Experi\u00e8ncies-APS.png\" alt=\"\" width=\"725\" height=\"491\" srcset=\"https:\/\/serveiseducatius.xtec.cat\/lescorts\/wp-content\/uploads\/usu1169\/2020\/11\/Experi\u00e8ncies-APS.png 725w, https:\/\/serveiseducatius.xtec.cat\/lescorts\/wp-content\/uploads\/usu1169\/2020\/11\/Experi\u00e8ncies-APS-300x203.png 300w\" sizes=\"auto, (max-width: 725px) 100vw, 725px\" \/><\/a><\/td>\n<td style=\"width: 791px;\"><a href=\"https:\/\/digital.noveduc.com\/library\/publication\/aprendizaje-servicio-solidario-en-tiempos-de-pandemia\" target=\"_blank\" rel=\"noopener noreferrer\" data-saferedirecturl=\"https:\/\/www.google.com\/url?q=https:\/\/digital.noveduc.com\/reader\/cambiar-el-mundo-desde-la-institucion-educativa?location%3D1&amp;source=gmail&amp;ust=1605875611395000&amp;usg=AOvVaw1tOTntqi8qgBe21ZZPuOny\"><strong>Aprendizaje-servicio solidario en tiempos de pandemia<\/strong> <\/a><em>Revista Digital Novedades Educativas<\/em>, n\u00fam. 355, p. 8-12 (2020)<\/p>\n<p>M.N. Tapia ens aporta projectes que es van dura a terme durant el confinament, a nivell internacional, i ens planteja reptes per al que probablement sigui una llarga transici\u00f3 cap a la post pand\u00e8mia<\/td>\n<\/tr>\n<\/tbody>\n<\/table>\n<h5><\/h5>\n","protected":false},"excerpt":{"rendered":"<p>PREGUNTES FREQ\u00dcENTS Perqu\u00e8 \u00e9s important fer projectes d\u2019Aprenentatge Servei Comunitari ara? Com planificar el Servei Comunitari per al curs 2021-2022? Quins \u00e0mbits o projectes requereixen poc contacte entre persones? Quines necessitats ha fet aflorar el COVID?\u00a0 Quines respostes a aquestes necessitats s\u2019han accentuat arrel de la pand\u00e8mia?\u00a0 Es poden fer serveis fora del centre amb [&hellip;]<\/p>\n","protected":false},"author":1,"featured_media":0,"parent":0,"menu_order":0,"comment_status":"closed","ping_status":"closed","template":"","meta":{"_bbp_topic_count":0,"_bbp_reply_count":0,"_bbp_total_topic_count":0,"_bbp_total_reply_count":0,"_bbp_voice_count":0,"_bbp_anonymous_reply_count":0,"_bbp_topic_count_hidden":0,"_bbp_reply_count_hidden":0,"_bbp_forum_subforum_count":0,"site-sidebar-layout":"default","site-content-layout":"","ast-site-content-layout":"","site-content-style":"default","site-sidebar-style":"default","ast-global-header-display":"","ast-banner-title-visibility":"","ast-main-header-display":"","ast-hfb-above-header-display":"","ast-hfb-below-header-display":"","ast-hfb-mobile-header-display":"","site-post-title":"","ast-breadcrumbs-content":"","ast-featured-img":"","footer-sml-layout":"","theme-transparent-header-meta":"","adv-header-id-meta":"","stick-header-meta":"","header-above-stick-meta":"","header-main-stick-meta":"","header-below-stick-meta":"","astra-migrate-meta-layouts":"default","ast-page-background-enabled":"default","ast-page-background-meta":{"desktop":{"background-color":"var(--ast-global-color-4)","background-image":"","background-repeat":"repeat","background-position":"center center","background-size":"auto","background-attachment":"scroll","background-type":"","background-media":"","overlay-type":"","overlay-color":"","overlay-opacity":"","overlay-gradient":""},"tablet":{"background-color":"","background-image":"","background-repeat":"repeat","background-position":"center center","background-size":"auto","background-attachment":"scroll","background-type":"","background-media":"","overlay-type":"","overlay-color":"","overlay-opacity":"","overlay-gradient":""},"mobile":{"background-color":"","background-image":"","background-repeat":"repeat","background-position":"center center","background-size":"auto","background-attachment":"scroll","background-type":"","background-media":"","overlay-type":"","overlay-color":"","overlay-opacity":"","overlay-gradient":""}},"ast-content-background-meta":{"desktop":{"background-color":"var(--ast-global-color-5)","background-image":"","background-repeat":"repeat","background-position":"center center","background-size":"auto","background-attachment":"scroll","background-type":"","background-media":"","overlay-type":"","overlay-color":"","overlay-opacity":"","overlay-gradient":""},"tablet":{"background-color":"var(--ast-global-color-5)","background-image":"","background-repeat":"repeat","background-position":"center center","background-size":"auto","background-attachment":"scroll","background-type":"","background-media":"","overlay-type":"","overlay-color":"","overlay-opacity":"","overlay-gradient":""},"mobile":{"background-color":"var(--ast-global-color-5)","background-image":"","background-repeat":"repeat","background-position":"center center","background-size":"auto","background-attachment":"scroll","background-type":"","background-media":"","overlay-type":"","overlay-color":"","overlay-opacity":"","overlay-gradient":""}},"footnotes":""},"class_list":["post-13177","page","type-page","status-publish","hentry"],"post_mailing_queue_ids":[],"_links":{"self":[{"href":"https:\/\/serveiseducatius.xtec.cat\/lescorts\/wp-json\/wp\/v2\/pages\/13177","targetHints":{"allow":["GET"]}}],"collection":[{"href":"https:\/\/serveiseducatius.xtec.cat\/lescorts\/wp-json\/wp\/v2\/pages"}],"about":[{"href":"https:\/\/serveiseducatius.xtec.cat\/lescorts\/wp-json\/wp\/v2\/types\/page"}],"author":[{"embeddable":true,"href":"https:\/\/serveiseducatius.xtec.cat\/lescorts\/wp-json\/wp\/v2\/users\/1"}],"replies":[{"embeddable":true,"href":"https:\/\/serveiseducatius.xtec.cat\/lescorts\/wp-json\/wp\/v2\/comments?post=13177"}],"version-history":[{"count":4,"href":"https:\/\/serveiseducatius.xtec.cat\/lescorts\/wp-json\/wp\/v2\/pages\/13177\/revisions"}],"predecessor-version":[{"id":14146,"href":"https:\/\/serveiseducatius.xtec.cat\/lescorts\/wp-json\/wp\/v2\/pages\/13177\/revisions\/14146"}],"wp:attachment":[{"href":"https:\/\/serveiseducatius.xtec.cat\/lescorts\/wp-json\/wp\/v2\/media?parent=13177"}],"curies":[{"name":"wp","href":"https:\/\/api.w.org\/{rel}","templated":true}]}}