{"id":12943,"date":"2020-06-25T07:38:14","date_gmt":"2020-06-25T05:38:14","guid":{"rendered":"http:\/\/serveiseducatius.xtec.cat\/lescorts\/?page_id=12943"},"modified":"2023-11-13T23:24:06","modified_gmt":"2023-11-13T22:24:06","slug":"referencies-pedagogiques","status":"publish","type":"page","link":"https:\/\/serveiseducatius.xtec.cat\/lescorts\/referencies-pedagogiques\/","title":{"rendered":"REFER\u00c8NCIES PEDAG\u00d2GIQUES"},"content":{"rendered":"<ul>\n<li><a href=\"https:\/\/mon.uvic.cat\/miradespoliedriques\/recursos\/guia\/\" target=\"_blank\" rel=\"noopener\">Guia mirades poli\u00e8driques a la viol\u00e8ncia de g\u00e8nere.<\/a> Gerard Coll-Planas, Maria Rod\u00f3-Z\u00e1rate i Gloria Garc\u00eda-Romeral. UVIC i UOC. 2023<\/li>\n<li><a href=\"https:\/\/unescocat.org\/2018\/10\/10\/educacio-hi-ha-un-tresor-amagat-a-dins-1996\/\" target=\"_blank\" rel=\"noopener noreferrer\">Educaci\u00f3: hi ha un tresor amagat a dins.<\/a> Jacques Delors.UNESCO Catalunya 1996<\/li>\n<li><a href=\"https:\/\/drive.google.com\/file\/d\/0B3qR5gexInZbUXpHTENnZU9wUW8\/view\" target=\"_blank\" rel=\"noopener noreferrer\">La naturalesa de l\u2019Aprenentatge: utilitzar la recerca per inspirar la pr\u00e0ctica.<\/a> OECD. 2010<\/li>\n<li><a href=\"https:\/\/unesdoc.unesco.org\/ark:\/48223\/pf0000244219\" target=\"_blank\" rel=\"noopener noreferrer\">Repensar l&#8217;educaci\u00f3: vers un b\u00e9 com\u00fa mundial?<\/a> UNESCO Centre de Catalunya, 2015<\/li>\n<li><a href=\"https:\/\/drive.google.com\/file\/d\/1r4mZPBDHPbBNbhLM6nrXTYzgM4JtYlub\/view\" target=\"_blank\" rel=\"noopener noreferrer\">Manual per a entorns d\u2019aprenentatge innovadors.<\/a> OECD. 2018.<\/li>\n<li><a href=\"http:\/\/xtec.gencat.cat\/web\/.content\/innovacio\/marc_normatiu\/documents\/marc_dinnovacio_pedagogica.pdf\" target=\"_blank\" rel=\"noopener noreferrer\">Marc de la innovaci\u00f3 pedag\u00f2gica a Catalunya<\/a>. Departament d\u2019Ensenyament. Generalitat de Catalunya. Juliol 2017<\/li>\n<\/ul>\n","protected":false},"excerpt":{"rendered":"<p>Guia mirades poli\u00e8driques a la viol\u00e8ncia de g\u00e8nere. Gerard Coll-Planas, Maria Rod\u00f3-Z\u00e1rate i Gloria Garc\u00eda-Romeral. UVIC i UOC. 2023 Educaci\u00f3: hi ha un tresor amagat a dins. Jacques Delors.UNESCO Catalunya 1996 La naturalesa de l\u2019Aprenentatge: utilitzar la recerca per inspirar la pr\u00e0ctica. OECD. 2010 Repensar l&#8217;educaci\u00f3: vers un b\u00e9 com\u00fa mundial? UNESCO Centre de Catalunya, [&hellip;]<\/p>\n","protected":false},"author":1,"featured_media":0,"parent":0,"menu_order":0,"comment_status":"closed","ping_status":"closed","template":"","meta":{"_bbp_topic_count":0,"_bbp_reply_count":0,"_bbp_total_topic_count":0,"_bbp_total_reply_count":0,"_bbp_voice_count":0,"_bbp_anonymous_reply_count":0,"_bbp_topic_count_hidden":0,"_bbp_reply_count_hidden":0,"_bbp_forum_subforum_count":0,"site-sidebar-layout":"default","site-content-layout":"","ast-site-content-layout":"","site-content-style":"default","site-sidebar-style":"default","ast-global-header-display":"","ast-banner-title-visibility":"","ast-main-header-display":"","ast-hfb-above-header-display":"","ast-hfb-below-header-display":"","ast-hfb-mobile-header-display":"","site-post-title":"","ast-breadcrumbs-content":"","ast-featured-img":"","footer-sml-layout":"","theme-transparent-header-meta":"","adv-header-id-meta":"","stick-header-meta":"","header-above-stick-meta":"","header-main-stick-meta":"","header-below-stick-meta":"","astra-migrate-meta-layouts":"default","ast-page-background-enabled":"default","ast-page-background-meta":{"desktop":{"background-color":"var(--ast-global-color-4)","background-image":"","background-repeat":"repeat","background-position":"center center","background-size":"auto","background-attachment":"scroll","background-type":"","background-media":"","overlay-type":"","overlay-color":"","overlay-opacity":"","overlay-gradient":""},"tablet":{"background-color":"","background-image":"","background-repeat":"repeat","background-position":"center center","background-size":"auto","background-attachment":"scroll","background-type":"","background-media":"","overlay-type":"","overlay-color":"","overlay-opacity":"","overlay-gradient":""},"mobile":{"background-color":"","background-image":"","background-repeat":"repeat","background-position":"center center","background-size":"auto","background-attachment":"scroll","background-type":"","background-media":"","overlay-type":"","overlay-color":"","overlay-opacity":"","overlay-gradient":""}},"ast-content-background-meta":{"desktop":{"background-color":"var(--ast-global-color-5)","background-image":"","background-repeat":"repeat","background-position":"center center","background-size":"auto","background-attachment":"scroll","background-type":"","background-media":"","overlay-type":"","overlay-color":"","overlay-opacity":"","overlay-gradient":""},"tablet":{"background-color":"var(--ast-global-color-5)","background-image":"","background-repeat":"repeat","background-position":"center center","background-size":"auto","background-attachment":"scroll","background-type":"","background-media":"","overlay-type":"","overlay-color":"","overlay-opacity":"","overlay-gradient":""},"mobile":{"background-color":"var(--ast-global-color-5)","background-image":"","background-repeat":"repeat","background-position":"center center","background-size":"auto","background-attachment":"scroll","background-type":"","background-media":"","overlay-type":"","overlay-color":"","overlay-opacity":"","overlay-gradient":""}},"footnotes":""},"class_list":["post-12943","page","type-page","status-publish","hentry"],"post_mailing_queue_ids":[],"_links":{"self":[{"href":"https:\/\/serveiseducatius.xtec.cat\/lescorts\/wp-json\/wp\/v2\/pages\/12943","targetHints":{"allow":["GET"]}}],"collection":[{"href":"https:\/\/serveiseducatius.xtec.cat\/lescorts\/wp-json\/wp\/v2\/pages"}],"about":[{"href":"https:\/\/serveiseducatius.xtec.cat\/lescorts\/wp-json\/wp\/v2\/types\/page"}],"author":[{"embeddable":true,"href":"https:\/\/serveiseducatius.xtec.cat\/lescorts\/wp-json\/wp\/v2\/users\/1"}],"replies":[{"embeddable":true,"href":"https:\/\/serveiseducatius.xtec.cat\/lescorts\/wp-json\/wp\/v2\/comments?post=12943"}],"version-history":[{"count":3,"href":"https:\/\/serveiseducatius.xtec.cat\/lescorts\/wp-json\/wp\/v2\/pages\/12943\/revisions"}],"predecessor-version":[{"id":15907,"href":"https:\/\/serveiseducatius.xtec.cat\/lescorts\/wp-json\/wp\/v2\/pages\/12943\/revisions\/15907"}],"wp:attachment":[{"href":"https:\/\/serveiseducatius.xtec.cat\/lescorts\/wp-json\/wp\/v2\/media?parent=12943"}],"curies":[{"name":"wp","href":"https:\/\/api.w.org\/{rel}","templated":true}]}}