{"id":12941,"date":"2020-06-25T07:36:23","date_gmt":"2020-06-25T05:36:23","guid":{"rendered":"http:\/\/serveiseducatius.xtec.cat\/lescorts\/?page_id=12941"},"modified":"2020-09-07T13:34:28","modified_gmt":"2020-09-07T11:34:28","slug":"referencies-normatives","status":"publish","type":"page","link":"https:\/\/serveiseducatius.xtec.cat\/lescorts\/referencies-normatives\/","title":{"rendered":"REFER\u00c8NCIES NORMATIVES"},"content":{"rendered":"<ul>\n<li style=\"text-align: justify;\"><a href=\"http:\/\/ensenyament.gencat.cat\/web\/.content\/home\/departament\/normativa\/normativa-educacio\/lec_12_2009.pdf\" target=\"_blank\" rel=\"noopener noreferrer\">Llei 12\/2009, de 10 de juliol, d\u2019Educaci\u00f3 de Catalunya (LEC).<\/a>\u00a0Al T\u00edtol III Comunitat educativa, cap\u00edtol II alumnat articles 21, 22, 23 i 24 trobareu tot el que fa refer\u00e8ncia a drets i deures dels alumnes.<\/li>\n<li style=\"text-align: justify;\"><a href=\"https:\/\/www.parlament.cat\/document\/nom\/TL115.pdf\" target=\"_blank\" rel=\"noopener noreferrer\">Llei 14\/2010 dels drets i oportunitats en la inf\u00e0ncia i l\u2019adolesc\u00e8ncia<\/a>. Aquesta llei desplega l\u2019article 17 de l\u2019Estatut d\u2019autonomia de Catalunya, que reconeix el dret de totes les persones menors d\u2019edat a rebre l\u2019atenci\u00f3 integral necess\u00e0ria per al desenvolupament de llur personalitat i llur benestar en el context familiar i social. L\u2019article 44 fa refer\u00e8ncia al dret a la participaci\u00f3.<\/li>\n<li style=\"text-align: justify;\"><a href=\"https:\/\/dogc.gencat.cat\/ca\/pdogc_canals_interns\/pdogc_resultats_fitxa\/?action=fitxa&amp;documentId=799722&amp;language=ca_ES\" target=\"_blank\" rel=\"noopener noreferrer\">Decret 150\/2017 de 17 d\u2019octubre, de l\u2019atenci\u00f3 educativa a l\u2019alumnat en el marc d\u2019un sistema educatiu inclusiu.<\/a>\u00a0Departament d\u2019Ensenyament. Generalitat de Catalunya.<\/li>\n<li style=\"text-align: justify;\"><a href=\"https:\/\/portaldogc.gencat.cat\/utilsEADOP\/PDF\/7336\/1599535.pdf\" target=\"_blank\" rel=\"noopener noreferrer\">Resoluci\u00f3 ENS\/585\/2017, de 17 de mar\u00e7, per la qual s\u2019estableix l\u2019elaboraci\u00f3 i la implementaci\u00f3 del Projecte de Conviv\u00e8ncia en els centres educatius dins el marc del Projecte Educatiu de Centre<\/a><\/li>\n<li><a href=\"https:\/\/dogc.gencat.cat\/ca\/pdogc_canals_interns\/pdogc_resultats_fitxa\/?action=fitxa&amp;documentId=878543&amp;language=ca_ES\">Resoluci\u00f3 EDU\/1753\/2020<\/a>, de 16 de juliol, per la qual es modifica la <a href=\"http:\/\/dogc.gencat.cat\/ca\/pdogc_canals_interns\/pdogc_resultats_fitxa\/?action=fitxa&amp;mode=single&amp;documentId=781530&amp;language=ca_ES\" data-saferedirecturl=\"https:\/\/www.google.com\/url?q=http:\/\/dogc.gencat.cat\/ca\/pdogc_canals_interns\/pdogc_resultats_fitxa\/?action%3Dfitxa%26mode%3Dsingle%26documentId%3D781530%26language%3Dca_ES&amp;source=gmail&amp;ust=1599558369502000&amp;usg=AFQjCNHj16w2A5TcXWdtFa9nKXnyqDR4DQ\">Resoluci\u00f3 ENS\/585\/2017<\/a>, de 17 de mar\u00e7, per la qual s&#8217;estableix l&#8217;elaboraci\u00f3 i la implementaci\u00f3 del Projecte de Conviv\u00e8ncia en els centres educatius dins del marc del Projecte Educatiu de Centre<\/li>\n<li><a href=\"https:\/\/www.unicef.es\/sites\/unicef.es\/files\/comunicacion\/unicef-educa-CONVENCIO-SOBRE-ELS-DRETS-DE-L-INFANT-versio-resumida-cat.pdf\" target=\"_blank\" rel=\"noopener noreferrer\">Convenci\u00f3 sobre els drets de l\u2019infant UNICEF<\/a><\/li>\n<li style=\"text-align: justify;\"><a href=\"https:\/\/unescocat.org\/portfolio-items\/publicacio-del-la-versio-en-catala-del-document-de-la-unesco-leducacio-epr-als-ods-objectius-daprenentatge\/\" target=\"_blank\" rel=\"noopener noreferrer\">Educaci\u00f3 per als objectius de desenvolupament sostenible<\/a>. UNESCO<\/li>\n<li style=\"text-align: justify;\"><a href=\"http:\/\/xtec.gencat.cat\/ca\/curriculum\/coeducacio\/normativa\/\" target=\"_blank\" rel=\"noopener noreferrer\">Normativa sobre perspectiva de g\u00e8nere<\/a><\/li>\n<\/ul>\n","protected":false},"excerpt":{"rendered":"<p>Llei 12\/2009, de 10 de juliol, d\u2019Educaci\u00f3 de Catalunya (LEC).\u00a0Al T\u00edtol III Comunitat educativa, cap\u00edtol II alumnat articles 21, 22, 23 i 24 trobareu tot el que fa refer\u00e8ncia a drets i deures dels alumnes. Llei 14\/2010 dels drets i oportunitats en la inf\u00e0ncia i l\u2019adolesc\u00e8ncia. Aquesta llei desplega l\u2019article 17 de l\u2019Estatut d\u2019autonomia de [&hellip;]<\/p>\n","protected":false},"author":1,"featured_media":0,"parent":0,"menu_order":0,"comment_status":"closed","ping_status":"closed","template":"","meta":{"_bbp_topic_count":0,"_bbp_reply_count":0,"_bbp_total_topic_count":0,"_bbp_total_reply_count":0,"_bbp_voice_count":0,"_bbp_anonymous_reply_count":0,"_bbp_topic_count_hidden":0,"_bbp_reply_count_hidden":0,"_bbp_forum_subforum_count":0,"site-sidebar-layout":"default","site-content-layout":"","ast-site-content-layout":"","site-content-style":"default","site-sidebar-style":"default","ast-global-header-display":"","ast-banner-title-visibility":"","ast-main-header-display":"","ast-hfb-above-header-display":"","ast-hfb-below-header-display":"","ast-hfb-mobile-header-display":"","site-post-title":"","ast-breadcrumbs-content":"","ast-featured-img":"","footer-sml-layout":"","theme-transparent-header-meta":"","adv-header-id-meta":"","stick-header-meta":"","header-above-stick-meta":"","header-main-stick-meta":"","header-below-stick-meta":"","astra-migrate-meta-layouts":"default","ast-page-background-enabled":"default","ast-page-background-meta":{"desktop":{"background-color":"var(--ast-global-color-4)","background-image":"","background-repeat":"repeat","background-position":"center center","background-size":"auto","background-attachment":"scroll","background-type":"","background-media":"","overlay-type":"","overlay-color":"","overlay-opacity":"","overlay-gradient":""},"tablet":{"background-color":"","background-image":"","background-repeat":"repeat","background-position":"center center","background-size":"auto","background-attachment":"scroll","background-type":"","background-media":"","overlay-type":"","overlay-color":"","overlay-opacity":"","overlay-gradient":""},"mobile":{"background-color":"","background-image":"","background-repeat":"repeat","background-position":"center center","background-size":"auto","background-attachment":"scroll","background-type":"","background-media":"","overlay-type":"","overlay-color":"","overlay-opacity":"","overlay-gradient":""}},"ast-content-background-meta":{"desktop":{"background-color":"var(--ast-global-color-5)","background-image":"","background-repeat":"repeat","background-position":"center center","background-size":"auto","background-attachment":"scroll","background-type":"","background-media":"","overlay-type":"","overlay-color":"","overlay-opacity":"","overlay-gradient":""},"tablet":{"background-color":"var(--ast-global-color-5)","background-image":"","background-repeat":"repeat","background-position":"center center","background-size":"auto","background-attachment":"scroll","background-type":"","background-media":"","overlay-type":"","overlay-color":"","overlay-opacity":"","overlay-gradient":""},"mobile":{"background-color":"var(--ast-global-color-5)","background-image":"","background-repeat":"repeat","background-position":"center center","background-size":"auto","background-attachment":"scroll","background-type":"","background-media":"","overlay-type":"","overlay-color":"","overlay-opacity":"","overlay-gradient":""}},"footnotes":""},"class_list":["post-12941","page","type-page","status-publish","hentry"],"post_mailing_queue_ids":[],"_links":{"self":[{"href":"https:\/\/serveiseducatius.xtec.cat\/lescorts\/wp-json\/wp\/v2\/pages\/12941","targetHints":{"allow":["GET"]}}],"collection":[{"href":"https:\/\/serveiseducatius.xtec.cat\/lescorts\/wp-json\/wp\/v2\/pages"}],"about":[{"href":"https:\/\/serveiseducatius.xtec.cat\/lescorts\/wp-json\/wp\/v2\/types\/page"}],"author":[{"embeddable":true,"href":"https:\/\/serveiseducatius.xtec.cat\/lescorts\/wp-json\/wp\/v2\/users\/1"}],"replies":[{"embeddable":true,"href":"https:\/\/serveiseducatius.xtec.cat\/lescorts\/wp-json\/wp\/v2\/comments?post=12941"}],"version-history":[{"count":3,"href":"https:\/\/serveiseducatius.xtec.cat\/lescorts\/wp-json\/wp\/v2\/pages\/12941\/revisions"}],"predecessor-version":[{"id":13016,"href":"https:\/\/serveiseducatius.xtec.cat\/lescorts\/wp-json\/wp\/v2\/pages\/12941\/revisions\/13016"}],"wp:attachment":[{"href":"https:\/\/serveiseducatius.xtec.cat\/lescorts\/wp-json\/wp\/v2\/media?parent=12941"}],"curies":[{"name":"wp","href":"https:\/\/api.w.org\/{rel}","templated":true}]}}