{"id":12932,"date":"2020-06-19T10:10:40","date_gmt":"2020-06-19T08:10:40","guid":{"rendered":"http:\/\/serveiseducatius.xtec.cat\/lescorts\/?page_id=12932"},"modified":"2021-10-06T17:03:18","modified_gmt":"2021-10-06T15:03:18","slug":"perspectiva-de-genere","status":"publish","type":"page","link":"https:\/\/serveiseducatius.xtec.cat\/lescorts\/perspectiva-de-genere\/","title":{"rendered":"PERSPECTIVA DE G\u00c8NERE"},"content":{"rendered":"<h4 style=\"text-align: center;\"><em>&#8220;\u00c9s imprescindible pensar amb detall qu\u00e8 implica coeducar per fer possible la coeducaci\u00f3&#8221;.<\/em><\/h4>\n<h4 style=\"text-align: center;\">Amparo Tom\u00e9 Gonz\u00e1lez<\/h4>\n<p style=\"text-align: justify;\">Els centres educatius han de promoure la igualtat d&#8217;oportunitats del seu alumnat; incorporar la perspectiva de g\u00e8nere a l&#8217;acci\u00f3 educativa; prevenir i gestionar comportaments i actituds discriminatoris per ra\u00f3 d\u2019identitat de g\u00e8nere, expressi\u00f3 de g\u00e8nere i orientaci\u00f3 afectivosexual i potenciar-ne el reconeixement, la cooperaci\u00f3 i el respecte mutu. Aquests objectius queden recollits en el Pla per a la igualtat de g\u00e8nere del sistema educatiu, aprovat pel Govern el 20 de gener de 2015.<\/p>\n<p><span style=\"font-weight: 400;\">\u00a0<strong>Projecte de conviv\u00e8ncia. Departament d\u2019Educaci\u00f3<\/strong><\/span><\/p>\n<p><span style=\"font-weight: 400;\">\u00a0<a href=\"http:\/\/xtec.gencat.cat\/ca\/curriculum\/coeducacio\/\" target=\"_blank\" rel=\"noopener noreferrer\">Coeducaci\u00f3 i igualtat de g\u00e8nere<\/a> <\/span><\/p>\n<table>\n<tbody>\n<tr>\n<td><img loading=\"lazy\" decoding=\"async\" class=\"aligncenter size-full wp-image-12948\" style=\"background-color: #f9f9f9;\" src=\"https:\/\/serveiseducatius.xtec.cat\/lescorts\/wp-content\/uploads\/usu1169\/2020\/06\/LOGO_COEDUCAT-300x221.jpg\" alt=\"\" width=\"300\" height=\"221\" \/><\/td>\n<td style=\"text-align: justify;\"><a style=\"font-size: 16px;\" href=\"https:\/\/blocs.xtec.cat\/coeducacioiigualtat\/?_ga=2.127825997.1518678391.1603696568-1584098330.1601893895\" target=\"_blank\" rel=\"noopener noreferrer\"><span style=\"color: #222222;\"><span style=\"font-weight: 400;\">C<\/span><span style=\"font-weight: 400;\">oeduca\u2019t<\/span><\/span><\/a><\/p>\n<p><span style=\"font-weight: 400;\">Aquest curs el Departament d\u2019Educaci\u00f3 posa en marxa un Programa per donar suport els centres educatius d\u2019infantil, prim\u00e0ria i secund\u00e0ria a treballar de forma expl\u00edcita, sistem\u00e0tica, rigorosa i respectuosa, aspectes b\u00e0sics de coeducaci\u00f3, de perspectiva de g\u00e8nere i de sexualitat.<\/span><\/p>\n<p><span style=\"font-weight: 400;\">\u00a0<\/span><\/td>\n<\/tr>\n<tr>\n<td><span style=\"font-size: 16px;\"><a href=\"https:\/\/serveiseducatius.xtec.cat\/lescorts\/wp-content\/uploads\/usu1169\/2021\/10\/Sense-titol.png\"><img loading=\"lazy\" decoding=\"async\" class=\"alignnone size-large wp-image-14142\" src=\"https:\/\/serveiseducatius.xtec.cat\/lescorts\/wp-content\/uploads\/usu1169\/2021\/10\/Sense-titol-1024x691.png\" alt=\"\" width=\"1024\" height=\"691\" srcset=\"https:\/\/serveiseducatius.xtec.cat\/lescorts\/wp-content\/uploads\/usu1169\/2021\/10\/Sense-titol-1024x691.png 1024w, https:\/\/serveiseducatius.xtec.cat\/lescorts\/wp-content\/uploads\/usu1169\/2021\/10\/Sense-titol-300x202.png 300w, https:\/\/serveiseducatius.xtec.cat\/lescorts\/wp-content\/uploads\/usu1169\/2021\/10\/Sense-titol-768x518.png 768w, https:\/\/serveiseducatius.xtec.cat\/lescorts\/wp-content\/uploads\/usu1169\/2021\/10\/Sense-titol.png 1334w\" sizes=\"auto, (max-width: 1024px) 100vw, 1024px\" \/><\/a><\/span><\/td>\n<td style=\"text-align: justify;\"><strong><a style=\"font-size: 16px;\" href=\"https:\/\/drive.google.com\/file\/d\/10XmrW2F_iU8g9Te1J9PjmD3ynaqjXraw\/view?usp=sharing\"><span style=\"color: #222222;\">La coeducaci\u00f3: clau per a l\u2019\u00e8xit educatiu<\/span><\/a><\/strong><\/p>\n<p><span style=\"font-size: 16px;\">La Diputaci\u00f3 de Barcelona presenta aquest <\/span>document per tal sintetitzar les bases del treball coeducatiu i mostrar als municipis una visi\u00f3\u00a0del potencial transformador d\u2019aquesta perspectiva, alhora que oferim algunes pistes per comen\u00e7ar a planificar les seves accions.<\/p>\n<p><span style=\"font-weight: 400;\">\u00a0<\/span><\/td>\n<\/tr>\n<tr>\n<td><img loading=\"lazy\" decoding=\"async\" class=\"aligncenter size-full wp-image-12947\" src=\"https:\/\/serveiseducatius.xtec.cat\/lescorts\/wp-content\/uploads\/usu1169\/2020\/06\/escoles.jpg\" alt=\"\" width=\"300\" height=\"300\" srcset=\"https:\/\/serveiseducatius.xtec.cat\/lescorts\/wp-content\/uploads\/usu1169\/2020\/06\/escoles.jpg 300w, https:\/\/serveiseducatius.xtec.cat\/lescorts\/wp-content\/uploads\/usu1169\/2020\/06\/escoles-150x150.jpg 150w\" sizes=\"auto, (max-width: 300px) 100vw, 300px\" \/><\/td>\n<td style=\"text-align: justify;\"><a href=\"https:\/\/igualtatidiversitat.edubcn.cat\/\"><span style=\"font-weight: 400;\"><span style=\"color: #222222;\">Escoles per la Igualtat i la Diversitat<\/span><\/span><\/a><\/p>\n<p><span style=\"font-size: 16px;\"><span style=\"font-weight: 400;\">Escoles per la Igualtat i la Diversitat \u00e9s un programa de formaci\u00f3, assessorament i acompanyament als\u00a0<\/span>centres p\u00fablics i concertats<span style=\"font-weight: 400;\">, d\u2019infantil, prim\u00e0ria i secund\u00e0ria de la ciutat de Barcelona. \u00c9s un programa de\u00a0<\/span>prevenci\u00f3 de les relacions abusives, la viol\u00e8ncia masclista, la discriminaci\u00f3 racial, i la discriminaci\u00f3 per diversitat funcional, sexual, de g\u00e8nere, identitat, orientaci\u00f3 sexual, etnicocultural i religiosa<span style=\"font-weight: 400;\">.<\/span><\/span><\/td>\n<\/tr>\n<tr>\n<td><img loading=\"lazy\" decoding=\"async\" class=\"aligncenter size-full wp-image-12950\" src=\"https:\/\/serveiseducatius.xtec.cat\/lescorts\/wp-content\/uploads\/usu1169\/2020\/06\/fotonoticia_20191124110703_420.jpg\" alt=\"\" width=\"401\" height=\"138\" srcset=\"https:\/\/serveiseducatius.xtec.cat\/lescorts\/wp-content\/uploads\/usu1169\/2020\/06\/fotonoticia_20191124110703_420.jpg 401w, https:\/\/serveiseducatius.xtec.cat\/lescorts\/wp-content\/uploads\/usu1169\/2020\/06\/fotonoticia_20191124110703_420-300x103.jpg 300w\" sizes=\"auto, (max-width: 401px) 100vw, 401px\" \/><\/td>\n<td style=\"text-align: justify;\"><a href=\"http:\/\/xtec.gencat.cat\/ca\/centres\/projeducatiu\/convivencia\/prog-form-prev-violencia-masclista\/\"><span style=\"font-weight: 400;\"><span style=\"color: #222222;\">Programa formatiu de prevenci\u00f3 de la viol\u00e8ncia masclista. XTEC &#8211; Xarxa Telem\u00e0tica Educativa de Catalunya<\/span><\/span><\/a><\/p>\n<p><span style=\"font-weight: 400;\">Aquest programa formatiu de prevenci\u00f3 de la viol\u00e8ncia masclista consta de formaci\u00f3 per a docents, per l\u2019alumnat de cicle superior d\u2019Educaci\u00f3 Prim\u00e0ria i alumnat de 3r i 4t d\u2019ESO i formaci\u00f3 per les fam\u00edlies. Els materials han estat elaborats amb la col\u00b7laboraci\u00f3 d&#8217;entitats expertes en prevenci\u00f3 de la viol\u00e8ncia masclista: CoeducaAcci\u00f3 i Fundaci\u00f3 Aroa.<\/span><\/td>\n<\/tr>\n<tr>\n<td><a style=\"font-size: 16px;\" href=\"https:\/\/serveiseducatius.xtec.cat\/lescorts\/wp-content\/uploads\/usu1169\/2021\/02\/Circuit.png\"><span style=\"color: #222222;\"><img loading=\"lazy\" decoding=\"async\" class=\"alignnone size-full wp-image-13450\" src=\"https:\/\/serveiseducatius.xtec.cat\/lescorts\/wp-content\/uploads\/usu1169\/2021\/02\/Circuit.png\" alt=\"\" width=\"640\" height=\"270\" srcset=\"https:\/\/serveiseducatius.xtec.cat\/lescorts\/wp-content\/uploads\/usu1169\/2021\/02\/Circuit.png 640w, https:\/\/serveiseducatius.xtec.cat\/lescorts\/wp-content\/uploads\/usu1169\/2021\/02\/Circuit-300x127.png 300w\" sizes=\"auto, (max-width: 640px) 100vw, 640px\" \/><\/span><\/a><\/td>\n<td style=\"text-align: justify;\"><a style=\"font-size: 16px;\" href=\"https:\/\/drive.google.com\/file\/d\/19DpjcEhN1XpIYW-4vTfWSUa0RAgriZZW\/view?usp=sharing\"><span style=\"color: #222222;\">Circu\u00eft Barcelona contra la viol\u00e8ncia masclista<\/span><\/a><\/p>\n<p><span style=\"font-size: 16px;\">Document elaborat pel circuit territorial de Nou Barris contra la viol\u00e8ncia masclista. Planteja recomanacions de com abordar situacions de viol\u00e8ncia masclista detectades des dels centres educatius<span style=\"font-weight: 400;\">\u00a0<\/span><\/span><\/td>\n<\/tr>\n<\/tbody>\n<\/table>\n","protected":false},"excerpt":{"rendered":"<p>&#8220;\u00c9s imprescindible pensar amb detall qu\u00e8 implica coeducar per fer possible la coeducaci\u00f3&#8221;. Amparo Tom\u00e9 Gonz\u00e1lez Els centres educatius han de promoure la igualtat d&#8217;oportunitats del seu alumnat; incorporar la perspectiva de g\u00e8nere a l&#8217;acci\u00f3 educativa; prevenir i gestionar comportaments i actituds discriminatoris per ra\u00f3 d\u2019identitat de g\u00e8nere, expressi\u00f3 de g\u00e8nere i orientaci\u00f3 afectivosexual i [&hellip;]<\/p>\n","protected":false},"author":1,"featured_media":0,"parent":0,"menu_order":0,"comment_status":"closed","ping_status":"closed","template":"","meta":{"_bbp_topic_count":0,"_bbp_reply_count":0,"_bbp_total_topic_count":0,"_bbp_total_reply_count":0,"_bbp_voice_count":0,"_bbp_anonymous_reply_count":0,"_bbp_topic_count_hidden":0,"_bbp_reply_count_hidden":0,"_bbp_forum_subforum_count":0,"site-sidebar-layout":"default","site-content-layout":"","ast-site-content-layout":"","site-content-style":"default","site-sidebar-style":"default","ast-global-header-display":"","ast-banner-title-visibility":"","ast-main-header-display":"","ast-hfb-above-header-display":"","ast-hfb-below-header-display":"","ast-hfb-mobile-header-display":"","site-post-title":"","ast-breadcrumbs-content":"","ast-featured-img":"","footer-sml-layout":"","theme-transparent-header-meta":"","adv-header-id-meta":"","stick-header-meta":"","header-above-stick-meta":"","header-main-stick-meta":"","header-below-stick-meta":"","astra-migrate-meta-layouts":"default","ast-page-background-enabled":"default","ast-page-background-meta":{"desktop":{"background-color":"var(--ast-global-color-4)","background-image":"","background-repeat":"repeat","background-position":"center center","background-size":"auto","background-attachment":"scroll","background-type":"","background-media":"","overlay-type":"","overlay-color":"","overlay-opacity":"","overlay-gradient":""},"tablet":{"background-color":"","background-image":"","background-repeat":"repeat","background-position":"center center","background-size":"auto","background-attachment":"scroll","background-type":"","background-media":"","overlay-type":"","overlay-color":"","overlay-opacity":"","overlay-gradient":""},"mobile":{"background-color":"","background-image":"","background-repeat":"repeat","background-position":"center center","background-size":"auto","background-attachment":"scroll","background-type":"","background-media":"","overlay-type":"","overlay-color":"","overlay-opacity":"","overlay-gradient":""}},"ast-content-background-meta":{"desktop":{"background-color":"var(--ast-global-color-5)","background-image":"","background-repeat":"repeat","background-position":"center center","background-size":"auto","background-attachment":"scroll","background-type":"","background-media":"","overlay-type":"","overlay-color":"","overlay-opacity":"","overlay-gradient":""},"tablet":{"background-color":"var(--ast-global-color-5)","background-image":"","background-repeat":"repeat","background-position":"center center","background-size":"auto","background-attachment":"scroll","background-type":"","background-media":"","overlay-type":"","overlay-color":"","overlay-opacity":"","overlay-gradient":""},"mobile":{"background-color":"var(--ast-global-color-5)","background-image":"","background-repeat":"repeat","background-position":"center center","background-size":"auto","background-attachment":"scroll","background-type":"","background-media":"","overlay-type":"","overlay-color":"","overlay-opacity":"","overlay-gradient":""}},"footnotes":""},"class_list":["post-12932","page","type-page","status-publish","hentry"],"post_mailing_queue_ids":[],"_links":{"self":[{"href":"https:\/\/serveiseducatius.xtec.cat\/lescorts\/wp-json\/wp\/v2\/pages\/12932","targetHints":{"allow":["GET"]}}],"collection":[{"href":"https:\/\/serveiseducatius.xtec.cat\/lescorts\/wp-json\/wp\/v2\/pages"}],"about":[{"href":"https:\/\/serveiseducatius.xtec.cat\/lescorts\/wp-json\/wp\/v2\/types\/page"}],"author":[{"embeddable":true,"href":"https:\/\/serveiseducatius.xtec.cat\/lescorts\/wp-json\/wp\/v2\/users\/1"}],"replies":[{"embeddable":true,"href":"https:\/\/serveiseducatius.xtec.cat\/lescorts\/wp-json\/wp\/v2\/comments?post=12932"}],"version-history":[{"count":4,"href":"https:\/\/serveiseducatius.xtec.cat\/lescorts\/wp-json\/wp\/v2\/pages\/12932\/revisions"}],"predecessor-version":[{"id":14144,"href":"https:\/\/serveiseducatius.xtec.cat\/lescorts\/wp-json\/wp\/v2\/pages\/12932\/revisions\/14144"}],"wp:attachment":[{"href":"https:\/\/serveiseducatius.xtec.cat\/lescorts\/wp-json\/wp\/v2\/media?parent=12932"}],"curies":[{"name":"wp","href":"https:\/\/api.w.org\/{rel}","templated":true}]}}