{"id":12683,"date":"2020-04-17T11:03:56","date_gmt":"2020-04-17T09:03:56","guid":{"rendered":"http:\/\/serveiseducatius.xtec.cat\/lescorts\/?page_id=12683"},"modified":"2020-06-03T12:26:53","modified_gmt":"2020-06-03T10:26:53","slug":"altres-propostes-de-bones-practiques","status":"publish","type":"page","link":"https:\/\/serveiseducatius.xtec.cat\/lescorts\/altres-propostes-de-bones-practiques\/","title":{"rendered":"Altres propostes de Bones Pr\u00e0ctiques"},"content":{"rendered":"<h3 style=\"text-align: center;\">EDUCACI\u00d3 F\u00cdSICA<\/h3>\n<p><a href=\"https:\/\/www.youtube.com\/channel\/UCx-WFiYgpCerpk9u8Ym7y1g?view_as=subscriber\" target=\"_blank\" rel=\"noopener noreferrer\"><strong>CANAL RAFAEL NOGUES<\/strong><\/a><\/p>\n<p>En Rafael Nogues, mestre d&#8217;Educaci\u00f3 F\u00edsica de l&#8217;Institut Blasco Ib\u00e1\u00f1ez de Cullera ha elaborat uns videos sobre l&#8217;exercici f\u00edsic i la salut, tant te\u00f2rics com pr\u00e0ctics dirigits a l&#8217;alumnat que podeu trobar al seg\u00fcent <a href=\"https:\/\/www.youtube.com\/channel\/UCx-WFiYgpCerpk9u8Ym7y1g?view_as=subscriber\" target=\"_blank\" rel=\"noopener noreferrer\">enlla\u00e7<\/a>.<\/p>\n<p><a href=\"https:\/\/sites.google.com\/view\/escaperoomsalvemjjoo\" target=\"_blank\" rel=\"noopener noreferrer\"><span style=\"color: #3366ff;\"><strong>SALVEM ELS JOCS OL\u00cdMPICS<\/strong><\/span><\/a><\/p>\n<p>Tres mestres d&#8217;Educaci\u00f3 F\u00edsica han elaborat un Escape Room amb l&#8217;objectiu de fomentar l&#8217;activitat f\u00edsica des de casa, la cooperaci\u00f3 de tots els membres familiars i la transmissi\u00f3 de valors associats al moviment ol\u00edmpic.<\/p>\n<p><strong><a href=\"https:\/\/view.genial.ly\/5eaed8f947bad90d6e96dc46\/game-joc-de-enmoviment\" target=\"_blank\" rel=\"noopener noreferrer\">JOC #ENMOVIMENT<\/a> (Escola Barcelona)<\/strong><\/p>\n<p>Des de l&#8217;Escola Barcelona han creta aquest joc tipus Oca, on a cada casella els infants hauran de superar alguna prova. Us animeu?<\/p>\n<h3 style=\"text-align: center;\">LLENGUA, INTERCULTURALITAT I COHESI\u00d3 SOCIAL<\/h3>\n<ul>\n<li><strong><a href=\"https:\/\/drive.google.com\/open?id=1kNAislpAvIECJuXHnBSNQjkDSKEelFns\" target=\"_blank\" rel=\"noopener noreferrer\">Recursos de llengua<\/a><\/strong><\/li>\n<li><strong><a href=\"https:\/\/drive.google.com\/open?id=1A71iDseLOn7dGv8t9Io06fvF74G92k44\" target=\"_blank\" rel=\"noopener noreferrer\">Recursos d&#8217;Interculturalitat i Cohesi\u00f3 Social<\/a><\/strong><\/li>\n<li><strong><a href=\"https:\/\/drive.google.com\/open?id=1hIL_M7ODTvnKmBDDyFH99CraQuzMjf3O\" target=\"_blank\" rel=\"noopener noreferrer\">Altres<\/a><\/strong><\/li>\n<\/ul>\n<h3 style=\"text-align: center;\">APRENENTATGE I SERVEI COMUNITARI<\/h3>\n<p><span style=\"color: #3366ff;\"><strong>DEPARTAMENT D&#8217;EDUCACI\u00d3<\/strong><\/span><\/p>\n<p>Propostes del Departament d&#8217;Educaci\u00f3, a partir del <a href=\"http:\/\/xtec.gencat.cat\/ca\/comunitat\/serveicomunitari\/modelstransferibles\/\">Models Transferibles<\/a><\/p>\n<ul>\n<li>En l\u2019\u00e0mbit de <strong><u>suport a la tasca escolar<\/u><\/strong>: lectures compartides a trav\u00e9s dels mitjans telem\u00e0tics, acompanyament en les tasques escolars proposades pels centres, activitats d\u2019expressio oral, suport en l\u2019\u00fas de les eines digitals&#8230;<\/li>\n<li>En l\u2019\u00e0mbit de <strong><u>participaci\u00f3 ciutadana<\/u><\/strong>: Difusi\u00f3 de consells a les xarxes sobre internet segura, campanyes de conscienciaci\u00f3 de la vulnerabilitat d\u2019alguns col\u00b7lectius, \u00a0detecci\u00f3 i den\u00fancia de l\u2019assetjament o viol\u00e8ncia, h\u00e0bits saludables, consum responsable&#8230;<\/li>\n<li>En l\u2019\u00e0mbit de <strong><u>patrimoni cultural<\/u><\/strong>: estudi, documentaci\u00f3 i difusi\u00f3 d\u2019espais, tradicions culturals, (gastron\u00f2miques, festives, musicals), reculls de vocabulari i frases fetes, llegendes locals, jocs, biografies&#8230;<\/li>\n<li>En l\u2019\u00e0mbit de <strong><u>medi ambient<\/u><\/strong>: An\u00e0lisi i reducci\u00f3 del malbaratament alimentari a les llars, reducci\u00f3 de residus, campanyes de compra sostenible, campanyes per al canvi d\u2019h\u00e0bits contaminants&#8230;<\/li>\n<li>En l\u2019\u00e0mbit d\u2019<strong><u>intercanvi generacional<\/u><\/strong>: Lectures compartides a trav\u00e9s dels mitjans telem\u00e0tics, clubs de lectura, cuina, exercici f\u00edsic a la llar, conversa&#8230;<\/li>\n<\/ul>\n<p><a href=\"https:\/\/www.decidim.barcelona\/assemblies\/memoriesconfinament\" target=\"_blank\" rel=\"noopener noreferrer\"><strong>MEM\u00d2RIES DE CONFINAMENT<\/strong><\/a><\/p>\n<p>Amb aquest projecte, Barcelona garanteix tamb\u00e9 un segon objectiu, que \u00e9s el dret dels ve\u00efns i les ve\u00efnes de la ciutat a explicar la pr\u00f2pia hist\u00f2ria i que aquesta sigui escoltada i recollida, tal com es va fer despr\u00e9s d\u2019episodis recents de la ciutat com l\u2019atemptat de la Rambla o l\u20191 d\u2019octubre de 2017.<\/p>\n<p>L\u2019espai virtual Mem\u00f2ries del Confinament, permet l\u2019enviament de testimonis escrits, imatges o audiovisuals. Aquests arxius requeriran tamb\u00e9 aquelles dades descriptives que n\u2019afavoreixin una correcta catalogaci\u00f3, amb la vista posada a esdevenir, en el futur, un element valu\u00f3s per a l\u2019estudi i la recuperaci\u00f3 de la mem\u00f2ria de l\u2019episodi del confinament. Les aportacions ciutadanes seran tractades com una donaci\u00f3 per a la construcci\u00f3 de la mem\u00f2ria ciutadana de Barcelona.<\/p>\n<p><a href=\"https:\/\/aprenentatgeservei.cat\/wp-content\/uploads\/APS-des-de-casa_crida-per-a-la-realitzacio-de-projectes.pdf\" target=\"_blank\" rel=\"noopener noreferrer\"><strong>CRIDA PER A LA REALITZACI\u00d3 DE PROJECTES D\u2019APRENENTATGE SERVEI DURANT LA SITUACI\u00d3 DE CRISI PER LA COVID-19<\/strong><\/a><\/p>\n<p>Aquesta crida del Centre Promotor d\u2019ApS vol impulsar la realitzaci\u00f3 de projectes i d\u2019activitats d\u2019aprenentatge servei i Servei Comunitari des del confinament i amb l\u2019objectiu de mitigar les conseq\u00fc\u00e8ncies de la COVID-19.<\/p>\n<p><span style=\"color: #33cccc;\"><strong>CARTES AMB COR<\/strong><\/span><\/p>\n<p>Els\u00a0hospitals\u00a0catalans\u00a0demanen\u00a0cartes\u00a0de suport als\u00a0alumnes.La iniciativa s&#8217;adre\u00e7a a &#8220;tots els nens i nenes&#8221; de les escoles i instituts de Catalunya, des d&#8217;infantil a ciles formatius, passant per Prim\u00e0ria, ESO i el Batxillerat. Es demanen dibuixos,\u00a0poemes,\u00a0v\u00eddeos i\u00a0cartes &#8220;per als hospitals i tot el nostre incre\u00efble personal sanitari&#8221;, explica la nota d&#8217;Educaci\u00f3. Contacte Hospital Cl\u00ednic, Hospital del Mar, Hospital General de Catalunya i Hospital de Sant Joan de D\u00e9u:<\/p>\n<p><a href=\"mailto:noesteusols@clinic.cat\"><span style=\"color: #0000ff;\"><span style=\"font-family: Times New Roman, serif;\"><span style=\"font-size: large;\"><u><b>noesteusols@clinic.cat<\/b><\/u><\/span><\/span><\/span><\/a><span style=\"font-family: Times New Roman, serif;\"><span style=\"font-size: large;\"><b>\u00a0<\/b><\/span><\/span><\/p>\n<p><a href=\"mailto:cartesquecuren@hospitaldelmar.cat\"><span style=\"color: #0000ff;\"><span style=\"font-family: Times New Roman, serif;\"><span style=\"font-size: large;\"><u><b>cartesquecuren@hospitaldelmar.cat<\/b><\/u><\/span><\/span><\/span><\/a><span style=\"font-family: Times New Roman, serif;\"><span style=\"font-size: large;\"><b>.<\/b><\/span><\/span><span style=\"font-family: Times New Roman, serif;\"><span style=\"font-size: medium;\"><b>\u00a0\u00a0<\/b><\/span><\/span><\/p>\n<p><strong><span style=\"color: #0000ff;\"><a style=\"color: #0000ff;\" href=\"mailto:porunasonrisaHUGC@gmail.com\">porunasonrisaHUGC@gmail.com<\/a>\u00a0<\/span><\/strong><\/p>\n<p><strong><span style=\"color: #0000ff;\">#MissatgesQueCurenSJD Instagram, Facebook i Twitter<\/span><\/strong><\/p>\n<p>Si teniu contactes amb Resid\u00e8ncies de Gent Gran, tamb\u00e9 els hi podeu proposar la iniciativa de les cartes.<\/p>\n<p><a href=\"https:\/\/roserbatlle.net\/aps-y-coronavirus\/\" target=\"_blank\" rel=\"noopener noreferrer\"><span style=\"color: #33cccc;\"><strong>APS Y CORONAVIRUS (ROSERBATLLE.NET)<\/strong><\/span><\/a><\/p>\n<p>La situaci\u00f3 excepcional de <strong>pandemia per la COVID-19<\/strong> ha generat molt\u00edssims an\u00e0lisis i reflexions. A la Red Espa\u00f1ola de Aprendizaje-Servicio s&#8217;han recollit aquelles que m\u00e9s estan servint per a profunditzar en les causes i conseq\u00fc\u00e8ncies d&#8217;aquesta crisi. Al mateix temps, han sorgit una gran varietat d&#8217;iniciatives d&#8217;aprenentatge i servei, totes elles expressions de generositat i creativitat dels nois, les noies i els seus educadors.<\/p>\n<p><a href=\"http:\/\/www.desos.santboi.net\/campanya-repensaelquemenges\/\" target=\"_blank\" rel=\"noopener noreferrer\"><strong>CAMPANYA #RepensaElQueMenges<\/strong><\/a><br \/>\nDesos, Cooperaci\u00f3 i Desenvolupament sostenible, posa en marxa la campanya de sensibilitzaci\u00f3 sobre la import\u00e0ncia de fer un consum de proximitat i responsable. La campanya en format repte es difondr\u00e0 per Instagram. Alumnat, amistats, fam\u00edlies, entintats de tota mena, gent d&#8217;altres sectors, etc. hi poden participar.<\/p>\n<p>La campanya s&#8217;ha iniciat el 25 de maig i durar\u00e0 fins al 5 de juny. La idea \u00e9s penjar a les vostres xarxes socials i etiquetant a @desosong un v\u00eddeo que mostri com es pot repensar el que mengem per avan\u00e7ar cap a un model de producci\u00f3 i consum sostenibles i que reptin a la comunitat de la xarxa a fer-ho.<\/p>\n<h3 style=\"text-align: center;\">EDUCACI\u00d3 ART\u00cdSTICA<\/h3>\n<p><strong><a href=\"https:\/\/www.fundaciosunol.org\/ca\/educacio\/publics-diversos\/\" target=\"_blank\" rel=\"noopener noreferrer\">PROPOSTES D&#8217;ART A CASA DE LA FUNDACI\u00d3 SU\u00d1OL<\/a><\/strong><\/p>\n<p><strong><a href=\"http:\/\/xtec.gencat.cat\/ca\/recursos\/museus\/virtuals\/\" target=\"_blank\" rel=\"noopener noreferrer\">MUSEUS VIRTUALS<\/a><\/strong><\/p>\n<h3 style=\"text-align: center;\">MEDI<\/h3>\n<p style=\"font-weight: 400;\"><a href=\"https:\/\/www.antifrau.cat\/ca\/corrupcio-revolta-etica-visita-virtual\" target=\"_blank\" rel=\"noopener noreferrer\"><strong>PROPOSTA DID\u00c0CTICA VINCULADA A &#8216;EDUCACI\u00d3 DELS JOVES EN LA PROMOCI\u00d3 DELS VALORS VINCULATS A LA INTEGRITAT\u00a0<\/strong><\/a><\/p>\n<p style=\"font-weight: 400;\">Recursos did\u00e0ctics de la Direcci\u00f3 de Prevenci\u00f3 de l\u2019Oficina Antifrau de Catalunya, per l&#8217;alumnat de 4t d&#8217;ESO, 1r i 2n de Batxillerat i els diferents nivells de Formaci\u00f3 Professional. Recursos:<\/p>\n<p style=\"font-weight: 400;\">&#8211; Exposici\u00f3 virtual 360\u00ba &#8220;Corrupci\u00f3: revolta \u00e8tica!&#8221;.<\/p>\n<p style=\"font-weight: 400;\">&#8211;\u00a0<a href=\"https:\/\/www.ccma.cat\/tv3\/alacarta\/telenoticies\/joves-i-corrupcio-reflexions-en-temps-de-confinament\/video\/6044120\/\" data-saferedirecturl=\"https:\/\/www.google.com\/url?q=https:\/\/www.ccma.cat\/tv3\/alacarta\/telenoticies\/joves-i-corrupcio-reflexions-en-temps-de-confinament\/video\/6044120\/&amp;source=gmail&amp;ust=1590849839294000&amp;usg=AFQjCNGbbgmIUcMOxbcHeI-aPsx0yfVfzQ\">Pe\u00e7a del Telenot\u00edcies de TV3<\/a><\/p>\n<p dir=\"ltr\"><a href=\"https:\/\/serveiseducatius.xtec.cat\/cda-valldeboi\/\" target=\"_blank\" rel=\"noopener noreferrer\"><strong>CAMP D&#8217;APRENENTATGE DE LA VALL DE BO\u00cd<\/strong><\/a><\/p>\n<p dir=\"ltr\"><strong>CONCURS \u201cQu\u00e8 aprenem al Camp d\u2019Aprenentatge?\u201d <\/strong>Aquest concurs est\u00e0 dirigit principalment a estudiants d&#8217;educaci\u00f3 secund\u00e0ria i batxillerat. A m\u00e9s de passar una bona estona, volem que conegueu alguns dels aprenentatges que podeu assolir durant una estada amb nosaltres. Cada dilluns, des del dia 11 de maig fins\u00a0 el 22 de juny, penjarem un Kahoot, amb unes 10 preguntes, relacionat amb una de les activitats que realitzem al Camp d\u2019Aprenentatge. Trobareu l\u2019enlla\u00e7 per respondre\u2019l al nostre web (<a href=\"https:\/\/serveiseducatius.xtec.cat\/cda-valldeboi\/\" target=\"_blank\" rel=\"noopener noreferrer\" data-saferedirecturl=\"https:\/\/www.google.com\/url?q=https:\/\/serveiseducatius.xtec.cat\/cda-valldeboi\/&amp;source=gmail&amp;ust=1589287473094000&amp;usg=AFQjCNG8vhq-LFBlC7ZBRi2sKXJVvGX7CQ\">https:\/\/serveiseducatius.<wbr \/>xtec.cat\/cda-valldeboi\/<\/a>) i al Twitter (@cdaboi) i tindreu fins a divendres a les 19h per respondre\u2019l.<\/p>\n<p dir=\"ltr\">Aquest \u00e9s un repte col\u00b7lectiu de manera que \u00e9s important que, quan els alumnes introdueixin el nickname al Kahoot, indiquin el seu nom i el del seu institut o escola (exemple: Ferran_INSPontdeSuert). El 29 de juny farem un sorteig entre els guanyadors del Kahoot de cada setmana. La persona campiona s\u2019emportar\u00e0 dos premis! El primer ser\u00e0 pel seu institut i consistir\u00e0 en dues llibres: \u201cLa Vall de Bo\u00ed. Mil anys de rom\u00e0nic\u201d i la guia \u201cFlora i fauna del Parc Nacional d&#8217;Aig\u00fcestortes i Estany de Sant Maurici\u201d per anir\u00e0 per la seva escola o institut. El segon ser\u00e0 per l\u2019alumne: les miniguies de camp \u201c125 ocells de Catalunya que cal con\u00e8ixer\u201d i \u201cGrans mam\u00edfers terrestres de Catalunya i els seus rastres\u201d.<\/p>\n<p dir=\"ltr\"><strong>CONCURS \u201cTuitejem sobre la Vall de Bo\u00ed\u201d<\/strong> En aquest concurs podeu participar, de forma individual, alumnes, docents i tothom que estigui interessat en jugar tot aprenent curiositats sobre la Vall de Bo\u00ed. Els dilluns i dijous de cada setmana, des del dia 11 de maig fins\u00a0 el 22 de juny, llan\u00e7arem una pregunta multiresposta via Twitter (@cdaboi) relacionada amb la Vall de Bo\u00ed. L\u2019haureu de respondre al fil de conversa del tuit. A finals de juny, qui m\u00e9s respostes hagi encertat ser\u00e0 el guanyador o guanyadora. En cas d\u2019empat a encerts, farem un sorteig. El premi per a la persona guanyadora seran dos miniguies de camp: \u201c125 ocells de Catalunya que cal con\u00e8ixer\u201d i \u201cGrans mam\u00edfers terrestres de Catalunya i els seus rastres\u201d<\/p>\n<p><a href=\"http:\/\/elfuturesnostre.org\/des-de-casa\/\" target=\"_blank\" rel=\"noopener noreferrer\"><strong>APRENEM ELS ODS DES DE CASA<\/strong><\/a><\/p>\n<p>El Covid-19 ha portat al m\u00f3n una situaci\u00f3 totalment nova a la que ens hi estem acostumant a poc a poc. Tot el que comporta i el fet d\u2019haver-nos d\u2019estar a casa confinats, ens anima a plantejar-nos quin \u00e9s el futur que volem i quines actituds hem de canviar per poder viure en un m\u00f3n millor.<\/p>\n<p>Aquest web proposa una s\u00e8rie de recursos i material per treballar amb els infants durant el confinament. Tots ells tenen els ODS com a tema principal i es poden realitzar des de casa.<\/p>\n<p><a href=\"https:\/\/projectes.xtec.cat\/encara-hi-som-a-temps\/reptes\/repte-2\/\" target=\"_blank\" rel=\"noopener noreferrer\"><strong>DONA LA NOTA. ENCARA HI SOM A TEMPS<\/strong><\/a><\/p>\n<p>Aquests dies el projecte \u201cDONA LA NOTA, encara hi som a temps\u201d pren m\u00e9s sentit que mai i per aix\u00f2\u00a0 ens comprometem a fer una petita acci\u00f3 d&#8217;estalvi de consum energ\u00e8tic\u00a0i animem als centres educatius a qu\u00e8 convideu als vostres alumnes, fam\u00edlies i amics a qu\u00e8 s\u2019hi apuntin.<\/p>\n<p><a href=\"https:\/\/www.slideshare.net\/edelinbravo29\/manual-de-experimentos-preescolar\" target=\"_blank\" rel=\"noopener noreferrer\"><strong>MANUAL D&#8217;EXPERIMENTS<\/strong><\/a><\/p>\n<p><a href=\"https:\/\/www.ccma.cat\/tv3\/super3\/dinamiks\/videos\/lexperiment\/111881\/\" target=\"_blank\" rel=\"noopener noreferrer\"><strong>DIN\u00c0MIKS<\/strong><\/a><\/p>\n<p><a href=\"https:\/\/sites.google.com\/xtec.cat\/social-i-cultural\/p%C3%A0gina-principal\" target=\"_blank\" rel=\"noopener noreferrer\"><strong>SOCIALS A DESTEMPS<\/strong><\/a><\/p>\n<p>Recull de propostes per l&#8217;alumnat d\u2019educaci\u00f3 prim\u00e0ria i secund\u00e0ria. Cada bloc l\u2019encap\u00e7ala un text breu que explica en quin contingut del curr\u00edculum s\u2019engloba l\u2019activitat. S\u00f3n activitats breus i pensades perqu\u00e8 els mestres i professors les adapteu a les vostres necessitats.<\/p>\n<h3 style=\"text-align: center;\">LLENGUA<\/h3>\n<p><a href=\"https:\/\/view.genial.ly\/5ec8fcb7f14dd60d907396d8\" target=\"_blank\" rel=\"noopener noreferrer\"><strong>ESCAPE GAME RODARI<\/strong><\/a><\/p>\n<p>Aquest \u00e9s l&#8217;Any Rodari, celebrem el centenari del seu naixement i des de la Biblioteca Zona Nord volem retre un homenatge amb aquest ESCAPE GAME que posa a prova els vostres coneixements sobre algunes de les seves obra.<\/p>\n<p><a href=\"https:\/\/estimatdiari.barcelona\/\" target=\"_blank\" rel=\"noopener noreferrer\"><strong>ESTIMA&#8217;T DIARI<\/strong><\/a><\/p>\n<p>Aquests s\u00f3n uns dies diferents. No podem sortir de casa, no anem a l\u2019escola ni al parc&#8230;, per\u00f2 sabem que els nens i les nenes esteu fent i vivint moltes coses a casa. Podeu explicar-nos qu\u00e8 ens est\u00e0 passant, escrivint o dibuixant, o preguntar tot all\u00f2 que vulgueu saber!<\/p>\n<p><a href=\"https:\/\/www.tekmaneducation.com\/blog\/2020\/03\/17\/trabajar-ludiletras-desde-casa\/\" target=\"_blank\" rel=\"noopener noreferrer\"><strong>\u00bfC\u00d3MO TRABAJO CON LUDILETRAS (INFANTIL O PRIMARIA) DESDE CASA?<\/strong><\/a><\/p>\n<p>Activitats manipulatives i vivencials per a practicar l&#8217;escriptura, la consci\u00e8ncia fonol\u00f2gica i la discriminaci\u00f3 visual amb infants de 3, 4 i 5 anys.<\/p>\n<p><strong><a href=\"https:\/\/projectes.xtec.cat\/bescat\/wp-content\/uploads\/usu793\/2020\/04\/newsletter-Rodari.pdf\" target=\"_blank\" rel=\"noopener noreferrer\">COMPARTIM LA LECTURA EN TEMPS DE CONFINAMENT<\/a><\/strong><\/p>\n<p>Aquests dies el COVID-19 ens fa estar a casa; no podem sortir a passejar, ni anar a comprar, ni veure els amics&#8230; no podem anar a veure els avis ni fer-los una abra\u00e7ada. Has pensat que hi ha molta gent que se sent sola i que potser no tenen internet?<\/p>\n<p><strong><a href=\"https:\/\/projectes.xtec.cat\/bescat\/wp-content\/uploads\/usu793\/2020\/04\/escrivim-rodari-news.pdf\" target=\"_blank\" rel=\"noopener noreferrer\">COMPARTIM L&#8217;ESCRIPTURA EN TEMPS DE CONFINAMENT<\/a><\/strong><\/p>\n<p>COM S&#8217;HO FEIAGIANNI RODARI PER INVENTAR-SE HIST\u00d2RIES DIVERTIDES, TAN DIFERENTS I TAN SORPRENENTS?<br \/>\nTria una de les maneres que l&#8217;autor utilitzava per crear contes.<\/p>\n<h3 style=\"text-align: center;\">LLENGUA ANGLESA<\/h3>\n<p><strong><a href=\"https:\/\/www.ccma.cat\/tv3\/super3\/una-ma-de-contes\/tots-els-contes\/angles\/\" target=\"_blank\" rel=\"noopener noreferrer\">UNA M\u00c0 DE CONTES<\/a><\/strong><\/p>\n<p>El programa Super3 de Televisi\u00f3 de Catalunya ofereix un munt de contes, tamb\u00e9 en llengua anglesa.<\/p>\n<h3 style=\"text-align: center;\">MATEM\u00c0TIQUES<\/h3>\n<p><a href=\"https:\/\/info.tekmaneducation.com\/matematiques-a-casa?utm_source=Email&amp;utm_medium=link&amp;utm_campaign=landing-mates-a-casa\" target=\"_blank\" rel=\"noopener noreferrer\"><strong>MATEM\u00c0TIQUES A CASA<\/strong><\/a><\/p>\n<p>Repassar mates en sabatilles i pijama \u00e9s un pla fant\u00e0stic per fer a casa!\u00a0Per aix\u00f2 hem reunit un munt d&#8217;activitats, jocs i fitxes per practicar els conceptes matem\u00e0tics apresos a classe mentre mengem uns deliciosos cereals o ens divertim amb els nostres amics. Som-hi!<\/p>\n<p><strong>APRENENT AMB LES MANS<\/strong><\/p>\n<p>Recursos, descobertes de materials i propostes, reflexions i inspiracions per a que els adults curiosos que s\u2019hi passegin puguin mostrar als infants un m\u00f3n matem\u00e0tic ampli, vinculat a l\u2019alegria d\u2019aprendre i a la comprensi\u00f3. (<a href=\"https:\/\/www.aprenentamblesmans.cat\/educacio-infantil\/\" target=\"_blank\" rel=\"noopener noreferrer\">Infantil<\/a> \/ <a href=\"https:\/\/www.aprenentamblesmans.cat\/educacio-primaria\/\" target=\"_blank\" rel=\"noopener noreferrer\">Prim\u00e0ria<\/a>)<\/p>\n<p><a href=\"https:\/\/www.ccma.cat\/tv3\/super3\/una-ma-de-contes\/contes-de-matematiques\/coleccio\/14050\/\" target=\"_blank\" rel=\"noopener noreferrer\"><strong>UNA M\u00c0 DE CONTES<\/strong><\/a><\/p>\n<p>El programa Super3 de Televisi\u00f3 de Catalunya ofereix contes matem\u00e0tics.<\/p>\n","protected":false},"excerpt":{"rendered":"<p>EDUCACI\u00d3 F\u00cdSICA CANAL RAFAEL NOGUES En Rafael Nogues, mestre d&#8217;Educaci\u00f3 F\u00edsica de l&#8217;Institut Blasco Ib\u00e1\u00f1ez de Cullera ha elaborat uns videos sobre l&#8217;exercici f\u00edsic i la salut, tant te\u00f2rics com pr\u00e0ctics dirigits a l&#8217;alumnat que podeu trobar al seg\u00fcent enlla\u00e7. SALVEM ELS JOCS OL\u00cdMPICS Tres mestres d&#8217;Educaci\u00f3 F\u00edsica han elaborat un Escape Room amb l&#8217;objectiu [&hellip;]<\/p>\n","protected":false},"author":1,"featured_media":0,"parent":0,"menu_order":0,"comment_status":"closed","ping_status":"closed","template":"","meta":{"_bbp_topic_count":0,"_bbp_reply_count":0,"_bbp_total_topic_count":0,"_bbp_total_reply_count":0,"_bbp_voice_count":0,"_bbp_anonymous_reply_count":0,"_bbp_topic_count_hidden":0,"_bbp_reply_count_hidden":0,"_bbp_forum_subforum_count":0,"site-sidebar-layout":"default","site-content-layout":"","ast-site-content-layout":"","site-content-style":"default","site-sidebar-style":"default","ast-global-header-display":"","ast-banner-title-visibility":"","ast-main-header-display":"","ast-hfb-above-header-display":"","ast-hfb-below-header-display":"","ast-hfb-mobile-header-display":"","site-post-title":"","ast-breadcrumbs-content":"","ast-featured-img":"","footer-sml-layout":"","theme-transparent-header-meta":"","adv-header-id-meta":"","stick-header-meta":"","header-above-stick-meta":"","header-main-stick-meta":"","header-below-stick-meta":"","astra-migrate-meta-layouts":"default","ast-page-background-enabled":"default","ast-page-background-meta":{"desktop":{"background-color":"var(--ast-global-color-4)","background-image":"","background-repeat":"repeat","background-position":"center center","background-size":"auto","background-attachment":"scroll","background-type":"","background-media":"","overlay-type":"","overlay-color":"","overlay-opacity":"","overlay-gradient":""},"tablet":{"background-color":"","background-image":"","background-repeat":"repeat","background-position":"center center","background-size":"auto","background-attachment":"scroll","background-type":"","background-media":"","overlay-type":"","overlay-color":"","overlay-opacity":"","overlay-gradient":""},"mobile":{"background-color":"","background-image":"","background-repeat":"repeat","background-position":"center center","background-size":"auto","background-attachment":"scroll","background-type":"","background-media":"","overlay-type":"","overlay-color":"","overlay-opacity":"","overlay-gradient":""}},"ast-content-background-meta":{"desktop":{"background-color":"var(--ast-global-color-5)","background-image":"","background-repeat":"repeat","background-position":"center center","background-size":"auto","background-attachment":"scroll","background-type":"","background-media":"","overlay-type":"","overlay-color":"","overlay-opacity":"","overlay-gradient":""},"tablet":{"background-color":"var(--ast-global-color-5)","background-image":"","background-repeat":"repeat","background-position":"center center","background-size":"auto","background-attachment":"scroll","background-type":"","background-media":"","overlay-type":"","overlay-color":"","overlay-opacity":"","overlay-gradient":""},"mobile":{"background-color":"var(--ast-global-color-5)","background-image":"","background-repeat":"repeat","background-position":"center center","background-size":"auto","background-attachment":"scroll","background-type":"","background-media":"","overlay-type":"","overlay-color":"","overlay-opacity":"","overlay-gradient":""}},"footnotes":""},"class_list":["post-12683","page","type-page","status-publish","hentry"],"post_mailing_queue_ids":[],"_links":{"self":[{"href":"https:\/\/serveiseducatius.xtec.cat\/lescorts\/wp-json\/wp\/v2\/pages\/12683","targetHints":{"allow":["GET"]}}],"collection":[{"href":"https:\/\/serveiseducatius.xtec.cat\/lescorts\/wp-json\/wp\/v2\/pages"}],"about":[{"href":"https:\/\/serveiseducatius.xtec.cat\/lescorts\/wp-json\/wp\/v2\/types\/page"}],"author":[{"embeddable":true,"href":"https:\/\/serveiseducatius.xtec.cat\/lescorts\/wp-json\/wp\/v2\/users\/1"}],"replies":[{"embeddable":true,"href":"https:\/\/serveiseducatius.xtec.cat\/lescorts\/wp-json\/wp\/v2\/comments?post=12683"}],"version-history":[{"count":4,"href":"https:\/\/serveiseducatius.xtec.cat\/lescorts\/wp-json\/wp\/v2\/pages\/12683\/revisions"}],"predecessor-version":[{"id":12824,"href":"https:\/\/serveiseducatius.xtec.cat\/lescorts\/wp-json\/wp\/v2\/pages\/12683\/revisions\/12824"}],"wp:attachment":[{"href":"https:\/\/serveiseducatius.xtec.cat\/lescorts\/wp-json\/wp\/v2\/media?parent=12683"}],"curies":[{"name":"wp","href":"https:\/\/api.w.org\/{rel}","templated":true}]}}