{"id":12681,"date":"2020-04-17T11:03:20","date_gmt":"2020-04-17T09:03:20","guid":{"rendered":"http:\/\/serveiseducatius.xtec.cat\/lescorts\/?page_id=12681"},"modified":"2020-05-15T19:16:29","modified_gmt":"2020-05-15T17:16:29","slug":"bones-practiques-de-centre-districte-les-corts-educacio-secundaria","status":"publish","type":"page","link":"https:\/\/serveiseducatius.xtec.cat\/lescorts\/bones-practiques-de-centre-districte-les-corts-educacio-secundaria\/","title":{"rendered":"Bones Pr\u00e0ctiques de Centre Districte Les Corts Educaci\u00f3 Secund\u00e0ria"},"content":{"rendered":"<h3><span style=\"font-family: open sans, helvetica neue, helvetica, arial, sans-serif;\"><b>LLENGUA\u00a0<\/b><\/span><\/h3>\n<p><span style=\"font-family: open sans, helvetica neue, helvetica, arial, sans-serif;\"><b>CALIGRAMES (Institut Pedralbes)<\/b><\/span><\/p>\n<p>D&#8217;entre les diverses tasques que l&#8217;alumnat de 3r d&#8217;ESO ha estat fent les darreres setmanes, avui us mostrem una selecci\u00f3 de cal\u00b7ligrames que l&#8217;alumnat ha realitzat sota el tema &#8220;Hablemos de amor con un autor desconocido&#8221;.<\/p>\n<p><img loading=\"lazy\" decoding=\"async\" class=\"aligncenter size-large wp-image-12804\" src=\"https:\/\/serveiseducatius.xtec.cat\/lescorts\/wp-content\/uploads\/usu1169\/2020\/05\/CamScanner-05-05-2020-17.57.56_1-1024x401.jpg\" alt=\"\" width=\"1024\" height=\"401\" srcset=\"https:\/\/serveiseducatius.xtec.cat\/lescorts\/wp-content\/uploads\/usu1169\/2020\/05\/CamScanner-05-05-2020-17.57.56_1-1024x401.jpg 1024w, https:\/\/serveiseducatius.xtec.cat\/lescorts\/wp-content\/uploads\/usu1169\/2020\/05\/CamScanner-05-05-2020-17.57.56_1-300x117.jpg 300w, https:\/\/serveiseducatius.xtec.cat\/lescorts\/wp-content\/uploads\/usu1169\/2020\/05\/CamScanner-05-05-2020-17.57.56_1-768x301.jpg 768w\" sizes=\"auto, (max-width: 1024px) 100vw, 1024px\" \/><\/p>\n<p><span style=\"font-family: open sans, helvetica neue, helvetica, arial, sans-serif;\"><b>MON\u00d2LEGS CONFINATS (Escola Sant Ramon)<\/b><\/span><\/p>\n<p>M\u00e9s mon\u00f2legs confinats del grup de teatre de l\u2019<b>ESO <\/b>Tal com us hem anat informant en els darrers \u201cSom-hi!\u201d, en temps de confinament la cultura no s&#8217;atura i el grup de teatre extraescolar de l&#8217;ESO de l&#8217;escola se suma a la iniciativa #coronavirusplays mon\u00f2legs de tres minuts, entorn de la situaci\u00f3<br \/>\nd&#8217;emerg\u00e8ncia que ens ha tocat viure. Aquesta \u00e9s una acci\u00f3 impulsada per autors teatrals d&#8217;arreu de l&#8217;estat espanyol que han<br \/>\nescrit mon\u00f2legs per ser interpretats per actors i actrius confinats. I aquesta setmana tres mon\u00f2legs m\u00e9s dels nostres genials artistes!<br \/>\n#8 Porta a porta\u00a0<a href=\"https:\/\/youtu.be\/aCYxkDxSskk\" target=\"_blank\" rel=\"noopener noreferrer\" data-saferedirecturl=\"https:\/\/www.google.com\/url?q=https:\/\/youtu.be\/aCYxkDxSskk&amp;source=gmail&amp;ust=1589287473066000&amp;usg=AFQjCNGePtkAjoU19HdORDP0SwlkQhVZEQ\">https:\/\/youtu.be\/aCYxkDxSskk<\/a><br \/>\n#9 Nocilla\u00a0<a href=\"https:\/\/youtu.be\/WBYR97zhT9U\" target=\"_blank\" rel=\"noopener noreferrer\" data-saferedirecturl=\"https:\/\/www.google.com\/url?q=https:\/\/youtu.be\/WBYR97zhT9U&amp;source=gmail&amp;ust=1589287473066000&amp;usg=AFQjCNF23jLCojdMqoR0chLJX0LYTy6t9w\">https:\/\/youtu.be\/WBYR97zhT9U<\/a><br \/>\n#10 La ll\u00fadriga i la madriguera\u00a0<a href=\"https:\/\/youtu.be\/B3l4oI7B7V8\" target=\"_blank\" rel=\"noopener noreferrer\" data-saferedirecturl=\"https:\/\/www.google.com\/url?q=https:\/\/youtu.be\/B3l4oI7B7V8&amp;source=gmail&amp;ust=1589287473066000&amp;usg=AFQjCNGa2NiikssyAjhlnI1YqHlq1J3rvQ\">https:\/\/youtu.be\/B3l4oI7B7V8<\/a><\/p>\n<h3><\/h3>\n<h3><span style=\"font-family: open sans, helvetica neue, helvetica, arial, sans-serif;\"><b>LLENGUA ANGLESA\u00a0<\/b><\/span><\/h3>\n<p><span style=\"font-family: open sans, helvetica neue, helvetica, arial, sans-serif;\"><b>NOVES MANERES DE TREBALLAR I AMB RESULTATS MOLT DOL\u00c7OS (Institut Pedralbes)<\/b><\/span><\/p>\n<p><span style=\"font-family: open sans, helvetica neue, helvetica, arial, sans-serif;\">Si b\u00e9 la situaci\u00f3 de confinament suposa un entrebanc molt important per a totes i tots, els i les docents estan tirant de la seva creativitat per proposar activitats imaginatives i molt diferents a les que podrien desenvolupar a l&#8217;aula. Aix\u00ed, des de la mat\u00e8ria d&#8217;Angl\u00e8s, la professora Maria Rodr\u00edguez ha proposat al seu alumnat una activitat de comprensi\u00f3 lectora i expressi\u00f3 escrita en la que els nois i noies de 2n i 3r d&#8217;ESO han hagut de seguir les passes de receptes de cuina internacionals, reescriure-les i confeccionar el plat seleccionat; en una activitat que van poder realitzar en fam\u00edlia. En aquest cas \u00e9s f\u00e0cil saber el nivell de comprensi\u00f3 de l&#8217;alumnat, nom\u00e9s cal agafar una cullera i tastar!<\/span><\/p>\n","protected":false},"excerpt":{"rendered":"<p>LLENGUA\u00a0 CALIGRAMES (Institut Pedralbes) D&#8217;entre les diverses tasques que l&#8217;alumnat de 3r d&#8217;ESO ha estat fent les darreres setmanes, avui us mostrem una selecci\u00f3 de cal\u00b7ligrames que l&#8217;alumnat ha realitzat sota el tema &#8220;Hablemos de amor con un autor desconocido&#8221;. MON\u00d2LEGS CONFINATS (Escola Sant Ramon) M\u00e9s mon\u00f2legs confinats del grup de teatre de l\u2019ESO Tal [&hellip;]<\/p>\n","protected":false},"author":1,"featured_media":0,"parent":0,"menu_order":0,"comment_status":"closed","ping_status":"closed","template":"","meta":{"_bbp_topic_count":0,"_bbp_reply_count":0,"_bbp_total_topic_count":0,"_bbp_total_reply_count":0,"_bbp_voice_count":0,"_bbp_anonymous_reply_count":0,"_bbp_topic_count_hidden":0,"_bbp_reply_count_hidden":0,"_bbp_forum_subforum_count":0,"site-sidebar-layout":"default","site-content-layout":"","ast-site-content-layout":"","site-content-style":"default","site-sidebar-style":"default","ast-global-header-display":"","ast-banner-title-visibility":"","ast-main-header-display":"","ast-hfb-above-header-display":"","ast-hfb-below-header-display":"","ast-hfb-mobile-header-display":"","site-post-title":"","ast-breadcrumbs-content":"","ast-featured-img":"","footer-sml-layout":"","theme-transparent-header-meta":"","adv-header-id-meta":"","stick-header-meta":"","header-above-stick-meta":"","header-main-stick-meta":"","header-below-stick-meta":"","astra-migrate-meta-layouts":"default","ast-page-background-enabled":"default","ast-page-background-meta":{"desktop":{"background-color":"var(--ast-global-color-4)","background-image":"","background-repeat":"repeat","background-position":"center center","background-size":"auto","background-attachment":"scroll","background-type":"","background-media":"","overlay-type":"","overlay-color":"","overlay-opacity":"","overlay-gradient":""},"tablet":{"background-color":"","background-image":"","background-repeat":"repeat","background-position":"center center","background-size":"auto","background-attachment":"scroll","background-type":"","background-media":"","overlay-type":"","overlay-color":"","overlay-opacity":"","overlay-gradient":""},"mobile":{"background-color":"","background-image":"","background-repeat":"repeat","background-position":"center center","background-size":"auto","background-attachment":"scroll","background-type":"","background-media":"","overlay-type":"","overlay-color":"","overlay-opacity":"","overlay-gradient":""}},"ast-content-background-meta":{"desktop":{"background-color":"var(--ast-global-color-5)","background-image":"","background-repeat":"repeat","background-position":"center center","background-size":"auto","background-attachment":"scroll","background-type":"","background-media":"","overlay-type":"","overlay-color":"","overlay-opacity":"","overlay-gradient":""},"tablet":{"background-color":"var(--ast-global-color-5)","background-image":"","background-repeat":"repeat","background-position":"center center","background-size":"auto","background-attachment":"scroll","background-type":"","background-media":"","overlay-type":"","overlay-color":"","overlay-opacity":"","overlay-gradient":""},"mobile":{"background-color":"var(--ast-global-color-5)","background-image":"","background-repeat":"repeat","background-position":"center center","background-size":"auto","background-attachment":"scroll","background-type":"","background-media":"","overlay-type":"","overlay-color":"","overlay-opacity":"","overlay-gradient":""}},"footnotes":""},"class_list":["post-12681","page","type-page","status-publish","hentry"],"post_mailing_queue_ids":[],"_links":{"self":[{"href":"https:\/\/serveiseducatius.xtec.cat\/lescorts\/wp-json\/wp\/v2\/pages\/12681","targetHints":{"allow":["GET"]}}],"collection":[{"href":"https:\/\/serveiseducatius.xtec.cat\/lescorts\/wp-json\/wp\/v2\/pages"}],"about":[{"href":"https:\/\/serveiseducatius.xtec.cat\/lescorts\/wp-json\/wp\/v2\/types\/page"}],"author":[{"embeddable":true,"href":"https:\/\/serveiseducatius.xtec.cat\/lescorts\/wp-json\/wp\/v2\/users\/1"}],"replies":[{"embeddable":true,"href":"https:\/\/serveiseducatius.xtec.cat\/lescorts\/wp-json\/wp\/v2\/comments?post=12681"}],"version-history":[{"count":3,"href":"https:\/\/serveiseducatius.xtec.cat\/lescorts\/wp-json\/wp\/v2\/pages\/12681\/revisions"}],"predecessor-version":[{"id":12805,"href":"https:\/\/serveiseducatius.xtec.cat\/lescorts\/wp-json\/wp\/v2\/pages\/12681\/revisions\/12805"}],"wp:attachment":[{"href":"https:\/\/serveiseducatius.xtec.cat\/lescorts\/wp-json\/wp\/v2\/media?parent=12681"}],"curies":[{"name":"wp","href":"https:\/\/api.w.org\/{rel}","templated":true}]}}