{"id":12674,"date":"2020-04-17T11:00:51","date_gmt":"2020-04-17T09:00:51","guid":{"rendered":"http:\/\/serveiseducatius.xtec.cat\/lescorts\/?page_id=12674"},"modified":"2020-05-15T19:55:03","modified_gmt":"2020-05-15T17:55:03","slug":"bones-practiques-de-centre-districte-les-corts-cicle-inicial","status":"publish","type":"page","link":"https:\/\/serveiseducatius.xtec.cat\/lescorts\/bones-practiques-de-centre-districte-les-corts-cicle-inicial\/","title":{"rendered":"Bones Pr\u00e0ctiques de Centre Districte Les Corts Cicle Inicial"},"content":{"rendered":"<h3>CICLE INICIAL I EDUCACI\u00d3 INFANTIL<\/h3>\n<p style=\"text-align: left;\"><strong>TREBALL COOPERATIU CIVILITZACIONS (Escola Les Corts)<\/strong><\/p>\n<p>Les tutores els han fet proposta de treball cooperatiu i han creat grups d&#8217;experts: cada grup ha tractat un tema sobre la civilitzaci\u00f3 eg\u00edpcia (alimentaci\u00f3, religi\u00f3, costums, arquitectura&#8230;) i finalment ho han posat en com\u00fa per videoconfer\u00e8ncia.<br \/>\nHa estat una experi\u00e8ncia molt valuosa per a tots plegats! Aqu\u00ed podeu veure el <a href=\"https:\/\/drive.google.com\/file\/d\/1ii4AUXMiqzen86n8QeRJAS2yJv8c5gbQ\/view?usp=sharing\" target=\"_blank\" rel=\"noopener noreferrer\">resultat<\/a>.<\/p>\n<p style=\"text-align: left;\"><strong><a href=\"https:\/\/www.thinglink.com\/scene\/1306583891783450625?buttonSource=viewLimits\" target=\"_blank\" rel=\"noopener noreferrer\">LA CAIXA D&#8217;HIST\u00d2RIES<\/a> (Escola Anglesola)<\/strong><\/p>\n<p style=\"text-align: left;\"><strong>IDEES PER A DINAMITZAR VIDEOCONFER\u00c8NCIES ( Escola Les Corts)<\/strong><\/p>\n<p><strong>Expressi\u00f3 oral:<\/strong><\/p>\n<ul>\n<li>Jugar a que cadasc\u00fa digui una endevinalla.<\/li>\n<li>Jugar a que cadasc\u00fa digui un acudit.<\/li>\n<li>Jugar a dir embarbussaments: tots alhora i un per un.<\/li>\n<li>Jugar al \u201cQui \u00e9s qui?\u201d a partir de l\u2019aspecte i la roba dels assistents a la videoconfer\u00e8ncia.<\/li>\n<li>Jugar a crear un \u201cconte encadenat\u201d de manera improvisada.<\/li>\n<li>Jugar a crear un conte a partir d\u2019unes imatges.<\/li>\n<li>Presentar la teva \u201cjoguina preferida\u201d.<\/li>\n<li>Fer publicitat del teu conte preferit.<\/li>\n<li>Explicar alguna an\u00e8cdota que t\u2019hagi passat aquests dies a casa.<\/li>\n<li>Explicar algun hobby a la resta dels participants.<\/li>\n<li>Explicar qu\u00e8 trobes a faltar m\u00e9s de l\u2019escola.<\/li>\n<li>Explicar com et sents a casa durant el confinament.<\/li>\n<\/ul>\n<p><strong>Lectura r\u00e1pida:<\/strong><\/p>\n<ul>\n<li>La mestra ensenya un cartell amb un nombre determinat de paraules. Els alumnes l\u2019observen un moment. La mestra gira el cartell i han de dir totes les paraules que recordin<\/li>\n<li>Joc del penjat.<\/li>\n<li>Joc de completar paraules amb lletres que falten.<\/li>\n<li>Joc de crear paraules amb lletres (tipus Scrabble).<\/li>\n<\/ul>\n<p><strong>Matem\u00e0tiques<\/strong><\/p>\n<ul>\n<li>Amb l\u2019ajut d\u2019un penjador de roba i pinces d\u2019estendre la roba, jugar a descomposar nombres de l\u20191 al 10.<\/li>\n<li>Exercicis de c\u00e0lcul mental.<\/li>\n<li>Problemes senzills de c\u00e0lcul mental.<\/li>\n<\/ul>\n<p><strong>Medi<\/strong><\/p>\n<ul>\n<li>Proposar reptes (experiments senzills o recopilaci\u00f3\/ recerca d\u2019informaci\u00f3) i discutir els resultats el dia de la videoconferencia.<br \/>\nExemples:<br \/>\n-Proposar un petit experiment a la cuina, amb l\u2019ajuda dels pares, com ara fer bullir aigua i mesurar-ne el volum abans i despr\u00e9s.<br \/>\n-Prendre nota del temps que fa cada dia , durant una setmana.<br \/>\n-Buscar alguna not\u00edcia positiva que hagi passat durant la setmana (pot ser de casa).<\/li>\n<\/ul>\n<p><strong>Expressi\u00f3 art\u00edstica:<\/strong><\/p>\n<ul>\n<li>Fer una proposta de treball pl\u00e0stic i ensenyar i comentar els resultats durant la videoconfer\u00e8ncia.<\/li>\n<li>Cantar una can\u00e7\u00f3 tots junts, pr\u00e8viament apresa a casa.<\/li>\n<li>Disfressar-se d\u2019una determinada manera i fer una desfilada comentada on line.<\/li>\n<li>Proposar als altres alguns exercicis senzills d\u2019Educaci\u00f3 F\u00edsica per fer a casa.<\/li>\n<\/ul>\n","protected":false},"excerpt":{"rendered":"<p>CICLE INICIAL I EDUCACI\u00d3 INFANTIL TREBALL COOPERATIU CIVILITZACIONS (Escola Les Corts) Les tutores els han fet proposta de treball cooperatiu i han creat grups d&#8217;experts: cada grup ha tractat un tema sobre la civilitzaci\u00f3 eg\u00edpcia (alimentaci\u00f3, religi\u00f3, costums, arquitectura&#8230;) i finalment ho han posat en com\u00fa per videoconfer\u00e8ncia. Ha estat una experi\u00e8ncia molt valuosa per [&hellip;]<\/p>\n","protected":false},"author":1,"featured_media":0,"parent":0,"menu_order":0,"comment_status":"closed","ping_status":"closed","template":"","meta":{"_bbp_topic_count":0,"_bbp_reply_count":0,"_bbp_total_topic_count":0,"_bbp_total_reply_count":0,"_bbp_voice_count":0,"_bbp_anonymous_reply_count":0,"_bbp_topic_count_hidden":0,"_bbp_reply_count_hidden":0,"_bbp_forum_subforum_count":0,"site-sidebar-layout":"default","site-content-layout":"","ast-site-content-layout":"","site-content-style":"default","site-sidebar-style":"default","ast-global-header-display":"","ast-banner-title-visibility":"","ast-main-header-display":"","ast-hfb-above-header-display":"","ast-hfb-below-header-display":"","ast-hfb-mobile-header-display":"","site-post-title":"","ast-breadcrumbs-content":"","ast-featured-img":"","footer-sml-layout":"","theme-transparent-header-meta":"","adv-header-id-meta":"","stick-header-meta":"","header-above-stick-meta":"","header-main-stick-meta":"","header-below-stick-meta":"","astra-migrate-meta-layouts":"default","ast-page-background-enabled":"default","ast-page-background-meta":{"desktop":{"background-color":"var(--ast-global-color-4)","background-image":"","background-repeat":"repeat","background-position":"center center","background-size":"auto","background-attachment":"scroll","background-type":"","background-media":"","overlay-type":"","overlay-color":"","overlay-opacity":"","overlay-gradient":""},"tablet":{"background-color":"","background-image":"","background-repeat":"repeat","background-position":"center center","background-size":"auto","background-attachment":"scroll","background-type":"","background-media":"","overlay-type":"","overlay-color":"","overlay-opacity":"","overlay-gradient":""},"mobile":{"background-color":"","background-image":"","background-repeat":"repeat","background-position":"center center","background-size":"auto","background-attachment":"scroll","background-type":"","background-media":"","overlay-type":"","overlay-color":"","overlay-opacity":"","overlay-gradient":""}},"ast-content-background-meta":{"desktop":{"background-color":"var(--ast-global-color-5)","background-image":"","background-repeat":"repeat","background-position":"center center","background-size":"auto","background-attachment":"scroll","background-type":"","background-media":"","overlay-type":"","overlay-color":"","overlay-opacity":"","overlay-gradient":""},"tablet":{"background-color":"var(--ast-global-color-5)","background-image":"","background-repeat":"repeat","background-position":"center center","background-size":"auto","background-attachment":"scroll","background-type":"","background-media":"","overlay-type":"","overlay-color":"","overlay-opacity":"","overlay-gradient":""},"mobile":{"background-color":"var(--ast-global-color-5)","background-image":"","background-repeat":"repeat","background-position":"center center","background-size":"auto","background-attachment":"scroll","background-type":"","background-media":"","overlay-type":"","overlay-color":"","overlay-opacity":"","overlay-gradient":""}},"footnotes":""},"class_list":["post-12674","page","type-page","status-publish","hentry"],"post_mailing_queue_ids":[],"_links":{"self":[{"href":"https:\/\/serveiseducatius.xtec.cat\/lescorts\/wp-json\/wp\/v2\/pages\/12674","targetHints":{"allow":["GET"]}}],"collection":[{"href":"https:\/\/serveiseducatius.xtec.cat\/lescorts\/wp-json\/wp\/v2\/pages"}],"about":[{"href":"https:\/\/serveiseducatius.xtec.cat\/lescorts\/wp-json\/wp\/v2\/types\/page"}],"author":[{"embeddable":true,"href":"https:\/\/serveiseducatius.xtec.cat\/lescorts\/wp-json\/wp\/v2\/users\/1"}],"replies":[{"embeddable":true,"href":"https:\/\/serveiseducatius.xtec.cat\/lescorts\/wp-json\/wp\/v2\/comments?post=12674"}],"version-history":[{"count":3,"href":"https:\/\/serveiseducatius.xtec.cat\/lescorts\/wp-json\/wp\/v2\/pages\/12674\/revisions"}],"predecessor-version":[{"id":12806,"href":"https:\/\/serveiseducatius.xtec.cat\/lescorts\/wp-json\/wp\/v2\/pages\/12674\/revisions\/12806"}],"wp:attachment":[{"href":"https:\/\/serveiseducatius.xtec.cat\/lescorts\/wp-json\/wp\/v2\/media?parent=12674"}],"curies":[{"name":"wp","href":"https:\/\/api.w.org\/{rel}","templated":true}]}}