{"id":12554,"date":"2020-02-28T11:28:48","date_gmt":"2020-02-28T10:28:48","guid":{"rendered":"http:\/\/serveiseducatius.xtec.cat\/lescorts\/?page_id=12554"},"modified":"2026-02-17T15:43:53","modified_gmt":"2026-02-17T14:43:53","slug":"robocorts","status":"publish","type":"page","link":"https:\/\/serveiseducatius.xtec.cat\/lescorts\/activitats-de-dinamitzacio\/robocorts\/","title":{"rendered":"ROBOCORTS 2026"},"content":{"rendered":"<p><strong>Referent de l\u2019activitat: <\/strong>Ester Tomas i Joan Davia<\/p>\n<h4><a href=\"https:\/\/forms.gle\/VtbaWSwzivaT9Jux7\" target=\"_blank\" rel=\"noopener\"><strong>FORMULARI D\u2019INSCRIPCI\u00d3<\/strong><\/a><\/h4>\n<p>(FINS EL 12 DE SETEMBRE DE 2025)<\/p>\n<h2 style=\"text-align: center;\"><img loading=\"lazy\" decoding=\"async\" class=\"wp-image-17016 aligncenter\" src=\"https:\/\/serveiseducatius.xtec.cat\/lescorts\/wp-content\/uploads\/usu1169\/2025\/07\/Logotip-Robocorts.jpg\" alt=\"\" width=\"503\" height=\"275\" srcset=\"https:\/\/serveiseducatius.xtec.cat\/lescorts\/wp-content\/uploads\/usu1169\/2025\/07\/Logotip-Robocorts.jpg 1365w, https:\/\/serveiseducatius.xtec.cat\/lescorts\/wp-content\/uploads\/usu1169\/2025\/07\/Logotip-Robocorts-300x164.jpg 300w, https:\/\/serveiseducatius.xtec.cat\/lescorts\/wp-content\/uploads\/usu1169\/2025\/07\/Logotip-Robocorts-1024x559.jpg 1024w, https:\/\/serveiseducatius.xtec.cat\/lescorts\/wp-content\/uploads\/usu1169\/2025\/07\/Logotip-Robocorts-768x419.jpg 768w\" sizes=\"auto, (max-width: 503px) 100vw, 503px\" \/><\/h2>\n<h2><strong>Qu\u00e8 \u00e9s?<\/strong><\/h2>\n<p><span style=\"font-weight: 400;\">Aprofitant les darreres dotacions de rob\u00f2tica reformulem l\u2019activitat de dinamitzaci\u00f3 de Robots al Carrer fent-la extensible a m\u00e9s alumnes. L\u2019objectiu central de l\u2019activitat \u00e9s fer accessible el pensament computacional i la ci\u00e8ncia a tot l\u2019alumnat del districte de Les Corts, garantint la igualtat d\u2019oportunitats i superant barreres d\u2019acc\u00e9s. Aix\u00ed mateix, es busca fomentar l\u2019inter\u00e8s per les disciplines cient\u00edfiques i tecnol\u00f2giques, contribuint al desenvolupament de vocacions en aquests camps.<\/span><\/p>\n<p><span style=\"font-weight: 400;\">Es tracta d\u2019una activitat impulsada per les escoles i instituts de Les Corts, amb el suport del Centre de Recursos Pedag\u00f2gics, l\u2019Ateneu de Fabricaci\u00f3 Digital i del Districte de Les Corts. La iniciativa s\u2019organitza a partir del grup de treball de rob\u00f2tica i STEAM dins del pla de formaci\u00f3 de zona.<\/span><\/p>\n<h3><strong>Objectius<\/strong><\/h3>\n<ul>\n<li style=\"font-weight: 400;\" aria-level=\"1\"><span style=\"font-weight: 400;\">Facilitar la inclusi\u00f3 a tot l\u2019alumnat a experi\u00e8ncies educatives en pensament computacional i STEAM.<\/span><\/li>\n<li style=\"font-weight: 400;\" aria-level=\"1\"><span style=\"font-weight: 400;\">Fomentar la conviv\u00e8ncia entre l\u2019alumnat de Les Corts.<\/span><\/li>\n<li style=\"font-weight: 400;\" aria-level=\"1\"><span style=\"font-weight: 400;\">Donar visibilitat a les activitats i projectes STEAM (programaci\u00f3, rob\u00f2tica, impressi\u00f3 3D&#8230;) que es realitzen a les aules i centres educatius.<\/span><\/li>\n<li style=\"font-weight: 400;\" aria-level=\"1\"><span style=\"font-weight: 400;\">Fomentar el treball en xarxa entre docents de diverses edats, \u00e0rees i mat\u00e8ries per compartir experi\u00e8ncies, capacitar-se m\u00fatuament i enriquir les pr\u00e0ctiques educatives.<\/span><\/li>\n<\/ul>\n<h4>\u00a0<\/h4>\n<h4><strong>Activitats de la jornada<\/strong><\/h4>\n<h5 style=\"text-align: right;\"><span style=\"color: #ff0000;\">Jugabot:<\/span><\/h5>\n<p style=\"text-align: right;\"><img loading=\"lazy\" decoding=\"async\" class=\"wp-image-17018 alignright\" src=\"https:\/\/serveiseducatius.xtec.cat\/lescorts\/wp-content\/uploads\/usu1169\/2025\/07\/IMG_7926.jpeg\" alt=\"\" width=\"282\" height=\"282\" srcset=\"https:\/\/serveiseducatius.xtec.cat\/lescorts\/wp-content\/uploads\/usu1169\/2025\/07\/IMG_7926.jpeg 1170w, https:\/\/serveiseducatius.xtec.cat\/lescorts\/wp-content\/uploads\/usu1169\/2025\/07\/IMG_7926-300x300.jpeg 300w, https:\/\/serveiseducatius.xtec.cat\/lescorts\/wp-content\/uploads\/usu1169\/2025\/07\/IMG_7926-1024x1024.jpeg 1024w, https:\/\/serveiseducatius.xtec.cat\/lescorts\/wp-content\/uploads\/usu1169\/2025\/07\/IMG_7926-150x150.jpeg 150w, https:\/\/serveiseducatius.xtec.cat\/lescorts\/wp-content\/uploads\/usu1169\/2025\/07\/IMG_7926-768x768.jpeg 768w\" sizes=\"auto, (max-width: 282px) 100vw, 282px\" \/>Amb l\u2019alumnat d&#8217;<strong>infantil 5<\/strong> i\/o\u00a0<strong>cicle inicial<\/strong> es treballa amb una selecci\u00f3 de robots senzills amb polsadors, per\u00f2 molt potents des del punt de vista educatiu, com ara el <em data-start=\"242\" data-end=\"259\">Code &amp; Go Mouse<\/em>, <em data-start=\"261\" data-end=\"271\">Blue-Bot<\/em>, <em data-start=\"273\" data-end=\"282\">Bee-Bot<\/em>, <em data-start=\"284\" data-end=\"294\">Tale-Bot<\/em> i <em data-start=\"297\" data-end=\"304\">mTiny<\/em>. Es promou el pensament computacional mitjan\u00e7ant activitats de seq\u00fcenciaci\u00f3 i propostes desendollades. L\u2019activitat es pot complementar amb tallers de ci\u00e8ncies per refor\u00e7ar el raonament l\u00f2gic i la curiositat cient\u00edfica.<\/p>\n<p><img loading=\"lazy\" decoding=\"async\" class=\"alignleft wp-image-17019\" src=\"https:\/\/serveiseducatius.xtec.cat\/lescorts\/wp-content\/uploads\/usu1169\/2025\/07\/IMG_7937.jpeg\" alt=\"\" width=\"297\" height=\"297\" srcset=\"https:\/\/serveiseducatius.xtec.cat\/lescorts\/wp-content\/uploads\/usu1169\/2025\/07\/IMG_7937.jpeg 1170w, https:\/\/serveiseducatius.xtec.cat\/lescorts\/wp-content\/uploads\/usu1169\/2025\/07\/IMG_7937-300x300.jpeg 300w, https:\/\/serveiseducatius.xtec.cat\/lescorts\/wp-content\/uploads\/usu1169\/2025\/07\/IMG_7937-1024x1024.jpeg 1024w, https:\/\/serveiseducatius.xtec.cat\/lescorts\/wp-content\/uploads\/usu1169\/2025\/07\/IMG_7937-150x150.jpeg 150w, https:\/\/serveiseducatius.xtec.cat\/lescorts\/wp-content\/uploads\/usu1169\/2025\/07\/IMG_7937-768x768.jpeg 768w\" sizes=\"auto, (max-width: 297px) 100vw, 297px\" \/><\/p>\n<h6>\u00a0<\/h6>\n<h5><span style=\"color: #993366;\">STEAM Challenge:<\/span><\/h5>\n<p>L\u2019alumnat de <strong>3r i\/o 4t de Prim\u00e0ria<\/strong> participa en l\u2019activitat <em data-start=\"176\" data-end=\"193\">STEAM Challenge<\/em>, on s\u2019organitzen en grups de 4 o 5 infants per treballar de manera col\u00b7laborativa. L\u2019objectiu \u00e9s idear i construir un prototip inclusiu, seguint la metodologia del <em data-start=\"358\" data-end=\"375\">Design Thinking<\/em> i realitzant les corresponents presentacions del producte final.<\/p>\n<h5 style=\"text-align: right;\"><span style=\"color: #008000;\">Tecnoday:<\/span><img loading=\"lazy\" decoding=\"async\" class=\"wp-image-17020 alignright\" src=\"https:\/\/serveiseducatius.xtec.cat\/lescorts\/wp-content\/uploads\/usu1169\/2025\/07\/tecnoday.jpg\" alt=\"\" width=\"281\" height=\"281\" srcset=\"https:\/\/serveiseducatius.xtec.cat\/lescorts\/wp-content\/uploads\/usu1169\/2025\/07\/tecnoday.jpg 1170w, https:\/\/serveiseducatius.xtec.cat\/lescorts\/wp-content\/uploads\/usu1169\/2025\/07\/tecnoday-300x300.jpg 300w, https:\/\/serveiseducatius.xtec.cat\/lescorts\/wp-content\/uploads\/usu1169\/2025\/07\/tecnoday-1024x1024.jpg 1024w, https:\/\/serveiseducatius.xtec.cat\/lescorts\/wp-content\/uploads\/usu1169\/2025\/07\/tecnoday-150x150.jpg 150w, https:\/\/serveiseducatius.xtec.cat\/lescorts\/wp-content\/uploads\/usu1169\/2025\/07\/tecnoday-768x768.jpg 768w\" sizes=\"auto, (max-width: 281px) 100vw, 281px\" \/><\/h5>\n<p style=\"text-align: right;\">T\u00e9 com a objectiu fomentar la innovaci\u00f3, el disseny i la fabricaci\u00f3 digital entre l\u2019alumnat d\u2019<strong>ESO<\/strong>, mitjan\u00e7ant la resoluci\u00f3 col\u00b7laborativa d\u2019un repte tecnol\u00f2gic-inclusiu. Consisteix en el disseny i prototipat d\u2019artefactes posant la mirada inclusiva aplicant processos de disseny centrat en l\u2019usuari, fabricaci\u00f3 digital i rob\u00f2tica.<\/p>\n<hr \/>\n<h4>\u00a0<\/h4>\n<h3 data-path-to-node=\"2\">Calendari \u2013 Curs 2025\/26<\/h3>\n<table data-path-to-node=\"3\">\n<thead>\n<tr>\n<td><strong>Data<\/strong><\/td>\n<td><strong>Activitat<\/strong><\/td>\n<td><strong>Nivells educatius<\/strong><\/td>\n<td><strong>Ubicaci\u00f3<\/strong><\/td>\n<\/tr>\n<\/thead>\n<tbody>\n<tr>\n<td><span data-path-to-node=\"3,1,0,0\"><b data-path-to-node=\"3,1,0,0\" data-index-in-node=\"0\">29 de maig 2026<\/b><\/span><\/td>\n<td><span data-path-to-node=\"3,1,1,0\"><b data-path-to-node=\"3,1,1,0\" data-index-in-node=\"0\">Jugabot<\/b><\/span><\/td>\n<td><span data-path-to-node=\"3,1,2,0\">I5, 1r o 2n de Prim\u00e0ria<\/span><\/td>\n<td><span data-path-to-node=\"3,1,3,0\">CC Pere Quart<\/span><\/td>\n<\/tr>\n<tr>\n<td><span data-path-to-node=\"3,2,0,0\"><b data-path-to-node=\"3,2,0,0\" data-index-in-node=\"0\">5 de juny 2026<\/b><\/span><\/td>\n<td><span data-path-to-node=\"3,2,1,0\"><b data-path-to-node=\"3,2,1,0\" data-index-in-node=\"0\">STEAM Challenge<\/b><\/span><\/td>\n<td><span data-path-to-node=\"3,2,2,0\">3r o 4t de Prim\u00e0ria<\/span><\/td>\n<td><span data-path-to-node=\"3,2,3,0\">CC Pere Quart<\/span><\/td>\n<\/tr>\n<tr>\n<td><span data-path-to-node=\"3,2,0,0\"><b data-path-to-node=\"3,2,0,0\" data-index-in-node=\"0\">maig (dia per concretar)<\/b><\/span><\/td>\n<td><span data-path-to-node=\"3,2,1,0\"><b data-path-to-node=\"3,2,1,0\" data-index-in-node=\"0\">Tecnoday<\/b><\/span><\/td>\n<td><span data-path-to-node=\"3,2,2,0\">ESO<\/span><\/td>\n<td><span data-path-to-node=\"3,2,3,0\">Ateneu de Fabricaci\u00f3 Digital de LC<\/span><\/td>\n<\/tr>\n<\/tbody>\n<\/table>\n<p>* Aquesta activitat est\u00e0 organitzada en el marc del Seminari de Rob\u00f2tica i STEAM. Per tal de poder-hi participar, \u00e9s imprescindible haver assistit pr\u00e8viament a la sessi\u00f3 \u2014o sessions\u2014 preparat\u00f2ries del seminari.<\/p>\n<pre>--&gt; <a href=\"https:\/\/www.canva.com\/design\/DAGoq8mwZ2o\/90CFTJNkxc92nGEVvPb26Q\/watch?utm_content=DAGoq8mwZ2o&amp;utm_campaign=designshare&amp;utm_medium=link2&amp;utm_source=uniquelinks&amp;utlId=hfcb7169217\">V\u00eddeo de l'edici\u00f3 2025<\/a><\/pre>\n<p style=\"text-align: center;\">\u00a0<\/p>\n<p style=\"text-align: center;\">\u00a0<\/p>\n<table class=\" aligncenter\" style=\"height: 157px; width: 66.9705%; border-collapse: collapse; border-style: none;\">\n<tbody>\n<tr>\n<td style=\"width: 39.03%; border-style: none;\"><img loading=\"lazy\" decoding=\"async\" class=\"wp-image-17772 aligncenter\" src=\"https:\/\/serveiseducatius.xtec.cat\/lescorts\/wp-content\/uploads\/usu1169\/2026\/01\/AJBCN_Sign_Com_LesCorts_Vermell_Blanc-scaled.jpg\" alt=\"\" width=\"266\" height=\"89\" srcset=\"https:\/\/serveiseducatius.xtec.cat\/lescorts\/wp-content\/uploads\/usu1169\/2026\/01\/AJBCN_Sign_Com_LesCorts_Vermell_Blanc-scaled.jpg 2560w, https:\/\/serveiseducatius.xtec.cat\/lescorts\/wp-content\/uploads\/usu1169\/2026\/01\/AJBCN_Sign_Com_LesCorts_Vermell_Blanc-300x101.jpg 300w, https:\/\/serveiseducatius.xtec.cat\/lescorts\/wp-content\/uploads\/usu1169\/2026\/01\/AJBCN_Sign_Com_LesCorts_Vermell_Blanc-1024x344.jpg 1024w, https:\/\/serveiseducatius.xtec.cat\/lescorts\/wp-content\/uploads\/usu1169\/2026\/01\/AJBCN_Sign_Com_LesCorts_Vermell_Blanc-768x258.jpg 768w, https:\/\/serveiseducatius.xtec.cat\/lescorts\/wp-content\/uploads\/usu1169\/2026\/01\/AJBCN_Sign_Com_LesCorts_Vermell_Blanc-1536x515.jpg 1536w, https:\/\/serveiseducatius.xtec.cat\/lescorts\/wp-content\/uploads\/usu1169\/2026\/01\/AJBCN_Sign_Com_LesCorts_Vermell_Blanc-2048x687.jpg 2048w\" sizes=\"auto, (max-width: 266px) 100vw, 266px\" \/><a href=\"https:\/\/www.ro-botica.com\/\" target=\"_blank\" rel=\"noopener\"><img loading=\"lazy\" decoding=\"async\" class=\"wp-image-17762 aligncenter\" src=\"https:\/\/serveiseducatius.xtec.cat\/lescorts\/wp-content\/uploads\/usu1169\/2026\/01\/logo-ro-botica.jpg\" alt=\"\" width=\"236\" height=\"44\" \/><\/a><\/td>\n<td style=\"width: 29.3806%; border-style: none; text-align: center;\"><img loading=\"lazy\" decoding=\"async\" class=\"alignleft wp-image-17776 \" src=\"https:\/\/serveiseducatius.xtec.cat\/lescorts\/wp-content\/uploads\/usu1169\/2026\/01\/CEB_SE_Les_Corts_logo_color.png\" alt=\"\" width=\"204\" height=\"115\" srcset=\"https:\/\/serveiseducatius.xtec.cat\/lescorts\/wp-content\/uploads\/usu1169\/2026\/01\/CEB_SE_Les_Corts_logo_color.png 1958w, https:\/\/serveiseducatius.xtec.cat\/lescorts\/wp-content\/uploads\/usu1169\/2026\/01\/CEB_SE_Les_Corts_logo_color-300x169.png 300w, https:\/\/serveiseducatius.xtec.cat\/lescorts\/wp-content\/uploads\/usu1169\/2026\/01\/CEB_SE_Les_Corts_logo_color-1024x578.png 1024w, https:\/\/serveiseducatius.xtec.cat\/lescorts\/wp-content\/uploads\/usu1169\/2026\/01\/CEB_SE_Les_Corts_logo_color-768x433.png 768w, https:\/\/serveiseducatius.xtec.cat\/lescorts\/wp-content\/uploads\/usu1169\/2026\/01\/CEB_SE_Les_Corts_logo_color-1536x867.png 1536w\" sizes=\"auto, (max-width: 204px) 100vw, 204px\" \/><\/td>\n<td style=\"width: 58.9869%; border-style: none; text-align: center;\"><b style=\"font-size: 16px;\"><img loading=\"lazy\" decoding=\"async\" class=\"wp-image-16434 alignleft\" src=\"https:\/\/serveiseducatius.xtec.cat\/lescorts\/wp-content\/uploads\/usu1169\/2024\/07\/ateneu-fabricacio.jpeg\" alt=\"\" width=\"136\" height=\"136\" srcset=\"https:\/\/serveiseducatius.xtec.cat\/lescorts\/wp-content\/uploads\/usu1169\/2024\/07\/ateneu-fabricacio.jpeg 225w, https:\/\/serveiseducatius.xtec.cat\/lescorts\/wp-content\/uploads\/usu1169\/2024\/07\/ateneu-fabricacio-150x150.jpeg 150w\" sizes=\"auto, (max-width: 136px) 100vw, 136px\" \/><\/b><\/td>\n<\/tr>\n<\/tbody>\n<\/table>\n<p><!--a=1--><\/p>\n<p><!--a=1--><\/p>\n<p><!--a=1--><\/p>\n<p><!--a=1--><\/p>\n<p><!--a=1--><\/p>\n<p><!--a=1--><!--a=1--><!--a=1--><!--a=1--><!--a=1--><!--a=1--><!--a=1--><!--a=1--><\/p>\n<p><!--a=1--><\/p>\n<p><!--a=1--><\/p>\n<p><!--a=1--><\/p>\n<p><!--a=1--><\/p>\n<p><!--a=1--><\/p>\n<p><!--a=1--><\/p>\n<p><!--a=1--><\/p>\n<p><!--a=1--><!--a=1--><\/p>\n<p><!--a=1--><\/p>\n<p><!--a=1--><\/p>\n<p><!--a=1--><\/p>\n<p><!--a=1--><\/p>\n<p><!--a=1--><\/p>\n\n\n<p><\/p>\n","protected":false},"excerpt":{"rendered":"<p>Referent de l\u2019activitat: Ester Tomas i Joan Davia FORMULARI D\u2019INSCRIPCI\u00d3 (FINS EL 12 DE SETEMBRE DE 2025) Qu\u00e8 \u00e9s? Aprofitant les darreres dotacions de rob\u00f2tica reformulem l\u2019activitat de dinamitzaci\u00f3 de Robots al Carrer fent-la extensible a m\u00e9s alumnes. L\u2019objectiu central de l\u2019activitat \u00e9s fer accessible el pensament computacional i la ci\u00e8ncia a tot l\u2019alumnat del [&hellip;]<\/p>\n","protected":false},"author":1,"featured_media":0,"parent":8142,"menu_order":0,"comment_status":"closed","ping_status":"closed","template":"","meta":{"_bbp_topic_count":0,"_bbp_reply_count":0,"_bbp_total_topic_count":0,"_bbp_total_reply_count":0,"_bbp_voice_count":0,"_bbp_anonymous_reply_count":0,"_bbp_topic_count_hidden":0,"_bbp_reply_count_hidden":0,"_bbp_forum_subforum_count":0,"site-sidebar-layout":"default","site-content-layout":"","ast-site-content-layout":"default","site-content-style":"default","site-sidebar-style":"default","ast-global-header-display":"","ast-banner-title-visibility":"","ast-main-header-display":"","ast-hfb-above-header-display":"","ast-hfb-below-header-display":"","ast-hfb-mobile-header-display":"","site-post-title":"","ast-breadcrumbs-content":"","ast-featured-img":"","footer-sml-layout":"","theme-transparent-header-meta":"default","adv-header-id-meta":"","stick-header-meta":"","header-above-stick-meta":"","header-main-stick-meta":"","header-below-stick-meta":"","astra-migrate-meta-layouts":"set","ast-page-background-enabled":"default","ast-page-background-meta":{"desktop":{"background-color":"var(--ast-global-color-4)","background-image":"","background-repeat":"repeat","background-position":"center center","background-size":"auto","background-attachment":"scroll","background-type":"","background-media":"","overlay-type":"","overlay-color":"","overlay-opacity":"","overlay-gradient":""},"tablet":{"background-color":"","background-image":"","background-repeat":"repeat","background-position":"center center","background-size":"auto","background-attachment":"scroll","background-type":"","background-media":"","overlay-type":"","overlay-color":"","overlay-opacity":"","overlay-gradient":""},"mobile":{"background-color":"","background-image":"","background-repeat":"repeat","background-position":"center center","background-size":"auto","background-attachment":"scroll","background-type":"","background-media":"","overlay-type":"","overlay-color":"","overlay-opacity":"","overlay-gradient":""}},"ast-content-background-meta":{"desktop":{"background-color":"var(--ast-global-color-5)","background-image":"","background-repeat":"repeat","background-position":"center center","background-size":"auto","background-attachment":"scroll","background-type":"","background-media":"","overlay-type":"","overlay-color":"","overlay-opacity":"","overlay-gradient":""},"tablet":{"background-color":"var(--ast-global-color-5)","background-image":"","background-repeat":"repeat","background-position":"center center","background-size":"auto","background-attachment":"scroll","background-type":"","background-media":"","overlay-type":"","overlay-color":"","overlay-opacity":"","overlay-gradient":""},"mobile":{"background-color":"var(--ast-global-color-5)","background-image":"","background-repeat":"repeat","background-position":"center center","background-size":"auto","background-attachment":"scroll","background-type":"","background-media":"","overlay-type":"","overlay-color":"","overlay-opacity":"","overlay-gradient":""}},"footnotes":""},"class_list":["post-12554","page","type-page","status-publish","hentry"],"post_mailing_queue_ids":[],"_links":{"self":[{"href":"https:\/\/serveiseducatius.xtec.cat\/lescorts\/wp-json\/wp\/v2\/pages\/12554","targetHints":{"allow":["GET"]}}],"collection":[{"href":"https:\/\/serveiseducatius.xtec.cat\/lescorts\/wp-json\/wp\/v2\/pages"}],"about":[{"href":"https:\/\/serveiseducatius.xtec.cat\/lescorts\/wp-json\/wp\/v2\/types\/page"}],"author":[{"embeddable":true,"href":"https:\/\/serveiseducatius.xtec.cat\/lescorts\/wp-json\/wp\/v2\/users\/1"}],"replies":[{"embeddable":true,"href":"https:\/\/serveiseducatius.xtec.cat\/lescorts\/wp-json\/wp\/v2\/comments?post=12554"}],"version-history":[{"count":6,"href":"https:\/\/serveiseducatius.xtec.cat\/lescorts\/wp-json\/wp\/v2\/pages\/12554\/revisions"}],"predecessor-version":[{"id":17835,"href":"https:\/\/serveiseducatius.xtec.cat\/lescorts\/wp-json\/wp\/v2\/pages\/12554\/revisions\/17835"}],"up":[{"embeddable":true,"href":"https:\/\/serveiseducatius.xtec.cat\/lescorts\/wp-json\/wp\/v2\/pages\/8142"}],"wp:attachment":[{"href":"https:\/\/serveiseducatius.xtec.cat\/lescorts\/wp-json\/wp\/v2\/media?parent=12554"}],"curies":[{"name":"wp","href":"https:\/\/api.w.org\/{rel}","templated":true}]}}