{"id":11921,"date":"2019-06-20T12:32:48","date_gmt":"2019-06-20T10:32:48","guid":{"rendered":"http:\/\/serveiseducatius.xtec.cat\/lescorts\/?page_id=11921"},"modified":"2025-11-27T12:13:21","modified_gmt":"2025-11-27T11:13:21","slug":"prestec-de-material-tecnologic","status":"publish","type":"page","link":"https:\/\/serveiseducatius.xtec.cat\/lescorts\/prestec-de-material-tecnologic\/","title":{"rendered":"Pr\u00e9stec de material tecnol\u00f2gic"},"content":{"rendered":"<p>A continuaci\u00f3 trobareu el detall del material de pr\u00e9stec tecnol\u00f2gic que ofereix el Centre de Recursos Pedag\u00f2gics de les Corts. <em>Per tal de reservar aquest material, envieu un correu electr\u00f2nic o b\u00e9 truqueu al CRP. Consulteu el calendari per saber-ne la disponibilitat.<\/em><\/p>\n<ul>\n<li><strong><strong>Correu electr\u00f2nic: a8901109@xtec.cat<\/strong><\/strong><\/li>\n<li><strong>Tel\u00e8fon: 934 094 372<\/strong><\/li>\n<\/ul>\n<table style=\"height: 2381px; width: 87.8771%; margin-left: auto; margin-right: auto;\">\n<tbody>\n<tr style=\"height: 31px;\">\n<td style=\"height: 31px; width: 435px; text-align: center;\"><strong>MATERIAL<\/strong><\/td>\n<td style=\"height: 31px; width: 434px; text-align: center;\"><strong>DESCRIPCI\u00d3<\/strong><\/td>\n<\/tr>\n<tr style=\"height: 217px;\">\n<td style=\"width: 435px; text-align: center; height: 217px;\"><img loading=\"lazy\" decoding=\"async\" class=\"wp-image-16932 aligncenter\" src=\"https:\/\/serveiseducatius.xtec.cat\/lescorts\/wp-content\/uploads\/usu1169\/2025\/06\/2024091215554254923.webp\" alt=\"\" width=\"291\" height=\"194\" srcset=\"https:\/\/serveiseducatius.xtec.cat\/lescorts\/wp-content\/uploads\/usu1169\/2025\/06\/2024091215554254923.webp 788w, https:\/\/serveiseducatius.xtec.cat\/lescorts\/wp-content\/uploads\/usu1169\/2025\/06\/2024091215554254923-300x200.webp 300w, https:\/\/serveiseducatius.xtec.cat\/lescorts\/wp-content\/uploads\/usu1169\/2025\/06\/2024091215554254923-768x512.webp 768w\" sizes=\"auto, (max-width: 291px) 100vw, 291px\" \/><strong>C\u00e0mera de fototrampeig<\/strong><\/td>\n<td style=\"width: 434px; text-align: left; height: 217px;\">Dispositiu fotogr\u00e0fic equipat amb sensors de moviment i infrarojos, dissenyat per capturar imatges i\/o v\u00eddeos de fauna de manera autom\u00e0tica i no invasiva, habitualment en entorns naturals. Funciona amb bateries i emmagatzema les dades en una targeta de mem\u00f2ria.<\/p>\n<p style=\"text-align: center;\"><a href=\"https:\/\/topludiblog.com\/wp-content\/uploads\/Menys-pokemon-i-mes-teixons-explorant-la-biodiversitat-amb-cameres-de-fotoparament.pdf\" target=\"_blank\" rel=\"noopener\">Article amb propostes did\u00e0ctiques<\/a><\/p>\n<\/td>\n<\/tr>\n<tr style=\"height: 207px;\">\n<td style=\"width: 435px; text-align: center; height: 207px;\"><strong> <img loading=\"lazy\" decoding=\"async\" class=\"aligncenter wp-image-14542\" src=\"https:\/\/serveiseducatius.xtec.cat\/lescorts\/wp-content\/uploads\/usu1169\/2022\/05\/gps-300x300.jpg\" alt=\"\" width=\"166\" height=\"166\" srcset=\"https:\/\/serveiseducatius.xtec.cat\/lescorts\/wp-content\/uploads\/usu1169\/2022\/05\/gps.jpg 300w, https:\/\/serveiseducatius.xtec.cat\/lescorts\/wp-content\/uploads\/usu1169\/2022\/05\/gps-150x150.jpg 150w\" sizes=\"auto, (max-width: 166px) 100vw, 166px\" \/><img loading=\"lazy\" decoding=\"async\" class=\"wp-image-16933 aligncenter\" src=\"https:\/\/serveiseducatius.xtec.cat\/lescorts\/wp-content\/uploads\/usu1169\/2025\/06\/IMG_2906.jpg\" alt=\"\" width=\"204\" height=\"107\" srcset=\"https:\/\/serveiseducatius.xtec.cat\/lescorts\/wp-content\/uploads\/usu1169\/2025\/06\/IMG_2906.jpg 1200w, https:\/\/serveiseducatius.xtec.cat\/lescorts\/wp-content\/uploads\/usu1169\/2025\/06\/IMG_2906-300x158.jpg 300w, https:\/\/serveiseducatius.xtec.cat\/lescorts\/wp-content\/uploads\/usu1169\/2025\/06\/IMG_2906-1024x538.jpg 1024w, https:\/\/serveiseducatius.xtec.cat\/lescorts\/wp-content\/uploads\/usu1169\/2025\/06\/IMG_2906-768x403.jpg 768w\" sizes=\"auto, (max-width: 204px) 100vw, 204px\" \/><\/strong><\/p>\n<h5 style=\"text-align: center;\">GPS Garmin Etrex Legend HCx<\/h5>\n<\/td>\n<td style=\"width: 434px; text-align: left; height: 207px;\">\n<ul>\n<li>10 GPS<\/li>\n<li>10 Br\u00faixoles<\/li>\n<\/ul>\n<\/td>\n<\/tr>\n<tr style=\"height: 462px;\">\n<td style=\"width: 435px; height: 462px;\">\n<p style=\"text-align: center;\"><img loading=\"lazy\" decoding=\"async\" class=\"aligncenter wp-image-12825\" src=\"https:\/\/serveiseducatius.xtec.cat\/lescorts\/wp-content\/uploads\/usu1169\/2020\/06\/AM3113T-600x600.jpg\" alt=\"\" width=\"186\" height=\"186\" srcset=\"https:\/\/serveiseducatius.xtec.cat\/lescorts\/wp-content\/uploads\/usu1169\/2020\/06\/AM3113T-600x600.jpg 600w, https:\/\/serveiseducatius.xtec.cat\/lescorts\/wp-content\/uploads\/usu1169\/2020\/06\/AM3113T-600x600-150x150.jpg 150w, https:\/\/serveiseducatius.xtec.cat\/lescorts\/wp-content\/uploads\/usu1169\/2020\/06\/AM3113T-600x600-300x300.jpg 300w\" sizes=\"auto, (max-width: 186px) 100vw, 186px\" \/> <img loading=\"lazy\" decoding=\"async\" class=\"aligncenter wp-image-12826\" src=\"https:\/\/serveiseducatius.xtec.cat\/lescorts\/wp-content\/uploads\/usu1169\/2020\/06\/MS35B-1-600x600.jpg\" alt=\"\" width=\"181\" height=\"181\" srcset=\"https:\/\/serveiseducatius.xtec.cat\/lescorts\/wp-content\/uploads\/usu1169\/2020\/06\/MS35B-1-600x600.jpg 600w, https:\/\/serveiseducatius.xtec.cat\/lescorts\/wp-content\/uploads\/usu1169\/2020\/06\/MS35B-1-600x600-150x150.jpg 150w, https:\/\/serveiseducatius.xtec.cat\/lescorts\/wp-content\/uploads\/usu1169\/2020\/06\/MS35B-1-600x600-300x300.jpg 300w\" sizes=\"auto, (max-width: 181px) 100vw, 181px\" \/><\/p>\n<h5 style=\"text-align: center;\">2 Microscopis Dino-Lite AM3113T<\/h5>\n<h5 style=\"text-align: center;\"><strong>2 Suports Microscopis\u00a0 Dino-Lite MS35B<\/strong><\/h5>\n<\/td>\n<td style=\"width: 434px; height: 462px;\">\n<ul>\n<li>El AM3113T t\u00e9 les funcions de mesura i el bot\u00f3 Microtouch per capturar imatges directament des de el Dino-Lite. El sensor d\u2019imatge millorat ofereix una imatge d\u2019alta qualitat amb colors naturals i tamb\u00e9 ofereix una elevada tassa de refresc per obtenir millors imatges en temps real. \u00c9s una soluci\u00f3 assequible per us industrial, cient\u00edfic i comercial.<\/li>\n<\/ul>\n<ul>\n<li>Base met\u00e0l\u00b7lica quadrada amb columna i suport que ofereix diverses al\u00e7ades adaptables. El MS35B es un suport d\u2019escriptori vertical estable que s\u2019ha disenyat per ser utilitzat amb els microscopis digitals Dino-Lite.<\/li>\n<\/ul>\n<p style=\"text-align: center;\"><a href=\"https:\/\/lacientifica.com\/actividades-dino-lite\/\" target=\"_blank\" rel=\"noopener\">Activitats Dino-Lite &#8220;La Cient\u00edfica&#8221;<\/a><\/p>\n<\/td>\n<\/tr>\n<tr style=\"height: 31px;\">\n<td style=\"height: 31px; width: 435px;\"><img loading=\"lazy\" decoding=\"async\" class=\"aligncenter\" src=\"https:\/\/ksassets.timeincuk.net\/wp\/uploads\/sites\/54\/2008\/11\/9436-nikond90strap-1.jpg\" alt=\"Resultat d'imatges de nikon digital camera d90\" width=\"347\" height=\"216\" \/><\/p>\n<h5 style=\"text-align: center;\"><strong>C\u00e0mera digital Reflex<\/strong><\/h5>\n<\/td>\n<td style=\"height: 31px; width: 434px;\">\n<ul>\n<li>P\u00edxels (megap\u00edxels) 10.2 millones.<\/li>\n<li>15,8 mm. x 23,6 mm.<\/li>\n<li>Format del sensor d&#8217;imatge. DX.<\/li>\n<li>SD. SDHC.<\/li>\n<li>ISO 100- 1600. Hi-1 (ISO 3200)<\/li>\n<li>3,0 pulg.<\/li>\n<li>Pantalla. TFT LCD<\/li>\n<\/ul>\n<\/td>\n<\/tr>\n<tr style=\"height: 219px;\">\n<td style=\"width: 435px; height: 219px;\"><img loading=\"lazy\" decoding=\"async\" class=\"aligncenter size-full wp-image-16629\" src=\"https:\/\/serveiseducatius.xtec.cat\/lescorts\/wp-content\/uploads\/usu1169\/2024\/12\/camera.jpeg\" alt=\"\" width=\"200\" height=\"129\" \/><\/p>\n<h5 style=\"text-align: center;\"><strong>C\u00e0meres digitals compactes<\/strong><\/h5>\n<\/td>\n<td style=\"width: 434px; height: 219px;\">\n<ul>\n<li>4 c\u00e0meres<\/li>\n<li>5 megap\u00edxels<\/li>\n<li>4x optical zoom<\/li>\n<\/ul>\n<\/td>\n<\/tr>\n<tr style=\"height: 200px;\">\n<td style=\"width: 435px; height: 200px;\"><img loading=\"lazy\" decoding=\"async\" class=\"aligncenter\" src=\"https:\/\/serveiseducatius.xtec.cat\/lescorts\/wp-content\/uploads\/usu1169\/2022\/11\/radio-a-lescola-1.png\" alt=\"\" width=\"416\" height=\"154\" \/><\/p>\n<h5 style=\"text-align: center;\"><strong>R\u00e0dio portable<\/strong><\/h5>\n<\/td>\n<td style=\"width: 434px; height: 200px;\">\n<ul>\n<li>4 micr\u00f2fons<\/li>\n<li>4 peus de micr\u00f2fon<\/li>\n<li>4 cables c\u00e0non (cable de 4 micr\u00f2fons)<\/li>\n<li>Taula de so<\/li>\n<li>Connector de corrent<\/li>\n<li>1 auriculars<\/li>\n<li>Ordinador amb programa Audacity per fer l\u2019enregistrament<\/li>\n<li>Cable USB per connectar la taula a l\u2019ordinador<\/li>\n<li>Cable minijack \u2013 rca (colors vermell i blanc)<\/li>\n<\/ul>\n<\/td>\n<\/tr>\n<tr style=\"height: 31px;\">\n<td style=\"height: 31px; width: 435px;\">\u00a0 <img decoding=\"async\" class=\"aligncenter\" src=\"https:\/\/images.pcel.com\/300\/516f29cce2c75.jpg\" alt=\"Resultat d'imatges de proyector mitsubishi\" \/><\/p>\n<h5 style=\"text-align: center;\"><strong>Projectors<\/strong><\/h5>\n<\/td>\n<td style=\"height: 31px; width: 434px;\">\n<ul>\n<li>Tecnologia de imatge: DLP<\/li>\n<li>Aspecte: 16:9<\/li>\n<li>Resoluci\u00f3: SVGA (800&#215;600)<\/li>\n<li>Resoluci\u00f3 soportada: 640 x 800 &#8211; 1600 x 1200<\/li>\n<li>Lumens: 2500<\/li>\n<li>Contrast: 2000:1<\/li>\n<li>Entrada HDMI: 0<\/li>\n<li>Entrada VGA: 2<\/li>\n<li>Sortida VGA: 1<\/li>\n<li>Entrada i sortida d&#8217;\u00e0udio: 3.5 mm<\/li>\n<li>Entrada v\u00eddeo: 1 AV<\/li>\n<\/ul>\n<\/td>\n<\/tr>\n<tr style=\"height: 31px;\">\n<td style=\"height: 31px; width: 435px;\"><img loading=\"lazy\" decoding=\"async\" class=\"aligncenter\" src=\"https:\/\/www.ibizasound.es\/32750-large_default\/ibiza-sound-port10vhf-bt.jpg\" alt=\"Resultat d'imatges de altavoz grande inal\u00c3\u00a1mbrico mp3 usb\" width=\"305\" height=\"306\" \/><\/p>\n<h5 style=\"text-align: center;\"><strong>Altaveu port\u00e0til d&#8217;alta capacitat + micr\u00f2fon sense cable<\/strong><\/h5>\n<\/td>\n<td style=\"height: 31px; width: 434px;\">\n<ul>\n<li>Altaveu d&#8217;exterior d&#8217;alta pot\u00e8ncia<\/li>\n<li>Inclou port USB i CD MP3<\/li>\n<li>Inclou micr\u00f2fon inal\u00e0mbric<\/li>\n<li>Opci\u00f3 d&#8217;endoll amb cable o b\u00e9 <em>sense cable (en reparaci\u00f3)<\/em><\/li>\n<li>Ajust de so (greu i agut) manual<\/li>\n<li>Inclou maleta amb rodes per major comoditat<\/li>\n<li>Pes lleuger<\/li>\n<\/ul>\n<p><em>*Tamb\u00e9 disposem d&#8217;un equip complert de so (2 altaveus grans m\u00e9s un equip de m\u00fasica).<\/em><\/td>\n<\/tr>\n<tr style=\"height: 291px;\">\n<td style=\"width: 435px; height: 291px;\"><img loading=\"lazy\" decoding=\"async\" class=\"aligncenter wp-image-16627\" src=\"https:\/\/serveiseducatius.xtec.cat\/lescorts\/wp-content\/uploads\/usu1169\/2024\/12\/tauleta-CRP.jpg\" alt=\"\" width=\"214\" height=\"214\" srcset=\"https:\/\/serveiseducatius.xtec.cat\/lescorts\/wp-content\/uploads\/usu1169\/2024\/12\/tauleta-CRP.jpg 510w, https:\/\/serveiseducatius.xtec.cat\/lescorts\/wp-content\/uploads\/usu1169\/2024\/12\/tauleta-CRP-300x300.jpg 300w, https:\/\/serveiseducatius.xtec.cat\/lescorts\/wp-content\/uploads\/usu1169\/2024\/12\/tauleta-CRP-150x150.jpg 150w\" sizes=\"auto, (max-width: 214px) 100vw, 214px\" \/><\/p>\n<h5 style=\"text-align: center;\"><strong>3 Ipads i 8 tauletes Android<\/strong><\/h5>\n<\/td>\n<td style=\"width: 434px; height: 291px;\">\n<ul>\n<li>Tauletes amb iOs i Android<\/li>\n<li>Pantalla retina<\/li>\n<li>Alta resoluci\u00f3<\/li>\n<li>Diverses aplicacions educatives instal\u00b7lades i disponibles<\/li>\n<li>Carregadors individuals<\/li>\n<li>Inclouen maletes de transport per major comoditat<\/li>\n<\/ul>\n<\/td>\n<\/tr>\n<tr style=\"height: 241px;\">\n<td style=\"width: 435px; height: 241px;\"><img loading=\"lazy\" decoding=\"async\" class=\"aligncenter wp-image-14538 size-full\" style=\"display: block; margin-left: auto; margin-right: auto;\" src=\"https:\/\/serveiseducatius.xtec.cat\/lescorts\/wp-content\/uploads\/usu1169\/2022\/05\/micro-i-altaveu.png\" alt=\"\" width=\"287\" height=\"176\" \/><\/p>\n<h5 style=\"text-align: center;\"><strong>Altaveu port\u00e0til + micro<\/strong><\/h5>\n<\/td>\n<td style=\"width: 434px; height: 241px;\">Altaveu \/ Equip de So MIPRO MA-101-C \u00a0 <span style=\"font-weight: 400;\">Sistema de sonoritzaci\u00f3. El seu so \u00e9s prou fort com per adre\u00e7ar-se a un auditori de 200, o m\u00e9s, persones.<\/span> <strong> <span style=\"font-weight: 400;\">Possibilitat d&#8217;entrada auxiliar per a reproductor. Fa d\u2019altaveu i serveix com a equip de so.<\/span><\/strong><\/td>\n<\/tr>\n<tr style=\"height: 213px;\">\n<td style=\"width: 435px; text-align: center; height: 213px;\"><img loading=\"lazy\" decoding=\"async\" class=\"aligncenter wp-image-14539\" src=\"https:\/\/serveiseducatius.xtec.cat\/lescorts\/wp-content\/uploads\/usu1169\/2022\/05\/megafon-300x263.jpg\" alt=\"\" width=\"169\" height=\"148\" srcset=\"https:\/\/serveiseducatius.xtec.cat\/lescorts\/wp-content\/uploads\/usu1169\/2022\/05\/megafon-300x263.jpg 300w, https:\/\/serveiseducatius.xtec.cat\/lescorts\/wp-content\/uploads\/usu1169\/2022\/05\/megafon.jpg 570w\" sizes=\"auto, (max-width: 169px) 100vw, 169px\" \/><\/p>\n<h5 style=\"text-align: center;\"><strong>Meg\u00e0fon<\/strong><\/h5>\n<\/td>\n<td style=\"width: 434px; height: 213px;\">Meg\u00e0fon amb bateries<\/td>\n<\/tr>\n<tr style=\"height: 207px;\">\n<td style=\"width: 435px; height: 207px;\">\u00a0 <img loading=\"lazy\" decoding=\"async\" class=\"alignright\" style=\"display: block; margin-left: auto; margin-right: auto;\" src=\"https:\/\/thumbs.static-thomann.de\/thumb\/thumb250x220\/pics\/prod\/163729.jpg\" width=\"200\" height=\"176\" \/><\/p>\n<h5><strong>Varis (handicams, chroma, micr\u00f2fons de diadema, altaveus, taula de so&#8230;)<\/strong><\/h5>\n<\/td>\n<td style=\"width: 434px; height: 207px;\">\n<h4 style=\"text-align: center;\"><em>Disposem de divers material audiovisual per a organitzar esdeveniments educatius! Busques algun material espec\u00edfic?<\/em><\/h4>\n<h4 style=\"text-align: center;\"><\/h4>\n<h4 style=\"text-align: center;\"><a href=\"https:\/\/www.google.com\/maps\/place\/CRP+les+Corts\/@41.3818695,2.13296,15z\/data=!4m5!3m4!1s0x0:0x105e1efdbdcdb8d7!8m2!3d41.3818695!4d2.13296\" target=\"_blank\" rel=\"noopener noreferrer\"><em>CONTACTA AMB NOSALTRES!<\/em><\/a><\/h4>\n<\/td>\n<\/tr>\n<\/tbody>\n<\/table>\n<h3><strong>Consulteu el calendari per saber-ne la disponibilitat:<\/strong><\/h3>\n<p><iframe loading=\"lazy\" style=\"border: 0;\" src=\"https:\/\/calendar.google.com\/calendar\/embed?src=c_taocmb8slr66vd7kqrk8m7j19o%40group.calendar.google.com&amp;ctz=Europe%2FMadrid\" width=\"800\" height=\"600\" frameborder=\"0\" scrolling=\"no\"><\/iframe><\/p>\n<p><!--a=1--><\/p>\n","protected":false},"excerpt":{"rendered":"<p>A continuaci\u00f3 trobareu el detall del material de pr\u00e9stec tecnol\u00f2gic que ofereix el Centre de Recursos Pedag\u00f2gics de les Corts. Per tal de reservar aquest material, envieu un correu electr\u00f2nic o b\u00e9 truqueu al CRP. Consulteu el calendari per saber-ne la disponibilitat. Correu electr\u00f2nic: a8901109@xtec.cat Tel\u00e8fon: 934 094 372 MATERIAL DESCRIPCI\u00d3 C\u00e0mera de fototrampeig Dispositiu [&hellip;]<\/p>\n","protected":false},"author":1,"featured_media":0,"parent":0,"menu_order":0,"comment_status":"closed","ping_status":"closed","template":"","meta":{"_bbp_topic_count":0,"_bbp_reply_count":0,"_bbp_total_topic_count":0,"_bbp_total_reply_count":0,"_bbp_voice_count":0,"_bbp_anonymous_reply_count":0,"_bbp_topic_count_hidden":0,"_bbp_reply_count_hidden":0,"_bbp_forum_subforum_count":0,"site-sidebar-layout":"default","site-content-layout":"","ast-site-content-layout":"default","site-content-style":"default","site-sidebar-style":"default","ast-global-header-display":"","ast-banner-title-visibility":"","ast-main-header-display":"","ast-hfb-above-header-display":"","ast-hfb-below-header-display":"","ast-hfb-mobile-header-display":"","site-post-title":"","ast-breadcrumbs-content":"","ast-featured-img":"","footer-sml-layout":"","theme-transparent-header-meta":"","adv-header-id-meta":"","stick-header-meta":"","header-above-stick-meta":"","header-main-stick-meta":"","header-below-stick-meta":"","astra-migrate-meta-layouts":"set","ast-page-background-enabled":"default","ast-page-background-meta":{"desktop":{"background-color":"var(--ast-global-color-4)","background-image":"","background-repeat":"repeat","background-position":"center center","background-size":"auto","background-attachment":"scroll","background-type":"","background-media":"","overlay-type":"","overlay-color":"","overlay-opacity":"","overlay-gradient":""},"tablet":{"background-color":"","background-image":"","background-repeat":"repeat","background-position":"center center","background-size":"auto","background-attachment":"scroll","background-type":"","background-media":"","overlay-type":"","overlay-color":"","overlay-opacity":"","overlay-gradient":""},"mobile":{"background-color":"","background-image":"","background-repeat":"repeat","background-position":"center center","background-size":"auto","background-attachment":"scroll","background-type":"","background-media":"","overlay-type":"","overlay-color":"","overlay-opacity":"","overlay-gradient":""}},"ast-content-background-meta":{"desktop":{"background-color":"var(--ast-global-color-5)","background-image":"","background-repeat":"repeat","background-position":"center center","background-size":"auto","background-attachment":"scroll","background-type":"","background-media":"","overlay-type":"","overlay-color":"","overlay-opacity":"","overlay-gradient":""},"tablet":{"background-color":"var(--ast-global-color-5)","background-image":"","background-repeat":"repeat","background-position":"center center","background-size":"auto","background-attachment":"scroll","background-type":"","background-media":"","overlay-type":"","overlay-color":"","overlay-opacity":"","overlay-gradient":""},"mobile":{"background-color":"var(--ast-global-color-5)","background-image":"","background-repeat":"repeat","background-position":"center center","background-size":"auto","background-attachment":"scroll","background-type":"","background-media":"","overlay-type":"","overlay-color":"","overlay-opacity":"","overlay-gradient":""}},"footnotes":""},"class_list":["post-11921","page","type-page","status-publish","hentry"],"post_mailing_queue_ids":[],"_links":{"self":[{"href":"https:\/\/serveiseducatius.xtec.cat\/lescorts\/wp-json\/wp\/v2\/pages\/11921","targetHints":{"allow":["GET"]}}],"collection":[{"href":"https:\/\/serveiseducatius.xtec.cat\/lescorts\/wp-json\/wp\/v2\/pages"}],"about":[{"href":"https:\/\/serveiseducatius.xtec.cat\/lescorts\/wp-json\/wp\/v2\/types\/page"}],"author":[{"embeddable":true,"href":"https:\/\/serveiseducatius.xtec.cat\/lescorts\/wp-json\/wp\/v2\/users\/1"}],"replies":[{"embeddable":true,"href":"https:\/\/serveiseducatius.xtec.cat\/lescorts\/wp-json\/wp\/v2\/comments?post=11921"}],"version-history":[{"count":6,"href":"https:\/\/serveiseducatius.xtec.cat\/lescorts\/wp-json\/wp\/v2\/pages\/11921\/revisions"}],"predecessor-version":[{"id":17579,"href":"https:\/\/serveiseducatius.xtec.cat\/lescorts\/wp-json\/wp\/v2\/pages\/11921\/revisions\/17579"}],"wp:attachment":[{"href":"https:\/\/serveiseducatius.xtec.cat\/lescorts\/wp-json\/wp\/v2\/media?parent=11921"}],"curies":[{"name":"wp","href":"https:\/\/api.w.org\/{rel}","templated":true}]}}