{"id":11767,"date":"2019-06-18T12:25:58","date_gmt":"2019-06-18T10:25:58","guid":{"rendered":"http:\/\/serveiseducatius.xtec.cat\/lescorts\/?page_id=11767"},"modified":"2021-09-06T15:02:05","modified_gmt":"2021-09-06T13:02:05","slug":"forum-dinnovacio-deso","status":"publish","type":"page","link":"https:\/\/serveiseducatius.xtec.cat\/lescorts\/forum-dinnovacio-deso\/","title":{"rendered":"F\u00d2RUM D&#8217;INNOVACI\u00d3 D&#8217;ESO 2022"},"content":{"rendered":"<p><strong><span style=\"text-decoration: underline;\">Referent de l&#8217;activitat:<\/span> Marta Ponti\u00a0<\/strong><\/p>\n<h4><a href=\"https:\/\/docs.google.com\/forms\/d\/e\/1FAIpQLSc4QYslPLk9Dyfrc3uEdL1uuannCSXg3R8xNo9IFvY5DhYREw\/viewform\"><strong>FORMULARI D\u2019INSCRIPCI\u00d3<\/strong><\/a><\/h4>\n<pre>(FINS EL 30 DE SETEMBRE)\r\n\r\n<\/pre>\n<p style=\"text-align: justify;\"><strong>F\u00f2rum<\/strong> en qu\u00e8 la <strong>innovaci\u00f3<\/strong> en qualsevol de les seves diferents formes i camps \u00e9s el com\u00fa denominador dels projectes presentats, alguns realitzats en col\u00b7laboraci\u00f3 amb els diferents equipaments especialitzats del territori com l&#8217;Ateneu de Fabricaci\u00f3 o el CC Pere Quart.<\/p>\n<p>Aquest F\u00f2rum pret\u00e9n ser un <strong>punt de trobada de tots els projectes d&#8217;innovaci\u00f3 i recerca que es fan al districte de Les Corts. <\/strong><\/p>\n<p>Es far\u00e0 el <strong>a principis <span style=\"color: #000000;\">de juny al mat\u00ed al CC Pere IV <\/span><\/strong>perqu\u00e8 els centres de secund\u00e0ria i entitats del districte tinguin temps d&#8217;acabar els projectes i puguin presentar els m\u00e9s interessants que s&#8217;hagin produ\u00eft al llarg del curs en cada un dels \u00e0mbits de recerca:<strong>cient\u00edfic, tecnol\u00f2gic, art\u00edstic o social.\u00a0\u00a0<\/strong><\/p>\n<p>El F\u00f2rum vol posar en valor el proc\u00e9s de fabricaci\u00f3 i\/o recerca m\u00e9s que el producte final.<\/p>\n<p>Les recerques presentades ,de creaci\u00f3 pr\u00f2pia, \u00a0poden de ser <strong>individuals o col\u00b7lectives<\/strong>.<\/p>\n<p><strong>Activitat dirigida a l&#8217;alumnat de 3r i 4t d&#8217;ESO<\/strong><\/p>\n<div class=\"freebirdCommonAnalyticsTextResponse freebirdLightBackground\"><strong>Centres participants:<\/strong><\/div>\n","protected":false},"excerpt":{"rendered":"<p>Referent de l&#8217;activitat: Marta Ponti\u00a0 FORMULARI D\u2019INSCRIPCI\u00d3 (FINS EL 30 DE SETEMBRE) F\u00f2rum en qu\u00e8 la innovaci\u00f3 en qualsevol de les seves diferents formes i camps \u00e9s el com\u00fa denominador dels projectes presentats, alguns realitzats en col\u00b7laboraci\u00f3 amb els diferents equipaments especialitzats del territori com l&#8217;Ateneu de Fabricaci\u00f3 o el CC Pere Quart. Aquest F\u00f2rum [&hellip;]<\/p>\n","protected":false},"author":1,"featured_media":0,"parent":0,"menu_order":0,"comment_status":"closed","ping_status":"closed","template":"","meta":{"_bbp_topic_count":0,"_bbp_reply_count":0,"_bbp_total_topic_count":0,"_bbp_total_reply_count":0,"_bbp_voice_count":0,"_bbp_anonymous_reply_count":0,"_bbp_topic_count_hidden":0,"_bbp_reply_count_hidden":0,"_bbp_forum_subforum_count":0,"site-sidebar-layout":"default","site-content-layout":"","ast-site-content-layout":"","site-content-style":"default","site-sidebar-style":"default","ast-global-header-display":"","ast-banner-title-visibility":"","ast-main-header-display":"","ast-hfb-above-header-display":"","ast-hfb-below-header-display":"","ast-hfb-mobile-header-display":"","site-post-title":"","ast-breadcrumbs-content":"","ast-featured-img":"","footer-sml-layout":"","theme-transparent-header-meta":"","adv-header-id-meta":"","stick-header-meta":"","header-above-stick-meta":"","header-main-stick-meta":"","header-below-stick-meta":"","astra-migrate-meta-layouts":"default","ast-page-background-enabled":"default","ast-page-background-meta":{"desktop":{"background-color":"var(--ast-global-color-4)","background-image":"","background-repeat":"repeat","background-position":"center center","background-size":"auto","background-attachment":"scroll","background-type":"","background-media":"","overlay-type":"","overlay-color":"","overlay-opacity":"","overlay-gradient":""},"tablet":{"background-color":"","background-image":"","background-repeat":"repeat","background-position":"center center","background-size":"auto","background-attachment":"scroll","background-type":"","background-media":"","overlay-type":"","overlay-color":"","overlay-opacity":"","overlay-gradient":""},"mobile":{"background-color":"","background-image":"","background-repeat":"repeat","background-position":"center center","background-size":"auto","background-attachment":"scroll","background-type":"","background-media":"","overlay-type":"","overlay-color":"","overlay-opacity":"","overlay-gradient":""}},"ast-content-background-meta":{"desktop":{"background-color":"var(--ast-global-color-5)","background-image":"","background-repeat":"repeat","background-position":"center center","background-size":"auto","background-attachment":"scroll","background-type":"","background-media":"","overlay-type":"","overlay-color":"","overlay-opacity":"","overlay-gradient":""},"tablet":{"background-color":"var(--ast-global-color-5)","background-image":"","background-repeat":"repeat","background-position":"center center","background-size":"auto","background-attachment":"scroll","background-type":"","background-media":"","overlay-type":"","overlay-color":"","overlay-opacity":"","overlay-gradient":""},"mobile":{"background-color":"var(--ast-global-color-5)","background-image":"","background-repeat":"repeat","background-position":"center center","background-size":"auto","background-attachment":"scroll","background-type":"","background-media":"","overlay-type":"","overlay-color":"","overlay-opacity":"","overlay-gradient":""}},"footnotes":""},"class_list":["post-11767","page","type-page","status-publish","hentry"],"post_mailing_queue_ids":[],"_links":{"self":[{"href":"https:\/\/serveiseducatius.xtec.cat\/lescorts\/wp-json\/wp\/v2\/pages\/11767","targetHints":{"allow":["GET"]}}],"collection":[{"href":"https:\/\/serveiseducatius.xtec.cat\/lescorts\/wp-json\/wp\/v2\/pages"}],"about":[{"href":"https:\/\/serveiseducatius.xtec.cat\/lescorts\/wp-json\/wp\/v2\/types\/page"}],"author":[{"embeddable":true,"href":"https:\/\/serveiseducatius.xtec.cat\/lescorts\/wp-json\/wp\/v2\/users\/1"}],"replies":[{"embeddable":true,"href":"https:\/\/serveiseducatius.xtec.cat\/lescorts\/wp-json\/wp\/v2\/comments?post=11767"}],"version-history":[{"count":3,"href":"https:\/\/serveiseducatius.xtec.cat\/lescorts\/wp-json\/wp\/v2\/pages\/11767\/revisions"}],"predecessor-version":[{"id":13905,"href":"https:\/\/serveiseducatius.xtec.cat\/lescorts\/wp-json\/wp\/v2\/pages\/11767\/revisions\/13905"}],"wp:attachment":[{"href":"https:\/\/serveiseducatius.xtec.cat\/lescorts\/wp-json\/wp\/v2\/media?parent=11767"}],"curies":[{"name":"wp","href":"https:\/\/api.w.org\/{rel}","templated":true}]}}