{"id":11612,"date":"2019-03-18T10:25:06","date_gmt":"2019-03-18T09:25:06","guid":{"rendered":"http:\/\/serveiseducatius.xtec.cat\/lescorts\/?page_id=11612"},"modified":"2025-07-12T08:25:40","modified_gmt":"2025-07-12T06:25:40","slug":"experiencies-de-centre","status":"publish","type":"page","link":"https:\/\/serveiseducatius.xtec.cat\/lescorts\/projectes\/projecte-de-convivencia\/experiencies-de-centre\/","title":{"rendered":"Experi\u00e8ncies de centre"},"content":{"rendered":"<p>A continuaci\u00f3, us deixem un recull d&#8217;experi\u00e8ncies de centres de les Corts en relaci\u00f3 al <strong>Projecte de Conviv\u00e8ncia:<\/strong><\/p>\n<table style=\"border-collapse: collapse; width: 100%;\" border=\"1\">\n<tbody>\n<tr style=\"height: 57px;\">\n<td style=\"width: 50%; text-align: left; height: 57px;\">\n<h4><strong>CENTRE I EXPERI\u00c8NCIA<\/strong><\/h4>\n<h4><\/h4>\n<\/td>\n<td style=\"width: 50%; text-align: left; height: 57px;\">\n<h4 style=\"text-align: justify;\"><strong>DESCRIPCI\u00d3<\/strong><\/h4>\n<\/td>\n<\/tr>\n<tr style=\"height: 127px;\">\n<td style=\"width: 50%; height: 127px;\">\n<h5><a href=\"https:\/\/drive.google.com\/open?id=116KxejaT1ku71Zy_bFD42NH4T-Sk3iHk\" target=\"_blank\" rel=\"noopener\">PROTOCOL DE BON TRACTE A L&#8217;AULA<\/a><\/h5>\n<p><em>ABAT OLIVA &#8211; LORETO<\/em><\/p>\n<p>&nbsp;<\/td>\n<td style=\"width: 50%; height: 127px;\">\n<p style=\"text-align: justify;\">Protocol de Bon Tracte a les Aules pactat entre tutors de grup, alumnat i mediadors. Es planifica amb l&#8217;alumnat qu\u00e8 considerem mal tracte, quins poden ser els plans d&#8217;acci\u00f3 per prevenir-lo i quines poden ser les possibles sancions en cas de que es produeixi.<\/p>\n<p style=\"text-align: justify;\">Cliqueu a la imatge per accedir al PBT:<\/p>\n<p><a href=\"https:\/\/drive.google.com\/open?id=116KxejaT1ku71Zy_bFD42NH4T-Sk3iHk\" target=\"_blank\" rel=\"noopener\"><img loading=\"lazy\" decoding=\"async\" class=\"aligncenter wp-image-11617\" src=\"https:\/\/serveiseducatius.xtec.cat\/lescorts\/wp-content\/uploads\/usu1169\/2019\/03\/PBT-ABAT-OLIVA-1024x565.png\" alt=\"\" width=\"363\" height=\"200\" srcset=\"https:\/\/serveiseducatius.xtec.cat\/lescorts\/wp-content\/uploads\/usu1169\/2019\/03\/PBT-ABAT-OLIVA-1024x565.png 1024w, https:\/\/serveiseducatius.xtec.cat\/lescorts\/wp-content\/uploads\/usu1169\/2019\/03\/PBT-ABAT-OLIVA-300x166.png 300w, https:\/\/serveiseducatius.xtec.cat\/lescorts\/wp-content\/uploads\/usu1169\/2019\/03\/PBT-ABAT-OLIVA-768x424.png 768w, https:\/\/serveiseducatius.xtec.cat\/lescorts\/wp-content\/uploads\/usu1169\/2019\/03\/PBT-ABAT-OLIVA.png 1266w\" sizes=\"auto, (max-width: 363px) 100vw, 363px\" \/><\/a><\/td>\n<\/tr>\n<tr>\n<td style=\"width: 50%;\">\n<h5><a href=\"https:\/\/drive.google.com\/open?id=1g4Jfd9BrSTTBFhmDKaqjP_i-0M5-UgX4\" target=\"_blank\" rel=\"noopener\">CONSELL D&#8217;INFANTS<\/a><\/h5>\n<p><em>THAU BARCELONA<\/em><\/td>\n<td style=\"width: 50%;\">\n<p style=\"text-align: justify;\">El Consell d&#8217;Infants de l&#8217;Escola Thau de Barcelona \u00e9s un \u00f2rgan de participaci\u00f3 dels alumnes de l&#8217;escola. Un espai on poder exercir, com a ciutadans que s\u00f3n, el seu dret a reflexionar, expressar la seva opini\u00f3, debatre, prendre decisions i compartir les seves propostes a fi de millorar la seva escola.<\/p>\n<p>Cliqueu a la imatge per accedir al Consell d&#8217;Infants de l&#8217;escola Thau:<\/p>\n<p><a href=\"https:\/\/drive.google.com\/open?id=1g4Jfd9BrSTTBFhmDKaqjP_i-0M5-UgX4\" target=\"_blank\" rel=\"noopener\"><img loading=\"lazy\" decoding=\"async\" class=\"aligncenter wp-image-11618\" src=\"https:\/\/serveiseducatius.xtec.cat\/lescorts\/wp-content\/uploads\/usu1169\/2019\/03\/Consell-Infants-Thau.png\" alt=\"\" width=\"336\" height=\"223\" srcset=\"https:\/\/serveiseducatius.xtec.cat\/lescorts\/wp-content\/uploads\/usu1169\/2019\/03\/Consell-Infants-Thau.png 744w, https:\/\/serveiseducatius.xtec.cat\/lescorts\/wp-content\/uploads\/usu1169\/2019\/03\/Consell-Infants-Thau-300x200.png 300w\" sizes=\"auto, (max-width: 336px) 100vw, 336px\" \/><\/a><\/td>\n<\/tr>\n<tr>\n<td style=\"width: 50%;\">\n<h5><a href=\"https:\/\/drive.google.com\/open?id=1aHbD_evUxHBPfXkYz1ifM7VE-GF2eVFc\" target=\"_blank\" rel=\"noopener\">PROJECTE TEATRE\u00a0<\/a><\/h5>\n<p><em>INSTITUT LES CORTS<\/em><\/td>\n<td style=\"width: 50%;\">\n<p style=\"text-align: justify;\">Les bases del Projecte Teatre del Institut les Corts s\u00f3n les seg\u00fcents:<\/p>\n<ul style=\"text-align: justify;\">\n<li style=\"text-align: justify;\">Treballar les compet\u00e8ncies relacionades amb la dimensi\u00f3 de la comunicaci\u00f3 oral<\/li>\n<li style=\"text-align: justify;\">Cohesionar el grup-\u00ad\u2010classe<\/li>\n<li style=\"text-align: justify;\">Contribuir a la formaci\u00f3 de la persona en els valors<\/li>\n<li style=\"text-align: justify;\">Promocionar el treball cooperatiu interdisciplinar<\/li>\n<li style=\"text-align: justify;\">Abordar conflictes de l&#8217;\u00e9sser hum\u00e0 (just\u00edcia, llibertat, respecte, integraci\u00f3&#8230;) i de la societat adolescent<\/li>\n<li style=\"text-align: justify;\">Treballar l\u2019educaci\u00f3 emocional<\/li>\n<\/ul>\n<p style=\"text-align: justify;\">L&#8217;activitat implica a tots els estudiants d&#8217;ESO com a actors\/actrius, col\u00b7laboradors o t\u00e8cnics de representaci\u00f3 aix\u00ed com espectadors actius que assissteixen a la representaci\u00f3 i reflexionen abans i despr\u00e9s sobre el que l&#8217;obra i els int\u00e8rprets plantegen.<\/p>\n<p>Cliqueu a la imatge per accedir al Projecte Teatre:<\/p>\n<p><a href=\"https:\/\/drive.google.com\/open?id=1aHbD_evUxHBPfXkYz1ifM7VE-GF2eVFc\" target=\"_blank\" rel=\"noopener\"><img loading=\"lazy\" decoding=\"async\" class=\"aligncenter wp-image-11619\" src=\"https:\/\/serveiseducatius.xtec.cat\/lescorts\/wp-content\/uploads\/usu1169\/2019\/03\/projecte-teatre-1024x709.png\" alt=\"\" width=\"359\" height=\"248\" srcset=\"https:\/\/serveiseducatius.xtec.cat\/lescorts\/wp-content\/uploads\/usu1169\/2019\/03\/projecte-teatre-1024x709.png 1024w, https:\/\/serveiseducatius.xtec.cat\/lescorts\/wp-content\/uploads\/usu1169\/2019\/03\/projecte-teatre-300x208.png 300w, https:\/\/serveiseducatius.xtec.cat\/lescorts\/wp-content\/uploads\/usu1169\/2019\/03\/projecte-teatre-768x532.png 768w, https:\/\/serveiseducatius.xtec.cat\/lescorts\/wp-content\/uploads\/usu1169\/2019\/03\/projecte-teatre.png 1175w\" sizes=\"auto, (max-width: 359px) 100vw, 359px\" \/><\/a><\/td>\n<\/tr>\n<tr>\n<td style=\"width: 50%;\">\n<h5><a href=\"https:\/\/drive.google.com\/open?id=1fEwAUWpyNQz7kLsZp8glGQqLJisbpkGf\" target=\"_blank\" rel=\"noopener\">HOQUEI+ LES CORTS<\/a><\/h5>\n<p><em>COL\u00b7LEGI PAIDEIA (CENTRE D&#8217;EDUCACI\u00d3 ESPECIAL)<\/em><\/td>\n<td style=\"width: 50%;\">\n<p style=\"text-align: justify;\"><a href=\"https:\/\/drive.google.com\/open?id=1fEwAUWpyNQz7kLsZp8glGQqLJisbpkGf\"><strong>El projecte del hoquei+<\/strong><\/a> que t\u00e9 el seu origen a les Corts, i que actualment compta amb diversos equips tant a Catalunya (Terrassa, Matar\u00f3, Sant Cugat,\u2026) com a la resta de l\u2019estat espanyol (Madrid, Bilbao, Val\u00e8ncia, Granada\u2026), ha rebut diferents reconeixements i premis pel seu car\u00e0cter innovador i inclusiu pel que fa la pr\u00e0ctica esportiva. L\u2019any passat va ser guardonat amb el premi nacional de l\u2019esport Infanta Sof\u00eda.<\/p>\n<p style=\"text-align: justify;\">Tota aquesta tasca acumulada en aquests prop de deu anys far\u00e0 que la temporada vinent l\u2019hoquei+ disposi d\u2019una lliga pr\u00f2pia dins de la mateixa Federaci\u00f3 Catalana d\u2019hoquei herba, on els i les esportistes podran competir setmanalment i on la pr\u00e0ctica esportiva adquirir\u00e0 el car\u00e0cter m\u00e9s inclusiu a l\u2019estar federats i tenint un reglament de competici\u00f3 com qualsevol altre practicant.<\/p>\n<\/td>\n<\/tr>\n<tr>\n<td style=\"width: 50%;\">\n<h5><a href=\"https:\/\/drive.google.com\/open?id=1xdlWzQ2za3_Wp1PJMp-JxkyTyABDZrNJ\" target=\"_blank\" rel=\"noopener\">TEIXINT EMOCIONS<\/a><\/h5>\n<p><em>ESCOLA BARCELONA<\/em><\/td>\n<td style=\"width: 50%;\">\n<p style=\"text-align: justify;\">Moltes persones (alumnes, mestres&#8230;) no saben recon\u00e8ixer ni posar nom a les seves emocions. Des de l&#8217;escola Barcelona es crea el projecte &#8220;Teixint emocions&#8221; al curs 2017-2018 per treballar les compet\u00e8ncies emocionals. Durant el curs 2018-2019 l&#8217;objectiu del treball emocional forma part de la PGA. Els docents fan cursos d&#8217;educaci\u00f3 emocional, es crea una comissi\u00f3 d&#8217;educaci\u00f3 emocional i es treballa 1 hora, com a m\u00ednim, a les aules.<\/p>\n<p>Cliqueu a la imatge per accedir a la presentaci\u00f3 &#8220;Teixint emocions&#8221;:<\/p>\n<p><a href=\"https:\/\/drive.google.com\/open?id=1xdlWzQ2za3_Wp1PJMp-JxkyTyABDZrNJ\" target=\"_blank\" rel=\"noopener\"><img loading=\"lazy\" decoding=\"async\" class=\"aligncenter wp-image-11634\" src=\"https:\/\/serveiseducatius.xtec.cat\/lescorts\/wp-content\/uploads\/usu1169\/2019\/03\/teixint-emocions-1024x575.png\" alt=\"\" width=\"394\" height=\"221\" srcset=\"https:\/\/serveiseducatius.xtec.cat\/lescorts\/wp-content\/uploads\/usu1169\/2019\/03\/teixint-emocions-1024x575.png 1024w, https:\/\/serveiseducatius.xtec.cat\/lescorts\/wp-content\/uploads\/usu1169\/2019\/03\/teixint-emocions-300x168.png 300w, https:\/\/serveiseducatius.xtec.cat\/lescorts\/wp-content\/uploads\/usu1169\/2019\/03\/teixint-emocions-768x431.png 768w, https:\/\/serveiseducatius.xtec.cat\/lescorts\/wp-content\/uploads\/usu1169\/2019\/03\/teixint-emocions.png 1358w\" sizes=\"auto, (max-width: 394px) 100vw, 394px\" \/><\/a><\/td>\n<\/tr>\n<\/tbody>\n<\/table>\n<p>&nbsp;<\/p>\n<p><!--a=1--><\/p>\n","protected":false},"excerpt":{"rendered":"<p>A continuaci\u00f3, us deixem un recull d&#8217;experi\u00e8ncies de centres de les Corts en relaci\u00f3 al Projecte de Conviv\u00e8ncia: CENTRE I EXPERI\u00c8NCIA DESCRIPCI\u00d3 PROTOCOL DE BON TRACTE A L&#8217;AULA ABAT OLIVA &#8211; LORETO &nbsp; Protocol de Bon Tracte a les Aules pactat entre tutors de grup, alumnat i mediadors. Es planifica amb l&#8217;alumnat qu\u00e8 considerem mal [&hellip;]<\/p>\n","protected":false},"author":1,"featured_media":0,"parent":10428,"menu_order":0,"comment_status":"closed","ping_status":"closed","template":"","meta":{"_bbp_topic_count":0,"_bbp_reply_count":0,"_bbp_total_topic_count":0,"_bbp_total_reply_count":0,"_bbp_voice_count":0,"_bbp_anonymous_reply_count":0,"_bbp_topic_count_hidden":0,"_bbp_reply_count_hidden":0,"_bbp_forum_subforum_count":0,"site-sidebar-layout":"default","site-content-layout":"","ast-site-content-layout":"default","site-content-style":"default","site-sidebar-style":"default","ast-global-header-display":"","ast-banner-title-visibility":"","ast-main-header-display":"","ast-hfb-above-header-display":"","ast-hfb-below-header-display":"","ast-hfb-mobile-header-display":"","site-post-title":"","ast-breadcrumbs-content":"","ast-featured-img":"","footer-sml-layout":"","theme-transparent-header-meta":"default","adv-header-id-meta":"","stick-header-meta":"","header-above-stick-meta":"","header-main-stick-meta":"","header-below-stick-meta":"","astra-migrate-meta-layouts":"set","ast-page-background-enabled":"default","ast-page-background-meta":{"desktop":{"background-color":"var(--ast-global-color-4)","background-image":"","background-repeat":"repeat","background-position":"center center","background-size":"auto","background-attachment":"scroll","background-type":"","background-media":"","overlay-type":"","overlay-color":"","overlay-opacity":"","overlay-gradient":""},"tablet":{"background-color":"","background-image":"","background-repeat":"repeat","background-position":"center center","background-size":"auto","background-attachment":"scroll","background-type":"","background-media":"","overlay-type":"","overlay-color":"","overlay-opacity":"","overlay-gradient":""},"mobile":{"background-color":"","background-image":"","background-repeat":"repeat","background-position":"center center","background-size":"auto","background-attachment":"scroll","background-type":"","background-media":"","overlay-type":"","overlay-color":"","overlay-opacity":"","overlay-gradient":""}},"ast-content-background-meta":{"desktop":{"background-color":"var(--ast-global-color-5)","background-image":"","background-repeat":"repeat","background-position":"center center","background-size":"auto","background-attachment":"scroll","background-type":"","background-media":"","overlay-type":"","overlay-color":"","overlay-opacity":"","overlay-gradient":""},"tablet":{"background-color":"var(--ast-global-color-5)","background-image":"","background-repeat":"repeat","background-position":"center center","background-size":"auto","background-attachment":"scroll","background-type":"","background-media":"","overlay-type":"","overlay-color":"","overlay-opacity":"","overlay-gradient":""},"mobile":{"background-color":"var(--ast-global-color-5)","background-image":"","background-repeat":"repeat","background-position":"center center","background-size":"auto","background-attachment":"scroll","background-type":"","background-media":"","overlay-type":"","overlay-color":"","overlay-opacity":"","overlay-gradient":""}},"footnotes":""},"class_list":["post-11612","page","type-page","status-publish","hentry"],"post_mailing_queue_ids":[],"_links":{"self":[{"href":"https:\/\/serveiseducatius.xtec.cat\/lescorts\/wp-json\/wp\/v2\/pages\/11612","targetHints":{"allow":["GET"]}}],"collection":[{"href":"https:\/\/serveiseducatius.xtec.cat\/lescorts\/wp-json\/wp\/v2\/pages"}],"about":[{"href":"https:\/\/serveiseducatius.xtec.cat\/lescorts\/wp-json\/wp\/v2\/types\/page"}],"author":[{"embeddable":true,"href":"https:\/\/serveiseducatius.xtec.cat\/lescorts\/wp-json\/wp\/v2\/users\/1"}],"replies":[{"embeddable":true,"href":"https:\/\/serveiseducatius.xtec.cat\/lescorts\/wp-json\/wp\/v2\/comments?post=11612"}],"version-history":[{"count":4,"href":"https:\/\/serveiseducatius.xtec.cat\/lescorts\/wp-json\/wp\/v2\/pages\/11612\/revisions"}],"predecessor-version":[{"id":17169,"href":"https:\/\/serveiseducatius.xtec.cat\/lescorts\/wp-json\/wp\/v2\/pages\/11612\/revisions\/17169"}],"up":[{"embeddable":true,"href":"https:\/\/serveiseducatius.xtec.cat\/lescorts\/wp-json\/wp\/v2\/pages\/10428"}],"wp:attachment":[{"href":"https:\/\/serveiseducatius.xtec.cat\/lescorts\/wp-json\/wp\/v2\/media?parent=11612"}],"curies":[{"name":"wp","href":"https:\/\/api.w.org\/{rel}","templated":true}]}}