{"id":11595,"date":"2019-03-13T15:48:11","date_gmt":"2019-03-13T14:48:11","guid":{"rendered":"http:\/\/serveiseducatius.xtec.cat\/lescorts\/?page_id=11595"},"modified":"2026-02-02T11:23:03","modified_gmt":"2026-02-02T10:23:03","slug":"micro-first-lego-league","status":"publish","type":"page","link":"https:\/\/serveiseducatius.xtec.cat\/lescorts\/activitats-de-dinamitzacio\/micro-first-lego-league\/","title":{"rendered":"FIRST LEGO LEAGUE 2025-2026"},"content":{"rendered":"<p><strong>Referent de l\u2019activitat: <\/strong>Joan Davia<\/p>\n<h4><a href=\"https:\/\/forms.gle\/VtbaWSwzivaT9Jux7\" target=\"_blank\" rel=\"noopener\"><strong>FORMULARI D\u2019INSCRIPCI\u00d3<\/strong><\/a><\/h4>\n<p>(FINS EL 12 DE SETEMBRE DE 2025)<\/p>\n<p style=\"text-align: center;\"><img loading=\"lazy\" decoding=\"async\" class=\"aligncenter size-full wp-image-12266\" src=\"https:\/\/serveiseducatius.xtec.cat\/lescorts\/wp-content\/uploads\/usu1169\/2019\/10\/FIRSTLego_iconHorz_RGB.png\" alt=\"\" width=\"607\" height=\"190\" srcset=\"https:\/\/serveiseducatius.xtec.cat\/lescorts\/wp-content\/uploads\/usu1169\/2019\/10\/FIRSTLego_iconHorz_RGB.png 607w, https:\/\/serveiseducatius.xtec.cat\/lescorts\/wp-content\/uploads\/usu1169\/2019\/10\/FIRSTLego_iconHorz_RGB-300x94.png 300w\" sizes=\"auto, (max-width: 607px) 100vw, 607px\" \/><\/p>\n<p><strong>Compromisos del CRP Les Corts:<\/strong><br \/>\n&#8211; es paga un grup per centre.<em><span style=\"color: #ff0000;\"> * En cas d&#8217;inscriure&#8217;s i despr\u00e9s no participar a la FLL el cost l&#8217;haur\u00e0 de cobrir el centre.<\/span><\/em><br \/>\n&#8211; formaci\u00f3 als i a les referents de Centre.<br \/>\n&#8211; assessorament per part del CRP del <span style=\"color: #000000;\"><a style=\"color: #000000;\" href=\"https:\/\/projectes.xtec.cat\/barcelona-apren-ciencia\/wp-content\/uploads\/usu2041\/2024\/11\/Soc-docent-com-puc-dissenyar-una-investigacio-cientifica-a-la-meva-escola.pdf\" target=\"_blank\" rel=\"noopener\">projecte de recerca i valors<\/a>.<\/span><br \/>\n&#8211; alumnes de Secund\u00e0ria realitzaran un APS a alumnat de centres de Prim\u00e0ria per assessorar en Rob\u00f2tica.<br \/>\n&#8211; Micro <span style=\"color: #000000;\">al Reial Monestir de Pedralbes<b>, el 28 gener (petits) i el 29 de gener (grans) <\/b>de 2026.<\/span><\/p>\n<hr \/>\n<p style=\"text-align: justify;\"><a href=\"https:\/\/www.firstlegoleague.soy\/\"><strong>FIRST LEGO LEAGUE (FLL)<\/strong><\/a> \u00e9s un repte mundial que desperta l\u2019inter\u00e8s dels joves per la ci\u00e8ncia i la tecnologia. S\u2019utilitzen desafiaments tem\u00e0tics per interessar els joves d\u2019edats compreses entre 10 a 16 anys (de 5\u00e8 de Prim\u00e0ria a 4t d\u2019ESO) en la investigaci\u00f3, la resoluci\u00f3 de problemes i la ci\u00e8ncia. Els pilars del programa s\u00f3n els Valors FLL que emfatitzen el fet d&#8217;aprendre dels altres companys\/es, la competici\u00f3 amistosa, l\u2019aprenentatge i la contribuci\u00f3 a la societat.<\/p>\n<p style=\"text-align: justify;\">Al districte de Les Corts cada any s\u2019hi participa. Es crea un seminari per formar al professorat en l\u2019\u00e0mbit de la ci\u00e8ncia i el pensament computacional i organitzar una <strong>MicroFLL<\/strong>\u00a0on l\u2019alumnat es posa a prova al Centre C\u00edvic Pere Quart en un format semblant al que trobar\u00e0 a la final de First Lego League oficial. La FLL neix a l\u2019any 1998 i cada any t\u00e9 un creixement m\u00e9s exponencial a escala mundial. Els centres del districte de les Corts hi participen des del curs 2016-2017.<\/p>\n<p style=\"text-align: justify;\"><strong>Calendari:<\/strong><\/p>\n<p style=\"text-align: justify;\">Durant els mesos d&#8217;octubre, novembre i desembre l&#8217;alumnat acompanyat dels seus docents elaboren l&#8217;estrat\u00e8gia, dissenyen, construeixen, programen i proven un robot aut\u00f2nom utilitzant la tecnologia Lego Education. Tanmateix, plantegen i presenten solucions innovadores al tema plantejat.<\/p>\n<p style=\"text-align: justify;\"><strong>Objectius<\/strong><\/p>\n<ul>\n<li style=\"text-align: justify;\">Realitzar construccions b\u00e0siques amb LEGO per treballar sota les proves de pensament computacional i programaci\u00f3 que exigeix el &#8220;joc del robot&#8221;.<\/li>\n<li style=\"text-align: justify;\">Fomentar la diversi\u00f3 per la ci\u00e8ncia, la tecnologia, l&#8217;enginyeria, les matem\u00e0tiques i la creaci\u00f3 art\u00edstica (STEAM) mentre es resolen problemes reals a trav\u00e9s d\u2019un aprenentatge amb sentit i l\u00fadic.<\/li>\n<li style=\"text-align: justify;\">Fomentar el treball en grup i el sentiment de pertinen\u00e7a a la comunitat escolar i al districte de Les Corts.<\/li>\n<\/ul>\n<h4><a href=\"https:\/\/www.firstlegoleague.soy\/preguntas-frecuentes\/\">\u27a1 <\/a><a href=\"https:\/\/www.firstlegoleague.soy\/faqs\/\" target=\"_blank\" rel=\"noopener\">M\u00e9s informaci\u00f3<\/a><\/h4>\n<p><a href=\"https:\/\/www.upc.edu\/ca\/sala-de-premsa\/noticies\/mes-de-200-nois-i-noies-mostren-el-seu-talent-a-la-upc-en-un-nou-torneig-first-lego-league\" target=\"_blank\" rel=\"noopener noreferrer\"><img loading=\"lazy\" decoding=\"async\" class=\"wp-image-11474 aligncenter\" src=\"https:\/\/serveiseducatius.xtec.cat\/lescorts\/wp-content\/uploads\/usu1169\/2019\/02\/Robopros-guanyadors-web.jpg\" sizes=\"auto, (max-width: 351px) 100vw, 351px\" srcset=\"https:\/\/serveiseducatius.xtec.cat\/lescorts\/wp-content\/uploads\/usu1169\/2019\/02\/Robopros-guanyadors-web.jpg 850w, https:\/\/serveiseducatius.xtec.cat\/lescorts\/wp-content\/uploads\/usu1169\/2019\/02\/Robopros-guanyadors-web-300x182.jpg 300w, https:\/\/serveiseducatius.xtec.cat\/lescorts\/wp-content\/uploads\/usu1169\/2019\/02\/Robopros-guanyadors-web-768x467.jpg 768w\" alt=\"\" width=\"351\" height=\"213\" \/><\/a><a href=\"https:\/\/www.upc.edu\/ca\/sala-de-premsa\/noticies\/mes-de-200-nois-i-noies-mostren-el-seu-talent-a-la-upc-en-un-nou-torneig-first-lego-league\" target=\"_blank\" rel=\"noopener noreferrer\"><img loading=\"lazy\" decoding=\"async\" class=\"wp-image-11473 aligncenter\" src=\"https:\/\/serveiseducatius.xtec.cat\/lescorts\/wp-content\/uploads\/usu1169\/2019\/02\/JISA-2n-premi-web.jpg\" sizes=\"auto, (max-width: 350px) 100vw, 350px\" srcset=\"https:\/\/serveiseducatius.xtec.cat\/lescorts\/wp-content\/uploads\/usu1169\/2019\/02\/JISA-2n-premi-web.jpg 850w, https:\/\/serveiseducatius.xtec.cat\/lescorts\/wp-content\/uploads\/usu1169\/2019\/02\/JISA-2n-premi-web-300x182.jpg 300w, https:\/\/serveiseducatius.xtec.cat\/lescorts\/wp-content\/uploads\/usu1169\/2019\/02\/JISA-2n-premi-web-768x467.jpg 768w\" alt=\"\" width=\"350\" height=\"212\" \/><\/a><\/p>\n<p><strong>Amb la col\u00b7laboraci\u00f3 de:\u00a0<\/strong><\/p>\n<p><img loading=\"lazy\" decoding=\"async\" class=\"alignleft wp-image-17772 \" src=\"https:\/\/serveiseducatius.xtec.cat\/lescorts\/wp-content\/uploads\/usu1169\/2026\/01\/AJBCN_Sign_Com_LesCorts_Vermell_Blanc-scaled.jpg\" alt=\"\" width=\"316\" height=\"106\" srcset=\"https:\/\/serveiseducatius.xtec.cat\/lescorts\/wp-content\/uploads\/usu1169\/2026\/01\/AJBCN_Sign_Com_LesCorts_Vermell_Blanc-scaled.jpg 2560w, https:\/\/serveiseducatius.xtec.cat\/lescorts\/wp-content\/uploads\/usu1169\/2026\/01\/AJBCN_Sign_Com_LesCorts_Vermell_Blanc-300x101.jpg 300w, https:\/\/serveiseducatius.xtec.cat\/lescorts\/wp-content\/uploads\/usu1169\/2026\/01\/AJBCN_Sign_Com_LesCorts_Vermell_Blanc-1024x344.jpg 1024w, https:\/\/serveiseducatius.xtec.cat\/lescorts\/wp-content\/uploads\/usu1169\/2026\/01\/AJBCN_Sign_Com_LesCorts_Vermell_Blanc-768x258.jpg 768w, https:\/\/serveiseducatius.xtec.cat\/lescorts\/wp-content\/uploads\/usu1169\/2026\/01\/AJBCN_Sign_Com_LesCorts_Vermell_Blanc-1536x515.jpg 1536w, https:\/\/serveiseducatius.xtec.cat\/lescorts\/wp-content\/uploads\/usu1169\/2026\/01\/AJBCN_Sign_Com_LesCorts_Vermell_Blanc-2048x687.jpg 2048w\" sizes=\"auto, (max-width: 316px) 100vw, 316px\" \/> <a href=\"https:\/\/www.ro-botica.com\/\" target=\"_blank\" rel=\"noopener\"><img loading=\"lazy\" decoding=\"async\" class=\"alignleft size-full wp-image-17762\" src=\"https:\/\/serveiseducatius.xtec.cat\/lescorts\/wp-content\/uploads\/usu1169\/2026\/01\/logo-ro-botica.jpg\" alt=\"\" width=\"263\" height=\"49\" \/><\/a><\/p>\n<p><strong> \u00a0 \u00a0 <a href=\"https:\/\/firstlegoleague.soy\/\" target=\"_blank\" rel=\"noopener\"><img loading=\"lazy\" decoding=\"async\" class=\"alignleft  wp-image-17767\" src=\"https:\/\/serveiseducatius.xtec.cat\/lescorts\/wp-content\/uploads\/usu1169\/2026\/01\/ingeniera-soy-logo.png\" alt=\"\" width=\"212\" height=\"47\" srcset=\"https:\/\/serveiseducatius.xtec.cat\/lescorts\/wp-content\/uploads\/usu1169\/2026\/01\/ingeniera-soy-logo.png 3168w, https:\/\/serveiseducatius.xtec.cat\/lescorts\/wp-content\/uploads\/usu1169\/2026\/01\/ingeniera-soy-logo-300x66.png 300w, https:\/\/serveiseducatius.xtec.cat\/lescorts\/wp-content\/uploads\/usu1169\/2026\/01\/ingeniera-soy-logo-1024x227.png 1024w, https:\/\/serveiseducatius.xtec.cat\/lescorts\/wp-content\/uploads\/usu1169\/2026\/01\/ingeniera-soy-logo-768x170.png 768w, https:\/\/serveiseducatius.xtec.cat\/lescorts\/wp-content\/uploads\/usu1169\/2026\/01\/ingeniera-soy-logo-1536x340.png 1536w, https:\/\/serveiseducatius.xtec.cat\/lescorts\/wp-content\/uploads\/usu1169\/2026\/01\/ingeniera-soy-logo-2048x453.png 2048w\" sizes=\"auto, (max-width: 212px) 100vw, 212px\" \/><\/a>\u00a0 \u00a0\u00a0 \u00a0 \u00a0 \u00a0 \u00a0 \u00a0 \u00a0 \u00a0 \u00a0 \u00a0 \u00a0<\/strong><\/p>\n<table style=\"height: 358px; width: 37.4901%; border-collapse: collapse; border-style: none;\">\n<tbody>\n<tr style=\"height: 246px;\">\n<td style=\"width: 39.03%; border-style: none; height: 246px;\"><\/td>\n<td style=\"width: 29.3806%; border-style: none; height: 246px;\"><\/td>\n<td style=\"width: 65.5278%; border-style: none; height: 246px;\"><\/td>\n<\/tr>\n<\/tbody>\n<\/table>\n<p><!--a=1--><\/p>\n<p><!--a=1--><\/p>\n<p><!--a=1--><!--a=1--><\/p>\n<p><!--a=1--><\/p>\n<p><!--a=1--><\/p>\n<p><!--a=1--><\/p>\n<p><!--a=1--><\/p>\n<p><!--a=1--><\/p>\n<p><!--a=1--><\/p>\n<p><!--a=1--><\/p>\n<p><!--a=1--><!--a=1--><!--a=1--><\/p>\n<p><!--a=1--><\/p>\n","protected":false},"excerpt":{"rendered":"<p>Referent de l\u2019activitat: Joan Davia FORMULARI D\u2019INSCRIPCI\u00d3 (FINS EL 12 DE SETEMBRE DE 2025) Compromisos del CRP Les Corts: &#8211; es paga un grup per centre. * En cas d&#8217;inscriure&#8217;s i despr\u00e9s no participar a la FLL el cost l&#8217;haur\u00e0 de cobrir el centre. &#8211; formaci\u00f3 als i a les referents de Centre. &#8211; assessorament [&hellip;]<\/p>\n","protected":false},"author":1,"featured_media":0,"parent":8142,"menu_order":0,"comment_status":"closed","ping_status":"closed","template":"","meta":{"_bbp_topic_count":0,"_bbp_reply_count":0,"_bbp_total_topic_count":0,"_bbp_total_reply_count":0,"_bbp_voice_count":0,"_bbp_anonymous_reply_count":0,"_bbp_topic_count_hidden":0,"_bbp_reply_count_hidden":0,"_bbp_forum_subforum_count":0,"site-sidebar-layout":"default","site-content-layout":"","ast-site-content-layout":"default","site-content-style":"default","site-sidebar-style":"default","ast-global-header-display":"","ast-banner-title-visibility":"","ast-main-header-display":"","ast-hfb-above-header-display":"","ast-hfb-below-header-display":"","ast-hfb-mobile-header-display":"","site-post-title":"","ast-breadcrumbs-content":"","ast-featured-img":"","footer-sml-layout":"","theme-transparent-header-meta":"default","adv-header-id-meta":"","stick-header-meta":"","header-above-stick-meta":"","header-main-stick-meta":"","header-below-stick-meta":"","astra-migrate-meta-layouts":"set","ast-page-background-enabled":"default","ast-page-background-meta":{"desktop":{"background-color":"var(--ast-global-color-4)","background-image":"","background-repeat":"repeat","background-position":"center center","background-size":"auto","background-attachment":"scroll","background-type":"","background-media":"","overlay-type":"","overlay-color":"","overlay-opacity":"","overlay-gradient":""},"tablet":{"background-color":"","background-image":"","background-repeat":"repeat","background-position":"center center","background-size":"auto","background-attachment":"scroll","background-type":"","background-media":"","overlay-type":"","overlay-color":"","overlay-opacity":"","overlay-gradient":""},"mobile":{"background-color":"","background-image":"","background-repeat":"repeat","background-position":"center center","background-size":"auto","background-attachment":"scroll","background-type":"","background-media":"","overlay-type":"","overlay-color":"","overlay-opacity":"","overlay-gradient":""}},"ast-content-background-meta":{"desktop":{"background-color":"var(--ast-global-color-5)","background-image":"","background-repeat":"repeat","background-position":"center center","background-size":"auto","background-attachment":"scroll","background-type":"","background-media":"","overlay-type":"","overlay-color":"","overlay-opacity":"","overlay-gradient":""},"tablet":{"background-color":"var(--ast-global-color-5)","background-image":"","background-repeat":"repeat","background-position":"center center","background-size":"auto","background-attachment":"scroll","background-type":"","background-media":"","overlay-type":"","overlay-color":"","overlay-opacity":"","overlay-gradient":""},"mobile":{"background-color":"var(--ast-global-color-5)","background-image":"","background-repeat":"repeat","background-position":"center center","background-size":"auto","background-attachment":"scroll","background-type":"","background-media":"","overlay-type":"","overlay-color":"","overlay-opacity":"","overlay-gradient":""}},"footnotes":""},"class_list":["post-11595","page","type-page","status-publish","hentry"],"post_mailing_queue_ids":[],"_links":{"self":[{"href":"https:\/\/serveiseducatius.xtec.cat\/lescorts\/wp-json\/wp\/v2\/pages\/11595","targetHints":{"allow":["GET"]}}],"collection":[{"href":"https:\/\/serveiseducatius.xtec.cat\/lescorts\/wp-json\/wp\/v2\/pages"}],"about":[{"href":"https:\/\/serveiseducatius.xtec.cat\/lescorts\/wp-json\/wp\/v2\/types\/page"}],"author":[{"embeddable":true,"href":"https:\/\/serveiseducatius.xtec.cat\/lescorts\/wp-json\/wp\/v2\/users\/1"}],"replies":[{"embeddable":true,"href":"https:\/\/serveiseducatius.xtec.cat\/lescorts\/wp-json\/wp\/v2\/comments?post=11595"}],"version-history":[{"count":6,"href":"https:\/\/serveiseducatius.xtec.cat\/lescorts\/wp-json\/wp\/v2\/pages\/11595\/revisions"}],"predecessor-version":[{"id":17784,"href":"https:\/\/serveiseducatius.xtec.cat\/lescorts\/wp-json\/wp\/v2\/pages\/11595\/revisions\/17784"}],"up":[{"embeddable":true,"href":"https:\/\/serveiseducatius.xtec.cat\/lescorts\/wp-json\/wp\/v2\/pages\/8142"}],"wp:attachment":[{"href":"https:\/\/serveiseducatius.xtec.cat\/lescorts\/wp-json\/wp\/v2\/media?parent=11595"}],"curies":[{"name":"wp","href":"https:\/\/api.w.org\/{rel}","templated":true}]}}