{"id":11367,"date":"2019-01-10T14:37:37","date_gmt":"2019-01-10T13:37:37","guid":{"rendered":"http:\/\/serveiseducatius.xtec.cat\/lescorts\/?page_id=11367"},"modified":"2025-08-04T17:26:41","modified_gmt":"2025-08-04T15:26:41","slug":"remodelacio-de-lespai-de-biblioteca","status":"publish","type":"page","link":"https:\/\/serveiseducatius.xtec.cat\/lescorts\/remodelacio-de-lespai-de-biblioteca\/","title":{"rendered":"Remodelaci\u00f3 de l&#8217;espai de biblioteca"},"content":{"rendered":"<p style=\"text-align: justify;\">Des de <strong>l&#8217;Escola Barcelona<\/strong> es va decidir posar en marxa un projecte de renovaci\u00f3 de la <a href=\"https:\/\/bibliotecaescolabarcelona.blogspot.com\/\">biblioteca escolar<\/a>. El\u00a0<strong>Centre d\u2019Higiene Mental de Les Corts\u00a0<\/strong>els ajuda en aquesta tasca amb la implicaci\u00f3 de l\u2019alumnat.<\/p>\n<p style=\"text-align: justify;\">Primer de tot, van comen\u00e7ar pintant les prestatgeries. M\u00e9s tard, van afegir-hi dibuixos creats pels nens i nenes de 3r, 4t, i 5\u00e8 amb el CHM de les Corts. Els mestres de la comissi\u00f3 estan esporgant els llibres de la biblioteca. I aix\u00f2 qu\u00e8 vol dir? Doncs han seleccionat els llibres vells, els que estan fets malb\u00e9, els que han quedat obsolets&#8230; i han omplert caixes i caixes amb aquests llibres&#8230; alguns els han repartit per les classes, uns altres els donaran a centres que els necessitin i alguns altres els regalaran als alumnes de 6\u00e8 per la venda de llibres de segona m\u00e0 que organitzen per Sant Jordi.<\/p>\n<p>I sabeu qu\u00e8 faran amb la resta dels llibres?\u00a0 Doncs els netejaran, els restauraran (si cal), els folraran i els deixaran ben bonics perqu\u00e8 llueixin a les noves prestatgeries, i els nens i les nenes de l&#8217;escola els podran llegir, consultar i mirar sempre que vulguin.<\/p>\n<p>Donat l&#8217;inter\u00e8s i la cooperaci\u00f3 entre l&#8217;escola i altres entitats, <strong>la televisi\u00f3 BTV ha fet un reportatge d&#8217;aquest projecte<\/strong>. Cliqueu a la imatge per veure&#8217;l!<\/p>\n<p><a href=\"https:\/\/cdnapisec.kaltura.com\/index.php\/extwidget\/preview\/partner_id\/2346171\/uiconf_id\/42600891\/entry_id\/1_qanfjwlp\/embed\/dynamic\"><img loading=\"lazy\" decoding=\"async\" class=\"aligncenter size-full wp-image-11368\" src=\"https:\/\/serveiseducatius.xtec.cat\/lescorts\/wp-content\/uploads\/usu1169\/2019\/01\/btv.jpg\" alt=\"\" width=\"637\" height=\"525\" srcset=\"https:\/\/serveiseducatius.xtec.cat\/lescorts\/wp-content\/uploads\/usu1169\/2019\/01\/btv.jpg 637w, https:\/\/serveiseducatius.xtec.cat\/lescorts\/wp-content\/uploads\/usu1169\/2019\/01\/btv-300x247.jpg 300w\" sizes=\"auto, (max-width: 637px) 100vw, 637px\" \/><\/a><\/p>\n","protected":false},"excerpt":{"rendered":"<p>Des de l&#8217;Escola Barcelona es va decidir posar en marxa un projecte de renovaci\u00f3 de la biblioteca escolar. El\u00a0Centre d\u2019Higiene Mental de Les Corts\u00a0els ajuda en aquesta tasca amb la implicaci\u00f3 de l\u2019alumnat. Primer de tot, van comen\u00e7ar pintant les prestatgeries. M\u00e9s tard, van afegir-hi dibuixos creats pels nens i nenes de 3r, 4t, i [&hellip;]<\/p>\n","protected":false},"author":1,"featured_media":0,"parent":0,"menu_order":0,"comment_status":"closed","ping_status":"closed","template":"","meta":{"_bbp_topic_count":0,"_bbp_reply_count":0,"_bbp_total_topic_count":0,"_bbp_total_reply_count":0,"_bbp_voice_count":0,"_bbp_anonymous_reply_count":0,"_bbp_topic_count_hidden":0,"_bbp_reply_count_hidden":0,"_bbp_forum_subforum_count":0,"site-sidebar-layout":"default","site-content-layout":"","ast-site-content-layout":"normal-width-container","site-content-style":"default","site-sidebar-style":"default","ast-global-header-display":"","ast-banner-title-visibility":"","ast-main-header-display":"","ast-hfb-above-header-display":"","ast-hfb-below-header-display":"","ast-hfb-mobile-header-display":"","site-post-title":"","ast-breadcrumbs-content":"","ast-featured-img":"","footer-sml-layout":"","theme-transparent-header-meta":"","adv-header-id-meta":"","stick-header-meta":"","header-above-stick-meta":"","header-main-stick-meta":"","header-below-stick-meta":"","astra-migrate-meta-layouts":"set","ast-page-background-enabled":"default","ast-page-background-meta":{"desktop":{"background-color":"var(--ast-global-color-4)","background-image":"","background-repeat":"repeat","background-position":"center center","background-size":"auto","background-attachment":"scroll","background-type":"","background-media":"","overlay-type":"","overlay-color":"","overlay-opacity":"","overlay-gradient":""},"tablet":{"background-color":"","background-image":"","background-repeat":"repeat","background-position":"center center","background-size":"auto","background-attachment":"scroll","background-type":"","background-media":"","overlay-type":"","overlay-color":"","overlay-opacity":"","overlay-gradient":""},"mobile":{"background-color":"","background-image":"","background-repeat":"repeat","background-position":"center center","background-size":"auto","background-attachment":"scroll","background-type":"","background-media":"","overlay-type":"","overlay-color":"","overlay-opacity":"","overlay-gradient":""}},"ast-content-background-meta":{"desktop":{"background-color":"var(--ast-global-color-5)","background-image":"","background-repeat":"repeat","background-position":"center center","background-size":"auto","background-attachment":"scroll","background-type":"","background-media":"","overlay-type":"","overlay-color":"","overlay-opacity":"","overlay-gradient":""},"tablet":{"background-color":"var(--ast-global-color-5)","background-image":"","background-repeat":"repeat","background-position":"center center","background-size":"auto","background-attachment":"scroll","background-type":"","background-media":"","overlay-type":"","overlay-color":"","overlay-opacity":"","overlay-gradient":""},"mobile":{"background-color":"var(--ast-global-color-5)","background-image":"","background-repeat":"repeat","background-position":"center center","background-size":"auto","background-attachment":"scroll","background-type":"","background-media":"","overlay-type":"","overlay-color":"","overlay-opacity":"","overlay-gradient":""}},"footnotes":""},"class_list":["post-11367","page","type-page","status-publish","hentry"],"post_mailing_queue_ids":[],"_links":{"self":[{"href":"https:\/\/serveiseducatius.xtec.cat\/lescorts\/wp-json\/wp\/v2\/pages\/11367","targetHints":{"allow":["GET"]}}],"collection":[{"href":"https:\/\/serveiseducatius.xtec.cat\/lescorts\/wp-json\/wp\/v2\/pages"}],"about":[{"href":"https:\/\/serveiseducatius.xtec.cat\/lescorts\/wp-json\/wp\/v2\/types\/page"}],"author":[{"embeddable":true,"href":"https:\/\/serveiseducatius.xtec.cat\/lescorts\/wp-json\/wp\/v2\/users\/1"}],"replies":[{"embeddable":true,"href":"https:\/\/serveiseducatius.xtec.cat\/lescorts\/wp-json\/wp\/v2\/comments?post=11367"}],"version-history":[{"count":4,"href":"https:\/\/serveiseducatius.xtec.cat\/lescorts\/wp-json\/wp\/v2\/pages\/11367\/revisions"}],"predecessor-version":[{"id":17360,"href":"https:\/\/serveiseducatius.xtec.cat\/lescorts\/wp-json\/wp\/v2\/pages\/11367\/revisions\/17360"}],"wp:attachment":[{"href":"https:\/\/serveiseducatius.xtec.cat\/lescorts\/wp-json\/wp\/v2\/media?parent=11367"}],"curies":[{"name":"wp","href":"https:\/\/api.w.org\/{rel}","templated":true}]}}