{"id":11321,"date":"2018-12-19T12:15:17","date_gmt":"2018-12-19T11:15:17","guid":{"rendered":"http:\/\/serveiseducatius.xtec.cat\/lescorts\/?page_id=11321"},"modified":"2025-07-13T17:16:06","modified_gmt":"2025-07-13T15:16:06","slug":"bones-practiques","status":"publish","type":"page","link":"https:\/\/serveiseducatius.xtec.cat\/lescorts\/bones-practiques\/","title":{"rendered":"PR\u00c0CTIQUES DE REFER\u00c8NCIA"},"content":{"rendered":"<p><img loading=\"lazy\" decoding=\"async\" class=\"alignleft  wp-image-17305\" src=\"https:\/\/serveiseducatius.xtec.cat\/lescorts\/wp-content\/uploads\/usu1169\/2025\/07\/practiques-de-referencia.jpg\" alt=\"\" width=\"263\" height=\"263\" srcset=\"https:\/\/serveiseducatius.xtec.cat\/lescorts\/wp-content\/uploads\/usu1169\/2025\/07\/practiques-de-referencia.jpg 736w, https:\/\/serveiseducatius.xtec.cat\/lescorts\/wp-content\/uploads\/usu1169\/2025\/07\/practiques-de-referencia-300x300.jpg 300w, https:\/\/serveiseducatius.xtec.cat\/lescorts\/wp-content\/uploads\/usu1169\/2025\/07\/practiques-de-referencia-150x150.jpg 150w\" sizes=\"auto, (max-width: 263px) 100vw, 263px\" \/><\/p>\n<p style=\"text-align: justify;\">Les escoles i instituts de les Corts realitzen i participen en diversos projectes a nivell intern d&#8217;escola, per\u00f2 tamb\u00e9 ho fan amb la comunitat educativa, el barri, entitats col\u00b7laboradores&#8230; Aquestes que considerem com a &#8220;pr\u00e0ctiques de refer\u00e8ncia&#8221;. Aquestes accions s\u00f3n gestionades i treballades pels alumnes i prenen una necessitat social o cultural tant interna com externa al centre. Ens ha semblat interessant fer un recull d&#8217;aquestes accions considerades com a bones pr\u00e0ctiques i compartir-les amb tothom.<\/p>\n<p style=\"text-align: justify;\">Us deixem un recull de les &#8220;pr\u00e0ctiques de refer\u00e8ncia&#8221; dutes a terme en aquest curs 2018-2019:<\/p>\n<h5 style=\"text-align: justify;\"><strong><a href=\"https:\/\/serveiseducatius.xtec.cat\/lescorts\/eines-de-participacio-els-drets-dels-infants\/\">EINES DE PARTICIPACI\u00d3: ELS DRETS DELS INFANTS (6\u00e8 de prim\u00e0ria ESCOLA \u00cdTACA)<\/a><\/strong><\/h5>\n<p style=\"text-align: justify;\"><strong>Els alumnes de 6\u00e8 de\u00a0<a href=\"https:\/\/agora.xtec.cat\/ceipitaca\/\">l\u2019Escola \u00cdtaca<\/a><\/strong>\u00a0han participat en el <strong>\u201cProjecte R\u00e0dio: Eina de participaci\u00f3\u201d<\/strong> organitzat per la Xarxa dels Drets dels Infants (XDI). Han expressat les seves necessitats i experi\u00e8ncies quotidianes en relaci\u00f3 als Drets dels Infants i la seva vulneraci\u00f3 en tres \u00e0mbits: escola, barri i ciutat. Han realitzat aportacions en cadasc\u00fan d\u2019aquests \u00e0mbits i han tingut la possibilitat de participar act\u00edvament per donar resposta a les seves idees i inquietuds&#8230; <a href=\"https:\/\/serveiseducatius.xtec.cat\/lescorts\/eines-de-participacio-els-drets-dels-infants\/\">(saber-ne m\u00e9s)<\/a><\/p>\n<h5 style=\"text-align: justify;\"><a href=\"https:\/\/serveiseducatius.xtec.cat\/lescorts\/remodelacio-de-lespai-de-biblioteca\/\">REMODELACI\u00d3 DE L&#8217;ESPAI DE LA BIBLIOTECA: BTV EN FA UN REPORTATGE (ESCOLA BARCELONA)<\/a><\/h5>\n<p style=\"text-align: justify;\"><strong>L&#8217;escola Barcelona<\/strong> est\u00e0 duent a terme un projecte de renovaci\u00f3 de la biblioteca. El\u00a0<strong>Centre d\u2019Higiene Mental de Les Corts\u00a0<\/strong>els ajuda en aquesta tasca amb la implicaci\u00f3 de l\u2019alumnat. Fa uns dies van\u00a0reciclar, polir i pintar els prestatges. Ara estan fent les decoracions d\u2019aquestes&#8230; <a href=\"https:\/\/serveiseducatius.xtec.cat\/lescorts\/remodelacio-de-lespai-de-biblioteca\/\">(saber-ne m\u00e9s)<\/a><\/p>\n<h5 style=\"text-align: justify;\"><a href=\"https:\/\/serveiseducatius.xtec.cat\/lescorts\/lectures-a-lestadi-futbol-club-barcelona\/\">LECTURES A L&#8217;ESTADI: INS AUSI\u00c0S MARCH SURT A LA VANGUARDIA!<\/a><\/h5>\n<p style=\"text-align: justify;\">L\u2019alumnat de\u00a0<strong>4t d\u2019ESO de l\u2019Institut Ausi\u00e0s March<\/strong>\u00a0participa enguany al programa Lectures a l\u2019Estadi. Un projecte de foment de la lectura entre els joves que est\u00e0 impulsat pel programa\u00a0<em>Barcelona, Ciutat de la Literatur<\/em>a de la UNESCO\u00a0i la Xarxa de biblioteques de la ciutat.\u00a0<strong>El diari La Vanguardia<\/strong>, de tirada estatal, va fer-se eco d\u2019aquesta not\u00edcia en la seva edici\u00f3 del dimecres passat. Podeu fer-hi un cop d\u2019ull clicant a la not\u00edcia!&#8230; <a href=\"https:\/\/serveiseducatius.xtec.cat\/lescorts\/lectures-a-lestadi-futbol-club-barcelona\/\">(saber-ne m\u00e9s)<\/a><\/p>\n","protected":false},"excerpt":{"rendered":"<p>Les escoles i instituts de les Corts realitzen i participen en diversos projectes a nivell intern d&#8217;escola, per\u00f2 tamb\u00e9 ho fan amb la comunitat educativa, el barri, entitats col\u00b7laboradores&#8230; Aquestes que considerem com a &#8220;pr\u00e0ctiques de refer\u00e8ncia&#8221;. Aquestes accions s\u00f3n gestionades i treballades pels alumnes i prenen una necessitat social o cultural tant interna com [&hellip;]<\/p>\n","protected":false},"author":1,"featured_media":0,"parent":0,"menu_order":0,"comment_status":"closed","ping_status":"closed","template":"","meta":{"_bbp_topic_count":0,"_bbp_reply_count":0,"_bbp_total_topic_count":0,"_bbp_total_reply_count":0,"_bbp_voice_count":0,"_bbp_anonymous_reply_count":0,"_bbp_topic_count_hidden":0,"_bbp_reply_count_hidden":0,"_bbp_forum_subforum_count":0,"site-sidebar-layout":"default","site-content-layout":"","ast-site-content-layout":"default","site-content-style":"default","site-sidebar-style":"default","ast-global-header-display":"","ast-banner-title-visibility":"","ast-main-header-display":"","ast-hfb-above-header-display":"","ast-hfb-below-header-display":"","ast-hfb-mobile-header-display":"","site-post-title":"","ast-breadcrumbs-content":"","ast-featured-img":"","footer-sml-layout":"","theme-transparent-header-meta":"","adv-header-id-meta":"","stick-header-meta":"","header-above-stick-meta":"","header-main-stick-meta":"","header-below-stick-meta":"","astra-migrate-meta-layouts":"set","ast-page-background-enabled":"default","ast-page-background-meta":{"desktop":{"background-color":"var(--ast-global-color-4)","background-image":"","background-repeat":"repeat","background-position":"center center","background-size":"auto","background-attachment":"scroll","background-type":"","background-media":"","overlay-type":"","overlay-color":"","overlay-opacity":"","overlay-gradient":""},"tablet":{"background-color":"","background-image":"","background-repeat":"repeat","background-position":"center center","background-size":"auto","background-attachment":"scroll","background-type":"","background-media":"","overlay-type":"","overlay-color":"","overlay-opacity":"","overlay-gradient":""},"mobile":{"background-color":"","background-image":"","background-repeat":"repeat","background-position":"center center","background-size":"auto","background-attachment":"scroll","background-type":"","background-media":"","overlay-type":"","overlay-color":"","overlay-opacity":"","overlay-gradient":""}},"ast-content-background-meta":{"desktop":{"background-color":"var(--ast-global-color-5)","background-image":"","background-repeat":"repeat","background-position":"center center","background-size":"auto","background-attachment":"scroll","background-type":"","background-media":"","overlay-type":"","overlay-color":"","overlay-opacity":"","overlay-gradient":""},"tablet":{"background-color":"var(--ast-global-color-5)","background-image":"","background-repeat":"repeat","background-position":"center center","background-size":"auto","background-attachment":"scroll","background-type":"","background-media":"","overlay-type":"","overlay-color":"","overlay-opacity":"","overlay-gradient":""},"mobile":{"background-color":"var(--ast-global-color-5)","background-image":"","background-repeat":"repeat","background-position":"center center","background-size":"auto","background-attachment":"scroll","background-type":"","background-media":"","overlay-type":"","overlay-color":"","overlay-opacity":"","overlay-gradient":""}},"footnotes":""},"class_list":["post-11321","page","type-page","status-publish","hentry"],"post_mailing_queue_ids":[],"_links":{"self":[{"href":"https:\/\/serveiseducatius.xtec.cat\/lescorts\/wp-json\/wp\/v2\/pages\/11321","targetHints":{"allow":["GET"]}}],"collection":[{"href":"https:\/\/serveiseducatius.xtec.cat\/lescorts\/wp-json\/wp\/v2\/pages"}],"about":[{"href":"https:\/\/serveiseducatius.xtec.cat\/lescorts\/wp-json\/wp\/v2\/types\/page"}],"author":[{"embeddable":true,"href":"https:\/\/serveiseducatius.xtec.cat\/lescorts\/wp-json\/wp\/v2\/users\/1"}],"replies":[{"embeddable":true,"href":"https:\/\/serveiseducatius.xtec.cat\/lescorts\/wp-json\/wp\/v2\/comments?post=11321"}],"version-history":[{"count":4,"href":"https:\/\/serveiseducatius.xtec.cat\/lescorts\/wp-json\/wp\/v2\/pages\/11321\/revisions"}],"predecessor-version":[{"id":17306,"href":"https:\/\/serveiseducatius.xtec.cat\/lescorts\/wp-json\/wp\/v2\/pages\/11321\/revisions\/17306"}],"wp:attachment":[{"href":"https:\/\/serveiseducatius.xtec.cat\/lescorts\/wp-json\/wp\/v2\/media?parent=11321"}],"curies":[{"name":"wp","href":"https:\/\/api.w.org\/{rel}","templated":true}]}}