{"id":11243,"date":"2018-12-03T13:44:04","date_gmt":"2018-12-03T12:44:04","guid":{"rendered":"http:\/\/serveiseducatius.xtec.cat\/lescorts\/?page_id=11243"},"modified":"2025-08-04T17:14:05","modified_gmt":"2025-08-04T15:14:05","slug":"centres-civics-les-corts","status":"publish","type":"page","link":"https:\/\/serveiseducatius.xtec.cat\/lescorts\/comunitat\/centres-educatius\/centres-civics-les-corts\/","title":{"rendered":"Centres C\u00edvics les Corts"},"content":{"rendered":"<p style=\"text-align: justify;\">Us recordem que els equipaments culturals i de lleure d&#8217;inter\u00e8s, amb activitats que complementen l&#8217;oferta educativa i formativa del districte, s\u00f3n considerades activitats en l&#8217;\u00e0mbit <strong>no formal &#8211; que s\u00f3n tan importants com els centres que formen part de les Corts.<\/strong><\/p>\n<p style=\"text-align: justify;\">Us deixem amb les p\u00e0gines web dels quatre Centres C\u00edvics que formen part del districte de les Corts i amb els que hi col\u00b7laborem plenament:<\/p>\n<ul>\n<li><a href=\"http:\/\/ajuntament.barcelona.cat\/ccivics\/tomasacuevas\">Centre c\u00edvic Tomasa Cuevas<\/a><\/li>\n<li><a href=\"http:\/\/www.ccperequart.com\/\">Centre c\u00edvic Pere Quart<\/a><\/li>\n<li><a href=\"http:\/\/www.cccandeu.com\/\">Centre c\u00edvic Can Deu<\/a><\/li>\n<li><a href=\"https:\/\/ajuntament.barcelona.cat\/ccivics\/josepmtriasipeitx\" target=\"_blank\" rel=\"noopener\">Centre c\u00edvic JM Trias i Peitx<\/a><\/li>\n<li><a href=\"https:\/\/calapanarra.cat\/\" target=\"_blank\" rel=\"noopener\">Espai jove Ca la Panarra<\/a><\/li>\n<\/ul>\n<h4 style=\"text-align: center;\"><\/h4>\n<div id=\"gtx-trans\" style=\"position: absolute; left: 103px; top: 178.962px;\">\n<div class=\"gtx-trans-icon\"><\/div>\n<\/div>\n","protected":false},"excerpt":{"rendered":"<p>Us recordem que els equipaments culturals i de lleure d&#8217;inter\u00e8s, amb activitats que complementen l&#8217;oferta educativa i formativa del districte, s\u00f3n considerades activitats en l&#8217;\u00e0mbit no formal &#8211; que s\u00f3n tan importants com els centres que formen part de les Corts. Us deixem amb les p\u00e0gines web dels quatre Centres C\u00edvics que formen part del [&hellip;]<\/p>\n","protected":false},"author":1,"featured_media":0,"parent":338,"menu_order":0,"comment_status":"closed","ping_status":"closed","template":"","meta":{"_bbp_topic_count":0,"_bbp_reply_count":0,"_bbp_total_topic_count":0,"_bbp_total_reply_count":0,"_bbp_voice_count":0,"_bbp_anonymous_reply_count":0,"_bbp_topic_count_hidden":0,"_bbp_reply_count_hidden":0,"_bbp_forum_subforum_count":0,"site-sidebar-layout":"default","site-content-layout":"","ast-site-content-layout":"default","site-content-style":"default","site-sidebar-style":"default","ast-global-header-display":"","ast-banner-title-visibility":"","ast-main-header-display":"","ast-hfb-above-header-display":"","ast-hfb-below-header-display":"","ast-hfb-mobile-header-display":"","site-post-title":"","ast-breadcrumbs-content":"","ast-featured-img":"","footer-sml-layout":"","theme-transparent-header-meta":"","adv-header-id-meta":"","stick-header-meta":"","header-above-stick-meta":"","header-main-stick-meta":"","header-below-stick-meta":"","astra-migrate-meta-layouts":"set","ast-page-background-enabled":"default","ast-page-background-meta":{"desktop":{"background-color":"var(--ast-global-color-4)","background-image":"","background-repeat":"repeat","background-position":"center center","background-size":"auto","background-attachment":"scroll","background-type":"","background-media":"","overlay-type":"","overlay-color":"","overlay-opacity":"","overlay-gradient":""},"tablet":{"background-color":"","background-image":"","background-repeat":"repeat","background-position":"center center","background-size":"auto","background-attachment":"scroll","background-type":"","background-media":"","overlay-type":"","overlay-color":"","overlay-opacity":"","overlay-gradient":""},"mobile":{"background-color":"","background-image":"","background-repeat":"repeat","background-position":"center center","background-size":"auto","background-attachment":"scroll","background-type":"","background-media":"","overlay-type":"","overlay-color":"","overlay-opacity":"","overlay-gradient":""}},"ast-content-background-meta":{"desktop":{"background-color":"var(--ast-global-color-5)","background-image":"","background-repeat":"repeat","background-position":"center center","background-size":"auto","background-attachment":"scroll","background-type":"","background-media":"","overlay-type":"","overlay-color":"","overlay-opacity":"","overlay-gradient":""},"tablet":{"background-color":"var(--ast-global-color-5)","background-image":"","background-repeat":"repeat","background-position":"center center","background-size":"auto","background-attachment":"scroll","background-type":"","background-media":"","overlay-type":"","overlay-color":"","overlay-opacity":"","overlay-gradient":""},"mobile":{"background-color":"var(--ast-global-color-5)","background-image":"","background-repeat":"repeat","background-position":"center center","background-size":"auto","background-attachment":"scroll","background-type":"","background-media":"","overlay-type":"","overlay-color":"","overlay-opacity":"","overlay-gradient":""}},"footnotes":""},"class_list":["post-11243","page","type-page","status-publish","hentry"],"post_mailing_queue_ids":[],"_links":{"self":[{"href":"https:\/\/serveiseducatius.xtec.cat\/lescorts\/wp-json\/wp\/v2\/pages\/11243","targetHints":{"allow":["GET"]}}],"collection":[{"href":"https:\/\/serveiseducatius.xtec.cat\/lescorts\/wp-json\/wp\/v2\/pages"}],"about":[{"href":"https:\/\/serveiseducatius.xtec.cat\/lescorts\/wp-json\/wp\/v2\/types\/page"}],"author":[{"embeddable":true,"href":"https:\/\/serveiseducatius.xtec.cat\/lescorts\/wp-json\/wp\/v2\/users\/1"}],"replies":[{"embeddable":true,"href":"https:\/\/serveiseducatius.xtec.cat\/lescorts\/wp-json\/wp\/v2\/comments?post=11243"}],"version-history":[{"count":6,"href":"https:\/\/serveiseducatius.xtec.cat\/lescorts\/wp-json\/wp\/v2\/pages\/11243\/revisions"}],"predecessor-version":[{"id":17355,"href":"https:\/\/serveiseducatius.xtec.cat\/lescorts\/wp-json\/wp\/v2\/pages\/11243\/revisions\/17355"}],"up":[{"embeddable":true,"href":"https:\/\/serveiseducatius.xtec.cat\/lescorts\/wp-json\/wp\/v2\/pages\/338"}],"wp:attachment":[{"href":"https:\/\/serveiseducatius.xtec.cat\/lescorts\/wp-json\/wp\/v2\/media?parent=11243"}],"curies":[{"name":"wp","href":"https:\/\/api.w.org\/{rel}","templated":true}]}}