{"id":9398,"date":"2016-12-15T17:06:22","date_gmt":"2016-12-15T16:06:22","guid":{"rendered":"http:\/\/serveiseducatius.xtec.cat\/hospitalet\/?page_id=9398"},"modified":"2023-07-12T13:55:55","modified_gmt":"2023-07-12T11:55:55","slug":"xarxa-de-competencies-basiques-territorial","status":"publish","type":"page","link":"https:\/\/serveiseducatius.xtec.cat\/hospitalet\/xarxa-de-competencies-basiques-territorial\/","title":{"rendered":"Xarxa de Compet\u00e8ncies"},"content":{"rendered":"<h4><span style=\"color: #0000ff;\"><strong>Hospitalet &#8211; Cornell\u00e0- Sant Joan Desp\u00ed<\/strong><\/span><\/h4>\n<h5><em><span style=\"color: #333333;\"><strong>Cursos anteriors: <span style=\"text-decoration: underline;\"><a href=\"https:\/\/serveiseducatius.xtec.cat\/hospitalet\/xarxa-de-competencies-historic\/\" target=\"_blank\" rel=\"noopener\">enlla\u00e7<\/a><\/span><\/strong><\/span><\/em><\/h5>\n<h5><em><span style=\"color: #333333;\"><strong>Curs 2022-2023<\/strong><\/span><\/em><\/h5>\n<p>Set\u00e8 curs que els centres de l&#8217;Hospitalet participen a la Xarxa de CB Territorial.\u00a0 Som 19 centres; 11 escoles, 6 instituts, 1 Institut-Escola.<\/p>\n<p><span style=\"font-weight: 400;\"><span style=\"text-decoration: underline;\"><a href=\"https:\/\/docs.google.com\/document\/d\/10BsE2VSF220M_-RldO0D-YTJ_-JOyP_OP0gNT4QZbcw\/edit?usp=sharing\" target=\"_blank\" rel=\"noopener\">Pla de treball de la Xarxa de Compet\u00e8ncies<\/a><\/span> per al curs 2022-2023:\u00a0<b>El nou curr\u00edculum, una oportunitat per a la reflexi\u00f3 pedag\u00f2gica<\/b><\/span><\/p>\n<p><strong>OBJECTIUS:<\/strong><\/p>\n<ol>\n<li style=\"font-weight: 400;\" aria-level=\"1\"><span style=\"font-weight: 400;\">Revisar les pr\u00e0ctiques d\u2019aula, individualment i col\u00b7lectivament, a partir dels vectors del nou curr\u00edculum, per fomentar la reflexi\u00f3 pedag\u00f2gica i la millora i enriquiment de la pr\u00e0ctica docent, aix\u00ed com l\u2019adquisici\u00f3 d\u2019aprenentatges profunds per part dels i de les alumnes.<\/span><\/li>\n<li style=\"font-weight: 400;\" aria-level=\"1\"><span style=\"font-weight: 400;\">Consolidar l\u2019\u00fas de l\u2019avaluaci\u00f3 formativa per afavorir l\u2019adquisici\u00f3 d\u2019aprenentatges des d\u2019una mirada competencial i inclusiva, a partir del foment de la implicaci\u00f3 de l\u2019alumnat i de les interaccions a l\u2019aula, l\u2019autoregulaci\u00f3, el recull personalitzat d\u2019evid\u00e8ncies i el<\/span><i><span style=\"font-weight: 400;\"> feedback<\/span><\/i><span style=\"font-weight: 400;\">.<\/span><\/li>\n<li style=\"font-weight: 400;\" aria-level=\"1\"><span style=\"font-weight: 400;\">Promoure el desenvolupament professional docent, per mitj\u00e0 d\u2019experi\u00e8ncies d\u2019aprenentatge docent entre iguals com, per exemple, el disseny conjunt de projectes globalitzats, <\/span><span style=\"font-weight: 400;\">la realitzaci\u00f3 de nous models d\u2019informes d\u2019avaluaci\u00f3, <\/span><span style=\"font-weight: 400;\">l\u2019observaci\u00f3 entre iguals i la codoc\u00e8ncia, per fomentar el treball en equip entre el professorat i fer del centre escolar una comunitat de pr\u00e0ctica.<\/span><\/li>\n<\/ol>\n<h5><span style=\"color: #008000;\"><strong>Compartim la tasca de l&#8217;equip impulsor dels centres de la Xarxa de Compet\u00e8ncies de L&#8217;Hospitalet:<\/strong><\/span><\/h5>\n<p>&nbsp;<\/p>\n<p><a class=\"button normal\" style=\"padding: 1em; webkit-border-radius: 20; moz-border-radius: 20; border-radius: 20px; font-weight: 400; margin: 0.1em; color: white !important; background-color: #92ae01;\" href=\"https:\/\/drive.google.com\/file\/d\/1ebBS8nGhOjEXR1XqXvnmguOQbVNwhfWy\/view?usp=sharing\" target=\"_blank\" rel=\"noopener noreferrer\">Escola Ausi\u00e0s March<\/a><a class=\"button normal\" style=\"padding: 1em; webkit-border-radius: 20; moz-border-radius: 20; border-radius: 20px; font-weight: 400; margin: 0.1em; color: white !important; background-color: #9e9e9e;\" href=\"https:\/\/drive.google.com\/file\/d\/1BnpcgX9c1zfe9MJqK0tEs_dDgbpv-Dui\/view?usp=sharing\" target=\"_blank\" rel=\"noopener noreferrer\">Escola Bernat Desclot<\/a><a class=\"button normal\" style=\"padding: 1em; webkit-border-radius: 20; moz-border-radius: 20; border-radius: 20px; font-weight: 400; margin: 0.1em; color: white !important; background-color: #92ae01;\" href=\"https:\/\/drive.google.com\/file\/d\/16Dj1_jpNWXGlpIcAT9u6J76qYeLch2Da\/view?usp=drive_link\" target=\"_blank\" rel=\"noopener noreferrer\">Escola Ernest Lluch<\/a><a class=\"button normal\" style=\"padding: 1em; webkit-border-radius: 20; moz-border-radius: 20; border-radius: 20px; font-weight: 400; margin: 0.1em; color: white !important; background-color: #9e9e9e;\" href=\"https:\/\/drive.google.com\/file\/d\/1OY3x9f-Qq03km2ucSRhTKI3OlWxz5D7h\/view?usp=sharing\" target=\"_blank\" rel=\"noopener noreferrer\">Escola Frederic Mistral<\/a><a class=\"button normal\" style=\"padding: 1em; webkit-border-radius: 20; moz-border-radius: 20; border-radius: 20px; font-weight: 400; margin: 0.1em; color: white !important; background-color: #92ae01;\" href=\"https:\/\/drive.google.com\/file\/d\/12CwoBAqlUyJKy3jDN-etXZhNEEsm3lgh\/view?usp=sharing\" target=\"_blank\" rel=\"noopener noreferrer\">Escola Joan Maragall<\/a><a class=\"button normal\" style=\"padding: 1em; webkit-border-radius: 20; moz-border-radius: 20; border-radius: 20px; font-weight: 400; margin: 0.1em; color: white !important; background-color: #9e9e9e;\" href=\"https:\/\/drive.google.com\/file\/d\/1hcAt4YoofRKElfEtpP2cOyvMUL-HUFHi\/view?usp=sharing\" target=\"_blank\" rel=\"noopener noreferrer\">Escola Josep Maria Folch i Torres<\/a><a class=\"button normal\" style=\"padding: 1em; webkit-border-radius: 20; moz-border-radius: 20; border-radius: 20px; font-weight: 400; margin: 0.1em; color: white !important; background-color: #92ae01;\" href=\"https:\/\/drive.google.com\/file\/d\/1PGWWfy0X0I_fV1AVMLHLfWJ9Ibgj50NZ\/view?usp=sharing\" target=\"_blank\" rel=\"noopener noreferrer\">Escola Sant Josep-El Pi<\/a><a class=\"button normal\" style=\"padding: 1em; webkit-border-radius: 20; moz-border-radius: 20; border-radius: 20px; font-weight: 400; margin: 0.1em; color: white !important; background-color: #9e9e9e;\" href=\"https:\/\/drive.google.com\/file\/d\/1tNSm4o4XWSPWC72n_QxjHZGlytIsjAP3\/view?usp=sharing\" target=\"_blank\" rel=\"noopener noreferrer\">Escola Men\u00e9ndez Pidal <\/a><a class=\"button normal\" style=\"padding: 1em; webkit-border-radius: 20; moz-border-radius: 20; border-radius: 20px; font-weight: 400; margin: 0.1em; color: white !important; background-color: #92ae01;\" href=\"https:\/\/drive.google.com\/file\/d\/169kLbcBDYZviicsWiMJK_fMGYZHoLU2t\/view?usp=sharing\" target=\"_blank\" rel=\"noopener noreferrer\">Escola Paco Candel<\/a><a class=\"button normal\" style=\"padding: 1em; webkit-border-radius: 20; moz-border-radius: 20; border-radius: 20px; font-weight: 400; margin: 0.1em; color: white !important; background-color: #92ae01;\" href=\"https:\/\/drive.google.com\/file\/d\/1EOSV_bT6RGG8OTpHkMV6GzA4XiPN7QhE\/view?usp=sharing\" target=\"_blank\" rel=\"noopener noreferrer\">Escola Ramon Muntaner<\/a><a class=\"button normal\" style=\"padding: 1em; webkit-border-radius: 20; moz-border-radius: 20; border-radius: 20px; font-weight: 400; margin: 0.1em; color: white !important; background-color: #9e9e9e;\" href=\"https:\/\/drive.google.com\/file\/d\/1a_zhqbgfYckd0S7GdgjDqAcwlvYQO33B\/view?usp=sharing\" target=\"_blank\" rel=\"noopener noreferrer\">Institut Santa Eul\u00e0lia<\/a><a class=\"button normal\" style=\"padding: 1em; webkit-border-radius: 20; moz-border-radius: 20; border-radius: 20px; font-weight: 400; margin: 0.1em; color: white !important; background-color: #92ae01;\" href=\"https:\/\/drive.google.com\/file\/d\/1eqGtRtpxcrJZHRPxN1Nu6SKnknHiSk54\/view?usp=sharing\" target=\"_blank\" rel=\"noopener noreferrer\">Institut Eugeni d&#8217;Ors<\/a><a class=\"button normal\" style=\"padding: 1em; webkit-border-radius: 20; moz-border-radius: 20; border-radius: 20px; font-weight: 400; margin: 0.1em; color: white !important; background-color: #9e9e9e;\" href=\"https:\/\/drive.google.com\/file\/d\/1O8i_k6tYxAOLDDg4L8vs3uW5W3jZl7Lc\/view?usp=sharing\" target=\"_blank\" rel=\"noopener noreferrer\">Institut Apel\u00b7les Mestres<\/a><a class=\"button normal\" style=\"padding: 1em; webkit-border-radius: 20; moz-border-radius: 20; border-radius: 20px; font-weight: 400; margin: 0.1em; color: white !important; background-color: #9e9e9e;\" href=\"https:\/\/drive.google.com\/file\/d\/1ocLvF4hjqPQ-bn6__Eziq9fXzgTslRiD\/view?usp=sharing\" target=\"_blank\" rel=\"noopener noreferrer\">Institut Europa<\/a><a class=\"button normal\" style=\"padding: 1em; webkit-border-radius: 20; moz-border-radius: 20; border-radius: 20px; font-weight: 400; margin: 0.1em; color: white !important; background-color: #92ae01;\" href=\"https:\/\/drive.google.com\/file\/d\/1TghLzxuHU3Uy9r_Z-Bl4ovpoox0lCgEn\/view?usp=sharing\" target=\"_blank\" rel=\"noopener noreferrer\">Institut Merc\u00e8 Rodoreda<\/a><a class=\"button normal\" style=\"padding: 1em; webkit-border-radius: 20; moz-border-radius: 20; border-radius: 20px; font-weight: 400; margin: 0.1em; color: white !important; background-color: #9e9e9e;\" href=\"https:\/\/drive.google.com\/file\/d\/19FiD0p-1hAYavuYGHdlDzWITaLlXsNEt\/view?usp=sharing\" target=\"_blank\" rel=\"noopener noreferrer\">I-E Pere Lliscart<\/a><a class=\"button normal\" style=\"padding: 1em; webkit-border-radius: 20; moz-border-radius: 20; border-radius: 20px; font-weight: 400; margin: 0.1em; color: white !important; background-color: #92ae01;\" href=\"https:\/\/drive.google.com\/file\/d\/1azxorWsKJq-DAe4cZqWUDB14GbXBLED2\/view?usp=sharing\" target=\"_blank\" rel=\"noopener noreferrer\">Institut Rubi\u00f3 i Ors<\/a><\/p>\n<p><span style=\"color: #0000ff;\"><b>TASCA DE L&#8217;EQUIP IMPULSOR<\/b><\/span><\/p>\n<p><span style=\"font-weight: 400;\">\u201d<\/span><b>Com repensem la nostra pr\u00e0ctica a la llum dels vectors del curr\u00edculum?\u201d<\/b><\/p>\n<p><b>En qu\u00e8 consistir\u00e0 la pr\u00e0ctica?<\/b><\/p>\n<p><span style=\"font-weight: 400;\">Es proposa que els membres de l\u2019equip impulsor, per parelles o petits grups, dissenyin, portin a terme i documentin almenys una <\/span><b>situaci\u00f3 d\u2019aprenentatge <\/b><span style=\"font-weight: 400;\">tenint en compte els vectors del curr\u00edculum<\/span><span style=\"font-weight: 400;\">. Per fer-ho es pot partir d\u2019una unitat did\u00e0ctica o projecte de caire disciplinari o globalitzat ja elaborat, que pugui ser enriquit, o b\u00e9 un de nou. <span style=\"text-decoration: underline;\"><a href=\"https:\/\/sites.google.com\/xtec.cat\/situaciodaprenentatge\/p%C3%A0gina-principal\" target=\"_blank\" rel=\"noopener\">Enlla\u00e7 al full de ruta.<\/a><\/span><\/span><\/p>\n<p><b>Producte final<\/b><span style=\"font-weight: 400;\">: Documentaci\u00f3 que reculli la s\u00edntesi de la pr\u00e0ctica i contingui una mostra del proc\u00e9s, alguns exemples d\u2019aplicacions a l\u2019aula i conclusions.<\/span><\/p>\n<p>&nbsp;<\/p>\n<p><span style=\"color: #0000ff;\"><b>TASCA VOLUNT\u00c0RIA<\/b><span style=\"font-weight: 400;\">: <\/span><\/span><b>Planificaci\u00f3, realitzaci\u00f3, documentaci\u00f3 i valoraci\u00f3 d\u2019una experi\u00e8ncia de codoc\u00e8ncia o d\u2019observaci\u00f3 entre iguals<\/b><span style=\"font-weight: 400;\">.<\/span><\/p>\n<p><b>Pr\u00e0ctica d\u2019observaci\u00f3 entre iguals<\/b><\/p>\n<p><span style=\"font-weight: 400;\">L\u2019observaci\u00f3 entre iguals consisteix en l\u2019observaci\u00f3 rec\u00edproca entre parelles de docents que tenen graus d\u2019experi\u00e8ncia similar, que acorden focalitzar en un o diversos \u00edtems per mitj\u00e0 d\u2019instruments per recollir les dades, acompanyada per una posterior retroalimentaci\u00f3 constructiva m\u00fatua. L\u2019observaci\u00f3 entre iguals \u00e9s una pr\u00e0ctica inicial de doc\u00e8ncia compartida i ha de servir per millorar la pr\u00f2pia pr\u00e0ctica professional.\u00a0<\/span><\/p>\n<p><iframe loading=\"lazy\" title=\"YouTube video player\" src=\"https:\/\/www.youtube.com\/embed\/I-ypex8-hQk\" width=\"560\" height=\"315\" frameborder=\"0\" allowfullscreen=\"allowfullscreen\" data-mce-fragment=\"1\"><\/iframe><\/p>\n<p>&nbsp;<\/p>\n<p><b>Pr\u00e0ctica de codoc\u00e8ncia<\/b><\/p>\n<p><span style=\"font-weight: 400;\">La codoc\u00e8ncia consisteix en el treball de col\u00b7laboraci\u00f3 entre dos o m\u00e9s docents en una aula o espai educatiu amb el mateix grup. Les parelles o grups de docents dissenyen, planifiquen i implementen conjuntament el treball i posteriorment l\u2019analitzen i avaluen. L\u2019objectiu \u00e9s doble: desenvolupar pr\u00e0ctiques eficaces per a tots els i les alumnes del grup i, alhora, generar espais de suport mutu, col\u00b7laboraci\u00f3 i professionalitzaci\u00f3 docent.\u00a0<\/span><br \/>\n<iframe loading=\"lazy\" title=\"YouTube video player\" src=\"https:\/\/www.youtube.com\/embed\/Co4wHFJhnoM\" width=\"560\" height=\"315\" frameborder=\"0\" allowfullscreen=\"allowfullscreen\"><\/iframe><br \/>\n<a href=\"http:\/\/grupsderecerca.uab.cat\/grai\/sites\/grupsderecerca.uab.cat.grai\/files\/video_docencia_compartida_grai_guia_didactica.pdf\" target=\"_blank\" rel=\"noopener noreferrer\">Consulteu aqu\u00ed la guia sobre aquest v\u00eddeo.<\/a><\/p>\n<p>&nbsp;<\/p>\n<p><img loading=\"lazy\" decoding=\"async\" class=\"\" src=\"https:\/\/serveiseducatius.xtec.cat\/altpenedes\/wp-content\/uploads\/usu763\/2023\/02\/Codocencia-1024x576.jpg\" width=\"600\" height=\"338\" \/><\/p>\n<p>A la sessi\u00f3 virtual que es fa realitazar el dijous 9 de febrer de les 17 a les 19 hores sobre la <strong>codoc\u00e8ncia,\u00a0<\/strong>es va comptar amb\u00a0la pres\u00e8ncia de <strong>David Duran<\/strong> (UAB) expert en temes de codoc\u00e8ncia i coordinador de la recerca sobre observaci\u00f3 entre iguals. Tanmateix, tamb\u00e9 van participarar docents i mestres de l\u2019Institut Alcarr\u00e0s d\u2019Alcarr\u00e0s i de l\u2019escola Vedruna \u00c0ngels del barri del Raval de Barcelona que ens van compartir la seva experi\u00e8ncia en pr\u00e0ctiques de codoc\u00e8ncia.<\/p>\n<p>Podeu trobar tot el v\u00eddeo sobre <strong>codoc\u00e8ncia, per a qu\u00e8 i com? <\/strong>en aquest enlla\u00e7: <span style=\"text-decoration: underline;\">\u00a0<a href=\"https:\/\/www.youtube.com\/live\/hNJZUdZCoZU?feature=share\" target=\"_blank\" rel=\"noopener\">https:\/\/www.youtube.com\/live\/hNJZUdZCoZU?feature=share<\/a><\/span><\/p>\n<p style=\"text-align: left;\"><span style=\"color: #000000;\"><strong><a href=\"https:\/\/projectes.xtec.cat\/xarxacb\/\" target=\"_blank\" rel=\"noopener\">Nodes de la XCB\u00a0<\/a> \u00a0 \u00a0 \u00a0 \u00a0 \u00a0 \u00a0 \u00a0 \u00a0 \u00a0 \u00a0 \u00a0 \u00a0 \u00a0 \u00a0 \u00a0 \u00a0 \u00a0 \u00a0 \u00a0 \u00a0 \u00a0 \u00a0 \u00a0 \u00a0<\/strong><\/span><\/p>\n<p style=\"text-align: center;\"><a href=\"https:\/\/projectes.xtec.cat\/xarxacb\/\" target=\"_blank\" rel=\"noopener noreferrer\"><img loading=\"lazy\" decoding=\"async\" class=\"wp-image-14314 alignleft\" src=\"https:\/\/serveiseducatius.xtec.cat\/hospitalet\/wp-content\/uploads\/usu542\/2020\/05\/nodes-xcb-e1588488038696.png\" alt=\"\" width=\"237\" height=\"137\" \/><\/a><\/p>\n<p style=\"text-align: center;\">\n","protected":false},"excerpt":{"rendered":"<p>Hospitalet &#8211; Cornell\u00e0- Sant Joan Desp\u00ed Cursos anteriors: enlla\u00e7 Curs 2022-2023 Set\u00e8 curs que els centres de l&#8217;Hospitalet participen a la Xarxa de CB Territorial.\u00a0 Som 19 centres; 11 escoles, 6 instituts, 1 Institut-Escola. Pla de treball de la Xarxa de Compet\u00e8ncies per al curs 2022-2023:\u00a0El nou curr\u00edculum, una oportunitat per a la reflexi\u00f3 pedag\u00f2gica [&hellip;]<\/p>\n","protected":false},"author":1,"featured_media":0,"parent":0,"menu_order":0,"comment_status":"closed","ping_status":"closed","template":"","meta":{"_bbp_topic_count":0,"_bbp_reply_count":0,"_bbp_total_topic_count":0,"_bbp_total_reply_count":0,"_bbp_voice_count":0,"_bbp_anonymous_reply_count":0,"_bbp_topic_count_hidden":0,"_bbp_reply_count_hidden":0,"_bbp_forum_subforum_count":0,"site-sidebar-layout":"default","site-content-layout":"","ast-site-content-layout":"","site-content-style":"default","site-sidebar-style":"default","ast-global-header-display":"","ast-banner-title-visibility":"","ast-main-header-display":"","ast-hfb-above-header-display":"","ast-hfb-below-header-display":"","ast-hfb-mobile-header-display":"","site-post-title":"","ast-breadcrumbs-content":"","ast-featured-img":"","footer-sml-layout":"","theme-transparent-header-meta":"","adv-header-id-meta":"","stick-header-meta":"","header-above-stick-meta":"","header-main-stick-meta":"","header-below-stick-meta":"","astra-migrate-meta-layouts":"default","ast-page-background-enabled":"default","ast-page-background-meta":{"desktop":{"background-color":"var(--ast-global-color-4)","background-image":"","background-repeat":"repeat","background-position":"center center","background-size":"auto","background-attachment":"scroll","background-type":"","background-media":"","overlay-type":"","overlay-color":"","overlay-opacity":"","overlay-gradient":""},"tablet":{"background-color":"","background-image":"","background-repeat":"repeat","background-position":"center center","background-size":"auto","background-attachment":"scroll","background-type":"","background-media":"","overlay-type":"","overlay-color":"","overlay-opacity":"","overlay-gradient":""},"mobile":{"background-color":"","background-image":"","background-repeat":"repeat","background-position":"center center","background-size":"auto","background-attachment":"scroll","background-type":"","background-media":"","overlay-type":"","overlay-color":"","overlay-opacity":"","overlay-gradient":""}},"ast-content-background-meta":{"desktop":{"background-color":"var(--ast-global-color-5)","background-image":"","background-repeat":"repeat","background-position":"center center","background-size":"auto","background-attachment":"scroll","background-type":"","background-media":"","overlay-type":"","overlay-color":"","overlay-opacity":"","overlay-gradient":""},"tablet":{"background-color":"var(--ast-global-color-5)","background-image":"","background-repeat":"repeat","background-position":"center center","background-size":"auto","background-attachment":"scroll","background-type":"","background-media":"","overlay-type":"","overlay-color":"","overlay-opacity":"","overlay-gradient":""},"mobile":{"background-color":"var(--ast-global-color-5)","background-image":"","background-repeat":"repeat","background-position":"center center","background-size":"auto","background-attachment":"scroll","background-type":"","background-media":"","overlay-type":"","overlay-color":"","overlay-opacity":"","overlay-gradient":""}},"footnotes":""},"class_list":["post-9398","page","type-page","status-publish","hentry"],"post_mailing_queue_ids":[],"_links":{"self":[{"href":"https:\/\/serveiseducatius.xtec.cat\/hospitalet\/wp-json\/wp\/v2\/pages\/9398","targetHints":{"allow":["GET"]}}],"collection":[{"href":"https:\/\/serveiseducatius.xtec.cat\/hospitalet\/wp-json\/wp\/v2\/pages"}],"about":[{"href":"https:\/\/serveiseducatius.xtec.cat\/hospitalet\/wp-json\/wp\/v2\/types\/page"}],"author":[{"embeddable":true,"href":"https:\/\/serveiseducatius.xtec.cat\/hospitalet\/wp-json\/wp\/v2\/users\/1"}],"replies":[{"embeddable":true,"href":"https:\/\/serveiseducatius.xtec.cat\/hospitalet\/wp-json\/wp\/v2\/comments?post=9398"}],"version-history":[{"count":3,"href":"https:\/\/serveiseducatius.xtec.cat\/hospitalet\/wp-json\/wp\/v2\/pages\/9398\/revisions"}],"predecessor-version":[{"id":19927,"href":"https:\/\/serveiseducatius.xtec.cat\/hospitalet\/wp-json\/wp\/v2\/pages\/9398\/revisions\/19927"}],"wp:attachment":[{"href":"https:\/\/serveiseducatius.xtec.cat\/hospitalet\/wp-json\/wp\/v2\/media?parent=9398"}],"curies":[{"name":"wp","href":"https:\/\/api.w.org\/{rel}","templated":true}]}}