{"id":8827,"date":"2016-10-04T16:52:02","date_gmt":"2016-10-04T15:52:02","guid":{"rendered":"http:\/\/serveiseducatius.xtec.cat\/hospitalet\/?page_id=8827"},"modified":"2025-04-10T13:18:28","modified_gmt":"2025-04-10T11:18:28","slug":"professionals-crp","status":"publish","type":"page","link":"https:\/\/serveiseducatius.xtec.cat\/hospitalet\/servei_educatiu\/professionals-crp\/","title":{"rendered":"Professionals CRP"},"content":{"rendered":"<p><a href=\"https:\/\/serveiseducatius.xtec.cat\/hospitalet\/wp-content\/uploads\/usu542\/2024\/09\/IMG-20240903-WA0003-1-e1725535404540.jpg\"><img loading=\"lazy\" decoding=\"async\" class=\"wp-image-21423  aligncenter\" src=\"https:\/\/serveiseducatius.xtec.cat\/hospitalet\/wp-content\/uploads\/usu542\/2024\/09\/IMG-20240903-WA0003-1-e1725535392653-1024x551.jpg\" alt=\"\" width=\"491\" height=\"264\" \/><\/a><\/p>\n\n\n<figure class=\"wp-block-table is-style-stripes\"><table><tbody><tr><td>\u00c0ngela Gonz\u00e1lez Garz\u00f3n<\/td><td>referent de la zona Centre, Sanfeliu i Sant Josep<\/td><td>crp-hospitalet@xtec.cat<\/td><\/tr><tr><td>Luc\u00eda Negredo Moreno<\/td><td>referent de la zona Pubilla Cases &#8211; Can Serra<\/td><td>crp-hospitalet@xtec.cat<\/td><\/tr><tr><td>Mart\u00ed Cerezo Gracia<\/td><td>referent de la zona Santa Eul\u00e0lia<\/td><td>crp-hospitalet@xtec.cat<\/td><\/tr><tr><td>Mireia Gonz\u00e1lez Merino<\/td><td>referent de la zona Collblanc-Torrassa i La Florida<\/td><td>crp-hospitalet@xtec.cat<\/td><\/tr><tr><td>V\u00edctor Aregall Ma\u00f1as (Director)<\/td><td>referent de la zona Bellvitge &#8211; Gornal<\/td><td>crp-hospitalet@xtec.cat<\/td><\/tr><\/tbody><\/table><\/figure>\n","protected":false},"excerpt":{"rendered":"<p>\u00c0ngela Gonz\u00e1lez Garz\u00f3n referent de la zona Centre, Sanfeliu i Sant Josep crp-hospitalet@xtec.cat Luc\u00eda Negredo Moreno referent de la zona Pubilla Cases &#8211; Can Serra crp-hospitalet@xtec.cat Mart\u00ed Cerezo Gracia referent de la zona Santa Eul\u00e0lia crp-hospitalet@xtec.cat Mireia Gonz\u00e1lez Merino referent de la zona Collblanc-Torrassa i La Florida crp-hospitalet@xtec.cat V\u00edctor Aregall Ma\u00f1as (Director) referent de la [&hellip;]<\/p>\n","protected":false},"author":1,"featured_media":0,"parent":306,"menu_order":1,"comment_status":"closed","ping_status":"closed","template":"","meta":{"_bbp_topic_count":0,"_bbp_reply_count":0,"_bbp_total_topic_count":0,"_bbp_total_reply_count":0,"_bbp_voice_count":0,"_bbp_anonymous_reply_count":0,"_bbp_topic_count_hidden":0,"_bbp_reply_count_hidden":0,"_bbp_forum_subforum_count":0,"site-sidebar-layout":"default","site-content-layout":"","ast-site-content-layout":"","site-content-style":"default","site-sidebar-style":"default","ast-global-header-display":"","ast-banner-title-visibility":"","ast-main-header-display":"","ast-hfb-above-header-display":"","ast-hfb-below-header-display":"","ast-hfb-mobile-header-display":"","site-post-title":"","ast-breadcrumbs-content":"","ast-featured-img":"","footer-sml-layout":"","theme-transparent-header-meta":"","adv-header-id-meta":"","stick-header-meta":"","header-above-stick-meta":"","header-main-stick-meta":"","header-below-stick-meta":"","astra-migrate-meta-layouts":"default","ast-page-background-enabled":"default","ast-page-background-meta":{"desktop":{"background-color":"var(--ast-global-color-4)","background-image":"","background-repeat":"repeat","background-position":"center center","background-size":"auto","background-attachment":"scroll","background-type":"","background-media":"","overlay-type":"","overlay-color":"","overlay-opacity":"","overlay-gradient":""},"tablet":{"background-color":"","background-image":"","background-repeat":"repeat","background-position":"center center","background-size":"auto","background-attachment":"scroll","background-type":"","background-media":"","overlay-type":"","overlay-color":"","overlay-opacity":"","overlay-gradient":""},"mobile":{"background-color":"","background-image":"","background-repeat":"repeat","background-position":"center center","background-size":"auto","background-attachment":"scroll","background-type":"","background-media":"","overlay-type":"","overlay-color":"","overlay-opacity":"","overlay-gradient":""}},"ast-content-background-meta":{"desktop":{"background-color":"var(--ast-global-color-5)","background-image":"","background-repeat":"repeat","background-position":"center center","background-size":"auto","background-attachment":"scroll","background-type":"","background-media":"","overlay-type":"","overlay-color":"","overlay-opacity":"","overlay-gradient":""},"tablet":{"background-color":"var(--ast-global-color-5)","background-image":"","background-repeat":"repeat","background-position":"center center","background-size":"auto","background-attachment":"scroll","background-type":"","background-media":"","overlay-type":"","overlay-color":"","overlay-opacity":"","overlay-gradient":""},"mobile":{"background-color":"var(--ast-global-color-5)","background-image":"","background-repeat":"repeat","background-position":"center center","background-size":"auto","background-attachment":"scroll","background-type":"","background-media":"","overlay-type":"","overlay-color":"","overlay-opacity":"","overlay-gradient":""}},"footnotes":""},"class_list":["post-8827","page","type-page","status-publish","hentry"],"post_mailing_queue_ids":[],"_links":{"self":[{"href":"https:\/\/serveiseducatius.xtec.cat\/hospitalet\/wp-json\/wp\/v2\/pages\/8827","targetHints":{"allow":["GET"]}}],"collection":[{"href":"https:\/\/serveiseducatius.xtec.cat\/hospitalet\/wp-json\/wp\/v2\/pages"}],"about":[{"href":"https:\/\/serveiseducatius.xtec.cat\/hospitalet\/wp-json\/wp\/v2\/types\/page"}],"author":[{"embeddable":true,"href":"https:\/\/serveiseducatius.xtec.cat\/hospitalet\/wp-json\/wp\/v2\/users\/1"}],"replies":[{"embeddable":true,"href":"https:\/\/serveiseducatius.xtec.cat\/hospitalet\/wp-json\/wp\/v2\/comments?post=8827"}],"version-history":[{"count":7,"href":"https:\/\/serveiseducatius.xtec.cat\/hospitalet\/wp-json\/wp\/v2\/pages\/8827\/revisions"}],"predecessor-version":[{"id":22730,"href":"https:\/\/serveiseducatius.xtec.cat\/hospitalet\/wp-json\/wp\/v2\/pages\/8827\/revisions\/22730"}],"up":[{"embeddable":true,"href":"https:\/\/serveiseducatius.xtec.cat\/hospitalet\/wp-json\/wp\/v2\/pages\/306"}],"wp:attachment":[{"href":"https:\/\/serveiseducatius.xtec.cat\/hospitalet\/wp-json\/wp\/v2\/media?parent=8827"}],"curies":[{"name":"wp","href":"https:\/\/api.w.org\/{rel}","templated":true}]}}