{"id":8555,"date":"2016-07-08T06:47:39","date_gmt":"2016-07-08T05:47:39","guid":{"rendered":"http:\/\/serveiseducatius.xtec.cat\/hospitalet\/?page_id=8555"},"modified":"2020-03-02T17:10:59","modified_gmt":"2020-03-02T16:10:59","slug":"maletes-de-lectures","status":"publish","type":"page","link":"https:\/\/serveiseducatius.xtec.cat\/hospitalet\/maletes-de-lectures\/","title":{"rendered":"Maletes de lectures"},"content":{"rendered":"<p>Maletes amb llibres (entre 30 i 40 exemplars cadascuna) pensades per deixar en pr\u00e9stec als centres i\/o complementar la seva biblioteca d&#8217;aula. Contenen diversos llibres: de coneixements, d&#8217;imaginaci\u00f3, c\u00f2mics, \u00e0lbums il\u00b7lustrats, revistes, &#8230;<br \/>\nObjectiu: Fomentar l&#8217;h\u00e0bit lector.<\/p>\n<p><span style=\"color: #993366;\"><strong>El gust per llegir<\/strong><\/span> pot ser tan divers com a lectors hi ha.Cal posar a l&#8217;abast dels nens i nenes, textos de tipologia diversa a fi i efecte de satisfer a tothom.<\/p>\n<p><a href=\"https:\/\/docs.google.com\/document\/d\/1T_AolGUwcKHc4_L2DPjr6EZFG0BA6R33zfHLrLOn9zw\/edit\" target=\"_blank\" rel=\"noopener noreferrer\"><img loading=\"lazy\" decoding=\"async\" class=\"alignnone size-full wp-image-8559\" src=\"http:\/\/serveiseducatius.xtec.cat\/hospitalet\/wp-content\/uploads\/usu542\/2016\/07\/lectures-0-3.jpg\" alt=\"lectures 0-3\" width=\"200\" height=\"190\" \/><\/a>\u00a0 \u00a0<a href=\"https:\/\/docs.google.com\/a\/xtec.cat\/document\/d\/1lMd4_G_kqCAhe0q6D6rKVEkNRcKVIoHy3l5KBrbZ3Rs\/edit\" target=\"_blank\" rel=\"noopener noreferrer\"><img loading=\"lazy\" decoding=\"async\" class=\"alignnone\" src=\"https:\/\/sites.google.com\/a\/xtec.cat\/bibliolh\/_\/rsrc\/1396432320864\/llibres\/maletes-de-lectures\/infantil.jpg?height=200&amp;width=200\" alt=\"https:\/\/docs.google.com\/a\/xtec.cat\/document\/d\/1lMd4_G_kqCAhe0q6D6rKVEkNRcKVIoHy3l5KBrbZ3Rs\/edit\" width=\"200\" height=\"200\" border=\"0\" \/><\/a>\u00a0 \u00a0<a href=\"https:\/\/docs.google.com\/a\/xtec.cat\/document\/d\/1esZnh_C_N_2pT8_rrb71Bwl52i2_39n3M9KPHK2Gaqs\/edit\" target=\"_blank\" rel=\"noopener noreferrer\"><img loading=\"lazy\" decoding=\"async\" class=\"alignnone\" src=\"https:\/\/lh4.googleusercontent.com\/_1sAElYkaA15VyvDaXO4ZzYcLZB84OZq5dR-AXZ6sXUJrkLjs9Ugro0zaKjjqy4-3sXDhVEiAvIJsk3AKalts4J-bfrMmQd-mZgmh4HmKgCEU5PLgUHXOusBBA\" alt=\"https:\/\/docs.google.com\/a\/xtec.cat\/document\/d\/1esZnh_C_N_2pT8_rrb71Bwl52i2_39n3M9KPHK2Gaqs\/edit\" width=\"160\" height=\"200\" border=\"0\" \/><\/a><\/p>\n<div>\n<div>\n<p><span style=\"color: #993366;\"><strong>Temps de lectura <\/strong><span style=\"color: #000000;\">per<\/span><\/span><span style=\"color: #000000;\">\u00a0<\/span>poder desenvolupar la\u00a0lectura aut\u00f2noma silenciosa, de lliure elecci\u00f3.\u00a0Temps per practicar i adquirir habilitats lectores i aprendre conductes habituals dels lectors: avaluar anticipadament els llibres, arriscar-se a seleccionar-los, acostumar-se a abandonar un llibre que defrauda, recomanar i deixar-se recomanar,&#8230;<\/p>\n<\/div>\n<\/div>\n<div><\/div>\n<div><a href=\"https:\/\/docs.google.com\/document\/d\/1j6WOPo-r3sP0mvrnSZdkiMLuwoaUN1rhOVOJXNc-quA\/edit\" target=\"_blank\" rel=\"noopener noreferrer\"><img loading=\"lazy\" decoding=\"async\" class=\"alignnone\" src=\"https:\/\/lh4.googleusercontent.com\/1GUrN6yhhcfBhwsB-42F5EnxbZe0R4BvbQa-8zTRsfZ4zXoOwa2RhINmx9nc8yb9y_jzW5BBfRDWykj2N2cT5wZWUHfCaMBqAKl2Ks8KlYVcEhgNq1XQdyIkqg\" alt=\"https:\/\/docs.google.com\/a\/xtec.cat\/document\/d\/1j6WOPo-r3sP0mvrnSZdkiMLuwoaUN1rhOVOJXNc-quA\/edit\" width=\"184\" height=\"200\" border=\"0\" \/><\/a>\u00a0 \u00a0\u00a0\u00a0<a href=\"https:\/\/docs.google.com\/document\/d\/1pQClSh5QFG5YXgHkLZTKDUVMEkgV7RGm0Vrs8AixHHo\/edit\" target=\"_blank\" rel=\"noopener noreferrer\"><img loading=\"lazy\" decoding=\"async\" class=\"alignnone\" src=\"https:\/\/lh3.googleusercontent.com\/dDt7dhHXCnYxyv_CYTXcWuqtOcj979t5tNlWcZMcPOMe_6IU-XqODNf8UuqolruaxMF7Rj2qdF4ao5oXErRkiJdqD2sBUViKtWNzMn5GeGzPiKXpoJJAkAwFkg\" alt=\"https:\/\/docs.google.com\/a\/xtec.cat\/document\/d\/1pQClSh5QFG5YXgHkLZTKDUVMEkgV7RGm0Vrs8AixHHo\/edit\" width=\"182\" height=\"200\" border=\"0\" \/>\u00a0 \u00a0 \u00a0\u00a0<\/a><a href=\"https:\/\/docs.google.com\/document\/d\/1q5D91NxXCxNTlPC-jBz2cJNwrSq7pl5oVN1rle5XGSc\/edit\" target=\"_blank\" rel=\"noopener noreferrer\"><img loading=\"lazy\" decoding=\"async\" class=\"alignnone\" src=\"https:\/\/lh3.googleusercontent.com\/nKuSI6sNbjKjKxdO0UiCtdy-V0kW48gO40TPKnPlcd4CBBf2CoxwjwveQ75j9noNNDyFLIFCQyXwZ3qmXh9ZY86YAeZZrlwF1aiGEP9INQLdDjhJAOmhAtwObw\" alt=\"https:\/\/docs.google.com\/a\/xtec.cat\/document\/d\/1q5D91NxXCxNTlPC-jBz2cJNwrSq7pl5oVN1rle5XGSc\/edit\" width=\"142\" height=\"200\" border=\"0\" \/><\/a><\/div>\n<div><\/div>\n<div><\/div>\n<div>\n<p><span style=\"color: #993366;\"><strong>Biblioteca d&#8217;aula\u00a0<\/strong><\/span>On es pugui trobar ficci\u00f3 i informaci\u00f3.\u00a0Els alumnes de prim\u00e0ria i tamb\u00e9 alguns instituts, dediquen un temps setmanal dins l&#8217;horari escolar a fer lectura individual. Cada alumne pot triar segons els seus interessos i el seu nivell. \u00c9s una manera de crear l&#8217;h\u00e0bit de lectura i a la vegada de socialitzaci\u00f3 (compartir, respectar la lectura dels altres,&#8230;)<\/p>\n<\/div>\n<p><a href=\"https:\/\/docs.google.com\/document\/d\/1TyrbLBkCEmHFFdJhFeLMwYhW4Zf-1V07wNkJKSuxSO0\/edit\" target=\"_blank\" rel=\"noopener noreferrer\"><img loading=\"lazy\" decoding=\"async\" class=\"alignleft\" src=\"https:\/\/lh6.googleusercontent.com\/dLbOiMl5zpjxBOsN77d4jvq1bwMVZZX42Si72EtHyfbGdnU14dvJNJkxkTHHXQJtDn5eUBLKwB4nOkqlMH6joUdXYum0kizKPylhoQXoK9dnof_wCmSte-zOFg\" alt=\"https:\/\/docs.google.com\/a\/xtec.cat\/document\/d\/1TyrbLBkCEmHFFdJhFeLMwYhW4Zf-1V07wNkJKSuxSO0\/edit\" width=\"200\" height=\"159\" border=\"0\" \/><\/a><\/p>\n<p>&nbsp;<\/p>\n<p><span style=\"color: #993366;\"><strong>Primeres lectures\u00a0<\/strong><\/span>En aquesta maleta reunim llibres que han estat pensats amb una finalitat clarament did\u00e0ctica. Amb l&#8217;objectiu que els nens identifiquin sons, paraules i les primeres frases llegides. Habitualment el text est\u00e0 escrit amb lletra lligada o amb lletra de pal, hi poden haver pictogrames\u2026 S\u00f3n llibres per iniciar-se en la mec\u00e0nica lectora, o en qu\u00e8 les paraules ocupen un espai rellevant.<\/p>\n","protected":false},"excerpt":{"rendered":"<p>Maletes amb llibres (entre 30 i 40 exemplars cadascuna) pensades per deixar en pr\u00e9stec als centres i\/o complementar la seva biblioteca d&#8217;aula. Contenen diversos llibres: de coneixements, d&#8217;imaginaci\u00f3, c\u00f2mics, \u00e0lbums il\u00b7lustrats, revistes, &#8230; Objectiu: Fomentar l&#8217;h\u00e0bit lector. El gust per llegir pot ser tan divers com a lectors hi ha.Cal posar a l&#8217;abast dels nens [&hellip;]<\/p>\n","protected":false},"author":1,"featured_media":0,"parent":0,"menu_order":0,"comment_status":"closed","ping_status":"closed","template":"","meta":{"_bbp_topic_count":0,"_bbp_reply_count":0,"_bbp_total_topic_count":0,"_bbp_total_reply_count":0,"_bbp_voice_count":0,"_bbp_anonymous_reply_count":0,"_bbp_topic_count_hidden":0,"_bbp_reply_count_hidden":0,"_bbp_forum_subforum_count":0,"site-sidebar-layout":"default","site-content-layout":"","ast-site-content-layout":"","site-content-style":"default","site-sidebar-style":"default","ast-global-header-display":"","ast-banner-title-visibility":"","ast-main-header-display":"","ast-hfb-above-header-display":"","ast-hfb-below-header-display":"","ast-hfb-mobile-header-display":"","site-post-title":"","ast-breadcrumbs-content":"","ast-featured-img":"","footer-sml-layout":"","theme-transparent-header-meta":"","adv-header-id-meta":"","stick-header-meta":"","header-above-stick-meta":"","header-main-stick-meta":"","header-below-stick-meta":"","astra-migrate-meta-layouts":"default","ast-page-background-enabled":"default","ast-page-background-meta":{"desktop":{"background-color":"var(--ast-global-color-4)","background-image":"","background-repeat":"repeat","background-position":"center center","background-size":"auto","background-attachment":"scroll","background-type":"","background-media":"","overlay-type":"","overlay-color":"","overlay-opacity":"","overlay-gradient":""},"tablet":{"background-color":"","background-image":"","background-repeat":"repeat","background-position":"center center","background-size":"auto","background-attachment":"scroll","background-type":"","background-media":"","overlay-type":"","overlay-color":"","overlay-opacity":"","overlay-gradient":""},"mobile":{"background-color":"","background-image":"","background-repeat":"repeat","background-position":"center center","background-size":"auto","background-attachment":"scroll","background-type":"","background-media":"","overlay-type":"","overlay-color":"","overlay-opacity":"","overlay-gradient":""}},"ast-content-background-meta":{"desktop":{"background-color":"var(--ast-global-color-5)","background-image":"","background-repeat":"repeat","background-position":"center center","background-size":"auto","background-attachment":"scroll","background-type":"","background-media":"","overlay-type":"","overlay-color":"","overlay-opacity":"","overlay-gradient":""},"tablet":{"background-color":"var(--ast-global-color-5)","background-image":"","background-repeat":"repeat","background-position":"center center","background-size":"auto","background-attachment":"scroll","background-type":"","background-media":"","overlay-type":"","overlay-color":"","overlay-opacity":"","overlay-gradient":""},"mobile":{"background-color":"var(--ast-global-color-5)","background-image":"","background-repeat":"repeat","background-position":"center center","background-size":"auto","background-attachment":"scroll","background-type":"","background-media":"","overlay-type":"","overlay-color":"","overlay-opacity":"","overlay-gradient":""}},"footnotes":""},"class_list":["post-8555","page","type-page","status-publish","hentry"],"post_mailing_queue_ids":[],"_links":{"self":[{"href":"https:\/\/serveiseducatius.xtec.cat\/hospitalet\/wp-json\/wp\/v2\/pages\/8555","targetHints":{"allow":["GET"]}}],"collection":[{"href":"https:\/\/serveiseducatius.xtec.cat\/hospitalet\/wp-json\/wp\/v2\/pages"}],"about":[{"href":"https:\/\/serveiseducatius.xtec.cat\/hospitalet\/wp-json\/wp\/v2\/types\/page"}],"author":[{"embeddable":true,"href":"https:\/\/serveiseducatius.xtec.cat\/hospitalet\/wp-json\/wp\/v2\/users\/1"}],"replies":[{"embeddable":true,"href":"https:\/\/serveiseducatius.xtec.cat\/hospitalet\/wp-json\/wp\/v2\/comments?post=8555"}],"version-history":[{"count":3,"href":"https:\/\/serveiseducatius.xtec.cat\/hospitalet\/wp-json\/wp\/v2\/pages\/8555\/revisions"}],"predecessor-version":[{"id":14039,"href":"https:\/\/serveiseducatius.xtec.cat\/hospitalet\/wp-json\/wp\/v2\/pages\/8555\/revisions\/14039"}],"wp:attachment":[{"href":"https:\/\/serveiseducatius.xtec.cat\/hospitalet\/wp-json\/wp\/v2\/media?parent=8555"}],"curies":[{"name":"wp","href":"https:\/\/api.w.org\/{rel}","templated":true}]}}