{"id":8167,"date":"2016-06-09T12:07:34","date_gmt":"2016-06-09T11:07:34","guid":{"rendered":"http:\/\/serveiseducatius.xtec.cat\/hospitalet\/?page_id=8167"},"modified":"2022-10-26T12:39:48","modified_gmt":"2022-10-26T10:39:48","slug":"centres-deducacio-infantil-primaria-i-secundaria-concertats","status":"publish","type":"page","link":"https:\/\/serveiseducatius.xtec.cat\/hospitalet\/centres-educatius\/centres-deducacio-infantil-primaria-i-secundaria-concertats\/","title":{"rendered":"Centres d&#8217;Educaci\u00f3 Infantil, Prim\u00e0ria i Secund\u00e0ria"},"content":{"rendered":"<div id=\"goog-ws-list-floatingBar\" class=\"goog-scrollfloater\"><\/div>\n<table id=\"goog-ws-list-table\" class=\"sites-table goog-ws-list-table\" style=\"width: 825px;\">\n<tbody>\n<tr class=\"goog-ws-list-tableRow\">\n<td class=\"goog-ws-list-url\" style=\"width: 165px;\" width=\"20%\"><strong>Nom<\/strong><\/td>\n<td class=\"goog-ws-list-url\" style=\"width: 165px;\" width=\"20%\"><strong>Adre\u00e7a<\/strong><\/td>\n<td dir=\"\" style=\"width: 165px;\" width=\"20%\"><strong>Tel\u00e8fon<\/strong><\/td>\n<td dir=\"ltr\" style=\"width: 165px;\" width=\"20%\"><strong>Correu<\/strong><\/td>\n<td dir=\"\" style=\"width: 165px;\" width=\"20%\"><strong>Codi postal\u00a0<\/strong><\/td>\n<\/tr>\n<tr id=\"wuid:gx:5566e2e855b7c180\" class=\"goog-ws-list-tableRow\">\n<td class=\"goog-ws-list-url\" style=\"width: 165px;\" width=\"20%\"><a href=\"http:\/\/alpes.cat\/\" target=\"_blank\" rel=\"noopener noreferrer\">Alpes<\/a><\/td>\n<td class=\"goog-ws-list-url\" style=\"width: 165px;\" width=\"20%\"><a href=\"http:\/\/maps.google.es\/maps?f=q&amp;source=s_q&amp;hl=es&amp;geocode=&amp;q=Riera+de+la+Creu,+85+L%27Hospitalet+de+Llobregat&amp;aq=&amp;sll=41.369047,2.100331&amp;sspn=0.007391,0.008111&amp;ie=UTF8&amp;hq=&amp;hnear=Riera+de+la+Creu,+85,+08901+L%27Hospitalet+de+Llobregat,+Barcelona,+Catalu%C3%B1a&amp;ll=41.363081,2.098442&amp;spn=0.007392,0.008111&amp;z=17\" target=\"_new\" rel=\"noopener noreferrer\">Riera de la Creu, 85<\/a><\/td>\n<td dir=\"\" style=\"width: 165px;\" width=\"20%\">933378340<\/td>\n<td dir=\"ltr\" style=\"width: 165px;\" width=\"20%\">a8018303@xtec.cat<\/td>\n<td dir=\"\" style=\"width: 165px;\" width=\"20%\">08901<\/td>\n<\/tr>\n<tr id=\"wuid:gx:645dcc1acf5d6326\" class=\"goog-ws-list-tableRow\">\n<td class=\"goog-ws-list-url\" style=\"width: 165px;\" width=\"20%\"><a href=\"https:\/\/www.escolacanigo.cat\/\" target=\"_blank\" rel=\"noopener noreferrer\">Canig\u00f3<\/a><\/td>\n<td class=\"goog-ws-list-url\" style=\"width: 165px;\" width=\"20%\"><a href=\"http:\/\/maps.google.es\/maps?f=q&amp;source=s_q&amp;hl=es&amp;geocode=&amp;q=c.+Moss%C3%A8n+Llu%C3%ADs+Pa%C3%B1ella,5+L%27Hospitalet+de+Llobregat&amp;aq=&amp;sll=41.35001,2.101135&amp;sspn=0.946375,1.038208&amp;ie=UTF8&amp;hq=c.+Moss%C3%A8n+Llu%C3%ADs+Pa%C3%B1ella,5+L%27Hospitalet&amp;hnear=R%C3%ADo+Llobregat&amp;ll=41.362751,2.100921&amp;spn=0.007392,0.008111&amp;z=17\" target=\"_new\" rel=\"noopener noreferrer\">c. Moss\u00e8n Llu\u00eds Pa\u00f1ella,5<\/a><\/td>\n<td dir=\"\" style=\"width: 165px;\" width=\"20%\">933389839<\/td>\n<td dir=\"ltr\" style=\"width: 165px;\" width=\"20%\">a8018406@xtec.cat<\/td>\n<td dir=\"\" style=\"width: 165px;\" width=\"20%\">08901<\/td>\n<\/tr>\n<tr id=\"wuid:gx:7b514d36b5221331\" class=\"goog-ws-list-tableRow\">\n<td class=\"goog-ws-list-url\" style=\"width: 165px;\" width=\"20%\"><a href=\"http:\/\/www.xtec.cat\/escmontessori\/\" target=\"_new\" rel=\"noopener noreferrer\">Montessori<\/a><\/td>\n<td class=\"goog-ws-list-url\" style=\"width: 165px;\" width=\"20%\"><a href=\"http:\/\/maps.google.es\/maps?f=q&amp;source=s_q&amp;hl=es&amp;geocode=&amp;q=c.+Mare+de+D%C3%A8u+dels+Desemparats,43+L%27Hospitalet+de+Llobregat&amp;aq=&amp;sll=41.357226,2.118004&amp;sspn=0.007393,0.008111&amp;ie=UTF8&amp;hq=&amp;hnear=Carrer+de+la+Mare+de+D%C3%A9u+dels+Desemparats,+08028+Barcelona,+Catalu%C3%B1a&amp;z=17\" target=\"_new\" rel=\"noopener noreferrer\">c. Mare de D\u00e8u dels Desemparats,43<\/a><\/td>\n<td dir=\"\" style=\"width: 165px;\" width=\"20%\">934496745<\/td>\n<td dir=\"ltr\" style=\"width: 165px;\" width=\"20%\">a8018807@xtec.cat<\/td>\n<td dir=\"\" style=\"width: 165px;\" width=\"20%\">08903<\/td>\n<\/tr>\n<tr id=\"wuid:gx:3f29b06e5f495280\" class=\"goog-ws-list-tableRow\">\n<td class=\"goog-ws-list-url\" style=\"width: 165px;\" width=\"20%\"><a href=\"http:\/\/www2.teclasala.cat\/index.php\" target=\"_new\" rel=\"noopener noreferrer\">C.C. Tecla Sala<\/a><\/td>\n<td class=\"goog-ws-list-url\" style=\"width: 165px;\" width=\"20%\"><a href=\"http:\/\/www2.teclasala.cat\/localitzacio.php\" target=\"_new\" rel=\"noopener noreferrer\">C\/ Tecla Sala 18<\/a><\/td>\n<td dir=\"ltr\" style=\"width: 165px;\" width=\"20%\">933 373 566<\/td>\n<td dir=\"ltr\" style=\"width: 165px;\" width=\"20%\">a8019058@xtec.cat<\/td>\n<td dir=\"\" style=\"width: 165px;\" width=\"20%\">08901<\/td>\n<\/tr>\n<tr id=\"wuid:gx:6ff3bea0a7d781da\" class=\"goog-ws-list-tableRow\">\n<td class=\"goog-ws-list-url\" style=\"width: 165px;\" width=\"20%\"><a href=\"http:\/\/www.jaumebalmes.com\/ca\/\" target=\"_new\" rel=\"noopener noreferrer\">Centre d&#8217;Estudis Jaume Balmes<\/a><\/td>\n<td class=\"goog-ws-list-url\" style=\"width: 165px;\" width=\"20%\"><a href=\"https:\/\/www.google.es\/maps\/place\/Travessia+Industrial,+157,+08907+L'Hospitalet+de+Llobregat,+Barcelona\/@41.3553037,2.1097959,17z\/data=!3m1!4b1!4m2!3m1!1s0x12a498d96eb36e43:0xbf77b028946092e5?hl=es\" target=\"_new\" rel=\"noopener noreferrer\">Travessia Industrial 157-161<\/a><\/td>\n<td dir=\"\" style=\"width: 165px;\" width=\"20%\">933365654<\/td>\n<td dir=\"ltr\" style=\"width: 165px;\" width=\"20%\">a8038867@xtec.cat<\/td>\n<td dir=\"\" style=\"width: 165px;\" width=\"20%\">08907<\/td>\n<\/tr>\n<tr id=\"wuid:gx:63395654db3a1202\" class=\"goog-ws-list-tableRow\">\n<td class=\"goog-ws-list-url\" style=\"width: 165px;\" width=\"20%\"><a href=\"http:\/\/www.j23.fje.edu\/\" target=\"_new\" rel=\"noopener noreferrer\">Jesu\u00eftes de Bellvitge<\/a><\/td>\n<td class=\"goog-ws-list-url\" style=\"width: 165px;\" width=\"20%\"><a href=\"https:\/\/www.google.es\/maps\/place\/Av.+Mare+de+D%C3%A9u+de+Bellvitge,+100,+08907+L'Hospitalet+de+Llobregat,+Barcelona\/@41.3497765,2.1073202,17z\/data=!3m1!4b1!4m2!3m1!1s0x12a498d7b14f33bb:0x687bb56af7311c5f?hl=es\" target=\"_new\" rel=\"noopener noreferrer\">Mare de D\u00e9u de Bellvitge, 100-112<\/a><\/td>\n<td dir=\"\" style=\"width: 165px;\" width=\"20%\">933351543<\/td>\n<td dir=\"ltr\" style=\"width: 165px;\" width=\"20%\">a8018871@xtec.cat<\/td>\n<td dir=\"\" style=\"width: 165px;\" width=\"20%\">08907<\/td>\n<\/tr>\n<tr id=\"wuid:gx:3374ac5e7111110\" class=\"goog-ws-list-tableRow\">\n<td class=\"goog-ws-list-url\" style=\"width: 165px;\" width=\"20%\"><a href=\"http:\/\/www.xtec.cat\/centres\/a8018376\/\" target=\"_new\" rel=\"noopener noreferrer\">Col\u00b7legi la Florida<\/a><\/td>\n<td class=\"goog-ws-list-url\" style=\"width: 165px;\" width=\"20%\"><a href=\"https:\/\/www.google.es\/maps\/place\/Carrer+B%C3%B2biles,+68,+08905+L'Hospitalet+de+Llobregat,+Barcelona\/@41.371451,2.1112986,17z\/data=!3m1!4b1!4m2!3m1!1s0x12a498e4ae293267:0x9a5a0ad51866b2c2?hl=es\" target=\"_new\" rel=\"noopener noreferrer\">Bobiles, 68<\/a><\/td>\n<td dir=\"\" style=\"width: 165px;\" width=\"20%\">934404690<\/td>\n<td dir=\"ltr\" style=\"width: 165px;\" width=\"20%\">a8018376@xtec.cat<\/td>\n<td dir=\"\" style=\"width: 165px;\" width=\"20%\">08905<\/td>\n<\/tr>\n<tr id=\"wuid:gx:36aef9c2135c900e\" class=\"goog-ws-list-tableRow\">\n<td class=\"goog-ws-list-url\" style=\"width: 165px;\" width=\"20%\"><a href=\"http:\/\/www.escolanorai.cat\/\" target=\"_blank\" rel=\"noopener noreferrer\">Escola Norai<\/a><\/td>\n<td class=\"goog-ws-list-url\" style=\"width: 165px;\" width=\"20%\"><a href=\"https:\/\/www.google.es\/maps\/place\/C%2F+Floridablanca,+7-9,+08906+L'Hospitalet+de+Llobregat,+Barcelona\/@41.3747746,2.1038097,17z\/data=!3m1!4b1!4m2!3m1!1s0x12a49902573b802d:0x55343f42d01e5c7c?hl=es\" target=\"_new\" rel=\"noopener noreferrer\">Floridablanca, 7-9<\/a><\/td>\n<td dir=\"\" style=\"width: 165px;\" width=\"20%\">934385327<\/td>\n<td dir=\"ltr\" style=\"width: 165px;\" width=\"20%\">a8018273@xtec.cat<\/td>\n<td dir=\"\" style=\"width: 165px;\" width=\"20%\">08906<\/td>\n<\/tr>\n<tr id=\"wuid:gx:6897f1d0e4eb38e\" class=\"goog-ws-list-tableRow\">\n<td class=\"goog-ws-list-url\" style=\"width: 165px;\" width=\"20%\"><a href=\"http:\/\/www.santjaumefep.org\/\" target=\"_new\" rel=\"noopener noreferrer\">Sant Jaume de la FEP<\/a><\/td>\n<td class=\"goog-ws-list-url\" style=\"width: 165px;\" width=\"20%\"><a href=\"https:\/\/www.google.es\/maps\/place\/Carrer+Santiago+Ap%C3%B2stol,+38,+08903+L'Hospitalet+de+Llobregat,+Barcelona\/@41.3705982,2.1233603,17z\/data=!3m1!4b1!4m2!3m1!1s0x12a498ed73a21471:0xae10a80f02082c7c?hl=es\" target=\"_new\" rel=\"noopener noreferrer\">Santiago Apostol, 38<\/a><\/td>\n<td dir=\"\" style=\"width: 165px;\" width=\"20%\">934497196<\/td>\n<td dir=\"ltr\" style=\"width: 165px;\" width=\"20%\">a8019009@xtec.cat<\/td>\n<td dir=\"\" style=\"width: 165px;\" width=\"20%\">08903<\/td>\n<\/tr>\n<tr id=\"wuid:gx:3a6151b11ccb22c5\" class=\"goog-ws-list-tableRow\">\n<td class=\"goog-ws-list-url\" style=\"width: 165px;\" width=\"20%\"><a href=\"http:\/\/www.stjosep.org\/\" target=\"_new\" rel=\"noopener noreferrer\">Col\u00b7legi Sant Josep Obrer<\/a><\/td>\n<td class=\"goog-ws-list-url\" style=\"width: 165px;\" width=\"20%\"><a href=\"https:\/\/www.google.es\/maps\/place\/Carrer+Covadonga,+08906+L'Hospitalet+de+Llobregat,+Barcelona\/@41.375279,2.1034877,17z\/data=!3m1!4b1!4m2!3m1!1s0x12a49903ba845425:0xec2bb635683ddfe3?hl=ca\" target=\"_new\" rel=\"noopener noreferrer\">Covadonga s\/n<\/a><\/td>\n<td dir=\"\" style=\"width: 165px;\" width=\"20%\">934381745<\/td>\n<td dir=\"ltr\" style=\"width: 165px;\" width=\"20%\">a8018601@xtec.cat<\/td>\n<td dir=\"\" style=\"width: 165px;\" width=\"20%\">08906<\/td>\n<\/tr>\n<tr id=\"wuid:gx:72332a6ba737941e\" class=\"goog-ws-list-tableRow\">\n<td class=\"goog-ws-list-url\" style=\"width: 165px;\" width=\"20%\"><a href=\"http:\/\/escolasantamarta.org\/index.php\" target=\"_new\" rel=\"noopener noreferrer\">Escola Santa Marta<\/a><\/td>\n<td class=\"goog-ws-list-url\" style=\"width: 165px;\" width=\"20%\"><a href=\"https:\/\/www.google.es\/maps\/place\/Carrer+Casanovas,+17,+08901+L'Hospitalet+de+Llobregat,+Barcelona\/@41.3606521,2.1028429,17z\/data=!3m1!4b1!4m2!3m1!1s0x12a49921b64d2c01:0xaf376d9246a8162f?hl=ca\" target=\"_new\" rel=\"noopener noreferrer\">Carrer Casanovas, 17-21<\/a><\/td>\n<td dir=\"\" style=\"width: 165px;\" width=\"20%\">933373469<\/td>\n<td dir=\"ltr\" style=\"width: 165px;\" width=\"20%\">a8036950@xtec.cat<\/td>\n<td dir=\"\" style=\"width: 165px;\" width=\"20%\">08901<\/td>\n<\/tr>\n<tr id=\"wuid:gx:2ea25a66b83a6e41\" class=\"goog-ws-list-tableRow\">\n<td class=\"goog-ws-list-url\" style=\"width: 165px;\" width=\"20%\"><a href=\"http:\/\/www.xaloc.org\/\" target=\"_new\" rel=\"noopener noreferrer\">Col\u00b7legi Xaloc<\/a><\/td>\n<td class=\"goog-ws-list-url\" style=\"width: 165px;\" width=\"20%\"><a href=\"https:\/\/www.google.es\/maps\/place\/Carrer+Can+Tries,+4,+08902+L'Hospitalet+de+Llobregat,+Barcelona\/@41.3556571,2.1212022,17z\/data=!3m1!4b1!4m2!3m1!1s0x12a498c6bb289993:0x6ea8f6a651eb1f87?hl=ca\" target=\"_new\" rel=\"noopener noreferrer\">Can Tries, 4-6<\/a><\/td>\n<td dir=\"\" style=\"width: 165px;\" width=\"20%\">933351600<\/td>\n<td dir=\"ltr\" style=\"width: 165px;\" width=\"20%\">a8018561@xtec.cat<\/td>\n<td dir=\"\" style=\"width: 165px;\" width=\"20%\">08902<\/td>\n<\/tr>\n<tr id=\"wuid:gx:103daf05c3f8d055\" class=\"goog-ws-list-tableRow\">\n<td class=\"goog-ws-list-url\" style=\"width: 165px;\" width=\"20%\"><a href=\"http:\/\/www.cefax.org\/\" target=\"_new\" rel=\"noopener noreferrer\">Centre Educatiu Fax<\/a><\/td>\n<td class=\"goog-ws-list-url\" style=\"width: 165px;\" width=\"20%\"><a href=\"https:\/\/www.google.es\/maps\/place\/Av.+Can+Serra,+105,+08906+L'Hospitalet+de+Llobregat,+Barcelona\/@41.367084,2.1029308,17z\/data=!3m1!4b1!4m2!3m1!1s0x12a4991c29ebc5c5:0x637f30bc288a447b?hl=es\" target=\"_new\" rel=\"noopener noreferrer\">Av. Can Serra, 105<\/a><\/td>\n<td dir=\"\" style=\"width: 165px;\" width=\"20%\">934386104<\/td>\n<td dir=\"ltr\" style=\"width: 165px;\" width=\"20%\">a8018467@xtec.cat<\/td>\n<td dir=\"\" style=\"width: 165px;\" width=\"20%\">08906<\/td>\n<\/tr>\n<tr id=\"wuid:gx:36c59ab3b6e0e6c0\" class=\"goog-ws-list-tableRow\">\n<td class=\"goog-ws-list-url\" style=\"width: 165px;\" width=\"20%\"><a href=\"http:\/\/agora.xtec.cat\/col-enricdosso\/intranet\/\" target=\"_new\" rel=\"noopener noreferrer\">Pare Enric d&#8217;Oss\u00f3<\/a><\/td>\n<td class=\"goog-ws-list-url\" style=\"width: 165px;\" width=\"20%\"><a href=\"http:\/\/maps.google.es\/maps?f=q&amp;source=s_q&amp;hl=es&amp;geocode=&amp;q=av.+Am%C3%A8rica,+5-9+L%27Hospitalet+de+Llobregat&amp;aq=&amp;sll=41.372682,2.125756&amp;sspn=0.007391,0.008111&amp;ie=UTF8&amp;hq=&amp;hnear=Avinguda+d%27Am%C3%A8rica,+9,+08907+L%27Hospitalet+de+Llobregat,+Barcelona,+Catalu%C3%B1a&amp;z=17\" target=\"_new\" rel=\"noopener noreferrer\">av. Am\u00e8rica, 5-9<\/a><\/td>\n<td dir=\"\" style=\"width: 165px;\" width=\"20%\">933352662<\/td>\n<td dir=\"ltr\" style=\"width: 165px;\" width=\"20%\">a8018315@xtec.cat<\/td>\n<td dir=\"\" style=\"width: 165px;\" width=\"20%\">08907<\/td>\n<\/tr>\n<tr id=\"wuid:gx:672954aa37ed6b4c\" class=\"goog-ws-list-tableRow\">\n<td class=\"goog-ws-list-url\" style=\"width: 165px;\" width=\"20%\"><a href=\"http:\/\/www.ccalegre.com\/\" target=\"_new\" rel=\"noopener noreferrer\">Alegre<\/a><\/td>\n<td class=\"goog-ws-list-url\" style=\"width: 165px;\" width=\"20%\"><a href=\"http:\/\/maps.google.es\/maps?f=q&amp;source=s_q&amp;hl=es&amp;geocode=&amp;q=c.+Andorra,+23+L%27Hospitalet+de+Llobregat&amp;aq=&amp;sll=41.369367,2.117739&amp;sspn=0.007391,0.008111&amp;g=ptge.+Oliveres,+26+L%27Hospitalet+de+Llobregat&amp;ie=UTF8&amp;hq=&amp;hnear=Carrer+d%27Andorra,+23,+08906+L%27Hospitalet+de+Llobregat,+Barcelona,+Catalu%C3%B1a&amp;ll=41.369047,2.100331&amp;spn=0.007391,0.008111&amp;z=17\" target=\"_new\" rel=\"noopener noreferrer\">c. Andorra, 23<\/a><\/td>\n<td dir=\"\" style=\"width: 165px;\" width=\"20%\">934376745<\/td>\n<td dir=\"ltr\" style=\"width: 165px;\" width=\"20%\">a8018340@xtec.cat<\/td>\n<td dir=\"\" style=\"width: 165px;\" width=\"20%\">08906<\/td>\n<\/tr>\n<tr id=\"wuid:gx:82c1065f0ed6075\" class=\"goog-ws-list-tableRow\">\n<td class=\"goog-ws-list-url\" style=\"width: 165px;\" width=\"20%\"><a href=\"http:\/\/www.escolabalaguer.com\/\" target=\"_new\" rel=\"noopener noreferrer\">Balaguer<\/a><\/td>\n<td class=\"goog-ws-list-url\" style=\"width: 165px;\" width=\"20%\"><a href=\"http:\/\/maps.google.es\/maps?f=q&amp;source=s_q&amp;hl=es&amp;geocode=&amp;q=av.+del+Nord,+8-10+L%27Hospitalet+de+Llobregat&amp;aq=&amp;sll=41.367784,2.113042&amp;sspn=0.007392,0.008111&amp;ie=UTF8&amp;hq=&amp;hnear=Avinguda+del+Nord,+8,+08905+L%27Hospitalet+de+Llobregat,+Barcelona,+Catalu%C3%B1a&amp;z=17\" target=\"_new\" rel=\"noopener noreferrer\">av. del Nord, 8-10<\/a><\/td>\n<td dir=\"\" style=\"width: 165px;\" width=\"20%\">933334116<\/td>\n<td dir=\"ltr\" style=\"width: 165px;\" width=\"20%\">a8018777@xtec.cat<\/td>\n<td dir=\"\" style=\"width: 165px;\" width=\"20%\">08905<\/td>\n<\/tr>\n<tr id=\"wuid:gx:26953e89afe9eaf9\" class=\"goog-ws-list-tableRow\">\n<td class=\"goog-ws-list-url\" style=\"width: 165px;\" width=\"20%\"><a href=\"http:\/\/www.casaldelsangels.org\/\" target=\"_new\" rel=\"noopener noreferrer\">Casal dels \u00c0ngels<\/a><\/td>\n<td class=\"goog-ws-list-url\" style=\"width: 165px;\" width=\"20%\"><a href=\"http:\/\/maps.google.es\/maps?f=q&amp;amp;source=s_q&amp;amp;hl=es&amp;amp;geocode=&amp;amp;q=c.+Pareto,+37+L%27Hospitalet+de+Llobregat&amp;amp;aq=&amp;amp;sll=41.362751,2.100921&amp;amp;sspn=0.007392,0.008111&amp;amp;ie=UTF8&amp;amp;hq=&amp;amp;hnear=Carrer+Pareto,+37,+08902+L%27Hospitalet+de+Llobregat,+Barcelona,+Catalu%C3%B1a&amp;amp;ll=41.365351,2.127603&amp;amp;spn=0.007392,0.008111&amp;amp;z=17\" target=\"_new\" rel=\"noopener noreferrer\">c. Pareto, 37<\/a><\/td>\n<td dir=\"\" style=\"width: 165px;\" width=\"20%\">933314596<\/td>\n<td dir=\"ltr\" style=\"width: 165px;\" width=\"20%\">a8018352@xtec.cat<\/td>\n<td dir=\"\" style=\"width: 165px;\" width=\"20%\">08902<\/td>\n<\/tr>\n<tr id=\"wuid:gx:21c46f7ee8f4eb9\" class=\"goog-ws-list-tableRow\">\n<td class=\"goog-ws-list-url\" style=\"width: 165px;\" width=\"20%\"><a href=\"http:\/\/www.sgervasi.com\/\" target=\"_new\" rel=\"noopener noreferrer\">Sant Gervasi<\/a><\/td>\n<td class=\"goog-ws-list-url\" style=\"width: 165px;\" width=\"20%\"><a href=\"http:\/\/maps.google.es\/maps?f=q&amp;source=s_q&amp;hl=es&amp;geocode=&amp;q=c.+B%C3%B2biles,+39-41+L%27Hospitalet+de+Llobregat&amp;aq=&amp;sll=41.371424,2.100712&amp;sspn=0.007391,0.008111&amp;ie=UTF8&amp;hq=&amp;hnear=Carrer+de+les+B%C3%B2biles,+39,+08905+L%27Hospitalet+de+Llobregat,+Barcelona,+Catalu%C3%B1a&amp;z=17\" target=\"_new\" rel=\"noopener noreferrer\">c. B\u00f2biles, 39-41<\/a><\/td>\n<td dir=\"\" style=\"width: 165px;\" width=\"20%\">934491777<\/td>\n<td dir=\"ltr\" style=\"width: 165px;\" width=\"20%\">a8018391@xtec.cat<\/td>\n<td dir=\"\" style=\"width: 165px;\" width=\"20%\">08905<\/td>\n<\/tr>\n<tr id=\"wuid:gx:6ea3b6ead5891a6\" class=\"goog-ws-list-tableRow goog-ws-list-row-hover\">\n<td class=\"goog-ws-list-url\" style=\"width: 165px;\" width=\"20%\"><a href=\"http:\/\/www.pineda.es\/\" target=\"_new\" rel=\"noopener noreferrer\">Pineda<\/a><\/td>\n<td class=\"goog-ws-list-url\" style=\"width: 165px;\" width=\"20%\"><a href=\"http:\/\/maps.google.es\/maps?f=q&amp;source=s_q&amp;hl=es&amp;geocode=&amp;q=c.+dels+Joncs,+1+L%27Hospitalet+de+Llobregat&amp;aq=&amp;sll=41.370945,2.111609&amp;sspn=0.007391,0.008111&amp;ie=UTF8&amp;hq=&amp;hnear=Carrer+Joncs,+08902+L%27Hospitalet+de+Llobregat,+Barcelona,+Catalu%C3%B1a&amp;z=17\" target=\"_new\" rel=\"noopener noreferrer\">c. dels Joncs, 1<\/a><\/td>\n<td dir=\"\" style=\"width: 165px;\" width=\"20%\">932637990<\/td>\n<td dir=\"ltr\" style=\"width: 165px;\" width=\"20%\">a8018901@xtec.cat<\/td>\n<td dir=\"\" style=\"width: 165px;\" width=\"20%\">08905<\/td>\n<\/tr>\n<tr id=\"wuid:gx:79f97b64a511745e\" class=\"goog-ws-list-tableRow\">\n<td class=\"goog-ws-list-url\" style=\"width: 165px;\" width=\"20%\"><a href=\"http:\/\/www.xtec.cat\/centres\/a8018339\/\" target=\"_new\" rel=\"noopener noreferrer\">Azorin<\/a><\/td>\n<td class=\"goog-ws-list-url\" style=\"width: 165px;\" width=\"20%\"><a href=\"http:\/\/maps.google.es\/maps?f=q&amp;source=s_q&amp;hl=es&amp;geocode=&amp;q=c.+Anselm+Clav%C3%A9,+6-8+L%27Hospitalet+de+Llobregat&amp;aq=&amp;sll=41.368578,2.13126&amp;sspn=0.007391,0.008111&amp;ie=UTF8&amp;hq=&amp;hnear=Carrer+d%27Anselm+Clav%C3%A9,+6,+08902+L%27Hospitalet+de+Llobregat,+Barcelona,+Catalu%C3%B1a&amp;ll=41.366752,2.126316&amp;spn=0.007392,0.008111&amp;z=17\" target=\"_new\" rel=\"noopener noreferrer\">c. Anselm Clav\u00e9, 6-8<\/a><\/td>\n<td dir=\"\" style=\"width: 165px;\" width=\"20%\">933319997<\/td>\n<td dir=\"ltr\" style=\"width: 165px;\" width=\"20%\">a8018339@xtec.cat<\/td>\n<td dir=\"\" style=\"width: 165px;\" width=\"20%\">08902<\/td>\n<\/tr>\n<tr id=\"wuid:gx:2c81ed2dec2c07c8\" class=\"goog-ws-list-tableRow\">\n<td class=\"goog-ws-list-url\" style=\"width: 165px;\" width=\"20%\"><a href=\"http:\/\/www.xtec.cat\/centres\/a8019150\/\" target=\"_new\" rel=\"noopener noreferrer\">San Jaime<\/a><\/td>\n<td class=\"goog-ws-list-url\" style=\"width: 165px;\" width=\"20%\"><a href=\"http:\/\/maps.google.es\/maps?f=q&amp;source=s_q&amp;hl=es&amp;geocode=&amp;q=av.+Miraflores,+71+L%27Hospitalet+de+Llobregat&amp;aq=&amp;sll=41.366752,2.126316&amp;sspn=0.007392,0.008111&amp;ie=UTF8&amp;hq=&amp;hnear=Avinguda+de+Miraflores,+71,+08905+L%27Hospitalet+de+Llobregat,+Barcelona,+Catalu%C3%B1a&amp;z=17\" target=\"_new\" rel=\"noopener noreferrer\">av. Miraflores, 71<\/a><\/td>\n<td dir=\"\" style=\"width: 165px;\" width=\"20%\">934407929<\/td>\n<td dir=\"ltr\" style=\"width: 165px;\" width=\"20%\">a8019150@xtec.cat<\/td>\n<td dir=\"\" style=\"width: 165px;\" width=\"20%\">08905<\/td>\n<\/tr>\n<tr id=\"wuid:gx:1b8b7489997e9bc1\" class=\"goog-ws-list-tableRow\">\n<td class=\"goog-ws-list-url\" style=\"width: 165px;\" width=\"20%\"><a href=\"http:\/\/web.escolasantfeliu.net\/\" target=\"_blank\" rel=\"noopener noreferrer\">Sanfeliu<\/a><\/td>\n<td class=\"goog-ws-list-url\" style=\"width: 165px;\" width=\"20%\"><a href=\"http:\/\/maps.google.es\/maps?f=q&amp;source=s_q&amp;hl=es&amp;geocode=&amp;q=c.+Cornella,+4+L%27Hospitalet+de+Llobregat&amp;aq=&amp;sll=41.37177,2.108272&amp;sspn=0.007391,0.008111&amp;ie=UTF8&amp;hq=&amp;hnear=Carrer+de+Cornell%C3%A0,+4,+08906+L%27Hospitalet+de+Llobregat,+Barcelona,+Catalu%C3%B1a&amp;z=17\" target=\"_new\" rel=\"noopener noreferrer\">c. Cornella, 4<\/a><\/td>\n<td dir=\"\" style=\"width: 165px;\" width=\"20%\">933377889<\/td>\n<td dir=\"ltr\" style=\"width: 165px;\" width=\"20%\">a8018455@xtec.cat<\/td>\n<td dir=\"\" style=\"width: 165px;\" width=\"20%\">08906<\/td>\n<\/tr>\n<tr id=\"wuid:gx:1378d4aa9d670ede\" class=\"goog-ws-list-tableRow goog-ws-list-row-hover\">\n<td class=\"goog-ws-list-url\" style=\"width: 165px;\" width=\"20%\"><a href=\"http:\/\/www.utmar.cat\/\" target=\"_new\" rel=\"noopener noreferrer\">Utmar<\/a><\/td>\n<td class=\"goog-ws-list-url\" style=\"width: 165px;\" width=\"20%\"><a href=\"http:\/\/maps.google.es\/maps?f=q&amp;source=s_q&amp;hl=es&amp;geocode=&amp;q=c.+Mina,+24+L%27Hospitalet+de+Llobregat&amp;aq=&amp;sll=41.36632,2.088743&amp;sspn=0.007392,0.008111&amp;ie=UTF8&amp;hq=&amp;hnear=Carrer+de+la+Mina,+24,+08906+L%27Hospitalet+de+Llobregat,+Barcelona,+Catalu%C3%B1a&amp;z=17\" target=\"_new\" rel=\"noopener noreferrer\">c. Mina, 24<\/a><\/td>\n<td dir=\"\" style=\"width: 165px;\" width=\"20%\">934370986<\/td>\n<td dir=\"ltr\" style=\"width: 165px;\" width=\"20%\">a8018972@xtec.cat<\/td>\n<td dir=\"\" style=\"width: 165px;\" width=\"20%\">08906<\/td>\n<\/tr>\n<\/tbody>\n<\/table>\n<p>&nbsp;<\/p>\n","protected":false},"excerpt":{"rendered":"<p>Nom Adre\u00e7a Tel\u00e8fon Correu Codi postal\u00a0 Alpes Riera de la Creu, 85 933378340 a8018303@xtec.cat 08901 Canig\u00f3 c. Moss\u00e8n Llu\u00eds Pa\u00f1ella,5 933389839 a8018406@xtec.cat 08901 Montessori c. Mare de D\u00e8u dels Desemparats,43 934496745 a8018807@xtec.cat 08903 C.C. Tecla Sala C\/ Tecla Sala 18 933 373 566 a8019058@xtec.cat 08901 Centre d&#8217;Estudis Jaume Balmes Travessia Industrial 157-161 933365654 a8038867@xtec.cat 08907 [&hellip;]<\/p>\n","protected":false},"author":1,"featured_media":0,"parent":338,"menu_order":100,"comment_status":"closed","ping_status":"closed","template":"","meta":{"_bbp_topic_count":0,"_bbp_reply_count":0,"_bbp_total_topic_count":0,"_bbp_total_reply_count":0,"_bbp_voice_count":0,"_bbp_anonymous_reply_count":0,"_bbp_topic_count_hidden":0,"_bbp_reply_count_hidden":0,"_bbp_forum_subforum_count":0,"site-sidebar-layout":"default","site-content-layout":"","ast-site-content-layout":"","site-content-style":"default","site-sidebar-style":"default","ast-global-header-display":"","ast-banner-title-visibility":"","ast-main-header-display":"","ast-hfb-above-header-display":"","ast-hfb-below-header-display":"","ast-hfb-mobile-header-display":"","site-post-title":"","ast-breadcrumbs-content":"","ast-featured-img":"","footer-sml-layout":"","theme-transparent-header-meta":"","adv-header-id-meta":"","stick-header-meta":"","header-above-stick-meta":"","header-main-stick-meta":"","header-below-stick-meta":"","astra-migrate-meta-layouts":"default","ast-page-background-enabled":"default","ast-page-background-meta":{"desktop":{"background-color":"var(--ast-global-color-4)","background-image":"","background-repeat":"repeat","background-position":"center center","background-size":"auto","background-attachment":"scroll","background-type":"","background-media":"","overlay-type":"","overlay-color":"","overlay-opacity":"","overlay-gradient":""},"tablet":{"background-color":"","background-image":"","background-repeat":"repeat","background-position":"center center","background-size":"auto","background-attachment":"scroll","background-type":"","background-media":"","overlay-type":"","overlay-color":"","overlay-opacity":"","overlay-gradient":""},"mobile":{"background-color":"","background-image":"","background-repeat":"repeat","background-position":"center center","background-size":"auto","background-attachment":"scroll","background-type":"","background-media":"","overlay-type":"","overlay-color":"","overlay-opacity":"","overlay-gradient":""}},"ast-content-background-meta":{"desktop":{"background-color":"var(--ast-global-color-5)","background-image":"","background-repeat":"repeat","background-position":"center center","background-size":"auto","background-attachment":"scroll","background-type":"","background-media":"","overlay-type":"","overlay-color":"","overlay-opacity":"","overlay-gradient":""},"tablet":{"background-color":"var(--ast-global-color-5)","background-image":"","background-repeat":"repeat","background-position":"center center","background-size":"auto","background-attachment":"scroll","background-type":"","background-media":"","overlay-type":"","overlay-color":"","overlay-opacity":"","overlay-gradient":""},"mobile":{"background-color":"var(--ast-global-color-5)","background-image":"","background-repeat":"repeat","background-position":"center center","background-size":"auto","background-attachment":"scroll","background-type":"","background-media":"","overlay-type":"","overlay-color":"","overlay-opacity":"","overlay-gradient":""}},"footnotes":""},"class_list":["post-8167","page","type-page","status-publish","hentry"],"post_mailing_queue_ids":[],"_links":{"self":[{"href":"https:\/\/serveiseducatius.xtec.cat\/hospitalet\/wp-json\/wp\/v2\/pages\/8167","targetHints":{"allow":["GET"]}}],"collection":[{"href":"https:\/\/serveiseducatius.xtec.cat\/hospitalet\/wp-json\/wp\/v2\/pages"}],"about":[{"href":"https:\/\/serveiseducatius.xtec.cat\/hospitalet\/wp-json\/wp\/v2\/types\/page"}],"author":[{"embeddable":true,"href":"https:\/\/serveiseducatius.xtec.cat\/hospitalet\/wp-json\/wp\/v2\/users\/1"}],"replies":[{"embeddable":true,"href":"https:\/\/serveiseducatius.xtec.cat\/hospitalet\/wp-json\/wp\/v2\/comments?post=8167"}],"version-history":[{"count":4,"href":"https:\/\/serveiseducatius.xtec.cat\/hospitalet\/wp-json\/wp\/v2\/pages\/8167\/revisions"}],"predecessor-version":[{"id":18787,"href":"https:\/\/serveiseducatius.xtec.cat\/hospitalet\/wp-json\/wp\/v2\/pages\/8167\/revisions\/18787"}],"up":[{"embeddable":true,"href":"https:\/\/serveiseducatius.xtec.cat\/hospitalet\/wp-json\/wp\/v2\/pages\/338"}],"wp:attachment":[{"href":"https:\/\/serveiseducatius.xtec.cat\/hospitalet\/wp-json\/wp\/v2\/media?parent=8167"}],"curies":[{"name":"wp","href":"https:\/\/api.w.org\/{rel}","templated":true}]}}