{"id":608,"date":"2015-11-27T10:04:51","date_gmt":"2015-11-27T09:04:51","guid":{"rendered":"http:\/\/serveiseducatius.xtec.cat\/hospitalet\/?page_id=608"},"modified":"2025-06-17T10:32:53","modified_gmt":"2025-06-17T08:32:53","slug":"horari-i-calendari","status":"publish","type":"page","link":"https:\/\/serveiseducatius.xtec.cat\/hospitalet\/horari-i-calendari\/","title":{"rendered":"Calendari"},"content":{"rendered":"\n<p>L&#8217;horari d&#8217;atenci\u00f3 del Servei Educatiu \u00e9s de dilluns a divendres de 9.00h a 14.00h i de 15.30h a 17.30h.<\/p>\n\n\n\n<p><span style=\"font-family: inherit; font-size: 1em;\">El nostre servei educatiu romandr\u00e0 tancat al p\u00fablic, a m\u00e9s dels per\u00edodes de vacances escolars i dels dies de festes laborals oficials a Catalunya, els dies de festa local i els de lliure disposici\u00f3, acordats pel Consell Escolar Municipal de l&#8217;Hospitalet de Llobregat<\/span>.<\/p>\n\n\n\n<p><strong>Dies de lliure disposici\u00f3 curs 2024-2025:<\/strong><\/p>\n\n\n\n<ul class=\"wp-block-list\">\n<li>4 novembre 2024<\/li>\n\n\n\n<li>14 febrer 2025<\/li>\n\n\n\n<li>3 mar\u00e7 2025<\/li>\n\n\n\n<li>2 maig de 2025<\/li>\n<\/ul>\n\n\n<div class=\"wp-block-calendar\"><table id=\"wp-calendar\" class=\"wp-calendar-table\">\n\t<caption>abril 2026<\/caption>\n\t<thead>\n\t<tr>\n\t\t<th scope=\"col\" title=\"Dilluns\">Dl<\/th>\n\t\t<th scope=\"col\" title=\"Dimarts\">Dt<\/th>\n\t\t<th scope=\"col\" title=\"Dimecres\">Dc<\/th>\n\t\t<th scope=\"col\" title=\"Dijous\">Dj<\/th>\n\t\t<th scope=\"col\" title=\"Divendres\">Dv<\/th>\n\t\t<th scope=\"col\" title=\"Dissabte\">Ds<\/th>\n\t\t<th scope=\"col\" title=\"Diumenge\">Dg<\/th>\n\t<\/tr>\n\t<\/thead>\n\t<tbody>\n\t<tr>\n\t\t<td colspan=\"2\" class=\"pad\">&nbsp;<\/td><td>1<\/td><td>2<\/td><td>3<\/td><td>4<\/td><td>5<\/td>\n\t<\/tr>\n\t<tr>\n\t\t<td>6<\/td><td><a href=\"https:\/\/serveiseducatius.xtec.cat\/hospitalet\/2026\/04\/07\/\" aria-label=\"Articles publicats el 7 de April de 2026\">7<\/a><\/td><td><a href=\"https:\/\/serveiseducatius.xtec.cat\/hospitalet\/2026\/04\/08\/\" aria-label=\"Articles publicats el 8 de April de 2026\">8<\/a><\/td><td><a href=\"https:\/\/serveiseducatius.xtec.cat\/hospitalet\/2026\/04\/09\/\" aria-label=\"Articles publicats el 9 de April de 2026\">9<\/a><\/td><td id=\"today\"><a href=\"https:\/\/serveiseducatius.xtec.cat\/hospitalet\/2026\/04\/10\/\" aria-label=\"Articles publicats el 10 de April de 2026\">10<\/a><\/td><td>11<\/td><td>12<\/td>\n\t<\/tr>\n\t<tr>\n\t\t<td>13<\/td><td>14<\/td><td>15<\/td><td>16<\/td><td>17<\/td><td>18<\/td><td>19<\/td>\n\t<\/tr>\n\t<tr>\n\t\t<td>20<\/td><td>21<\/td><td>22<\/td><td>23<\/td><td>24<\/td><td>25<\/td><td>26<\/td>\n\t<\/tr>\n\t<tr>\n\t\t<td>27<\/td><td>28<\/td><td>29<\/td><td>30<\/td>\n\t\t<td class=\"pad\" colspan=\"3\">&nbsp;<\/td>\n\t<\/tr>\n\t<\/tbody>\n\t<\/table><nav aria-label=\"Mesos anteriors i posteriors\" class=\"wp-calendar-nav\">\n\t\t<span class=\"wp-calendar-nav-prev\"><a href=\"https:\/\/serveiseducatius.xtec.cat\/hospitalet\/2026\/03\/\">&laquo; mar\u00e7<\/a><\/span>\n\t\t<span class=\"pad\">&nbsp;<\/span>\n\t\t<span class=\"wp-calendar-nav-next\">&nbsp;<\/span>\n\t<\/nav><\/div>\n\n\n<figure class=\"wp-block-table\"><table><tbody><tr><td><strong>Servei Educatiu<\/strong><\/td><td>se-hospitalet@xtec.cat<\/td><td>932602950<\/td><\/tr><tr><td><strong>CRP&nbsp; &nbsp;<\/strong><\/td><td>crp-hospitalet@xtec.cat<\/td><td>932602960<\/td><\/tr><tr><td><strong>EAP<\/strong><\/td><td>eap-hospitalet@xtec.cat<\/td><td>932602961<\/td><\/tr><tr><td><strong>ELIC<\/strong><\/td><td>elic-hospitalet@xtec.cat<\/td><td><\/td><\/tr><tr><td><strong>CREDA<\/strong><\/td><td>a8910009@xtec.cat<\/td><td><\/td><\/tr><\/tbody><\/table><\/figure>\n\n\n\n<p>&nbsp; &nbsp;&nbsp; &nbsp;<strong>&nbsp;&nbsp;<\/strong><\/p>\n","protected":false},"excerpt":{"rendered":"<p>L&#8217;horari d&#8217;atenci\u00f3 del Servei Educatiu \u00e9s de dilluns a divendres de 9.00h a 14.00h i de 15.30h a 17.30h. El nostre servei educatiu romandr\u00e0 tancat al p\u00fablic, a m\u00e9s dels per\u00edodes de vacances escolars i dels dies de festes laborals oficials a Catalunya, els dies de festa local i els de lliure disposici\u00f3, acordats pel [&hellip;]<\/p>\n","protected":false},"author":1,"featured_media":0,"parent":0,"menu_order":30,"comment_status":"closed","ping_status":"closed","template":"","meta":{"_bbp_topic_count":0,"_bbp_reply_count":0,"_bbp_total_topic_count":0,"_bbp_total_reply_count":0,"_bbp_voice_count":0,"_bbp_anonymous_reply_count":0,"_bbp_topic_count_hidden":0,"_bbp_reply_count_hidden":0,"_bbp_forum_subforum_count":0,"site-sidebar-layout":"default","site-content-layout":"","ast-site-content-layout":"default","site-content-style":"default","site-sidebar-style":"default","ast-global-header-display":"","ast-banner-title-visibility":"","ast-main-header-display":"","ast-hfb-above-header-display":"","ast-hfb-below-header-display":"","ast-hfb-mobile-header-display":"","site-post-title":"","ast-breadcrumbs-content":"","ast-featured-img":"","footer-sml-layout":"","theme-transparent-header-meta":"","adv-header-id-meta":"","stick-header-meta":"","header-above-stick-meta":"","header-main-stick-meta":"","header-below-stick-meta":"","astra-migrate-meta-layouts":"set","ast-page-background-enabled":"default","ast-page-background-meta":{"desktop":{"background-color":"var(--ast-global-color-4)","background-image":"","background-repeat":"repeat","background-position":"center center","background-size":"auto","background-attachment":"scroll","background-type":"","background-media":"","overlay-type":"","overlay-color":"","overlay-opacity":"","overlay-gradient":""},"tablet":{"background-color":"","background-image":"","background-repeat":"repeat","background-position":"center center","background-size":"auto","background-attachment":"scroll","background-type":"","background-media":"","overlay-type":"","overlay-color":"","overlay-opacity":"","overlay-gradient":""},"mobile":{"background-color":"","background-image":"","background-repeat":"repeat","background-position":"center center","background-size":"auto","background-attachment":"scroll","background-type":"","background-media":"","overlay-type":"","overlay-color":"","overlay-opacity":"","overlay-gradient":""}},"ast-content-background-meta":{"desktop":{"background-color":"var(--ast-global-color-5)","background-image":"","background-repeat":"repeat","background-position":"center center","background-size":"auto","background-attachment":"scroll","background-type":"","background-media":"","overlay-type":"","overlay-color":"","overlay-opacity":"","overlay-gradient":""},"tablet":{"background-color":"var(--ast-global-color-5)","background-image":"","background-repeat":"repeat","background-position":"center center","background-size":"auto","background-attachment":"scroll","background-type":"","background-media":"","overlay-type":"","overlay-color":"","overlay-opacity":"","overlay-gradient":""},"mobile":{"background-color":"var(--ast-global-color-5)","background-image":"","background-repeat":"repeat","background-position":"center center","background-size":"auto","background-attachment":"scroll","background-type":"","background-media":"","overlay-type":"","overlay-color":"","overlay-opacity":"","overlay-gradient":""}},"footnotes":""},"class_list":["post-608","page","type-page","status-publish","hentry"],"post_mailing_queue_ids":[],"_links":{"self":[{"href":"https:\/\/serveiseducatius.xtec.cat\/hospitalet\/wp-json\/wp\/v2\/pages\/608","targetHints":{"allow":["GET"]}}],"collection":[{"href":"https:\/\/serveiseducatius.xtec.cat\/hospitalet\/wp-json\/wp\/v2\/pages"}],"about":[{"href":"https:\/\/serveiseducatius.xtec.cat\/hospitalet\/wp-json\/wp\/v2\/types\/page"}],"author":[{"embeddable":true,"href":"https:\/\/serveiseducatius.xtec.cat\/hospitalet\/wp-json\/wp\/v2\/users\/1"}],"replies":[{"embeddable":true,"href":"https:\/\/serveiseducatius.xtec.cat\/hospitalet\/wp-json\/wp\/v2\/comments?post=608"}],"version-history":[{"count":6,"href":"https:\/\/serveiseducatius.xtec.cat\/hospitalet\/wp-json\/wp\/v2\/pages\/608\/revisions"}],"predecessor-version":[{"id":22794,"href":"https:\/\/serveiseducatius.xtec.cat\/hospitalet\/wp-json\/wp\/v2\/pages\/608\/revisions\/22794"}],"wp:attachment":[{"href":"https:\/\/serveiseducatius.xtec.cat\/hospitalet\/wp-json\/wp\/v2\/media?parent=608"}],"curies":[{"name":"wp","href":"https:\/\/api.w.org\/{rel}","templated":true}]}}