{"id":426,"date":"2019-04-23T09:00:57","date_gmt":"2019-04-23T07:00:57","guid":{"rendered":"http:\/\/serveiseducatius.xtec.cat\/hospitalet\/?page_id=426"},"modified":"2019-05-09T09:36:59","modified_gmt":"2019-05-09T07:36:59","slug":"deteccio-necessitats","status":"publish","type":"page","link":"https:\/\/serveiseducatius.xtec.cat\/hospitalet\/modalitats_formacio\/deteccio-necessitats\/","title":{"rendered":"Detecci\u00f3 de necessitats formaci\u00f3 curs 2019-20"},"content":{"rendered":"<p><a href=\"http:\/\/serveiseducatius.xtec.cat\/hospitalet\/wp-content\/uploads\/usu542\/2016\/07\/PFZRGB200.jpg\"><img loading=\"lazy\" decoding=\"async\" class=\"size-full wp-image-8631 alignleft\" src=\"http:\/\/serveiseducatius.xtec.cat\/hospitalet\/wp-content\/uploads\/usu542\/2016\/07\/PFZRGB200.jpg\" alt=\"PFZ(RGB)200\" width=\"200\" height=\"165\" \/><\/a><span style=\"color: #993366;\"><strong>Iniciem el proc\u00e9s de detecci\u00f3 de necessitats formatives de la zona<\/strong><\/span> i elaboraci\u00f3 de les propostes de formaci\u00f3 \u00a0per al curs vinent per tal de de poder programar les activitats de formaci\u00f3 del professorat que conformaran el Pla de Formaci\u00f3 de Zona de l&#8217;Hospitalet per al curs 2019 -2020<\/p>\n<p><strong><span style=\"color: #993366;\">Calendari<\/span>:<\/strong>\u00a023 d&#8217;abril al 27 de maig 2019<\/p>\n<p><span style=\"color: #993366;\"><strong>Reuni\u00f3 de la Comissi\u00f3 PFZ<\/strong><\/span>: dia 30 de maig 2019<\/p>\n<table style=\"border-collapse: collapse; width: 78.2767%; height: 83px;\" border=\"1\">\n<tbody>\n<tr>\n<td style=\"width: 50%;\"><strong>Informaci\u00f3 sobre les modalitats de formaci\u00f3<\/strong><\/td>\n<td style=\"width: 50%; text-align: center;\"><strong>Formularis<\/strong><\/td>\n<\/tr>\n<tr>\n<td style=\"width: 50%;\"><a href=\"https:\/\/drive.google.com\/file\/d\/1KZlLXyxphnogKfRc6_KPMTBs5b41_gWJ\/view?usp=sharing\" target=\"_blank\" rel=\"noopener noreferrer\">Formaci\u00f3 en centre i per a centres<\/a><\/td>\n<td style=\"width: 50%; text-align: center;\">\n<h5><a href=\"https:\/\/forms.gle\/E9hoR9jjg6T1TcvCA\" target=\"_blank\" rel=\"noopener\"><span style=\"color: #0000ff;\"><strong>Full de\u00a0sol\u00b7licitud\u00a0<\/strong><\/span><\/a><\/h5>\n<\/td>\n<\/tr>\n<tr>\n<td style=\"width: 50%;\"><a href=\"https:\/\/drive.google.com\/file\/d\/1e34KC8jR20MRNJe-OinDLF7KPop0NWxB\/view\" target=\"_blank\" rel=\"noopener\">Formaci\u00f3 individual<\/a><\/td>\n<td style=\"width: 50%; text-align: center;\"><a href=\"https:\/\/forms.gle\/B2zknU1DYyh6y5eA6\" target=\"_blank\" rel=\"noopener\">Formulari detecci\u00f3<\/a><\/td>\n<\/tr>\n<\/tbody>\n<\/table>\n","protected":false},"excerpt":{"rendered":"<p>Iniciem el proc\u00e9s de detecci\u00f3 de necessitats formatives de la zona i elaboraci\u00f3 de les propostes de formaci\u00f3 \u00a0per al curs vinent per tal de de poder programar les activitats de formaci\u00f3 del professorat que conformaran el Pla de Formaci\u00f3 de Zona de l&#8217;Hospitalet per al curs 2019 -2020 Calendari:\u00a023 d&#8217;abril al 27 de maig [&hellip;]<\/p>\n","protected":false},"author":1,"featured_media":0,"parent":416,"menu_order":70,"comment_status":"closed","ping_status":"closed","template":"page-templates\/side-menu.php","meta":{"_bbp_topic_count":0,"_bbp_reply_count":0,"_bbp_total_topic_count":0,"_bbp_total_reply_count":0,"_bbp_voice_count":0,"_bbp_anonymous_reply_count":0,"_bbp_topic_count_hidden":0,"_bbp_reply_count_hidden":0,"_bbp_forum_subforum_count":0,"site-sidebar-layout":"default","site-content-layout":"","ast-site-content-layout":"","site-content-style":"default","site-sidebar-style":"default","ast-global-header-display":"","ast-banner-title-visibility":"","ast-main-header-display":"","ast-hfb-above-header-display":"","ast-hfb-below-header-display":"","ast-hfb-mobile-header-display":"","site-post-title":"","ast-breadcrumbs-content":"","ast-featured-img":"","footer-sml-layout":"","theme-transparent-header-meta":"","adv-header-id-meta":"","stick-header-meta":"","header-above-stick-meta":"","header-main-stick-meta":"","header-below-stick-meta":"","astra-migrate-meta-layouts":"default","ast-page-background-enabled":"default","ast-page-background-meta":{"desktop":{"background-color":"var(--ast-global-color-4)","background-image":"","background-repeat":"repeat","background-position":"center center","background-size":"auto","background-attachment":"scroll","background-type":"","background-media":"","overlay-type":"","overlay-color":"","overlay-opacity":"","overlay-gradient":""},"tablet":{"background-color":"","background-image":"","background-repeat":"repeat","background-position":"center center","background-size":"auto","background-attachment":"scroll","background-type":"","background-media":"","overlay-type":"","overlay-color":"","overlay-opacity":"","overlay-gradient":""},"mobile":{"background-color":"","background-image":"","background-repeat":"repeat","background-position":"center center","background-size":"auto","background-attachment":"scroll","background-type":"","background-media":"","overlay-type":"","overlay-color":"","overlay-opacity":"","overlay-gradient":""}},"ast-content-background-meta":{"desktop":{"background-color":"var(--ast-global-color-5)","background-image":"","background-repeat":"repeat","background-position":"center center","background-size":"auto","background-attachment":"scroll","background-type":"","background-media":"","overlay-type":"","overlay-color":"","overlay-opacity":"","overlay-gradient":""},"tablet":{"background-color":"var(--ast-global-color-5)","background-image":"","background-repeat":"repeat","background-position":"center center","background-size":"auto","background-attachment":"scroll","background-type":"","background-media":"","overlay-type":"","overlay-color":"","overlay-opacity":"","overlay-gradient":""},"mobile":{"background-color":"var(--ast-global-color-5)","background-image":"","background-repeat":"repeat","background-position":"center center","background-size":"auto","background-attachment":"scroll","background-type":"","background-media":"","overlay-type":"","overlay-color":"","overlay-opacity":"","overlay-gradient":""}},"footnotes":""},"class_list":["post-426","page","type-page","status-publish","hentry"],"post_mailing_queue_ids":[],"_links":{"self":[{"href":"https:\/\/serveiseducatius.xtec.cat\/hospitalet\/wp-json\/wp\/v2\/pages\/426","targetHints":{"allow":["GET"]}}],"collection":[{"href":"https:\/\/serveiseducatius.xtec.cat\/hospitalet\/wp-json\/wp\/v2\/pages"}],"about":[{"href":"https:\/\/serveiseducatius.xtec.cat\/hospitalet\/wp-json\/wp\/v2\/types\/page"}],"author":[{"embeddable":true,"href":"https:\/\/serveiseducatius.xtec.cat\/hospitalet\/wp-json\/wp\/v2\/users\/1"}],"replies":[{"embeddable":true,"href":"https:\/\/serveiseducatius.xtec.cat\/hospitalet\/wp-json\/wp\/v2\/comments?post=426"}],"version-history":[{"count":4,"href":"https:\/\/serveiseducatius.xtec.cat\/hospitalet\/wp-json\/wp\/v2\/pages\/426\/revisions"}],"predecessor-version":[{"id":1178,"href":"https:\/\/serveiseducatius.xtec.cat\/hospitalet\/wp-json\/wp\/v2\/pages\/426\/revisions\/1178"}],"up":[{"embeddable":true,"href":"https:\/\/serveiseducatius.xtec.cat\/hospitalet\/wp-json\/wp\/v2\/pages\/416"}],"wp:attachment":[{"href":"https:\/\/serveiseducatius.xtec.cat\/hospitalet\/wp-json\/wp\/v2\/media?parent=426"}],"curies":[{"name":"wp","href":"https:\/\/api.w.org\/{rel}","templated":true}]}}