{"id":416,"date":"2015-11-25T15:58:53","date_gmt":"2015-11-25T14:58:53","guid":{"rendered":"http:\/\/serveiseducatius.xtec.cat\/hospitalet\/?page_id=416"},"modified":"2025-06-16T13:36:54","modified_gmt":"2025-06-16T11:36:54","slug":"modalitats_formacio","status":"publish","type":"page","link":"https:\/\/serveiseducatius.xtec.cat\/hospitalet\/modalitats_formacio\/","title":{"rendered":"Modalitats formaci\u00f3 en centre"},"content":{"rendered":"\n<p>Les modalitats de formaci\u00f3 en centre s\u00f3n:<\/p>\n\n\n\n<div class=\"wp-block-getwid-accordion has-icon-left\" data-active-element=\"none\">\n<div class=\"wp-block-getwid-accordion__header-wrapper\"><span class=\"wp-block-getwid-accordion__header\"><a href=\"#\"><span class=\"wp-block-getwid-accordion__header-title\"><strong>Assessorament en centre<\/strong><\/span><span class=\"wp-block-getwid-accordion__icon is-active\"><i class=\"fas fa-plus\"><\/i><\/span><span class=\"wp-block-getwid-accordion__icon is-passive\"><i class=\"fas fa-minus\"><\/i><\/span><\/a><\/span><\/div><div class=\"wp-block-getwid-accordion__content-wrapper\"><div class=\"wp-block-getwid-accordion__content\">\n<p><span style=\"font-weight: 400;\">Modalitat formativa liderada per l\u2019equip directiu amb intervenci\u00f3 d\u2019un professional, generalment extern. <\/span><span style=\"font-size: revert; background-color: rgba(0, 0, 0, 0);\">S\u2019adre\u00e7a a la majoria del claustre (80%) o a un col\u00b7lectiu d\u2019un centre. <\/span><\/p>\n\n\n\n<ul class=\"wp-block-list\">\n<li><span style=\"font-weight: 400;\">Presencial, semipresencial (s\u00edncron, mixt, o as\u00edncron), en l\u00ednia (s\u00edncron o mixt)<\/span><\/li>\n\n\n\n<li>T\u00e9 una durada no inferior a 20 hores, de les quals almenys la meitat han de ser amb la persona formadora.&nbsp;<\/li>\n<\/ul>\n<\/div><\/div>\n\n\n\n<div class=\"wp-block-getwid-accordion__header-wrapper\"><span class=\"wp-block-getwid-accordion__header\"><a href=\"#\"><span class=\"wp-block-getwid-accordion__header-title\"><strong>Taller a centre<\/strong><\/span><span class=\"wp-block-getwid-accordion__icon is-active\"><i class=\"fas fa-plus\"><\/i><\/span><span class=\"wp-block-getwid-accordion__icon is-passive\"><i class=\"fas fa-minus\"><\/i><\/span><\/a><\/span><\/div><div class=\"wp-block-getwid-accordion__content-wrapper\"><div class=\"wp-block-getwid-accordion__content\">\n<p><span style=\"font-weight: 400;\">Modalitat formativa de car\u00e0cter concret i pr\u00e0ctic orientada a la millora d\u2019alguna compet\u00e8ncia professional del professorat de la majoria del claustre (80%) o a un col\u00b7lectiu d\u2019un centre.<\/span><\/p>\n\n\n\n<ul class=\"wp-block-list\">\n<li>Presencial , semipresencial (s\u00edncron, mixt o as\u00edncron), en l\u00ednia (s\u00edncron, mixt)<\/li>\n\n\n\n<li>\u00c9s liderat i dinamitzat per un equip de coordinaci\u00f3 format per tres persones del centre entre les quals almenys una \u00e9s de l\u2019equip directiu.<\/li>\n\n\n\n<li>Com a m\u00ednim un ter\u00e7 de les hores del taller han de correspondre a tasques planificades, individuals o col\u00b7lectives, en relaci\u00f3 amb l\u2019aprofitament i la transfer\u00e8ncia immediata a l\u2019aula o al centre.<\/li>\n<\/ul>\n<\/div><\/div>\n\n\n\n<div class=\"wp-block-getwid-accordion__header-wrapper\"><span class=\"wp-block-getwid-accordion__header\"><a href=\"#\"><span class=\"wp-block-getwid-accordion__header-title\"><strong>Formaci\u00f3 interna de centre (FIC)<\/strong><\/span><span class=\"wp-block-getwid-accordion__icon is-active\"><i class=\"fas fa-plus\"><\/i><\/span><span class=\"wp-block-getwid-accordion__icon is-passive\"><i class=\"fas fa-minus\"><\/i><\/span><\/a><\/span><\/div><div class=\"wp-block-getwid-accordion__content-wrapper\"><div class=\"wp-block-getwid-accordion__content\">\n<p>Modalitat formativa que t\u00e9 lloc dins de cada centre educatiu, que s\u2019adre\u00e7a a la majoria del claustre o a un col\u00b7lectiu d\u2019un centre.&nbsp;<\/p>\n\n\n\n<p>L\u2019equip de coordinaci\u00f3 del centre \u00e9s qui lidera i dinamitza la FIC, i ha d\u2019incloure, com a m\u00ednim, una persona de l\u2019equip directiu. El nombre total de membres d\u2019aquest equip s\u2019ajusta al nombre de participants a la formaci\u00f3.<\/p>\n\n\n\n<p>El proc\u00e9s formatiu contempla 4 fases i requereix el comprom\u00eds del centre de transferir a l\u2019aula el resultat de la formaci\u00f3 i de recollir en la documentaci\u00f3 del centre els acords fruit de l\u2019avaluaci\u00f3 d\u2019aquesta formaci\u00f3.<\/p>\n\n\n\n<p>Hi ha FIC d&#8217;itineraris guiats i d&#8217;altres d&#8217;itineraris propis.<\/p>\n\n\n\n<p>Per a m\u00e9s informaci\u00f3, consulteu <a href=\"https:\/\/xtec.gencat.cat\/.content\/alfresco\/d\/d\/workspace\/SpacesStore\/0082\/c7032522-12f5-436e-971b-3ad68a3dac19\/organitzacio_fic.pdf\" data-type=\"link\" data-id=\"https:\/\/xtec.gencat.cat\/.content\/alfresco\/d\/d\/workspace\/SpacesStore\/0082\/c7032522-12f5-436e-971b-3ad68a3dac19\/organitzacio_fic.pdf\">aquest enlla\u00e7<\/a><\/p>\n\n\n\n<ol class=\"wp-block-list\">\n<li><\/li>\n<\/ol>\n<\/div><\/div>\n\n\n\n<div class=\"wp-block-getwid-accordion__header-wrapper\"><span class=\"wp-block-getwid-accordion__header\"><a href=\"#\"><span class=\"wp-block-getwid-accordion__header-title\"><strong><strong>Visita formativa a centre<\/strong><\/strong><\/span><span class=\"wp-block-getwid-accordion__icon is-active\"><i class=\"fas fa-plus\"><\/i><\/span><span class=\"wp-block-getwid-accordion__icon is-passive\"><i class=\"fas fa-minus\"><\/i><\/span><\/a><\/span><\/div><div class=\"wp-block-getwid-accordion__content-wrapper\"><div class=\"wp-block-getwid-accordion__content\">\n<p>Modalitat formativa de car\u00e0cter concret i pr\u00e0ctic orientada a promoure un proc\u00e9s de reflexi\u00f3 sobre la pr\u00f2pia pr\u00e0ctica a partir de con\u00e8ixer i compartir experi\u00e8ncies d\u2019\u00e8xit o de bones pr\u00e0ctiques consolidades.<\/p>\n\n\n\n<p>Ha d\u2019implicar l\u2019equip docent i ha de conduir a la millora d\u2019algun aspecte metodol\u00f2gic, organitzatiu o de relaci\u00f3 amb l\u2019entorn.<\/p>\n\n\n\n<ol class=\"wp-block-list\">\n<li><\/li>\n<\/ol>\n\n\n\n<ul class=\"wp-block-list\">\n<li>Requereix la sol\u00b7licitud al CRP de refer\u00e8ncia en el moment de la detecci\u00f3 de necessitats en el Pla de Formaci\u00f3 de Zona.<\/li>\n\n\n\n<li>Requereix el comprom\u00eds del centre en formaci\u00f3 de transferir el resultat de l\u2019estada i de recollir en la documentaci\u00f3 del centre les propostes d\u2019acci\u00f3 i els acords fruit de la formaci\u00f3.<\/li>\n<\/ul>\n<\/div><\/div>\n<\/div>\n\n\n\n<p><\/p>\n\n\n\n<p><\/p>\n","protected":false},"excerpt":{"rendered":"<p>Les modalitats de formaci\u00f3 en centre s\u00f3n:<\/p>\n","protected":false},"author":1,"featured_media":0,"parent":0,"menu_order":0,"comment_status":"closed","ping_status":"closed","template":"","meta":{"_bbp_topic_count":0,"_bbp_reply_count":0,"_bbp_total_topic_count":0,"_bbp_total_reply_count":0,"_bbp_voice_count":0,"_bbp_anonymous_reply_count":0,"_bbp_topic_count_hidden":0,"_bbp_reply_count_hidden":0,"_bbp_forum_subforum_count":0,"site-sidebar-layout":"default","site-content-layout":"","ast-site-content-layout":"default","site-content-style":"default","site-sidebar-style":"default","ast-global-header-display":"","ast-banner-title-visibility":"","ast-main-header-display":"","ast-hfb-above-header-display":"","ast-hfb-below-header-display":"","ast-hfb-mobile-header-display":"","site-post-title":"","ast-breadcrumbs-content":"","ast-featured-img":"","footer-sml-layout":"","theme-transparent-header-meta":"","adv-header-id-meta":"","stick-header-meta":"","header-above-stick-meta":"","header-main-stick-meta":"","header-below-stick-meta":"","astra-migrate-meta-layouts":"set","ast-page-background-enabled":"default","ast-page-background-meta":{"desktop":{"background-color":"var(--ast-global-color-4)","background-image":"","background-repeat":"repeat","background-position":"center center","background-size":"auto","background-attachment":"scroll","background-type":"","background-media":"","overlay-type":"","overlay-color":"","overlay-opacity":"","overlay-gradient":""},"tablet":{"background-color":"","background-image":"","background-repeat":"repeat","background-position":"center center","background-size":"auto","background-attachment":"scroll","background-type":"","background-media":"","overlay-type":"","overlay-color":"","overlay-opacity":"","overlay-gradient":""},"mobile":{"background-color":"","background-image":"","background-repeat":"repeat","background-position":"center center","background-size":"auto","background-attachment":"scroll","background-type":"","background-media":"","overlay-type":"","overlay-color":"","overlay-opacity":"","overlay-gradient":""}},"ast-content-background-meta":{"desktop":{"background-color":"var(--ast-global-color-5)","background-image":"","background-repeat":"repeat","background-position":"center center","background-size":"auto","background-attachment":"scroll","background-type":"","background-media":"","overlay-type":"","overlay-color":"","overlay-opacity":"","overlay-gradient":""},"tablet":{"background-color":"var(--ast-global-color-5)","background-image":"","background-repeat":"repeat","background-position":"center center","background-size":"auto","background-attachment":"scroll","background-type":"","background-media":"","overlay-type":"","overlay-color":"","overlay-opacity":"","overlay-gradient":""},"mobile":{"background-color":"var(--ast-global-color-5)","background-image":"","background-repeat":"repeat","background-position":"center center","background-size":"auto","background-attachment":"scroll","background-type":"","background-media":"","overlay-type":"","overlay-color":"","overlay-opacity":"","overlay-gradient":""}},"footnotes":""},"class_list":["post-416","page","type-page","status-publish","hentry"],"post_mailing_queue_ids":[],"_links":{"self":[{"href":"https:\/\/serveiseducatius.xtec.cat\/hospitalet\/wp-json\/wp\/v2\/pages\/416","targetHints":{"allow":["GET"]}}],"collection":[{"href":"https:\/\/serveiseducatius.xtec.cat\/hospitalet\/wp-json\/wp\/v2\/pages"}],"about":[{"href":"https:\/\/serveiseducatius.xtec.cat\/hospitalet\/wp-json\/wp\/v2\/types\/page"}],"author":[{"embeddable":true,"href":"https:\/\/serveiseducatius.xtec.cat\/hospitalet\/wp-json\/wp\/v2\/users\/1"}],"replies":[{"embeddable":true,"href":"https:\/\/serveiseducatius.xtec.cat\/hospitalet\/wp-json\/wp\/v2\/comments?post=416"}],"version-history":[{"count":6,"href":"https:\/\/serveiseducatius.xtec.cat\/hospitalet\/wp-json\/wp\/v2\/pages\/416\/revisions"}],"predecessor-version":[{"id":22779,"href":"https:\/\/serveiseducatius.xtec.cat\/hospitalet\/wp-json\/wp\/v2\/pages\/416\/revisions\/22779"}],"wp:attachment":[{"href":"https:\/\/serveiseducatius.xtec.cat\/hospitalet\/wp-json\/wp\/v2\/media?parent=416"}],"curies":[{"name":"wp","href":"https:\/\/api.w.org\/{rel}","templated":true}]}}