{"id":391,"date":"2015-11-25T14:31:04","date_gmt":"2015-11-25T13:31:04","guid":{"rendered":"http:\/\/serveiseducatius.xtec.cat\/hospitalet\/?page_id=391"},"modified":"2019-03-12T13:01:48","modified_gmt":"2019-03-12T12:01:48","slug":"educacio-especial","status":"publish","type":"page","link":"https:\/\/serveiseducatius.xtec.cat\/hospitalet\/centres-educatius\/educacio-especial\/","title":{"rendered":"Centre d&#8217;educaci\u00f3 especial, d&#8217;adults i altres tipologies"},"content":{"rendered":"<p><a href=\"https:\/\/www.google.com\/maps\/d\/u\/0\/edit?mid=1Bvi4CTdIpVT5xauN9ZgPM9iHGW2ZPA1U&amp;ll=41.36118890108527%2C2.096034391916419&amp;z=15\" target=\"_blank\" rel=\"noopener\"><img loading=\"lazy\" decoding=\"async\" class=\"aligncenter wp-image-13254\" src=\"https:\/\/serveiseducatius.xtec.cat\/hospitalet\/wp-content\/uploads\/usu542\/2019\/03\/Captura-2-300x258.png\" alt=\"\" width=\"470\" height=\"404\" srcset=\"https:\/\/serveiseducatius.xtec.cat\/hospitalet\/wp-content\/uploads\/usu542\/2019\/03\/Captura-2-300x258.png 300w, https:\/\/serveiseducatius.xtec.cat\/hospitalet\/wp-content\/uploads\/usu542\/2019\/03\/Captura-2-768x661.png 768w, https:\/\/serveiseducatius.xtec.cat\/hospitalet\/wp-content\/uploads\/usu542\/2019\/03\/Captura-2-1024x881.png 1024w, https:\/\/serveiseducatius.xtec.cat\/hospitalet\/wp-content\/uploads\/usu542\/2019\/03\/Captura-2.png 1026w\" sizes=\"auto, (max-width: 470px) 100vw, 470px\" \/><\/a><\/p>\n<table id=\"goog-ws-list-table\" class=\"sites-table goog-ws-list-table\">\n<tbody>\n<tr class=\"goog-ws-list-tableRow goog-ws-list-row-hover\">\n<td class=\"goog-ws-list-url\" width=\"20%\"><strong>Nom<\/strong><\/td>\n<td class=\"goog-ws-list-url\" width=\"20%\"><strong>Adre\u00e7a<\/strong><\/td>\n<td dir=\"\" width=\"20%\"><strong>Tel\u00e8fon<\/strong><\/td>\n<td dir=\"ltr\" width=\"20%\"><strong>Correu<\/strong><\/td>\n<td dir=\"\" width=\"20%\"><strong>Codi postal<\/strong><\/td>\n<\/tr>\n<tr id=\"wuid:gx:47fe74e73bc8de29\" class=\"goog-ws-list-tableRow goog-ws-list-row-hover\">\n<td class=\"goog-ws-list-url\" width=\"20%\"><a href=\"https:\/\/agora.xtec.cat\/ceelestelcanbori\/\" target=\"_new\">Centre d&#8217;Educaci\u00f3 Especial. L&#8217;Estel Can Bori<\/a><\/td>\n<td class=\"goog-ws-list-url\" width=\"20%\"><a href=\"http:\/\/maps.google.es\/maps?f=q&amp;source=s_q&amp;hl=es&amp;geocode=&amp;q=c.+Bellavista,+32+L%27Hospitalet+de+Llobregat&amp;aq=&amp;sll=40.396764,-3.713379&amp;sspn=15.749199,17.29248&amp;ie=UTF8&amp;hq=&amp;hnear=Carrer+de+Bellavista,+32,+08901+L%27Hospitalet+de+Llobregat,+Barcelona,+Catalu%C3%B1a&amp;t=h&amp;z=17\" target=\"_new\">carrer Bellavista, 32<\/a><\/td>\n<td dir=\"\" width=\"20%\">932612164<\/td>\n<td dir=\"ltr\" width=\"20%\">a8044223@xtec.cat<\/td>\n<td dir=\"\" width=\"20%\">08901<\/td>\n<\/tr>\n<\/tbody>\n<\/table>\n<h5><\/h5>\n<table id=\"goog-ws-list-table\" class=\"sites-table goog-ws-list-table\">\n<tbody>\n<tr class=\"goog-ws-list-tableRow\">\n<td class=\"goog-ws-list-url\" width=\"20%\">Nom<\/td>\n<td class=\"goog-ws-list-url\" width=\"20%\">Adre\u00e7a<\/td>\n<td dir=\"\" width=\"20%\">Tel\u00e8fon<\/td>\n<td dir=\"ltr\" width=\"20%\">Correu<\/td>\n<td dir=\"\" width=\"20%\">Codi postal<\/td>\n<\/tr>\n<tr id=\"wuid:gx:453d003c3bcd5eb6\" class=\"goog-ws-list-tableRow\">\n<td class=\"goog-ws-list-url\" width=\"20%\"><a href=\"http:\/\/www.xtec.cat\/eoi-hospitalet\/\" target=\"_new\">Escola Oficial d&#8217;Idiomes de L&#8217;Hospitalet de Llobregat<\/a><\/td>\n<td class=\"goog-ws-list-url\" width=\"20%\"><a href=\"http:\/\/maps.google.es\/maps?f=q&amp;source=s_q&amp;hl=es&amp;geocode=&amp;q=c.+Oriental,+21+L%27Hospitalet+de+Llobregat&amp;aq=&amp;sll=40.396764,-3.713379&amp;sspn=15.749199,17.29248&amp;ie=UTF8&amp;hq=&amp;hnear=Carrer+Oriental,+21,+08906+L%27Hospitalet+de+Llobregat,+Barcelona,+Catalu%C3%B1a&amp;t=h&amp;z=17\" target=\"_new\">carrer Oriental, 21<\/a><\/td>\n<td dir=\"\" width=\"20%\">934383017<\/td>\n<td dir=\"ltr\" width=\"20%\">a8044582@xtec.cat<\/td>\n<td dir=\"\" width=\"20%\">08906<\/td>\n<\/tr>\n<tr id=\"wuid:gx:7c019812bed3bfcd\" class=\"goog-ws-list-tableRow\">\n<td class=\"goog-ws-list-url\" width=\"20%\"><a href=\"http:\/\/www.serraiabella.cat\/\" target=\"_new\">Escola Superio d&#8217;Art i Disseny. Josep Serra i Abella<\/a><\/td>\n<td class=\"goog-ws-list-url\" width=\"20%\"><a href=\"http:\/\/maps.google.es\/maps?f=q&amp;source=s_q&amp;hl=es&amp;geocode=&amp;q=c.+Jerusalem,+2B+L%27Hospitalet+de+Llobregat&amp;aq=&amp;sll=41.361349,2.103592&amp;sspn=0.007586,0.008444&amp;ie=UTF8&amp;hq=&amp;hnear=Carrer+de+Jerusalem,+2,+08902+L%27Hospitalet+de+Llobregat,+Barcelona,+Catalu%C3%B1a&amp;t=h&amp;z=17\" target=\"_new\">carrer Jerusalem, 2B<\/a><\/td>\n<td dir=\"\" width=\"20%\">933366810<\/td>\n<td dir=\"ltr\" width=\"20%\">a8044077@xtec.cat<\/td>\n<td dir=\"\" width=\"20%\">08902<\/td>\n<\/tr>\n<tr id=\"wuid:gx:4bdf163cf4dbe5e5\" class=\"goog-ws-list-tableRow\">\n<td class=\"goog-ws-list-url\" width=\"20%\"><a href=\"http:\/\/www.centredelesartsl-h.cat\/\" target=\"_new\">Escola Municipal de M\u00fasica. Centre de les Arts<\/a><\/td>\n<td class=\"goog-ws-list-url\" width=\"20%\"><a href=\"https:\/\/www.google.es\/maps\/place\/Av.+Vilanova,+32,+08902+L'Hospitalet+de+Llobregat,+Barcelona\/@41.3543579,2.1159009,17z\/data=!3m1!4b1!4m2!3m1!1s0x12a498c529f70d6d:0x163d9431843c83e7\" target=\"_new\">Avinguda Vilanova, 32<\/a><\/td>\n<td dir=\"\" width=\"20%\">932612587<\/td>\n<td dir=\"ltr\" width=\"20%\">emusica.arts@l-h.cat<\/td>\n<td dir=\"\" width=\"20%\">08902<\/td>\n<\/tr>\n<tr id=\"wuid:gx:30193addc0d82278\" class=\"goog-ws-list-tableRow goog-ws-list-row-hover\">\n<td class=\"goog-ws-list-url\" width=\"20%\"><a href=\"https:\/\/www.cpnl.cat\/xarxa\/cnllhospitalet\/\" target=\"_new\">Centre de Normalitzaci\u00f3 Ling\u00fc\u00edstica de l&#8217;Hospitalet<\/a><\/td>\n<td class=\"goog-ws-list-url\" width=\"20%\"><a href=\"https:\/\/www.google.es\/webhp?sourceid=chrome-instant&amp;ion=1&amp;espv=2&amp;ie=UTF-8#safe=strict&amp;q=C.+Mare+de+D%C3%A9u+de+la+Merc%C3%A8,+20,+3r\" target=\"_new\">Carrer Mare de D\u00e9u de la Merc\u00e8, 20, 3r<\/a><\/td>\n<td dir=\"\" width=\"20%\">934406570<\/td>\n<td dir=\"ltr\" width=\"20%\">lhospitalet@cpnl.cat<\/td>\n<td dir=\"\" width=\"20%\">08901<\/td>\n<\/tr>\n<\/tbody>\n<\/table>\n<div id=\"goog-ws-list-floatingBar\" class=\"goog-scrollfloater\"><\/div>\n<table id=\"goog-ws-list-table\" class=\"sites-table goog-ws-list-table\" style=\"height: 538px;\" width=\"1093\">\n<tbody>\n<tr class=\"goog-ws-list-tableRow\" style=\"height: 64px;\">\n<td class=\"goog-ws-list-url\" style=\"width: 216px; height: 64px;\">Nom<\/td>\n<td class=\"goog-ws-list-url\" style=\"width: 216px; height: 64px;\">Adre\u00e7a<\/td>\n<td dir=\"\" style=\"width: 216px; height: 64px;\">Tel\u00e8fon<\/td>\n<td dir=\"ltr\" style=\"width: 216px; height: 64px;\">Correu<\/td>\n<td dir=\"\" style=\"width: 215px; height: 64px;\">Codi postal<\/td>\n<\/tr>\n<tr>\n<td style=\"width: 216px;\"><a style=\"color: #2795b6;\" href=\"https:\/\/agora.xtec.cat\/cfagornal\/\" target=\"_new\">Centre de Formaci\u00f3 d&#8217;Adults Bellvitge<\/a><\/td>\n<td style=\"width: 216px;\"><a style=\"color: #2795b6;\" href=\"http:\/\/maps.google.es\/maps?f=q&amp;amp;source=s_q&amp;amp;hl=es&amp;amp;geocode=&amp;amp;q=c.+Ermita,+40+1r+L%27Hospitalet+de+Llobregat&amp;amp;aq=&amp;amp;sll=41.348458,2.110001&amp;amp;sspn=0.007587,0.008444&amp;amp;ie=UTF8&amp;amp;hq=&amp;amp;hnear=Carrer+de+l%27Ermita+de+Bellvitge,+40,+08907+L%27Hospitalet+de+Llobregat,+Barcelona,+Catalu%C3%B1a&amp;amp;t=h&amp;amp;z=17\" target=\"_new\">Carrer Ermita, 40 1r<\/a><\/td>\n<td style=\"width: 216px;\">933365458<\/td>\n<td style=\"width: 216px;\">a8057953@xtec.cat<\/td>\n<td style=\"width: 215px;\">08907<\/td>\n<\/tr>\n<tr id=\"wuid:gx:552a60e57fab0eb8\" class=\"goog-ws-list-tableRow\" style=\"height: 64px;\">\n<td class=\"goog-ws-list-url\" style=\"width: 216px; height: 64px;\"><a style=\"color: #2795b6;\" href=\"https:\/\/agora.xtec.cat\/cfacanserra\/\" target=\"_new\">Centre de Formaci\u00f3 d&#8217;Adults Can Serra<\/a><\/td>\n<td class=\"goog-ws-list-url\" style=\"width: 216px; height: 64px;\"><a style=\"color: #2795b6;\" href=\"http:\/\/maps.google.es\/maps?f=q&amp;source=s_q&amp;hl=es&amp;geocode=&amp;q=c.+Andorra,+12-14+L%27Hospitalet+de+Llobregat&amp;aq=&amp;sll=40.396764,-3.713379&amp;sspn=15.749199,17.29248&amp;ie=UTF8&amp;hq=&amp;hnear=Carrer+d%27Andorra,+12,+08906+L%27Hospitalet+de+Llobregat,+Barcelona,+Catalu%C3%B1a&amp;t=h&amp;z=17\" target=\"_new\">Carrer Andorra, 12-14<\/a><\/td>\n<td dir=\"\" style=\"width: 216px; height: 64px;\">934384061<\/td>\n<td dir=\"ltr\" style=\"width: 216px; height: 64px;\">a8057965@xtec.cat<\/td>\n<td dir=\"\" style=\"width: 215px; height: 64px;\">08906<\/td>\n<\/tr>\n<tr id=\"wuid:gx:4a3777fb5d56cc63\" class=\"goog-ws-list-tableRow\" style=\"height: 65px;\">\n<td class=\"goog-ws-list-url\" style=\"width: 216px; height: 65px;\"><a href=\"https:\/\/agora.xtec.cat\/cfacatalonia\/\" target=\"_blank\" rel=\"noopener\">Centre de Formaci\u00f3 d&#8217;Adults. Catal\u00f2nia.<\/a><\/td>\n<td class=\"goog-ws-list-url\" style=\"width: 216px; height: 65px;\"><a href=\"https:\/\/www.google.com\/maps\/place\/CFA+Catal%C3%B2nia\/@41.3620152,2.1310227,17.5z\/data=!4m5!3m4!1s0x0:0xe003f4969f0a9312!8m2!3d41.3619762!4d2.130083\" target=\"_blank\" rel=\"noopener\"><span class=\"street-address\">Carrer Transversal, 2-4<\/span><\/a><\/td>\n<td dir=\"\" style=\"width: 216px; height: 65px;\">934228260<\/td>\n<td dir=\"ltr\" style=\"width: 216px; height: 65px;\">a8057874<span style=\"background-color: #ffffff;\">@xtec.cat<\/span><\/td>\n<td dir=\"\" style=\"width: 215px; height: 65px;\">08902<\/td>\n<\/tr>\n<tr id=\"wuid:gx:253896d286ae9606\" class=\"goog-ws-list-tableRow\" style=\"height: 65px;\">\n<td class=\"goog-ws-list-url\" style=\"width: 216px; height: 65px;\"><a href=\"https:\/\/agora.xtec.cat\/cfagornal\/\" target=\"_new\">Centre de Formaci\u00f3 d&#8217;Adults El Gornal<\/a><\/td>\n<td class=\"goog-ws-list-url\" style=\"width: 216px; height: 65px;\"><a href=\"http:\/\/maps.google.es\/maps?f=q&amp;source=s_q&amp;hl=es&amp;geocode=&amp;q=rbla.+Carmen+Amaya,+s%2Fn+L%27Hospitalet+de+Llobregat&amp;aq=&amp;sll=41.369439,2.100022&amp;sspn=0.007585,0.008444&amp;ie=UTF8&amp;hq=&amp;hnear=Avinguda+de+Carmen+Amaya,+L%27Hospitalet+de+Llobregat,+Barcelona,+Catalu%C3%B1a&amp;t=h&amp;z=16\" target=\"_new\">Rambla Carmen Amaya, s\/n<\/a><\/td>\n<td dir=\"\" style=\"width: 216px; height: 65px;\">932633808<\/td>\n<td dir=\"ltr\" style=\"width: 216px; height: 65px;\">a8057679@xtec.cat<\/td>\n<td dir=\"\" style=\"width: 215px; height: 65px;\">08902<\/td>\n<\/tr>\n<tr>\n<td style=\"width: 216px;\"><a style=\"color: #2795b6;\" href=\"https:\/\/sites.google.com\/a\/xtec.cat\/cfasanfeliu\/\" target=\"_new\">Centre de Formaci\u00f3 d&#8217;Adults Sanfeliu<\/a><\/td>\n<td style=\"width: 216px;\"><a style=\"color: #2795b6;\" href=\"http:\/\/maps.google.es\/maps?f=q&amp;source=s_q&amp;hl=es&amp;geocode=&amp;q=c.+Estronci,+24-26+L%27Hospitalet+de+Llobregat&amp;aq=&amp;sll=41.358479,2.12314&amp;sspn=0.007586,0.008444&amp;ie=UTF8&amp;hq=&amp;hnear=Carrer+de+l%27Estronci,+24,+08906+L%27Hospitalet+de+Llobregat,+Barcelona,+Catalu%C3%B1a&amp;t=h&amp;z=17\" target=\"_new\">Carrer Estronci, 24-26<\/a><\/td>\n<td style=\"width: 216px;\">933377149<\/td>\n<td style=\"width: 216px;\">a8062110@xtec.cat<\/td>\n<td style=\"width: 215px;\">08906<\/td>\n<\/tr>\n<tr>\n<td style=\"width: 216px;\"><a style=\"color: #2795b6;\" href=\"https:\/\/agora.xtec.cat\/cfasantjosep\/\" target=\"_new\">Centre de Formaci\u00f3 d&#8217;Adults Sant Josep<\/a><\/td>\n<td style=\"width: 216px;\"><a style=\"color: #2795b6;\" href=\"http:\/\/maps.google.es\/maps?f=q&amp;source=s_q&amp;hl=es&amp;geocode=&amp;q=c.+Mare+de+D%C3%A9u+de+la+Merc%C3%A8,+20+L%27Hospitalet+de+Llobregat&amp;aq=&amp;sll=41.355647,2.117212&amp;sspn=0.015172,0.016887&amp;ie=UTF8&amp;hq=&amp;hnear=Carrer+de+la+Mare+de+D%C3%A9u+de+la+Merc%C3%A8,+20,+08901+L%27Hospitalet+de+Llobregat,+Barcelona,+Catalu%C3%B1a&amp;t=h&amp;z=17\" target=\"_new\">Carrer Mare de D\u00e9u de la Merc\u00e8, 20<\/a><\/td>\n<td style=\"width: 216px;\">933372488<\/td>\n<td style=\"width: 216px;\">a8062481@xtec.cat<\/td>\n<td style=\"width: 215px;\">08901<\/td>\n<\/tr>\n<tr>\n<td style=\"width: 216px;\"><a style=\"color: #2795b6;\" href=\"https:\/\/agora.xtec.cat\/cfasantramon\/\" target=\"_new\">Centre de Formaci\u00f3 d&#8217;Adults Sant Ramon<\/a><\/td>\n<td style=\"width: 216px;\"><a style=\"color: #2795b6;\" href=\"http:\/\/maps.google.es\/maps?f=q&amp;source=s_q&amp;hl=es&amp;geocode=&amp;q=ptge.+Amat,+5-7+L%27Hospitalet+de+Llobregat&amp;aq=&amp;sll=41.362316,2.112406&amp;sspn=0.007585,0.008444&amp;ie=UTF8&amp;hq=&amp;hnear=Passatge+de+Amat,+5,+08904+L%27Hospitalet+de+Llobregat,+Barcelona,+Catalu%C3%B1a&amp;t=h&amp;z=17\" target=\"_new\">Passatge Amat, 5-7<\/a><\/td>\n<td style=\"width: 216px;\">933341851<\/td>\n<td style=\"width: 216px;\">a8062493@xtec.cat<\/td>\n<td style=\"width: 215px;\">08904<\/td>\n<\/tr>\n<\/tbody>\n<\/table>\n","protected":false},"excerpt":{"rendered":"<p>Nom Adre\u00e7a Tel\u00e8fon Correu Codi postal Centre d&#8217;Educaci\u00f3 Especial. L&#8217;Estel Can Bori carrer Bellavista, 32 932612164 a8044223@xtec.cat 08901 Nom Adre\u00e7a Tel\u00e8fon Correu Codi postal Escola Oficial d&#8217;Idiomes de L&#8217;Hospitalet de Llobregat carrer Oriental, 21 934383017 a8044582@xtec.cat 08906 Escola Superio d&#8217;Art i Disseny. Josep Serra i Abella carrer Jerusalem, 2B 933366810 a8044077@xtec.cat 08902 Escola Municipal de [&hellip;]<\/p>\n","protected":false},"author":1,"featured_media":0,"parent":338,"menu_order":50,"comment_status":"closed","ping_status":"closed","template":"","meta":{"_bbp_topic_count":0,"_bbp_reply_count":0,"_bbp_total_topic_count":0,"_bbp_total_reply_count":0,"_bbp_voice_count":0,"_bbp_anonymous_reply_count":0,"_bbp_topic_count_hidden":0,"_bbp_reply_count_hidden":0,"_bbp_forum_subforum_count":0,"site-sidebar-layout":"default","site-content-layout":"","ast-site-content-layout":"","site-content-style":"default","site-sidebar-style":"default","ast-global-header-display":"","ast-banner-title-visibility":"","ast-main-header-display":"","ast-hfb-above-header-display":"","ast-hfb-below-header-display":"","ast-hfb-mobile-header-display":"","site-post-title":"","ast-breadcrumbs-content":"","ast-featured-img":"","footer-sml-layout":"","theme-transparent-header-meta":"","adv-header-id-meta":"","stick-header-meta":"","header-above-stick-meta":"","header-main-stick-meta":"","header-below-stick-meta":"","astra-migrate-meta-layouts":"default","ast-page-background-enabled":"default","ast-page-background-meta":{"desktop":{"background-color":"var(--ast-global-color-4)","background-image":"","background-repeat":"repeat","background-position":"center center","background-size":"auto","background-attachment":"scroll","background-type":"","background-media":"","overlay-type":"","overlay-color":"","overlay-opacity":"","overlay-gradient":""},"tablet":{"background-color":"","background-image":"","background-repeat":"repeat","background-position":"center center","background-size":"auto","background-attachment":"scroll","background-type":"","background-media":"","overlay-type":"","overlay-color":"","overlay-opacity":"","overlay-gradient":""},"mobile":{"background-color":"","background-image":"","background-repeat":"repeat","background-position":"center center","background-size":"auto","background-attachment":"scroll","background-type":"","background-media":"","overlay-type":"","overlay-color":"","overlay-opacity":"","overlay-gradient":""}},"ast-content-background-meta":{"desktop":{"background-color":"var(--ast-global-color-5)","background-image":"","background-repeat":"repeat","background-position":"center center","background-size":"auto","background-attachment":"scroll","background-type":"","background-media":"","overlay-type":"","overlay-color":"","overlay-opacity":"","overlay-gradient":""},"tablet":{"background-color":"var(--ast-global-color-5)","background-image":"","background-repeat":"repeat","background-position":"center center","background-size":"auto","background-attachment":"scroll","background-type":"","background-media":"","overlay-type":"","overlay-color":"","overlay-opacity":"","overlay-gradient":""},"mobile":{"background-color":"var(--ast-global-color-5)","background-image":"","background-repeat":"repeat","background-position":"center center","background-size":"auto","background-attachment":"scroll","background-type":"","background-media":"","overlay-type":"","overlay-color":"","overlay-opacity":"","overlay-gradient":""}},"footnotes":""},"class_list":["post-391","page","type-page","status-publish","hentry"],"post_mailing_queue_ids":[],"_links":{"self":[{"href":"https:\/\/serveiseducatius.xtec.cat\/hospitalet\/wp-json\/wp\/v2\/pages\/391","targetHints":{"allow":["GET"]}}],"collection":[{"href":"https:\/\/serveiseducatius.xtec.cat\/hospitalet\/wp-json\/wp\/v2\/pages"}],"about":[{"href":"https:\/\/serveiseducatius.xtec.cat\/hospitalet\/wp-json\/wp\/v2\/types\/page"}],"author":[{"embeddable":true,"href":"https:\/\/serveiseducatius.xtec.cat\/hospitalet\/wp-json\/wp\/v2\/users\/1"}],"replies":[{"embeddable":true,"href":"https:\/\/serveiseducatius.xtec.cat\/hospitalet\/wp-json\/wp\/v2\/comments?post=391"}],"version-history":[{"count":3,"href":"https:\/\/serveiseducatius.xtec.cat\/hospitalet\/wp-json\/wp\/v2\/pages\/391\/revisions"}],"predecessor-version":[{"id":13258,"href":"https:\/\/serveiseducatius.xtec.cat\/hospitalet\/wp-json\/wp\/v2\/pages\/391\/revisions\/13258"}],"up":[{"embeddable":true,"href":"https:\/\/serveiseducatius.xtec.cat\/hospitalet\/wp-json\/wp\/v2\/pages\/338"}],"wp:attachment":[{"href":"https:\/\/serveiseducatius.xtec.cat\/hospitalet\/wp-json\/wp\/v2\/media?parent=391"}],"curies":[{"name":"wp","href":"https:\/\/api.w.org\/{rel}","templated":true}]}}