{"id":385,"date":"2015-11-25T14:26:15","date_gmt":"2015-11-25T13:26:15","guid":{"rendered":"http:\/\/serveiseducatius.xtec.cat\/hospitalet\/?page_id=385"},"modified":"2022-10-26T12:38:09","modified_gmt":"2022-10-26T10:38:09","slug":"ensenyament-secundari-batxillerat-i-formacio-professional","status":"publish","type":"page","link":"https:\/\/serveiseducatius.xtec.cat\/hospitalet\/centres-educatius\/ensenyament-secundari-batxillerat-i-formacio-professional\/","title":{"rendered":"Ensenyament P\u00fablic Secundari: ESO, Batxillerats i Cicles Formatius."},"content":{"rendered":"<p><a href=\"https:\/\/www.google.com\/maps\/d\/u\/0\/edit?mid=1AAxi2XoP6j2cvAbDZfpExRuVXYCjAPHt&amp;ll=41.36414780734888%2C2.109332285787218&amp;z=15\"><img loading=\"lazy\" decoding=\"async\" class=\"wp-image-13198 aligncenter\" src=\"https:\/\/serveiseducatius.xtec.cat\/hospitalet\/wp-content\/uploads\/usu542\/2019\/03\/Captura-300x221.png\" alt=\"\" width=\"555\" height=\"409\" srcset=\"https:\/\/serveiseducatius.xtec.cat\/hospitalet\/wp-content\/uploads\/usu542\/2019\/03\/Captura-300x221.png 300w, https:\/\/serveiseducatius.xtec.cat\/hospitalet\/wp-content\/uploads\/usu542\/2019\/03\/Captura-768x566.png 768w, https:\/\/serveiseducatius.xtec.cat\/hospitalet\/wp-content\/uploads\/usu542\/2019\/03\/Captura-1024x755.png 1024w, https:\/\/serveiseducatius.xtec.cat\/hospitalet\/wp-content\/uploads\/usu542\/2019\/03\/Captura.png 1051w\" sizes=\"auto, (max-width: 555px) 100vw, 555px\" \/><\/a><\/p>\n<div id=\"goog-ws-list-floatingBar\" class=\"goog-scrollfloater\"><\/div>\n<table id=\"goog-ws-list-table\" class=\"sites-table goog-ws-list-table\" style=\"width: 956px; height: 705px;\">\n<tbody>\n<tr class=\"goog-ws-list-tableRow\" style=\"height: 31px;\">\n<td class=\"goog-ws-list-url\" style=\"width: 199px; height: 31px;\"><strong>Nom<\/strong><\/td>\n<td class=\"goog-ws-list-url\" style=\"width: 322px; height: 31px;\"><strong>Adre\u00e7a<\/strong><\/td>\n<td dir=\"\" style=\"width: 98px; height: 31px;\"><strong>Tel\u00e8fon<\/strong><\/td>\n<td dir=\"ltr\" style=\"width: 202px; height: 31px;\"><strong>Correu<\/strong><\/td>\n<td dir=\"\" style=\"width: 121px; height: 31px;\"><strong>Codi postal<\/strong><\/td>\n<\/tr>\n<tr id=\"wuid:gx:ea608eea6ee6777\" class=\"goog-ws-list-tableRow\" style=\"height: 31px;\">\n<td class=\"goog-ws-list-url\" style=\"width: 199px; height: 31px;\"><a href=\"http:\/\/apellesmestres.cat\/\" target=\"_blank\" rel=\"noopener noreferrer\">Institut Apel\u00b7les Mestres<\/a><\/td>\n<td class=\"goog-ws-list-url\" style=\"width: 322px; height: 31px;\"><a href=\"http:\/\/maps.google.es\/maps?f=q&amp;source=s_q&amp;hl=es&amp;geocode=&amp;q=c.+Zuloaga,+s%2Fn+l%27Hospitalet+de+Llobregat&amp;aq=&amp;sll=40.396764,-3.713379&amp;sspn=15.749199,14.414063&amp;ie=UTF8&amp;hq=&amp;hnear=Carrer+de+Zuloaga,+08906+L%27Hospitalet+de+Llobregat,+Barcelona,+Catalu%C3%B1a&amp;t=h&amp;z=17\" target=\"_new\" rel=\"noopener\">Carrer Zuloaga, s\/n<\/a><\/td>\n<td dir=\"\" style=\"width: 98px; height: 31px;\">933374358<\/td>\n<td dir=\"ltr\" style=\"width: 202px; height: 31px;\">a8035258@xtec.cat<\/td>\n<td dir=\"\" style=\"width: 121px; height: 31px;\">08906<\/td>\n<\/tr>\n<tr id=\"wuid:gx:246a051d7e94702f\" class=\"goog-ws-list-tableRow\" style=\"height: 31px;\">\n<td class=\"goog-ws-list-url\" style=\"width: 199px; height: 31px;\"><a href=\"http:\/\/www.ibellvitge.net\/\" target=\"_blank\" rel=\"noopener noreferrer\">Institut Bellvitge<\/a><\/td>\n<td class=\"goog-ws-list-url\" style=\"width: 322px; height: 31px;\"><a href=\"http:\/\/maps.google.es\/maps?f=q&amp;source=s_q&amp;hl=es&amp;geocode=&amp;q=av.+Am%C3%A8rica,+99+l%27Hospitalet+de+Llobregat&amp;aq=&amp;sll=41.364852,2.090904&amp;sspn=0.007585,0.007038&amp;ie=UTF8&amp;hq=&amp;hnear=Avinguda+d%27Am%C3%A8rica,+99,+08907+L%27Hospitalet+de+Llobregat,+Barcelona,+Catalu%C3%B1a&amp;t=h&amp;z=17\" target=\"_new\" rel=\"noopener\">Avinguda Am\u00e8rica, 99<\/a><\/td>\n<td dir=\"\" style=\"width: 98px; height: 31px;\">933358314<\/td>\n<td dir=\"ltr\" style=\"width: 202px; height: 31px;\">a8019411@xtec.cat<\/td>\n<td dir=\"\" style=\"width: 121px; height: 31px;\">08907<\/td>\n<\/tr>\n<tr id=\"wuid:gx:34441a83bd2cd5a9\" class=\"goog-ws-list-tableRow\" style=\"height: 31px;\">\n<td class=\"goog-ws-list-url\" style=\"width: 199px; height: 31px;\"><a href=\"https:\/\/agora.xtec.cat\/ies-bisbe-berenguer\/\" target=\"_blank\" rel=\"noopener noreferrer\">Institut Bisbe Berenguer<\/a><\/td>\n<td class=\"goog-ws-list-url\" style=\"width: 322px; height: 31px;\"><a href=\"http:\/\/maps.google.es\/maps?f=q&amp;amp;source=s_q&amp;amp;hl=es&amp;amp;geocode=&amp;amp;q=c.+Aprestadora,+49+L%27Hospitalet+de+Llobregat&amp;amp;aq=&amp;amp;sll=40.396764,-3.713379&amp;amp;sspn=15.749199,17.29248&amp;amp;ie=UTF8&amp;amp;hq=&amp;amp;hnear=Carrer+de+l%27Aprestadora,+49,+08902+L%27Hospitalet+de+Llobregat,+Barcelona,+Catalu%C3%B1a&amp;amp;t=h&amp;amp;z=17\" target=\"_new\" rel=\"noopener\">Carrer Aprestadora, 49<\/a><\/td>\n<td dir=\"\" style=\"width: 98px; height: 31px;\">934211711<\/td>\n<td dir=\"ltr\" style=\"width: 202px; height: 31px;\">a8052918@xtec.cat<\/td>\n<td dir=\"\" style=\"width: 121px; height: 31px;\">08902<\/td>\n<\/tr>\n<tr id=\"wuid:gx:1f776d7b6df5ebff\" class=\"goog-ws-list-tableRow\" style=\"height: 31px;\">\n<td class=\"goog-ws-list-url\" style=\"width: 199px; height: 31px;\"><a href=\"https:\/\/agora.xtec.cat\/ies-rubio-hospitalet\/\" target=\"_blank\" rel=\"noopener noreferrer\">Institut Rubio i Ors<\/a><\/td>\n<td class=\"goog-ws-list-url\" style=\"width: 322px; height: 31px;\"><a href=\"http:\/\/maps.google.es\/maps?f=q&amp;source=s_q&amp;hl=es&amp;geocode=&amp;q=c.+Mol%C3%AD,+24+L%27Hospitalet+de+Llobregat&amp;aq=&amp;sll=41.373708,2.111211&amp;sspn=0.003691,0.004222&amp;ie=UTF8&amp;hq=&amp;hnear=Carrer+del+Mol%C3%AD,+24,+08906+L%27Hospitalet+de+Llobregat,+Barcelona,+Catalu%C3%B1a&amp;ll=41.36854,2.101253&amp;spn=0.007585,0.008444&amp;t=h&amp;z=17\" target=\"_new\" rel=\"noopener\">Carrer Mol\u00ed, 24<\/a><\/td>\n<td dir=\"\" style=\"width: 98px; height: 31px;\">934385952<\/td>\n<td dir=\"ltr\" style=\"width: 202px; height: 31px;\">a8055944@xtec.cat<\/td>\n<td dir=\"\" style=\"width: 121px; height: 31px;\">08906<\/td>\n<\/tr>\n<tr id=\"wuid:gx:52cca1e958f4ae9e\" class=\"goog-ws-list-tableRow\" style=\"height: 31px;\">\n<td class=\"goog-ws-list-url\" style=\"width: 199px; height: 31px;\"><a href=\"https:\/\/agora.xtec.cat\/ies-santa-eulalia\/\" target=\"_blank\" rel=\"noopener noreferrer\">Institut Santa Eul\u00e0lia<\/a><\/td>\n<td class=\"goog-ws-list-url\" style=\"width: 322px; height: 31px;\"><a href=\"http:\/\/maps.google.es\/maps?f=q&amp;source=s_q&amp;hl=es&amp;geocode=&amp;q=+pl.+Pius+XII,+s%2Fn+L%27Hospitalet+de+Llobregat&amp;aq=&amp;sll=41.36854,2.101253&amp;sspn=0.007585,0.008444&amp;ie=UTF8&amp;hq=&amp;hnear=Pla%C3%A7a+de+Pius+XII,+08902+L%27Hospitalet+de+Llobregat,+Barcelona,+Catalu%C3%B1a&amp;t=h&amp;z=17\" target=\"_new\" rel=\"noopener\">Pla\u00e7a Pius XII, s\/n<\/a><\/td>\n<td dir=\"\" style=\"width: 98px; height: 31px;\">933314598<\/td>\n<td dir=\"ltr\" style=\"width: 202px; height: 31px;\">a8019307@xtec.cat<\/td>\n<td dir=\"\" style=\"width: 121px; height: 31px;\">08902<\/td>\n<\/tr>\n<tr id=\"wuid:gx:35a76dbfe713658b\" class=\"goog-ws-list-tableRow\" style=\"height: 31px;\">\n<td class=\"goog-ws-list-url\" style=\"width: 199px; height: 31px;\"><a href=\"https:\/\/agora.xtec.cat\/instorrasibages\/\" target=\"_blank\" rel=\"noopener noreferrer\">Institut Torras i Bages<\/a><\/td>\n<td class=\"goog-ws-list-url\" style=\"width: 322px; height: 31px;\"><a href=\"http:\/\/maps.google.es\/maps?f=q&amp;source=s_q&amp;hl=es&amp;geocode=&amp;q=av.+Can+Serra,+101+L%27Hospitalet+de+Llobregat&amp;aq=&amp;sll=41.367018,2.102101&amp;sspn=0.007585,0.008444&amp;ie=UTF8&amp;hq=&amp;hnear=Avinguda+de+Can+Serra,+101,+08906+L%27Hospitalet+de+Llobregat,+Barcelona,+Catalu%C3%B1a&amp;ll=41.36701,2.102101&amp;spn=0.007585,0.008444&amp;t=h&amp;z=17\" target=\"_new\" rel=\"noopener\">Avinguda Can Serra, 101<\/a><\/td>\n<td dir=\"\" style=\"width: 98px; height: 31px;\">934379125<\/td>\n<td dir=\"ltr\" style=\"width: 202px; height: 31px;\">a8019320@xtec.cat<\/td>\n<td dir=\"\" style=\"width: 121px; height: 31px;\">08906<\/td>\n<\/tr>\n<tr id=\"wuid:gx:531f27200d816cfb\" class=\"goog-ws-list-tableRow\" style=\"height: 31px;\">\n<td class=\"goog-ws-list-url\" style=\"width: 199px; height: 31px;\"><a href=\"http:\/\/iesllobregat.cat\/\" target=\"_blank\" rel=\"noopener noreferrer\">Institut Llobregat<\/a><\/td>\n<td class=\"goog-ws-list-url\" style=\"width: 322px; height: 31px;\"><a href=\"http:\/\/maps.google.es\/maps?f=q&amp;source=s_q&amp;hl=es&amp;geocode=&amp;q=c.+Enric+Prat+de+la+Riba,+11-17+L%27Hospitalet+de+Llobregat&amp;aq=&amp;sll=41.355899,2.113505&amp;sspn=0.007586,0.008444&amp;ie=UTF8&amp;hq=&amp;hnear=Carrer+d%27Enric+Prat+de+la+Riba,+11,+08901+L%27Hospitalet+de+Llobregat,+Barcelona,+Catalu%C3%B1a&amp;t=h&amp;z=17\" target=\"_new\" rel=\"noopener\">Carrer Enric Prat de la Riba, 11-17<\/a><\/td>\n<td dir=\"\" style=\"width: 98px; height: 31px;\">933371805<\/td>\n<td dir=\"ltr\" style=\"width: 202px; height: 31px;\">a8019371@xtec.cat<\/td>\n<td dir=\"\" style=\"width: 121px; height: 31px;\">08901<\/td>\n<\/tr>\n<tr id=\"wuid:gx:363b3ff07cc0ee55\" class=\"goog-ws-list-tableRow\" style=\"height: 31px;\">\n<td class=\"goog-ws-list-url\" style=\"width: 199px; height: 31px;\"><a href=\"https:\/\/agora.xtec.cat\/ies-merce-rodoreda\/\" target=\"_blank\" rel=\"noopener noreferrer\">Institut Merc\u00e8 Rodoreda<\/a><\/td>\n<td class=\"goog-ws-list-url\" style=\"width: 322px; height: 31px;\"><a href=\"http:\/\/maps.google.es\/maps?f=q&amp;source=s_q&amp;hl=es&amp;geocode=&amp;q=rbla.+Marina,+393+L%27Hospitalet+de+Llobregat&amp;aq=&amp;sll=41.375775,2.118715&amp;sspn=0.007584,0.008444&amp;ie=UTF8&amp;hq=&amp;hnear=Rambla+de+la+Marina,+393,+08907+L%27Hospitalet+de+Llobregat,+Barcelona,+Catalu%C3%B1a&amp;t=h&amp;z=17\" target=\"_new\" rel=\"noopener\">Rambla Marina, 393<\/a><\/td>\n<td dir=\"\" style=\"width: 98px; height: 31px;\">933388253<\/td>\n<td dir=\"ltr\" style=\"width: 202px; height: 31px;\">a8033912@xtec.cat<\/td>\n<td dir=\"\" style=\"width: 121px; height: 31px;\">08907<\/td>\n<\/tr>\n<tr id=\"wuid:gx:7244f81a3c4b33c5\" class=\"goog-ws-list-tableRow\" style=\"height: 31px;\">\n<td class=\"goog-ws-list-url\" style=\"width: 199px; height: 31px;\"><a href=\"http:\/\/www.eugenidors.cat\/w\/\" target=\"_blank\" rel=\"noopener noreferrer\">Institut Eugeni d&#8217;Ors<\/a><\/td>\n<td class=\"goog-ws-list-url\" style=\"width: 322px; height: 31px;\"><a href=\"http:\/\/maps.google.es\/maps?f=q&amp;source=s_q&amp;hl=es&amp;geocode=&amp;q=c.+Vallparda,+32+L%27Hospitalet+de+Llobregat&amp;aq=&amp;sll=41.366833,2.111392&amp;sspn=0.007585,0.008444&amp;ie=UTF8&amp;hq=&amp;hnear=Carrer+Vallparda,+32,+08904+L%27Hospitalet+de+Llobregat,+Barcelona,+Catalu%C3%B1a&amp;ll=41.373548,2.115769&amp;spn=0.007584,0.008444&amp;t=h&amp;z=17\" target=\"_new\" rel=\"noopener\">Carrer Vallparda, 32-42<\/a><\/td>\n<td dir=\"\" style=\"width: 98px; height: 31px;\">934405290<\/td>\n<td dir=\"ltr\" style=\"width: 202px; height: 31px;\">a8052921@xtec.cat<\/td>\n<td dir=\"\" style=\"width: 121px; height: 31px;\">08904<\/td>\n<\/tr>\n<tr id=\"wuid:gx:3e62b1bbb682932b\" class=\"goog-ws-list-tableRow\" style=\"height: 31px;\">\n<td class=\"goog-ws-list-url\" style=\"width: 199px; height: 31px;\"><a href=\"https:\/\/www.proven.cat\" target=\"_blank\" rel=\"noopener noreferrer\">Institut Proven\u00e7ana<\/a><\/td>\n<td class=\"goog-ws-list-url\" style=\"width: 322px; height: 31px;\"><a href=\"http:\/\/maps.google.es\/maps?f=q&amp;amp;source=s_q&amp;amp;hl=es&amp;amp;geocode=&amp;amp;q=c.+de+Sant+Pius+X,+8+L%27Hospitalet+de+Llobregat&amp;amp;aq=&amp;amp;sll=41.36701,2.102101&amp;amp;sspn=0.007585,0.008444&amp;amp;ie=UTF8&amp;amp;hq=&amp;amp;hnear=Calle+de+San+P%C3%ADo+X,+08901+L%27Hospitalet+de+Llobregat,+Barcelona,+Catalu%C3%B1a&amp;amp;t=h&amp;amp;z=17\" target=\"_new\" rel=\"noopener\">Carrer de Sant Pius X, 8<\/a><\/td>\n<td dir=\"\" style=\"width: 98px; height: 31px;\">933382553<\/td>\n<td dir=\"ltr\" style=\"width: 202px; height: 31px;\">a8019401@xtec.cat<\/td>\n<td dir=\"\" style=\"width: 121px; height: 31px;\">08901<\/td>\n<\/tr>\n<tr id=\"wuid:gx:6bbcdd81595b66ec\" class=\"goog-ws-list-tableRow\" style=\"height: 31px;\">\n<td class=\"goog-ws-list-url\" style=\"width: 199px; height: 31px;\"><a href=\"http:\/\/www.institutpedraforca.com\" target=\"_blank\" rel=\"noopener noreferrer\">Institut Pedraforca<\/a><\/td>\n<td class=\"goog-ws-list-url\" style=\"width: 322px; height: 31px;\"><a href=\"http:\/\/maps.google.es\/maps?f=q&amp;source=s_q&amp;hl=es&amp;geocode=&amp;q=c.+Enginyer+Moncunill,+2+L%27Hospitalet+de+Llobregat&amp;aq=&amp;sll=41.373708,2.111211&amp;sspn=0.944993,1.08078&amp;ie=UTF8&amp;hq=c.+Enginyer+Moncunill,+2+L%27Hospitalet&amp;hnear=R%C3%ADo+Llobregat&amp;ll=41.373708,2.111211&amp;spn=0.003691,0.004222&amp;t=h&amp;z=18\" target=\"_new\" rel=\"noopener\">Carrer Enginyer Moncunill, 2<\/a><\/td>\n<td dir=\"\" style=\"width: 98px; height: 31px;\">934494714<\/td>\n<td dir=\"ltr\" style=\"width: 202px; height: 31px;\">a8019319@xtec.cat<\/td>\n<td dir=\"\" style=\"width: 121px; height: 31px;\">08905<\/td>\n<\/tr>\n<tr id=\"wuid:gx:2113534171459bb5\" class=\"goog-ws-list-tableRow\" style=\"height: 31px;\">\n<td class=\"goog-ws-list-url\" style=\"width: 199px; height: 31px;\"><a href=\"http:\/\/www.xtec.cat\/ies-margarida-xirgu\/\" target=\"_blank\" rel=\"noopener noreferrer\">Institut Margarida Xirgu<\/a><\/td>\n<td class=\"goog-ws-list-url\" style=\"width: 322px; height: 31px;\"><a href=\"http:\/\/maps.google.es\/maps?f=q&amp;source=s_q&amp;hl=es&amp;geocode=&amp;q=Trav.+de+Collblanch,+56+L%27Hospitalet+de+Llobregat&amp;aq=&amp;sll=41.364684,2.116132&amp;sspn=0.007585,0.008444&amp;ie=UTF8&amp;hq=&amp;hnear=Carrer+de+Collblanc,+56,+08903+L%27Hospitalet+de+Llobregat,+Barcelona,+Catalu%C3%B1a&amp;t=h&amp;z=17\" target=\"_new\" rel=\"noopener\">Travessera de Collblanch, 56<\/a><\/td>\n<td dir=\"\" style=\"width: 98px; height: 31px;\">933339448<\/td>\n<td dir=\"ltr\" style=\"width: 202px; height: 31px;\">a8039069@xtec.cat<\/td>\n<td dir=\"\" style=\"width: 121px; height: 31px;\">08904<\/td>\n<\/tr>\n<tr id=\"wuid:gx:42ec7ee3d7cab52e\" class=\"goog-ws-list-tableRow\" style=\"height: 46px;\">\n<td class=\"goog-ws-list-url\" style=\"width: 199px; height: 46px;\"><a href=\"https:\/\/agora.xtec.cat\/inscanvilumara\/\" target=\"_blank\" rel=\"noopener noreferrer\">Institut Can Vilumara<\/a><\/td>\n<td class=\"goog-ws-list-url\" style=\"width: 322px; height: 46px;\"><a href=\"http:\/\/www.institutcanvilumara.cat\/\" target=\"_new\" rel=\"noopener\">Avinguda de Josep Tarradellas i Joan, 153<\/a><\/td>\n<td dir=\"\" style=\"width: 98px; height: 46px;\">933373308<\/td>\n<td dir=\"ltr\" style=\"width: 202px; height: 46px;\">a8056109@xtec.cat<\/td>\n<td dir=\"\" style=\"width: 121px; height: 46px;\">08901<\/td>\n<\/tr>\n<tr id=\"wuid:gx:30cb1b5372dedafc\" class=\"goog-ws-list-tableRow\" style=\"height: 31px;\">\n<td class=\"goog-ws-list-url\" style=\"width: 199px; height: 31px;\"><a href=\"http:\/\/www.ins-europa.org\/\" target=\"_blank\" rel=\"noopener noreferrer\">Institut Europa<\/a><\/td>\n<td class=\"goog-ws-list-url\" style=\"width: 322px; height: 31px;\"><a href=\"http:\/\/maps.google.es\/maps?f=q&amp;amp;source=s_q&amp;amp;hl=es&amp;amp;geocode=&amp;amp;q=av.+Europa,+153+L%27Hospitalet+de+Llobregat&amp;amp;aq=&amp;amp;sll=41.373548,2.115769&amp;amp;sspn=0.007584,0.008444&amp;amp;ie=UTF8&amp;amp;hq=&amp;amp;hnear=Avinguda+d%27Europa,+153,+08907+L%27Hospitalet+de+Llobregat,+Barcelona,+Catalu%C3%B1a&amp;amp;t=h&amp;amp;z=17\" target=\"_new\" rel=\"noopener\">Avinguda Europa, 153<\/a><\/td>\n<td dir=\"\" style=\"width: 98px; height: 31px;\">933353895<\/td>\n<td dir=\"ltr\" style=\"width: 202px; height: 31px;\">a8045070@xtec.cat<\/td>\n<td dir=\"\" style=\"width: 121px; height: 31px;\">08907<\/td>\n<\/tr>\n<tr id=\"wuid:gx:ccc8de3c4b1eb3b\" class=\"goog-ws-list-tableRow goog-ws-list-row-hover\" style=\"height: 31px;\">\n<td class=\"goog-ws-list-url\" style=\"width: 199px; height: 31px;\"><a href=\"http:\/\/www.instituteduardfontsere.cat\/\" target=\"_blank\" rel=\"noopener noreferrer\">Institut Eduard Fontser\u00e8<\/a><\/td>\n<td class=\"goog-ws-list-url\" style=\"width: 322px; height: 31px;\"><a href=\"http:\/\/maps.google.es\/maps?f=q&amp;source=s_q&amp;hl=es&amp;geocode=&amp;q=c.+Mimoses,+31+L%27Hospitalet+de+Llobregat&amp;aq=&amp;sll=41.363374,2.104097&amp;sspn=0.007585,0.008444&amp;ie=UTF8&amp;hq=&amp;hnear=Carrer+de+les+Mimoses,+31,+08905+L%27Hospitalet+de+Llobregat,+Barcelona,+Catalu%C3%B1a&amp;ll=41.366833,2.111392&amp;spn=0.007585,0.008444&amp;t=h&amp;z=17\" target=\"_new\" rel=\"noopener\">Carrer Mimoses, 31<\/a><\/td>\n<td dir=\"\" style=\"width: 98px; height: 31px;\">934495594<\/td>\n<td dir=\"ltr\" style=\"width: 202px; height: 31px;\">a8051264@xtec.cat<\/td>\n<td dir=\"\" style=\"width: 121px; height: 31px;\">08905<\/td>\n<\/tr>\n<tr style=\"height: 46px;\">\n<td style=\"width: 199px; height: 46px;\"><a href=\"https:\/\/agora.xtec.cat\/insnou\/\" target=\"_blank\" rel=\"noopener\">Institut Jaume Botey<\/a><\/td>\n<td style=\"width: 322px; height: 46px;\"><a href=\"https:\/\/www.google.com\/maps\/place\/Institut+Nou+de+l'Hospitalet\/@41.3631621,2.1184194,355m\/data=!3m1!1e3!4m5!3m4!1s0x0:0x6e2dca0c30a29593!8m2!3d41.3630643!4d2.1180815\">Avinguda Carrilet 153 \/ c. Ferrer i Gu\u00e0rdia s\/n<\/a><\/td>\n<td style=\"width: 98px; height: 46px;\">935541610<\/td>\n<td style=\"width: 202px; height: 46px;\">a8076111@xtec.cat<\/td>\n<td style=\"width: 121px; height: 46px;\">08902<\/td>\n<\/tr>\n<tr style=\"height: 31px;\">\n<td style=\"width: 199px; height: 31px;\"><a href=\"https:\/\/agora.xtec.cat\/iegornal\/\" target=\"_blank\" rel=\"noopener noreferrer\">Institut Escola Gornal<\/a><\/td>\n<td style=\"width: 322px; height: 31px;\"><a href=\"http:\/\/maps.google.es\/maps?f=q&amp;source=s_q&amp;hl=es&amp;geocode=&amp;q=Avinguda+de+Carmen+Amaya,+44,+L%27Hospitalet+de+Llobregat&amp;aq=0&amp;sll=41.358139,2.117486&amp;sspn=0.007586,0.007038&amp;ie=UTF8&amp;hq=&amp;hnear=Avinguda+de+Carmen+Amaya,+44,+08902+L%27Hospitalet+de+Llobregat,+Barcelona,+Catalu%C3%B1a&amp;t=h&amp;z=17\" target=\"_new\" rel=\"noopener\">Avinguda Carmen Amaya, 44<\/a><\/td>\n<td style=\"width: 98px; height: 31px;\">933356098<\/td>\n<td style=\"width: 202px; height: 31px;\">a8047674@xtec.cat<\/td>\n<td style=\"width: 121px; height: 31px;\">08902<\/td>\n<\/tr>\n<tr style=\"height: 31px;\">\n<td style=\"width: 199px; height: 31px;\"><a href=\"https:\/\/agora.xtec.cat\/ceipperelliscart\/\" target=\"_blank\" rel=\"noopener noreferrer\">Institut Escola Pere Lliscart<\/a><\/td>\n<td style=\"width: 322px; height: 31px;\"><a href=\"http:\/\/maps.google.es\/maps?f=q&amp;source=s_q&amp;hl=es&amp;geocode=&amp;q=pl.+Cad%C3%AD,+s%2Fn+Hospitalet+de+Llobregat&amp;aq=&amp;sll=41.374023,2.122325&amp;sspn=0.007584,0.007038&amp;ie=UTF8&amp;hq=&amp;hnear=Pla%C3%A7a+del+Cad%C3%AD,+08904+L%27Hospitalet+de+Llobregat,+Barcelona,+Catalu%C3%B1a&amp;t=h&amp;z=17\" target=\"_new\" rel=\"noopener\">Pla\u00e7a Cad\u00ed, s\/n<\/a><\/td>\n<td style=\"width: 98px; height: 31px;\">933335024<\/td>\n<td style=\"width: 202px; height: 31px;\">a8019368@xtec.cat<\/td>\n<td style=\"width: 121px; height: 31px;\">08904<\/td>\n<\/tr>\n<tr>\n<td style=\"width: 199px;\"><a href=\"https:\/\/agora.xtec.cat\/iemariamiret\/\">Institut Escola Maria Miret<\/a><\/td>\n<td style=\"width: 322px;\"><a href=\"https:\/\/www.google.es\/maps\/place\/C.+Mas,+20,+08903+L'Hospitalet+de+Llobregat,+Barcelona\/@41.3739762,2.1206274,17z\/data=!3m1!4b1!4m5!3m4!1s0x12a498f2566d5b1d:0xa4b6a25834a1454f!8m2!3d41.3739762!4d2.1228161?hl=es\">Mas, 20<\/a><\/td>\n<td style=\"width: 98px;\">935167193<\/td>\n<td style=\"width: 202px;\">a8077940@xtec.cat<\/td>\n<td style=\"width: 121px;\">08903<\/td>\n<\/tr>\n<\/tbody>\n<\/table>\n<p>&nbsp;<\/p>\n","protected":false},"excerpt":{"rendered":"<p>Nom Adre\u00e7a Tel\u00e8fon Correu Codi postal Institut Apel\u00b7les Mestres Carrer Zuloaga, s\/n 933374358 a8035258@xtec.cat 08906 Institut Bellvitge Avinguda Am\u00e8rica, 99 933358314 a8019411@xtec.cat 08907 Institut Bisbe Berenguer Carrer Aprestadora, 49 934211711 a8052918@xtec.cat 08902 Institut Rubio i Ors Carrer Mol\u00ed, 24 934385952 a8055944@xtec.cat 08906 Institut Santa Eul\u00e0lia Pla\u00e7a Pius XII, s\/n 933314598 a8019307@xtec.cat 08902 Institut Torras i [&hellip;]<\/p>\n","protected":false},"author":1,"featured_media":0,"parent":338,"menu_order":30,"comment_status":"closed","ping_status":"closed","template":"","meta":{"_bbp_topic_count":0,"_bbp_reply_count":0,"_bbp_total_topic_count":0,"_bbp_total_reply_count":0,"_bbp_voice_count":0,"_bbp_anonymous_reply_count":0,"_bbp_topic_count_hidden":0,"_bbp_reply_count_hidden":0,"_bbp_forum_subforum_count":0,"site-sidebar-layout":"default","site-content-layout":"","ast-site-content-layout":"","site-content-style":"default","site-sidebar-style":"default","ast-global-header-display":"","ast-banner-title-visibility":"","ast-main-header-display":"","ast-hfb-above-header-display":"","ast-hfb-below-header-display":"","ast-hfb-mobile-header-display":"","site-post-title":"","ast-breadcrumbs-content":"","ast-featured-img":"","footer-sml-layout":"","theme-transparent-header-meta":"","adv-header-id-meta":"","stick-header-meta":"","header-above-stick-meta":"","header-main-stick-meta":"","header-below-stick-meta":"","astra-migrate-meta-layouts":"default","ast-page-background-enabled":"default","ast-page-background-meta":{"desktop":{"background-color":"var(--ast-global-color-4)","background-image":"","background-repeat":"repeat","background-position":"center center","background-size":"auto","background-attachment":"scroll","background-type":"","background-media":"","overlay-type":"","overlay-color":"","overlay-opacity":"","overlay-gradient":""},"tablet":{"background-color":"","background-image":"","background-repeat":"repeat","background-position":"center center","background-size":"auto","background-attachment":"scroll","background-type":"","background-media":"","overlay-type":"","overlay-color":"","overlay-opacity":"","overlay-gradient":""},"mobile":{"background-color":"","background-image":"","background-repeat":"repeat","background-position":"center center","background-size":"auto","background-attachment":"scroll","background-type":"","background-media":"","overlay-type":"","overlay-color":"","overlay-opacity":"","overlay-gradient":""}},"ast-content-background-meta":{"desktop":{"background-color":"var(--ast-global-color-5)","background-image":"","background-repeat":"repeat","background-position":"center center","background-size":"auto","background-attachment":"scroll","background-type":"","background-media":"","overlay-type":"","overlay-color":"","overlay-opacity":"","overlay-gradient":""},"tablet":{"background-color":"var(--ast-global-color-5)","background-image":"","background-repeat":"repeat","background-position":"center center","background-size":"auto","background-attachment":"scroll","background-type":"","background-media":"","overlay-type":"","overlay-color":"","overlay-opacity":"","overlay-gradient":""},"mobile":{"background-color":"var(--ast-global-color-5)","background-image":"","background-repeat":"repeat","background-position":"center center","background-size":"auto","background-attachment":"scroll","background-type":"","background-media":"","overlay-type":"","overlay-color":"","overlay-opacity":"","overlay-gradient":""}},"footnotes":""},"class_list":["post-385","page","type-page","status-publish","hentry"],"post_mailing_queue_ids":[],"_links":{"self":[{"href":"https:\/\/serveiseducatius.xtec.cat\/hospitalet\/wp-json\/wp\/v2\/pages\/385","targetHints":{"allow":["GET"]}}],"collection":[{"href":"https:\/\/serveiseducatius.xtec.cat\/hospitalet\/wp-json\/wp\/v2\/pages"}],"about":[{"href":"https:\/\/serveiseducatius.xtec.cat\/hospitalet\/wp-json\/wp\/v2\/types\/page"}],"author":[{"embeddable":true,"href":"https:\/\/serveiseducatius.xtec.cat\/hospitalet\/wp-json\/wp\/v2\/users\/1"}],"replies":[{"embeddable":true,"href":"https:\/\/serveiseducatius.xtec.cat\/hospitalet\/wp-json\/wp\/v2\/comments?post=385"}],"version-history":[{"count":3,"href":"https:\/\/serveiseducatius.xtec.cat\/hospitalet\/wp-json\/wp\/v2\/pages\/385\/revisions"}],"predecessor-version":[{"id":18786,"href":"https:\/\/serveiseducatius.xtec.cat\/hospitalet\/wp-json\/wp\/v2\/pages\/385\/revisions\/18786"}],"up":[{"embeddable":true,"href":"https:\/\/serveiseducatius.xtec.cat\/hospitalet\/wp-json\/wp\/v2\/pages\/338"}],"wp:attachment":[{"href":"https:\/\/serveiseducatius.xtec.cat\/hospitalet\/wp-json\/wp\/v2\/media?parent=385"}],"curies":[{"name":"wp","href":"https:\/\/api.w.org\/{rel}","templated":true}]}}