{"id":24422,"date":"2026-02-19T11:40:28","date_gmt":"2026-02-19T10:40:28","guid":{"rendered":"https:\/\/serveiseducatius.xtec.cat\/hospitalet\/?page_id=24422"},"modified":"2026-03-09T13:15:29","modified_gmt":"2026-03-09T12:15:29","slug":"jornada-virtual-matematica","status":"publish","type":"page","link":"https:\/\/serveiseducatius.xtec.cat\/hospitalet\/jornada-virtual-matematica\/","title":{"rendered":"Jornada Virtual Matem\u00e0tica"},"content":{"rendered":"\n<div class=\"wp-block-columns is-layout-flex wp-container-core-columns-is-layout-1 wp-block-columns-is-layout-flex\">\n<div class=\"wp-block-column is-layout-flow wp-block-column-is-layout-flow\">\n<figure class=\"wp-block-image alignleft size-full is-resized\"><a href=\"https:\/\/serveiseducatius.xtec.cat\/hospitalet\/wp-content\/uploads\/usu542\/2026\/02\/Logotip-JVM.png\"><img loading=\"lazy\" decoding=\"async\" width=\"250\" height=\"250\" src=\"https:\/\/serveiseducatius.xtec.cat\/hospitalet\/wp-content\/uploads\/usu542\/2026\/02\/Logotip-JVM.png\" alt=\"\" class=\"wp-image-24425\" style=\"width:197px;height:auto\" srcset=\"https:\/\/serveiseducatius.xtec.cat\/hospitalet\/wp-content\/uploads\/usu542\/2026\/02\/Logotip-JVM.png 250w, https:\/\/serveiseducatius.xtec.cat\/hospitalet\/wp-content\/uploads\/usu542\/2026\/02\/Logotip-JVM-150x150.png 150w\" sizes=\"auto, (max-width: 250px) 100vw, 250px\" \/><\/a><\/figure>\n\n\n\n<p>La Jornada Virtual Matem\u00e0tica (JVM) \u00e9s una proposta de breakout educatiu digital adre\u00e7ada a l\u2019alumnat de 6\u00e8 de prim\u00e0ria i 1r d\u2019ESO que t\u00e9 com a objectiu principal gamificar la resoluci\u00f3 de problemes matem\u00e0tics. L&#8217;activitat es desenvolupa mitjan\u00e7ant una presentaci\u00f3 interactiva en format Genially que presenta una trama amb una s\u00e8rie d&#8217;enigmes per desxifrar. Un tret clau \u00e9s que l&#8217;alumnat no nom\u00e9s resol els problemes, sin\u00f3 que tamb\u00e9 els crea.&nbsp;<\/p>\n\n\n\n<p>Aquesta activitat es celebra al voltant del 14 de mar\u00e7, coincidint amb el Dia Internacional de les Matem\u00e0tiques, i posa el focus en la compet\u00e8ncia de resoluci\u00f3 de problemes, el treball cooperatiu i l\u2019aprenentatge a partir de l\u2019error.<\/p>\n\n\n\n<p>La JVM situa la Compet\u00e8ncia de Resoluci\u00f3 de Problemes com el nucli de l&#8217;aprenentatge, alineant-se amb el curr\u00edculum. La iniciativa busca donar sentit i visibilitat a la feina que ja es fa a les aules, sense ser una c\u00e0rrega addicional.<\/p>\n\n\n\n<p>Descobreix les nostres trames:<\/p>\n<\/div>\n<\/div>\n\n\n\n<div class=\"wp-block-getwid-accordion has-icon-left\" data-active-element=\"none\">\n<div class=\"wp-block-getwid-accordion__header-wrapper\"><span class=\"wp-block-getwid-accordion__header\"><a href=\"#\"><span class=\"wp-block-getwid-accordion__header-title\">Trama: Ag\u00e8ncia mediambiental Llobregat Viu<\/span><span class=\"wp-block-getwid-accordion__icon is-active\"><i class=\"fas fa-plus\"><\/i><\/span><span class=\"wp-block-getwid-accordion__icon is-passive\"><i class=\"fas fa-minus\"><\/i><\/span><\/a><\/span><\/div><div class=\"wp-block-getwid-accordion__content-wrapper\"><div class=\"wp-block-getwid-accordion__content\">\n<p><\/p>\n\n\n\n<figure class=\"wp-block-embed is-type-video is-provider-youtube wp-block-embed-youtube wp-embed-aspect-16-9 wp-has-aspect-ratio\"><div class=\"wp-block-embed__wrapper\">\n<div class=\"ast-oembed-container \" style=\"height: 100%;\"><iframe loading=\"lazy\" title=\"Llobregat Viu demana col\u00b7laboraci\u00f3\" width=\"500\" height=\"281\" src=\"https:\/\/www.youtube.com\/embed\/IsMQ2yxILk0?feature=oembed\" frameborder=\"0\" allow=\"accelerometer; autoplay; clipboard-write; encrypted-media; gyroscope; picture-in-picture; web-share\" referrerpolicy=\"strict-origin-when-cross-origin\" allowfullscreen><\/iframe><\/div>\n<\/div><\/figure>\n\n\n\n<p><\/p>\n\n\n\n<div class=\"wp-block-columns is-layout-flex wp-container-core-columns-is-layout-2 wp-block-columns-is-layout-flex\">\n<div class=\"wp-block-column is-layout-flow wp-block-column-is-layout-flow\" style=\"flex-basis:25%\">\n<div class=\"wp-block-getwid-tabs\" data-active-tab=\"0\"><ul class=\"wp-block-getwid-tabs__nav-links\"><\/ul>\n<div class=\"wp-block-getwid-tabs__nav-link\"><span class=\"wp-block-getwid-tabs__title-wrapper\"><a href=\"#\"><span class=\"wp-block-getwid-tabs__title\"><strong>Repte<\/strong><\/span><\/a><\/span><\/div><div class=\"wp-block-getwid-tabs__tab-content-wrapper\"><div class=\"wp-block-getwid-tabs__tab-content\">\n<p>En aquesta trama, l\u2019alumnat es converteix en equips de control encarregats de protegir el sistema de sensors d\u2019una ag\u00e8ncia mediambiental que vetlla per la salut del riu Llobregat.<\/p>\n\n\n\n<p>Davant d\u2019una situaci\u00f3 d\u2019emerg\u00e8ncia, han de generar una contrasenya que permeti restablir el sistema i garantir el bon funcionament dels sensors.<\/p>\n<\/div><\/div>\n<\/div>\n\n\n\n<p class=\"has-text-align-center has-black-color has-text-color has-link-color has-medium-font-size wp-elements-4b2225fb737fef7c3932b96bd3a62691\"><\/p>\n<\/div>\n\n\n\n<div class=\"wp-block-column is-layout-flow wp-block-column-is-layout-flow\">\n<div class=\"wp-block-getwid-tabs\" data-active-tab=\"0\"><ul class=\"wp-block-getwid-tabs__nav-links\"><\/ul>\n<div class=\"wp-block-getwid-tabs__nav-link\"><span class=\"wp-block-getwid-tabs__title-wrapper\"><a href=\"#\"><span class=\"wp-block-getwid-tabs__title\"><strong>Desenvolupament<\/strong><\/span><\/a><\/span><\/div><div class=\"wp-block-getwid-tabs__tab-content-wrapper\"><div class=\"wp-block-getwid-tabs__tab-content\">\n<p>El proc\u00e9s s\u2019inicia amb la creaci\u00f3 de problemes matem\u00e0tics per part de l\u2019alumnat, seguint un protocol t\u00e8nic de Generaci\u00f3 de Contrasenyes d\u2019Emerg\u00e8ncia.<\/p>\n\n\n\n<p>Per tal d\u2019acompanyar el professorat en la implementaci\u00f3 de la proposta, des del CRP es proporcionen diversos documents i recursos de suport, aix\u00ed com materials per a l\u2019alumnat com la plantilla de creaci\u00f3 i la base d\u2019orientaci\u00f3.<\/p>\n\n\n\n<p>A m\u00e9s, es disposa d\u2019una seq\u00fc\u00e8ncia de v\u00eddeos de la Dra. Ben Salem que guien les diferents fases de l\u2019activitat.<\/p>\n\n\n\n<p><\/p>\n<\/div><\/div>\n<\/div>\n<\/div>\n\n\n\n<div class=\"wp-block-column is-layout-flow wp-block-column-is-layout-flow\" style=\"flex-basis:25%\">\n<div class=\"wp-block-getwid-tabs\" data-active-tab=\"0\"><ul class=\"wp-block-getwid-tabs__nav-links\"><\/ul>\n<div class=\"wp-block-getwid-tabs__nav-link\"><span class=\"wp-block-getwid-tabs__title-wrapper\"><a href=\"#\"><span class=\"wp-block-getwid-tabs__title\"><strong><strong>Resoluci\u00f3 del repte<\/strong><\/strong><\/span><\/a><\/span><\/div><div class=\"wp-block-getwid-tabs__tab-content-wrapper\"><div class=\"wp-block-getwid-tabs__tab-content\">\n<p>Un cop creats els problemes, aquests esdevenen la clau per accedir a l\u2019entorn interactiu de l\u2019activitat (Genially), on els equips han de posar en joc les seves estrat\u00e8gies de resoluci\u00f3 per desxifrar la contrasenya.<\/p>\n\n\n\n<p>A trav\u00e9s d\u2019aquesta fase, l\u2019alumnat resol reptes en un context gamificat i significatiu, aplicant els coneixements treballats pr\u00e8viament. El proc\u00e9s culmina amb la validaci\u00f3 de la contrasenya, que permet restablir el sistema de sensors.<\/p>\n<\/div><\/div>\n<\/div>\n\n\n\n<p class=\"has-text-align-center has-black-color has-text-color has-link-color wp-elements-31ef8a46bf82daa30dab4b6adf99fd54\"><\/p>\n<\/div>\n<\/div>\n<\/div><\/div>\n<\/div>\n\n\n\n<div class=\"wp-block-getwid-accordion has-icon-left\" data-active-element=\"none\">\n<div class=\"wp-block-getwid-accordion__header-wrapper\"><span class=\"wp-block-getwid-accordion__header\"><a href=\"#\"><span class=\"wp-block-getwid-accordion__header-title\">Trama: Ag\u00e8ncia de detectius Mr Duppont<\/span><span class=\"wp-block-getwid-accordion__icon is-active\"><i class=\"fas fa-plus\"><\/i><\/span><span class=\"wp-block-getwid-accordion__icon is-passive\"><i class=\"fas fa-minus\"><\/i><\/span><\/a><\/span><\/div><div class=\"wp-block-getwid-accordion__content-wrapper\"><div class=\"wp-block-getwid-accordion__content\">\n<figure class=\"wp-block-embed is-type-video is-provider-youtube wp-block-embed-youtube wp-embed-aspect-16-9 wp-has-aspect-ratio\"><div class=\"wp-block-embed__wrapper\">\n<div class=\"ast-oembed-container \" style=\"height: 100%;\"><iframe loading=\"lazy\" title=\"Busquem agencia investigacio\" width=\"500\" height=\"281\" src=\"https:\/\/www.youtube.com\/embed\/G6zhKuIyrtE?start=3&#038;feature=oembed\" frameborder=\"0\" allow=\"accelerometer; autoplay; clipboard-write; encrypted-media; gyroscope; picture-in-picture; web-share\" referrerpolicy=\"strict-origin-when-cross-origin\" allowfullscreen><\/iframe><\/div>\n<\/div><\/figure>\n\n\n\n<p><\/p>\n\n\n\n<div class=\"wp-block-columns is-layout-flex wp-container-core-columns-is-layout-3 wp-block-columns-is-layout-flex\">\n<div class=\"wp-block-column is-layout-flow wp-block-column-is-layout-flow\" style=\"flex-basis:25%\">\n<div class=\"wp-block-getwid-tabs\" data-active-tab=\"0\"><ul class=\"wp-block-getwid-tabs__nav-links\"><\/ul>\n<div class=\"wp-block-getwid-tabs__nav-link\"><span class=\"wp-block-getwid-tabs__title-wrapper\"><a href=\"#\"><span class=\"wp-block-getwid-tabs__title\"><strong>Repte<\/strong><\/span><\/a><\/span><\/div><div class=\"wp-block-getwid-tabs__tab-content-wrapper\"><div class=\"wp-block-getwid-tabs__tab-content\">\n<p>En aquesta trama, l\u2019alumnat es converteix en equips d\u2019una ag\u00e8ncia de detectius que han de demostrar la seva v\u00e0lua per resoldre un cas.<\/p>\n\n\n\n<p>Per fer-ho, un personatge posa a prova diferents ag\u00e8ncies: ha pres un objecte representatiu de cadascuna i l\u2019ha amagat en algun espai del centre. Per recuperar-lo, els equips hauran de resoldre un seguit d\u2019enigmes matem\u00e0tics i demostrar les seves habilitats deductives.<\/p>\n\n\n\n<p><\/p>\n<\/div><\/div>\n<\/div>\n\n\n\n<p class=\"has-text-align-center has-black-color has-text-color has-link-color has-medium-font-size wp-elements-4b2225fb737fef7c3932b96bd3a62691\"><\/p>\n<\/div>\n\n\n\n<div class=\"wp-block-column is-layout-flow wp-block-column-is-layout-flow\">\n<div class=\"wp-block-getwid-tabs\" data-active-tab=\"0\"><ul class=\"wp-block-getwid-tabs__nav-links\"><\/ul>\n<div class=\"wp-block-getwid-tabs__nav-link\"><span class=\"wp-block-getwid-tabs__title-wrapper\"><a href=\"#\"><span class=\"wp-block-getwid-tabs__title\"><strong>Desenvolupament<\/strong><\/span><\/a><\/span><\/div><div class=\"wp-block-getwid-tabs__tab-content-wrapper\"><div class=\"wp-block-getwid-tabs__tab-content\">\n<p>El proc\u00e9s s\u2019inicia amb la creaci\u00f3 de problemes matem\u00e0tics per part de l\u2019alumnat, que serviran per construir els enigmes del repte. Aquests problemes s\u2019envien pr\u00e8viament juntament amb una imatge de l\u2019objecte representatiu que, posteriorment, s\u2019haur\u00e0 d\u2019amagar al centre segons l\u2019organitzaci\u00f3 acordada.<\/p>\n\n\n\n<p>Per tal d\u2019acompanyar el professorat en la implementaci\u00f3 de la proposta, des del CRP es proporcionen orientacions i recursos de suport. L\u2019activitat s\u2019introdueix a l\u2019alumnat mitjan\u00e7ant un missatge narratiu que presenta el cas i activa la participaci\u00f3.<\/p>\n\n\n\n<p>L\u2019entorn interactiu (Genially) s\u2019estructura en diferents fases: una contextualitzaci\u00f3 inicial amb la presentaci\u00f3 dels equips, un per\u00edode d\u2019entrenament i, finalment, els enigmes.<\/p>\n\n\n\n<p><\/p>\n\n\n\n<p><\/p>\n\n\n\n<p><\/p>\n<\/div><\/div>\n<\/div>\n<\/div>\n\n\n\n<div class=\"wp-block-column is-layout-flow wp-block-column-is-layout-flow\" style=\"flex-basis:25%\">\n<div class=\"wp-block-getwid-tabs\" data-active-tab=\"0\"><ul class=\"wp-block-getwid-tabs__nav-links\"><\/ul>\n<div class=\"wp-block-getwid-tabs__nav-link\"><span class=\"wp-block-getwid-tabs__title-wrapper\"><a href=\"#\"><span class=\"wp-block-getwid-tabs__title\"><strong><strong>Resoluci\u00f3 del repte<\/strong><\/strong><\/span><\/a><\/span><\/div><div class=\"wp-block-getwid-tabs__tab-content-wrapper\"><div class=\"wp-block-getwid-tabs__tab-content\">\n<p>En resoldre els enigmes, els equips van obtenint pistes que els permeten desxifrar un missatge codificat. Aquest missatge \u00e9s la clau per localitzar i recuperar l\u2019objecte amagat.<\/p>\n\n\n\n<p>Es recomana concentrar la resoluci\u00f3 dels enigmes i el desxiframent del codi el 14 de mar\u00e7, coincidint amb el Dia Internacional de les Matem\u00e0tiques, tot i que cada centre pot organitzar pr\u00e8viament la preparaci\u00f3 i el per\u00edode d\u2019entrenament segons les seves necessitats.<\/p>\n\n\n\n<p>Aquesta din\u00e0mica situa l\u2019alumnat en un context gamificat i significatiu, on la resoluci\u00f3 de problemes esdev\u00e9 una eina per investigar, deduir i aconseguir un objectiu com\u00fa.<\/p>\n<\/div><\/div>\n<\/div>\n\n\n\n<p class=\"has-text-align-center has-black-color has-text-color has-link-color wp-elements-31ef8a46bf82daa30dab4b6adf99fd54\"><\/p>\n<\/div>\n<\/div>\n\n\n\n<p><\/p>\n<\/div><\/div>\n<\/div>\n\n\n\n<p class=\"has-large-font-size\"><\/p>\n\n\n\n<p><\/p>\n","protected":false},"excerpt":{"rendered":"<p>La Jornada Virtual Matem\u00e0tica (JVM) \u00e9s una proposta de breakout educatiu digital adre\u00e7ada a l\u2019alumnat de 6\u00e8 de prim\u00e0ria i 1r d\u2019ESO que t\u00e9 com a objectiu principal gamificar la resoluci\u00f3 de problemes matem\u00e0tics. L&#8217;activitat es desenvolupa mitjan\u00e7ant una presentaci\u00f3 interactiva en format Genially que presenta una trama amb una s\u00e8rie d&#8217;enigmes per desxifrar. Un [&hellip;]<\/p>\n","protected":false},"author":1,"featured_media":0,"parent":0,"menu_order":0,"comment_status":"closed","ping_status":"close","template":"","meta":{"_bbp_topic_count":0,"_bbp_reply_count":0,"_bbp_total_topic_count":0,"_bbp_total_reply_count":0,"_bbp_voice_count":0,"_bbp_anonymous_reply_count":0,"_bbp_topic_count_hidden":0,"_bbp_reply_count_hidden":0,"_bbp_forum_subforum_count":0,"site-sidebar-layout":"default","site-content-layout":"","ast-site-content-layout":"default","site-content-style":"default","site-sidebar-style":"default","ast-global-header-display":"","ast-banner-title-visibility":"","ast-main-header-display":"","ast-hfb-above-header-display":"","ast-hfb-below-header-display":"","ast-hfb-mobile-header-display":"","site-post-title":"","ast-breadcrumbs-content":"","ast-featured-img":"","footer-sml-layout":"","theme-transparent-header-meta":"","adv-header-id-meta":"","stick-header-meta":"","header-above-stick-meta":"","header-main-stick-meta":"","header-below-stick-meta":"","astra-migrate-meta-layouts":"set","ast-page-background-enabled":"default","ast-page-background-meta":{"desktop":{"background-color":"var(--ast-global-color-4)","background-image":"","background-repeat":"repeat","background-position":"center center","background-size":"auto","background-attachment":"scroll","background-type":"","background-media":"","overlay-type":"","overlay-color":"","overlay-opacity":"","overlay-gradient":""},"tablet":{"background-color":"","background-image":"","background-repeat":"repeat","background-position":"center center","background-size":"auto","background-attachment":"scroll","background-type":"","background-media":"","overlay-type":"","overlay-color":"","overlay-opacity":"","overlay-gradient":""},"mobile":{"background-color":"","background-image":"","background-repeat":"repeat","background-position":"center center","background-size":"auto","background-attachment":"scroll","background-type":"","background-media":"","overlay-type":"","overlay-color":"","overlay-opacity":"","overlay-gradient":""}},"ast-content-background-meta":{"desktop":{"background-color":"var(--ast-global-color-5)","background-image":"","background-repeat":"repeat","background-position":"center center","background-size":"auto","background-attachment":"scroll","background-type":"","background-media":"","overlay-type":"","overlay-color":"","overlay-opacity":"","overlay-gradient":""},"tablet":{"background-color":"var(--ast-global-color-5)","background-image":"","background-repeat":"repeat","background-position":"center center","background-size":"auto","background-attachment":"scroll","background-type":"","background-media":"","overlay-type":"","overlay-color":"","overlay-opacity":"","overlay-gradient":""},"mobile":{"background-color":"var(--ast-global-color-5)","background-image":"","background-repeat":"repeat","background-position":"center center","background-size":"auto","background-attachment":"scroll","background-type":"","background-media":"","overlay-type":"","overlay-color":"","overlay-opacity":"","overlay-gradient":""}},"footnotes":""},"class_list":["post-24422","page","type-page","status-publish","hentry"],"post_mailing_queue_ids":[],"_links":{"self":[{"href":"https:\/\/serveiseducatius.xtec.cat\/hospitalet\/wp-json\/wp\/v2\/pages\/24422","targetHints":{"allow":["GET"]}}],"collection":[{"href":"https:\/\/serveiseducatius.xtec.cat\/hospitalet\/wp-json\/wp\/v2\/pages"}],"about":[{"href":"https:\/\/serveiseducatius.xtec.cat\/hospitalet\/wp-json\/wp\/v2\/types\/page"}],"author":[{"embeddable":true,"href":"https:\/\/serveiseducatius.xtec.cat\/hospitalet\/wp-json\/wp\/v2\/users\/1"}],"replies":[{"embeddable":true,"href":"https:\/\/serveiseducatius.xtec.cat\/hospitalet\/wp-json\/wp\/v2\/comments?post=24422"}],"version-history":[{"count":6,"href":"https:\/\/serveiseducatius.xtec.cat\/hospitalet\/wp-json\/wp\/v2\/pages\/24422\/revisions"}],"predecessor-version":[{"id":24536,"href":"https:\/\/serveiseducatius.xtec.cat\/hospitalet\/wp-json\/wp\/v2\/pages\/24422\/revisions\/24536"}],"wp:attachment":[{"href":"https:\/\/serveiseducatius.xtec.cat\/hospitalet\/wp-json\/wp\/v2\/media?parent=24422"}],"curies":[{"name":"wp","href":"https:\/\/api.w.org\/{rel}","templated":true}]}}