{"id":23787,"date":"2025-11-25T16:24:56","date_gmt":"2025-11-25T15:24:56","guid":{"rendered":"https:\/\/serveiseducatius.xtec.cat\/hospitalet\/?page_id=23787"},"modified":"2026-03-10T12:04:32","modified_gmt":"2026-03-10T11:04:32","slug":"equip-crp-3","status":"publish","type":"page","link":"https:\/\/serveiseducatius.xtec.cat\/hospitalet\/equip-crp-3\/","title":{"rendered":"Equip CRP"},"content":{"rendered":"\n<figure class=\"wp-block-image alignleft size-large is-resized\" style=\"margin-top:var(--wp--preset--spacing--40);margin-right:var(--wp--preset--spacing--20);margin-bottom:var(--wp--preset--spacing--40);margin-left:var(--wp--preset--spacing--20)\"><a href=\"https:\/\/serveiseducatius.xtec.cat\/hospitalet\/wp-content\/uploads\/usu542\/2025\/09\/Equip-CRP-1.jpg\"><img loading=\"lazy\" decoding=\"async\" width=\"1024\" height=\"731\" src=\"https:\/\/serveiseducatius.xtec.cat\/hospitalet\/wp-content\/uploads\/usu542\/2025\/09\/Equip-CRP-1-1024x731.jpg\" alt=\"\" class=\"wp-image-23208\" style=\"object-fit:cover;width:400px;height:300px\" srcset=\"https:\/\/serveiseducatius.xtec.cat\/hospitalet\/wp-content\/uploads\/usu542\/2025\/09\/Equip-CRP-1-1024x731.jpg 1024w, https:\/\/serveiseducatius.xtec.cat\/hospitalet\/wp-content\/uploads\/usu542\/2025\/09\/Equip-CRP-1-300x214.jpg 300w, https:\/\/serveiseducatius.xtec.cat\/hospitalet\/wp-content\/uploads\/usu542\/2025\/09\/Equip-CRP-1-768x549.jpg 768w, https:\/\/serveiseducatius.xtec.cat\/hospitalet\/wp-content\/uploads\/usu542\/2025\/09\/Equip-CRP-1.jpg 1281w\" sizes=\"auto, (max-width: 1024px) 100vw, 1024px\" \/><\/a><\/figure>\n\n\n\n<div class=\"wp-block-columns is-layout-flex wp-container-core-columns-is-layout-2 wp-block-columns-is-layout-flex\">\n<div class=\"wp-block-column is-layout-flow wp-block-column-is-layout-flow\" style=\"flex-basis:100%\">\n<div class=\"wp-block-columns is-layout-flex wp-container-core-columns-is-layout-1 wp-block-columns-is-layout-flex\">\n<div class=\"wp-block-column is-layout-flow wp-block-column-is-layout-flow\" style=\"flex-basis:100%\">\n<figure class=\"wp-block-table\"><table class=\"has-fixed-layout\"><tbody><tr><td>\u00c0ngela Gonz\u00e1lez Garz\u00f3n<\/td><td>referent de la zona Centre, Sanfeliu i Sant Josep<\/td><td><a href=\"mailto:crp-hospitalet@xtec.cat\">crp-hospitalet@xtec.cat<\/a><\/td><\/tr><tr><td>Laura P\u00e9rez Timoneda<\/td><td>referent de la zona Pubilla Cases \u2013 Can Serra<\/td><td><a href=\"mailto:crp-hospitalet@xtec.cat\">crp-hospitalet@xtec.cat<\/a><\/td><\/tr><tr><td>Mart\u00ed Cerezo Gracia<\/td><td>referent de la zona Santa Eul\u00e0lia<\/td><td><a href=\"mailto:crp-hospitalet@xtec.cat\">crp-hospitalet@xtec.cat<\/a><\/td><\/tr><tr><td>Mireia Gonz\u00e1lez Merino (Directora)<\/td><td>referent de la zona Collblanc-Torrassa i La Florida<\/td><td><a href=\"mailto:crp-hospitalet@xtec.cat\">crp-hospitalet@xtec.cat<\/a><\/td><\/tr><tr><td>Vanessa Porras D\u00edaz<\/td><td>referent de la zona Bellvitge \u2013 Gornal<\/td><td><a href=\"mailto:crp-hospitalet@xtec.cat\">crp-hospitalet@xtec.cat<\/a><\/td><\/tr><\/tbody><\/table><\/figure>\n<\/div>\n<\/div>\n<\/div>\n<\/div>\n\n\n\n<p><\/p>\n","protected":false},"excerpt":{"rendered":"<p>\u00c0ngela Gonz\u00e1lez Garz\u00f3n referent de la zona Centre, Sanfeliu i Sant Josep crp-hospitalet@xtec.cat Laura P\u00e9rez Timoneda referent de la zona Pubilla Cases \u2013 Can Serra crp-hospitalet@xtec.cat Mart\u00ed Cerezo Gracia referent de la zona Santa Eul\u00e0lia crp-hospitalet@xtec.cat Mireia Gonz\u00e1lez Merino (Directora) referent de la zona Collblanc-Torrassa i La Florida crp-hospitalet@xtec.cat Vanessa Porras D\u00edaz referent de la [&hellip;]<\/p>\n","protected":false},"author":214,"featured_media":0,"parent":0,"menu_order":0,"comment_status":"closed","ping_status":"close","template":"","meta":{"_bbp_topic_count":0,"_bbp_reply_count":0,"_bbp_total_topic_count":0,"_bbp_total_reply_count":0,"_bbp_voice_count":0,"_bbp_anonymous_reply_count":0,"_bbp_topic_count_hidden":0,"_bbp_reply_count_hidden":0,"_bbp_forum_subforum_count":0,"site-sidebar-layout":"default","site-content-layout":"","ast-site-content-layout":"default","site-content-style":"default","site-sidebar-style":"default","ast-global-header-display":"","ast-banner-title-visibility":"","ast-main-header-display":"","ast-hfb-above-header-display":"","ast-hfb-below-header-display":"","ast-hfb-mobile-header-display":"","site-post-title":"","ast-breadcrumbs-content":"","ast-featured-img":"","footer-sml-layout":"","theme-transparent-header-meta":"","adv-header-id-meta":"","stick-header-meta":"","header-above-stick-meta":"","header-main-stick-meta":"","header-below-stick-meta":"","astra-migrate-meta-layouts":"set","ast-page-background-enabled":"default","ast-page-background-meta":{"desktop":{"background-color":"var(--ast-global-color-4)","background-image":"","background-repeat":"repeat","background-position":"center center","background-size":"auto","background-attachment":"scroll","background-type":"","background-media":"","overlay-type":"","overlay-color":"","overlay-opacity":"","overlay-gradient":""},"tablet":{"background-color":"","background-image":"","background-repeat":"repeat","background-position":"center center","background-size":"auto","background-attachment":"scroll","background-type":"","background-media":"","overlay-type":"","overlay-color":"","overlay-opacity":"","overlay-gradient":""},"mobile":{"background-color":"","background-image":"","background-repeat":"repeat","background-position":"center center","background-size":"auto","background-attachment":"scroll","background-type":"","background-media":"","overlay-type":"","overlay-color":"","overlay-opacity":"","overlay-gradient":""}},"ast-content-background-meta":{"desktop":{"background-color":"var(--ast-global-color-5)","background-image":"","background-repeat":"repeat","background-position":"center center","background-size":"auto","background-attachment":"scroll","background-type":"","background-media":"","overlay-type":"","overlay-color":"","overlay-opacity":"","overlay-gradient":""},"tablet":{"background-color":"var(--ast-global-color-5)","background-image":"","background-repeat":"repeat","background-position":"center center","background-size":"auto","background-attachment":"scroll","background-type":"","background-media":"","overlay-type":"","overlay-color":"","overlay-opacity":"","overlay-gradient":""},"mobile":{"background-color":"var(--ast-global-color-5)","background-image":"","background-repeat":"repeat","background-position":"center center","background-size":"auto","background-attachment":"scroll","background-type":"","background-media":"","overlay-type":"","overlay-color":"","overlay-opacity":"","overlay-gradient":""}},"footnotes":""},"class_list":["post-23787","page","type-page","status-publish","hentry"],"post_mailing_queue_ids":[],"_links":{"self":[{"href":"https:\/\/serveiseducatius.xtec.cat\/hospitalet\/wp-json\/wp\/v2\/pages\/23787","targetHints":{"allow":["GET"]}}],"collection":[{"href":"https:\/\/serveiseducatius.xtec.cat\/hospitalet\/wp-json\/wp\/v2\/pages"}],"about":[{"href":"https:\/\/serveiseducatius.xtec.cat\/hospitalet\/wp-json\/wp\/v2\/types\/page"}],"author":[{"embeddable":true,"href":"https:\/\/serveiseducatius.xtec.cat\/hospitalet\/wp-json\/wp\/v2\/users\/214"}],"replies":[{"embeddable":true,"href":"https:\/\/serveiseducatius.xtec.cat\/hospitalet\/wp-json\/wp\/v2\/comments?post=23787"}],"version-history":[{"count":2,"href":"https:\/\/serveiseducatius.xtec.cat\/hospitalet\/wp-json\/wp\/v2\/pages\/23787\/revisions"}],"predecessor-version":[{"id":24549,"href":"https:\/\/serveiseducatius.xtec.cat\/hospitalet\/wp-json\/wp\/v2\/pages\/23787\/revisions\/24549"}],"wp:attachment":[{"href":"https:\/\/serveiseducatius.xtec.cat\/hospitalet\/wp-json\/wp\/v2\/media?parent=23787"}],"curies":[{"name":"wp","href":"https:\/\/api.w.org\/{rel}","templated":true}]}}