{"id":23529,"date":"2025-10-23T13:11:34","date_gmt":"2025-10-23T11:11:34","guid":{"rendered":"https:\/\/serveiseducatius.xtec.cat\/hospitalet\/?page_id=23529"},"modified":"2025-11-07T11:53:10","modified_gmt":"2025-11-07T10:53:10","slug":"equip-eap","status":"publish","type":"page","link":"https:\/\/serveiseducatius.xtec.cat\/hospitalet\/equip-eap\/","title":{"rendered":"Equip EAP"},"content":{"rendered":"\n<figure class=\"wp-block-table\"><table class=\"has-fixed-layout\"><tbody><tr><td>Psicopedagog<\/td><td>Ana Bel\u00e9n Berg\u00f3s<\/td><td><a href=\"mailto:abergos@xtec.cat\" target=\"_blank\" rel=\"noreferrer noopener\">abergos@xtec.cat<\/a><\/td><td>C.C. Utmar<br>Esc. Pep Ventura<br>Ins. Torres i Bages<br>C.C. San Jaime<br>C.C. Sant Josep Obrer<\/td><\/tr><tr><td>Psicopedagog<\/td><td>Anabel Franc\u00e9s<\/td><td><a href=\"mailto:afrance4@xtec.cat\" target=\"_blank\" rel=\"noreferrer noopener\">afrance4@xtec.cat<\/a><\/td><td>C.E.E. Estel Can Bori<br>Esc. Josep Jan\u00e9s<br>C.C. Canig\u00f3<br>C.C. Alpes<\/td><\/tr><tr><td>Psicopedagog<\/td><td>\u00c0ngels Morillo<\/td><td><a href=\"mailto:amorill5@xtec.cat\" target=\"_blank\" rel=\"noreferrer noopener\">amorill5@xtec.cat<\/a><\/td><td>Esc. Patufet \u2013 Sant Jordi<br>Esc. Busquets i Punset<br>Ins. Merc\u00e8 Rodoreda<\/td><\/tr><tr><td>Psicopedagog<\/td><td>Anna Titsch<\/td><td><a href=\"mailto:atitsch@xtec.cat\" target=\"_blank\" rel=\"noreferrer noopener\">atitsch@xtec.cat<\/a><\/td><td>Esc. Pau Sans<br>Esc. Joan Maragall<br>Esc. St. Josep el Pi<br>Ins. Vilumara<\/td><\/tr><tr><td>Psicopedagog<\/td><td>Carme Ortega<\/td><td><a href=\"mailto:corteg19@xtec.cat\" target=\"_blank\" rel=\"noreferrer noopener\">corteg19@xtec.cat<\/a><\/td><td>Esc. Ernest Lluch<br>C.C. St. Jaume de la FEP<br>C.C. Montessori<br>C.C. Fax<br>C.C. Santa Marta<\/td><\/tr><tr><td>Psicopedagog<\/td><td>Eduard Balaguer\u00f3<\/td><td><a href=\"mailto:ebalagu1@xtec.cat\" target=\"_blank\" rel=\"noreferrer noopener\">ebalagu1@xtec.cat<\/a><\/td><td>Esc. Paco Candel<br>Esc. Bernat Desclot<br>Ins. LLobregat IFE<\/td><\/tr><tr><td>Psicopedagog<\/td><td>Eul\u00e0lia Manich<\/td><td><a href=\"mailto:emanich@xtec.cat\" target=\"_blank\" rel=\"noreferrer noopener\">emanich@xtec.cat<\/a><\/td><td>C.C. Azor\u00edn<br>C.C. Pineda<br>C.C. Avantis<br>C.C. Xaloc<br>Ins. Esc. Gornal<\/td><\/tr><tr><td>Psicopedagog<\/td><td>Eva Ollero<\/td><td><a href=\"mailto:eollero@xtec.cat\" target=\"_blank\" rel=\"noreferrer noopener\">eollero@xtec.cat<\/a><\/td><td>Esc .Charlie Rivel<br>Esc Pompeu Fabra<br>Ins. Eugeni d\u2019Ors<\/td><\/tr><tr><td>Psicopedagog<\/td><td>Eva Vilanova<\/td><td><a href=\"mailto:evilano1@xtec.cat\" target=\"_blank\" rel=\"noreferrer noopener\">evilano1@xtec.cat<\/a><\/td><td>Esc. Lola Anglada<br>Ins Esc.Puig i Gairalt<br>C.C. Alegre<br>C.C. Sanfeliu<\/td><\/tr><tr><td>Psicopedagog<\/td><td>Gemma Gasc\u00f3n<\/td><td><a href=\"mailto:ggascon3@xtec.cat\" target=\"_blank\" rel=\"noreferrer noopener\">ggascon3@xtec.cat<\/a><\/td><td>Esc. Milagros Consarnau<br>Ins. Jaume Botey<\/td><\/tr><tr><td>Psicopedagog<\/td><td>Irene Pintor<\/td><td><a href=\"mailto:cpere150@xtec.cat\" target=\"_blank\" rel=\"noreferrer noopener\">ipintor@xtec.cat<\/a><\/td><td>Esc. La Carpa<br>Esc. J.M. Folch i Torres<br>Ins. Rubi\u00f3 i Ors<\/td><\/tr><tr><td>Psicopedagog<\/td><td>Javier Gonz\u00e1lez<\/td><td><a href=\"mailto:jgonza6@xtec.cat\" target=\"_blank\" rel=\"noreferrer noopener\">jgonza6@xtec.cat<\/a><\/td><td>Inst. Apel\u00b7les Mestres<br>Esc. Pablo Neruda<br>Esc. Ausi\u00e0s March<\/td><\/tr><tr><td>Psicopedagog<\/td><td>Laia Boba<\/td><td><a href=\"mailto:lboba@xtec.cat\" target=\"_blank\" rel=\"noreferrer noopener\">lboba@xtec.cat<\/a><\/td><td>Ins. Esc. Pere Lliscart<br>Ins. Esc. Maria Miret<br>C.C. Sant Gervasi<br>C.C. Balaguer<\/td><\/tr><tr><td>Psicopedagog<\/td><td>Matilde S\u00e1nchez (Direcci\u00f3)<\/td><td><a href=\"mailto:eap-hospitalet@xtec.cat\" target=\"_blank\" rel=\"noreferrer noopener\">msanch25@xtec.cat<\/a><\/td><td>AIS<br>C.E.E L\u2019Escor\u00e7a<\/td><\/tr><tr><td>Psicopedagog<\/td><td>Merc\u00e8 Mu\u00f1oyerro<\/td><td><a href=\"mailto:mmunoyer@xtec.cat\" target=\"_blank\" rel=\"noreferrer noopener\">mmunoyer@xtec.cat<\/a><\/td><td>Esc. Pau Casals<br>Esc. Joaquim Ruyra<br>Ins. Eduard Fontser\u00e9<\/td><\/tr><tr><td>Psicopedagog<\/td><td>N\u00faria Humet<\/td><td><a href=\"mailto:nhumet@xtec.cat\" target=\"_blank\" rel=\"noreferrer noopener\">nhumet@xtec.cat<\/a><\/td><td>Esc. Prat de Manta<br>Esc. Frederic Mistral<br>Ins. Proven\u00e7ana<br>Ins. Pedraforca<br>C.C. Tecla Sala<\/td><\/tr><tr><td>Psicopedagog<\/td><td>Oriol P\u00e9rez<\/td><td><a href=\"mailto:cdoblad2@xtec.cat\" target=\"_blank\" rel=\"noreferrer noopener\">operez19@xtec.cat<\/a><\/td><td>Esc. M\u00e0rius Torres<br>Esc. Santiago Ram\u00f3n y Cajal<br>Ins. Margarida Xirgu<\/td><\/tr><tr><td>Psicopedagog<\/td><td>Paula Caball<\/td><td><a href=\"mailto:pcaball@xtec.cat\" target=\"_blank\" rel=\"noreferrer noopener\">pcaball@xtec.cat<\/a><\/td><td>Ins. Bisbe Berenguer<br>Esc. Bellvitge<br>C.C. Casal dels \u00e0ngels<\/td><\/tr><tr><td>Psicopedagog<\/td><td>Raquel Rioja<\/td><td><a href=\"mailto:rrioja@xtec.cat\" target=\"_blank\" rel=\"noreferrer noopener\">rrioja@xtec.cat<\/a><\/td><td>C.C. Pare Enric d\u2019Oss\u00f3<br>Ins. Bellvitge<br>Esc. La Marina<br>Esc. Ram\u00f3n Muntaner<\/td><\/tr><tr><td>Psicopedagog<\/td><td>Rosa Rom\u00e1n<\/td><td><a href=\"mailto:rroman3@xtec.cat\" target=\"_blank\" rel=\"noreferrer noopener\">rroman3@xtec.cat<\/a><\/td><td>Esc. Proven\u00e7ana<br>Ins. Santa Eul\u00e0lia<\/td><\/tr><tr><td>Psicopedagog<\/td><td>Sara Arguimbau<\/td><td><a href=\"mailto:sarguimb@xtec.cat\" target=\"_blank\" rel=\"noreferrer noopener\">sarguimb@xtec.cat<\/a><\/td><td>Esc. Pau Vila<br>Esc. Men\u00e9ndez Pidal<br>C.C. Norai<br>C.C. La Florida<\/td><\/tr><tr><td>Psicopedagog<\/td><td>Sara Roig<\/td><td><a href=\"mailto:sroig7@xtec.cat\" target=\"_blank\" rel=\"noreferrer noopener\">sroig7@xtec.cat<\/a><\/td><td>Esc. Bernat Metge<br>Ins. Europa<br>CC. Joan XXIII<br>CC Jaume Balmes<\/td><\/tr><\/tbody><\/table><\/figure>\n\n\n\n<figure class=\"wp-block-table\"><table class=\"has-fixed-layout\"><tbody><tr><td>Fisioterapeuta<\/td><td>Laia Ventura<\/td><td><a href=\"mailto:lventur9@xtec.cat\" target=\"_blank\" rel=\"noreferrer noopener\">lventur9@xtec.cat<\/a><\/td><td><\/td><\/tr><tr><td>Fisioterapeuta<\/td><td>Magda Arrufat<\/td><td><a href=\"mailto:marruf10@xtec.cat\" target=\"_blank\" rel=\"noreferrer noopener\">marruf10@xtec.cat<\/a><\/td><td><\/td><\/tr><tr><td>Fisioterapeuta<\/td><td>Montserrat Gonz\u00e1lez<\/td><td><a href=\"mailto:mgonz422@xtec.cat\" target=\"_blank\" rel=\"noreferrer noopener\">mgonz422@xtec.cat<\/a><\/td><td><\/td><\/tr><tr><td>Fisioterapeuta<\/td><td>Marc Riba<\/td><td><a href=\"mailto:mubach3@xtec.cat\" target=\"_blank\" rel=\"noreferrer noopener\">mriba17@xtec.cat<\/a><\/td><td><\/td><\/tr><tr><td>Fisioterapeuta<\/td><td>Montserrat Ubach<\/td><td><a href=\"mailto:mubach3@xtec.cat\" target=\"_blank\" rel=\"noreferrer noopener\">mubach3@xtec.cat<\/a><\/td><td><\/td><\/tr><\/tbody><\/table><\/figure>\n\n\n\n<figure class=\"wp-block-table\"><table class=\"has-fixed-layout\"><tbody><tr><td>Treballador social<\/td><td>Anna Fern\u00e1ndez<\/td><td><a href=\"mailto:afern202@xtec.cat\" target=\"_blank\" rel=\"noreferrer noopener\">afern202@xtec.cat<\/a><\/td><td><\/td><\/tr><tr><td>Treballador social<\/td><td>Francis Molist<\/td><td><a href=\"mailto:fmolist@xtec.cat\" target=\"_blank\" rel=\"noreferrer noopener\">fmolist@xtec.cat<\/a><\/td><td><\/td><\/tr><tr><td>Treballador social<\/td><td>Gemma Fuster<\/td><td><a href=\"mailto:gfuster4@xtec.cat\" target=\"_blank\" rel=\"noreferrer noopener\">gfuster4@xtec.cat<\/a><\/td><td><\/td><\/tr><tr><td>Treballador social<\/td><td>Jorge Gimeno<\/td><td><a href=\"mailto:jgimen52@xtec.cat\" target=\"_blank\" rel=\"noreferrer noopener\">jgimen52@xtec.cat<\/a><\/td><td><\/td><\/tr><tr><td>Treballador social<\/td><td>Alejandra Taboada<\/td><td><a href=\"mailto:jgimen52@xtec.cat\" target=\"_blank\" rel=\"noreferrer noopener\">ataboad1@xtec.cat<\/a><\/td><td><\/td><\/tr><\/tbody><\/table><\/figure>\n\n\n\n<figure class=\"wp-block-table\"><table class=\"has-fixed-layout\"><tbody><tr><td>Logopeda<\/td><td>M\u00f2nica Murias<\/td><td><a href=\"mailto:jgimen52@xtec.cat\" target=\"_blank\" rel=\"noreferrer noopener\">mmurias1@xtec.cat<\/a><\/td><td><\/td><\/tr><\/tbody><\/table><\/figure>\n\n\n\n<p>Si necessiteu contactar amb l&#8217;EAP ho podeu fer en aquest correu: <a href=\"mailto:jgimen52@xtec.cat\" target=\"_blank\" rel=\"noreferrer noopener\">a8902204@xtec.cat<\/a><\/p>\n\n\n\n<p><\/p>\n","protected":false},"excerpt":{"rendered":"<p>Psicopedagog Ana Bel\u00e9n Berg\u00f3s abergos@xtec.cat C.C. UtmarEsc. Pep VenturaIns. Torres i BagesC.C. San JaimeC.C. Sant Josep Obrer Psicopedagog Anabel Franc\u00e9s afrance4@xtec.cat C.E.E. Estel Can BoriEsc. Josep Jan\u00e9sC.C. Canig\u00f3C.C. Alpes Psicopedagog \u00c0ngels Morillo amorill5@xtec.cat Esc. Patufet \u2013 Sant JordiEsc. Busquets i PunsetIns. Merc\u00e8 Rodoreda Psicopedagog Anna Titsch atitsch@xtec.cat Esc. Pau SansEsc. Joan MaragallEsc. St. Josep el [&hellip;]<\/p>\n","protected":false},"author":214,"featured_media":0,"parent":0,"menu_order":0,"comment_status":"closed","ping_status":"close","template":"","meta":{"_bbp_topic_count":0,"_bbp_reply_count":0,"_bbp_total_topic_count":0,"_bbp_total_reply_count":0,"_bbp_voice_count":0,"_bbp_anonymous_reply_count":0,"_bbp_topic_count_hidden":0,"_bbp_reply_count_hidden":0,"_bbp_forum_subforum_count":0,"site-sidebar-layout":"default","site-content-layout":"","ast-site-content-layout":"default","site-content-style":"default","site-sidebar-style":"default","ast-global-header-display":"","ast-banner-title-visibility":"","ast-main-header-display":"","ast-hfb-above-header-display":"","ast-hfb-below-header-display":"","ast-hfb-mobile-header-display":"","site-post-title":"","ast-breadcrumbs-content":"","ast-featured-img":"","footer-sml-layout":"","theme-transparent-header-meta":"","adv-header-id-meta":"","stick-header-meta":"","header-above-stick-meta":"","header-main-stick-meta":"","header-below-stick-meta":"","astra-migrate-meta-layouts":"set","ast-page-background-enabled":"default","ast-page-background-meta":{"desktop":{"background-color":"var(--ast-global-color-4)","background-image":"","background-repeat":"repeat","background-position":"center center","background-size":"auto","background-attachment":"scroll","background-type":"","background-media":"","overlay-type":"","overlay-color":"","overlay-opacity":"","overlay-gradient":""},"tablet":{"background-color":"","background-image":"","background-repeat":"repeat","background-position":"center center","background-size":"auto","background-attachment":"scroll","background-type":"","background-media":"","overlay-type":"","overlay-color":"","overlay-opacity":"","overlay-gradient":""},"mobile":{"background-color":"","background-image":"","background-repeat":"repeat","background-position":"center center","background-size":"auto","background-attachment":"scroll","background-type":"","background-media":"","overlay-type":"","overlay-color":"","overlay-opacity":"","overlay-gradient":""}},"ast-content-background-meta":{"desktop":{"background-color":"var(--ast-global-color-5)","background-image":"","background-repeat":"repeat","background-position":"center center","background-size":"auto","background-attachment":"scroll","background-type":"","background-media":"","overlay-type":"","overlay-color":"","overlay-opacity":"","overlay-gradient":""},"tablet":{"background-color":"var(--ast-global-color-5)","background-image":"","background-repeat":"repeat","background-position":"center center","background-size":"auto","background-attachment":"scroll","background-type":"","background-media":"","overlay-type":"","overlay-color":"","overlay-opacity":"","overlay-gradient":""},"mobile":{"background-color":"var(--ast-global-color-5)","background-image":"","background-repeat":"repeat","background-position":"center center","background-size":"auto","background-attachment":"scroll","background-type":"","background-media":"","overlay-type":"","overlay-color":"","overlay-opacity":"","overlay-gradient":""}},"footnotes":""},"class_list":["post-23529","page","type-page","status-publish","hentry"],"post_mailing_queue_ids":[],"_links":{"self":[{"href":"https:\/\/serveiseducatius.xtec.cat\/hospitalet\/wp-json\/wp\/v2\/pages\/23529","targetHints":{"allow":["GET"]}}],"collection":[{"href":"https:\/\/serveiseducatius.xtec.cat\/hospitalet\/wp-json\/wp\/v2\/pages"}],"about":[{"href":"https:\/\/serveiseducatius.xtec.cat\/hospitalet\/wp-json\/wp\/v2\/types\/page"}],"author":[{"embeddable":true,"href":"https:\/\/serveiseducatius.xtec.cat\/hospitalet\/wp-json\/wp\/v2\/users\/214"}],"replies":[{"embeddable":true,"href":"https:\/\/serveiseducatius.xtec.cat\/hospitalet\/wp-json\/wp\/v2\/comments?post=23529"}],"version-history":[{"count":3,"href":"https:\/\/serveiseducatius.xtec.cat\/hospitalet\/wp-json\/wp\/v2\/pages\/23529\/revisions"}],"predecessor-version":[{"id":23602,"href":"https:\/\/serveiseducatius.xtec.cat\/hospitalet\/wp-json\/wp\/v2\/pages\/23529\/revisions\/23602"}],"wp:attachment":[{"href":"https:\/\/serveiseducatius.xtec.cat\/hospitalet\/wp-json\/wp\/v2\/media?parent=23529"}],"curies":[{"name":"wp","href":"https:\/\/api.w.org\/{rel}","templated":true}]}}