{"id":22799,"date":"2025-06-17T11:17:19","date_gmt":"2025-06-17T09:17:19","guid":{"rendered":"https:\/\/serveiseducatius.xtec.cat\/hospitalet\/?page_id=22799"},"modified":"2025-06-20T12:48:40","modified_gmt":"2025-06-20T10:48:40","slug":"calendari","status":"publish","type":"page","link":"https:\/\/serveiseducatius.xtec.cat\/hospitalet\/calendari\/","title":{"rendered":"Calendari i horari"},"content":{"rendered":"\n<p>L\u2019<strong>horari d\u2019atenci\u00f3<\/strong> del Servei Educatiu \u00e9s:<\/p>\n\n\n\n<ul class=\"wp-block-list\">\n<li>Matins: de dilluns a divendres de 9 h a 14 h<\/li>\n\n\n\n<li>Tardes: de dilluns a dijous de 15:30 h a 17:30 h<\/li>\n<\/ul>\n\n\n\n<p><\/p>\n\n\n\n<p>El servei educatiu romandr\u00e0 tancat al p\u00fablic, a m\u00e9s dels per\u00edodes de vacances escolars i dels dies de festes laborals oficials a Catalunya, els dies de festa local i els de lliure disposici\u00f3, acordats pel Consell Escolar Municipal de l\u2019Hospitalet de Llobregat.<\/p>\n\n\n\n<p><strong>Dies de lliure disposici\u00f3 curs 2024-2025:<\/strong><\/p>\n\n\n\n<ul class=\"wp-block-list\">\n<li>4 novembre 2024<\/li>\n\n\n\n<li>14 febrer 2025<\/li>\n\n\n\n<li>3 mar\u00e7 2025<\/li>\n\n\n\n<li>2 maig de 2025<\/li>\n<\/ul>\n\n\n\n<p><\/p>\n\n\n\n<iframe loading=\"lazy\" src=\"https:\/\/calendar.google.com\/calendar\/embed?src=xtec.cat_c7mv97mfjufscmih9sn8mcsj3c%40group.calendar.google.com&#038;ctz=Europe%2FMadrid\" style=\"border: 0\" width=\"800\" height=\"600\" frameborder=\"0\" scrolling=\"no\"><\/iframe>\n\n\n\n<p><\/p>\n\n\n\n<p><\/p>\n","protected":false},"excerpt":{"rendered":"<p>L\u2019horari d\u2019atenci\u00f3 del Servei Educatiu \u00e9s: El servei educatiu romandr\u00e0 tancat al p\u00fablic, a m\u00e9s dels per\u00edodes de vacances escolars i dels dies de festes laborals oficials a Catalunya, els dies de festa local i els de lliure disposici\u00f3, acordats pel Consell Escolar Municipal de l\u2019Hospitalet de Llobregat. Dies de lliure disposici\u00f3 curs 2024-2025:<\/p>\n","protected":false},"author":214,"featured_media":0,"parent":0,"menu_order":0,"comment_status":"closed","ping_status":"close","template":"","meta":{"_bbp_topic_count":0,"_bbp_reply_count":0,"_bbp_total_topic_count":0,"_bbp_total_reply_count":0,"_bbp_voice_count":0,"_bbp_anonymous_reply_count":0,"_bbp_topic_count_hidden":0,"_bbp_reply_count_hidden":0,"_bbp_forum_subforum_count":0,"site-sidebar-layout":"default","site-content-layout":"","ast-site-content-layout":"default","site-content-style":"default","site-sidebar-style":"default","ast-global-header-display":"","ast-banner-title-visibility":"","ast-main-header-display":"","ast-hfb-above-header-display":"","ast-hfb-below-header-display":"","ast-hfb-mobile-header-display":"","site-post-title":"","ast-breadcrumbs-content":"","ast-featured-img":"","footer-sml-layout":"","theme-transparent-header-meta":"","adv-header-id-meta":"","stick-header-meta":"","header-above-stick-meta":"","header-main-stick-meta":"","header-below-stick-meta":"","astra-migrate-meta-layouts":"set","ast-page-background-enabled":"default","ast-page-background-meta":{"desktop":{"background-color":"var(--ast-global-color-4)","background-image":"","background-repeat":"repeat","background-position":"center center","background-size":"auto","background-attachment":"scroll","background-type":"","background-media":"","overlay-type":"","overlay-color":"","overlay-opacity":"","overlay-gradient":""},"tablet":{"background-color":"","background-image":"","background-repeat":"repeat","background-position":"center center","background-size":"auto","background-attachment":"scroll","background-type":"","background-media":"","overlay-type":"","overlay-color":"","overlay-opacity":"","overlay-gradient":""},"mobile":{"background-color":"","background-image":"","background-repeat":"repeat","background-position":"center center","background-size":"auto","background-attachment":"scroll","background-type":"","background-media":"","overlay-type":"","overlay-color":"","overlay-opacity":"","overlay-gradient":""}},"ast-content-background-meta":{"desktop":{"background-color":"var(--ast-global-color-5)","background-image":"","background-repeat":"repeat","background-position":"center center","background-size":"auto","background-attachment":"scroll","background-type":"","background-media":"","overlay-type":"","overlay-color":"","overlay-opacity":"","overlay-gradient":""},"tablet":{"background-color":"var(--ast-global-color-5)","background-image":"","background-repeat":"repeat","background-position":"center center","background-size":"auto","background-attachment":"scroll","background-type":"","background-media":"","overlay-type":"","overlay-color":"","overlay-opacity":"","overlay-gradient":""},"mobile":{"background-color":"var(--ast-global-color-5)","background-image":"","background-repeat":"repeat","background-position":"center center","background-size":"auto","background-attachment":"scroll","background-type":"","background-media":"","overlay-type":"","overlay-color":"","overlay-opacity":"","overlay-gradient":""}},"footnotes":""},"class_list":["post-22799","page","type-page","status-publish","hentry"],"post_mailing_queue_ids":[],"_links":{"self":[{"href":"https:\/\/serveiseducatius.xtec.cat\/hospitalet\/wp-json\/wp\/v2\/pages\/22799","targetHints":{"allow":["GET"]}}],"collection":[{"href":"https:\/\/serveiseducatius.xtec.cat\/hospitalet\/wp-json\/wp\/v2\/pages"}],"about":[{"href":"https:\/\/serveiseducatius.xtec.cat\/hospitalet\/wp-json\/wp\/v2\/types\/page"}],"author":[{"embeddable":true,"href":"https:\/\/serveiseducatius.xtec.cat\/hospitalet\/wp-json\/wp\/v2\/users\/214"}],"replies":[{"embeddable":true,"href":"https:\/\/serveiseducatius.xtec.cat\/hospitalet\/wp-json\/wp\/v2\/comments?post=22799"}],"version-history":[{"count":6,"href":"https:\/\/serveiseducatius.xtec.cat\/hospitalet\/wp-json\/wp\/v2\/pages\/22799\/revisions"}],"predecessor-version":[{"id":22927,"href":"https:\/\/serveiseducatius.xtec.cat\/hospitalet\/wp-json\/wp\/v2\/pages\/22799\/revisions\/22927"}],"wp:attachment":[{"href":"https:\/\/serveiseducatius.xtec.cat\/hospitalet\/wp-json\/wp\/v2\/media?parent=22799"}],"curies":[{"name":"wp","href":"https:\/\/api.w.org\/{rel}","templated":true}]}}