{"id":16377,"date":"2021-07-14T21:46:29","date_gmt":"2021-07-14T19:46:29","guid":{"rendered":"http:\/\/serveiseducatius.xtec.cat\/hospitalet\/?page_id=16377"},"modified":"2024-02-22T11:10:07","modified_gmt":"2024-02-22T10:10:07","slug":"daltres-activitats-propostes-del-departament-curs-2021-22","status":"publish","type":"page","link":"https:\/\/serveiseducatius.xtec.cat\/hospitalet\/daltres-activitats-propostes-del-departament-curs-2021-22\/","title":{"rendered":"D&#8217;altres activitats. Propostes del Departament Curs 2021-22"},"content":{"rendered":"<p>Recordeu que les activitats s\u00f3n virtuals i que encara que es faci en un altre Servei Territorial es poden inscriure docents de tot Catalunya, de centres p\u00fablics i concertats, l&#8217;\u00fanica condici\u00f3 \u00e9s que tinguin correu xtec.<\/p>\n<p>&nbsp;<\/p>\n<table style=\"width: 678px; height: 1304px;\">\n<tbody>\n<tr style=\"height: 47px;\">\n<td style=\"width: 108.182px; height: 47px;\"><b>\u00c0mbit<\/b><\/td>\n<td style=\"width: 107.273px; height: 47px;\"><b>Codi curs<\/b><\/td>\n<td style=\"width: 330px; height: 47px;\"><b>Activitat<\/b><\/td>\n<td style=\"width: 120.909px; height: 47px;\"><b>ST que gestiona<\/b><\/td>\n<\/tr>\n<tr style=\"height: 47px;\">\n<td style=\"width: 108.182px; height: 94px;\" rowspan=\"2\">Ci\u00e8ncies Socials<\/td>\n<td style=\"width: 107.273px; height: 47px;\"><\/td>\n<td style=\"width: 330px; height: 47px;\"><\/td>\n<td style=\"width: 120.909px; height: 47px;\">BCN Comarques<\/td>\n<\/tr>\n<tr style=\"height: 47px;\">\n<td style=\"width: 107.273px; height: 47px;\"><\/td>\n<td style=\"width: 330px; height: 47px;\"><\/td>\n<td style=\"width: 120.909px; height: 47px;\">Girona<\/td>\n<\/tr>\n<tr style=\"height: 47px;\">\n<td style=\"width: 108.182px; height: 94px;\" rowspan=\"2\">Ci\u00e8ncies<\/td>\n<td style=\"width: 107.273px; height: 47px;\"><\/td>\n<td style=\"width: 330px; height: 47px;\"><\/td>\n<td style=\"width: 120.909px; height: 47px;\">Baix Llobregat<\/td>\n<\/tr>\n<tr style=\"height: 47px;\">\n<td style=\"width: 107.273px; height: 47px;\"><\/td>\n<td style=\"width: 330px; height: 47px;\"><\/td>\n<td style=\"width: 120.909px; height: 47px;\">Vall\u00e8s Occidental<\/td>\n<\/tr>\n<tr style=\"height: 47px;\">\n<td style=\"width: 108.182px; height: 141px;\" rowspan=\"3\">Matem\u00e0tiques<\/td>\n<td style=\"width: 107.273px; height: 47px;\"><\/td>\n<td style=\"width: 330px; height: 47px;\"><\/td>\n<td style=\"width: 120.909px; height: 47px;\">Maresme\/Vall\u00e8s<\/td>\n<\/tr>\n<tr style=\"height: 47px;\">\n<td style=\"width: 107.273px; height: 47px;\"><\/td>\n<td style=\"width: 330px; height: 47px;\"><\/td>\n<td style=\"width: 120.909px; height: 47px;\">Vall\u00e8s Occidental<\/td>\n<\/tr>\n<tr style=\"height: 47px;\">\n<td style=\"width: 107.273px; height: 47px;\"><\/td>\n<td style=\"width: 330px; height: 47px;\"><\/td>\n<td style=\"width: 120.909px; height: 47px;\">Lleida<\/td>\n<\/tr>\n<tr style=\"height: 47px;\">\n<td style=\"width: 108.182px; height: 94px;\" rowspan=\"2\">Tecnologia<\/td>\n<td style=\"width: 107.273px; height: 47px;\"><\/td>\n<td style=\"width: 330px; height: 47px;\"><\/td>\n<td style=\"width: 120.909px; height: 47px;\">Girona<\/td>\n<\/tr>\n<tr style=\"height: 47px;\">\n<td style=\"width: 107.273px; height: 47px;\"><\/td>\n<td style=\"width: 330px; height: 47px;\"><\/td>\n<td style=\"width: 120.909px; height: 47px;\">Terres Ebre<\/td>\n<\/tr>\n<tr style=\"height: 47px;\">\n<td style=\"width: 108.182px; height: 141px;\" rowspan=\"3\">Lleng\u00fces<\/p>\n<p>&nbsp;<\/td>\n<td style=\"width: 107.273px; height: 47px;\"><\/td>\n<td style=\"width: 330px; height: 47px;\"><\/td>\n<td style=\"width: 120.909px; height: 47px;\">Maresme\/Vall\u00e8s<\/td>\n<\/tr>\n<tr style=\"height: 47px;\">\n<td style=\"width: 107.273px; height: 47px;\"><\/td>\n<td style=\"width: 330px; height: 47px;\"><\/td>\n<td style=\"width: 120.909px; height: 47px;\">BCN Comarques<\/td>\n<\/tr>\n<tr style=\"height: 47px;\">\n<td style=\"width: 107.273px; height: 47px;\"><\/td>\n<td style=\"width: 330px; height: 47px;\"><\/td>\n<td style=\"width: 120.909px; height: 47px;\">Tarragona<\/td>\n<\/tr>\n<tr style=\"height: 47px;\">\n<td style=\"width: 108.182px; height: 329px;\" rowspan=\"7\">ELIC<\/td>\n<td style=\"width: 107.273px; height: 47px;\"><\/td>\n<td style=\"width: 330px; height: 47px;\"><\/td>\n<td style=\"width: 120.909px; height: 47px;\">BCN Comarques<\/td>\n<\/tr>\n<tr style=\"height: 47px;\">\n<td style=\"width: 107.273px; height: 47px;\"><\/td>\n<td style=\"width: 330px; height: 47px;\"><\/td>\n<td style=\"width: 120.909px; height: 47px;\">BCN Comarques<\/td>\n<\/tr>\n<tr style=\"height: 47px;\">\n<td style=\"width: 107.273px; height: 47px;\"><\/td>\n<td style=\"width: 330px; height: 47px;\"><\/td>\n<td style=\"width: 120.909px; height: 47px;\">BCN Comarques<\/td>\n<\/tr>\n<tr style=\"height: 47px;\">\n<td style=\"width: 107.273px; height: 47px;\"><\/td>\n<td style=\"width: 330px; height: 47px;\"><\/td>\n<td style=\"width: 120.909px; height: 47px;\">BCN Comarques<\/td>\n<\/tr>\n<tr style=\"height: 47px;\">\n<td style=\"width: 107.273px; height: 47px;\"><\/td>\n<td style=\"width: 330px; height: 47px;\"><\/td>\n<td style=\"width: 120.909px; height: 47px;\">BCN Comarques<\/td>\n<\/tr>\n<tr style=\"height: 47px;\">\n<td style=\"width: 107.273px; height: 47px;\"><\/td>\n<td style=\"width: 330px; height: 47px;\"><\/td>\n<td style=\"width: 120.909px; height: 47px;\">BCN Comarques<\/td>\n<\/tr>\n<tr style=\"height: 47px;\">\n<td style=\"width: 107.273px; height: 47px;\"><\/td>\n<td style=\"width: 330px; height: 47px;\"><\/td>\n<td style=\"width: 120.909px; height: 47px;\">BCN Comarques<\/td>\n<\/tr>\n<tr style=\"height: 47px;\">\n<td style=\"width: 108.182px; height: 94px;\" rowspan=\"2\">Angl\u00e8s<\/td>\n<td style=\"width: 107.273px; height: 47px;\"><\/td>\n<td style=\"width: 330px; height: 47px;\"><\/td>\n<td style=\"width: 120.909px; height: 47px;\">Cons. Edu. BCN<\/td>\n<\/tr>\n<tr style=\"height: 47px;\">\n<td style=\"width: 107.273px; height: 47px;\"><\/td>\n<td style=\"width: 330px; height: 47px;\"><\/td>\n<td style=\"width: 120.909px; height: 47px;\">Cat. Central<\/td>\n<\/tr>\n<tr style=\"height: 47px;\">\n<td style=\"width: 108.182px; height: 47px;\">Educ. F\u00eds.<\/td>\n<td style=\"width: 107.273px; height: 47px;\"><\/td>\n<td style=\"width: 330px; height: 47px;\"><\/td>\n<td style=\"width: 120.909px; height: 47px;\">Lleida<\/td>\n<\/tr>\n<tr style=\"height: 47px;\">\n<td style=\"width: 108.182px; height: 47px;\">M\u00fasica<\/td>\n<td style=\"width: 107.273px; height: 47px;\"><\/td>\n<td style=\"width: 330px; height: 47px;\"><\/td>\n<td style=\"width: 120.909px; height: 47px;\">CEB<\/td>\n<\/tr>\n<tr style=\"height: 47px;\">\n<td style=\"width: 108.182px; height: 47px;\">Visual i Plast.<\/td>\n<td style=\"width: 107.273px; height: 47px;\"><\/td>\n<td style=\"width: 330px; height: 47px;\"><\/td>\n<td style=\"width: 120.909px; height: 47px;\">Cat. Central<\/td>\n<\/tr>\n<tr style=\"height: 55px;\">\n<td style=\"width: 108.182px; height: 129px;\" rowspan=\"3\">Programa Coeduca\u2019t<\/td>\n<td style=\"width: 107.273px; height: 35px;\"><\/td>\n<td style=\"width: 330px; height: 35px;\"><\/td>\n<td style=\"width: 120.909px; height: 35px;\">BCN Comarques<\/td>\n<\/tr>\n<tr style=\"height: 47px;\">\n<td style=\"width: 107.273px; height: 47px;\"><\/td>\n<td style=\"width: 330px; height: 47px;\"><\/td>\n<td style=\"width: 120.909px; height: 47px;\">BCN Comarques<\/td>\n<\/tr>\n<tr style=\"height: 47px;\">\n<td style=\"width: 107.273px; height: 47px;\"><\/td>\n<td style=\"width: 330px; height: 47px;\"><\/td>\n<td style=\"width: 120.909px; height: 47px;\">BCN Comarques<\/td>\n<\/tr>\n<\/tbody>\n<\/table>\n<p>&nbsp;<\/p>\n","protected":false},"excerpt":{"rendered":"<p>Recordeu que les activitats s\u00f3n virtuals i que encara que es faci en un altre Servei Territorial es poden inscriure docents de tot Catalunya, de centres p\u00fablics i concertats, l&#8217;\u00fanica condici\u00f3 \u00e9s que tinguin correu xtec. &nbsp; \u00c0mbit Codi curs Activitat ST que gestiona Ci\u00e8ncies Socials BCN Comarques Girona Ci\u00e8ncies Baix Llobregat Vall\u00e8s Occidental Matem\u00e0tiques [&hellip;]<\/p>\n","protected":false},"author":1,"featured_media":0,"parent":0,"menu_order":0,"comment_status":"closed","ping_status":"closed","template":"","meta":{"_bbp_topic_count":0,"_bbp_reply_count":0,"_bbp_total_topic_count":0,"_bbp_total_reply_count":0,"_bbp_voice_count":0,"_bbp_anonymous_reply_count":0,"_bbp_topic_count_hidden":0,"_bbp_reply_count_hidden":0,"_bbp_forum_subforum_count":0,"site-sidebar-layout":"default","site-content-layout":"","ast-site-content-layout":"","site-content-style":"default","site-sidebar-style":"default","ast-global-header-display":"","ast-banner-title-visibility":"","ast-main-header-display":"","ast-hfb-above-header-display":"","ast-hfb-below-header-display":"","ast-hfb-mobile-header-display":"","site-post-title":"","ast-breadcrumbs-content":"","ast-featured-img":"","footer-sml-layout":"","theme-transparent-header-meta":"","adv-header-id-meta":"","stick-header-meta":"","header-above-stick-meta":"","header-main-stick-meta":"","header-below-stick-meta":"","astra-migrate-meta-layouts":"default","ast-page-background-enabled":"default","ast-page-background-meta":{"desktop":{"background-color":"var(--ast-global-color-4)","background-image":"","background-repeat":"repeat","background-position":"center center","background-size":"auto","background-attachment":"scroll","background-type":"","background-media":"","overlay-type":"","overlay-color":"","overlay-opacity":"","overlay-gradient":""},"tablet":{"background-color":"","background-image":"","background-repeat":"repeat","background-position":"center center","background-size":"auto","background-attachment":"scroll","background-type":"","background-media":"","overlay-type":"","overlay-color":"","overlay-opacity":"","overlay-gradient":""},"mobile":{"background-color":"","background-image":"","background-repeat":"repeat","background-position":"center center","background-size":"auto","background-attachment":"scroll","background-type":"","background-media":"","overlay-type":"","overlay-color":"","overlay-opacity":"","overlay-gradient":""}},"ast-content-background-meta":{"desktop":{"background-color":"var(--ast-global-color-5)","background-image":"","background-repeat":"repeat","background-position":"center center","background-size":"auto","background-attachment":"scroll","background-type":"","background-media":"","overlay-type":"","overlay-color":"","overlay-opacity":"","overlay-gradient":""},"tablet":{"background-color":"var(--ast-global-color-5)","background-image":"","background-repeat":"repeat","background-position":"center center","background-size":"auto","background-attachment":"scroll","background-type":"","background-media":"","overlay-type":"","overlay-color":"","overlay-opacity":"","overlay-gradient":""},"mobile":{"background-color":"var(--ast-global-color-5)","background-image":"","background-repeat":"repeat","background-position":"center center","background-size":"auto","background-attachment":"scroll","background-type":"","background-media":"","overlay-type":"","overlay-color":"","overlay-opacity":"","overlay-gradient":""}},"footnotes":""},"class_list":["post-16377","page","type-page","status-publish","hentry"],"post_mailing_queue_ids":[],"_links":{"self":[{"href":"https:\/\/serveiseducatius.xtec.cat\/hospitalet\/wp-json\/wp\/v2\/pages\/16377","targetHints":{"allow":["GET"]}}],"collection":[{"href":"https:\/\/serveiseducatius.xtec.cat\/hospitalet\/wp-json\/wp\/v2\/pages"}],"about":[{"href":"https:\/\/serveiseducatius.xtec.cat\/hospitalet\/wp-json\/wp\/v2\/types\/page"}],"author":[{"embeddable":true,"href":"https:\/\/serveiseducatius.xtec.cat\/hospitalet\/wp-json\/wp\/v2\/users\/1"}],"replies":[{"embeddable":true,"href":"https:\/\/serveiseducatius.xtec.cat\/hospitalet\/wp-json\/wp\/v2\/comments?post=16377"}],"version-history":[{"count":2,"href":"https:\/\/serveiseducatius.xtec.cat\/hospitalet\/wp-json\/wp\/v2\/pages\/16377\/revisions"}],"predecessor-version":[{"id":16437,"href":"https:\/\/serveiseducatius.xtec.cat\/hospitalet\/wp-json\/wp\/v2\/pages\/16377\/revisions\/16437"}],"wp:attachment":[{"href":"https:\/\/serveiseducatius.xtec.cat\/hospitalet\/wp-json\/wp\/v2\/media?parent=16377"}],"curies":[{"name":"wp","href":"https:\/\/api.w.org\/{rel}","templated":true}]}}