{"id":15260,"date":"2021-02-25T07:38:04","date_gmt":"2021-02-25T06:38:04","guid":{"rendered":"http:\/\/serveiseducatius.xtec.cat\/hospitalet\/?page_id=15260"},"modified":"2021-12-28T07:59:45","modified_gmt":"2021-12-28T06:59:45","slug":"centre-sant-josep-i-sanfeliu","status":"publish","type":"page","link":"https:\/\/serveiseducatius.xtec.cat\/hospitalet\/centre-sant-josep-i-sanfeliu\/","title":{"rendered":"Centre, Sant Josep i Sanfeliu"},"content":{"rendered":"<h5><span style=\"color: #ff0000;\">Districte I. Mapa i situaci\u00f3<\/span><\/h5>\n<p><a href=\"https:\/\/www.google.com\/maps\/d\/u\/0\/edit?mid=1fyIRlumPMEjIPlH_NV3CTlstWwmX7GJe&amp;usp=sharing\" target=\"_blank\" rel=\"noopener noreferrer\"><img loading=\"lazy\" decoding=\"async\" class=\"alignnone wp-image-15251 size-full\" src=\"https:\/\/serveiseducatius.xtec.cat\/hospitalet\/wp-content\/uploads\/usu542\/2021\/02\/Districte-I-e1614180627683.png\" alt=\"\" width=\"200\" height=\"173\" \/><\/a><\/p>\n<hr \/>\n<h5><span style=\"color: #ff0000;\">Elements patrimonials, parcs i places de cada barri<br \/>\n<\/span><\/h5>\n<p><a href=\"https:\/\/drive.google.com\/file\/d\/0ByAUDy5g5huEa1FDenliNDhvWTZ0SWhURVljZk5tOEhqdk1J\/view\" target=\"_blank\" rel=\"noopener noreferrer\"><strong>Relaci\u00f3 d\u2019elements catalogats al Pla Especial de protecci\u00f3 del Patrimoni Arquitect\u00f2nic. Total 68<\/strong><\/a><\/p>\n<p>Alguns edificis, monuments i llocs emblem\u00e0tics de cada barri.<\/p>\n<p>Barri del Centre<\/p>\n\r\n\t<div class=\"slideshow_container slideshow_container_style-light\" style=\"height: 220px; \" data-slideshow-id=\"15592\" data-style-name=\"style-light\" data-style-version=\"2.3.1\" >\r\n\r\n\t\t\t\t\t<div class=\"slideshow_loading_icon\"><\/div>\r\n\t\t\r\n\t\t<div class=\"slideshow_content\" style=\"display: none;\">\r\n\r\n\t\t\t<div class=\"slideshow_view\">\r\n\t\t\t\t<div class=\"slideshow_slide slideshow_slide_image\">\r\n\t\t\t\t\t\t\t\t\t\t\t<img src=\"https:\/\/serveiseducatius.xtec.cat\/hospitalet\/wp-content\/uploads\/usu542\/2021\/04\/pont-llibertat.jpg\" alt=\"pont llibertat\" width=\"720\" height=\"450\" \/>\r\n\t\t\t\t\t\t\t\t\t\t<div class=\"slideshow_description_box slideshow_transparent\">\r\n\t\t\t\t\t\t<div class=\"slideshow_title\">pont llibertat<\/div>\t\t\t\t\t\t\t\t\t\t\t<\/div>\r\n\t\t\t\t<\/div>\r\n\r\n\t\t\t\t\t\t\r\n\t\t\t\t<div class=\"slideshow_slide slideshow_slide_image\">\r\n\t\t\t\t\t\t\t\t\t\t\t<img src=\"https:\/\/serveiseducatius.xtec.cat\/hospitalet\/wp-content\/uploads\/usu542\/2021\/04\/pla\u00e7a-repartidor.jpg\" alt=\"pla\u00e7a repartidor\" width=\"720\" height=\"450\" \/>\r\n\t\t\t\t\t\t\t\t\t\t<div class=\"slideshow_description_box slideshow_transparent\">\r\n\t\t\t\t\t\t<div class=\"slideshow_title\">pla\u00e7a repartidor<\/div>\t\t\t\t\t\t\t\t\t\t\t<\/div>\r\n\t\t\t\t<\/div>\r\n\r\n\t\t\t\t\t\t\r\n\t\t\t\t<div class=\"slideshow_slide slideshow_slide_image\">\r\n\t\t\t\t\t\t\t\t\t\t\t<img src=\"https:\/\/serveiseducatius.xtec.cat\/hospitalet\/wp-content\/uploads\/usu542\/2021\/04\/pla\u00e7a-lluis-companys.jpg\" alt=\"pla\u00e7a lluis companys\" width=\"720\" height=\"450\" \/>\r\n\t\t\t\t\t\t\t\t\t\t<div class=\"slideshow_description_box slideshow_transparent\">\r\n\t\t\t\t\t\t<div class=\"slideshow_title\">pla\u00e7a lluis companys<\/div>\t\t\t\t\t\t\t\t\t\t\t<\/div>\r\n\t\t\t\t<\/div>\r\n\r\n\t\t\t\t\t\t<div style=\"clear: both;\"><\/div><\/div><div class=\"slideshow_view\">\r\n\t\t\t\t<div class=\"slideshow_slide slideshow_slide_image\">\r\n\t\t\t\t\t\t\t\t\t\t\t<img src=\"https:\/\/serveiseducatius.xtec.cat\/hospitalet\/wp-content\/uploads\/usu542\/2021\/04\/parc-de-la-remunta.jpg\" alt=\"parc de la remunta\" width=\"600\" height=\"400\" \/>\r\n\t\t\t\t\t\t\t\t\t\t<div class=\"slideshow_description_box slideshow_transparent\">\r\n\t\t\t\t\t\t<div class=\"slideshow_title\">parc de la remunta<\/div>\t\t\t\t\t\t\t\t\t\t\t<\/div>\r\n\t\t\t\t<\/div>\r\n\r\n\t\t\t\t\t\t\r\n\t\t\t\t<div class=\"slideshow_slide slideshow_slide_image\">\r\n\t\t\t\t\t\t\t\t\t\t\t<img src=\"https:\/\/serveiseducatius.xtec.cat\/hospitalet\/wp-content\/uploads\/usu542\/2021\/04\/parc-can-creixells.jpg\" alt=\"parc can creixells\" width=\"600\" height=\"450\" \/>\r\n\t\t\t\t\t\t\t\t\t\t<div class=\"slideshow_description_box slideshow_transparent\">\r\n\t\t\t\t\t\t<div class=\"slideshow_title\">parc can creixells<\/div>\t\t\t\t\t\t\t\t\t\t\t<\/div>\r\n\t\t\t\t<\/div>\r\n\r\n\t\t\t\t\t\t\r\n\t\t\t\t<div class=\"slideshow_slide slideshow_slide_image\">\r\n\t\t\t\t\t\t\t\t\t\t\t<img src=\"https:\/\/serveiseducatius.xtec.cat\/hospitalet\/wp-content\/uploads\/usu542\/2021\/04\/esgl\u00e8sia.png\" alt=\"esgl\u00e8sia\" width=\"378\" height=\"376\" \/>\r\n\t\t\t\t\t\t\t\t\t\t<div class=\"slideshow_description_box slideshow_transparent\">\r\n\t\t\t\t\t\t<div class=\"slideshow_title\">esgl\u00e8sia<\/div>\t\t\t\t\t\t\t\t\t\t\t<\/div>\r\n\t\t\t\t<\/div>\r\n\r\n\t\t\t\t\t\t<div style=\"clear: both;\"><\/div><\/div><div class=\"slideshow_view\">\r\n\t\t\t\t<div class=\"slideshow_slide slideshow_slide_image\">\r\n\t\t\t\t\t\t\t\t\t\t\t<img src=\"https:\/\/serveiseducatius.xtec.cat\/hospitalet\/wp-content\/uploads\/usu542\/2021\/04\/Can-Vilumara-01-min.jpg\" alt=\"Can-Vilumara-01-min\" width=\"750\" height=\"500\" \/>\r\n\t\t\t\t\t\t\t\t\t\t<div class=\"slideshow_description_box slideshow_transparent\">\r\n\t\t\t\t\t\t<div class=\"slideshow_title\">Can-Vilumara-01-min<\/div>\t\t\t\t\t\t\t\t\t\t\t<\/div>\r\n\t\t\t\t<\/div>\r\n\r\n\t\t\t\t\t\t\r\n\t\t\t\t<div class=\"slideshow_slide slideshow_slide_image\">\r\n\t\t\t\t\t\t\t\t\t\t\t<img src=\"https:\/\/serveiseducatius.xtec.cat\/hospitalet\/wp-content\/uploads\/usu542\/2021\/04\/can-sumarro.jpg\" alt=\"can sumarro\" width=\"600\" height=\"449\" \/>\r\n\t\t\t\t\t\t\t\t\t\t<div class=\"slideshow_description_box slideshow_transparent\">\r\n\t\t\t\t\t\t<div class=\"slideshow_title\">can sumarro<\/div>\t\t\t\t\t\t\t\t\t\t\t<\/div>\r\n\t\t\t\t<\/div>\r\n\r\n\t\t\t\t\t\t\r\n\t\t\t\t<div class=\"slideshow_slide slideshow_slide_image\">\r\n\t\t\t\t\t\t\t\t\t\t\t<img src=\"https:\/\/serveiseducatius.xtec.cat\/hospitalet\/wp-content\/uploads\/usu542\/2021\/04\/article1.jpg\" alt=\"article1\" width=\"720\" height=\"450\" \/>\r\n\t\t\t\t\t\t\t\t\t\t<div class=\"slideshow_description_box slideshow_transparent\">\r\n\t\t\t\t\t\t<div class=\"slideshow_title\">article1<\/div>\t\t\t\t\t\t\t\t\t\t\t<\/div>\r\n\t\t\t\t<\/div>\r\n\r\n\t\t\t\t\t\t<div style=\"clear: both;\"><\/div><\/div><div class=\"slideshow_view\">\r\n\t\t\t\t<div class=\"slideshow_slide slideshow_slide_image\">\r\n\t\t\t\t\t\t\t\t\t\t\t<img src=\"https:\/\/serveiseducatius.xtec.cat\/hospitalet\/wp-content\/uploads\/usu542\/2021\/04\/article.jpg\" alt=\"article\" width=\"720\" height=\"450\" \/>\r\n\t\t\t\t\t\t\t\t\t\t<div class=\"slideshow_description_box slideshow_transparent\">\r\n\t\t\t\t\t\t<div class=\"slideshow_title\">article<\/div>\t\t\t\t\t\t\t\t\t\t\t<\/div>\r\n\t\t\t\t<\/div>\r\n\r\n\t\t\t\t\t\t\r\n\t\t\t\t<div class=\"slideshow_slide slideshow_slide_image\">\r\n\t\t\t\t\t\t\t\t\t\t\t<img src=\"https:\/\/serveiseducatius.xtec.cat\/hospitalet\/wp-content\/uploads\/usu542\/2021\/04\/ajuntament.png\" alt=\"ajuntament\" width=\"566\" height=\"378\" \/>\r\n\t\t\t\t\t\t\t\t\t\t<div class=\"slideshow_description_box slideshow_transparent\">\r\n\t\t\t\t\t\t<div class=\"slideshow_title\">ajuntament<\/div>\t\t\t\t\t\t\t\t\t\t\t<\/div>\r\n\t\t\t\t<\/div>\r\n\r\n\t\t\t\t\t\t\r\n\t\t\t\t<div class=\"slideshow_slide slideshow_slide_image\">\r\n\t\t\t\t\t\t\t\t\t\t\t<img src=\"https:\/\/serveiseducatius.xtec.cat\/hospitalet\/wp-content\/uploads\/usu542\/2021\/04\/acollidra1.jpg\" alt=\"acollidra1\" width=\"720\" height=\"450\" \/>\r\n\t\t\t\t\t\t\t\t\t\t<div class=\"slideshow_description_box slideshow_transparent\">\r\n\t\t\t\t\t\t<div class=\"slideshow_title\">acollidra1<\/div>\t\t\t\t\t\t\t\t\t\t\t<\/div>\r\n\t\t\t\t<\/div>\r\n\r\n\t\t\t\t\t\t<div style=\"clear: both;\"><\/div><\/div>\r\n\t\t<\/div>\r\n\r\n\t\t<div class=\"slideshow_controlPanel slideshow_transparent\" style=\"display: none;\"><ul><li class=\"slideshow_togglePlay\" data-play-text=\"Visualitza\" data-pause-text=\"Pausa\"><\/li><\/ul><\/div>\r\n\r\n\t\t<div class=\"slideshow_button slideshow_previous slideshow_transparent\" role=\"button\" data-previous-text=\"Anterior\" style=\"display: none;\"><\/div>\r\n\t\t<div class=\"slideshow_button slideshow_next slideshow_transparent\" role=\"button\" data-next-text=\"Seg\u00fcent\" style=\"display: none;\"><\/div>\r\n\r\n\t\t<div class=\"slideshow_pagination\" style=\"display: none;\" data-go-to-text=\"V\u00e9s a la diapositiva\"><div class=\"slideshow_pagination_center\"><\/div><\/div>\r\n\r\n\t\t<!-- WordPress Slideshow Version 2.3.1 -->\r\n\r\n\t\t\t<\/div>\r\n\r\n\n<p>Barri de Sant Josep<\/p>\n\r\n\t<div class=\"slideshow_container slideshow_container_style-light\" style=\"height: 220px; \" data-slideshow-id=\"15816\" data-style-name=\"style-light\" data-style-version=\"2.3.1\" >\r\n\r\n\t\t\t\t\t<div class=\"slideshow_loading_icon\"><\/div>\r\n\t\t\r\n\t\t<div class=\"slideshow_content\" style=\"display: none;\">\r\n\r\n\t\t\t<div class=\"slideshow_view\">\r\n\t\t\t\t<div class=\"slideshow_slide slideshow_slide_image\">\r\n\t\t\t\t\t\t\t\t\t\t\t<img src=\"https:\/\/serveiseducatius.xtec.cat\/hospitalet\/wp-content\/uploads\/usu542\/2021\/04\/Tuzla.jpg\" alt=\"Tuzla\" width=\"720\" height=\"450\" \/>\r\n\t\t\t\t\t\t\t\t\t\t<div class=\"slideshow_description_box slideshow_transparent\">\r\n\t\t\t\t\t\t<div class=\"slideshow_title\">Tuzla<\/div>\t\t\t\t\t\t\t\t\t\t\t<\/div>\r\n\t\t\t\t<\/div>\r\n\r\n\t\t\t\t\t\t\r\n\t\t\t\t<div class=\"slideshow_slide slideshow_slide_image\">\r\n\t\t\t\t\t\t\t\t\t\t\t<img src=\"https:\/\/serveiseducatius.xtec.cat\/hospitalet\/wp-content\/uploads\/usu542\/2021\/04\/tecla-sala-nit.jpg\" alt=\"tecla sala nit\" width=\"720\" height=\"450\" \/>\r\n\t\t\t\t\t\t\t\t\t\t<div class=\"slideshow_description_box slideshow_transparent\">\r\n\t\t\t\t\t\t<div class=\"slideshow_title\">tecla sala nit<\/div>\t\t\t\t\t\t\t\t\t\t\t<\/div>\r\n\t\t\t\t<\/div>\r\n\r\n\t\t\t\t\t\t\r\n\t\t\t\t<div class=\"slideshow_slide slideshow_slide_image\">\r\n\t\t\t\t\t\t\t\t\t\t\t<img src=\"https:\/\/serveiseducatius.xtec.cat\/hospitalet\/wp-content\/uploads\/usu542\/2021\/04\/Serp-1995.jpg\" alt=\"Serp 1995\" width=\"561\" height=\"415\" \/>\r\n\t\t\t\t\t\t\t\t\t\t<div class=\"slideshow_description_box slideshow_transparent\">\r\n\t\t\t\t\t\t<div class=\"slideshow_title\">Serp 1995<\/div>\t\t\t\t\t\t\t\t\t\t\t<\/div>\r\n\t\t\t\t<\/div>\r\n\r\n\t\t\t\t\t\t<div style=\"clear: both;\"><\/div><\/div><div class=\"slideshow_view\">\r\n\t\t\t\t<div class=\"slideshow_slide slideshow_slide_image\">\r\n\t\t\t\t\t\t\t\t\t\t\t<img src=\"https:\/\/serveiseducatius.xtec.cat\/hospitalet\/wp-content\/uploads\/usu542\/2021\/04\/Fa\u00e7ana-edifici-Tecla-Sala.jpg\" alt=\"Fa\u00e7ana-edifici-Tecla-Sala\" width=\"600\" height=\"450\" \/>\r\n\t\t\t\t\t\t\t\t\t\t<div class=\"slideshow_description_box slideshow_transparent\">\r\n\t\t\t\t\t\t<div class=\"slideshow_title\">Fa\u00e7ana-edifici-Tecla-Sala<\/div>\t\t\t\t\t\t\t\t\t\t\t<\/div>\r\n\t\t\t\t<\/div>\r\n\r\n\t\t\t\t\t\t\r\n\t\t\t\t<div class=\"slideshow_slide slideshow_slide_image\">\r\n\t\t\t\t\t\t\t\t\t\t\t<img src=\"https:\/\/serveiseducatius.xtec.cat\/hospitalet\/wp-content\/uploads\/usu542\/2021\/04\/Parc-de-la-Cabana.png\" alt=\"Parc de la Cabana\" width=\"743\" height=\"439\" \/>\r\n\t\t\t\t\t\t\t\t\t\t<div class=\"slideshow_description_box slideshow_transparent\">\r\n\t\t\t\t\t\t<div class=\"slideshow_title\">Parc de la Cabana<\/div>\t\t\t\t\t\t\t\t\t\t\t<\/div>\r\n\t\t\t\t<\/div>\r\n\r\n\t\t\t\t\t\t\r\n\t\t\t\t<div class=\"slideshow_slide slideshow_slide_image\">\r\n\t\t\t\t\t\t\t\t\t\t\t<img src=\"https:\/\/serveiseducatius.xtec.cat\/hospitalet\/wp-content\/uploads\/usu542\/2021\/04\/cosme-toda.jpeg\" alt=\"cosme toda\" width=\"339\" height=\"190\" \/>\r\n\t\t\t\t\t\t\t\t\t\t<div class=\"slideshow_description_box slideshow_transparent\">\r\n\t\t\t\t\t\t<div class=\"slideshow_title\">cosme toda<\/div>\t\t\t\t\t\t\t\t\t\t\t<\/div>\r\n\t\t\t\t<\/div>\r\n\r\n\t\t\t\t\t\t<div style=\"clear: both;\"><\/div><\/div>\r\n\t\t<\/div>\r\n\r\n\t\t<div class=\"slideshow_controlPanel slideshow_transparent\" style=\"display: none;\"><ul><li class=\"slideshow_togglePlay\" data-play-text=\"Visualitza\" data-pause-text=\"Pausa\"><\/li><\/ul><\/div>\r\n\r\n\t\t<div class=\"slideshow_button slideshow_previous slideshow_transparent\" role=\"button\" data-previous-text=\"Anterior\" style=\"display: none;\"><\/div>\r\n\t\t<div class=\"slideshow_button slideshow_next slideshow_transparent\" role=\"button\" data-next-text=\"Seg\u00fcent\" style=\"display: none;\"><\/div>\r\n\r\n\t\t<div class=\"slideshow_pagination\" style=\"display: none;\" data-go-to-text=\"V\u00e9s a la diapositiva\"><div class=\"slideshow_pagination_center\"><\/div><\/div>\r\n\r\n\t\t<!-- WordPress Slideshow Version 2.3.1 -->\r\n\r\n\t\t\t<\/div>\r\n\r\n\n<p>Barri de Sanfeliu<\/p>\n\r\n\t<div class=\"slideshow_container slideshow_container_style-light\" style=\"height: 220px; \" data-slideshow-id=\"15824\" data-style-name=\"style-light\" data-style-version=\"2.3.1\" >\r\n\r\n\t\t\t\t\t<div class=\"slideshow_loading_icon\"><\/div>\r\n\t\t\r\n\t\t<div class=\"slideshow_content\" style=\"display: none;\">\r\n\r\n\t\t\t<div class=\"slideshow_view\">\r\n\t\t\t\t<div class=\"slideshow_slide slideshow_slide_image\">\r\n\t\t\t\t\t\t\t\t\t\t\t<img src=\"https:\/\/serveiseducatius.xtec.cat\/hospitalet\/wp-content\/uploads\/usu542\/2021\/04\/buxeres.jpg\" alt=\"buxeres\" width=\"720\" height=\"450\" \/>\r\n\t\t\t\t\t\t\t\t\t\t<div class=\"slideshow_description_box slideshow_transparent\">\r\n\t\t\t\t\t\t<div class=\"slideshow_title\">buxeres<\/div>\t\t\t\t\t\t\t\t\t\t\t<\/div>\r\n\t\t\t\t<\/div>\r\n\r\n\t\t\t\t\t\t\r\n\t\t\t\t<div class=\"slideshow_slide slideshow_slide_image\">\r\n\t\t\t\t\t\t\t\t\t\t\t<img src=\"https:\/\/serveiseducatius.xtec.cat\/hospitalet\/wp-content\/uploads\/usu542\/2021\/04\/pla\u00e7a-comunitats.jpg\" alt=\"pla\u00e7a comunitats\" width=\"720\" height=\"450\" \/>\r\n\t\t\t\t\t\t\t\t\t\t<div class=\"slideshow_description_box slideshow_transparent\">\r\n\t\t\t\t\t\t<div class=\"slideshow_title\">pla\u00e7a comunitats<\/div>\t\t\t\t\t\t\t\t\t\t\t<\/div>\r\n\t\t\t\t<\/div>\r\n\r\n\t\t\t\t\t\t\r\n\t\t\t\t<div class=\"slideshow_slide slideshow_slide_image\">\r\n\t\t\t\t\t\t\t\t\t\t\t<img src=\"https:\/\/serveiseducatius.xtec.cat\/hospitalet\/wp-content\/uploads\/usu542\/2021\/04\/can-Nyac.png\" alt=\"can Nyac\" width=\"574\" height=\"397\" \/>\r\n\t\t\t\t\t\t\t\t\t\t<div class=\"slideshow_description_box slideshow_transparent\">\r\n\t\t\t\t\t\t<div class=\"slideshow_title\">can Nyac<\/div>\t\t\t\t\t\t\t\t\t\t\t<\/div>\r\n\t\t\t\t<\/div>\r\n\r\n\t\t\t\t\t\t<div style=\"clear: both;\"><\/div><\/div><div class=\"slideshow_view\">\r\n\t\t\t\t<div class=\"slideshow_slide slideshow_slide_image\">\r\n\t\t\t\t\t\t\t\t\t\t\t<img src=\"https:\/\/serveiseducatius.xtec.cat\/hospitalet\/wp-content\/uploads\/usu542\/2021\/04\/cirerers2.jpg\" alt=\"cirerers2\" width=\"720\" height=\"450\" \/>\r\n\t\t\t\t\t\t\t\t\t\t<div class=\"slideshow_description_box slideshow_transparent\">\r\n\t\t\t\t\t\t<div class=\"slideshow_title\">cirerers2<\/div>\t\t\t\t\t\t\t\t\t\t\t<\/div>\r\n\t\t\t\t<\/div>\r\n\r\n\t\t\t\t\t\t\r\n\t\t\t\t<div class=\"slideshow_slide slideshow_slide_image\">\r\n\t\t\t\t\t\t\t\t\t\t\t<img src=\"https:\/\/serveiseducatius.xtec.cat\/hospitalet\/wp-content\/uploads\/usu542\/2021\/04\/can-buxeres.jpeg\" alt=\"can buxeres\" width=\"449\" height=\"220\" \/>\r\n\t\t\t\t\t\t\t\t\t\t<div class=\"slideshow_description_box slideshow_transparent\">\r\n\t\t\t\t\t\t<div class=\"slideshow_title\">can buxeres<\/div>\t\t\t\t\t\t\t\t\t\t\t<\/div>\r\n\t\t\t\t<\/div>\r\n\r\n\t\t\t\t\t\t\r\n\t\t\t\t<div class=\"slideshow_slide slideshow_slide_image\">\r\n\t\t\t\t\t\t\t\t\t\t\t<img src=\"https:\/\/serveiseducatius.xtec.cat\/hospitalet\/wp-content\/uploads\/usu542\/2021\/04\/cirerers.jpg\" alt=\"cirerers\" width=\"720\" height=\"450\" \/>\r\n\t\t\t\t\t\t\t\t\t\t<div class=\"slideshow_description_box slideshow_transparent\">\r\n\t\t\t\t\t\t<div class=\"slideshow_title\">cirerers<\/div>\t\t\t\t\t\t\t\t\t\t\t<\/div>\r\n\t\t\t\t<\/div>\r\n\r\n\t\t\t\t\t\t<div style=\"clear: both;\"><\/div><\/div>\r\n\t\t<\/div>\r\n\r\n\t\t<div class=\"slideshow_controlPanel slideshow_transparent\" style=\"display: none;\"><ul><li class=\"slideshow_togglePlay\" data-play-text=\"Visualitza\" data-pause-text=\"Pausa\"><\/li><\/ul><\/div>\r\n\r\n\t\t<div class=\"slideshow_button slideshow_previous slideshow_transparent\" role=\"button\" data-previous-text=\"Anterior\" style=\"display: none;\"><\/div>\r\n\t\t<div class=\"slideshow_button slideshow_next slideshow_transparent\" role=\"button\" data-next-text=\"Seg\u00fcent\" style=\"display: none;\"><\/div>\r\n\r\n\t\t<div class=\"slideshow_pagination\" style=\"display: none;\" data-go-to-text=\"V\u00e9s a la diapositiva\"><div class=\"slideshow_pagination_center\"><\/div><\/div>\r\n\r\n\t\t<!-- WordPress Slideshow Version 2.3.1 -->\r\n\r\n\t\t\t<\/div>\r\n\r\n\n<hr \/>\n<h5><span style=\"color: #ff0000;\">Parc de Can Buxeres<\/span><\/h5>\n<p><a href=\"https:\/\/infoparcs.amb.cat\/parc\/detall\/5714526\" target=\"_blank\" rel=\"noopener noreferrer\"><img loading=\"lazy\" decoding=\"async\" class=\"size-medium wp-image-16394 alignleft\" src=\"https:\/\/serveiseducatius.xtec.cat\/hospitalet\/wp-content\/uploads\/usu542\/2021\/07\/Parc-Can-Buxeres-300x164.png\" alt=\"\" width=\"300\" height=\"164\" srcset=\"https:\/\/serveiseducatius.xtec.cat\/hospitalet\/wp-content\/uploads\/usu542\/2021\/07\/Parc-Can-Buxeres-300x164.png 300w, https:\/\/serveiseducatius.xtec.cat\/hospitalet\/wp-content\/uploads\/usu542\/2021\/07\/Parc-Can-Buxeres-768x419.png 768w, https:\/\/serveiseducatius.xtec.cat\/hospitalet\/wp-content\/uploads\/usu542\/2021\/07\/Parc-Can-Buxeres.png 985w\" sizes=\"auto, (max-width: 300px) 100vw, 300px\" \/><\/a><\/p>\n<p>A la web de l&#8217;AMB trobem informaci\u00f3 sobre el Parc de Can Buxeres, mapa del parc i visor de la fauna m\u00e9s habitual. Tamb\u00e9 les activitats i projectes que en ell es realitzen i la seva hist\u00f2ria.<\/p>\n<p><a href=\"https:\/\/www.amb.cat\/ca_ES\/web\/territori\/espai-public\/parcs\/consulta-de-parcs\/detall\/-\/equipament\/parc-de-can-buxeres\/5714526\/11656\" target=\"_blank\" rel=\"noopener noreferrer\">M\u00e9s detalls sobre el parc.<\/a><\/p>\n<p>&nbsp;<\/p>\n<hr \/>\n<h5><span style=\"color: #ff0000;\">Hist\u00f2ria<\/span><\/h5>\n<p><a href=\"http:\/\/localmundial.blogspot.com\/2021\/12\/una-petita-historia-de-sant-josep-i.html\"><span dir=\"ltr\">Una petita hist\u00f2ria de Sant Josep (I). Manel Dom\u00ednguez<\/span><\/a><\/p>\n<p><a href=\"https:\/\/localmundial.blogspot.com\/2021\/07\/una-petita-historia-de-sanfeliu.html\" target=\"_blank\" rel=\"noopener noreferrer\">Una petita hist\u00f2ria del barri de Sanfeliu. Manel Dom\u00ednguez<\/a><\/p>\n<p><a href=\"https:\/\/ireneu.blogspot.com\/2021\/07\/barri-centre-1.html\">L&#8217;Hospitalet-Centre, breve historia de un barrio muy descentrado (1). Ireneu Castillo<\/a><\/p>\n<p><a href=\"https:\/\/ireneu.blogspot.com\/2021\/07\/barri-centre-2.html\" target=\"_blank\" rel=\"noopener noreferrer\">L&#8217;Hospitalet-Centre, breve historia de un barrio muy descentrado (2). Ireneu Castillo<\/a><\/p>\n<hr \/>\n<h3 class=\"post-title entry-title\" style=\"font-variant-numeric: normal; font-variant-east-asian: normal; font-weight: 400; font-stretch: normal; font-size: 24px; line-height: normal; font-family: 'EB Garamond', serif; margin-top: 0px; margin-bottom: 0px; text-transform: uppercase; color: #000000; background-color: #dfe6fd;\"><\/h3>\n<h5><span style=\"color: #ff0000;\">L\u00ednies de metro i ferrocarrils<\/span><\/h5>\n<table>\n<tbody>\n<tr>\n<td>\n<h6>Centre<\/h6>\n<\/td>\n<td>\n<h6>Sant Josep<\/h6>\n<\/td>\n<td>\n<h6>Sanfeliu<\/h6>\n<\/td>\n<\/tr>\n<tr>\n<td>\n<h6><span style=\"color: #ff9900;\">Metro L1<\/span><\/h6>\n<p>Rambla Just Oliveres<\/p>\n<p>Av. Carrilet<\/p>\n<h6><span style=\"color: #ff9900;\">Ferrocarrils Generalitat<\/span><\/h6>\n<p>L&#8217;Hospitalet &#8211; Av. Carrilet<\/p>\n<h6><span style=\"color: #ff9900;\">Tren de Rodalies<\/span><\/h6>\n<p>L&#8217;Hospitalet de Llobregat<\/td>\n<td>\n<h6><span style=\"color: #ff9900;\">Ferrocarrils Generalitat<\/span><\/h6>\n<p>Sant Josep<\/td>\n<td>\n<h6><span style=\"color: #ff9900;\">Metro L5<\/span><\/h6>\n<p>Can Boixeres<\/p>\n<p>&nbsp;<\/td>\n<\/tr>\n<\/tbody>\n<\/table>\n<hr \/>\n<h5><span style=\"color: #ff0000;\">Centres educatius del barri<\/span><\/h5>\n<table>\n<tbody>\n<tr>\n<td>\n<h6>Centre<\/h6>\n<\/td>\n<td>\n<h6>Sant Josep<\/h6>\n<\/td>\n<td>\n<h6>Sanfeliu<\/h6>\n<\/td>\n<\/tr>\n<tr>\n<td>\n<h6><span style=\"color: #ff9900;\">Escoles<\/span><\/h6>\n<p>Busquets i Punset<\/p>\n<p>Patufet Sant Jordi<\/p>\n<p>Estel-Can Bori<\/p>\n<h6><span style=\"color: #ff9900;\">Instituts<\/span><\/h6>\n<p>Merc\u00e9 Rodoreda<\/p>\n<p>Can Vilumara<\/p>\n<h6><span style=\"color: #ff9900;\">C. concertats<\/span><\/h6>\n<p>Tecla Sala<\/p>\n<p>Canig\u00f3<\/p>\n<p>Santa Marta<\/p>\n<p>Alpes<\/td>\n<td>\n<h6><span style=\"color: #ff9900;\">Escoles<\/span><\/h6>\n<p>Sant Josep El Pi<\/p>\n<p>Joan Maragall<\/p>\n<p>Josep Jan\u00e9s<\/p>\n<p>Pau Sans<\/p>\n<h6><span style=\"color: #ff9900;\">Instituts FP<br \/>\n<\/span><\/h6>\n<p>Proven\u00e7ana<\/p>\n<p>Llobregat<\/td>\n<td>\n<h6><span style=\"color: #ff9900;\">Escoles<\/span><\/h6>\n<p>Ausi\u00e0s March<\/p>\n<p>Pablo Neruda<\/p>\n<h6><span style=\"color: #ff9900;\">Instituts<\/span><\/h6>\n<p>Apel\u00b7les Mestres<\/p>\n<h6><span style=\"color: #ff9900;\">C. concertats<\/span><\/h6>\n<p>Sanfeliu<\/td>\n<\/tr>\n<\/tbody>\n<\/table>\n<p>&nbsp;<\/p>\n","protected":false},"excerpt":{"rendered":"<p>Districte I. Mapa i situaci\u00f3 Elements patrimonials, parcs i places de cada barri Relaci\u00f3 d\u2019elements catalogats al Pla Especial de protecci\u00f3 del Patrimoni Arquitect\u00f2nic. Total 68 Alguns edificis, monuments i llocs emblem\u00e0tics de cada barri. Barri del Centre Barri de Sant Josep Barri de Sanfeliu Parc de Can Buxeres A la web de l&#8217;AMB trobem [&hellip;]<\/p>\n","protected":false},"author":1,"featured_media":0,"parent":0,"menu_order":0,"comment_status":"closed","ping_status":"closed","template":"","meta":{"_bbp_topic_count":0,"_bbp_reply_count":0,"_bbp_total_topic_count":0,"_bbp_total_reply_count":0,"_bbp_voice_count":0,"_bbp_anonymous_reply_count":0,"_bbp_topic_count_hidden":0,"_bbp_reply_count_hidden":0,"_bbp_forum_subforum_count":0,"site-sidebar-layout":"default","site-content-layout":"","ast-site-content-layout":"","site-content-style":"default","site-sidebar-style":"default","ast-global-header-display":"","ast-banner-title-visibility":"","ast-main-header-display":"","ast-hfb-above-header-display":"","ast-hfb-below-header-display":"","ast-hfb-mobile-header-display":"","site-post-title":"","ast-breadcrumbs-content":"","ast-featured-img":"","footer-sml-layout":"","theme-transparent-header-meta":"","adv-header-id-meta":"","stick-header-meta":"","header-above-stick-meta":"","header-main-stick-meta":"","header-below-stick-meta":"","astra-migrate-meta-layouts":"default","ast-page-background-enabled":"default","ast-page-background-meta":{"desktop":{"background-color":"var(--ast-global-color-4)","background-image":"","background-repeat":"repeat","background-position":"center center","background-size":"auto","background-attachment":"scroll","background-type":"","background-media":"","overlay-type":"","overlay-color":"","overlay-opacity":"","overlay-gradient":""},"tablet":{"background-color":"","background-image":"","background-repeat":"repeat","background-position":"center center","background-size":"auto","background-attachment":"scroll","background-type":"","background-media":"","overlay-type":"","overlay-color":"","overlay-opacity":"","overlay-gradient":""},"mobile":{"background-color":"","background-image":"","background-repeat":"repeat","background-position":"center center","background-size":"auto","background-attachment":"scroll","background-type":"","background-media":"","overlay-type":"","overlay-color":"","overlay-opacity":"","overlay-gradient":""}},"ast-content-background-meta":{"desktop":{"background-color":"var(--ast-global-color-5)","background-image":"","background-repeat":"repeat","background-position":"center center","background-size":"auto","background-attachment":"scroll","background-type":"","background-media":"","overlay-type":"","overlay-color":"","overlay-opacity":"","overlay-gradient":""},"tablet":{"background-color":"var(--ast-global-color-5)","background-image":"","background-repeat":"repeat","background-position":"center center","background-size":"auto","background-attachment":"scroll","background-type":"","background-media":"","overlay-type":"","overlay-color":"","overlay-opacity":"","overlay-gradient":""},"mobile":{"background-color":"var(--ast-global-color-5)","background-image":"","background-repeat":"repeat","background-position":"center center","background-size":"auto","background-attachment":"scroll","background-type":"","background-media":"","overlay-type":"","overlay-color":"","overlay-opacity":"","overlay-gradient":""}},"footnotes":""},"class_list":["post-15260","page","type-page","status-publish","hentry"],"post_mailing_queue_ids":[],"_links":{"self":[{"href":"https:\/\/serveiseducatius.xtec.cat\/hospitalet\/wp-json\/wp\/v2\/pages\/15260","targetHints":{"allow":["GET"]}}],"collection":[{"href":"https:\/\/serveiseducatius.xtec.cat\/hospitalet\/wp-json\/wp\/v2\/pages"}],"about":[{"href":"https:\/\/serveiseducatius.xtec.cat\/hospitalet\/wp-json\/wp\/v2\/types\/page"}],"author":[{"embeddable":true,"href":"https:\/\/serveiseducatius.xtec.cat\/hospitalet\/wp-json\/wp\/v2\/users\/1"}],"replies":[{"embeddable":true,"href":"https:\/\/serveiseducatius.xtec.cat\/hospitalet\/wp-json\/wp\/v2\/comments?post=15260"}],"version-history":[{"count":4,"href":"https:\/\/serveiseducatius.xtec.cat\/hospitalet\/wp-json\/wp\/v2\/pages\/15260\/revisions"}],"predecessor-version":[{"id":17280,"href":"https:\/\/serveiseducatius.xtec.cat\/hospitalet\/wp-json\/wp\/v2\/pages\/15260\/revisions\/17280"}],"wp:attachment":[{"href":"https:\/\/serveiseducatius.xtec.cat\/hospitalet\/wp-json\/wp\/v2\/media?parent=15260"}],"curies":[{"name":"wp","href":"https:\/\/api.w.org\/{rel}","templated":true}]}}