{"id":13713,"date":"2019-10-22T08:04:05","date_gmt":"2019-10-22T06:04:05","guid":{"rendered":"http:\/\/serveiseducatius.xtec.cat\/hospitalet\/?page_id=13713"},"modified":"2021-03-24T12:39:26","modified_gmt":"2021-03-24T11:39:26","slug":"seminari-biblioteques-escolars","status":"publish","type":"page","link":"https:\/\/serveiseducatius.xtec.cat\/hospitalet\/seminari-biblioteques-escolars\/","title":{"rendered":"Seminari biblioteques escolars"},"content":{"rendered":"<h5><a href=\"https:\/\/serveiseducatius.xtec.cat\/hospitalet\/wp-content\/uploads\/usu542\/2019\/10\/seminari.png\"><img loading=\"lazy\" decoding=\"async\" class=\"size-full wp-image-13714 alignleft\" src=\"https:\/\/serveiseducatius.xtec.cat\/hospitalet\/wp-content\/uploads\/usu542\/2019\/10\/seminari.png\" alt=\"\" width=\"200\" height=\"164\" \/><span style=\"color: #993366;\">\u00a0<\/span><\/a><span style=\"color: #993366;\">Seminari de les biblioteques escolars de l&#8217;Hospitalet<\/span><\/h5>\n<p>Aquest seminari pret\u00e9n reflexionar i compartir activitats i propostes sobre la biblioteca de l\u2019escola i de l&#8217;institut, sobre les activitats que es fan a la biblioteca i les propostes que surten de la biblioteca cap a l\u2019escola.<\/p>\n<p>Aquest curs 2020-2021 s&#8217;ha iniciat amb algunes incerteses i en molts casos la biblioteca s&#8217;ha reconvertit en aula per atendre algun grup del centre. Aix\u00f2 ens ha de fer reflexionar i revisar quins usos donem a la biblioteca escolar i quines actuacions podem desenvolupar en aquest moment de pand\u00e8mia.<\/p>\n<p>Aix\u00ed doncs durant aquest curs treballarem sobre aquells recursos que ens permeten tenir la biblioteca viva i accessible a la comunitat educativa. Desde qu\u00e8 podem fer per a reobrir-la, com podem gestionar el fons que tenim a la BE i com a trav\u00e9s del bloc o el web del centre podem apropar recursos i literatura als alumnes, al professorat&#8230; donant empenta a la BE digital.<\/p>\n<p>Seguirem tenint espai al seminari per a presentar i compartir activitats que es realitzen des de les BE de la ciutat.<\/p>\n<p>&nbsp;<\/p>\n<hr \/>\n<p>Durant aquest curs<strong> 2019-20<\/strong> a m\u00e9s de treballar temes de suport a la biblioteca com:<\/p>\n<ul>\n<li>La presentaci\u00f3 de llibres, recomanacions, fons de la biblioteca: guies de lectura, visites a llibreries i biblioteques p\u00fabliques.<\/li>\n<li>Presentaci\u00f3 d\u2019activitats i recursos per a la dinamitzaci\u00f3 de la lectura. Temps de lectura, biblioteques d&#8217;aula.<\/li>\n<\/ul>\n<p>Tenim previst reflexionar sobre el qu\u00e8 i el com dels Clubs de lectura i les tert\u00falies liter\u00e0ries.<\/p>\n<hr \/>\n<p><strong><span style=\"color: #0000ff;\">3a Sessi\u00f3 25\/02\/2020. Xerrada dels Clubs de lectura i visita a la llibreria Al\u00b7lots.<\/span><\/strong><\/p>\n<p>En aquesta tercera sessi\u00f3 vam visitar la llibreria Al\u00b7lots, especialitzada en literatura infantil i juvenil.<\/p>\n<p style=\"text-align: justify;\">La Paula Jarr\u00edn, la seva f<a href=\"https:\/\/serveiseducatius.xtec.cat\/hospitalet\/wp-content\/uploads\/usu542\/2020\/03\/Captura.png\"><img loading=\"lazy\" decoding=\"async\" class=\"wp-image-14048 alignleft\" src=\"https:\/\/serveiseducatius.xtec.cat\/hospitalet\/wp-content\/uploads\/usu542\/2020\/03\/Captura.png\" alt=\"\" width=\"402\" height=\"303\" srcset=\"https:\/\/serveiseducatius.xtec.cat\/hospitalet\/wp-content\/uploads\/usu542\/2020\/03\/Captura.png 1090w, https:\/\/serveiseducatius.xtec.cat\/hospitalet\/wp-content\/uploads\/usu542\/2020\/03\/Captura-300x227.png 300w, https:\/\/serveiseducatius.xtec.cat\/hospitalet\/wp-content\/uploads\/usu542\/2020\/03\/Captura-768x580.png 768w, https:\/\/serveiseducatius.xtec.cat\/hospitalet\/wp-content\/uploads\/usu542\/2020\/03\/Captura-1024x773.png 1024w, https:\/\/serveiseducatius.xtec.cat\/hospitalet\/wp-content\/uploads\/usu542\/2020\/03\/Captura-200x150.png 200w\" sizes=\"auto, (max-width: 402px) 100vw, 402px\" \/><\/a>undadora, ens va fer una xerrada sobre els clubs de lectura. Primer ens va recomanar una s\u00e8rie de llibres de cap\u00e7alera per a dinamitzar-los. Hi havia llibres per a treballar amb alumnat de totes les franges d&#8217;edat (per a infants d&#8217;Escola Bressol i infantil, per a prim\u00e0ria i per a secund\u00e0ria).<\/p>\n<p style=\"text-align: justify;\">Tamb\u00e9 ens va mostrar quines van ser les seves eleccions liter\u00e0ries per als club de lectura que ella dinamitza. Amb encant, ens va endinsar en la hist\u00f2ria de cada conte, llibre, \u00e0lbum il\u00b7lustrat&#8230; Tamb\u00e9 ens va explicar les propostes did\u00e0ctiques i materials que va triar per acompanyar cada llibre.<\/p>\n<p style=\"text-align: justify;\">Ens vam endur moltes idees que de ben segur podrem adaptar als nostres centres. En acabat, alguns vam aprofitar la visita per fer algunes compres per a les nostres biblioteques escolars.<\/p>\n<hr \/>\n<p><strong><span style=\"color: #0000ff;\">2a Sessi\u00f3 19\/11\/2019<\/span><\/strong> <strong><span style=\"color: #0000ff;\">Visitem la biblioteca de l&#8217;institut Jaume Botey<\/span><\/strong><\/p>\n<p><a href=\"https:\/\/blocs.xtec.cat\/bibliodelnou\/\"><img loading=\"lazy\" decoding=\"async\" class=\"size-medium wp-image-13878 alignleft\" src=\"https:\/\/serveiseducatius.xtec.cat\/hospitalet\/wp-content\/uploads\/usu542\/2019\/12\/blog-Botey-300x62.png\" alt=\"\" width=\"300\" height=\"62\" srcset=\"https:\/\/serveiseducatius.xtec.cat\/hospitalet\/wp-content\/uploads\/usu542\/2019\/12\/blog-Botey-300x62.png 300w, https:\/\/serveiseducatius.xtec.cat\/hospitalet\/wp-content\/uploads\/usu542\/2019\/12\/blog-Botey-768x159.png 768w, https:\/\/serveiseducatius.xtec.cat\/hospitalet\/wp-content\/uploads\/usu542\/2019\/12\/blog-Botey.png 953w\" sizes=\"auto, (max-width: 300px) 100vw, 300px\" \/><\/a>Hem anat a l&#8217;institut Jaume Botey. Els responsables de la biblioteca, la Pilar i el Manel ens han explicat totes les activitats que fan i tot el que volen continuar fent.<\/p>\n<p>Acaben d&#8217;iniciar el seu 1r Club de lectura <a href=\"https:\/\/agora.xtec.cat\/insjaumebotey\/general\/1r-club-de-lectura-al-botey\/\">Enlla\u00e7<\/a><\/p>\n<hr \/>\n<p><strong><span style=\"color: #0000ff;\">1a Sessi\u00f3 22\/10\/2019<\/span><\/strong> <strong><span style=\"color: #0000ff;\">Parlem de llibres<\/span><\/strong><\/p>\n<p><span style=\"color: #993300;\"><strong>Guies de lectura (BDR)<\/strong> <\/span><\/p>\n<table>\n<tbody>\n<tr>\n<td style=\"width: 200px;\"><img loading=\"lazy\" decoding=\"async\" class=\"alignnone size-large\" src=\"https:\/\/serveiseducatius.xtec.cat\/bdrlectura\/wp-content\/uploads\/usu1339\/2019\/10\/guia_tardor.jpg\" width=\"210\" height=\"140\" \/><\/td>\n<td style=\"width: 617px;\">\n<h5><a href=\"https:\/\/genius.diba.cat\/detall-de-guia\/-\/detall\/J3Fw\/GUIA_LECTURA\/10934\/1932715\" target=\"_blank\" rel=\"noopener noreferrer\">Ha arribat la tardor\u2026<\/a><\/h5>\n<p>Guia de lectura creada per la <a href=\"https:\/\/genius.diba.cat\/vilanova-i-la-geltru-biblioteca-joan-oliva-i-mila\">Biblioteca Joan Oliva i Mil\u00e0 <\/a>de Vilanova i la Geltr\u00fa amb diversos recursos recomanats sobre la tardor. Cont\u00e9 tres seccions: principal, adults i <a href=\"https:\/\/genius.diba.cat\/detall-de-guia\/-\/detall\/J3Fw\/GUIA_LECTURA\/10934\/1932715\/1932771\">infantil i juvenil<\/a> (setembre 2019)<\/td>\n<\/tr>\n<tr>\n<td style=\"width: 200px;\"><img loading=\"lazy\" decoding=\"async\" class=\"alignnone size-large\" src=\"https:\/\/serveiseducatius.xtec.cat\/bdrlectura\/wp-content\/uploads\/usu1339\/2019\/06\/garbell_17.jpg\" width=\"210\" height=\"140\" \/><\/td>\n<td style=\"width: 617px;\">\n<h5><a href=\"https:\/\/www.rosasensat.org\/biblioteca\/recursos\/el-garbell\/el-garbell-num-17\/\" target=\"_blank\" rel=\"noopener noreferrer\">El Garbell 17<\/a><\/h5>\n<p>Disset\u00e8 n\u00famero del butllet\u00ed editat pel <a href=\"https:\/\/www.rosasensat.org\/formacio\/grups-de-treball\/gt-de-la-biblioteca\/\">Seminari de Bibliografia Infantil i Juvenil<\/a> de Rosa Sensat amb una tria de novetats que pel seu inter\u00e8s i per la seva qualitat poden formar part de la biblioteca escolar. A m\u00e9s cont\u00e9 una llista de llibres recomanats per a les vacances (juny 2019).<\/td>\n<\/tr>\n<\/tbody>\n<\/table>\n<p><strong><span style=\"color: #993300;\">Ens recomanem<\/span><\/strong><\/p>\n<table style=\"width: 898px; height: 182px;\">\n<tbody>\n<tr style=\"height: 255px;\">\n<td style=\"width: 151.2px; height: 172px;\">\n<p style=\"text-align: center;\">Qu\u00e8 em contes, Caputxeta?<\/p>\n<p><a href=\"https:\/\/serveiseducatius.xtec.cat\/hospitalet\/wp-content\/uploads\/usu542\/2019\/10\/que-em-contes.png\"><img loading=\"lazy\" decoding=\"async\" class=\"alignnone wp-image-13741\" src=\"https:\/\/serveiseducatius.xtec.cat\/hospitalet\/wp-content\/uploads\/usu542\/2019\/10\/que-em-contes.png\" alt=\"\" width=\"143\" height=\"151\" srcset=\"https:\/\/serveiseducatius.xtec.cat\/hospitalet\/wp-content\/uploads\/usu542\/2019\/10\/que-em-contes.png 375w, https:\/\/serveiseducatius.xtec.cat\/hospitalet\/wp-content\/uploads\/usu542\/2019\/10\/que-em-contes-285x300.png 285w\" sizes=\"auto, (max-width: 143px) 100vw, 143px\" \/><\/a><\/td>\n<td style=\"width: 201.6px; height: 172px;\">\n<p style=\"text-align: center;\">Col\u00b7lecci\u00f3\u00a0 S\u00f3c el desert<\/p>\n<p><a href=\"https:\/\/serveiseducatius.xtec.cat\/hospitalet\/wp-content\/uploads\/usu542\/2019\/10\/Screenshot-6.png\"><img loading=\"lazy\" decoding=\"async\" class=\"wp-image-13742 aligncenter\" src=\"https:\/\/serveiseducatius.xtec.cat\/hospitalet\/wp-content\/uploads\/usu542\/2019\/10\/Screenshot-6.png\" alt=\"\" width=\"138\" height=\"137\" srcset=\"https:\/\/serveiseducatius.xtec.cat\/hospitalet\/wp-content\/uploads\/usu542\/2019\/10\/Screenshot-6.png 438w, https:\/\/serveiseducatius.xtec.cat\/hospitalet\/wp-content\/uploads\/usu542\/2019\/10\/Screenshot-6-150x150.png 150w, https:\/\/serveiseducatius.xtec.cat\/hospitalet\/wp-content\/uploads\/usu542\/2019\/10\/Screenshot-6-300x298.png 300w\" sizes=\"auto, (max-width: 138px) 100vw, 138px\" \/><\/a><\/td>\n<td style=\"width: 179.2px; height: 172px;\">\n<p style=\"text-align: center;\">La Terra explicada a petits i grans<\/p>\n<p><a href=\"https:\/\/serveiseducatius.xtec.cat\/hospitalet\/wp-content\/uploads\/usu542\/2019\/10\/la-terra-explicada.png\"><img loading=\"lazy\" decoding=\"async\" class=\"alignnone wp-image-13743 aligncenter\" src=\"https:\/\/serveiseducatius.xtec.cat\/hospitalet\/wp-content\/uploads\/usu542\/2019\/10\/la-terra-explicada.png\" alt=\"\" width=\"130\" height=\"164\" srcset=\"https:\/\/serveiseducatius.xtec.cat\/hospitalet\/wp-content\/uploads\/usu542\/2019\/10\/la-terra-explicada.png 512w, https:\/\/serveiseducatius.xtec.cat\/hospitalet\/wp-content\/uploads\/usu542\/2019\/10\/la-terra-explicada-240x300.png 240w\" sizes=\"auto, (max-width: 130px) 100vw, 130px\" \/><\/a><\/td>\n<td style=\"width: 176.8px; height: 172px;\">Contes per ser lliures<\/p>\n<p><a href=\"https:\/\/serveiseducatius.xtec.cat\/hospitalet\/wp-content\/uploads\/usu542\/2019\/10\/contes-per-ser-lliures.png\"><img loading=\"lazy\" decoding=\"async\" class=\"alignnone size-full wp-image-13747\" src=\"https:\/\/serveiseducatius.xtec.cat\/hospitalet\/wp-content\/uploads\/usu542\/2019\/10\/contes-per-ser-lliures.png\" alt=\"\" width=\"196\" height=\"269\" \/><\/a><\/td>\n<td style=\"width: 177.6px; height: 172px;\">\n<p style=\"text-align: center;\">L&#8217;aprenent de bruixot i Els Invisibles al rescat<\/p>\n<p style=\"text-align: center;\"><a href=\"https:\/\/serveiseducatius.xtec.cat\/hospitalet\/wp-content\/uploads\/usu542\/2019\/10\/laprenent-de-bruixot.png\"><img loading=\"lazy\" decoding=\"async\" class=\"alignnone wp-image-13749\" src=\"https:\/\/serveiseducatius.xtec.cat\/hospitalet\/wp-content\/uploads\/usu542\/2019\/10\/laprenent-de-bruixot.png\" alt=\"\" width=\"136\" height=\"208\" srcset=\"https:\/\/serveiseducatius.xtec.cat\/hospitalet\/wp-content\/uploads\/usu542\/2019\/10\/laprenent-de-bruixot.png 226w, https:\/\/serveiseducatius.xtec.cat\/hospitalet\/wp-content\/uploads\/usu542\/2019\/10\/laprenent-de-bruixot-197x300.png 197w\" sizes=\"auto, (max-width: 136px) 100vw, 136px\" \/><\/a><\/p>\n<\/td>\n<\/tr>\n<tr style=\"height: 31px;\">\n<td style=\"width: 151.2px; height: 10px;\">\n<p style=\"text-align: center;\">Jo vaig amb mi<\/p>\n<p><a href=\"https:\/\/serveiseducatius.xtec.cat\/hospitalet\/wp-content\/uploads\/usu542\/2019\/10\/jo-vaig-amb-mi.png\"><img loading=\"lazy\" decoding=\"async\" class=\"alignnone size-full wp-image-13744 aligncenter\" src=\"https:\/\/serveiseducatius.xtec.cat\/hospitalet\/wp-content\/uploads\/usu542\/2019\/10\/jo-vaig-amb-mi.png\" alt=\"\" width=\"346\" height=\"496\" srcset=\"https:\/\/serveiseducatius.xtec.cat\/hospitalet\/wp-content\/uploads\/usu542\/2019\/10\/jo-vaig-amb-mi.png 346w, https:\/\/serveiseducatius.xtec.cat\/hospitalet\/wp-content\/uploads\/usu542\/2019\/10\/jo-vaig-amb-mi-209x300.png 209w\" sizes=\"auto, (max-width: 346px) 100vw, 346px\" \/><\/a><\/td>\n<td style=\"width: 201.6px; height: 10px;\">\n<p style=\"text-align: center;\">Quan les nenes volen alt<\/p>\n<p><a href=\"https:\/\/serveiseducatius.xtec.cat\/hospitalet\/wp-content\/uploads\/usu542\/2019\/10\/quan-les-nenes-volen-alt.png\"><img loading=\"lazy\" decoding=\"async\" class=\"alignnone size-full wp-image-13745 aligncenter\" src=\"https:\/\/serveiseducatius.xtec.cat\/hospitalet\/wp-content\/uploads\/usu542\/2019\/10\/quan-les-nenes-volen-alt.png\" alt=\"\" width=\"809\" height=\"663\" srcset=\"https:\/\/serveiseducatius.xtec.cat\/hospitalet\/wp-content\/uploads\/usu542\/2019\/10\/quan-les-nenes-volen-alt.png 809w, https:\/\/serveiseducatius.xtec.cat\/hospitalet\/wp-content\/uploads\/usu542\/2019\/10\/quan-les-nenes-volen-alt-300x246.png 300w, https:\/\/serveiseducatius.xtec.cat\/hospitalet\/wp-content\/uploads\/usu542\/2019\/10\/quan-les-nenes-volen-alt-768x629.png 768w\" sizes=\"auto, (max-width: 809px) 100vw, 809px\" \/><\/a><\/td>\n<td style=\"width: 179.2px; height: 10px;\">\n<p style=\"text-align: center;\">Normal?<\/p>\n<p><a href=\"https:\/\/serveiseducatius.xtec.cat\/hospitalet\/wp-content\/uploads\/usu542\/2019\/10\/normal.png\"><img loading=\"lazy\" decoding=\"async\" class=\"alignnone wp-image-13746 aligncenter\" src=\"https:\/\/serveiseducatius.xtec.cat\/hospitalet\/wp-content\/uploads\/usu542\/2019\/10\/normal.png\" alt=\"\" width=\"159\" height=\"158\" srcset=\"https:\/\/serveiseducatius.xtec.cat\/hospitalet\/wp-content\/uploads\/usu542\/2019\/10\/normal.png 449w, https:\/\/serveiseducatius.xtec.cat\/hospitalet\/wp-content\/uploads\/usu542\/2019\/10\/normal-150x150.png 150w, https:\/\/serveiseducatius.xtec.cat\/hospitalet\/wp-content\/uploads\/usu542\/2019\/10\/normal-300x300.png 300w\" sizes=\"auto, (max-width: 159px) 100vw, 159px\" \/><\/a><\/td>\n<td style=\"width: 176.8px; height: 10px;\">\n<p style=\"text-align: center;\">La maleta<\/p>\n<p><a href=\"https:\/\/serveiseducatius.xtec.cat\/hospitalet\/wp-content\/uploads\/usu542\/2019\/10\/la-maleta.png\"><img loading=\"lazy\" decoding=\"async\" class=\"alignnone size-full wp-image-13748\" src=\"https:\/\/serveiseducatius.xtec.cat\/hospitalet\/wp-content\/uploads\/usu542\/2019\/10\/la-maleta.png\" alt=\"\" width=\"259\" height=\"265\" \/><\/a><\/td>\n<td style=\"width: 177.6px; height: 10px;\">\n<p style=\"text-align: center;\">Per qu\u00e8 plorem?<\/p>\n<p><a href=\"https:\/\/serveiseducatius.xtec.cat\/hospitalet\/wp-content\/uploads\/usu542\/2019\/10\/per-que-plorem.png\"><img loading=\"lazy\" decoding=\"async\" class=\"alignnone size-full wp-image-13750 aligncenter\" src=\"https:\/\/serveiseducatius.xtec.cat\/hospitalet\/wp-content\/uploads\/usu542\/2019\/10\/per-que-plorem.png\" alt=\"\" width=\"469\" height=\"413\" srcset=\"https:\/\/serveiseducatius.xtec.cat\/hospitalet\/wp-content\/uploads\/usu542\/2019\/10\/per-que-plorem.png 469w, https:\/\/serveiseducatius.xtec.cat\/hospitalet\/wp-content\/uploads\/usu542\/2019\/10\/per-que-plorem-300x264.png 300w\" sizes=\"auto, (max-width: 469px) 100vw, 469px\" \/><\/a><\/td>\n<\/tr>\n<\/tbody>\n<\/table>\n<p><strong><span style=\"color: #993300;\">Reflexionem sobre llibres i contes<\/span><\/strong> (tamb\u00e9 cl\u00e0ssics), sobre g\u00e8nere i rols. Valors que transmeten<\/p>\n<table style=\"height: 65px; width: 716px;\" width=\"219\">\n<tbody>\n<tr style=\"height: 65px;\">\n<td style=\"width: 176px; height: 65px;\"><a href=\"https:\/\/drive.google.com\/file\/d\/1mIl5_779MPYzj-V8gN69BTfGNV1V_eYA\/view?usp=sharing\" target=\"_blank\" rel=\"noopener noreferrer\"><img loading=\"lazy\" decoding=\"async\" class=\"alignnone wp-image-13719 size-full\" src=\"https:\/\/serveiseducatius.xtec.cat\/hospitalet\/wp-content\/uploads\/usu542\/2019\/10\/mirada-cr\u00edtica.png\" alt=\"\" width=\"646\" height=\"494\" srcset=\"https:\/\/serveiseducatius.xtec.cat\/hospitalet\/wp-content\/uploads\/usu542\/2019\/10\/mirada-cr\u00edtica.png 646w, https:\/\/serveiseducatius.xtec.cat\/hospitalet\/wp-content\/uploads\/usu542\/2019\/10\/mirada-cr\u00edtica-300x229.png 300w\" sizes=\"auto, (max-width: 646px) 100vw, 646px\" \/><\/a><\/td>\n<td style=\"width: 176.8px; height: 65px;\"><a href=\"https:\/\/drive.google.com\/file\/d\/0B6uB_dRJwyNbQ1F2bFdVNlhJTmZWRkVCcjRYbVdITC03MDdR\/view?usp=sharing\" target=\"_blank\" rel=\"noopener noreferrer\"><img loading=\"lazy\" decoding=\"async\" class=\"alignnone wp-image-13721 size-full\" src=\"https:\/\/serveiseducatius.xtec.cat\/hospitalet\/wp-content\/uploads\/usu542\/2019\/10\/viol\u00e8ncia-0.png\" alt=\"\" width=\"353\" height=\"370\" srcset=\"https:\/\/serveiseducatius.xtec.cat\/hospitalet\/wp-content\/uploads\/usu542\/2019\/10\/viol\u00e8ncia-0.png 353w, https:\/\/serveiseducatius.xtec.cat\/hospitalet\/wp-content\/uploads\/usu542\/2019\/10\/viol\u00e8ncia-0-286x300.png 286w\" sizes=\"auto, (max-width: 353px) 100vw, 353px\" \/><\/a><\/td>\n<td style=\"width: 176.8px; height: 65px;\"><a href=\"https:\/\/drive.google.com\/file\/d\/1rIs5mne1nEwh600UR-4k8euO4wh4SXos\/view?usp=sharing\" target=\"_blank\" rel=\"noopener noreferrer\"><img loading=\"lazy\" decoding=\"async\" class=\"alignnone wp-image-13722 size-full\" src=\"https:\/\/serveiseducatius.xtec.cat\/hospitalet\/wp-content\/uploads\/usu542\/2019\/10\/contes-no-sexistes.png\" alt=\"\" width=\"396\" height=\"502\" srcset=\"https:\/\/serveiseducatius.xtec.cat\/hospitalet\/wp-content\/uploads\/usu542\/2019\/10\/contes-no-sexistes.png 396w, https:\/\/serveiseducatius.xtec.cat\/hospitalet\/wp-content\/uploads\/usu542\/2019\/10\/contes-no-sexistes-237x300.png 237w\" sizes=\"auto, (max-width: 396px) 100vw, 396px\" \/><\/a><\/td>\n<td style=\"width: 176.8px; height: 65px;\"><a href=\"https:\/\/drive.google.com\/file\/d\/1nSuQjbyTFpr1dPvxa4RdZIS6ZyH3BFUh\/view?usp=sharing\" target=\"_blank\" rel=\"noopener noreferrer\"><img loading=\"lazy\" decoding=\"async\" class=\"alignnone wp-image-13720 size-full\" src=\"https:\/\/serveiseducatius.xtec.cat\/hospitalet\/wp-content\/uploads\/usu542\/2019\/10\/lhora-lliure.png\" alt=\"\" width=\"287\" height=\"341\" srcset=\"https:\/\/serveiseducatius.xtec.cat\/hospitalet\/wp-content\/uploads\/usu542\/2019\/10\/lhora-lliure.png 287w, https:\/\/serveiseducatius.xtec.cat\/hospitalet\/wp-content\/uploads\/usu542\/2019\/10\/lhora-lliure-252x300.png 252w\" sizes=\"auto, (max-width: 287px) 100vw, 287px\" \/><\/a><\/td>\n<\/tr>\n<\/tbody>\n<\/table>\n<p>&nbsp;<\/p>\n","protected":false},"excerpt":{"rendered":"<p>\u00a0Seminari de les biblioteques escolars de l&#8217;Hospitalet Aquest seminari pret\u00e9n reflexionar i compartir activitats i propostes sobre la biblioteca de l\u2019escola i de l&#8217;institut, sobre les activitats que es fan a la biblioteca i les propostes que surten de la biblioteca cap a l\u2019escola. Aquest curs 2020-2021 s&#8217;ha iniciat amb algunes incerteses i en molts [&hellip;]<\/p>\n","protected":false},"author":1,"featured_media":0,"parent":0,"menu_order":0,"comment_status":"closed","ping_status":"closed","template":"","meta":{"_bbp_topic_count":0,"_bbp_reply_count":0,"_bbp_total_topic_count":0,"_bbp_total_reply_count":0,"_bbp_voice_count":0,"_bbp_anonymous_reply_count":0,"_bbp_topic_count_hidden":0,"_bbp_reply_count_hidden":0,"_bbp_forum_subforum_count":0,"site-sidebar-layout":"default","site-content-layout":"","ast-site-content-layout":"","site-content-style":"default","site-sidebar-style":"default","ast-global-header-display":"","ast-banner-title-visibility":"","ast-main-header-display":"","ast-hfb-above-header-display":"","ast-hfb-below-header-display":"","ast-hfb-mobile-header-display":"","site-post-title":"","ast-breadcrumbs-content":"","ast-featured-img":"","footer-sml-layout":"","theme-transparent-header-meta":"","adv-header-id-meta":"","stick-header-meta":"","header-above-stick-meta":"","header-main-stick-meta":"","header-below-stick-meta":"","astra-migrate-meta-layouts":"default","ast-page-background-enabled":"default","ast-page-background-meta":{"desktop":{"background-color":"var(--ast-global-color-4)","background-image":"","background-repeat":"repeat","background-position":"center center","background-size":"auto","background-attachment":"scroll","background-type":"","background-media":"","overlay-type":"","overlay-color":"","overlay-opacity":"","overlay-gradient":""},"tablet":{"background-color":"","background-image":"","background-repeat":"repeat","background-position":"center center","background-size":"auto","background-attachment":"scroll","background-type":"","background-media":"","overlay-type":"","overlay-color":"","overlay-opacity":"","overlay-gradient":""},"mobile":{"background-color":"","background-image":"","background-repeat":"repeat","background-position":"center center","background-size":"auto","background-attachment":"scroll","background-type":"","background-media":"","overlay-type":"","overlay-color":"","overlay-opacity":"","overlay-gradient":""}},"ast-content-background-meta":{"desktop":{"background-color":"var(--ast-global-color-5)","background-image":"","background-repeat":"repeat","background-position":"center center","background-size":"auto","background-attachment":"scroll","background-type":"","background-media":"","overlay-type":"","overlay-color":"","overlay-opacity":"","overlay-gradient":""},"tablet":{"background-color":"var(--ast-global-color-5)","background-image":"","background-repeat":"repeat","background-position":"center center","background-size":"auto","background-attachment":"scroll","background-type":"","background-media":"","overlay-type":"","overlay-color":"","overlay-opacity":"","overlay-gradient":""},"mobile":{"background-color":"var(--ast-global-color-5)","background-image":"","background-repeat":"repeat","background-position":"center center","background-size":"auto","background-attachment":"scroll","background-type":"","background-media":"","overlay-type":"","overlay-color":"","overlay-opacity":"","overlay-gradient":""}},"footnotes":""},"class_list":["post-13713","page","type-page","status-publish","hentry"],"post_mailing_queue_ids":[],"_links":{"self":[{"href":"https:\/\/serveiseducatius.xtec.cat\/hospitalet\/wp-json\/wp\/v2\/pages\/13713","targetHints":{"allow":["GET"]}}],"collection":[{"href":"https:\/\/serveiseducatius.xtec.cat\/hospitalet\/wp-json\/wp\/v2\/pages"}],"about":[{"href":"https:\/\/serveiseducatius.xtec.cat\/hospitalet\/wp-json\/wp\/v2\/types\/page"}],"author":[{"embeddable":true,"href":"https:\/\/serveiseducatius.xtec.cat\/hospitalet\/wp-json\/wp\/v2\/users\/1"}],"replies":[{"embeddable":true,"href":"https:\/\/serveiseducatius.xtec.cat\/hospitalet\/wp-json\/wp\/v2\/comments?post=13713"}],"version-history":[{"count":3,"href":"https:\/\/serveiseducatius.xtec.cat\/hospitalet\/wp-json\/wp\/v2\/pages\/13713\/revisions"}],"predecessor-version":[{"id":15572,"href":"https:\/\/serveiseducatius.xtec.cat\/hospitalet\/wp-json\/wp\/v2\/pages\/13713\/revisions\/15572"}],"wp:attachment":[{"href":"https:\/\/serveiseducatius.xtec.cat\/hospitalet\/wp-json\/wp\/v2\/media?parent=13713"}],"curies":[{"name":"wp","href":"https:\/\/api.w.org\/{rel}","templated":true}]}}