{"id":13557,"date":"2019-07-16T18:17:53","date_gmt":"2019-07-16T16:17:53","guid":{"rendered":"http:\/\/serveiseducatius.xtec.cat\/hospitalet\/?page_id=13557"},"modified":"2021-01-09T12:17:58","modified_gmt":"2021-01-09T11:17:58","slug":"novetats-dactivitats-obertes-curs-2019-20","status":"publish","type":"page","link":"https:\/\/serveiseducatius.xtec.cat\/hospitalet\/novetats-dactivitats-obertes-curs-2019-20\/","title":{"rendered":"D&#8217;altres activitats. Propostes del Departament Curs 2020-21"},"content":{"rendered":"<p>Recordeu que les activitats s\u00f3n virtuals i que encara que es faci en un altre Servei Territorial es poden inscriure docents de tot Catalunya, de centres p\u00fablics i concertats, l&#8217;\u00fanica condici\u00f3 \u00e9s que tinguin correu xtec.<\/p>\n<p>&nbsp;<\/p>\n<table style=\"width: 678px; height: 1304px;\">\n<tbody>\n<tr style=\"height: 47px;\">\n<td style=\"width: 108.182px; height: 47px;\"><b>\u00c0mbit<\/b><\/td>\n<td style=\"width: 107.273px; height: 47px;\"><b>Codi curs<\/b><\/td>\n<td style=\"width: 330px; height: 47px;\"><b>Activitat<\/b><\/td>\n<td style=\"width: 120.909px; height: 47px;\"><b>ST que gestiona<\/b><\/td>\n<\/tr>\n<tr style=\"height: 47px;\">\n<td style=\"width: 108.182px; height: 94px;\" rowspan=\"2\">Ci\u00e8ncies Socials<\/td>\n<td style=\"width: 107.273px; height: 47px;\"><a href=\"https:\/\/aplicacions.gestioeducativa.gencat.cat\/pls\/soloas\/inscripcionsnp?codi=2004130557&amp;curs=2020-2021\" target=\"_blank\" rel=\"noopener noreferrer\">2004130557<\/a><\/td>\n<td style=\"width: 330px; height: 47px;\"><b>Curr\u00edculum i avaluaci\u00f3 competencial per \u00e0mbits (Ci\u00e8ncies Socials)<\/b><\/td>\n<td style=\"width: 120.909px; height: 47px;\">BCN Comarques<\/td>\n<\/tr>\n<tr style=\"height: 47px;\">\n<td style=\"width: 107.273px; height: 47px;\"><a href=\"https:\/\/aplicacions.gestioeducativa.gencat.cat\/pls\/soloas\/inscripcionsnp?codi=5005130557&amp;curs=2020-2021\" target=\"_blank\" rel=\"noopener noreferrer\">5005130557<\/a><\/td>\n<td style=\"width: 330px; height: 47px;\"><b>Curr\u00edculum i avaluaci\u00f3 competencial per \u00e0mbits (Ci\u00e8ncies Socials)<\/b><\/td>\n<td style=\"width: 120.909px; height: 47px;\">Girona<\/td>\n<\/tr>\n<tr style=\"height: 47px;\">\n<td style=\"width: 108.182px; height: 94px;\" rowspan=\"2\">Ci\u00e8ncies<\/td>\n<td style=\"width: 107.273px; height: 47px;\"><a href=\"https:\/\/aplicacions.gestioeducativa.gencat.cat\/pls\/soloas\/inscripcionsnp?codi=3000100557&amp;curs=2020-2021\" target=\"_blank\" rel=\"noopener noreferrer\">3000100557<\/a><\/td>\n<td style=\"width: 330px; height: 47px;\"><b>Curr\u00edculum i avaluaci\u00f3 competencial per \u00e0mbits (cient\u00edfic tecnol\u00f2gic, BG\/FQ)<\/b><\/td>\n<td style=\"width: 120.909px; height: 47px;\">Baix Llobregat<\/td>\n<\/tr>\n<tr style=\"height: 47px;\">\n<td style=\"width: 107.273px; height: 47px;\"><a href=\"https:\/\/aplicacions.gestioeducativa.gencat.cat\/pls\/soloas\/inscripcionsnp?codi=4001100557&amp;curs=2020-2021\" target=\"_blank\" rel=\"noopener noreferrer\">4001100557<\/a><\/td>\n<td style=\"width: 330px; height: 47px;\"><b>Curr\u00edculum i avaluaci\u00f3 competencial per \u00e0mbits (cient\u00edfic tecnol\u00f2gic, BG\/FQ)<\/b><\/td>\n<td style=\"width: 120.909px; height: 47px;\">Vall\u00e8s Occidental<\/td>\n<\/tr>\n<tr style=\"height: 47px;\">\n<td style=\"width: 108.182px; height: 141px;\" rowspan=\"3\">Matem\u00e0tiques<\/td>\n<td style=\"width: 107.273px; height: 47px;\"><a href=\"https:\/\/aplicacions.gestioeducativa.gencat.cat\/pls\/soloas\/inscripcionsnp?codi=A001610557&amp;curs=2020-2021\" target=\"_blank\" rel=\"noopener noreferrer\">A001610557<\/a><\/td>\n<td style=\"width: 330px; height: 47px;\"><b>Curr\u00edculum i avaluaci\u00f3 competencial per \u00e0mbits (matem\u00e0tic)<\/b><\/td>\n<td style=\"width: 120.909px; height: 47px;\">Maresme\/Vall\u00e8s<\/td>\n<\/tr>\n<tr style=\"height: 47px;\">\n<td style=\"width: 107.273px; height: 47px;\"><a href=\"https:\/\/aplicacions.gestioeducativa.gencat.cat\/pls\/soloas\/pk_for_mod_ins.p_for_detall_activitat?p_codi=4000120557&amp;p_curs=2020-2021&amp;p_es_inscr=S\" target=\"_blank\" rel=\"noopener noreferrer\">4000120557<\/a><\/td>\n<td style=\"width: 330px; height: 47px;\"><b>Curr\u00edculum i avaluaci\u00f3 competencial per \u00e0mbits (matem\u00e0tic)<\/b><\/td>\n<td style=\"width: 120.909px; height: 47px;\">Vall\u00e8s Occidental<\/td>\n<\/tr>\n<tr style=\"height: 47px;\">\n<td style=\"width: 107.273px; height: 47px;\"><a href=\"https:\/\/aplicacions.gestioeducativa.gencat.cat\/pls\/soloas\/inscripcionsnp?codi=6004640557&amp;curs=2020-2021\" target=\"_blank\" rel=\"noopener noreferrer\">6004640557<\/a><\/td>\n<td style=\"width: 330px; height: 47px;\"><b>Curr\u00edculum i avaluaci\u00f3 competencial per \u00e0mbits (matem\u00e0tic)<\/b><\/td>\n<td style=\"width: 120.909px; height: 47px;\">Lleida<\/td>\n<\/tr>\n<tr style=\"height: 47px;\">\n<td style=\"width: 108.182px; height: 94px;\" rowspan=\"2\">Tecnologia<\/td>\n<td style=\"width: 107.273px; height: 47px;\"><a href=\"https:\/\/aplicacions.gestioeducativa.gencat.cat\/pls\/soloas\/inscripcionsnp?codi=5005140557&amp;curs=2020-2021\" target=\"_blank\" rel=\"noopener noreferrer\">5005140557<\/a><\/td>\n<td style=\"width: 330px; height: 47px;\"><b>Curr\u00edculum i avaluaci\u00f3 competencial per \u00e0mbits (Cientificotecnol\u00f2gic, Tecnologia)<\/b><\/td>\n<td style=\"width: 120.909px; height: 47px;\">Girona<\/td>\n<\/tr>\n<tr style=\"height: 47px;\">\n<td style=\"width: 107.273px; height: 47px;\"><a href=\"https:\/\/aplicacions.gestioeducativa.gencat.cat\/pls\/soloas\/inscripcionsnp?codi=8000190557&amp;curs=2020-2021\" target=\"_blank\" rel=\"noopener noreferrer\">8000191557<\/a><\/td>\n<td style=\"width: 330px; height: 47px;\"><b>Curr\u00edculum i avaluaci\u00f3 competencial per \u00e0mbits (Cientificotecnol\u00f2gic, Tecnologia)<\/b><\/td>\n<td style=\"width: 120.909px; height: 47px;\">Terres Ebre<\/td>\n<\/tr>\n<tr style=\"height: 47px;\">\n<td style=\"width: 108.182px; height: 141px;\" rowspan=\"3\">Lleng\u00fces<\/p>\n<p>&nbsp;<\/td>\n<td style=\"width: 107.273px; height: 47px;\"><a href=\"https:\/\/aplicacions.gestioeducativa.gencat.cat\/pls\/soloas\/inscripcionsnp?codi=A001620557&amp;curs=2020-2021\" target=\"_blank\" rel=\"noopener noreferrer\">A001620557<\/a><\/td>\n<td style=\"width: 330px; height: 47px;\"><b>Curr\u00edculum i avaluaci\u00f3 competencial per \u00e0mbits (ling\u00fc\u00edstic)<\/b><\/td>\n<td style=\"width: 120.909px; height: 47px;\">Maresme\/Vall\u00e8s<\/td>\n<\/tr>\n<tr style=\"height: 47px;\">\n<td style=\"width: 107.273px; height: 47px;\"><a href=\"https:\/\/aplicacions.gestioeducativa.gencat.cat\/pls\/soloas\/inscripcionsnp?codi=2004140557&amp;curs=2020-2021\" target=\"_blank\" rel=\"noopener noreferrer\">2004140557<\/a><\/td>\n<td style=\"width: 330px; height: 47px;\"><b>Curr\u00edculum i avaluaci\u00f3 competencial per \u00e0mbits (ling\u00fc\u00edstic)<\/b><\/td>\n<td style=\"width: 120.909px; height: 47px;\">BCN Comarques<\/td>\n<\/tr>\n<tr style=\"height: 47px;\">\n<td style=\"width: 107.273px; height: 47px;\"><a href=\"https:\/\/aplicacions.gestioeducativa.gencat.cat\/pls\/soloas\/pk_for_mod_ins.p_for_detall_activitat?p_codi=7000100557&amp;p_curs=2020-2021&amp;p_es_inscr=S\" target=\"_blank\" rel=\"noopener noreferrer\">7000100557<\/a><\/td>\n<td style=\"width: 330px; height: 47px;\"><b>Curr\u00edculum i avaluaci\u00f3 competencial per \u00e0mbits (ling\u00fc\u00edstic)<\/b><\/td>\n<td style=\"width: 120.909px; height: 47px;\">Tarragona<\/td>\n<\/tr>\n<tr style=\"height: 47px;\">\n<td style=\"width: 108.182px; height: 329px;\" rowspan=\"7\">ELIC<\/td>\n<td style=\"width: 107.273px; height: 47px;\"><a href=\"https:\/\/aplicacions.gestioeducativa.gencat.cat\/pls\/soloas\/inscripcionsnp?codi=2006040555&amp;curs=2020-2021\" target=\"_blank\" rel=\"noopener noreferrer\">2006040555<\/a><\/td>\n<td style=\"width: 330px; height: 47px;\"><b>Funcions comunicatives en un programa d&#8217;immersi\u00f3 ling\u00fc\u00edstica<\/b><\/td>\n<td style=\"width: 120.909px; height: 47px;\">BCN Comarques<\/td>\n<\/tr>\n<tr style=\"height: 47px;\">\n<td style=\"width: 107.273px; height: 47px;\"><a href=\"https:\/\/aplicacions.gestioeducativa.gencat.cat\/pls\/soloas\/inscripcionsnp?codi=2006070555&amp;curs=2020-2021\" target=\"_blank\" rel=\"noopener noreferrer\">2006070555<\/a><\/td>\n<td style=\"width: 330px; height: 47px;\"><b>Estrat\u00e8gies de lectura (prim\u00e0ria)<\/b><\/td>\n<td style=\"width: 120.909px; height: 47px;\">BCN Comarques<\/td>\n<\/tr>\n<tr style=\"height: 47px;\">\n<td style=\"width: 107.273px; height: 47px;\"><a href=\"https:\/\/aplicacions.gestioeducativa.gencat.cat\/pls\/soloas\/inscripcionsnp?codi=2006020555&amp;curs=2020-2021\" target=\"_blank\" rel=\"noopener noreferrer\">2006020555<\/a><\/td>\n<td style=\"width: 330px; height: 47px;\"><b>araEscric. L&#8217;aprenentatge inicial de l&#8217;escriptura<\/b><\/td>\n<td style=\"width: 120.909px; height: 47px;\">BCN Comarques<\/td>\n<\/tr>\n<tr style=\"height: 47px;\">\n<td style=\"width: 107.273px; height: 47px;\"><a href=\"https:\/\/aplicacions.gestioeducativa.gencat.cat\/pls\/soloas\/inscripcionsnp?codi=2006030555&amp;curs=2020-2021\" target=\"_blank\" rel=\"noopener noreferrer\">2006030555<\/a><\/td>\n<td style=\"width: 330px; height: 47px;\"><b>araESCRIC. L&#8217;aprenentatge de l&#8217;escriptura a prim\u00e0ria<\/b><\/td>\n<td style=\"width: 120.909px; height: 47px;\">BCN Comarques<\/td>\n<\/tr>\n<tr style=\"height: 47px;\">\n<td style=\"width: 107.273px; height: 47px;\"><a href=\"https:\/\/aplicacions.gestioeducativa.gencat.cat\/pls\/soloas\/inscripcionsnp?codi=2006080555&amp;curs=2020-2021\" target=\"_blank\" rel=\"noopener noreferrer\">2006080555\u00a0<\/a><\/td>\n<td style=\"width: 330px; height: 47px;\"><b>Escriptura creativa (ESO)<\/b><\/td>\n<td style=\"width: 120.909px; height: 47px;\">BCN Comarques<\/td>\n<\/tr>\n<tr style=\"height: 47px;\">\n<td style=\"width: 107.273px; height: 47px;\"><a href=\"https:\/\/aplicacions.gestioeducativa.gencat.cat\/pls\/soloas\/inscripcionsnp?codi=2006050555&amp;curs=2020-2021\" target=\"_blank\" rel=\"noopener noreferrer\">2006050555<\/a><\/td>\n<td style=\"width: 330px; height: 47px;\"><b>Llegir per escriure<\/b><\/td>\n<td style=\"width: 120.909px; height: 47px;\">BCN Comarques<\/td>\n<\/tr>\n<tr style=\"height: 47px;\">\n<td style=\"width: 107.273px; height: 47px;\"><a href=\"https:\/\/aplicacions.gestioeducativa.gencat.cat\/pls\/soloas\/inscripcionsnp?codi=2006060555&amp;curs=2020-2021\" target=\"_blank\" rel=\"noopener noreferrer\">2006060555<\/a><\/td>\n<td style=\"width: 330px; height: 47px;\"><b>Llegir per escriure<\/b><\/td>\n<td style=\"width: 120.909px; height: 47px;\">BCN Comarques<\/td>\n<\/tr>\n<tr style=\"height: 47px;\">\n<td style=\"width: 108.182px; height: 94px;\" rowspan=\"2\">Angl\u00e8s<\/td>\n<td style=\"width: 107.273px; height: 47px;\"><a href=\"https:\/\/aplicacions.gestioeducativa.gencat.cat\/pls\/soloas\/inscripcionsnp?codi=1000170557&amp;curs=2020-2021\" target=\"_blank\" rel=\"noopener noreferrer\">1000170557<\/a><\/td>\n<td style=\"width: 330px; height: 47px;\"><b>Curr\u00edculum i avaluaci\u00f3 competencial per \u00e0mbits (ling\u00fc\u00edstic, angl\u00e8s)<\/b><\/td>\n<td style=\"width: 120.909px; height: 47px;\">Cons. Edu. BCN<\/td>\n<\/tr>\n<tr style=\"height: 47px;\">\n<td style=\"width: 107.273px; height: 47px;\"><a href=\"https:\/\/aplicacions.gestioeducativa.gencat.cat\/pls\/soloas\/inscripcionsnp?codi=B001120557&amp;curs=2020-2021\" target=\"_blank\" rel=\"noopener noreferrer\">B001120557<\/a><\/td>\n<td style=\"width: 330px; height: 47px;\"><b>Curr\u00edculum i avaluaci\u00f3 competencial per \u00e0mbits (ling\u00fc\u00edstic, angl\u00e8s)<\/b><\/td>\n<td style=\"width: 120.909px; height: 47px;\">Cat. Central<\/td>\n<\/tr>\n<tr style=\"height: 47px;\">\n<td style=\"width: 108.182px; height: 47px;\">Educ. F\u00eds.<\/td>\n<td style=\"width: 107.273px; height: 47px;\"><a href=\"https:\/\/aplicacions.gestioeducativa.gencat.cat\/pls\/soloas\/pk_for_mod_ins.p_for_pre_cons_activitats?p_any=2020-2021&amp;p_totes=S&amp;p_codi=6004650557\" target=\"_blank\" rel=\"noopener noreferrer\">6004650557<\/a><\/td>\n<td style=\"width: 330px; height: 47px;\"><b>Curr\u00edculum i avaluaci\u00f3 competencial per \u00e0mbits (Educaci\u00f3 F\u00edsica)<\/b><\/td>\n<td style=\"width: 120.909px; height: 47px;\">Lleida<\/td>\n<\/tr>\n<tr style=\"height: 47px;\">\n<td style=\"width: 108.182px; height: 47px;\">M\u00fasica<\/td>\n<td style=\"width: 107.273px; height: 47px;\"><a href=\"https:\/\/aplicacions.gestioeducativa.gencat.cat\/pls\/soloas\/inscripcionsnp?codi=1000180557&amp;curs=2020-2021\" target=\"_blank\" rel=\"noopener noreferrer\">1000180557<\/a><\/td>\n<td style=\"width: 330px; height: 47px;\"><b>Curr\u00edculum i avaluaci\u00f3 competencial per \u00e0mbits (art\u00edstic, m\u00fasica)<\/b><\/td>\n<td style=\"width: 120.909px; height: 47px;\">CEB<\/td>\n<\/tr>\n<tr style=\"height: 47px;\">\n<td style=\"width: 108.182px; height: 47px;\">Visual i Plast.<\/td>\n<td style=\"width: 107.273px; height: 47px;\"><a href=\"https:\/\/aplicacions.gestioeducativa.gencat.cat\/pls\/soloas\/inscripcionsnp?codi=B001130557&amp;curs=2020-2021\">B1<\/a><a href=\"https:\/\/aplicacions.gestioeducativa.gencat.cat\/pls\/soloas\/inscripcionsnp?codi=B001130557&amp;curs=2020-2021\">00<\/a><a href=\"https:\/\/aplicacions.gestioeducativa.gencat.cat\/pls\/soloas\/inscripcionsnp?codi=B001130557&amp;curs=2020-2021\" target=\"_blank\" rel=\"noopener noreferrer\">130557<\/a><\/td>\n<td style=\"width: 330px; height: 47px;\"><b>Curr\u00edculum i avaluaci\u00f3 competencial per \u00e0mbits (art\u00edstic, Visual i pl\u00e0stica)<\/b><\/td>\n<td style=\"width: 120.909px; height: 47px;\">Cat. Central<\/td>\n<\/tr>\n<tr style=\"height: 55px;\">\n<td style=\"width: 108.182px; height: 129px;\" rowspan=\"3\">Programa Coeduca\u2019t<\/td>\n<td style=\"width: 107.273px; height: 35px;\">\n<p lang=\"zxx\"><a href=\"https:\/\/aplicacions.gestioeducativa.gencat.cat\/pls\/soloas\/pk_for_mod_ins.p_for_detall_activitat?p_header=Llista%20d%27activitats%5Epk_for_mod_ins.p_for_cons_activitats?p_any=2020-2021%26p_totes=N%26p_desc=Coeduca%2527t%2520amb%2520el%2520curr%C3%ADculum%26p_inici=1%26p_excloure_crp_rec=T&amp;p_codi=2005030509&amp;p_curs=2020-2021&amp;p_excloure_crp_rec=T\" target=\"_blank\" rel=\"noopener noreferrer\">2005030509<\/a><\/p>\n<\/td>\n<td style=\"width: 330px; height: 35px;\"><b>Coeduca\u2019t amb el curr\u00edculum<\/b><\/td>\n<td style=\"width: 120.909px; height: 35px;\">BCN Comarques<\/td>\n<\/tr>\n<tr style=\"height: 47px;\">\n<td style=\"width: 107.273px; height: 47px;\"><a href=\"https:\/\/aplicacions.gestioeducativa.gencat.cat\/pls\/soloas\/pk_for_mod_ins.p_for_detall_activitat?p_header=Llista%20d%27activitats%5Epk_for_mod_ins.p_for_cons_activitats?p_any=2020-2021%26p_totes=N%26p_desc=Coeduca%2527t%2520amb%2520el%2520curr%C3%ADculum%26p_inici=1%26p_excloure_crp_rec=T&amp;p_codi=2005040509&amp;p_curs=2020-2021&amp;p_excloure_crp_rec=T\" target=\"_blank\" rel=\"noopener noreferrer\">2005040509<\/a><\/td>\n<td style=\"width: 330px; height: 47px;\"><b>Coeduca\u2019t amb el curr\u00edculum<\/b><\/td>\n<td style=\"width: 120.909px; height: 47px;\">BCN Comarques<\/td>\n<\/tr>\n<tr style=\"height: 47px;\">\n<td style=\"width: 107.273px; height: 47px;\"><a href=\"https:\/\/aplicacions.gestioeducativa.gencat.cat\/pls\/soloas\/pk_for_mod_ins.p_for_detall_activitat?p_header=Llista%20d%27activitats%5Epk_for_mod_ins.p_for_cons_activitats?p_any=2020-2021%26p_totes=N%26p_desc=Coeduca%2527t%2520amb%2520el%2520curr%C3%ADculum%26p_inici=1%26p_excloure_crp_rec=T&amp;p_codi=2005050509&amp;p_curs=2020-2021&amp;p_excloure_crp_rec=T\" target=\"_blank\" rel=\"noopener noreferrer\">2005050509<\/a><\/td>\n<td style=\"width: 330px; height: 47px;\"><b>Coeduca\u2019t amb el curr\u00edculum<\/b><\/td>\n<td style=\"width: 120.909px; height: 47px;\">BCN Comarques<\/td>\n<\/tr>\n<\/tbody>\n<\/table>\n<p>&nbsp;<\/p>\n","protected":false},"excerpt":{"rendered":"<p>Recordeu que les activitats s\u00f3n virtuals i que encara que es faci en un altre Servei Territorial es poden inscriure docents de tot Catalunya, de centres p\u00fablics i concertats, l&#8217;\u00fanica condici\u00f3 \u00e9s que tinguin correu xtec. &nbsp; \u00c0mbit Codi curs Activitat ST que gestiona Ci\u00e8ncies Socials 2004130557 Curr\u00edculum i avaluaci\u00f3 competencial per \u00e0mbits (Ci\u00e8ncies Socials) [&hellip;]<\/p>\n","protected":false},"author":1,"featured_media":0,"parent":0,"menu_order":0,"comment_status":"closed","ping_status":"closed","template":"page-templates\/side-menu.php","meta":{"_bbp_topic_count":0,"_bbp_reply_count":0,"_bbp_total_topic_count":0,"_bbp_total_reply_count":0,"_bbp_voice_count":0,"_bbp_anonymous_reply_count":0,"_bbp_topic_count_hidden":0,"_bbp_reply_count_hidden":0,"_bbp_forum_subforum_count":0,"site-sidebar-layout":"default","site-content-layout":"","ast-site-content-layout":"","site-content-style":"default","site-sidebar-style":"default","ast-global-header-display":"","ast-banner-title-visibility":"","ast-main-header-display":"","ast-hfb-above-header-display":"","ast-hfb-below-header-display":"","ast-hfb-mobile-header-display":"","site-post-title":"","ast-breadcrumbs-content":"","ast-featured-img":"","footer-sml-layout":"","theme-transparent-header-meta":"","adv-header-id-meta":"","stick-header-meta":"","header-above-stick-meta":"","header-main-stick-meta":"","header-below-stick-meta":"","astra-migrate-meta-layouts":"default","ast-page-background-enabled":"default","ast-page-background-meta":{"desktop":{"background-color":"var(--ast-global-color-4)","background-image":"","background-repeat":"repeat","background-position":"center center","background-size":"auto","background-attachment":"scroll","background-type":"","background-media":"","overlay-type":"","overlay-color":"","overlay-opacity":"","overlay-gradient":""},"tablet":{"background-color":"","background-image":"","background-repeat":"repeat","background-position":"center center","background-size":"auto","background-attachment":"scroll","background-type":"","background-media":"","overlay-type":"","overlay-color":"","overlay-opacity":"","overlay-gradient":""},"mobile":{"background-color":"","background-image":"","background-repeat":"repeat","background-position":"center center","background-size":"auto","background-attachment":"scroll","background-type":"","background-media":"","overlay-type":"","overlay-color":"","overlay-opacity":"","overlay-gradient":""}},"ast-content-background-meta":{"desktop":{"background-color":"var(--ast-global-color-5)","background-image":"","background-repeat":"repeat","background-position":"center center","background-size":"auto","background-attachment":"scroll","background-type":"","background-media":"","overlay-type":"","overlay-color":"","overlay-opacity":"","overlay-gradient":""},"tablet":{"background-color":"var(--ast-global-color-5)","background-image":"","background-repeat":"repeat","background-position":"center center","background-size":"auto","background-attachment":"scroll","background-type":"","background-media":"","overlay-type":"","overlay-color":"","overlay-opacity":"","overlay-gradient":""},"mobile":{"background-color":"var(--ast-global-color-5)","background-image":"","background-repeat":"repeat","background-position":"center center","background-size":"auto","background-attachment":"scroll","background-type":"","background-media":"","overlay-type":"","overlay-color":"","overlay-opacity":"","overlay-gradient":""}},"footnotes":""},"class_list":["post-13557","page","type-page","status-publish","hentry"],"post_mailing_queue_ids":[],"_links":{"self":[{"href":"https:\/\/serveiseducatius.xtec.cat\/hospitalet\/wp-json\/wp\/v2\/pages\/13557","targetHints":{"allow":["GET"]}}],"collection":[{"href":"https:\/\/serveiseducatius.xtec.cat\/hospitalet\/wp-json\/wp\/v2\/pages"}],"about":[{"href":"https:\/\/serveiseducatius.xtec.cat\/hospitalet\/wp-json\/wp\/v2\/types\/page"}],"author":[{"embeddable":true,"href":"https:\/\/serveiseducatius.xtec.cat\/hospitalet\/wp-json\/wp\/v2\/users\/1"}],"replies":[{"embeddable":true,"href":"https:\/\/serveiseducatius.xtec.cat\/hospitalet\/wp-json\/wp\/v2\/comments?post=13557"}],"version-history":[{"count":3,"href":"https:\/\/serveiseducatius.xtec.cat\/hospitalet\/wp-json\/wp\/v2\/pages\/13557\/revisions"}],"predecessor-version":[{"id":14972,"href":"https:\/\/serveiseducatius.xtec.cat\/hospitalet\/wp-json\/wp\/v2\/pages\/13557\/revisions\/14972"}],"wp:attachment":[{"href":"https:\/\/serveiseducatius.xtec.cat\/hospitalet\/wp-json\/wp\/v2\/media?parent=13557"}],"curies":[{"name":"wp","href":"https:\/\/api.w.org\/{rel}","templated":true}]}}