{"id":13548,"date":"2019-07-16T17:16:26","date_gmt":"2019-07-16T15:16:26","guid":{"rendered":"http:\/\/serveiseducatius.xtec.cat\/hospitalet\/?page_id=13548"},"modified":"2019-07-16T18:21:28","modified_gmt":"2019-07-16T16:21:28","slug":"activitats-formatives-per-modalitats-pfz-de-lhospitalet-2019-20","status":"publish","type":"page","link":"https:\/\/serveiseducatius.xtec.cat\/hospitalet\/activitats-formatives-per-modalitats-pfz-de-lhospitalet-2019-20\/","title":{"rendered":"Activitats formatives per modalitats. PFZ de l&#8217;Hospitalet 2019-20"},"content":{"rendered":"<h5 style=\"padding-left: 80px;\"><a href=\"https:\/\/serveiseducatius.xtec.cat\/hospitalet\/wp-content\/uploads\/usu542\/2016\/07\/PFZRGB200.jpg\"><img loading=\"lazy\" decoding=\"async\" class=\"size-full wp-image-8631 alignleft\" src=\"https:\/\/serveiseducatius.xtec.cat\/hospitalet\/wp-content\/uploads\/usu542\/2016\/07\/PFZRGB200.jpg\" alt=\"\" width=\"200\" height=\"165\" \/><\/a><\/h5>\n<table>\n<tbody>\n<tr>\n<td>\n<h6>Formaci\u00f3 per al professorat de diversos centres<\/h6>\n<\/td>\n<td style=\"width: 250px;\">\n<h6>Formaci\u00f3 en el propi centre<\/h6>\n<\/td>\n<\/tr>\n<tr>\n<td style=\"width: 269px;\"><a href=\"https:\/\/aplicacions.gestioeducativa.gencat.cat\/pls\/soloas\/pk_for_mod_ins.p_for_cons_activitats?p_any=2019-2020&amp;p_modalitat=21&amp;p_totes=s&amp;p_poblacio=08101\" target=\"_blank\" rel=\"noopener noreferrer\"><span style=\"color: #3366ff;\"><strong>Seminaris de coordinaci\u00f3<\/strong><\/span><\/a><\/td>\n<td style=\"width: 250px;\"><a href=\"https:\/\/aplicacions.gestioeducativa.gencat.cat\/pls\/soloas\/pk_for_mod_ins.p_for_cons_activitats?p_any=2019-2020&amp;p_modalitat=80&amp;p_totes=s&amp;p_poblacio=08101\" target=\"_blank\" rel=\"noopener noreferrer\"><span style=\"color: #3366ff;\"><strong>Assessoraments<\/strong><\/span><\/a><\/td>\n<\/tr>\n<tr>\n<td style=\"width: 269px;\"><a href=\"https:\/\/aplicacions.gestioeducativa.gencat.cat\/pls\/soloas\/pk_for_mod_ins.p_for_cons_activitats?p_any=2019-2020&amp;p_modalitat=10&amp;p_totes=s&amp;p_poblacio=08101\" target=\"_blank\" rel=\"noopener noreferrer\"><span style=\"color: #3366ff;\"><strong>Cursos<\/strong><\/span><\/a><\/td>\n<td style=\"width: 250px;\"><a href=\"https:\/\/aplicacions.gestioeducativa.gencat.cat\/pls\/soloas\/pk_for_mod_ins.p_for_cons_activitats?p_any=2019-2020&amp;p_modalitat=14&amp;p_totes=s&amp;p_poblacio=08101\" target=\"_blank\" rel=\"noopener noreferrer\"><span style=\"color: #3366ff;\"><strong>Tallers a centre<\/strong><\/span><\/a><\/td>\n<\/tr>\n<tr>\n<td style=\"width: 269px;\"><a href=\"https:\/\/aplicacions.gestioeducativa.gencat.cat\/pls\/soloas\/pk_for_mod_ins.p_for_cons_activitats?p_any=2019-2020&amp;p_modalitat=23&amp;p_totes=s&amp;p_poblacio=08101\" target=\"_blank\" rel=\"noopener noreferrer\"><span style=\"color: #3366ff;\"><strong>Tallers<\/strong><\/span><\/a><\/td>\n<td style=\"width: 250px;\"><a href=\"https:\/\/aplicacions.gestioeducativa.gencat.cat\/pls\/soloas\/pk_for_mod_ins.p_for_cons_activitats?p_any=2019-2020&amp;p_modalitat=81&amp;p_totes=s&amp;p_poblacio=08101\" target=\"_blank\" rel=\"noopener noreferrer\"><span style=\"color: #3366ff;\"><strong>FIC\u00a0<\/strong><\/span><\/a><\/td>\n<\/tr>\n<tr>\n<td style=\"width: 269px;\"><a href=\"https:\/\/aplicacions.gestioeducativa.gencat.cat\/pls\/soloas\/pk_for_mod_ins.p_for_cons_activitats?p_any=2019-2020&amp;p_modalitat=30&amp;p_totes=s&amp;p_poblacio=08101\" target=\"_blank\" rel=\"noopener noreferrer\"><span style=\"color: #3366ff;\"><strong>Grups de treball<\/strong><\/span><\/a><\/td>\n<td style=\"width: 250px;\"><\/td>\n<\/tr>\n<\/tbody>\n<\/table>\n<p style=\"padding-left: 120px;\">\n","protected":false},"excerpt":{"rendered":"<p>Formaci\u00f3 per al professorat de diversos centres Formaci\u00f3 en el propi centre Seminaris de coordinaci\u00f3 Assessoraments Cursos Tallers a centre Tallers FIC\u00a0 Grups de treball<\/p>\n","protected":false},"author":1,"featured_media":0,"parent":0,"menu_order":0,"comment_status":"closed","ping_status":"closed","template":"page-templates\/side-menu.php","meta":{"_bbp_topic_count":0,"_bbp_reply_count":0,"_bbp_total_topic_count":0,"_bbp_total_reply_count":0,"_bbp_voice_count":0,"_bbp_anonymous_reply_count":0,"_bbp_topic_count_hidden":0,"_bbp_reply_count_hidden":0,"_bbp_forum_subforum_count":0,"site-sidebar-layout":"default","site-content-layout":"","ast-site-content-layout":"","site-content-style":"default","site-sidebar-style":"default","ast-global-header-display":"","ast-banner-title-visibility":"","ast-main-header-display":"","ast-hfb-above-header-display":"","ast-hfb-below-header-display":"","ast-hfb-mobile-header-display":"","site-post-title":"","ast-breadcrumbs-content":"","ast-featured-img":"","footer-sml-layout":"","theme-transparent-header-meta":"","adv-header-id-meta":"","stick-header-meta":"","header-above-stick-meta":"","header-main-stick-meta":"","header-below-stick-meta":"","astra-migrate-meta-layouts":"default","ast-page-background-enabled":"default","ast-page-background-meta":{"desktop":{"background-color":"var(--ast-global-color-4)","background-image":"","background-repeat":"repeat","background-position":"center center","background-size":"auto","background-attachment":"scroll","background-type":"","background-media":"","overlay-type":"","overlay-color":"","overlay-opacity":"","overlay-gradient":""},"tablet":{"background-color":"","background-image":"","background-repeat":"repeat","background-position":"center center","background-size":"auto","background-attachment":"scroll","background-type":"","background-media":"","overlay-type":"","overlay-color":"","overlay-opacity":"","overlay-gradient":""},"mobile":{"background-color":"","background-image":"","background-repeat":"repeat","background-position":"center center","background-size":"auto","background-attachment":"scroll","background-type":"","background-media":"","overlay-type":"","overlay-color":"","overlay-opacity":"","overlay-gradient":""}},"ast-content-background-meta":{"desktop":{"background-color":"var(--ast-global-color-5)","background-image":"","background-repeat":"repeat","background-position":"center center","background-size":"auto","background-attachment":"scroll","background-type":"","background-media":"","overlay-type":"","overlay-color":"","overlay-opacity":"","overlay-gradient":""},"tablet":{"background-color":"var(--ast-global-color-5)","background-image":"","background-repeat":"repeat","background-position":"center center","background-size":"auto","background-attachment":"scroll","background-type":"","background-media":"","overlay-type":"","overlay-color":"","overlay-opacity":"","overlay-gradient":""},"mobile":{"background-color":"var(--ast-global-color-5)","background-image":"","background-repeat":"repeat","background-position":"center center","background-size":"auto","background-attachment":"scroll","background-type":"","background-media":"","overlay-type":"","overlay-color":"","overlay-opacity":"","overlay-gradient":""}},"footnotes":""},"class_list":["post-13548","page","type-page","status-publish","hentry"],"post_mailing_queue_ids":[],"_links":{"self":[{"href":"https:\/\/serveiseducatius.xtec.cat\/hospitalet\/wp-json\/wp\/v2\/pages\/13548","targetHints":{"allow":["GET"]}}],"collection":[{"href":"https:\/\/serveiseducatius.xtec.cat\/hospitalet\/wp-json\/wp\/v2\/pages"}],"about":[{"href":"https:\/\/serveiseducatius.xtec.cat\/hospitalet\/wp-json\/wp\/v2\/types\/page"}],"author":[{"embeddable":true,"href":"https:\/\/serveiseducatius.xtec.cat\/hospitalet\/wp-json\/wp\/v2\/users\/1"}],"replies":[{"embeddable":true,"href":"https:\/\/serveiseducatius.xtec.cat\/hospitalet\/wp-json\/wp\/v2\/comments?post=13548"}],"version-history":[{"count":3,"href":"https:\/\/serveiseducatius.xtec.cat\/hospitalet\/wp-json\/wp\/v2\/pages\/13548\/revisions"}],"predecessor-version":[{"id":13555,"href":"https:\/\/serveiseducatius.xtec.cat\/hospitalet\/wp-json\/wp\/v2\/pages\/13548\/revisions\/13555"}],"wp:attachment":[{"href":"https:\/\/serveiseducatius.xtec.cat\/hospitalet\/wp-json\/wp\/v2\/media?parent=13548"}],"curies":[{"name":"wp","href":"https:\/\/api.w.org\/{rel}","templated":true}]}}