{"id":10953,"date":"2021-09-17T10:03:59","date_gmt":"2021-09-17T08:03:59","guid":{"rendered":"http:\/\/serveiseducatius.xtec.cat\/hospitalet\/?page_id=10953"},"modified":"2024-02-22T11:08:11","modified_gmt":"2024-02-22T10:08:11","slug":"web-baulacreix","status":"publish","type":"page","link":"https:\/\/serveiseducatius.xtec.cat\/hospitalet\/web-baulacreix\/","title":{"rendered":"CDIAP-Baula"},"content":{"rendered":"<h3><a href=\"https:\/\/serveiseducatius.xtec.cat\/hospitalet\/wp-content\/uploads\/usu542\/2021\/09\/descarga.jpg\" target=\"_blank\" rel=\"noopener noreferrer\"><img loading=\"lazy\" decoding=\"async\" class=\"wp-image-16591 aligncenter\" src=\"https:\/\/serveiseducatius.xtec.cat\/hospitalet\/wp-content\/uploads\/usu542\/2021\/09\/descarga.jpg\" alt=\"\" width=\"307\" height=\"172\" \/><\/a><\/h3>\n<h3><a href=\"http:\/\/baulacreix.cat\/\" target=\"_blank\" rel=\"noopener noreferrer\">CDIAP-BAULACREIX. Centre pel Desenvolupament Infantil i Atenci\u00f3 Preco\u00e7 de l&#8217;Hospitalet sccl<\/a><\/h3>\n<p class=\"paragraph_style_1\"><span class=\"style\"><a href=\"https:\/\/baulacreix.cat\/\">Baula<\/a>, CDIAP de l\u2019Hospitalet, \u00e9s un recurs p\u00fablic orientat a la prevenci\u00f3, detecci\u00f3 preco\u00e7 i atenci\u00f3 dels infants que presenten disarmonies, d\u00e8ficits o trastorns en el seu desenvolupament o es troben en situaci\u00f3 de risc de patir-ho.<br \/>\n<\/span><\/p>\n<p class=\"paragraph_style_1\"><span class=\"style\">El CDIAP at\u00e9n als infants d\u2019edats compreses entre el naixament i els sis anys, i les seves fam\u00edlies, de la ciutat de l\u2019Hospitalet.<br \/>\n<\/span><\/p>\n<p class=\"paragraph_style_1\">El CDIAP de l\u2019Hospitalet, \u00e9s un centre concertat i forma part de la Xarxa P\u00fablica de Centres de Desenvolupament Infantil i Atenci\u00f3 Preco\u00e7 de l\u2019Institut Catal\u00e0 d\u2019Assist\u00e8ncia i Serveis Socials del Departament de Benestar i Fam\u00edlia de la Generalitat de Catalunya (amb la col\u00b7laboraci\u00f3 de l\u2019Ajuntament de L\u2019Hospitalet de Llobregat).<\/p>\n","protected":false},"excerpt":{"rendered":"<p>CDIAP-BAULACREIX. Centre pel Desenvolupament Infantil i Atenci\u00f3 Preco\u00e7 de l&#8217;Hospitalet sccl Baula, CDIAP de l\u2019Hospitalet, \u00e9s un recurs p\u00fablic orientat a la prevenci\u00f3, detecci\u00f3 preco\u00e7 i atenci\u00f3 dels infants que presenten disarmonies, d\u00e8ficits o trastorns en el seu desenvolupament o es troben en situaci\u00f3 de risc de patir-ho. El CDIAP at\u00e9n als infants d\u2019edats compreses [&hellip;]<\/p>\n","protected":false},"author":8,"featured_media":0,"parent":0,"menu_order":0,"comment_status":"closed","ping_status":"closed","template":"","meta":{"_bbp_topic_count":0,"_bbp_reply_count":0,"_bbp_total_topic_count":0,"_bbp_total_reply_count":0,"_bbp_voice_count":0,"_bbp_anonymous_reply_count":0,"_bbp_topic_count_hidden":0,"_bbp_reply_count_hidden":0,"_bbp_forum_subforum_count":0,"site-sidebar-layout":"default","site-content-layout":"","ast-site-content-layout":"","site-content-style":"default","site-sidebar-style":"default","ast-global-header-display":"","ast-banner-title-visibility":"","ast-main-header-display":"","ast-hfb-above-header-display":"","ast-hfb-below-header-display":"","ast-hfb-mobile-header-display":"","site-post-title":"","ast-breadcrumbs-content":"","ast-featured-img":"","footer-sml-layout":"","theme-transparent-header-meta":"","adv-header-id-meta":"","stick-header-meta":"","header-above-stick-meta":"","header-main-stick-meta":"","header-below-stick-meta":"","astra-migrate-meta-layouts":"default","ast-page-background-enabled":"default","ast-page-background-meta":{"desktop":{"background-color":"var(--ast-global-color-4)","background-image":"","background-repeat":"repeat","background-position":"center center","background-size":"auto","background-attachment":"scroll","background-type":"","background-media":"","overlay-type":"","overlay-color":"","overlay-opacity":"","overlay-gradient":""},"tablet":{"background-color":"","background-image":"","background-repeat":"repeat","background-position":"center center","background-size":"auto","background-attachment":"scroll","background-type":"","background-media":"","overlay-type":"","overlay-color":"","overlay-opacity":"","overlay-gradient":""},"mobile":{"background-color":"","background-image":"","background-repeat":"repeat","background-position":"center center","background-size":"auto","background-attachment":"scroll","background-type":"","background-media":"","overlay-type":"","overlay-color":"","overlay-opacity":"","overlay-gradient":""}},"ast-content-background-meta":{"desktop":{"background-color":"var(--ast-global-color-5)","background-image":"","background-repeat":"repeat","background-position":"center center","background-size":"auto","background-attachment":"scroll","background-type":"","background-media":"","overlay-type":"","overlay-color":"","overlay-opacity":"","overlay-gradient":""},"tablet":{"background-color":"var(--ast-global-color-5)","background-image":"","background-repeat":"repeat","background-position":"center center","background-size":"auto","background-attachment":"scroll","background-type":"","background-media":"","overlay-type":"","overlay-color":"","overlay-opacity":"","overlay-gradient":""},"mobile":{"background-color":"var(--ast-global-color-5)","background-image":"","background-repeat":"repeat","background-position":"center center","background-size":"auto","background-attachment":"scroll","background-type":"","background-media":"","overlay-type":"","overlay-color":"","overlay-opacity":"","overlay-gradient":""}},"footnotes":""},"class_list":["post-10953","page","type-page","status-publish","hentry"],"post_mailing_queue_ids":[],"_links":{"self":[{"href":"https:\/\/serveiseducatius.xtec.cat\/hospitalet\/wp-json\/wp\/v2\/pages\/10953","targetHints":{"allow":["GET"]}}],"collection":[{"href":"https:\/\/serveiseducatius.xtec.cat\/hospitalet\/wp-json\/wp\/v2\/pages"}],"about":[{"href":"https:\/\/serveiseducatius.xtec.cat\/hospitalet\/wp-json\/wp\/v2\/types\/page"}],"author":[{"embeddable":true,"href":"https:\/\/serveiseducatius.xtec.cat\/hospitalet\/wp-json\/wp\/v2\/users\/8"}],"replies":[{"embeddable":true,"href":"https:\/\/serveiseducatius.xtec.cat\/hospitalet\/wp-json\/wp\/v2\/comments?post=10953"}],"version-history":[{"count":3,"href":"https:\/\/serveiseducatius.xtec.cat\/hospitalet\/wp-json\/wp\/v2\/pages\/10953\/revisions"}],"predecessor-version":[{"id":16633,"href":"https:\/\/serveiseducatius.xtec.cat\/hospitalet\/wp-json\/wp\/v2\/pages\/10953\/revisions\/16633"}],"wp:attachment":[{"href":"https:\/\/serveiseducatius.xtec.cat\/hospitalet\/wp-json\/wp\/v2\/media?parent=10953"}],"curies":[{"name":"wp","href":"https:\/\/api.w.org\/{rel}","templated":true}]}}