{"id":10951,"date":"2017-11-04T18:03:45","date_gmt":"2017-11-04T17:03:45","guid":{"rendered":"http:\/\/serveiseducatius.xtec.cat\/hospitalet\/?page_id=10951"},"modified":"2024-02-22T11:07:05","modified_gmt":"2024-02-22T10:07:05","slug":"web-csmij","status":"publish","type":"page","link":"https:\/\/serveiseducatius.xtec.cat\/hospitalet\/web-csmij\/","title":{"rendered":"Web CSMIJ"},"content":{"rendered":"<h3><a href=\"http:\/\/www.fundacioorienta.com\/csmij-hospitalet\/\" target=\"_blank\" rel=\"noopener noreferrer\"><img loading=\"lazy\" decoding=\"async\" class=\"alignleft wp-image-11212\" src=\"http:\/\/serveiseducatius.xtec.cat\/hospitalet\/wp-content\/uploads\/usu542\/2017\/11\/Logo-orienta.png\" alt=\"\" width=\"261\" height=\"134\" \/>CENTRE DE SALUT MENTAL INFANTIL I JUVENIL<\/a><\/h3>\n<p><em>Qu\u00e8 \u00e9s un CSMIJ?<\/em><\/p>\n<p>\u00c9s un servei assistencial\u00a0<strong>p\u00fablic\u00a0<\/strong>que ofereix\u00a0<strong>intervencions preventives, diagn\u00f2stiques i assistencials\u00a0especialitzades en salut mental a nens i nenes o b\u00e9 joves<\/strong>\u00a0fins als 17 anys i a les seves fam\u00edlies.<\/p>\n<p>L\u2019objectiu \u00e9s donar resposta a les necessitats dels infants o adolescents amb problemes emocionals que pateixen algun trastorn mental o tenen risc de patir-lo. Aquests problemes poden dificultar l\u2019evoluci\u00f3 normal i cal abordar-los des d\u2019un\u00a0<strong>vessant professional<\/strong>.<\/p>\n<p><em>Zones que compr\u00e8n el CSMIJ de l&#8217;Hospitalet<\/em><\/p>\n<p><strong>CSMIJ Nord<\/strong> compr\u00e8n les \u00e0rees seg\u00fcents: La Torrassa, Collblanc, La Florida i Pubilla Cases.<br \/>\n<a href=\"https:\/\/www.google.com\/maps\/search\/C%2FTorns+18-20,+08904+Hospitalet+de+Llobregat?entry=gmail&amp;source=g\">C\/Torns 18-20, 08904 Hospitalet de Llobregat<\/a><br \/>\n\ud83d\udcde 93 595 41 88<\/p>\n<p><strong>CSMIJ Sud <\/strong>compr\u00e8n les \u00e0rees seg\u00fcents: Zona Centre, Can Serra, El Gornal, Sant Josep, Santa Eulalia i Bellvitge.<br \/>\n<a href=\"https:\/\/www.google.com\/maps\/search\/Pla%C3%A7a+Francesc+Maci%C3%A0+1-2,+08901+Hospitalet+de+Llobregat?entry=gmail&amp;source=g\" target=\"_blank\" rel=\"noopener\">Pla\u00e7a Francesc Maci\u00e0 1-2, 08901 Hospitalet de Llobregat<\/a>.<br \/>\n\ud83d\udcde 93 260 08 10<\/p>\n<p><strong>\u00a0<\/strong><\/p>\n","protected":false},"excerpt":{"rendered":"<p>CENTRE DE SALUT MENTAL INFANTIL I JUVENIL Qu\u00e8 \u00e9s un CSMIJ? \u00c9s un servei assistencial\u00a0p\u00fablic\u00a0que ofereix\u00a0intervencions preventives, diagn\u00f2stiques i assistencials\u00a0especialitzades en salut mental a nens i nenes o b\u00e9 joves\u00a0fins als 17 anys i a les seves fam\u00edlies. L\u2019objectiu \u00e9s donar resposta a les necessitats dels infants o adolescents amb problemes emocionals que pateixen algun [&hellip;]<\/p>\n","protected":false},"author":8,"featured_media":0,"parent":0,"menu_order":0,"comment_status":"closed","ping_status":"closed","template":"","meta":{"_bbp_topic_count":0,"_bbp_reply_count":0,"_bbp_total_topic_count":0,"_bbp_total_reply_count":0,"_bbp_voice_count":0,"_bbp_anonymous_reply_count":0,"_bbp_topic_count_hidden":0,"_bbp_reply_count_hidden":0,"_bbp_forum_subforum_count":0,"site-sidebar-layout":"default","site-content-layout":"","ast-site-content-layout":"","site-content-style":"default","site-sidebar-style":"default","ast-global-header-display":"","ast-banner-title-visibility":"","ast-main-header-display":"","ast-hfb-above-header-display":"","ast-hfb-below-header-display":"","ast-hfb-mobile-header-display":"","site-post-title":"","ast-breadcrumbs-content":"","ast-featured-img":"","footer-sml-layout":"","theme-transparent-header-meta":"","adv-header-id-meta":"","stick-header-meta":"","header-above-stick-meta":"","header-main-stick-meta":"","header-below-stick-meta":"","astra-migrate-meta-layouts":"default","ast-page-background-enabled":"default","ast-page-background-meta":{"desktop":{"background-color":"var(--ast-global-color-4)","background-image":"","background-repeat":"repeat","background-position":"center center","background-size":"auto","background-attachment":"scroll","background-type":"","background-media":"","overlay-type":"","overlay-color":"","overlay-opacity":"","overlay-gradient":""},"tablet":{"background-color":"","background-image":"","background-repeat":"repeat","background-position":"center center","background-size":"auto","background-attachment":"scroll","background-type":"","background-media":"","overlay-type":"","overlay-color":"","overlay-opacity":"","overlay-gradient":""},"mobile":{"background-color":"","background-image":"","background-repeat":"repeat","background-position":"center center","background-size":"auto","background-attachment":"scroll","background-type":"","background-media":"","overlay-type":"","overlay-color":"","overlay-opacity":"","overlay-gradient":""}},"ast-content-background-meta":{"desktop":{"background-color":"var(--ast-global-color-5)","background-image":"","background-repeat":"repeat","background-position":"center center","background-size":"auto","background-attachment":"scroll","background-type":"","background-media":"","overlay-type":"","overlay-color":"","overlay-opacity":"","overlay-gradient":""},"tablet":{"background-color":"var(--ast-global-color-5)","background-image":"","background-repeat":"repeat","background-position":"center center","background-size":"auto","background-attachment":"scroll","background-type":"","background-media":"","overlay-type":"","overlay-color":"","overlay-opacity":"","overlay-gradient":""},"mobile":{"background-color":"var(--ast-global-color-5)","background-image":"","background-repeat":"repeat","background-position":"center center","background-size":"auto","background-attachment":"scroll","background-type":"","background-media":"","overlay-type":"","overlay-color":"","overlay-opacity":"","overlay-gradient":""}},"footnotes":""},"class_list":["post-10951","page","type-page","status-publish","hentry"],"post_mailing_queue_ids":[],"_links":{"self":[{"href":"https:\/\/serveiseducatius.xtec.cat\/hospitalet\/wp-json\/wp\/v2\/pages\/10951","targetHints":{"allow":["GET"]}}],"collection":[{"href":"https:\/\/serveiseducatius.xtec.cat\/hospitalet\/wp-json\/wp\/v2\/pages"}],"about":[{"href":"https:\/\/serveiseducatius.xtec.cat\/hospitalet\/wp-json\/wp\/v2\/types\/page"}],"author":[{"embeddable":true,"href":"https:\/\/serveiseducatius.xtec.cat\/hospitalet\/wp-json\/wp\/v2\/users\/8"}],"replies":[{"embeddable":true,"href":"https:\/\/serveiseducatius.xtec.cat\/hospitalet\/wp-json\/wp\/v2\/comments?post=10951"}],"version-history":[{"count":2,"href":"https:\/\/serveiseducatius.xtec.cat\/hospitalet\/wp-json\/wp\/v2\/pages\/10951\/revisions"}],"predecessor-version":[{"id":16631,"href":"https:\/\/serveiseducatius.xtec.cat\/hospitalet\/wp-json\/wp\/v2\/pages\/10951\/revisions\/16631"}],"wp:attachment":[{"href":"https:\/\/serveiseducatius.xtec.cat\/hospitalet\/wp-json\/wp\/v2\/media?parent=10951"}],"curies":[{"name":"wp","href":"https:\/\/api.w.org\/{rel}","templated":true}]}}