{"id":10903,"date":"2017-11-04T17:44:30","date_gmt":"2017-11-04T16:44:30","guid":{"rendered":"http:\/\/serveiseducatius.xtec.cat\/hospitalet\/?page_id=10903"},"modified":"2024-02-22T11:07:58","modified_gmt":"2024-02-22T10:07:58","slug":"discalculia","status":"publish","type":"page","link":"https:\/\/serveiseducatius.xtec.cat\/hospitalet\/transtorns-daprenentatge\/discalculia\/","title":{"rendered":"Discalc\u00falia"},"content":{"rendered":"<p><img loading=\"lazy\" decoding=\"async\" class=\"alignleft size-full wp-image-10977\" src=\"http:\/\/serveiseducatius.xtec.cat\/hospitalet\/wp-content\/uploads\/usu542\/2017\/11\/button_recursos.jpg\" alt=\"\" width=\"113\" height=\"34\" \/><\/p>\n<p>&nbsp;<\/p>\n<p><a href=\"http:\/\/www.discalculia.es\/discalculia\/Inicio.html\" target=\"_blank\" rel=\"noopener noreferrer\"><img loading=\"lazy\" decoding=\"async\" class=\"alignleft size-full wp-image-11080\" src=\"http:\/\/serveiseducatius.xtec.cat\/hospitalet\/wp-content\/uploads\/usu542\/2017\/11\/RECURSOS1-1.jpg\" alt=\"\" width=\"200\" height=\"133\" \/><\/a><\/p>\n<p id=\"sites-page-title-header\" align=\"left\"><a href=\"http:\/\/www.discalculia.es\/discalculia\/Inicio.html\" target=\"_blank\" rel=\"noopener noreferrer\"><span id=\"sites-page-title\" dir=\"ltr\" tabindex=\"-1\">La discalc\u00falia signes d\u2019alerta i intervenci\u00f3.<\/span><\/a><\/p>\n<p>P\u00e0gina web de la Unitat de Diagn\u00f2stic i intervenci\u00f3 de la discalc\u00falia de l\u2019Hospital Vall d\u2019Hebron. Explica qu\u00e8 \u00e9s, els signes d\u2019alerta i la intervenci\u00f3 educativa. Fes\u00a0<a href=\"http:\/\/www.discalculia.es\/discalculia\/Inicio.html\" target=\"_blank\" rel=\"nofollow noopener noreferrer\">clic\u00a0<\/a>sobre la imatge per accedir-hi.<\/p>\n<p>&nbsp;<\/p>\n<p>&nbsp;<\/p>\n<p><img loading=\"lazy\" decoding=\"async\" class=\"alignleft size-full wp-image-10978\" src=\"http:\/\/serveiseducatius.xtec.cat\/hospitalet\/wp-content\/uploads\/usu542\/2017\/11\/button_guies.jpg\" alt=\"\" width=\"87\" height=\"34\" \/><\/p>\n<p>&nbsp;<\/p>\n<p>&nbsp;<\/p>\n<p><a href=\"http:\/\/www.discalculia.es\/discalculia\/Inicio.html\" target=\"_blank\" rel=\"noopener noreferrer\"><img loading=\"lazy\" decoding=\"async\" class=\"alignleft size-full wp-image-11075\" src=\"http:\/\/serveiseducatius.xtec.cat\/hospitalet\/wp-content\/uploads\/usu542\/2017\/11\/GUIA-1.png\" alt=\"\" width=\"194\" height=\"198\" \/><\/a><\/p>\n<p id=\"sites-page-title-header\" align=\"left\"><a href=\"http:\/\/www.discalculia.es\/discalculia\/Inicio.html\" target=\"_blank\" rel=\"noopener noreferrer\"><span id=\"sites-page-title\" dir=\"ltr\" tabindex=\"-1\">Detecci\u00f3 i intervenci\u00f3 de la discalc\u00falia. Grup de treball UAB.<\/span><\/a><\/p>\n<p>P\u00e0gina web del grup de treball sobre la discalc\u00falia format per membres de la Universitat de Barcelona (Facultat de Psiologia). Pots accedir-hi\u00a0<a href=\"http:\/\/www.discalculia.es\/discalculia\/Inicio.html\" target=\"_blank\" rel=\"nofollow noopener noreferrer\">clicant<\/a>\u00a0a sobre la imatge.<\/p>\n<p>&nbsp;<\/p>\n<p>&nbsp;<\/p>\n","protected":false},"excerpt":{"rendered":"<p>&nbsp; La discalc\u00falia signes d\u2019alerta i intervenci\u00f3. P\u00e0gina web de la Unitat de Diagn\u00f2stic i intervenci\u00f3 de la discalc\u00falia de l\u2019Hospital Vall d\u2019Hebron. Explica qu\u00e8 \u00e9s, els signes d\u2019alerta i la intervenci\u00f3 educativa. Fes\u00a0clic\u00a0sobre la imatge per accedir-hi. &nbsp; &nbsp; &nbsp; &nbsp; Detecci\u00f3 i intervenci\u00f3 de la discalc\u00falia. Grup de treball UAB. P\u00e0gina web del [&hellip;]<\/p>\n","protected":false},"author":8,"featured_media":0,"parent":9598,"menu_order":0,"comment_status":"closed","ping_status":"closed","template":"page-templates\/side-menu.php","meta":{"_bbp_topic_count":0,"_bbp_reply_count":0,"_bbp_total_topic_count":0,"_bbp_total_reply_count":0,"_bbp_voice_count":0,"_bbp_anonymous_reply_count":0,"_bbp_topic_count_hidden":0,"_bbp_reply_count_hidden":0,"_bbp_forum_subforum_count":0,"site-sidebar-layout":"default","site-content-layout":"","ast-site-content-layout":"","site-content-style":"default","site-sidebar-style":"default","ast-global-header-display":"","ast-banner-title-visibility":"","ast-main-header-display":"","ast-hfb-above-header-display":"","ast-hfb-below-header-display":"","ast-hfb-mobile-header-display":"","site-post-title":"","ast-breadcrumbs-content":"","ast-featured-img":"","footer-sml-layout":"","theme-transparent-header-meta":"","adv-header-id-meta":"","stick-header-meta":"","header-above-stick-meta":"","header-main-stick-meta":"","header-below-stick-meta":"","astra-migrate-meta-layouts":"default","ast-page-background-enabled":"default","ast-page-background-meta":{"desktop":{"background-color":"var(--ast-global-color-4)","background-image":"","background-repeat":"repeat","background-position":"center center","background-size":"auto","background-attachment":"scroll","background-type":"","background-media":"","overlay-type":"","overlay-color":"","overlay-opacity":"","overlay-gradient":""},"tablet":{"background-color":"","background-image":"","background-repeat":"repeat","background-position":"center center","background-size":"auto","background-attachment":"scroll","background-type":"","background-media":"","overlay-type":"","overlay-color":"","overlay-opacity":"","overlay-gradient":""},"mobile":{"background-color":"","background-image":"","background-repeat":"repeat","background-position":"center center","background-size":"auto","background-attachment":"scroll","background-type":"","background-media":"","overlay-type":"","overlay-color":"","overlay-opacity":"","overlay-gradient":""}},"ast-content-background-meta":{"desktop":{"background-color":"var(--ast-global-color-5)","background-image":"","background-repeat":"repeat","background-position":"center center","background-size":"auto","background-attachment":"scroll","background-type":"","background-media":"","overlay-type":"","overlay-color":"","overlay-opacity":"","overlay-gradient":""},"tablet":{"background-color":"var(--ast-global-color-5)","background-image":"","background-repeat":"repeat","background-position":"center center","background-size":"auto","background-attachment":"scroll","background-type":"","background-media":"","overlay-type":"","overlay-color":"","overlay-opacity":"","overlay-gradient":""},"mobile":{"background-color":"var(--ast-global-color-5)","background-image":"","background-repeat":"repeat","background-position":"center center","background-size":"auto","background-attachment":"scroll","background-type":"","background-media":"","overlay-type":"","overlay-color":"","overlay-opacity":"","overlay-gradient":""}},"footnotes":""},"class_list":["post-10903","page","type-page","status-publish","hentry"],"post_mailing_queue_ids":[],"_links":{"self":[{"href":"https:\/\/serveiseducatius.xtec.cat\/hospitalet\/wp-json\/wp\/v2\/pages\/10903","targetHints":{"allow":["GET"]}}],"collection":[{"href":"https:\/\/serveiseducatius.xtec.cat\/hospitalet\/wp-json\/wp\/v2\/pages"}],"about":[{"href":"https:\/\/serveiseducatius.xtec.cat\/hospitalet\/wp-json\/wp\/v2\/types\/page"}],"author":[{"embeddable":true,"href":"https:\/\/serveiseducatius.xtec.cat\/hospitalet\/wp-json\/wp\/v2\/users\/8"}],"replies":[{"embeddable":true,"href":"https:\/\/serveiseducatius.xtec.cat\/hospitalet\/wp-json\/wp\/v2\/comments?post=10903"}],"version-history":[{"count":1,"href":"https:\/\/serveiseducatius.xtec.cat\/hospitalet\/wp-json\/wp\/v2\/pages\/10903\/revisions"}],"predecessor-version":[{"id":20689,"href":"https:\/\/serveiseducatius.xtec.cat\/hospitalet\/wp-json\/wp\/v2\/pages\/10903\/revisions\/20689"}],"up":[{"embeddable":true,"href":"https:\/\/serveiseducatius.xtec.cat\/hospitalet\/wp-json\/wp\/v2\/pages\/9598"}],"wp:attachment":[{"href":"https:\/\/serveiseducatius.xtec.cat\/hospitalet\/wp-json\/wp\/v2\/media?parent=10903"}],"curies":[{"name":"wp","href":"https:\/\/api.w.org\/{rel}","templated":true}]}}