{"id":9224,"date":"2021-03-24T12:45:48","date_gmt":"2021-03-24T11:45:48","guid":{"rendered":"http:\/\/serveiseducatius.xtec.cat\/horta-guinardo\/?page_id=9224"},"modified":"2026-03-25T09:51:21","modified_gmt":"2026-03-25T08:51:21","slug":"escoles-bressol-2","status":"publish","type":"page","link":"https:\/\/serveiseducatius.xtec.cat\/horta-guinardo\/comunitat\/centres-del-districte-dhg\/escoles-bressol-2\/","title":{"rendered":"Escoles bressol municipals"},"content":{"rendered":"\n<div class=\"wp-block-columns is-layout-flex wp-container-core-columns-is-layout-1 wp-block-columns-is-layout-flex\" style=\"margin-top:0;margin-bottom:0;padding-right:var(--wp--preset--spacing--80);padding-left:var(--wp--preset--spacing--80);font-size:20px\">\n<div class=\"wp-block-column is-layout-flow wp-block-column-is-layout-flow\">\n<p><a href=\"http:\/\/w110.bcn.cat\/portal\/site\/PortalBressol\/menuitem.5f523bfc10b310d4a480a480a2ef8a0c\/?vgnextoid=cba27919b4f4f210VgnVCM10000074fea8c0RCRD&amp;vgnextchannel=cba27919b4f4f210VgnVCM10000074fea8c0RCRD&amp;lang=ca_ES\">ALB\u00cd<\/a><\/p>\n\n\n\n<p><a href=\"http:\/\/w110.bcn.cat\/portal\/site\/PortalBressol\/menuitem.5f523bfc10b310d4a480a480a2ef8a0c\/?vgnextoid=64637919b4f4f210VgnVCM10000074fea8c0RCRD&amp;vgnextchannel=64637919b4f4f210VgnVCM10000074fea8c0RCRD&amp;lang=ca_ES\">CARGOL<\/a><\/p>\n\n\n\n<p><a href=\"https:\/\/ajuntament.barcelona.cat\/escolesbressol\/ebmGUINARDO\">GUINARD\u00d3<\/a><\/p>\n\n\n\n<p><a href=\"http:\/\/w110.bcn.cat\/portal\/site\/PortalBressol\/menuitem.5f523bfc10b310d4a480a480a2ef8a0c\/?vgnextoid=b1647919b4f4f210VgnVCM10000074fea8c0RCRD&amp;vgnextchannel=b1647919b4f4f210VgnVCM10000074fea8c0RCRD&amp;lang=ca_ES\">L&#8217;ARBO\u00c7<\/a><\/p>\n\n\n\n<p><a href=\"http:\/\/w110.bcn.cat\/portal\/site\/PortalBressol\/menuitem.5f523bfc10b310d4a480a480a2ef8a0c\/?vgnextoid=6f367919b4f4f210VgnVCM10000074fea8c0RCRD&amp;vgnextchannel=6f367919b4f4f210VgnVCM10000074fea8c0RCRD&amp;lang=ca_ES\">L&#8217;HARMONIA<\/a><\/p>\n<p><a href=\"http:\/\/w110.bcn.cat\/portal\/site\/PortalBressol\/menuitem.5f523bfc10b310d4a480a480a2ef8a0c\/?vgnextoid=86657919b4f4f210VgnVCM10000074fea8c0RCRD&amp;vgnextchannel=86657919b4f4f210VgnVCM10000074fea8c0RCRD&amp;lang=ca_ES\">L&#8217;ARQUET<\/a><\/p>\n<p><a href=\"http:\/\/w110.bcn.cat\/portal\/site\/PortalBressol\/menuitem.5f523bfc10b310d4a480a480a2ef8a0c\/?vgnextoid=e7177919b4f4f210VgnVCM10000074fea8c0RCRD&amp;vgnextchannel=e7177919b4f4f210VgnVCM10000074fea8c0RCRD&amp;lang=ca_ES\">LLAR D&#8217;INFANT<\/a><\/p>\n<p>\u00a0<\/p>\n<\/div>\n\n\n\n<div class=\"wp-block-column is-layout-flow wp-block-column-is-layout-flow\">\n<p><a href=\"http:\/\/w110.bcn.cat\/portal\/site\/PortalBressol\/menuitem.5f523bfc10b310d4a480a480a2ef8a0c\/?vgnextoid=d9e230eca14be210VgnVCM10000074fea8c0RCRD&amp;vgnextchannel=d9e230eca14be210VgnVCM10000074fea8c0RCRD&amp;lang=ca_ES\">MARINA<\/a><\/p>\n<p><a href=\"http:\/\/w110.bcn.cat\/portal\/site\/PortalBressol\/menuitem.5f523bfc10b310d4a480a480a2ef8a0c\/?vgnextoid=5328bad575f4f210VgnVCM10000074fea8c0RCRD&amp;vgnextchannel=5328bad575f4f210VgnVCM10000074fea8c0RCRD&amp;lang=ca_ES\">MONTSERRAT<\/a><\/p>\n<p><a href=\"http:\/\/w110.bcn.cat\/portal\/site\/PortalBressol\/menuitem.5f523bfc10b310d4a480a480a2ef8a0c\/?vgnextoid=c969bad575f4f210VgnVCM10000074fea8c0RCRD&amp;vgnextchannel=c969bad575f4f210VgnVCM10000074fea8c0RCRD&amp;lang=ca_ES\">SANT GEN\u00cdS<\/a><\/p>\n<p><a href=\"http:\/\/w110.bcn.cat\/portal\/site\/PortalBressol\/menuitem.5f523bfc10b310d4a480a480a2ef8a0c\/?vgnextoid=2f2abad575f4f210VgnVCM10000074fea8c0RCRD&amp;vgnextchannel=2f2abad575f4f210VgnVCM10000074fea8c0RCRD&amp;lang=ca_ES\">TRIS &#8211; TRAS<\/a><\/p>\n<p><a href=\"http:\/\/w110.bcn.cat\/portal\/site\/PortalBressol\/menuitem.5f523bfc10b310d4a480a480a2ef8a0c\/?vgnextoid=0d9330eca14be210VgnVCM10000074fea8c0RCRD&amp;vgnextchannel=0d9330eca14be210VgnVCM10000074fea8c0RCRD&amp;lang=ca_ES\">TRES TURONS<\/a><\/p>\n<p><a href=\"http:\/\/w110.bcn.cat\/portal\/site\/PortalBressol\/menuitem.5f523bfc10b310d4a480a480a2ef8a0c\/?vgnextoid=b84bbad575f4f210VgnVCM10000074fea8c0RCRD&amp;vgnextchannel=b84bbad575f4f210VgnVCM10000074fea8c0RCRD&amp;lang=ca_ES\">VALLDAURA<\/a><\/p>\n<p><a href=\"http:\/\/w110.bcn.cat\/portal\/site\/PortalBressol\/menuitem.5f523bfc10b310d4a480a480a2ef8a0c\/?vgnextoid=540cbad575f4f210VgnVCM10000074fea8c0RCRD&amp;vgnextchannel=540cbad575f4f210VgnVCM10000074fea8c0RCRD&amp;lang=ca_ES\">XARLOT<\/a><\/p>\n<p>\u00a0<\/p>\n<\/div>\n<\/div>\n","protected":false},"excerpt":{"rendered":"<p>ALB\u00cd CARGOL GUINARD\u00d3 L&#8217;ARBO\u00c7 L&#8217;HARMONIA L&#8217;ARQUET LLAR D&#8217;INFANT \u00a0 MARINA MONTSERRAT SANT GEN\u00cdS TRIS &#8211; TRAS TRES TURONS VALLDAURA XARLOT \u00a0<\/p>\n","protected":false},"author":1,"featured_media":0,"parent":8214,"menu_order":0,"comment_status":"closed","ping_status":"closed","template":"","meta":{"_bbp_topic_count":0,"_bbp_reply_count":0,"_bbp_total_topic_count":0,"_bbp_total_reply_count":0,"_bbp_voice_count":0,"_bbp_anonymous_reply_count":0,"_bbp_topic_count_hidden":0,"_bbp_reply_count_hidden":0,"_bbp_forum_subforum_count":0,"site-sidebar-layout":"default","site-content-layout":"","ast-site-content-layout":"default","site-content-style":"default","site-sidebar-style":"default","ast-global-header-display":"","ast-banner-title-visibility":"","ast-main-header-display":"","ast-hfb-above-header-display":"","ast-hfb-below-header-display":"","ast-hfb-mobile-header-display":"","site-post-title":"","ast-breadcrumbs-content":"","ast-featured-img":"","footer-sml-layout":"","theme-transparent-header-meta":"","adv-header-id-meta":"","stick-header-meta":"","header-above-stick-meta":"","header-main-stick-meta":"","header-below-stick-meta":"","astra-migrate-meta-layouts":"set","ast-page-background-enabled":"default","ast-page-background-meta":{"desktop":{"background-color":"var(--ast-global-color-4)","background-image":"","background-repeat":"repeat","background-position":"center center","background-size":"auto","background-attachment":"scroll","background-type":"","background-media":"","overlay-type":"","overlay-color":"","overlay-opacity":"","overlay-gradient":""},"tablet":{"background-color":"","background-image":"","background-repeat":"repeat","background-position":"center center","background-size":"auto","background-attachment":"scroll","background-type":"","background-media":"","overlay-type":"","overlay-color":"","overlay-opacity":"","overlay-gradient":""},"mobile":{"background-color":"","background-image":"","background-repeat":"repeat","background-position":"center center","background-size":"auto","background-attachment":"scroll","background-type":"","background-media":"","overlay-type":"","overlay-color":"","overlay-opacity":"","overlay-gradient":""}},"ast-content-background-meta":{"desktop":{"background-color":"var(--ast-global-color-5)","background-image":"","background-repeat":"repeat","background-position":"center center","background-size":"auto","background-attachment":"scroll","background-type":"","background-media":"","overlay-type":"","overlay-color":"","overlay-opacity":"","overlay-gradient":""},"tablet":{"background-color":"var(--ast-global-color-5)","background-image":"","background-repeat":"repeat","background-position":"center center","background-size":"auto","background-attachment":"scroll","background-type":"","background-media":"","overlay-type":"","overlay-color":"","overlay-opacity":"","overlay-gradient":""},"mobile":{"background-color":"var(--ast-global-color-5)","background-image":"","background-repeat":"repeat","background-position":"center center","background-size":"auto","background-attachment":"scroll","background-type":"","background-media":"","overlay-type":"","overlay-color":"","overlay-opacity":"","overlay-gradient":""}},"footnotes":""},"class_list":["post-9224","page","type-page","status-publish","hentry"],"post_mailing_queue_ids":[],"_links":{"self":[{"href":"https:\/\/serveiseducatius.xtec.cat\/horta-guinardo\/wp-json\/wp\/v2\/pages\/9224","targetHints":{"allow":["GET"]}}],"collection":[{"href":"https:\/\/serveiseducatius.xtec.cat\/horta-guinardo\/wp-json\/wp\/v2\/pages"}],"about":[{"href":"https:\/\/serveiseducatius.xtec.cat\/horta-guinardo\/wp-json\/wp\/v2\/types\/page"}],"author":[{"embeddable":true,"href":"https:\/\/serveiseducatius.xtec.cat\/horta-guinardo\/wp-json\/wp\/v2\/users\/1"}],"replies":[{"embeddable":true,"href":"https:\/\/serveiseducatius.xtec.cat\/horta-guinardo\/wp-json\/wp\/v2\/comments?post=9224"}],"version-history":[{"count":5,"href":"https:\/\/serveiseducatius.xtec.cat\/horta-guinardo\/wp-json\/wp\/v2\/pages\/9224\/revisions"}],"predecessor-version":[{"id":12873,"href":"https:\/\/serveiseducatius.xtec.cat\/horta-guinardo\/wp-json\/wp\/v2\/pages\/9224\/revisions\/12873"}],"up":[{"embeddable":true,"href":"https:\/\/serveiseducatius.xtec.cat\/horta-guinardo\/wp-json\/wp\/v2\/pages\/8214"}],"wp:attachment":[{"href":"https:\/\/serveiseducatius.xtec.cat\/horta-guinardo\/wp-json\/wp\/v2\/media?parent=9224"}],"curies":[{"name":"wp","href":"https:\/\/api.w.org\/{rel}","templated":true}]}}