{"id":9064,"date":"2020-12-02T12:52:04","date_gmt":"2020-12-02T11:52:04","guid":{"rendered":"http:\/\/serveiseducatius.xtec.cat\/horta-guinardo\/?page_id=9064"},"modified":"2025-12-04T13:58:08","modified_gmt":"2025-12-04T12:58:08","slug":"convivencia","status":"publish","type":"page","link":"https:\/\/serveiseducatius.xtec.cat\/horta-guinardo\/convivencia\/","title":{"rendered":"CONVIV\u00c8NCIA"},"content":{"rendered":"<ul>\n<li style=\"list-style-type: none\">\n<ul>\n<li><a href=\"https:\/\/www.edubcn.cat\/ca\/centres_serveis_educatius\/gestio_situacions_de_violencia_i_convivencia\">Gesti\u00f3 de les situacions de viol\u00e8ncia i de conviv\u00e8ncia<\/a><\/li>\n<li><a href=\"https:\/\/www.edubcn.cat\/rcs_gene\/extra\/04_gestio_violencia_convivencia\/20240611_guia_protocols_prevencio_violencia.pdf\">Guia d\u2019actuaci\u00f3 i protocol de prevenci\u00f3 i gesti\u00f3 de situacions de viol\u00e8ncia entre iguals en l\u2019\u00e0mbit educatiu<\/a><\/li>\n<li><a href=\"https:\/\/view.genially.com\/66a378366d916266152aa95f\/presentation-circuitprevencioviolencies\">Circuit d&#8217;actuaci\u00f3, prevenci\u00f3 i gesti\u00f3 de situacions de viol\u00e8ncia entre iguals<\/a><\/li>\n<li>\n<div><a href=\"https:\/\/dixit.gencat.cat\/web\/.content\/home\/04recursos\/02publicacions\/02publicacions_de_bsf\/04_familia_infancia_adolescencia\/protocol_actuacio_departaments\/protocol_maltractament.pdf\">Protocol d&#8217;Actuaci\u00f3 entre els Departaments de Benestar Social i Fam\u00edlia i d&#8217;Ensenyament, de detecci\u00f3, notificaci\u00f3, derivaci\u00f3 i coordinaci\u00f3 de les situacions de maltractament infantil i adolescent en l&#8217;\u00e0mbit educatiu<\/a><\/div>\n<\/li>\n<li>\n<div><a href=\"https:\/\/dretssocials.gencat.cat\/ca\/ambits_tematics\/infancia_i_adolescencia\/proteccio_a_la_infancia_i_ladolescencia\/maltractaments_dinfants_i_adolescents\/registre_unificat_de_maltractaments_infantils_rumi\">Simulador del M\u00f2dul de suport a la Gesti\u00f3 del Risc (SMSGR-RUMI)<\/a><\/div>\n<\/li>\n<li>\n<div><a style=\"font-family: inherit; font-size: 1em;\" href=\"https:\/\/www.edubcn.cat\/rcs_gene\/extra\/04_prevencio_maltractament_infantil\/05_Tipologia_Maltractament_Infantil.pdf\">Tipologies Maltractament<\/a><\/div>\n<\/li>\n<li><a href=\"https:\/\/www.edubcn.cat\/rcs_gene\/extra\/04_circuit_actuacio_risc_autolitic\/01_El_risc_autoliti_als_centres_educatius_prevencio_deteccio_abordatge_20211027_A.pdf\">Protocol d&#8217;actuaci\u00f3 en cas de situacions d&#8217;emerg\u00e8ncies psicosocials en l&#8217;\u00e0mbit escolar del Consorci d&#8217;Educaci\u00f3 de Barcelona<\/a><\/li>\n<\/ul>\n<\/li>\n<\/ul>\n<p>&nbsp;<\/p>\n<p>&nbsp;<\/p>\n","protected":false},"excerpt":{"rendered":"<p>Gesti\u00f3 de les situacions de viol\u00e8ncia i de conviv\u00e8ncia Guia d\u2019actuaci\u00f3 i protocol de prevenci\u00f3 i gesti\u00f3 de situacions de viol\u00e8ncia entre iguals en l\u2019\u00e0mbit educatiu Circuit d&#8217;actuaci\u00f3, prevenci\u00f3 i gesti\u00f3 de situacions de viol\u00e8ncia entre iguals Protocol d&#8217;Actuaci\u00f3 entre els Departaments de Benestar Social i Fam\u00edlia i d&#8217;Ensenyament, de detecci\u00f3, notificaci\u00f3, derivaci\u00f3 i coordinaci\u00f3 [&hellip;]<\/p>\n","protected":false},"author":1,"featured_media":0,"parent":0,"menu_order":0,"comment_status":"closed","ping_status":"closed","template":"","meta":{"_bbp_topic_count":0,"_bbp_reply_count":0,"_bbp_total_topic_count":0,"_bbp_total_reply_count":0,"_bbp_voice_count":0,"_bbp_anonymous_reply_count":0,"_bbp_topic_count_hidden":0,"_bbp_reply_count_hidden":0,"_bbp_forum_subforum_count":0,"site-sidebar-layout":"default","site-content-layout":"","ast-site-content-layout":"default","site-content-style":"default","site-sidebar-style":"default","ast-global-header-display":"","ast-banner-title-visibility":"","ast-main-header-display":"","ast-hfb-above-header-display":"","ast-hfb-below-header-display":"","ast-hfb-mobile-header-display":"","site-post-title":"","ast-breadcrumbs-content":"","ast-featured-img":"","footer-sml-layout":"","theme-transparent-header-meta":"default","adv-header-id-meta":"","stick-header-meta":"","header-above-stick-meta":"","header-main-stick-meta":"","header-below-stick-meta":"","astra-migrate-meta-layouts":"set","ast-page-background-enabled":"default","ast-page-background-meta":{"desktop":{"background-color":"var(--ast-global-color-4)","background-image":"","background-repeat":"repeat","background-position":"center center","background-size":"auto","background-attachment":"scroll","background-type":"","background-media":"","overlay-type":"","overlay-color":"","overlay-opacity":"","overlay-gradient":""},"tablet":{"background-color":"","background-image":"","background-repeat":"repeat","background-position":"center center","background-size":"auto","background-attachment":"scroll","background-type":"","background-media":"","overlay-type":"","overlay-color":"","overlay-opacity":"","overlay-gradient":""},"mobile":{"background-color":"","background-image":"","background-repeat":"repeat","background-position":"center center","background-size":"auto","background-attachment":"scroll","background-type":"","background-media":"","overlay-type":"","overlay-color":"","overlay-opacity":"","overlay-gradient":""}},"ast-content-background-meta":{"desktop":{"background-color":"var(--ast-global-color-5)","background-image":"","background-repeat":"repeat","background-position":"center center","background-size":"auto","background-attachment":"scroll","background-type":"","background-media":"","overlay-type":"","overlay-color":"","overlay-opacity":"","overlay-gradient":""},"tablet":{"background-color":"var(--ast-global-color-5)","background-image":"","background-repeat":"repeat","background-position":"center center","background-size":"auto","background-attachment":"scroll","background-type":"","background-media":"","overlay-type":"","overlay-color":"","overlay-opacity":"","overlay-gradient":""},"mobile":{"background-color":"var(--ast-global-color-5)","background-image":"","background-repeat":"repeat","background-position":"center center","background-size":"auto","background-attachment":"scroll","background-type":"","background-media":"","overlay-type":"","overlay-color":"","overlay-opacity":"","overlay-gradient":""}},"footnotes":""},"class_list":["post-9064","page","type-page","status-publish","hentry"],"post_mailing_queue_ids":[],"_links":{"self":[{"href":"https:\/\/serveiseducatius.xtec.cat\/horta-guinardo\/wp-json\/wp\/v2\/pages\/9064","targetHints":{"allow":["GET"]}}],"collection":[{"href":"https:\/\/serveiseducatius.xtec.cat\/horta-guinardo\/wp-json\/wp\/v2\/pages"}],"about":[{"href":"https:\/\/serveiseducatius.xtec.cat\/horta-guinardo\/wp-json\/wp\/v2\/types\/page"}],"author":[{"embeddable":true,"href":"https:\/\/serveiseducatius.xtec.cat\/horta-guinardo\/wp-json\/wp\/v2\/users\/1"}],"replies":[{"embeddable":true,"href":"https:\/\/serveiseducatius.xtec.cat\/horta-guinardo\/wp-json\/wp\/v2\/comments?post=9064"}],"version-history":[{"count":6,"href":"https:\/\/serveiseducatius.xtec.cat\/horta-guinardo\/wp-json\/wp\/v2\/pages\/9064\/revisions"}],"predecessor-version":[{"id":12558,"href":"https:\/\/serveiseducatius.xtec.cat\/horta-guinardo\/wp-json\/wp\/v2\/pages\/9064\/revisions\/12558"}],"wp:attachment":[{"href":"https:\/\/serveiseducatius.xtec.cat\/horta-guinardo\/wp-json\/wp\/v2\/media?parent=9064"}],"curies":[{"name":"wp","href":"https:\/\/api.w.org\/{rel}","templated":true}]}}